{"id":1018,"date":"2019-01-18T15:06:46","date_gmt":"2019-01-18T15:06:46","guid":{"rendered":"http:\/\/desarrollo.visitnavarra.info\/?page_id=1018"},"modified":"2021-04-30T08:42:01","modified_gmt":"2021-04-30T08:42:01","slug":"alquiler-medios-transporte","status":"publish","type":"page","link":"https:\/\/visitnavarra.info\/visitnavarra\/alquiler-medios-transporte\/","title":{"rendered":"ALQUILER DE MEDIOS DE TRANSPORTE"},"content":{"rendered":"<p>[vc_row][vc_column width=&#8221;1\/1&#8243;][vc_column_text]<strong>DESPLAZAMIENTOS<\/strong><\/p>\n<p>Navarra es una regi\u00f3n en la que los desplazamientos interiores son una ventaja para el turista. Existen cuatro autopistas que cruzan el territorio de Norte a Sur y de Este a Oeste adem\u00e1s de varias carreteras nacionales ideales para las motos y los riders. Estamos hablando de la \u00fanica regi\u00f3n de Espa\u00f1a que ofrece, desde Pamplona y en una hora o menos, monta\u00f1a, mar y desierto. Sin duda es la oferta m\u00e1s diversa del sur de Europa.<\/p>\n<p>Para los visitantes que llegan en avi\u00f3n, lo m\u00e1s recomendable es el alquiler de un coche con o sin conductor o de un autob\u00fas en el caso de los grupos.<\/p>\n<p>En Espa\u00f1a el arrendamiento de veh\u00edculos con conductor para el transporte de viajeros se encuentra regulado para ofrecer las m\u00e1ximas garant\u00edas y seguridad al cliente.<\/p>\n<p>Este tipo de servicio se ofrece con veh\u00edculos de alta gama, 24 horas los 365 d\u00edas del a\u00f1o, con puntualidad, seriedad y discreci\u00f3n, en el \u00e1mbito nacional e internacional.<\/p>\n<p>&nbsp;<\/p>\n<p><strong>AVI\u00d3N<\/strong><\/p>\n<p><strong><img loading=\"lazy\" decoding=\"async\" class=\"size-medium wp-image-1019 alignright\" src=\"http:\/\/desarrollo.visitnavarra.info\/wp-content\/uploads\/2019\/01\/dareva-aero-300x151.jpg\" alt=\"\" width=\"300\" height=\"151\" \/>DAREVA AERO<\/strong><\/p>\n<ul>\n<li>Moderno avi\u00f3n SOATA TBM 850 con tecnolog\u00eda de turbina, para 4\u00a0 pasajeros o excepcionalmente 5.<\/li>\n<li>Coste operativo mucha m\u00e1s competitivo para usuarios que necesitan optimizar su vuelo.<\/li>\n<li>Techo operativo de 31.000 pies y velocidad de 600km\/h<\/li>\n<li>Opera tanto en grandes como peque\u00f1os aeropuertos o aer\u00f3dromos<\/li>\n<li>2 pilotos y 1 t\u00e9cnico de alta experiencia ofrecen los servicios, en vuelo y a pi\u00e9 de avi\u00f3n, que el pasajero pueda requerir<\/li>\n<\/ul>\n<p>&nbsp;<\/p>\n<p style=\"text-align: center;\"><strong>CONTACTO \/ RESERVAS<\/strong><br \/>\nEntidad \/ empresa: DAREVA AERO<br \/>\nContacto: C\u00e9sar Santesteban<br \/>\nTel\u00e9fono: (+34) 609 494 811<br \/>\nMail: <a href=\"mailto:cesar@acinversiones.es\">cesar@acinversiones.es<\/a><br \/>\nFacebook: <a href=\"https:\/\/www.facebook.com\/Avionprivadopamplona\/\">avionprivadopamplona<\/a><\/p>\n<p>&nbsp;<\/p>\n<p><strong>VEH\u00cdCULOS ALTA GAMA<\/strong><\/p>\n<p><strong>EDSA<\/strong><\/p>\n<ul>\n<li>Alquiler de veh\u00edculos de alta gama con conductor<\/li>\n<li>Traslados exclusivos y personalizados<\/li>\n<li>Autobuses y microbuses<\/li>\n<li>Recogidas en aeropuertos, bodas, rutas tur\u00edsticas, apoyo peregrinos en Camino de<br \/>\nSantiago&#8230;<\/li>\n<li>Equipo humano con experiencia y profesionalidad demostrable<\/li>\n<\/ul>\n<p>&nbsp;<\/p>\n<p style=\"text-align: center;\"><strong>CONTACTO \/ RESERVAS<br \/>\n<\/strong>Entidad \/ empresa: EDSA CARS<br \/>\nTel\u00e9fono: (+34) 948 131 933<br \/>\nMail: sergio@edsacars.com<br \/>\nWeb: www.edsacars.com<strong><br \/>\n<\/strong><\/p>\n<p>&nbsp;<\/p>\n<p><strong>AUTOBUSES<\/strong><\/p>\n<p><strong>AUTOBUSES PARRA<\/strong><\/p>\n<ul>\n<li>Moderna Flota con los \u00faltimos avances<\/li>\n<li>Turismos de Alta Gama y Totalmente equipados<\/li>\n<li>Monovol\u00famenes adaptadas para grupos, familias y PMR<\/li>\n<li>Desplazamientos grandes grupos desde 19 a 72 plazas<\/li>\n<\/ul>\n<p>&nbsp;<\/p>\n<p style=\"text-align: center;\"><strong>CONTACTO \/ RESERVAS<br \/>\n<\/strong>Entidad \/ empresa: AUTOBUSES PARRA<br \/>\nTel\u00e9fono: (+34) 948 670 331<br \/>\nMail: parra@autobusesparra.com<br \/>\nWeb: www.autobusesparra.com<\/p>\n<p>[\/vc_column_text][\/vc_column][\/vc_row]<\/p>\n","protected":false},"excerpt":{"rendered":"<p>[vc_row][vc_column width=&#8221;1\/1&#8243;][vc_column_text]DESPLAZAMIENTOS Navarra es una regi\u00f3n en la que los desplazamientos interiores son una ventaja para el turista. Existen cuatro autopistas que cruzan el territorio de Norte a Sur y de Este a Oeste adem\u00e1s de varias carreteras nacionales ideales para las motos y los riders. Estamos hablando de la \u00fanica regi\u00f3n de Espa\u00f1a que ofrece, desde Pamplona y en una hora o menos, monta\u00f1a, mar y desierto. Sin duda es la oferta m\u00e1s diversa del sur de Europa. Para los visitantes que llegan en avi\u00f3n, lo m\u00e1s recomendable es el alquiler de un coche con o sin conductor o de un autob\u00fas en el caso de los grupos. En Espa\u00f1a el arrendamiento de veh\u00edculos con conductor para el transporte de viajeros se encuentra regulado para ofrecer las m\u00e1ximas garant\u00edas y seguridad al cliente. Este tipo de servicio se ofrece con veh\u00edculos de alta gama, 24 horas los 365 d\u00edas del a\u00f1o, con puntualidad, seriedad y discreci\u00f3n, en el \u00e1mbito nacional e internacional. &nbsp; AVI\u00d3N DAREVA AERO Moderno avi\u00f3n SOATA TBM 850 con tecnolog\u00eda de turbina, para 4\u00a0 pasajeros o excepcionalmente 5. Coste operativo mucha m\u00e1s competitivo para usuarios que necesitan optimizar su vuelo. Techo operativo de 31.000 pies y [&hellip;]<\/p>\n","protected":false},"author":1,"featured_media":0,"parent":0,"menu_order":0,"comment_status":"closed","ping_status":"closed","template":"","meta":{"footnotes":""},"class_list":["post-1018","page","type-page","status-publish","hentry"],"yoast_head":"<!-- This site is optimized with the Yoast SEO plugin v23.5 - https:\/\/yoast.com\/wordpress\/plugins\/seo\/ -->\n<title>ALQUILER DE MEDIOS DE TRANSPORTE - VisitNavarra<\/title>\n<meta name=\"description\" content=\"Navarra es una regi\u00f3n en la que los desplazamientos interiores son una ventaja para el turista. Existen 4 autopistas que cruzan el territorio.\" \/>\n<meta name=\"robots\" content=\"index, follow, max-snippet:-1, max-image-preview:large, max-video-preview:-1\" \/>\n<link rel=\"canonical\" href=\"https:\/\/visitnavarra.info\/visitnavarra\/alquiler-medios-transporte\/\" \/>\n<meta property=\"og:locale\" content=\"es_ES\" \/>\n<meta property=\"og:type\" content=\"article\" \/>\n<meta property=\"og:title\" content=\"ALQUILER DE MEDIOS DE TRANSPORTE - VisitNavarra\" \/>\n<meta property=\"og:description\" content=\"Navarra es una regi\u00f3n en la que los desplazamientos interiores son una ventaja para el turista. Existen 4 autopistas que cruzan el territorio.\" \/>\n<meta property=\"og:url\" content=\"https:\/\/visitnavarra.info\/visitnavarra\/alquiler-medios-transporte\/\" \/>\n<meta property=\"og:site_name\" content=\"VisitNavarra\" \/>\n<meta property=\"article:modified_time\" content=\"2021-04-30T08:42:01+00:00\" \/>\n<meta property=\"og:image\" content=\"http:\/\/desarrollo.visitnavarra.info\/wp-content\/uploads\/2019\/01\/dareva-aero-300x151.jpg\" \/>\n<meta name=\"twitter:card\" content=\"summary_large_image\" \/>\n<meta name=\"twitter:label1\" content=\"Tiempo de lectura\" \/>\n\t<meta name=\"twitter:data1\" content=\"2 minutos\" \/>\n<script type=\"application\/ld+json\" class=\"yoast-schema-graph\">{\"@context\":\"https:\/\/schema.org\",\"@graph\":[{\"@type\":\"WebPage\",\"@id\":\"https:\/\/visitnavarra.info\/visitnavarra\/alquiler-medios-transporte\/\",\"url\":\"https:\/\/visitnavarra.info\/visitnavarra\/alquiler-medios-transporte\/\",\"name\":\"ALQUILER DE MEDIOS DE TRANSPORTE - VisitNavarra\",\"isPartOf\":{\"@id\":\"https:\/\/visitnavarra.info\/visitnavarra\/#website\"},\"primaryImageOfPage\":{\"@id\":\"https:\/\/visitnavarra.info\/visitnavarra\/alquiler-medios-transporte\/#primaryimage\"},\"image\":{\"@id\":\"https:\/\/visitnavarra.info\/visitnavarra\/alquiler-medios-transporte\/#primaryimage\"},\"thumbnailUrl\":\"http:\/\/desarrollo.visitnavarra.info\/wp-content\/uploads\/2019\/01\/dareva-aero-300x151.jpg\",\"datePublished\":\"2019-01-18T15:06:46+00:00\",\"dateModified\":\"2021-04-30T08:42:01+00:00\",\"description\":\"Navarra es una regi\u00f3n en la que los desplazamientos interiores son una ventaja para el turista. Existen 4 autopistas que cruzan el territorio.\",\"breadcrumb\":{\"@id\":\"https:\/\/visitnavarra.info\/visitnavarra\/alquiler-medios-transporte\/#breadcrumb\"},\"inLanguage\":\"es\",\"potentialAction\":[{\"@type\":\"ReadAction\",\"target\":[\"https:\/\/visitnavarra.info\/visitnavarra\/alquiler-medios-transporte\/\"]}]},{\"@type\":\"ImageObject\",\"inLanguage\":\"es\",\"@id\":\"https:\/\/visitnavarra.info\/visitnavarra\/alquiler-medios-transporte\/#primaryimage\",\"url\":\"http:\/\/desarrollo.visitnavarra.info\/wp-content\/uploads\/2019\/01\/dareva-aero-300x151.jpg\",\"contentUrl\":\"http:\/\/desarrollo.visitnavarra.info\/wp-content\/uploads\/2019\/01\/dareva-aero-300x151.jpg\"},{\"@type\":\"BreadcrumbList\",\"@id\":\"https:\/\/visitnavarra.info\/visitnavarra\/alquiler-medios-transporte\/#breadcrumb\",\"itemListElement\":[{\"@type\":\"ListItem\",\"position\":1,\"name\":\"Portada\",\"item\":\"https:\/\/visitnavarra.info\/visitnavarra\/\"},{\"@type\":\"ListItem\",\"position\":2,\"name\":\"ALQUILER DE MEDIOS DE TRANSPORTE\"}]},{\"@type\":\"WebSite\",\"@id\":\"https:\/\/visitnavarra.info\/visitnavarra\/#website\",\"url\":\"https:\/\/visitnavarra.info\/visitnavarra\/\",\"name\":\"VisitNavarra\",\"description\":\"Alojamiento y experiencias tur\u00edsticas en Navarra; qu\u00e9 visitar en Navarra; comer en Navarra\",\"potentialAction\":[{\"@type\":\"SearchAction\",\"target\":{\"@type\":\"EntryPoint\",\"urlTemplate\":\"https:\/\/visitnavarra.info\/visitnavarra\/?s={search_term_string}\"},\"query-input\":{\"@type\":\"PropertyValueSpecification\",\"valueRequired\":true,\"valueName\":\"search_term_string\"}}],\"inLanguage\":\"es\"}]}<\/script>\n<!-- \/ Yoast SEO plugin. -->","yoast_head_json":{"title":"ALQUILER DE MEDIOS DE TRANSPORTE - VisitNavarra","description":"Navarra es una regi\u00f3n en la que los desplazamientos interiores son una ventaja para el turista. Existen 4 autopistas que cruzan el territorio.","robots":{"index":"index","follow":"follow","max-snippet":"max-snippet:-1","max-image-preview":"max-image-preview:large","max-video-preview":"max-video-preview:-1"},"canonical":"https:\/\/visitnavarra.info\/visitnavarra\/alquiler-medios-transporte\/","og_locale":"es_ES","og_type":"article","og_title":"ALQUILER DE MEDIOS DE TRANSPORTE - VisitNavarra","og_description":"Navarra es una regi\u00f3n en la que los desplazamientos interiores son una ventaja para el turista. Existen 4 autopistas que cruzan el territorio.","og_url":"https:\/\/visitnavarra.info\/visitnavarra\/alquiler-medios-transporte\/","og_site_name":"VisitNavarra","article_modified_time":"2021-04-30T08:42:01+00:00","og_image":[{"url":"http:\/\/desarrollo.visitnavarra.info\/wp-content\/uploads\/2019\/01\/dareva-aero-300x151.jpg"}],"twitter_card":"summary_large_image","twitter_misc":{"Tiempo de lectura":"2 minutos"},"schema":{"@context":"https:\/\/schema.org","@graph":[{"@type":"WebPage","@id":"https:\/\/visitnavarra.info\/visitnavarra\/alquiler-medios-transporte\/","url":"https:\/\/visitnavarra.info\/visitnavarra\/alquiler-medios-transporte\/","name":"ALQUILER DE MEDIOS DE TRANSPORTE - VisitNavarra","isPartOf":{"@id":"https:\/\/visitnavarra.info\/visitnavarra\/#website"},"primaryImageOfPage":{"@id":"https:\/\/visitnavarra.info\/visitnavarra\/alquiler-medios-transporte\/#primaryimage"},"image":{"@id":"https:\/\/visitnavarra.info\/visitnavarra\/alquiler-medios-transporte\/#primaryimage"},"thumbnailUrl":"http:\/\/desarrollo.visitnavarra.info\/wp-content\/uploads\/2019\/01\/dareva-aero-300x151.jpg","datePublished":"2019-01-18T15:06:46+00:00","dateModified":"2021-04-30T08:42:01+00:00","description":"Navarra es una regi\u00f3n en la que los desplazamientos interiores son una ventaja para el turista. Existen 4 autopistas que cruzan el territorio.","breadcrumb":{"@id":"https:\/\/visitnavarra.info\/visitnavarra\/alquiler-medios-transporte\/#breadcrumb"},"inLanguage":"es","potentialAction":[{"@type":"ReadAction","target":["https:\/\/visitnavarra.info\/visitnavarra\/alquiler-medios-transporte\/"]}]},{"@type":"ImageObject","inLanguage":"es","@id":"https:\/\/visitnavarra.info\/visitnavarra\/alquiler-medios-transporte\/#primaryimage","url":"http:\/\/desarrollo.visitnavarra.info\/wp-content\/uploads\/2019\/01\/dareva-aero-300x151.jpg","contentUrl":"http:\/\/desarrollo.visitnavarra.info\/wp-content\/uploads\/2019\/01\/dareva-aero-300x151.jpg"},{"@type":"BreadcrumbList","@id":"https:\/\/visitnavarra.info\/visitnavarra\/alquiler-medios-transporte\/#breadcrumb","itemListElement":[{"@type":"ListItem","position":1,"name":"Portada","item":"https:\/\/visitnavarra.info\/visitnavarra\/"},{"@type":"ListItem","position":2,"name":"ALQUILER DE MEDIOS DE TRANSPORTE"}]},{"@type":"WebSite","@id":"https:\/\/visitnavarra.info\/visitnavarra\/#website","url":"https:\/\/visitnavarra.info\/visitnavarra\/","name":"VisitNavarra","description":"Alojamiento y experiencias tur\u00edsticas en Navarra; qu\u00e9 visitar en Navarra; comer en Navarra","potentialAction":[{"@type":"SearchAction","target":{"@type":"EntryPoint","urlTemplate":"https:\/\/visitnavarra.info\/visitnavarra\/?s={search_term_string}"},"query-input":{"@type":"PropertyValueSpecification","valueRequired":true,"valueName":"search_term_string"}}],"inLanguage":"es"}]}},"_links":{"self":[{"href":"https:\/\/visitnavarra.info\/visitnavarra\/wp-json\/wp\/v2\/pages\/1018","targetHints":{"allow":["GET"]}}],"collection":[{"href":"https:\/\/visitnavarra.info\/visitnavarra\/wp-json\/wp\/v2\/pages"}],"about":[{"href":"https:\/\/visitnavarra.info\/visitnavarra\/wp-json\/wp\/v2\/types\/page"}],"author":[{"embeddable":true,"href":"https:\/\/visitnavarra.info\/visitnavarra\/wp-json\/wp\/v2\/users\/1"}],"replies":[{"embeddable":true,"href":"https:\/\/visitnavarra.info\/visitnavarra\/wp-json\/wp\/v2\/comments?post=1018"}],"version-history":[{"count":6,"href":"https:\/\/visitnavarra.info\/visitnavarra\/wp-json\/wp\/v2\/pages\/1018\/revisions"}],"predecessor-version":[{"id":10403,"href":"https:\/\/visitnavarra.info\/visitnavarra\/wp-json\/wp\/v2\/pages\/1018\/revisions\/10403"}],"wp:attachment":[{"href":"https:\/\/visitnavarra.info\/visitnavarra\/wp-json\/wp\/v2\/media?parent=1018"}],"curies":[{"name":"wp","href":"https:\/\/api.w.org\/{rel}","templated":true}]}}