{"id":10241,"date":"2021-04-16T10:05:12","date_gmt":"2021-04-16T10:05:12","guid":{"rendered":"https:\/\/visitnavarra.info\/visitnavarra\/?page_id=10241"},"modified":"2023-11-06T14:59:49","modified_gmt":"2023-11-06T14:59:49","slug":"las-estrellas-en-el-desierto-de-las-bardenas","status":"publish","type":"page","link":"https:\/\/visitnavarra.info\/visitnavarra\/las-estrellas-en-el-desierto-de-las-bardenas\/","title":{"rendered":"Las estrellas en el desierto de las Bardenas"},"content":{"rendered":"<p>[vc_row][vc_column width=&#8221;1\/1&#8243;][vc_column_text]<img loading=\"lazy\" decoding=\"async\" class=\"size-full wp-image-10234 alignleft\" src=\"https:\/\/visitnavarra.info\/visitnavarra\/wp-content\/uploads\/2021\/04\/las-estrellas-desierto-bardenas.jpg\" alt=\"\" width=\"250\" height=\"250\" srcset=\"https:\/\/visitnavarra.info\/visitnavarra\/wp-content\/uploads\/2021\/04\/las-estrellas-desierto-bardenas.jpg 250w, https:\/\/visitnavarra.info\/visitnavarra\/wp-content\/uploads\/2021\/04\/las-estrellas-desierto-bardenas-150x150.jpg 150w, https:\/\/visitnavarra.info\/visitnavarra\/wp-content\/uploads\/2021\/04\/las-estrellas-desierto-bardenas-80x80.jpg 80w\" sizes=\"auto, (max-width: 250px) 100vw, 250px\" \/><\/p>\n<p><strong>Observaci\u00f3n Astron\u00f3mica Nocturna en el entorno de Bardenas Reales<\/strong><br \/>\nExperiencia de turismo estelar, ideal para familias y grupos.<br \/>\nVive la magia de mirar las estrellas desde RuralSuite Hotel Apartamentos.<br \/>\nLa ubicaci\u00f3n de nuestro hotel en un entorno natural y privado ofrece un marco incomparable para disfrutar de esta experiencia sin contaminaci\u00f3n lum\u00ednica<br \/>\nUn viaje guiado de miles de kil\u00f3metros usando nuestros ojos y a la ayuda de un profesional para comprender las maravillas de un cielo estrellado.<br \/>\nUn monitor experto se encargar\u00e1 del desarrollo de la actividad, realizar\u00e1 talleres de reconocimiento de constelaciones y del uso del planisferio as\u00ed como la observaci\u00f3n de objetos mediante un telescopio refractor de 150mm y prism\u00e1ticos de largo alcance.<\/p>\n<p><strong>Actividad exclusiva para grupos<\/strong><\/p>\n<ul>\n<li>Precio a consultar<\/li>\n<li>Duraci\u00f3n aproximada: 2,5h<\/li>\n<li>Grupos m\u00e1ximo 40 personas<\/li>\n<\/ul>\n<p>[\/vc_column_text][\/vc_column][\/vc_row][vc_row][vc_column width=&#8221;1\/2&#8243;]<div class=\"single_image wpb_content_element align-right    \" data-animation=\"none\" data-delay=\"0\"><img loading=\"lazy\" decoding=\"async\" width=\"483\" height=\"214\" src=\"https:\/\/visitnavarra.info\/visitnavarra\/wp-content\/uploads\/2023\/11\/logo-activa-experience-nuevo.jpg\" class=\"attachment-full\" alt=\"Logo de la Empresa Activa Experience de Turismo activo, agencia de viajes y servicios de producci\u00f3n de cine\" srcset=\"https:\/\/visitnavarra.info\/visitnavarra\/wp-content\/uploads\/2023\/11\/logo-activa-experience-nuevo.jpg 483w, https:\/\/visitnavarra.info\/visitnavarra\/wp-content\/uploads\/2023\/11\/logo-activa-experience-nuevo-300x133.jpg 300w, https:\/\/visitnavarra.info\/visitnavarra\/wp-content\/uploads\/2023\/11\/logo-activa-experience-nuevo-320x142.jpg 320w, https:\/\/visitnavarra.info\/visitnavarra\/wp-content\/uploads\/2023\/11\/logo-activa-experience-nuevo-480x213.jpg 480w\" sizes=\"auto, (max-width: 483px) 100vw, 483px\" \/><\/div>[\/vc_column][vc_column width=&#8221;1\/2&#8243;][vc_column_text]<strong>Entidad \/ empresa:<\/strong> ACTIVA EXPERIENCE<br \/>\n<strong>Direcci\u00f3n<\/strong>: Ctra N121C, Tudela &#8211; Tarazona, km 7, 7, 31520 Cascante, Navarra<br \/>\n<strong>Tel\u00e9fono<\/strong>: (+34) 948 850 448 | (+34) 654 500 512<br \/>\n<strong>Persona Contacto:<\/strong> Stefania Guinea<br \/>\n<strong>Mail<\/strong>: <a href=\"mailto:info@activaexperience.com\" target=\"_blank\" rel=\"noopener\">info@activaexperience.com<\/a><br \/>\n<strong>Web<\/strong>: <a href=\"http:\/\/www.activaexperience.com\" target=\"_blank\" rel=\"noopener\">www.activaexperience.com<\/a><br \/>\n<strong>N\u00ba Registro Turismo<\/strong>: UETAC0015[\/vc_column_text][\/vc_column][\/vc_row]<\/p>\n","protected":false},"excerpt":{"rendered":"<p>[vc_row][vc_column width=&#8221;1\/1&#8243;][vc_column_text] Observaci\u00f3n Astron\u00f3mica Nocturna en el entorno de Bardenas Reales Experiencia de turismo estelar, ideal para familias y grupos. Vive la magia de mirar las estrellas desde RuralSuite Hotel Apartamentos. La ubicaci\u00f3n de nuestro hotel en un entorno natural y privado ofrece un marco incomparable para disfrutar de esta experiencia sin contaminaci\u00f3n lum\u00ednica Un viaje guiado de miles de kil\u00f3metros usando nuestros ojos y a la ayuda de un profesional para comprender las maravillas de un cielo estrellado. Un monitor experto se encargar\u00e1 del desarrollo de la actividad, realizar\u00e1 talleres de reconocimiento de constelaciones y del uso del planisferio as\u00ed como la observaci\u00f3n de objetos mediante un telescopio refractor de 150mm y prism\u00e1ticos de largo alcance. Actividad exclusiva para grupos Precio a consultar Duraci\u00f3n aproximada: 2,5h Grupos m\u00e1ximo 40 personas [\/vc_column_text][\/vc_column][\/vc_row][vc_row][vc_column width=&#8221;1\/2&#8243;][\/vc_column][vc_column width=&#8221;1\/2&#8243;][vc_column_text]Entidad \/ empresa: ACTIVA EXPERIENCE Direcci\u00f3n: Ctra N121C, Tudela &#8211; Tarazona, km 7, 7, 31520 Cascante, Navarra Tel\u00e9fono: (+34) 948 850 448 | (+34) 654 500 512 Persona Contacto: Stefania Guinea Mail: info@activaexperience.com Web: www.activaexperience.com N\u00ba Registro Turismo: UETAC0015[\/vc_column_text][\/vc_column][\/vc_row]<\/p>\n","protected":false},"author":1,"featured_media":0,"parent":0,"menu_order":0,"comment_status":"closed","ping_status":"closed","template":"","meta":{"footnotes":""},"class_list":["post-10241","page","type-page","status-publish","hentry"],"yoast_head":"<!-- This site is optimized with the Yoast SEO plugin v23.5 - https:\/\/yoast.com\/wordpress\/plugins\/seo\/ -->\n<title>Las estrellas en el desierto de las Bardenas - VisitNavarra<\/title>\n<meta name=\"description\" content=\"Las estrellas en el desierto de las Bardenas. Experiencia de turismo estelar, ideal para familias y grupos.\" \/>\n<meta name=\"robots\" content=\"index, follow, max-snippet:-1, max-image-preview:large, max-video-preview:-1\" \/>\n<link rel=\"canonical\" href=\"https:\/\/visitnavarra.info\/visitnavarra\/las-estrellas-en-el-desierto-de-las-bardenas\/\" \/>\n<meta property=\"og:locale\" content=\"es_ES\" \/>\n<meta property=\"og:type\" content=\"article\" \/>\n<meta property=\"og:title\" content=\"Las estrellas en el desierto de las Bardenas - VisitNavarra\" \/>\n<meta property=\"og:description\" content=\"Las estrellas en el desierto de las Bardenas. Experiencia de turismo estelar, ideal para familias y grupos.\" \/>\n<meta property=\"og:url\" content=\"https:\/\/visitnavarra.info\/visitnavarra\/las-estrellas-en-el-desierto-de-las-bardenas\/\" \/>\n<meta property=\"og:site_name\" content=\"VisitNavarra\" \/>\n<meta property=\"article:modified_time\" content=\"2023-11-06T14:59:49+00:00\" \/>\n<meta property=\"og:image\" content=\"https:\/\/visitnavarra.info\/visitnavarra\/wp-content\/uploads\/2021\/04\/las-estrellas-desierto-bardenas.jpg\" \/>\n<meta name=\"twitter:card\" content=\"summary_large_image\" \/>\n<meta name=\"twitter:label1\" content=\"Tiempo de lectura\" \/>\n\t<meta name=\"twitter:data1\" content=\"1 minuto\" \/>\n<script type=\"application\/ld+json\" class=\"yoast-schema-graph\">{\"@context\":\"https:\/\/schema.org\",\"@graph\":[{\"@type\":\"WebPage\",\"@id\":\"https:\/\/visitnavarra.info\/visitnavarra\/las-estrellas-en-el-desierto-de-las-bardenas\/\",\"url\":\"https:\/\/visitnavarra.info\/visitnavarra\/las-estrellas-en-el-desierto-de-las-bardenas\/\",\"name\":\"Las estrellas en el desierto de las Bardenas - VisitNavarra\",\"isPartOf\":{\"@id\":\"https:\/\/visitnavarra.info\/visitnavarra\/#website\"},\"primaryImageOfPage\":{\"@id\":\"https:\/\/visitnavarra.info\/visitnavarra\/las-estrellas-en-el-desierto-de-las-bardenas\/#primaryimage\"},\"image\":{\"@id\":\"https:\/\/visitnavarra.info\/visitnavarra\/las-estrellas-en-el-desierto-de-las-bardenas\/#primaryimage\"},\"thumbnailUrl\":\"https:\/\/visitnavarra.info\/visitnavarra\/wp-content\/uploads\/2021\/04\/las-estrellas-desierto-bardenas.jpg\",\"datePublished\":\"2021-04-16T10:05:12+00:00\",\"dateModified\":\"2023-11-06T14:59:49+00:00\",\"description\":\"Las estrellas en el desierto de las Bardenas. Experiencia de turismo estelar, ideal para familias y grupos.\",\"breadcrumb\":{\"@id\":\"https:\/\/visitnavarra.info\/visitnavarra\/las-estrellas-en-el-desierto-de-las-bardenas\/#breadcrumb\"},\"inLanguage\":\"es\",\"potentialAction\":[{\"@type\":\"ReadAction\",\"target\":[\"https:\/\/visitnavarra.info\/visitnavarra\/las-estrellas-en-el-desierto-de-las-bardenas\/\"]}]},{\"@type\":\"ImageObject\",\"inLanguage\":\"es\",\"@id\":\"https:\/\/visitnavarra.info\/visitnavarra\/las-estrellas-en-el-desierto-de-las-bardenas\/#primaryimage\",\"url\":\"https:\/\/visitnavarra.info\/visitnavarra\/wp-content\/uploads\/2021\/04\/las-estrellas-desierto-bardenas.jpg\",\"contentUrl\":\"https:\/\/visitnavarra.info\/visitnavarra\/wp-content\/uploads\/2021\/04\/las-estrellas-desierto-bardenas.jpg\",\"width\":250,\"height\":250},{\"@type\":\"BreadcrumbList\",\"@id\":\"https:\/\/visitnavarra.info\/visitnavarra\/las-estrellas-en-el-desierto-de-las-bardenas\/#breadcrumb\",\"itemListElement\":[{\"@type\":\"ListItem\",\"position\":1,\"name\":\"Portada\",\"item\":\"https:\/\/visitnavarra.info\/visitnavarra\/\"},{\"@type\":\"ListItem\",\"position\":2,\"name\":\"Las estrellas en el desierto de las Bardenas\"}]},{\"@type\":\"WebSite\",\"@id\":\"https:\/\/visitnavarra.info\/visitnavarra\/#website\",\"url\":\"https:\/\/visitnavarra.info\/visitnavarra\/\",\"name\":\"VisitNavarra\",\"description\":\"Alojamiento y experiencias tur\u00edsticas en Navarra; qu\u00e9 visitar en Navarra; comer en Navarra\",\"potentialAction\":[{\"@type\":\"SearchAction\",\"target\":{\"@type\":\"EntryPoint\",\"urlTemplate\":\"https:\/\/visitnavarra.info\/visitnavarra\/?s={search_term_string}\"},\"query-input\":{\"@type\":\"PropertyValueSpecification\",\"valueRequired\":true,\"valueName\":\"search_term_string\"}}],\"inLanguage\":\"es\"}]}<\/script>\n<!-- \/ Yoast SEO plugin. -->","yoast_head_json":{"title":"Las estrellas en el desierto de las Bardenas - VisitNavarra","description":"Las estrellas en el desierto de las Bardenas. Experiencia de turismo estelar, ideal para familias y grupos.","robots":{"index":"index","follow":"follow","max-snippet":"max-snippet:-1","max-image-preview":"max-image-preview:large","max-video-preview":"max-video-preview:-1"},"canonical":"https:\/\/visitnavarra.info\/visitnavarra\/las-estrellas-en-el-desierto-de-las-bardenas\/","og_locale":"es_ES","og_type":"article","og_title":"Las estrellas en el desierto de las Bardenas - VisitNavarra","og_description":"Las estrellas en el desierto de las Bardenas. Experiencia de turismo estelar, ideal para familias y grupos.","og_url":"https:\/\/visitnavarra.info\/visitnavarra\/las-estrellas-en-el-desierto-de-las-bardenas\/","og_site_name":"VisitNavarra","article_modified_time":"2023-11-06T14:59:49+00:00","og_image":[{"url":"https:\/\/visitnavarra.info\/visitnavarra\/wp-content\/uploads\/2021\/04\/las-estrellas-desierto-bardenas.jpg"}],"twitter_card":"summary_large_image","twitter_misc":{"Tiempo de lectura":"1 minuto"},"schema":{"@context":"https:\/\/schema.org","@graph":[{"@type":"WebPage","@id":"https:\/\/visitnavarra.info\/visitnavarra\/las-estrellas-en-el-desierto-de-las-bardenas\/","url":"https:\/\/visitnavarra.info\/visitnavarra\/las-estrellas-en-el-desierto-de-las-bardenas\/","name":"Las estrellas en el desierto de las Bardenas - VisitNavarra","isPartOf":{"@id":"https:\/\/visitnavarra.info\/visitnavarra\/#website"},"primaryImageOfPage":{"@id":"https:\/\/visitnavarra.info\/visitnavarra\/las-estrellas-en-el-desierto-de-las-bardenas\/#primaryimage"},"image":{"@id":"https:\/\/visitnavarra.info\/visitnavarra\/las-estrellas-en-el-desierto-de-las-bardenas\/#primaryimage"},"thumbnailUrl":"https:\/\/visitnavarra.info\/visitnavarra\/wp-content\/uploads\/2021\/04\/las-estrellas-desierto-bardenas.jpg","datePublished":"2021-04-16T10:05:12+00:00","dateModified":"2023-11-06T14:59:49+00:00","description":"Las estrellas en el desierto de las Bardenas. Experiencia de turismo estelar, ideal para familias y grupos.","breadcrumb":{"@id":"https:\/\/visitnavarra.info\/visitnavarra\/las-estrellas-en-el-desierto-de-las-bardenas\/#breadcrumb"},"inLanguage":"es","potentialAction":[{"@type":"ReadAction","target":["https:\/\/visitnavarra.info\/visitnavarra\/las-estrellas-en-el-desierto-de-las-bardenas\/"]}]},{"@type":"ImageObject","inLanguage":"es","@id":"https:\/\/visitnavarra.info\/visitnavarra\/las-estrellas-en-el-desierto-de-las-bardenas\/#primaryimage","url":"https:\/\/visitnavarra.info\/visitnavarra\/wp-content\/uploads\/2021\/04\/las-estrellas-desierto-bardenas.jpg","contentUrl":"https:\/\/visitnavarra.info\/visitnavarra\/wp-content\/uploads\/2021\/04\/las-estrellas-desierto-bardenas.jpg","width":250,"height":250},{"@type":"BreadcrumbList","@id":"https:\/\/visitnavarra.info\/visitnavarra\/las-estrellas-en-el-desierto-de-las-bardenas\/#breadcrumb","itemListElement":[{"@type":"ListItem","position":1,"name":"Portada","item":"https:\/\/visitnavarra.info\/visitnavarra\/"},{"@type":"ListItem","position":2,"name":"Las estrellas en el desierto de las Bardenas"}]},{"@type":"WebSite","@id":"https:\/\/visitnavarra.info\/visitnavarra\/#website","url":"https:\/\/visitnavarra.info\/visitnavarra\/","name":"VisitNavarra","description":"Alojamiento y experiencias tur\u00edsticas en Navarra; qu\u00e9 visitar en Navarra; comer en Navarra","potentialAction":[{"@type":"SearchAction","target":{"@type":"EntryPoint","urlTemplate":"https:\/\/visitnavarra.info\/visitnavarra\/?s={search_term_string}"},"query-input":{"@type":"PropertyValueSpecification","valueRequired":true,"valueName":"search_term_string"}}],"inLanguage":"es"}]}},"_links":{"self":[{"href":"https:\/\/visitnavarra.info\/visitnavarra\/wp-json\/wp\/v2\/pages\/10241","targetHints":{"allow":["GET"]}}],"collection":[{"href":"https:\/\/visitnavarra.info\/visitnavarra\/wp-json\/wp\/v2\/pages"}],"about":[{"href":"https:\/\/visitnavarra.info\/visitnavarra\/wp-json\/wp\/v2\/types\/page"}],"author":[{"embeddable":true,"href":"https:\/\/visitnavarra.info\/visitnavarra\/wp-json\/wp\/v2\/users\/1"}],"replies":[{"embeddable":true,"href":"https:\/\/visitnavarra.info\/visitnavarra\/wp-json\/wp\/v2\/comments?post=10241"}],"version-history":[{"count":2,"href":"https:\/\/visitnavarra.info\/visitnavarra\/wp-json\/wp\/v2\/pages\/10241\/revisions"}],"predecessor-version":[{"id":13066,"href":"https:\/\/visitnavarra.info\/visitnavarra\/wp-json\/wp\/v2\/pages\/10241\/revisions\/13066"}],"wp:attachment":[{"href":"https:\/\/visitnavarra.info\/visitnavarra\/wp-json\/wp\/v2\/media?parent=10241"}],"curies":[{"name":"wp","href":"https:\/\/api.w.org\/{rel}","templated":true}]}}