{"id":10322,"date":"2021-04-19T14:06:24","date_gmt":"2021-04-19T14:06:24","guid":{"rendered":"https:\/\/visitnavarra.info\/visitnavarra\/?page_id=10322"},"modified":"2023-11-06T15:02:33","modified_gmt":"2023-11-06T15:02:33","slug":"rutas-para-pedalear-en-familia","status":"publish","type":"page","link":"https:\/\/visitnavarra.info\/visitnavarra\/rutas-para-pedalear-en-familia\/","title":{"rendered":"Rutas para pedalear en familia"},"content":{"rendered":"<p>[vc_row][vc_column width=&#8221;1\/1&#8243;][vc_column_text]<a href=\"https:\/\/visitnavarra.info\/visitnavarra\/wp-content\/uploads\/2021\/04\/pedalear-familia.bmp\"><img loading=\"lazy\" decoding=\"async\" class=\" wp-image-10323 alignleft\" src=\"https:\/\/visitnavarra.info\/visitnavarra\/wp-content\/uploads\/2021\/04\/pedalear-familia-300x107.bmp\" alt=\"\" width=\"463\" height=\"165\" srcset=\"https:\/\/visitnavarra.info\/visitnavarra\/wp-content\/uploads\/2021\/04\/pedalear-familia-300x107.bmp 300w, https:\/\/visitnavarra.info\/visitnavarra\/wp-content\/uploads\/2021\/04\/pedalear-familia-1024x365.bmp 1024w, https:\/\/visitnavarra.info\/visitnavarra\/wp-content\/uploads\/2021\/04\/pedalear-familia-768x274.bmp 768w, https:\/\/visitnavarra.info\/visitnavarra\/wp-content\/uploads\/2021\/04\/pedalear-familia.bmp 1315w\" sizes=\"auto, (max-width: 463px) 100vw, 463px\" \/><\/a>La V\u00eda Verde del Tarazonica surge del antiguo recorrido de tren que un\u00eda Tudela con Tarazona. Sus 22km de recorrido con un leve desnivel de 200m, se han convertido en un espacio ideal para desarrollar desde paseos, carrera continua o interesantes paseos en bicicleta. Durante el recorrido , se pueden apreciar no s\u00f3lo la belleza del entorno natural que la rodea, sino tambi\u00e9n antiguos\u00a0 apeaderos y estaciones de tren.<\/p>\n<p>Un total de 9 itinerarios se\u00f1alizados y adaptados a todo tipo de usuarios, ideal para disfrutar de la pr\u00e1ctica de este deporte, comodo, divertido y sostenible, recorriendo el desierto de las Bardenas Reales.<\/p>\n<p><strong>Alquiler de bicis convencionales y bicis plegables el\u00e9ctricas:<\/strong> Se pliegan en menos de 30 segundos y son muy f\u00e1ciles de transportar. Adem\u00e1s de su gran autonom\u00eda , hasta 70km , os permitir\u00e1n recorrer todo tipo de caminos.<br \/>\nTodas las bicis incluyen: casco, kit de reparaci\u00f3n y botell\u00edn de agua.<\/p>\n<p><strong>BTT adulto: 20\u20ac | Bici el\u00e9ctrica: 50\u20ac | T\u00e1ndem: 40\u20ac | Bici ni\u00f1o\/a: 15\u20ac | Carro Porta Beb\u00e9s (1 o 2 plazas): 20\u20ac | Silla Porta ni\u00f1os: 12\u20ac<\/strong>[\/vc_column_text]<div class=\"spacer\" style=\"height: 40px;\"><\/div>[\/vc_column][\/vc_row][vc_row][vc_column width=&#8221;1\/2&#8243;]<div class=\"single_image wpb_content_element align-right    \" data-animation=\"none\" data-delay=\"0\"><img loading=\"lazy\" decoding=\"async\" width=\"483\" height=\"214\" src=\"https:\/\/visitnavarra.info\/visitnavarra\/wp-content\/uploads\/2023\/11\/logo-activa-experience-nuevo.jpg\" class=\"attachment-full\" alt=\"Logo de la Empresa Activa Experience de Turismo activo, agencia de viajes y servicios de producci\u00f3n de cine\" srcset=\"https:\/\/visitnavarra.info\/visitnavarra\/wp-content\/uploads\/2023\/11\/logo-activa-experience-nuevo.jpg 483w, https:\/\/visitnavarra.info\/visitnavarra\/wp-content\/uploads\/2023\/11\/logo-activa-experience-nuevo-300x133.jpg 300w, https:\/\/visitnavarra.info\/visitnavarra\/wp-content\/uploads\/2023\/11\/logo-activa-experience-nuevo-320x142.jpg 320w, https:\/\/visitnavarra.info\/visitnavarra\/wp-content\/uploads\/2023\/11\/logo-activa-experience-nuevo-480x213.jpg 480w\" sizes=\"auto, (max-width: 483px) 100vw, 483px\" \/><\/div>[\/vc_column][vc_column width=&#8221;1\/2&#8243;][vc_column_text]<strong>Entidad \/ empresa:<\/strong> ACTIVA EXPERIENCE<br \/>\n<strong>Direcci\u00f3n<\/strong>: Ctra N121C, Tudela \u2013 Tarazona, km 7, 7, 31520 Cascante, Navarra<br \/>\n<strong>Tel\u00e9fono<\/strong>: (+34) 948 850 448 | (+34) 654 500 512<br \/>\n<strong>Persona Contacto:<\/strong> Stefania Guinea<br \/>\n<strong>Mail:<\/strong> <a href=\"mailto:info@activaexperience.com\" target=\"_blank\" rel=\"noopener\">info@activaexperience.com<\/a><br \/>\n<strong>Web<\/strong>: <a href=\"http:\/\/www.activaexperience.com\" target=\"_blank\" rel=\"noopener\">www.activaexperience.com<\/a><br \/>\n<strong>N\u00ba Registro Turismo:<\/strong> UETAC0015[\/vc_column_text][\/vc_column][\/vc_row]<\/p>\n","protected":false},"excerpt":{"rendered":"<p>[vc_row][vc_column width=&#8221;1\/1&#8243;][vc_column_text]La V\u00eda Verde del Tarazonica surge del antiguo recorrido de tren que un\u00eda Tudela con Tarazona. Sus 22km de recorrido con un leve desnivel de 200m, se han convertido en un espacio ideal para desarrollar desde paseos, carrera continua o interesantes paseos en bicicleta. Durante el recorrido , se pueden apreciar no s\u00f3lo la belleza del entorno natural que la rodea, sino tambi\u00e9n antiguos\u00a0 apeaderos y estaciones de tren. Un total de 9 itinerarios se\u00f1alizados y adaptados a todo tipo de usuarios, ideal para disfrutar de la pr\u00e1ctica de este deporte, comodo, divertido y sostenible, recorriendo el desierto de las Bardenas Reales. Alquiler de bicis convencionales y bicis plegables el\u00e9ctricas: Se pliegan en menos de 30 segundos y son muy f\u00e1ciles de transportar. Adem\u00e1s de su gran autonom\u00eda , hasta 70km , os permitir\u00e1n recorrer todo tipo de caminos. Todas las bicis incluyen: casco, kit de reparaci\u00f3n y botell\u00edn de agua. BTT adulto: 20\u20ac | Bici el\u00e9ctrica: 50\u20ac | T\u00e1ndem: 40\u20ac | Bici ni\u00f1o\/a: 15\u20ac | Carro Porta Beb\u00e9s (1 o 2 plazas): 20\u20ac | Silla Porta ni\u00f1os: 12\u20ac[\/vc_column_text][\/vc_column][\/vc_row][vc_row][vc_column width=&#8221;1\/2&#8243;][\/vc_column][vc_column width=&#8221;1\/2&#8243;][vc_column_text]Entidad \/ empresa: ACTIVA EXPERIENCE Direcci\u00f3n: Ctra N121C, Tudela \u2013 Tarazona, km 7, 7, 31520 Cascante, Navarra Tel\u00e9fono: (+34) [&hellip;]<\/p>\n","protected":false},"author":1,"featured_media":0,"parent":0,"menu_order":0,"comment_status":"closed","ping_status":"closed","template":"","meta":{"footnotes":""},"class_list":["post-10322","page","type-page","status-publish","hentry"],"yoast_head":"<!-- This site is optimized with the Yoast SEO plugin v23.5 - https:\/\/yoast.com\/wordpress\/plugins\/seo\/ -->\n<title>Rutas para pedalear en familia por Navarra - VisitNavarra<\/title>\n<meta name=\"description\" content=\"Rutas para pedalear en familia por Navarra. Durante el recorrido se puede apreciar no s\u00f3lo la belleza del entorno natural que la rodea.\" \/>\n<meta name=\"robots\" content=\"index, follow, max-snippet:-1, max-image-preview:large, max-video-preview:-1\" \/>\n<link rel=\"canonical\" href=\"https:\/\/visitnavarra.info\/visitnavarra\/rutas-para-pedalear-en-familia\/\" \/>\n<meta property=\"og:locale\" content=\"es_ES\" \/>\n<meta property=\"og:type\" content=\"article\" \/>\n<meta property=\"og:title\" content=\"Rutas para pedalear en familia por Navarra - VisitNavarra\" \/>\n<meta property=\"og:description\" content=\"Rutas para pedalear en familia por Navarra. Durante el recorrido se puede apreciar no s\u00f3lo la belleza del entorno natural que la rodea.\" \/>\n<meta property=\"og:url\" content=\"https:\/\/visitnavarra.info\/visitnavarra\/rutas-para-pedalear-en-familia\/\" \/>\n<meta property=\"og:site_name\" content=\"VisitNavarra\" \/>\n<meta property=\"article:modified_time\" content=\"2023-11-06T15:02:33+00:00\" \/>\n<meta property=\"og:image\" content=\"https:\/\/visitnavarra.info\/visitnavarra\/wp-content\/uploads\/2021\/04\/pedalear-familia-300x107.bmp\" \/>\n<meta name=\"twitter:card\" content=\"summary_large_image\" \/>\n<meta name=\"twitter:label1\" content=\"Tiempo de lectura\" \/>\n\t<meta name=\"twitter:data1\" content=\"2 minutos\" \/>\n<script type=\"application\/ld+json\" class=\"yoast-schema-graph\">{\"@context\":\"https:\/\/schema.org\",\"@graph\":[{\"@type\":\"WebPage\",\"@id\":\"https:\/\/visitnavarra.info\/visitnavarra\/rutas-para-pedalear-en-familia\/\",\"url\":\"https:\/\/visitnavarra.info\/visitnavarra\/rutas-para-pedalear-en-familia\/\",\"name\":\"Rutas para pedalear en familia por Navarra - VisitNavarra\",\"isPartOf\":{\"@id\":\"https:\/\/visitnavarra.info\/visitnavarra\/#website\"},\"primaryImageOfPage\":{\"@id\":\"https:\/\/visitnavarra.info\/visitnavarra\/rutas-para-pedalear-en-familia\/#primaryimage\"},\"image\":{\"@id\":\"https:\/\/visitnavarra.info\/visitnavarra\/rutas-para-pedalear-en-familia\/#primaryimage\"},\"thumbnailUrl\":\"https:\/\/visitnavarra.info\/visitnavarra\/wp-content\/uploads\/2021\/04\/pedalear-familia-300x107.bmp\",\"datePublished\":\"2021-04-19T14:06:24+00:00\",\"dateModified\":\"2023-11-06T15:02:33+00:00\",\"description\":\"Rutas para pedalear en familia por Navarra. Durante el recorrido se puede apreciar no s\u00f3lo la belleza del entorno natural que la rodea.\",\"breadcrumb\":{\"@id\":\"https:\/\/visitnavarra.info\/visitnavarra\/rutas-para-pedalear-en-familia\/#breadcrumb\"},\"inLanguage\":\"es\",\"potentialAction\":[{\"@type\":\"ReadAction\",\"target\":[\"https:\/\/visitnavarra.info\/visitnavarra\/rutas-para-pedalear-en-familia\/\"]}]},{\"@type\":\"ImageObject\",\"inLanguage\":\"es\",\"@id\":\"https:\/\/visitnavarra.info\/visitnavarra\/rutas-para-pedalear-en-familia\/#primaryimage\",\"url\":\"https:\/\/visitnavarra.info\/visitnavarra\/wp-content\/uploads\/2021\/04\/pedalear-familia-300x107.bmp\",\"contentUrl\":\"https:\/\/visitnavarra.info\/visitnavarra\/wp-content\/uploads\/2021\/04\/pedalear-familia-300x107.bmp\"},{\"@type\":\"BreadcrumbList\",\"@id\":\"https:\/\/visitnavarra.info\/visitnavarra\/rutas-para-pedalear-en-familia\/#breadcrumb\",\"itemListElement\":[{\"@type\":\"ListItem\",\"position\":1,\"name\":\"Portada\",\"item\":\"https:\/\/visitnavarra.info\/visitnavarra\/\"},{\"@type\":\"ListItem\",\"position\":2,\"name\":\"Rutas para pedalear en familia\"}]},{\"@type\":\"WebSite\",\"@id\":\"https:\/\/visitnavarra.info\/visitnavarra\/#website\",\"url\":\"https:\/\/visitnavarra.info\/visitnavarra\/\",\"name\":\"VisitNavarra\",\"description\":\"Alojamiento y experiencias tur\u00edsticas en Navarra; qu\u00e9 visitar en Navarra; comer en Navarra\",\"potentialAction\":[{\"@type\":\"SearchAction\",\"target\":{\"@type\":\"EntryPoint\",\"urlTemplate\":\"https:\/\/visitnavarra.info\/visitnavarra\/?s={search_term_string}\"},\"query-input\":{\"@type\":\"PropertyValueSpecification\",\"valueRequired\":true,\"valueName\":\"search_term_string\"}}],\"inLanguage\":\"es\"}]}<\/script>\n<!-- \/ Yoast SEO plugin. -->","yoast_head_json":{"title":"Rutas para pedalear en familia por Navarra - VisitNavarra","description":"Rutas para pedalear en familia por Navarra. Durante el recorrido se puede apreciar no s\u00f3lo la belleza del entorno natural que la rodea.","robots":{"index":"index","follow":"follow","max-snippet":"max-snippet:-1","max-image-preview":"max-image-preview:large","max-video-preview":"max-video-preview:-1"},"canonical":"https:\/\/visitnavarra.info\/visitnavarra\/rutas-para-pedalear-en-familia\/","og_locale":"es_ES","og_type":"article","og_title":"Rutas para pedalear en familia por Navarra - VisitNavarra","og_description":"Rutas para pedalear en familia por Navarra. Durante el recorrido se puede apreciar no s\u00f3lo la belleza del entorno natural que la rodea.","og_url":"https:\/\/visitnavarra.info\/visitnavarra\/rutas-para-pedalear-en-familia\/","og_site_name":"VisitNavarra","article_modified_time":"2023-11-06T15:02:33+00:00","og_image":[{"url":"https:\/\/visitnavarra.info\/visitnavarra\/wp-content\/uploads\/2021\/04\/pedalear-familia-300x107.bmp"}],"twitter_card":"summary_large_image","twitter_misc":{"Tiempo de lectura":"2 minutos"},"schema":{"@context":"https:\/\/schema.org","@graph":[{"@type":"WebPage","@id":"https:\/\/visitnavarra.info\/visitnavarra\/rutas-para-pedalear-en-familia\/","url":"https:\/\/visitnavarra.info\/visitnavarra\/rutas-para-pedalear-en-familia\/","name":"Rutas para pedalear en familia por Navarra - VisitNavarra","isPartOf":{"@id":"https:\/\/visitnavarra.info\/visitnavarra\/#website"},"primaryImageOfPage":{"@id":"https:\/\/visitnavarra.info\/visitnavarra\/rutas-para-pedalear-en-familia\/#primaryimage"},"image":{"@id":"https:\/\/visitnavarra.info\/visitnavarra\/rutas-para-pedalear-en-familia\/#primaryimage"},"thumbnailUrl":"https:\/\/visitnavarra.info\/visitnavarra\/wp-content\/uploads\/2021\/04\/pedalear-familia-300x107.bmp","datePublished":"2021-04-19T14:06:24+00:00","dateModified":"2023-11-06T15:02:33+00:00","description":"Rutas para pedalear en familia por Navarra. Durante el recorrido se puede apreciar no s\u00f3lo la belleza del entorno natural que la rodea.","breadcrumb":{"@id":"https:\/\/visitnavarra.info\/visitnavarra\/rutas-para-pedalear-en-familia\/#breadcrumb"},"inLanguage":"es","potentialAction":[{"@type":"ReadAction","target":["https:\/\/visitnavarra.info\/visitnavarra\/rutas-para-pedalear-en-familia\/"]}]},{"@type":"ImageObject","inLanguage":"es","@id":"https:\/\/visitnavarra.info\/visitnavarra\/rutas-para-pedalear-en-familia\/#primaryimage","url":"https:\/\/visitnavarra.info\/visitnavarra\/wp-content\/uploads\/2021\/04\/pedalear-familia-300x107.bmp","contentUrl":"https:\/\/visitnavarra.info\/visitnavarra\/wp-content\/uploads\/2021\/04\/pedalear-familia-300x107.bmp"},{"@type":"BreadcrumbList","@id":"https:\/\/visitnavarra.info\/visitnavarra\/rutas-para-pedalear-en-familia\/#breadcrumb","itemListElement":[{"@type":"ListItem","position":1,"name":"Portada","item":"https:\/\/visitnavarra.info\/visitnavarra\/"},{"@type":"ListItem","position":2,"name":"Rutas para pedalear en familia"}]},{"@type":"WebSite","@id":"https:\/\/visitnavarra.info\/visitnavarra\/#website","url":"https:\/\/visitnavarra.info\/visitnavarra\/","name":"VisitNavarra","description":"Alojamiento y experiencias tur\u00edsticas en Navarra; qu\u00e9 visitar en Navarra; comer en Navarra","potentialAction":[{"@type":"SearchAction","target":{"@type":"EntryPoint","urlTemplate":"https:\/\/visitnavarra.info\/visitnavarra\/?s={search_term_string}"},"query-input":{"@type":"PropertyValueSpecification","valueRequired":true,"valueName":"search_term_string"}}],"inLanguage":"es"}]}},"_links":{"self":[{"href":"https:\/\/visitnavarra.info\/visitnavarra\/wp-json\/wp\/v2\/pages\/10322","targetHints":{"allow":["GET"]}}],"collection":[{"href":"https:\/\/visitnavarra.info\/visitnavarra\/wp-json\/wp\/v2\/pages"}],"about":[{"href":"https:\/\/visitnavarra.info\/visitnavarra\/wp-json\/wp\/v2\/types\/page"}],"author":[{"embeddable":true,"href":"https:\/\/visitnavarra.info\/visitnavarra\/wp-json\/wp\/v2\/users\/1"}],"replies":[{"embeddable":true,"href":"https:\/\/visitnavarra.info\/visitnavarra\/wp-json\/wp\/v2\/comments?post=10322"}],"version-history":[{"count":3,"href":"https:\/\/visitnavarra.info\/visitnavarra\/wp-json\/wp\/v2\/pages\/10322\/revisions"}],"predecessor-version":[{"id":13070,"href":"https:\/\/visitnavarra.info\/visitnavarra\/wp-json\/wp\/v2\/pages\/10322\/revisions\/13070"}],"wp:attachment":[{"href":"https:\/\/visitnavarra.info\/visitnavarra\/wp-json\/wp\/v2\/media?parent=10322"}],"curies":[{"name":"wp","href":"https:\/\/api.w.org\/{rel}","templated":true}]}}