{"id":10373,"date":"2021-04-19T14:55:50","date_gmt":"2021-04-19T14:55:50","guid":{"rendered":"https:\/\/visitnavarra.info\/visitnavarra\/?page_id=10373"},"modified":"2023-11-06T15:06:49","modified_gmt":"2023-11-06T15:06:49","slug":"a-caballo-en-la-muga","status":"publish","type":"page","link":"https:\/\/visitnavarra.info\/visitnavarra\/a-caballo-en-la-muga\/","title":{"rendered":"A caballo en la muga"},"content":{"rendered":"<p>[vc_row][vc_column width=&#8221;1\/1&#8243;][vc_column_text]Paseos a caballo: venir con ni\u00f1os no es ning\u00fan problema, al contrario, una excursi\u00f3n en familia puede ser una actividad ideal para que los m\u00e1s peque\u00f1os tambi\u00e9n disfruten de la naturaleza y el caballo.<br \/>\nActividad exclusiva para clientes de nuestro hotel.<\/p>\n<p>Caminos en la muga entre Navarra y Arag\u00f3n, perfectos para jinetes con poca experiencia pero con deseos de disfrutar y aprender lo b\u00e1sico.<\/p>\n<p>Podemos organizar rutas a la carta de mayor duraci\u00f3n y nivel.<\/p>\n<p>Paseos adaptados a todo tipo de familias:<\/p>\n<ul>\n<li>Duraci\u00f3n aproximada: 1 hora<\/li>\n<li>Precio por persona y hora: 45 \u20ac<\/li>\n<li>M\u00ednimo 2 personas<\/li>\n<\/ul>\n<p>[\/vc_column_text][\/vc_column][\/vc_row][vc_row][vc_column width=&#8221;1\/1&#8243;]<div class=\"spacer\" style=\"height: 40px;\"><\/div>[\/vc_column][\/vc_row][vc_row][vc_column width=&#8221;1\/2&#8243;]<div class=\"single_image wpb_content_element align-center    \" data-animation=\"none\" data-delay=\"0\"><img loading=\"lazy\" decoding=\"async\" width=\"483\" height=\"214\" src=\"https:\/\/visitnavarra.info\/visitnavarra\/wp-content\/uploads\/2023\/11\/logo-activa-experience-nuevo.jpg\" class=\"attachment-full\" alt=\"Logo de la Empresa Activa Experience de Turismo activo, agencia de viajes y servicios de producci\u00f3n de cine\" srcset=\"https:\/\/visitnavarra.info\/visitnavarra\/wp-content\/uploads\/2023\/11\/logo-activa-experience-nuevo.jpg 483w, https:\/\/visitnavarra.info\/visitnavarra\/wp-content\/uploads\/2023\/11\/logo-activa-experience-nuevo-300x133.jpg 300w, https:\/\/visitnavarra.info\/visitnavarra\/wp-content\/uploads\/2023\/11\/logo-activa-experience-nuevo-320x142.jpg 320w, https:\/\/visitnavarra.info\/visitnavarra\/wp-content\/uploads\/2023\/11\/logo-activa-experience-nuevo-480x213.jpg 480w\" sizes=\"auto, (max-width: 483px) 100vw, 483px\" \/><\/div>[\/vc_column][vc_column width=&#8221;1\/2&#8243;][vc_column_text]<strong>Entidad \/ empresa:<\/strong>\u00a0ACTIVA EXPERIENCE<br \/>\n<strong>Direcci\u00f3n<\/strong>: Ctra N121C, Tudela \u2013 Tarazona, km 7, 7, 31520 Cascante, Navarra<br \/>\n<strong>Tel\u00e9fono<\/strong>: (+34) 948 850 448 | (+34) 654 500 512<br \/>\n<strong>Persona Contacto:<\/strong>\u00a0Stefania Guinea<br \/>\n<strong>Mail:<\/strong>\u00a0<a href=\"mailto:info@activaexperience.com\" target=\"_blank\" rel=\"noopener\">info@activaexperience.com<\/a><br \/>\n<strong>Web<\/strong>:\u00a0<a href=\"http:\/\/www.activaexperience.com\/\" target=\"_blank\" rel=\"noopener\">www.activaexperience.com<\/a><br \/>\n<strong>N\u00ba Registro Turismo:<\/strong>\u00a0UETAC0015[\/vc_column_text][\/vc_column][\/vc_row]<\/p>\n","protected":false},"excerpt":{"rendered":"<p>[vc_row][vc_column width=&#8221;1\/1&#8243;][vc_column_text]Paseos a caballo: venir con ni\u00f1os no es ning\u00fan problema, al contrario, una excursi\u00f3n en familia puede ser una actividad ideal para que los m\u00e1s peque\u00f1os tambi\u00e9n disfruten de la naturaleza y el caballo. Actividad exclusiva para clientes de nuestro hotel. Caminos en la muga entre Navarra y Arag\u00f3n, perfectos para jinetes con poca experiencia pero con deseos de disfrutar y aprender lo b\u00e1sico. Podemos organizar rutas a la carta de mayor duraci\u00f3n y nivel. Paseos adaptados a todo tipo de familias: Duraci\u00f3n aproximada: 1 hora Precio por persona y hora: 45 \u20ac M\u00ednimo 2 personas [\/vc_column_text][\/vc_column][\/vc_row][vc_row][vc_column width=&#8221;1\/1&#8243;][\/vc_column][\/vc_row][vc_row][vc_column width=&#8221;1\/2&#8243;][\/vc_column][vc_column width=&#8221;1\/2&#8243;][vc_column_text]Entidad \/ empresa:\u00a0ACTIVA EXPERIENCE Direcci\u00f3n: Ctra N121C, Tudela \u2013 Tarazona, km 7, 7, 31520 Cascante, Navarra Tel\u00e9fono: (+34) 948 850 448 | (+34) 654 500 512 Persona Contacto:\u00a0Stefania Guinea Mail:\u00a0info@activaexperience.com Web:\u00a0www.activaexperience.com N\u00ba Registro Turismo:\u00a0UETAC0015[\/vc_column_text][\/vc_column][\/vc_row]<\/p>\n","protected":false},"author":1,"featured_media":0,"parent":0,"menu_order":0,"comment_status":"closed","ping_status":"closed","template":"","meta":{"footnotes":""},"class_list":["post-10373","page","type-page","status-publish","hentry"],"yoast_head":"<!-- This site is optimized with the Yoast SEO plugin v23.5 - https:\/\/yoast.com\/wordpress\/plugins\/seo\/ -->\n<title>A caballo en la mugaA caballo en la muga - VisitNavarra<\/title>\n<meta name=\"description\" content=\"Paseos a caballo: venir con ni\u00f1os no es ning\u00fan problema, al contrario, una excursi\u00f3n en familia puede ser una actividad ideal para los peques\" \/>\n<meta name=\"robots\" content=\"index, follow, max-snippet:-1, max-image-preview:large, max-video-preview:-1\" \/>\n<link rel=\"canonical\" href=\"https:\/\/visitnavarra.info\/visitnavarra\/a-caballo-en-la-muga\/\" \/>\n<meta property=\"og:locale\" content=\"es_ES\" \/>\n<meta property=\"og:type\" content=\"article\" \/>\n<meta property=\"og:title\" content=\"A caballo en la mugaA caballo en la muga - VisitNavarra\" \/>\n<meta property=\"og:description\" content=\"Paseos a caballo: venir con ni\u00f1os no es ning\u00fan problema, al contrario, una excursi\u00f3n en familia puede ser una actividad ideal para los peques\" \/>\n<meta property=\"og:url\" content=\"https:\/\/visitnavarra.info\/visitnavarra\/a-caballo-en-la-muga\/\" \/>\n<meta property=\"og:site_name\" content=\"VisitNavarra\" \/>\n<meta property=\"article:modified_time\" content=\"2023-11-06T15:06:49+00:00\" \/>\n<meta name=\"twitter:card\" content=\"summary_large_image\" \/>\n<meta name=\"twitter:label1\" content=\"Tiempo de lectura\" \/>\n\t<meta name=\"twitter:data1\" content=\"1 minuto\" \/>\n<script type=\"application\/ld+json\" class=\"yoast-schema-graph\">{\"@context\":\"https:\/\/schema.org\",\"@graph\":[{\"@type\":\"WebPage\",\"@id\":\"https:\/\/visitnavarra.info\/visitnavarra\/a-caballo-en-la-muga\/\",\"url\":\"https:\/\/visitnavarra.info\/visitnavarra\/a-caballo-en-la-muga\/\",\"name\":\"A caballo en la mugaA caballo en la muga - VisitNavarra\",\"isPartOf\":{\"@id\":\"https:\/\/visitnavarra.info\/visitnavarra\/#website\"},\"datePublished\":\"2021-04-19T14:55:50+00:00\",\"dateModified\":\"2023-11-06T15:06:49+00:00\",\"description\":\"Paseos a caballo: venir con ni\u00f1os no es ning\u00fan problema, al contrario, una excursi\u00f3n en familia puede ser una actividad ideal para los peques\",\"breadcrumb\":{\"@id\":\"https:\/\/visitnavarra.info\/visitnavarra\/a-caballo-en-la-muga\/#breadcrumb\"},\"inLanguage\":\"es\",\"potentialAction\":[{\"@type\":\"ReadAction\",\"target\":[\"https:\/\/visitnavarra.info\/visitnavarra\/a-caballo-en-la-muga\/\"]}]},{\"@type\":\"BreadcrumbList\",\"@id\":\"https:\/\/visitnavarra.info\/visitnavarra\/a-caballo-en-la-muga\/#breadcrumb\",\"itemListElement\":[{\"@type\":\"ListItem\",\"position\":1,\"name\":\"Portada\",\"item\":\"https:\/\/visitnavarra.info\/visitnavarra\/\"},{\"@type\":\"ListItem\",\"position\":2,\"name\":\"A caballo en la muga\"}]},{\"@type\":\"WebSite\",\"@id\":\"https:\/\/visitnavarra.info\/visitnavarra\/#website\",\"url\":\"https:\/\/visitnavarra.info\/visitnavarra\/\",\"name\":\"VisitNavarra\",\"description\":\"Alojamiento y experiencias tur\u00edsticas en Navarra; qu\u00e9 visitar en Navarra; comer en Navarra\",\"potentialAction\":[{\"@type\":\"SearchAction\",\"target\":{\"@type\":\"EntryPoint\",\"urlTemplate\":\"https:\/\/visitnavarra.info\/visitnavarra\/?s={search_term_string}\"},\"query-input\":{\"@type\":\"PropertyValueSpecification\",\"valueRequired\":true,\"valueName\":\"search_term_string\"}}],\"inLanguage\":\"es\"}]}<\/script>\n<!-- \/ Yoast SEO plugin. -->","yoast_head_json":{"title":"A caballo en la mugaA caballo en la muga - VisitNavarra","description":"Paseos a caballo: venir con ni\u00f1os no es ning\u00fan problema, al contrario, una excursi\u00f3n en familia puede ser una actividad ideal para los peques","robots":{"index":"index","follow":"follow","max-snippet":"max-snippet:-1","max-image-preview":"max-image-preview:large","max-video-preview":"max-video-preview:-1"},"canonical":"https:\/\/visitnavarra.info\/visitnavarra\/a-caballo-en-la-muga\/","og_locale":"es_ES","og_type":"article","og_title":"A caballo en la mugaA caballo en la muga - VisitNavarra","og_description":"Paseos a caballo: venir con ni\u00f1os no es ning\u00fan problema, al contrario, una excursi\u00f3n en familia puede ser una actividad ideal para los peques","og_url":"https:\/\/visitnavarra.info\/visitnavarra\/a-caballo-en-la-muga\/","og_site_name":"VisitNavarra","article_modified_time":"2023-11-06T15:06:49+00:00","twitter_card":"summary_large_image","twitter_misc":{"Tiempo de lectura":"1 minuto"},"schema":{"@context":"https:\/\/schema.org","@graph":[{"@type":"WebPage","@id":"https:\/\/visitnavarra.info\/visitnavarra\/a-caballo-en-la-muga\/","url":"https:\/\/visitnavarra.info\/visitnavarra\/a-caballo-en-la-muga\/","name":"A caballo en la mugaA caballo en la muga - VisitNavarra","isPartOf":{"@id":"https:\/\/visitnavarra.info\/visitnavarra\/#website"},"datePublished":"2021-04-19T14:55:50+00:00","dateModified":"2023-11-06T15:06:49+00:00","description":"Paseos a caballo: venir con ni\u00f1os no es ning\u00fan problema, al contrario, una excursi\u00f3n en familia puede ser una actividad ideal para los peques","breadcrumb":{"@id":"https:\/\/visitnavarra.info\/visitnavarra\/a-caballo-en-la-muga\/#breadcrumb"},"inLanguage":"es","potentialAction":[{"@type":"ReadAction","target":["https:\/\/visitnavarra.info\/visitnavarra\/a-caballo-en-la-muga\/"]}]},{"@type":"BreadcrumbList","@id":"https:\/\/visitnavarra.info\/visitnavarra\/a-caballo-en-la-muga\/#breadcrumb","itemListElement":[{"@type":"ListItem","position":1,"name":"Portada","item":"https:\/\/visitnavarra.info\/visitnavarra\/"},{"@type":"ListItem","position":2,"name":"A caballo en la muga"}]},{"@type":"WebSite","@id":"https:\/\/visitnavarra.info\/visitnavarra\/#website","url":"https:\/\/visitnavarra.info\/visitnavarra\/","name":"VisitNavarra","description":"Alojamiento y experiencias tur\u00edsticas en Navarra; qu\u00e9 visitar en Navarra; comer en Navarra","potentialAction":[{"@type":"SearchAction","target":{"@type":"EntryPoint","urlTemplate":"https:\/\/visitnavarra.info\/visitnavarra\/?s={search_term_string}"},"query-input":{"@type":"PropertyValueSpecification","valueRequired":true,"valueName":"search_term_string"}}],"inLanguage":"es"}]}},"_links":{"self":[{"href":"https:\/\/visitnavarra.info\/visitnavarra\/wp-json\/wp\/v2\/pages\/10373","targetHints":{"allow":["GET"]}}],"collection":[{"href":"https:\/\/visitnavarra.info\/visitnavarra\/wp-json\/wp\/v2\/pages"}],"about":[{"href":"https:\/\/visitnavarra.info\/visitnavarra\/wp-json\/wp\/v2\/types\/page"}],"author":[{"embeddable":true,"href":"https:\/\/visitnavarra.info\/visitnavarra\/wp-json\/wp\/v2\/users\/1"}],"replies":[{"embeddable":true,"href":"https:\/\/visitnavarra.info\/visitnavarra\/wp-json\/wp\/v2\/comments?post=10373"}],"version-history":[{"count":2,"href":"https:\/\/visitnavarra.info\/visitnavarra\/wp-json\/wp\/v2\/pages\/10373\/revisions"}],"predecessor-version":[{"id":13074,"href":"https:\/\/visitnavarra.info\/visitnavarra\/wp-json\/wp\/v2\/pages\/10373\/revisions\/13074"}],"wp:attachment":[{"href":"https:\/\/visitnavarra.info\/visitnavarra\/wp-json\/wp\/v2\/media?parent=10373"}],"curies":[{"name":"wp","href":"https:\/\/api.w.org\/{rel}","templated":true}]}}