{"id":10551,"date":"2021-05-04T09:44:37","date_gmt":"2021-05-04T09:44:37","guid":{"rendered":"https:\/\/visitnavarra.info\/visitnavarra\/?page_id=10551"},"modified":"2021-05-04T09:44:37","modified_gmt":"2021-05-04T09:44:37","slug":"bodega-otazu-jugar-a-ser-enologo","status":"publish","type":"page","link":"https:\/\/visitnavarra.info\/visitnavarra\/bodega-otazu-jugar-a-ser-enologo\/","title":{"rendered":"BODEGA OTAZU: JUGAR A SER EN\u00d3LOGO"},"content":{"rendered":"<p>[vc_row][vc_column width=&#8221;1\/1&#8243;][vc_column_text]<img loading=\"lazy\" decoding=\"async\" class=\"size-medium wp-image-10545 alignleft\" src=\"https:\/\/visitnavarra.info\/visitnavarra\/wp-content\/uploads\/2021\/05\/jugando-ser-enologo-bodegas-otazu-300x200.jpg\" alt=\"\" width=\"300\" height=\"200\" srcset=\"https:\/\/visitnavarra.info\/visitnavarra\/wp-content\/uploads\/2021\/05\/jugando-ser-enologo-bodegas-otazu-300x200.jpg 300w, https:\/\/visitnavarra.info\/visitnavarra\/wp-content\/uploads\/2021\/05\/jugando-ser-enologo-bodegas-otazu-1024x682.jpg 1024w, https:\/\/visitnavarra.info\/visitnavarra\/wp-content\/uploads\/2021\/05\/jugando-ser-enologo-bodegas-otazu-768x512.jpg 768w, https:\/\/visitnavarra.info\/visitnavarra\/wp-content\/uploads\/2021\/05\/jugando-ser-enologo-bodegas-otazu-1536x1024.jpg 1536w, https:\/\/visitnavarra.info\/visitnavarra\/wp-content\/uploads\/2021\/05\/jugando-ser-enologo-bodegas-otazu-600x400.jpg 600w, https:\/\/visitnavarra.info\/visitnavarra\/wp-content\/uploads\/2021\/05\/jugando-ser-enologo-bodegas-otazu.jpg 2000w\" sizes=\"auto, (max-width: 300px) 100vw, 300px\" \/>Una oportunidad \u00fanica para desarrollar un papel determinante en el ensamblaje final, una de las etapas cruciales en la elaboraci\u00f3n de un vino. Se realizar\u00e1 una visita completa de la bodega,\u00a0 empezando en el <strong>hist\u00f3rico Se\u00f1or\u00edo de Otazu del siglo XII<\/strong>.<\/p>\n<p>De camino hacia la bodega, se comentar\u00e1 las particularidades de nuestro vi\u00f1edo, antes de seguir la visita en la sala de elaboraci\u00f3n, botellero y sala de barricas, conocida como la <strong>\u201cCatedral del Vino\u201d. <\/strong><\/p>\n<p>Durante la actividad, los participantes se familiarizan con todas las etapas que llevan a un grano de uva a formar parte de un gran vino. Con la ayuda del equipo t\u00e9cnico, se juega con diferentes ensamblajes para comprender qu\u00e9 aportan las distintas variedades a la mezcla hasta, eventualmente, llegar al vino deseado, dise\u00f1ado por los <strong>\u201cnuevos en\u00f3logos\u201d.<\/strong><\/p>\n<ul>\n<li><strong>Idiomas<\/strong>: Castellano, Ingl\u00e9s y Franc\u00e9s<\/li>\n<li><strong>Horario<\/strong>: Consultar disponibilidad<\/li>\n<li><strong>Precios<\/strong>:\n<ul>\n<li>Grupos de 10 personas o menos: 1.350 \u20ac por la actividad<\/li>\n<li>Grupos de 11 a 14 pax: 126\u20ac por persona<\/li>\n<li>Grupos de 15 a 20 pax: 119\u20ac por persona<\/li>\n<li>Grupos de 21 a 30 pax: 113\u20ac por persona<\/li>\n<\/ul>\n<\/li>\n<li>Personas M\u00ednimo: 9 &#8211; Personas M\u00e1ximo: 30<\/li>\n<\/ul>\n<h5><strong>Esta Experiencia Incluye:<\/strong><\/h5>\n<p>Visita completa al Se\u00f1or\u00edo de Otazu, bodega, museo y colecci\u00f3n de arte, actividad de hacer su propio ensamblaje de vino.<\/p>\n<p><em>10% Comisi\u00f3n touroperadores y agencias<\/em>[\/vc_column_text][\/vc_column][\/vc_row][vc_row][vc_column width=&#8221;1\/2&#8243;]<div class=\"single_image wpb_content_element align-right    \" data-animation=\"none\" data-delay=\"0\"><img loading=\"lazy\" decoding=\"async\" width=\"300\" height=\"300\" src=\"https:\/\/visitnavarra.info\/visitnavarra\/wp-content\/uploads\/2021\/02\/BODEGA-OTAZU.jpg\" class=\"attachment-full\" alt=\"Logo Bodega Otazu\" srcset=\"https:\/\/visitnavarra.info\/visitnavarra\/wp-content\/uploads\/2021\/02\/BODEGA-OTAZU.jpg 300w, https:\/\/visitnavarra.info\/visitnavarra\/wp-content\/uploads\/2021\/02\/BODEGA-OTAZU-150x150.jpg 150w, https:\/\/visitnavarra.info\/visitnavarra\/wp-content\/uploads\/2021\/02\/BODEGA-OTAZU-80x80.jpg 80w\" sizes=\"auto, (max-width: 300px) 100vw, 300px\" \/><\/div>[\/vc_column][vc_column width=&#8221;1\/2&#8243;][vc_column_text]<strong>Entidad \/ empresa:<\/strong> BODEGA OTAZU<br \/>\n<strong>Contacto:<\/strong> Marian San Mart\u00edn<br \/>\n<strong>Tel\u00e9fono:<\/strong> (+34) 948 329 200<br \/>\n<strong>Mail:<\/strong> <a href=\"mailto:info@otazu.com\">info@otazu.com<\/a>[\/vc_column_text][\/vc_column][\/vc_row]<\/p>\n","protected":false},"excerpt":{"rendered":"<p>[vc_row][vc_column width=&#8221;1\/1&#8243;][vc_column_text]Una oportunidad \u00fanica para desarrollar un papel determinante en el ensamblaje final, una de las etapas cruciales en la elaboraci\u00f3n de un vino. Se realizar\u00e1 una visita completa de la bodega,\u00a0 empezando en el hist\u00f3rico Se\u00f1or\u00edo de Otazu del siglo XII. De camino hacia la bodega, se comentar\u00e1 las particularidades de nuestro vi\u00f1edo, antes de seguir la visita en la sala de elaboraci\u00f3n, botellero y sala de barricas, conocida como la \u201cCatedral del Vino\u201d. Durante la actividad, los participantes se familiarizan con todas las etapas que llevan a un grano de uva a formar parte de un gran vino. Con la ayuda del equipo t\u00e9cnico, se juega con diferentes ensamblajes para comprender qu\u00e9 aportan las distintas variedades a la mezcla hasta, eventualmente, llegar al vino deseado, dise\u00f1ado por los \u201cnuevos en\u00f3logos\u201d. Idiomas: Castellano, Ingl\u00e9s y Franc\u00e9s Horario: Consultar disponibilidad Precios: Grupos de 10 personas o menos: 1.350 \u20ac por la actividad Grupos de 11 a 14 pax: 126\u20ac por persona Grupos de 15 a 20 pax: 119\u20ac por persona Grupos de 21 a 30 pax: 113\u20ac por persona Personas M\u00ednimo: 9 &#8211; Personas M\u00e1ximo: 30 Esta Experiencia Incluye: Visita completa al Se\u00f1or\u00edo de Otazu, bodega, museo y colecci\u00f3n de [&hellip;]<\/p>\n","protected":false},"author":1,"featured_media":0,"parent":0,"menu_order":0,"comment_status":"closed","ping_status":"closed","template":"","meta":{"footnotes":""},"class_list":["post-10551","page","type-page","status-publish","hentry"],"yoast_head":"<!-- This site is optimized with the Yoast SEO plugin v23.5 - https:\/\/yoast.com\/wordpress\/plugins\/seo\/ -->\n<title>BODEGA OTAZU: JUGAR A SER EN\u00d3LOGO - VisitNavarra<\/title>\n<meta name=\"description\" content=\"Jugar a ser en\u00f3logo, una oportunidad \u00fanica para desarrollar un papel determinante en el ensamblaje final, una de las etapas cruciales del vino\" \/>\n<meta name=\"robots\" content=\"index, follow, max-snippet:-1, max-image-preview:large, max-video-preview:-1\" \/>\n<link rel=\"canonical\" href=\"https:\/\/visitnavarra.info\/visitnavarra\/bodega-otazu-jugar-a-ser-enologo\/\" \/>\n<meta property=\"og:locale\" content=\"es_ES\" \/>\n<meta property=\"og:type\" content=\"article\" \/>\n<meta property=\"og:title\" content=\"BODEGA OTAZU: JUGAR A SER EN\u00d3LOGO - VisitNavarra\" \/>\n<meta property=\"og:description\" content=\"Jugar a ser en\u00f3logo, una oportunidad \u00fanica para desarrollar un papel determinante en el ensamblaje final, una de las etapas cruciales del vino\" \/>\n<meta property=\"og:url\" content=\"https:\/\/visitnavarra.info\/visitnavarra\/bodega-otazu-jugar-a-ser-enologo\/\" \/>\n<meta property=\"og:site_name\" content=\"VisitNavarra\" \/>\n<meta property=\"og:image\" content=\"https:\/\/visitnavarra.info\/visitnavarra\/wp-content\/uploads\/2021\/05\/jugando-ser-enologo-bodegas-otazu-300x200.jpg\" \/>\n<meta name=\"twitter:card\" content=\"summary_large_image\" \/>\n<meta name=\"twitter:label1\" content=\"Tiempo de lectura\" \/>\n\t<meta name=\"twitter:data1\" content=\"2 minutos\" \/>\n<script type=\"application\/ld+json\" class=\"yoast-schema-graph\">{\"@context\":\"https:\/\/schema.org\",\"@graph\":[{\"@type\":\"WebPage\",\"@id\":\"https:\/\/visitnavarra.info\/visitnavarra\/bodega-otazu-jugar-a-ser-enologo\/\",\"url\":\"https:\/\/visitnavarra.info\/visitnavarra\/bodega-otazu-jugar-a-ser-enologo\/\",\"name\":\"BODEGA OTAZU: JUGAR A SER EN\u00d3LOGO - VisitNavarra\",\"isPartOf\":{\"@id\":\"https:\/\/visitnavarra.info\/visitnavarra\/#website\"},\"primaryImageOfPage\":{\"@id\":\"https:\/\/visitnavarra.info\/visitnavarra\/bodega-otazu-jugar-a-ser-enologo\/#primaryimage\"},\"image\":{\"@id\":\"https:\/\/visitnavarra.info\/visitnavarra\/bodega-otazu-jugar-a-ser-enologo\/#primaryimage\"},\"thumbnailUrl\":\"https:\/\/visitnavarra.info\/visitnavarra\/wp-content\/uploads\/2021\/05\/jugando-ser-enologo-bodegas-otazu-300x200.jpg\",\"datePublished\":\"2021-05-04T09:44:37+00:00\",\"dateModified\":\"2021-05-04T09:44:37+00:00\",\"description\":\"Jugar a ser en\u00f3logo, una oportunidad \u00fanica para desarrollar un papel determinante en el ensamblaje final, una de las etapas cruciales del vino\",\"breadcrumb\":{\"@id\":\"https:\/\/visitnavarra.info\/visitnavarra\/bodega-otazu-jugar-a-ser-enologo\/#breadcrumb\"},\"inLanguage\":\"es\",\"potentialAction\":[{\"@type\":\"ReadAction\",\"target\":[\"https:\/\/visitnavarra.info\/visitnavarra\/bodega-otazu-jugar-a-ser-enologo\/\"]}]},{\"@type\":\"ImageObject\",\"inLanguage\":\"es\",\"@id\":\"https:\/\/visitnavarra.info\/visitnavarra\/bodega-otazu-jugar-a-ser-enologo\/#primaryimage\",\"url\":\"https:\/\/visitnavarra.info\/visitnavarra\/wp-content\/uploads\/2021\/05\/jugando-ser-enologo-bodegas-otazu.jpg\",\"contentUrl\":\"https:\/\/visitnavarra.info\/visitnavarra\/wp-content\/uploads\/2021\/05\/jugando-ser-enologo-bodegas-otazu.jpg\",\"width\":2000,\"height\":1333},{\"@type\":\"BreadcrumbList\",\"@id\":\"https:\/\/visitnavarra.info\/visitnavarra\/bodega-otazu-jugar-a-ser-enologo\/#breadcrumb\",\"itemListElement\":[{\"@type\":\"ListItem\",\"position\":1,\"name\":\"Portada\",\"item\":\"https:\/\/visitnavarra.info\/visitnavarra\/\"},{\"@type\":\"ListItem\",\"position\":2,\"name\":\"BODEGA OTAZU: JUGAR A SER EN\u00d3LOGO\"}]},{\"@type\":\"WebSite\",\"@id\":\"https:\/\/visitnavarra.info\/visitnavarra\/#website\",\"url\":\"https:\/\/visitnavarra.info\/visitnavarra\/\",\"name\":\"VisitNavarra\",\"description\":\"Alojamiento y experiencias tur\u00edsticas en Navarra; qu\u00e9 visitar en Navarra; comer en Navarra\",\"potentialAction\":[{\"@type\":\"SearchAction\",\"target\":{\"@type\":\"EntryPoint\",\"urlTemplate\":\"https:\/\/visitnavarra.info\/visitnavarra\/?s={search_term_string}\"},\"query-input\":{\"@type\":\"PropertyValueSpecification\",\"valueRequired\":true,\"valueName\":\"search_term_string\"}}],\"inLanguage\":\"es\"}]}<\/script>\n<!-- \/ Yoast SEO plugin. -->","yoast_head_json":{"title":"BODEGA OTAZU: JUGAR A SER EN\u00d3LOGO - VisitNavarra","description":"Jugar a ser en\u00f3logo, una oportunidad \u00fanica para desarrollar un papel determinante en el ensamblaje final, una de las etapas cruciales del vino","robots":{"index":"index","follow":"follow","max-snippet":"max-snippet:-1","max-image-preview":"max-image-preview:large","max-video-preview":"max-video-preview:-1"},"canonical":"https:\/\/visitnavarra.info\/visitnavarra\/bodega-otazu-jugar-a-ser-enologo\/","og_locale":"es_ES","og_type":"article","og_title":"BODEGA OTAZU: JUGAR A SER EN\u00d3LOGO - VisitNavarra","og_description":"Jugar a ser en\u00f3logo, una oportunidad \u00fanica para desarrollar un papel determinante en el ensamblaje final, una de las etapas cruciales del vino","og_url":"https:\/\/visitnavarra.info\/visitnavarra\/bodega-otazu-jugar-a-ser-enologo\/","og_site_name":"VisitNavarra","og_image":[{"url":"https:\/\/visitnavarra.info\/visitnavarra\/wp-content\/uploads\/2021\/05\/jugando-ser-enologo-bodegas-otazu-300x200.jpg"}],"twitter_card":"summary_large_image","twitter_misc":{"Tiempo de lectura":"2 minutos"},"schema":{"@context":"https:\/\/schema.org","@graph":[{"@type":"WebPage","@id":"https:\/\/visitnavarra.info\/visitnavarra\/bodega-otazu-jugar-a-ser-enologo\/","url":"https:\/\/visitnavarra.info\/visitnavarra\/bodega-otazu-jugar-a-ser-enologo\/","name":"BODEGA OTAZU: JUGAR A SER EN\u00d3LOGO - VisitNavarra","isPartOf":{"@id":"https:\/\/visitnavarra.info\/visitnavarra\/#website"},"primaryImageOfPage":{"@id":"https:\/\/visitnavarra.info\/visitnavarra\/bodega-otazu-jugar-a-ser-enologo\/#primaryimage"},"image":{"@id":"https:\/\/visitnavarra.info\/visitnavarra\/bodega-otazu-jugar-a-ser-enologo\/#primaryimage"},"thumbnailUrl":"https:\/\/visitnavarra.info\/visitnavarra\/wp-content\/uploads\/2021\/05\/jugando-ser-enologo-bodegas-otazu-300x200.jpg","datePublished":"2021-05-04T09:44:37+00:00","dateModified":"2021-05-04T09:44:37+00:00","description":"Jugar a ser en\u00f3logo, una oportunidad \u00fanica para desarrollar un papel determinante en el ensamblaje final, una de las etapas cruciales del vino","breadcrumb":{"@id":"https:\/\/visitnavarra.info\/visitnavarra\/bodega-otazu-jugar-a-ser-enologo\/#breadcrumb"},"inLanguage":"es","potentialAction":[{"@type":"ReadAction","target":["https:\/\/visitnavarra.info\/visitnavarra\/bodega-otazu-jugar-a-ser-enologo\/"]}]},{"@type":"ImageObject","inLanguage":"es","@id":"https:\/\/visitnavarra.info\/visitnavarra\/bodega-otazu-jugar-a-ser-enologo\/#primaryimage","url":"https:\/\/visitnavarra.info\/visitnavarra\/wp-content\/uploads\/2021\/05\/jugando-ser-enologo-bodegas-otazu.jpg","contentUrl":"https:\/\/visitnavarra.info\/visitnavarra\/wp-content\/uploads\/2021\/05\/jugando-ser-enologo-bodegas-otazu.jpg","width":2000,"height":1333},{"@type":"BreadcrumbList","@id":"https:\/\/visitnavarra.info\/visitnavarra\/bodega-otazu-jugar-a-ser-enologo\/#breadcrumb","itemListElement":[{"@type":"ListItem","position":1,"name":"Portada","item":"https:\/\/visitnavarra.info\/visitnavarra\/"},{"@type":"ListItem","position":2,"name":"BODEGA OTAZU: JUGAR A SER EN\u00d3LOGO"}]},{"@type":"WebSite","@id":"https:\/\/visitnavarra.info\/visitnavarra\/#website","url":"https:\/\/visitnavarra.info\/visitnavarra\/","name":"VisitNavarra","description":"Alojamiento y experiencias tur\u00edsticas en Navarra; qu\u00e9 visitar en Navarra; comer en Navarra","potentialAction":[{"@type":"SearchAction","target":{"@type":"EntryPoint","urlTemplate":"https:\/\/visitnavarra.info\/visitnavarra\/?s={search_term_string}"},"query-input":{"@type":"PropertyValueSpecification","valueRequired":true,"valueName":"search_term_string"}}],"inLanguage":"es"}]}},"_links":{"self":[{"href":"https:\/\/visitnavarra.info\/visitnavarra\/wp-json\/wp\/v2\/pages\/10551","targetHints":{"allow":["GET"]}}],"collection":[{"href":"https:\/\/visitnavarra.info\/visitnavarra\/wp-json\/wp\/v2\/pages"}],"about":[{"href":"https:\/\/visitnavarra.info\/visitnavarra\/wp-json\/wp\/v2\/types\/page"}],"author":[{"embeddable":true,"href":"https:\/\/visitnavarra.info\/visitnavarra\/wp-json\/wp\/v2\/users\/1"}],"replies":[{"embeddable":true,"href":"https:\/\/visitnavarra.info\/visitnavarra\/wp-json\/wp\/v2\/comments?post=10551"}],"version-history":[{"count":1,"href":"https:\/\/visitnavarra.info\/visitnavarra\/wp-json\/wp\/v2\/pages\/10551\/revisions"}],"predecessor-version":[{"id":10552,"href":"https:\/\/visitnavarra.info\/visitnavarra\/wp-json\/wp\/v2\/pages\/10551\/revisions\/10552"}],"wp:attachment":[{"href":"https:\/\/visitnavarra.info\/visitnavarra\/wp-json\/wp\/v2\/media?parent=10551"}],"curies":[{"name":"wp","href":"https:\/\/api.w.org\/{rel}","templated":true}]}}