{"id":10611,"date":"2021-05-04T12:03:54","date_gmt":"2021-05-04T12:03:54","guid":{"rendered":"https:\/\/visitnavarra.info\/visitnavarra\/?page_id=10611"},"modified":"2021-05-04T13:12:14","modified_gmt":"2021-05-04T13:12:14","slug":"otazu-private-cellar","status":"publish","type":"page","link":"https:\/\/visitnavarra.info\/visitnavarra\/otazu-private-cellar\/","title":{"rendered":"OTAZU PRIVATE CELLAR"},"content":{"rendered":"<p>[vc_row][vc_column width=&#8221;1\/1&#8243;][vc_column_text]<\/p>\n<h5><img loading=\"lazy\" decoding=\"async\" class=\"size-medium wp-image-10616 alignright\" src=\"https:\/\/visitnavarra.info\/visitnavarra\/wp-content\/uploads\/2021\/05\/otazu-private-cellar-300x251.jpg\" alt=\"\" width=\"300\" height=\"251\" srcset=\"https:\/\/visitnavarra.info\/visitnavarra\/wp-content\/uploads\/2021\/05\/otazu-private-cellar-300x251.jpg 300w, https:\/\/visitnavarra.info\/visitnavarra\/wp-content\/uploads\/2021\/05\/otazu-private-cellar-1024x857.jpg 1024w, https:\/\/visitnavarra.info\/visitnavarra\/wp-content\/uploads\/2021\/05\/otazu-private-cellar-768x643.jpg 768w, https:\/\/visitnavarra.info\/visitnavarra\/wp-content\/uploads\/2021\/05\/otazu-private-cellar.jpg 1500w\" sizes=\"auto, (max-width: 300px) 100vw, 300px\" \/><strong>Experiencia \u00fanica<\/strong><\/h5>\n<p>Se trata de una <strong>experiencia \u00fanica<\/strong> en la cual el paladar y las emociones se conjugan para<strong> crear una barrica de 225 litros de un ensamblaje \u00fanico de vino tinto con una etiqueta personalizada.<\/strong><\/p>\n<p>En esta actividad, el grupo no solo aprende y realiza el ensamblaje del vino a su gusto, sino que se elabora una barrica completa de 225 litros que <strong>ser\u00e1 custodiada en nuestra Catedral del Vino<\/strong> durante todo el proceso de crianza.<\/p>\n<p>Los participantes firman su barrica y tambi\u00e9n tienen la oportunidad de <strong>dise\u00f1ar la etiqueta<\/strong> de las botellas.<\/p>\n<p>Cuando el vino est\u00e1 en su momento perfecto, nuestro personal lo embotella y las <strong>300 botellas resultantes se etiquetan<\/strong> y se hacen llegar a los participantes.<\/p>\n<p><strong>Idiomas<\/strong>: Castellano, Ingl\u00e9s y Franc\u00e9s<br \/>\n<strong>Precio<\/strong> a Consultar<br \/>\n<strong>Incluye:<\/strong> Visita completa al Se\u00f1or\u00edo de Otazu, la bodega, su museo y colecci\u00f3n de arte, actividad de Private Cellar<br \/>\n<strong>Personas m\u00ednimas:<\/strong> 4 &#8211; Personas m\u00e1ximo: 20<br \/>\n<strong>Horarios Cita Previa:<\/strong> Consultar Disponibilidad[\/vc_column_text][\/vc_column][\/vc_row][vc_row][vc_column width=&#8221;1\/2&#8243;]<div class=\"single_image wpb_content_element align-right    \" data-animation=\"none\" data-delay=\"0\"><img loading=\"lazy\" decoding=\"async\" width=\"300\" height=\"300\" src=\"https:\/\/visitnavarra.info\/visitnavarra\/wp-content\/uploads\/2021\/02\/BODEGA-OTAZU.jpg\" class=\"attachment-full\" alt=\"Logo Bodega Otazu\" srcset=\"https:\/\/visitnavarra.info\/visitnavarra\/wp-content\/uploads\/2021\/02\/BODEGA-OTAZU.jpg 300w, https:\/\/visitnavarra.info\/visitnavarra\/wp-content\/uploads\/2021\/02\/BODEGA-OTAZU-150x150.jpg 150w, https:\/\/visitnavarra.info\/visitnavarra\/wp-content\/uploads\/2021\/02\/BODEGA-OTAZU-80x80.jpg 80w\" sizes=\"auto, (max-width: 300px) 100vw, 300px\" \/><\/div>[\/vc_column][vc_column width=&#8221;1\/2&#8243;][vc_column_text]<strong>Entidad \/ empresa:<\/strong> BODEGA OTAZU<br \/>\n<strong>Contacto<\/strong>: Marian San Mart\u00edn<br \/>\n<strong>Tel\u00e9fono<\/strong>: (+34) 948 329 200<br \/>\n<strong>Email<\/strong>: <a href=\"mailto:info@otazu.com\" target=\"_blank\" rel=\"noopener\">info@otazu.com<\/a>[\/vc_column_text][\/vc_column][\/vc_row]<\/p>\n","protected":false},"excerpt":{"rendered":"<p>[vc_row][vc_column width=&#8221;1\/1&#8243;][vc_column_text] Experiencia \u00fanica Se trata de una experiencia \u00fanica en la cual el paladar y las emociones se conjugan para crear una barrica de 225 litros de un ensamblaje \u00fanico de vino tinto con una etiqueta personalizada. En esta actividad, el grupo no solo aprende y realiza el ensamblaje del vino a su gusto, sino que se elabora una barrica completa de 225 litros que ser\u00e1 custodiada en nuestra Catedral del Vino durante todo el proceso de crianza. Los participantes firman su barrica y tambi\u00e9n tienen la oportunidad de dise\u00f1ar la etiqueta de las botellas. Cuando el vino est\u00e1 en su momento perfecto, nuestro personal lo embotella y las 300 botellas resultantes se etiquetan y se hacen llegar a los participantes. Idiomas: Castellano, Ingl\u00e9s y Franc\u00e9s Precio a Consultar Incluye: Visita completa al Se\u00f1or\u00edo de Otazu, la bodega, su museo y colecci\u00f3n de arte, actividad de Private Cellar Personas m\u00ednimas: 4 &#8211; Personas m\u00e1ximo: 20 Horarios Cita Previa: Consultar Disponibilidad[\/vc_column_text][\/vc_column][\/vc_row][vc_row][vc_column width=&#8221;1\/2&#8243;][\/vc_column][vc_column width=&#8221;1\/2&#8243;][vc_column_text]Entidad \/ empresa: BODEGA OTAZU Contacto: Marian San Mart\u00edn Tel\u00e9fono: (+34) 948 329 200 Email: info@otazu.com[\/vc_column_text][\/vc_column][\/vc_row]<\/p>\n","protected":false},"author":1,"featured_media":0,"parent":0,"menu_order":0,"comment_status":"closed","ping_status":"closed","template":"","meta":{"footnotes":""},"class_list":["post-10611","page","type-page","status-publish","hentry"],"yoast_head":"<!-- This site is optimized with the Yoast SEO plugin v23.5 - https:\/\/yoast.com\/wordpress\/plugins\/seo\/ -->\n<title>OTAZU PRIVATE CELLAROTAZU PRIVATE CELLAR - VisitNavarra<\/title>\n<meta name=\"description\" content=\"Experiencia \u00fanica en la cual el paladar y las emociones se conjugan para crear una barrica de 225 litros de un ensamblaje \u00fanico de vino tinto\" \/>\n<meta name=\"robots\" content=\"index, follow, max-snippet:-1, max-image-preview:large, max-video-preview:-1\" \/>\n<link rel=\"canonical\" href=\"https:\/\/visitnavarra.info\/visitnavarra\/otazu-private-cellar\/\" \/>\n<meta property=\"og:locale\" content=\"es_ES\" \/>\n<meta property=\"og:type\" content=\"article\" \/>\n<meta property=\"og:title\" content=\"OTAZU PRIVATE CELLAROTAZU PRIVATE CELLAR - VisitNavarra\" \/>\n<meta property=\"og:description\" content=\"Experiencia \u00fanica en la cual el paladar y las emociones se conjugan para crear una barrica de 225 litros de un ensamblaje \u00fanico de vino tinto\" \/>\n<meta property=\"og:url\" content=\"https:\/\/visitnavarra.info\/visitnavarra\/otazu-private-cellar\/\" \/>\n<meta property=\"og:site_name\" content=\"VisitNavarra\" \/>\n<meta property=\"article:modified_time\" content=\"2021-05-04T13:12:14+00:00\" \/>\n<meta property=\"og:image\" content=\"https:\/\/visitnavarra.info\/visitnavarra\/wp-content\/uploads\/2021\/05\/otazu-private-cellar-300x251.jpg\" \/>\n<meta name=\"twitter:card\" content=\"summary_large_image\" \/>\n<meta name=\"twitter:label1\" content=\"Tiempo de lectura\" \/>\n\t<meta name=\"twitter:data1\" content=\"1 minuto\" \/>\n<script type=\"application\/ld+json\" class=\"yoast-schema-graph\">{\"@context\":\"https:\/\/schema.org\",\"@graph\":[{\"@type\":\"WebPage\",\"@id\":\"https:\/\/visitnavarra.info\/visitnavarra\/otazu-private-cellar\/\",\"url\":\"https:\/\/visitnavarra.info\/visitnavarra\/otazu-private-cellar\/\",\"name\":\"OTAZU PRIVATE CELLAROTAZU PRIVATE CELLAR - VisitNavarra\",\"isPartOf\":{\"@id\":\"https:\/\/visitnavarra.info\/visitnavarra\/#website\"},\"primaryImageOfPage\":{\"@id\":\"https:\/\/visitnavarra.info\/visitnavarra\/otazu-private-cellar\/#primaryimage\"},\"image\":{\"@id\":\"https:\/\/visitnavarra.info\/visitnavarra\/otazu-private-cellar\/#primaryimage\"},\"thumbnailUrl\":\"https:\/\/visitnavarra.info\/visitnavarra\/wp-content\/uploads\/2021\/05\/otazu-private-cellar-300x251.jpg\",\"datePublished\":\"2021-05-04T12:03:54+00:00\",\"dateModified\":\"2021-05-04T13:12:14+00:00\",\"description\":\"Experiencia \u00fanica en la cual el paladar y las emociones se conjugan para crear una barrica de 225 litros de un ensamblaje \u00fanico de vino tinto\",\"breadcrumb\":{\"@id\":\"https:\/\/visitnavarra.info\/visitnavarra\/otazu-private-cellar\/#breadcrumb\"},\"inLanguage\":\"es\",\"potentialAction\":[{\"@type\":\"ReadAction\",\"target\":[\"https:\/\/visitnavarra.info\/visitnavarra\/otazu-private-cellar\/\"]}]},{\"@type\":\"ImageObject\",\"inLanguage\":\"es\",\"@id\":\"https:\/\/visitnavarra.info\/visitnavarra\/otazu-private-cellar\/#primaryimage\",\"url\":\"https:\/\/visitnavarra.info\/visitnavarra\/wp-content\/uploads\/2021\/05\/otazu-private-cellar.jpg\",\"contentUrl\":\"https:\/\/visitnavarra.info\/visitnavarra\/wp-content\/uploads\/2021\/05\/otazu-private-cellar.jpg\",\"width\":1500,\"height\":1256},{\"@type\":\"BreadcrumbList\",\"@id\":\"https:\/\/visitnavarra.info\/visitnavarra\/otazu-private-cellar\/#breadcrumb\",\"itemListElement\":[{\"@type\":\"ListItem\",\"position\":1,\"name\":\"Portada\",\"item\":\"https:\/\/visitnavarra.info\/visitnavarra\/\"},{\"@type\":\"ListItem\",\"position\":2,\"name\":\"OTAZU PRIVATE CELLAR\"}]},{\"@type\":\"WebSite\",\"@id\":\"https:\/\/visitnavarra.info\/visitnavarra\/#website\",\"url\":\"https:\/\/visitnavarra.info\/visitnavarra\/\",\"name\":\"VisitNavarra\",\"description\":\"Alojamiento y experiencias tur\u00edsticas en Navarra; qu\u00e9 visitar en Navarra; comer en Navarra\",\"potentialAction\":[{\"@type\":\"SearchAction\",\"target\":{\"@type\":\"EntryPoint\",\"urlTemplate\":\"https:\/\/visitnavarra.info\/visitnavarra\/?s={search_term_string}\"},\"query-input\":{\"@type\":\"PropertyValueSpecification\",\"valueRequired\":true,\"valueName\":\"search_term_string\"}}],\"inLanguage\":\"es\"}]}<\/script>\n<!-- \/ Yoast SEO plugin. -->","yoast_head_json":{"title":"OTAZU PRIVATE CELLAROTAZU PRIVATE CELLAR - VisitNavarra","description":"Experiencia \u00fanica en la cual el paladar y las emociones se conjugan para crear una barrica de 225 litros de un ensamblaje \u00fanico de vino tinto","robots":{"index":"index","follow":"follow","max-snippet":"max-snippet:-1","max-image-preview":"max-image-preview:large","max-video-preview":"max-video-preview:-1"},"canonical":"https:\/\/visitnavarra.info\/visitnavarra\/otazu-private-cellar\/","og_locale":"es_ES","og_type":"article","og_title":"OTAZU PRIVATE CELLAROTAZU PRIVATE CELLAR - VisitNavarra","og_description":"Experiencia \u00fanica en la cual el paladar y las emociones se conjugan para crear una barrica de 225 litros de un ensamblaje \u00fanico de vino tinto","og_url":"https:\/\/visitnavarra.info\/visitnavarra\/otazu-private-cellar\/","og_site_name":"VisitNavarra","article_modified_time":"2021-05-04T13:12:14+00:00","og_image":[{"url":"https:\/\/visitnavarra.info\/visitnavarra\/wp-content\/uploads\/2021\/05\/otazu-private-cellar-300x251.jpg"}],"twitter_card":"summary_large_image","twitter_misc":{"Tiempo de lectura":"1 minuto"},"schema":{"@context":"https:\/\/schema.org","@graph":[{"@type":"WebPage","@id":"https:\/\/visitnavarra.info\/visitnavarra\/otazu-private-cellar\/","url":"https:\/\/visitnavarra.info\/visitnavarra\/otazu-private-cellar\/","name":"OTAZU PRIVATE CELLAROTAZU PRIVATE CELLAR - VisitNavarra","isPartOf":{"@id":"https:\/\/visitnavarra.info\/visitnavarra\/#website"},"primaryImageOfPage":{"@id":"https:\/\/visitnavarra.info\/visitnavarra\/otazu-private-cellar\/#primaryimage"},"image":{"@id":"https:\/\/visitnavarra.info\/visitnavarra\/otazu-private-cellar\/#primaryimage"},"thumbnailUrl":"https:\/\/visitnavarra.info\/visitnavarra\/wp-content\/uploads\/2021\/05\/otazu-private-cellar-300x251.jpg","datePublished":"2021-05-04T12:03:54+00:00","dateModified":"2021-05-04T13:12:14+00:00","description":"Experiencia \u00fanica en la cual el paladar y las emociones se conjugan para crear una barrica de 225 litros de un ensamblaje \u00fanico de vino tinto","breadcrumb":{"@id":"https:\/\/visitnavarra.info\/visitnavarra\/otazu-private-cellar\/#breadcrumb"},"inLanguage":"es","potentialAction":[{"@type":"ReadAction","target":["https:\/\/visitnavarra.info\/visitnavarra\/otazu-private-cellar\/"]}]},{"@type":"ImageObject","inLanguage":"es","@id":"https:\/\/visitnavarra.info\/visitnavarra\/otazu-private-cellar\/#primaryimage","url":"https:\/\/visitnavarra.info\/visitnavarra\/wp-content\/uploads\/2021\/05\/otazu-private-cellar.jpg","contentUrl":"https:\/\/visitnavarra.info\/visitnavarra\/wp-content\/uploads\/2021\/05\/otazu-private-cellar.jpg","width":1500,"height":1256},{"@type":"BreadcrumbList","@id":"https:\/\/visitnavarra.info\/visitnavarra\/otazu-private-cellar\/#breadcrumb","itemListElement":[{"@type":"ListItem","position":1,"name":"Portada","item":"https:\/\/visitnavarra.info\/visitnavarra\/"},{"@type":"ListItem","position":2,"name":"OTAZU PRIVATE CELLAR"}]},{"@type":"WebSite","@id":"https:\/\/visitnavarra.info\/visitnavarra\/#website","url":"https:\/\/visitnavarra.info\/visitnavarra\/","name":"VisitNavarra","description":"Alojamiento y experiencias tur\u00edsticas en Navarra; qu\u00e9 visitar en Navarra; comer en Navarra","potentialAction":[{"@type":"SearchAction","target":{"@type":"EntryPoint","urlTemplate":"https:\/\/visitnavarra.info\/visitnavarra\/?s={search_term_string}"},"query-input":{"@type":"PropertyValueSpecification","valueRequired":true,"valueName":"search_term_string"}}],"inLanguage":"es"}]}},"_links":{"self":[{"href":"https:\/\/visitnavarra.info\/visitnavarra\/wp-json\/wp\/v2\/pages\/10611","targetHints":{"allow":["GET"]}}],"collection":[{"href":"https:\/\/visitnavarra.info\/visitnavarra\/wp-json\/wp\/v2\/pages"}],"about":[{"href":"https:\/\/visitnavarra.info\/visitnavarra\/wp-json\/wp\/v2\/types\/page"}],"author":[{"embeddable":true,"href":"https:\/\/visitnavarra.info\/visitnavarra\/wp-json\/wp\/v2\/users\/1"}],"replies":[{"embeddable":true,"href":"https:\/\/visitnavarra.info\/visitnavarra\/wp-json\/wp\/v2\/comments?post=10611"}],"version-history":[{"count":3,"href":"https:\/\/visitnavarra.info\/visitnavarra\/wp-json\/wp\/v2\/pages\/10611\/revisions"}],"predecessor-version":[{"id":10633,"href":"https:\/\/visitnavarra.info\/visitnavarra\/wp-json\/wp\/v2\/pages\/10611\/revisions\/10633"}],"wp:attachment":[{"href":"https:\/\/visitnavarra.info\/visitnavarra\/wp-json\/wp\/v2\/media?parent=10611"}],"curies":[{"name":"wp","href":"https:\/\/api.w.org\/{rel}","templated":true}]}}