{"id":10648,"date":"2021-05-04T13:49:53","date_gmt":"2021-05-04T13:49:53","guid":{"rendered":"https:\/\/visitnavarra.info\/visitnavarra\/?page_id=10648"},"modified":"2021-05-04T13:53:02","modified_gmt":"2021-05-04T13:53:02","slug":"una-boda-entre-vinedos","status":"publish","type":"page","link":"https:\/\/visitnavarra.info\/visitnavarra\/una-boda-entre-vinedos\/","title":{"rendered":"UNA BODA ENTRE VI\u00d1EDOS"},"content":{"rendered":"<p>[vc_row][vc_column width=&#8221;1\/1&#8243;][vc_column_text]<\/p>\n<h5><strong> <img loading=\"lazy\" decoding=\"async\" class=\" wp-image-10649 alignleft\" src=\"https:\/\/visitnavarra.info\/visitnavarra\/wp-content\/uploads\/2021\/05\/otazu-bodas-letras-Lise-Boursier-300x200.jpg\" alt=\"\" width=\"372\" height=\"248\" srcset=\"https:\/\/visitnavarra.info\/visitnavarra\/wp-content\/uploads\/2021\/05\/otazu-bodas-letras-Lise-Boursier-300x200.jpg 300w, https:\/\/visitnavarra.info\/visitnavarra\/wp-content\/uploads\/2021\/05\/otazu-bodas-letras-Lise-Boursier-1024x683.jpg 1024w, https:\/\/visitnavarra.info\/visitnavarra\/wp-content\/uploads\/2021\/05\/otazu-bodas-letras-Lise-Boursier-768x512.jpg 768w, https:\/\/visitnavarra.info\/visitnavarra\/wp-content\/uploads\/2021\/05\/otazu-bodas-letras-Lise-Boursier-600x400.jpg 600w, https:\/\/visitnavarra.info\/visitnavarra\/wp-content\/uploads\/2021\/05\/otazu-bodas-letras-Lise-Boursier.jpg 1500w\" sizes=\"auto, (max-width: 372px) 100vw, 372px\" \/>Bodega Otazu es un entorno id\u00edlico para celebrar bodas de ensue\u00f1o.<\/strong><\/h5>\n<p>Un lugar especial donde el patrimonio art\u00edstico, el arte contempor\u00e1neo y la arquitectura vanguardista se fusionan de manera \u00fanica.<\/p>\n<p>Ceremonia civil entre vi\u00f1edos o religiosa en su iglesia rom\u00e1nica del siglo XII, San Esteban, comida o cena de alta gastronom\u00eda elaborada por nuestro servicio de restauraci\u00f3n BB Otazu, reportaje de fotos&#8230; Una celebraci\u00f3n \u00fanica y llena de encanto en un paraje de ensue\u00f1o.<\/p>\n<p><strong>Idiomas<\/strong>: Castellano, Ingl\u00e9s y Franc\u00e9s<em><strong><img loading=\"lazy\" decoding=\"async\" class=\"size-medium wp-image-10653 alignright\" src=\"https:\/\/visitnavarra.info\/visitnavarra\/wp-content\/uploads\/2021\/05\/otazu-bodas-novios-Lise-Boursier-300x200.jpg\" alt=\"\" width=\"300\" height=\"200\" srcset=\"https:\/\/visitnavarra.info\/visitnavarra\/wp-content\/uploads\/2021\/05\/otazu-bodas-novios-Lise-Boursier-300x200.jpg 300w, https:\/\/visitnavarra.info\/visitnavarra\/wp-content\/uploads\/2021\/05\/otazu-bodas-novios-Lise-Boursier-1024x683.jpg 1024w, https:\/\/visitnavarra.info\/visitnavarra\/wp-content\/uploads\/2021\/05\/otazu-bodas-novios-Lise-Boursier-768x512.jpg 768w, https:\/\/visitnavarra.info\/visitnavarra\/wp-content\/uploads\/2021\/05\/otazu-bodas-novios-Lise-Boursier-600x400.jpg 600w, https:\/\/visitnavarra.info\/visitnavarra\/wp-content\/uploads\/2021\/05\/otazu-bodas-novios-Lise-Boursier.jpg 1500w\" sizes=\"auto, (max-width: 300px) 100vw, 300px\" \/><\/strong><\/em><br \/>\n<strong>Horario<\/strong>: Consultar disponibilidad<br \/>\n<strong>Precios a Consultar<\/strong><br \/>\n<strong>Personas M\u00ednimo:<\/strong> 50 &#8211; Personas M\u00e1ximo: 300<br \/>\n<strong>Incluye:<\/strong> Alquiler de los espacios, aperitivo, comida o cena<\/p>\n<p><em><strong>10% Comisi\u00f3n touroperadores y agencias<\/strong><\/em>[\/vc_column_text][\/vc_column][\/vc_row][vc_row][vc_column width=&#8221;1\/1&#8243;]<div class=\"spacer\" style=\"height: 40px;\"><\/div>[\/vc_column][\/vc_row][vc_row][vc_column width=&#8221;1\/2&#8243;]<div class=\"single_image wpb_content_element align-right    \" data-animation=\"none\" data-delay=\"0\"><img loading=\"lazy\" decoding=\"async\" class=\"\" src=\"https:\/\/visitnavarra.info\/visitnavarra\/wp-content\/uploads\/2021\/02\/BODEGA-OTAZU-200x200.jpg\" width=\"200\" height=\"200\" alt=\"Logo Bodega Otazu\" title=\"BODEGA-OTAZU\" \/><\/div>[\/vc_column][vc_column width=&#8221;1\/2&#8243;][vc_column_text]<\/p>\n<p><strong>Entidad \/Empresa:<\/strong> BODEGA OTAZU<br \/>\n<strong>Persona de Contacto:<\/strong> Paz Doria<br \/>\n<strong>Tel\u00e9fono:<\/strong> (+34) 948 329 200<br \/>\n<strong>Email:<\/strong> <a href=\"mailto:paz@bbotazu.com\" target=\"_blank\" rel=\"noopener\">paz@bbotazu.com<\/a>[\/vc_column_text][\/vc_column][\/vc_row]<\/p>\n","protected":false},"excerpt":{"rendered":"<p>[vc_row][vc_column width=&#8221;1\/1&#8243;][vc_column_text] Bodega Otazu es un entorno id\u00edlico para celebrar bodas de ensue\u00f1o. Un lugar especial donde el patrimonio art\u00edstico, el arte contempor\u00e1neo y la arquitectura vanguardista se fusionan de manera \u00fanica. Ceremonia civil entre vi\u00f1edos o religiosa en su iglesia rom\u00e1nica del siglo XII, San Esteban, comida o cena de alta gastronom\u00eda elaborada por nuestro servicio de restauraci\u00f3n BB Otazu, reportaje de fotos&#8230; Una celebraci\u00f3n \u00fanica y llena de encanto en un paraje de ensue\u00f1o. Idiomas: Castellano, Ingl\u00e9s y Franc\u00e9s Horario: Consultar disponibilidad Precios a Consultar Personas M\u00ednimo: 50 &#8211; Personas M\u00e1ximo: 300 Incluye: Alquiler de los espacios, aperitivo, comida o cena 10% Comisi\u00f3n touroperadores y agencias[\/vc_column_text][\/vc_column][\/vc_row][vc_row][vc_column width=&#8221;1\/1&#8243;][\/vc_column][\/vc_row][vc_row][vc_column width=&#8221;1\/2&#8243;][\/vc_column][vc_column width=&#8221;1\/2&#8243;][vc_column_text] Entidad \/Empresa: BODEGA OTAZU Persona de Contacto: Paz Doria Tel\u00e9fono: (+34) 948 329 200 Email: paz@bbotazu.com[\/vc_column_text][\/vc_column][\/vc_row]<\/p>\n","protected":false},"author":1,"featured_media":0,"parent":0,"menu_order":0,"comment_status":"closed","ping_status":"closed","template":"","meta":{"footnotes":""},"class_list":["post-10648","page","type-page","status-publish","hentry"],"yoast_head":"<!-- This site is optimized with the Yoast SEO plugin v23.5 - https:\/\/yoast.com\/wordpress\/plugins\/seo\/ -->\n<title>BODEGAS OTAZU UNA BODA ENTRE VI\u00d1EDOS - VisitNavarra<\/title>\n<meta name=\"description\" content=\"Bodega Otazu es un entorno id\u00edlico para celebrar bodas de ensue\u00f1o. Ceremonia civil entre vi\u00f1edos o religiosa en su iglesia rom\u00e1nica del SXII.\" \/>\n<meta name=\"robots\" content=\"index, follow, max-snippet:-1, max-image-preview:large, max-video-preview:-1\" \/>\n<link rel=\"canonical\" href=\"https:\/\/visitnavarra.info\/visitnavarra\/una-boda-entre-vinedos\/\" \/>\n<meta property=\"og:locale\" content=\"es_ES\" \/>\n<meta property=\"og:type\" content=\"article\" \/>\n<meta property=\"og:title\" content=\"BODEGAS OTAZU UNA BODA ENTRE VI\u00d1EDOS - VisitNavarra\" \/>\n<meta property=\"og:description\" content=\"Bodega Otazu es un entorno id\u00edlico para celebrar bodas de ensue\u00f1o. Ceremonia civil entre vi\u00f1edos o religiosa en su iglesia rom\u00e1nica del SXII.\" \/>\n<meta property=\"og:url\" content=\"https:\/\/visitnavarra.info\/visitnavarra\/una-boda-entre-vinedos\/\" \/>\n<meta property=\"og:site_name\" content=\"VisitNavarra\" \/>\n<meta property=\"article:modified_time\" content=\"2021-05-04T13:53:02+00:00\" \/>\n<meta property=\"og:image\" content=\"https:\/\/visitnavarra.info\/visitnavarra\/wp-content\/uploads\/2021\/05\/otazu-bodas-letras-Lise-Boursier-300x200.jpg\" \/>\n<meta name=\"twitter:card\" content=\"summary_large_image\" \/>\n<meta name=\"twitter:label1\" content=\"Tiempo de lectura\" \/>\n\t<meta name=\"twitter:data1\" content=\"1 minuto\" \/>\n<script type=\"application\/ld+json\" class=\"yoast-schema-graph\">{\"@context\":\"https:\/\/schema.org\",\"@graph\":[{\"@type\":\"WebPage\",\"@id\":\"https:\/\/visitnavarra.info\/visitnavarra\/una-boda-entre-vinedos\/\",\"url\":\"https:\/\/visitnavarra.info\/visitnavarra\/una-boda-entre-vinedos\/\",\"name\":\"BODEGAS OTAZU UNA BODA ENTRE VI\u00d1EDOS - VisitNavarra\",\"isPartOf\":{\"@id\":\"https:\/\/visitnavarra.info\/visitnavarra\/#website\"},\"primaryImageOfPage\":{\"@id\":\"https:\/\/visitnavarra.info\/visitnavarra\/una-boda-entre-vinedos\/#primaryimage\"},\"image\":{\"@id\":\"https:\/\/visitnavarra.info\/visitnavarra\/una-boda-entre-vinedos\/#primaryimage\"},\"thumbnailUrl\":\"https:\/\/visitnavarra.info\/visitnavarra\/wp-content\/uploads\/2021\/05\/otazu-bodas-letras-Lise-Boursier-300x200.jpg\",\"datePublished\":\"2021-05-04T13:49:53+00:00\",\"dateModified\":\"2021-05-04T13:53:02+00:00\",\"description\":\"Bodega Otazu es un entorno id\u00edlico para celebrar bodas de ensue\u00f1o. Ceremonia civil entre vi\u00f1edos o religiosa en su iglesia rom\u00e1nica del SXII.\",\"breadcrumb\":{\"@id\":\"https:\/\/visitnavarra.info\/visitnavarra\/una-boda-entre-vinedos\/#breadcrumb\"},\"inLanguage\":\"es\",\"potentialAction\":[{\"@type\":\"ReadAction\",\"target\":[\"https:\/\/visitnavarra.info\/visitnavarra\/una-boda-entre-vinedos\/\"]}]},{\"@type\":\"ImageObject\",\"inLanguage\":\"es\",\"@id\":\"https:\/\/visitnavarra.info\/visitnavarra\/una-boda-entre-vinedos\/#primaryimage\",\"url\":\"https:\/\/visitnavarra.info\/visitnavarra\/wp-content\/uploads\/2021\/05\/otazu-bodas-letras-Lise-Boursier.jpg\",\"contentUrl\":\"https:\/\/visitnavarra.info\/visitnavarra\/wp-content\/uploads\/2021\/05\/otazu-bodas-letras-Lise-Boursier.jpg\",\"width\":1500,\"height\":1000},{\"@type\":\"BreadcrumbList\",\"@id\":\"https:\/\/visitnavarra.info\/visitnavarra\/una-boda-entre-vinedos\/#breadcrumb\",\"itemListElement\":[{\"@type\":\"ListItem\",\"position\":1,\"name\":\"Portada\",\"item\":\"https:\/\/visitnavarra.info\/visitnavarra\/\"},{\"@type\":\"ListItem\",\"position\":2,\"name\":\"UNA BODA ENTRE VI\u00d1EDOS\"}]},{\"@type\":\"WebSite\",\"@id\":\"https:\/\/visitnavarra.info\/visitnavarra\/#website\",\"url\":\"https:\/\/visitnavarra.info\/visitnavarra\/\",\"name\":\"VisitNavarra\",\"description\":\"Alojamiento y experiencias tur\u00edsticas en Navarra; qu\u00e9 visitar en Navarra; comer en Navarra\",\"potentialAction\":[{\"@type\":\"SearchAction\",\"target\":{\"@type\":\"EntryPoint\",\"urlTemplate\":\"https:\/\/visitnavarra.info\/visitnavarra\/?s={search_term_string}\"},\"query-input\":{\"@type\":\"PropertyValueSpecification\",\"valueRequired\":true,\"valueName\":\"search_term_string\"}}],\"inLanguage\":\"es\"}]}<\/script>\n<!-- \/ Yoast SEO plugin. -->","yoast_head_json":{"title":"BODEGAS OTAZU UNA BODA ENTRE VI\u00d1EDOS - VisitNavarra","description":"Bodega Otazu es un entorno id\u00edlico para celebrar bodas de ensue\u00f1o. Ceremonia civil entre vi\u00f1edos o religiosa en su iglesia rom\u00e1nica del SXII.","robots":{"index":"index","follow":"follow","max-snippet":"max-snippet:-1","max-image-preview":"max-image-preview:large","max-video-preview":"max-video-preview:-1"},"canonical":"https:\/\/visitnavarra.info\/visitnavarra\/una-boda-entre-vinedos\/","og_locale":"es_ES","og_type":"article","og_title":"BODEGAS OTAZU UNA BODA ENTRE VI\u00d1EDOS - VisitNavarra","og_description":"Bodega Otazu es un entorno id\u00edlico para celebrar bodas de ensue\u00f1o. Ceremonia civil entre vi\u00f1edos o religiosa en su iglesia rom\u00e1nica del SXII.","og_url":"https:\/\/visitnavarra.info\/visitnavarra\/una-boda-entre-vinedos\/","og_site_name":"VisitNavarra","article_modified_time":"2021-05-04T13:53:02+00:00","og_image":[{"url":"https:\/\/visitnavarra.info\/visitnavarra\/wp-content\/uploads\/2021\/05\/otazu-bodas-letras-Lise-Boursier-300x200.jpg"}],"twitter_card":"summary_large_image","twitter_misc":{"Tiempo de lectura":"1 minuto"},"schema":{"@context":"https:\/\/schema.org","@graph":[{"@type":"WebPage","@id":"https:\/\/visitnavarra.info\/visitnavarra\/una-boda-entre-vinedos\/","url":"https:\/\/visitnavarra.info\/visitnavarra\/una-boda-entre-vinedos\/","name":"BODEGAS OTAZU UNA BODA ENTRE VI\u00d1EDOS - VisitNavarra","isPartOf":{"@id":"https:\/\/visitnavarra.info\/visitnavarra\/#website"},"primaryImageOfPage":{"@id":"https:\/\/visitnavarra.info\/visitnavarra\/una-boda-entre-vinedos\/#primaryimage"},"image":{"@id":"https:\/\/visitnavarra.info\/visitnavarra\/una-boda-entre-vinedos\/#primaryimage"},"thumbnailUrl":"https:\/\/visitnavarra.info\/visitnavarra\/wp-content\/uploads\/2021\/05\/otazu-bodas-letras-Lise-Boursier-300x200.jpg","datePublished":"2021-05-04T13:49:53+00:00","dateModified":"2021-05-04T13:53:02+00:00","description":"Bodega Otazu es un entorno id\u00edlico para celebrar bodas de ensue\u00f1o. Ceremonia civil entre vi\u00f1edos o religiosa en su iglesia rom\u00e1nica del SXII.","breadcrumb":{"@id":"https:\/\/visitnavarra.info\/visitnavarra\/una-boda-entre-vinedos\/#breadcrumb"},"inLanguage":"es","potentialAction":[{"@type":"ReadAction","target":["https:\/\/visitnavarra.info\/visitnavarra\/una-boda-entre-vinedos\/"]}]},{"@type":"ImageObject","inLanguage":"es","@id":"https:\/\/visitnavarra.info\/visitnavarra\/una-boda-entre-vinedos\/#primaryimage","url":"https:\/\/visitnavarra.info\/visitnavarra\/wp-content\/uploads\/2021\/05\/otazu-bodas-letras-Lise-Boursier.jpg","contentUrl":"https:\/\/visitnavarra.info\/visitnavarra\/wp-content\/uploads\/2021\/05\/otazu-bodas-letras-Lise-Boursier.jpg","width":1500,"height":1000},{"@type":"BreadcrumbList","@id":"https:\/\/visitnavarra.info\/visitnavarra\/una-boda-entre-vinedos\/#breadcrumb","itemListElement":[{"@type":"ListItem","position":1,"name":"Portada","item":"https:\/\/visitnavarra.info\/visitnavarra\/"},{"@type":"ListItem","position":2,"name":"UNA BODA ENTRE VI\u00d1EDOS"}]},{"@type":"WebSite","@id":"https:\/\/visitnavarra.info\/visitnavarra\/#website","url":"https:\/\/visitnavarra.info\/visitnavarra\/","name":"VisitNavarra","description":"Alojamiento y experiencias tur\u00edsticas en Navarra; qu\u00e9 visitar en Navarra; comer en Navarra","potentialAction":[{"@type":"SearchAction","target":{"@type":"EntryPoint","urlTemplate":"https:\/\/visitnavarra.info\/visitnavarra\/?s={search_term_string}"},"query-input":{"@type":"PropertyValueSpecification","valueRequired":true,"valueName":"search_term_string"}}],"inLanguage":"es"}]}},"_links":{"self":[{"href":"https:\/\/visitnavarra.info\/visitnavarra\/wp-json\/wp\/v2\/pages\/10648","targetHints":{"allow":["GET"]}}],"collection":[{"href":"https:\/\/visitnavarra.info\/visitnavarra\/wp-json\/wp\/v2\/pages"}],"about":[{"href":"https:\/\/visitnavarra.info\/visitnavarra\/wp-json\/wp\/v2\/types\/page"}],"author":[{"embeddable":true,"href":"https:\/\/visitnavarra.info\/visitnavarra\/wp-json\/wp\/v2\/users\/1"}],"replies":[{"embeddable":true,"href":"https:\/\/visitnavarra.info\/visitnavarra\/wp-json\/wp\/v2\/comments?post=10648"}],"version-history":[{"count":5,"href":"https:\/\/visitnavarra.info\/visitnavarra\/wp-json\/wp\/v2\/pages\/10648\/revisions"}],"predecessor-version":[{"id":10661,"href":"https:\/\/visitnavarra.info\/visitnavarra\/wp-json\/wp\/v2\/pages\/10648\/revisions\/10661"}],"wp:attachment":[{"href":"https:\/\/visitnavarra.info\/visitnavarra\/wp-json\/wp\/v2\/media?parent=10648"}],"curies":[{"name":"wp","href":"https:\/\/api.w.org\/{rel}","templated":true}]}}