{"id":10702,"date":"2021-05-05T09:20:33","date_gmt":"2021-05-05T09:20:33","guid":{"rendered":"https:\/\/visitnavarra.info\/visitnavarra\/?page_id=10702"},"modified":"2023-11-06T14:52:32","modified_gmt":"2023-11-06T14:52:32","slug":"en-buggy-por-los-vinedos","status":"publish","type":"page","link":"https:\/\/visitnavarra.info\/visitnavarra\/en-buggy-por-los-vinedos\/","title":{"rendered":"EN BUGGY POR LOS VI\u00d1EDOS"},"content":{"rendered":"<p>[vc_row][vc_column width=&#8221;1\/1&#8243;][vc_column_text]<strong><img loading=\"lazy\" decoding=\"async\" class=\"size-medium wp-image-10728 alignleft\" src=\"https:\/\/visitnavarra.info\/visitnavarra\/wp-content\/uploads\/2021\/05\/buggy-vinedos-1-activa-experience-300x199.jpg\" alt=\"\" width=\"300\" height=\"199\" srcset=\"https:\/\/visitnavarra.info\/visitnavarra\/wp-content\/uploads\/2021\/05\/buggy-vinedos-1-activa-experience-300x199.jpg 300w, https:\/\/visitnavarra.info\/visitnavarra\/wp-content\/uploads\/2021\/05\/buggy-vinedos-1-activa-experience-768x510.jpg 768w, https:\/\/visitnavarra.info\/visitnavarra\/wp-content\/uploads\/2021\/05\/buggy-vinedos-1-activa-experience-600x400.jpg 600w, https:\/\/visitnavarra.info\/visitnavarra\/wp-content\/uploads\/2021\/05\/buggy-vinedos-1-activa-experience.jpg 950w\" sizes=\"auto, (max-width: 300px) 100vw, 300px\" \/>Ruta en buggy entre los vi\u00f1edos de Cascante<\/strong> con paradas interpretativas en compa\u00f1\u00eda de personal t\u00e9cnico de la bodega.<\/p>\n<p>Partiendo desde la bodega con nuestros<strong> buggies 6 plazas o en nuestros 4\u00d74<\/strong>, recorreremos los campos donde se vendimian las uvas para estos vinos tan caracter\u00edsticos de la zona.<\/p>\n<p>Se realizar\u00e1 una <strong>cata en ruta<\/strong> de un vino de la bodega.<\/p>\n<p>Regresando a la misma, se har\u00e1 la <strong>visita a la bodega y posteriormente una degustaci\u00f3n<\/strong> para apreciar las diferentes cualidades y rasgos de estos diversos vinos y repasar lo aprendido en ruta.<\/p>\n<p><strong>Fechas<\/strong>: Previsto para domingos desde 15 septiembre a finales octubre<br \/>\n<strong>Hora<\/strong>: 10:30 horas de la ma\u00f1ana.<br \/>\n<strong>Duraci\u00f3n<\/strong>: 2 horas<\/p>\n<p><strong>Precios<\/strong>:<img loading=\"lazy\" decoding=\"async\" class=\"size-medium wp-image-10732 alignright\" src=\"https:\/\/visitnavarra.info\/visitnavarra\/wp-content\/uploads\/2021\/05\/buggy-vinedos-activa-experience-300x193.jpg\" alt=\"\" width=\"300\" height=\"193\" srcset=\"https:\/\/visitnavarra.info\/visitnavarra\/wp-content\/uploads\/2021\/05\/buggy-vinedos-activa-experience-300x193.jpg 300w, https:\/\/visitnavarra.info\/visitnavarra\/wp-content\/uploads\/2021\/05\/buggy-vinedos-activa-experience-768x493.jpg 768w, https:\/\/visitnavarra.info\/visitnavarra\/wp-content\/uploads\/2021\/05\/buggy-vinedos-activa-experience.jpg 952w\" sizes=\"auto, (max-width: 300px) 100vw, 300px\" \/><\/p>\n<ul>\n<li>Ruta en buggy, cata, visita bodega y degustaci\u00f3n: 55\u20ac por persona<\/li>\n<li>Ruta en 4\u00d74, cata, visita bodega y degustaci\u00f3n: 40\u20ac por persona<\/li>\n<\/ul>\n<p><strong><em>Consultar precios para grupos.<\/em><\/strong>[\/vc_column_text][\/vc_column][\/vc_row][vc_row][vc_column width=&#8221;1\/1&#8243;]<div class=\"spacer\" style=\"height: 40px;\"><\/div>[\/vc_column][\/vc_row][vc_row][vc_column width=&#8221;1\/2&#8243;]<div class=\"single_image wpb_content_element align-right    \" data-animation=\"none\" data-delay=\"0\"><img loading=\"lazy\" decoding=\"async\" width=\"483\" height=\"214\" src=\"https:\/\/visitnavarra.info\/visitnavarra\/wp-content\/uploads\/2023\/11\/logo-activa-experience-nuevo.jpg\" class=\"attachment-full\" alt=\"Logo de la Empresa Activa Experience de Turismo activo, agencia de viajes y servicios de producci\u00f3n de cine\" srcset=\"https:\/\/visitnavarra.info\/visitnavarra\/wp-content\/uploads\/2023\/11\/logo-activa-experience-nuevo.jpg 483w, https:\/\/visitnavarra.info\/visitnavarra\/wp-content\/uploads\/2023\/11\/logo-activa-experience-nuevo-300x133.jpg 300w, https:\/\/visitnavarra.info\/visitnavarra\/wp-content\/uploads\/2023\/11\/logo-activa-experience-nuevo-320x142.jpg 320w, https:\/\/visitnavarra.info\/visitnavarra\/wp-content\/uploads\/2023\/11\/logo-activa-experience-nuevo-480x213.jpg 480w\" sizes=\"auto, (max-width: 483px) 100vw, 483px\" \/><\/div>[\/vc_column][vc_column width=&#8221;1\/2&#8243;][vc_column_text]<strong>Entidad \/ empresa:<\/strong> ACTIVA EXPERIENCE<br \/>\n<strong>Direcci\u00f3n:<\/strong> Ctra N121C, Tudela &#8211; Tarazona, km 7, 7, 31520 Cascante, Navarra<br \/>\n<strong>Tel\u00e9fono:<\/strong> (+34) 948 850 448 | (+34) 654 500 512<br \/>\n<strong>Persona Contacto:<\/strong> Stefania Guinea<br \/>\n<strong>Mail:<\/strong> <a href=\"mailto:info@activaexperience.com\">info@activaexperience.com<\/a><br \/>\n<strong>Web:<\/strong> <a href=\"http:\/\/www.activaexperience.com\" target=\"_blank\" rel=\"noopener\">www.activaexperience.com<\/a><br \/>\n<strong>N\u00ba Reg. Turismo:<\/strong> UETAC0015[\/vc_column_text][\/vc_column][\/vc_row]<\/p>\n","protected":false},"excerpt":{"rendered":"<p>[vc_row][vc_column width=&#8221;1\/1&#8243;][vc_column_text]Ruta en buggy entre los vi\u00f1edos de Cascante con paradas interpretativas en compa\u00f1\u00eda de personal t\u00e9cnico de la bodega. Partiendo desde la bodega con nuestros buggies 6 plazas o en nuestros 4\u00d74, recorreremos los campos donde se vendimian las uvas para estos vinos tan caracter\u00edsticos de la zona. Se realizar\u00e1 una cata en ruta de un vino de la bodega. Regresando a la misma, se har\u00e1 la visita a la bodega y posteriormente una degustaci\u00f3n para apreciar las diferentes cualidades y rasgos de estos diversos vinos y repasar lo aprendido en ruta. Fechas: Previsto para domingos desde 15 septiembre a finales octubre Hora: 10:30 horas de la ma\u00f1ana. Duraci\u00f3n: 2 horas Precios: Ruta en buggy, cata, visita bodega y degustaci\u00f3n: 55\u20ac por persona Ruta en 4\u00d74, cata, visita bodega y degustaci\u00f3n: 40\u20ac por persona Consultar precios para grupos.[\/vc_column_text][\/vc_column][\/vc_row][vc_row][vc_column width=&#8221;1\/1&#8243;][\/vc_column][\/vc_row][vc_row][vc_column width=&#8221;1\/2&#8243;][\/vc_column][vc_column width=&#8221;1\/2&#8243;][vc_column_text]Entidad \/ empresa: ACTIVA EXPERIENCE Direcci\u00f3n: Ctra N121C, Tudela &#8211; Tarazona, km 7, 7, 31520 Cascante, Navarra Tel\u00e9fono: (+34) 948 850 448 | (+34) 654 500 512 Persona Contacto: Stefania Guinea Mail: info@activaexperience.com Web: www.activaexperience.com N\u00ba Reg. Turismo: UETAC0015[\/vc_column_text][\/vc_column][\/vc_row]<\/p>\n","protected":false},"author":1,"featured_media":0,"parent":0,"menu_order":0,"comment_status":"closed","ping_status":"closed","template":"","meta":{"footnotes":""},"class_list":["post-10702","page","type-page","status-publish","hentry"],"yoast_head":"<!-- This site is optimized with the Yoast SEO plugin v23.5 - https:\/\/yoast.com\/wordpress\/plugins\/seo\/ -->\n<title>EN BUGGY POR LOS VI\u00d1EDOS - VisitNavarra<\/title>\n<meta name=\"description\" content=\"Ruta en buggy entre los vi\u00f1edos de Cascante con paradasinterpretativas en compa\u00f1\u00eda de personal t\u00e9cnico de la bodega.\" \/>\n<meta name=\"robots\" content=\"index, follow, max-snippet:-1, max-image-preview:large, max-video-preview:-1\" \/>\n<link rel=\"canonical\" href=\"https:\/\/visitnavarra.info\/visitnavarra\/en-buggy-por-los-vinedos\/\" \/>\n<meta property=\"og:locale\" content=\"es_ES\" \/>\n<meta property=\"og:type\" content=\"article\" \/>\n<meta property=\"og:title\" content=\"EN BUGGY POR LOS VI\u00d1EDOS - VisitNavarra\" \/>\n<meta property=\"og:description\" content=\"Ruta en buggy entre los vi\u00f1edos de Cascante con paradasinterpretativas en compa\u00f1\u00eda de personal t\u00e9cnico de la bodega.\" \/>\n<meta property=\"og:url\" content=\"https:\/\/visitnavarra.info\/visitnavarra\/en-buggy-por-los-vinedos\/\" \/>\n<meta property=\"og:site_name\" content=\"VisitNavarra\" \/>\n<meta property=\"article:modified_time\" content=\"2023-11-06T14:52:32+00:00\" \/>\n<meta property=\"og:image\" content=\"https:\/\/visitnavarra.info\/visitnavarra\/wp-content\/uploads\/2021\/05\/buggy-vinedos-1-activa-experience-300x199.jpg\" \/>\n<meta name=\"twitter:card\" content=\"summary_large_image\" \/>\n<meta name=\"twitter:label1\" content=\"Tiempo de lectura\" \/>\n\t<meta name=\"twitter:data1\" content=\"2 minutos\" \/>\n<script type=\"application\/ld+json\" class=\"yoast-schema-graph\">{\"@context\":\"https:\/\/schema.org\",\"@graph\":[{\"@type\":\"WebPage\",\"@id\":\"https:\/\/visitnavarra.info\/visitnavarra\/en-buggy-por-los-vinedos\/\",\"url\":\"https:\/\/visitnavarra.info\/visitnavarra\/en-buggy-por-los-vinedos\/\",\"name\":\"EN BUGGY POR LOS VI\u00d1EDOS - VisitNavarra\",\"isPartOf\":{\"@id\":\"https:\/\/visitnavarra.info\/visitnavarra\/#website\"},\"primaryImageOfPage\":{\"@id\":\"https:\/\/visitnavarra.info\/visitnavarra\/en-buggy-por-los-vinedos\/#primaryimage\"},\"image\":{\"@id\":\"https:\/\/visitnavarra.info\/visitnavarra\/en-buggy-por-los-vinedos\/#primaryimage\"},\"thumbnailUrl\":\"https:\/\/visitnavarra.info\/visitnavarra\/wp-content\/uploads\/2021\/05\/buggy-vinedos-1-activa-experience-300x199.jpg\",\"datePublished\":\"2021-05-05T09:20:33+00:00\",\"dateModified\":\"2023-11-06T14:52:32+00:00\",\"description\":\"Ruta en buggy entre los vi\u00f1edos de Cascante con paradasinterpretativas en compa\u00f1\u00eda de personal t\u00e9cnico de la bodega.\",\"breadcrumb\":{\"@id\":\"https:\/\/visitnavarra.info\/visitnavarra\/en-buggy-por-los-vinedos\/#breadcrumb\"},\"inLanguage\":\"es\",\"potentialAction\":[{\"@type\":\"ReadAction\",\"target\":[\"https:\/\/visitnavarra.info\/visitnavarra\/en-buggy-por-los-vinedos\/\"]}]},{\"@type\":\"ImageObject\",\"inLanguage\":\"es\",\"@id\":\"https:\/\/visitnavarra.info\/visitnavarra\/en-buggy-por-los-vinedos\/#primaryimage\",\"url\":\"https:\/\/visitnavarra.info\/visitnavarra\/wp-content\/uploads\/2021\/05\/buggy-vinedos-1-activa-experience.jpg\",\"contentUrl\":\"https:\/\/visitnavarra.info\/visitnavarra\/wp-content\/uploads\/2021\/05\/buggy-vinedos-1-activa-experience.jpg\",\"width\":950,\"height\":631},{\"@type\":\"BreadcrumbList\",\"@id\":\"https:\/\/visitnavarra.info\/visitnavarra\/en-buggy-por-los-vinedos\/#breadcrumb\",\"itemListElement\":[{\"@type\":\"ListItem\",\"position\":1,\"name\":\"Portada\",\"item\":\"https:\/\/visitnavarra.info\/visitnavarra\/\"},{\"@type\":\"ListItem\",\"position\":2,\"name\":\"EN BUGGY POR LOS VI\u00d1EDOS\"}]},{\"@type\":\"WebSite\",\"@id\":\"https:\/\/visitnavarra.info\/visitnavarra\/#website\",\"url\":\"https:\/\/visitnavarra.info\/visitnavarra\/\",\"name\":\"VisitNavarra\",\"description\":\"Alojamiento y experiencias tur\u00edsticas en Navarra; qu\u00e9 visitar en Navarra; comer en Navarra\",\"potentialAction\":[{\"@type\":\"SearchAction\",\"target\":{\"@type\":\"EntryPoint\",\"urlTemplate\":\"https:\/\/visitnavarra.info\/visitnavarra\/?s={search_term_string}\"},\"query-input\":{\"@type\":\"PropertyValueSpecification\",\"valueRequired\":true,\"valueName\":\"search_term_string\"}}],\"inLanguage\":\"es\"}]}<\/script>\n<!-- \/ Yoast SEO plugin. -->","yoast_head_json":{"title":"EN BUGGY POR LOS VI\u00d1EDOS - VisitNavarra","description":"Ruta en buggy entre los vi\u00f1edos de Cascante con paradasinterpretativas en compa\u00f1\u00eda de personal t\u00e9cnico de la bodega.","robots":{"index":"index","follow":"follow","max-snippet":"max-snippet:-1","max-image-preview":"max-image-preview:large","max-video-preview":"max-video-preview:-1"},"canonical":"https:\/\/visitnavarra.info\/visitnavarra\/en-buggy-por-los-vinedos\/","og_locale":"es_ES","og_type":"article","og_title":"EN BUGGY POR LOS VI\u00d1EDOS - VisitNavarra","og_description":"Ruta en buggy entre los vi\u00f1edos de Cascante con paradasinterpretativas en compa\u00f1\u00eda de personal t\u00e9cnico de la bodega.","og_url":"https:\/\/visitnavarra.info\/visitnavarra\/en-buggy-por-los-vinedos\/","og_site_name":"VisitNavarra","article_modified_time":"2023-11-06T14:52:32+00:00","og_image":[{"url":"https:\/\/visitnavarra.info\/visitnavarra\/wp-content\/uploads\/2021\/05\/buggy-vinedos-1-activa-experience-300x199.jpg"}],"twitter_card":"summary_large_image","twitter_misc":{"Tiempo de lectura":"2 minutos"},"schema":{"@context":"https:\/\/schema.org","@graph":[{"@type":"WebPage","@id":"https:\/\/visitnavarra.info\/visitnavarra\/en-buggy-por-los-vinedos\/","url":"https:\/\/visitnavarra.info\/visitnavarra\/en-buggy-por-los-vinedos\/","name":"EN BUGGY POR LOS VI\u00d1EDOS - VisitNavarra","isPartOf":{"@id":"https:\/\/visitnavarra.info\/visitnavarra\/#website"},"primaryImageOfPage":{"@id":"https:\/\/visitnavarra.info\/visitnavarra\/en-buggy-por-los-vinedos\/#primaryimage"},"image":{"@id":"https:\/\/visitnavarra.info\/visitnavarra\/en-buggy-por-los-vinedos\/#primaryimage"},"thumbnailUrl":"https:\/\/visitnavarra.info\/visitnavarra\/wp-content\/uploads\/2021\/05\/buggy-vinedos-1-activa-experience-300x199.jpg","datePublished":"2021-05-05T09:20:33+00:00","dateModified":"2023-11-06T14:52:32+00:00","description":"Ruta en buggy entre los vi\u00f1edos de Cascante con paradasinterpretativas en compa\u00f1\u00eda de personal t\u00e9cnico de la bodega.","breadcrumb":{"@id":"https:\/\/visitnavarra.info\/visitnavarra\/en-buggy-por-los-vinedos\/#breadcrumb"},"inLanguage":"es","potentialAction":[{"@type":"ReadAction","target":["https:\/\/visitnavarra.info\/visitnavarra\/en-buggy-por-los-vinedos\/"]}]},{"@type":"ImageObject","inLanguage":"es","@id":"https:\/\/visitnavarra.info\/visitnavarra\/en-buggy-por-los-vinedos\/#primaryimage","url":"https:\/\/visitnavarra.info\/visitnavarra\/wp-content\/uploads\/2021\/05\/buggy-vinedos-1-activa-experience.jpg","contentUrl":"https:\/\/visitnavarra.info\/visitnavarra\/wp-content\/uploads\/2021\/05\/buggy-vinedos-1-activa-experience.jpg","width":950,"height":631},{"@type":"BreadcrumbList","@id":"https:\/\/visitnavarra.info\/visitnavarra\/en-buggy-por-los-vinedos\/#breadcrumb","itemListElement":[{"@type":"ListItem","position":1,"name":"Portada","item":"https:\/\/visitnavarra.info\/visitnavarra\/"},{"@type":"ListItem","position":2,"name":"EN BUGGY POR LOS VI\u00d1EDOS"}]},{"@type":"WebSite","@id":"https:\/\/visitnavarra.info\/visitnavarra\/#website","url":"https:\/\/visitnavarra.info\/visitnavarra\/","name":"VisitNavarra","description":"Alojamiento y experiencias tur\u00edsticas en Navarra; qu\u00e9 visitar en Navarra; comer en Navarra","potentialAction":[{"@type":"SearchAction","target":{"@type":"EntryPoint","urlTemplate":"https:\/\/visitnavarra.info\/visitnavarra\/?s={search_term_string}"},"query-input":{"@type":"PropertyValueSpecification","valueRequired":true,"valueName":"search_term_string"}}],"inLanguage":"es"}]}},"_links":{"self":[{"href":"https:\/\/visitnavarra.info\/visitnavarra\/wp-json\/wp\/v2\/pages\/10702","targetHints":{"allow":["GET"]}}],"collection":[{"href":"https:\/\/visitnavarra.info\/visitnavarra\/wp-json\/wp\/v2\/pages"}],"about":[{"href":"https:\/\/visitnavarra.info\/visitnavarra\/wp-json\/wp\/v2\/types\/page"}],"author":[{"embeddable":true,"href":"https:\/\/visitnavarra.info\/visitnavarra\/wp-json\/wp\/v2\/users\/1"}],"replies":[{"embeddable":true,"href":"https:\/\/visitnavarra.info\/visitnavarra\/wp-json\/wp\/v2\/comments?post=10702"}],"version-history":[{"count":5,"href":"https:\/\/visitnavarra.info\/visitnavarra\/wp-json\/wp\/v2\/pages\/10702\/revisions"}],"predecessor-version":[{"id":13058,"href":"https:\/\/visitnavarra.info\/visitnavarra\/wp-json\/wp\/v2\/pages\/10702\/revisions\/13058"}],"wp:attachment":[{"href":"https:\/\/visitnavarra.info\/visitnavarra\/wp-json\/wp\/v2\/media?parent=10702"}],"curies":[{"name":"wp","href":"https:\/\/api.w.org\/{rel}","templated":true}]}}