{"id":10855,"date":"2021-05-06T13:56:50","date_gmt":"2021-05-06T13:56:50","guid":{"rendered":"https:\/\/visitnavarra.info\/visitnavarra\/?page_id=10855"},"modified":"2021-05-07T07:27:39","modified_gmt":"2021-05-07T07:27:39","slug":"aprende-a-correr-los-encierros","status":"publish","type":"page","link":"https:\/\/visitnavarra.info\/visitnavarra\/aprende-a-correr-los-encierros\/","title":{"rendered":"APRENDE A CORRER LOS ENCIERROS"},"content":{"rendered":"<p>[vc_row][vc_column width=&#8221;1\/1&#8243;][vc_column_text]<\/p>\n<h3><strong>APRENDE A CORRER LOS ENCIERROS<\/strong><\/h3>\n<p><img loading=\"lazy\" decoding=\"async\" class=\"alignleft wp-image-1443\" src=\"https:\/\/visitnavarra.info\/visitnavarra\/wp-content\/uploads\/2019\/02\/northern-san-fermin-encierro.jpg\" alt=\"\" width=\"387\" height=\"172\" \/>Correr en los encierros de Pamplona, es el sue\u00f1o de muchas personas. Es un subid\u00f3n de adrenalina, es sentirte vivo al 110%. \u00a1\u00a1\u00a1Es una experiencia \u00fanica!!!<\/p>\n<p>S\u00ed que es una experiencia \u00fanica, y si no sabes lo que est\u00e1s haciendo, puede ser la \u00faltima experiencia que tengas en tu vida. Suena un poco catastr\u00f3fico, pero no tienes que olvidar que en la carrera podr\u00e1s tener alg\u00fan accidente.<\/p>\n<p>Aunque la Carrera es r\u00e1pida y parece que la gente va como loca, tiene unas normas que queremos ense\u00f1arte. En esta visita te mostraremos, por donde tienes que entrar a correr, que tienes que hacer antes, durante y despu\u00e9s de que los toros te sobrepasen.<\/p>\n<p>Te orientaremos que parte del recorrido se ajusta mejor a tu condici\u00f3n f\u00edsica.<br \/>\nEn definitiva, intentaremos que tengas una experiencia incre\u00edble y lo mas segura posible.<\/p>\n<p><strong>Punto de encuentro:<\/strong> fuera del Hotel La Perla (Plaza del Castillo 1)<br \/>\n<strong>Cu\u00e1ndo:<\/strong> todos los d\u00edas del 6 al 14 de Julio<br \/>\n<strong>Hora:<\/strong> a las 16:00<br \/>\n<strong>Duraci\u00f3n:<\/strong> 1 hora<br \/>\n<strong>Precio:<\/strong> 50\u20ac por persona<br \/>\n<strong>C\u00f3mo<\/strong>: contacta en nuestra web <a href=\"http:\/\/www.pamplonafiesta.com\">www.pamplonafiesta.com<\/a><br \/>\nGrupos m\u00e1ximo de 15 personas[\/vc_column_text][\/vc_column][\/vc_row][vc_row][vc_column width=&#8221;1\/2&#8243;]<div class=\"single_image wpb_content_element align-right    \" data-animation=\"none\" data-delay=\"0\"><img loading=\"lazy\" decoding=\"async\" width=\"200\" height=\"214\" src=\"https:\/\/visitnavarra.info\/visitnavarra\/wp-content\/uploads\/2019\/01\/logo-novotur.jpg\" class=\"attachment-full\" alt=\"\" \/><\/div>[\/vc_column][vc_column width=&#8221;1\/2&#8243;][vc_column_text]<strong>CONTACTO \/ RESERVAS<\/strong><br \/>\nEntidad \/ empresa: NOVOTUR GU\u00cdAS TUR\u00cdSTICOS DE NAVARRA<br \/>\nN\u00ba Registro Turismo: UETC0018<br \/>\nDirecci\u00f3n: Av. Bayona 37, 6\u00baC, 31011 Pamplona (Navarra)<br \/>\nTel\u00e9fono: (+34) ) 629 661 604 | (+34) 617 348 844<br \/>\nMail: <a href=\"mailto:francisco@novotur.com\">francisco@novotur.com<\/a><br \/>\nWeb: <a href=\"http:\/\/www.novotur.com\">www.novotur.com<\/a>[\/vc_column_text][\/vc_column][\/vc_row]<\/p>\n","protected":false},"excerpt":{"rendered":"<p>[vc_row][vc_column width=&#8221;1\/1&#8243;][vc_column_text] APRENDE A CORRER LOS ENCIERROS Correr en los encierros de Pamplona, es el sue\u00f1o de muchas personas. Es un subid\u00f3n de adrenalina, es sentirte vivo al 110%. \u00a1\u00a1\u00a1Es una experiencia \u00fanica!!! S\u00ed que es una experiencia \u00fanica, y si no sabes lo que est\u00e1s haciendo, puede ser la \u00faltima experiencia que tengas en tu vida. Suena un poco catastr\u00f3fico, pero no tienes que olvidar que en la carrera podr\u00e1s tener alg\u00fan accidente. Aunque la Carrera es r\u00e1pida y parece que la gente va como loca, tiene unas normas que queremos ense\u00f1arte. En esta visita te mostraremos, por donde tienes que entrar a correr, que tienes que hacer antes, durante y despu\u00e9s de que los toros te sobrepasen. Te orientaremos que parte del recorrido se ajusta mejor a tu condici\u00f3n f\u00edsica. En definitiva, intentaremos que tengas una experiencia incre\u00edble y lo mas segura posible. Punto de encuentro: fuera del Hotel La Perla (Plaza del Castillo 1) Cu\u00e1ndo: todos los d\u00edas del 6 al 14 de Julio Hora: a las 16:00 Duraci\u00f3n: 1 hora Precio: 50\u20ac por persona C\u00f3mo: contacta en nuestra web www.pamplonafiesta.com Grupos m\u00e1ximo de 15 personas[\/vc_column_text][\/vc_column][\/vc_row][vc_row][vc_column width=&#8221;1\/2&#8243;][\/vc_column][vc_column width=&#8221;1\/2&#8243;][vc_column_text]CONTACTO \/ RESERVAS Entidad \/ empresa: NOVOTUR GU\u00cdAS TUR\u00cdSTICOS DE [&hellip;]<\/p>\n","protected":false},"author":1,"featured_media":0,"parent":0,"menu_order":0,"comment_status":"closed","ping_status":"closed","template":"","meta":{"footnotes":""},"class_list":["post-10855","page","type-page","status-publish","hentry"],"yoast_head":"<!-- This site is optimized with the Yoast SEO plugin v23.5 - https:\/\/yoast.com\/wordpress\/plugins\/seo\/ -->\n<title>APRENDE A CORRER LOS ENCIERROS - VisitNavarra<\/title>\n<meta name=\"description\" content=\"Correr en los encierros de Pamplona, es el sue\u00f1o de muchas personas. Es sentirte vivo al 110%. Tiene unas normas que queremos ense\u00f1arte\" \/>\n<meta name=\"robots\" content=\"index, follow, max-snippet:-1, max-image-preview:large, max-video-preview:-1\" \/>\n<link rel=\"canonical\" href=\"https:\/\/visitnavarra.info\/visitnavarra\/aprende-a-correr-los-encierros\/\" \/>\n<meta property=\"og:locale\" content=\"es_ES\" \/>\n<meta property=\"og:type\" content=\"article\" \/>\n<meta property=\"og:title\" content=\"APRENDE A CORRER LOS ENCIERROS - VisitNavarra\" \/>\n<meta property=\"og:description\" content=\"Correr en los encierros de Pamplona, es el sue\u00f1o de muchas personas. Es sentirte vivo al 110%. Tiene unas normas que queremos ense\u00f1arte\" \/>\n<meta property=\"og:url\" content=\"https:\/\/visitnavarra.info\/visitnavarra\/aprende-a-correr-los-encierros\/\" \/>\n<meta property=\"og:site_name\" content=\"VisitNavarra\" \/>\n<meta property=\"article:modified_time\" content=\"2021-05-07T07:27:39+00:00\" \/>\n<meta property=\"og:image\" content=\"https:\/\/visitnavarra.info\/visitnavarra\/wp-content\/uploads\/2019\/02\/northern-san-fermin-encierro.jpg\" \/>\n<meta name=\"twitter:card\" content=\"summary_large_image\" \/>\n<meta name=\"twitter:label1\" content=\"Tiempo de lectura\" \/>\n\t<meta name=\"twitter:data1\" content=\"2 minutos\" \/>\n<script type=\"application\/ld+json\" class=\"yoast-schema-graph\">{\"@context\":\"https:\/\/schema.org\",\"@graph\":[{\"@type\":\"WebPage\",\"@id\":\"https:\/\/visitnavarra.info\/visitnavarra\/aprende-a-correr-los-encierros\/\",\"url\":\"https:\/\/visitnavarra.info\/visitnavarra\/aprende-a-correr-los-encierros\/\",\"name\":\"APRENDE A CORRER LOS ENCIERROS - VisitNavarra\",\"isPartOf\":{\"@id\":\"https:\/\/visitnavarra.info\/visitnavarra\/#website\"},\"primaryImageOfPage\":{\"@id\":\"https:\/\/visitnavarra.info\/visitnavarra\/aprende-a-correr-los-encierros\/#primaryimage\"},\"image\":{\"@id\":\"https:\/\/visitnavarra.info\/visitnavarra\/aprende-a-correr-los-encierros\/#primaryimage\"},\"thumbnailUrl\":\"https:\/\/visitnavarra.info\/visitnavarra\/wp-content\/uploads\/2019\/02\/northern-san-fermin-encierro.jpg\",\"datePublished\":\"2021-05-06T13:56:50+00:00\",\"dateModified\":\"2021-05-07T07:27:39+00:00\",\"description\":\"Correr en los encierros de Pamplona, es el sue\u00f1o de muchas personas. Es sentirte vivo al 110%. Tiene unas normas que queremos ense\u00f1arte\",\"breadcrumb\":{\"@id\":\"https:\/\/visitnavarra.info\/visitnavarra\/aprende-a-correr-los-encierros\/#breadcrumb\"},\"inLanguage\":\"es\",\"potentialAction\":[{\"@type\":\"ReadAction\",\"target\":[\"https:\/\/visitnavarra.info\/visitnavarra\/aprende-a-correr-los-encierros\/\"]}]},{\"@type\":\"ImageObject\",\"inLanguage\":\"es\",\"@id\":\"https:\/\/visitnavarra.info\/visitnavarra\/aprende-a-correr-los-encierros\/#primaryimage\",\"url\":\"https:\/\/visitnavarra.info\/visitnavarra\/wp-content\/uploads\/2019\/02\/northern-san-fermin-encierro.jpg\",\"contentUrl\":\"https:\/\/visitnavarra.info\/visitnavarra\/wp-content\/uploads\/2019\/02\/northern-san-fermin-encierro.jpg\",\"width\":250,\"height\":111},{\"@type\":\"BreadcrumbList\",\"@id\":\"https:\/\/visitnavarra.info\/visitnavarra\/aprende-a-correr-los-encierros\/#breadcrumb\",\"itemListElement\":[{\"@type\":\"ListItem\",\"position\":1,\"name\":\"Portada\",\"item\":\"https:\/\/visitnavarra.info\/visitnavarra\/\"},{\"@type\":\"ListItem\",\"position\":2,\"name\":\"APRENDE A CORRER LOS ENCIERROS\"}]},{\"@type\":\"WebSite\",\"@id\":\"https:\/\/visitnavarra.info\/visitnavarra\/#website\",\"url\":\"https:\/\/visitnavarra.info\/visitnavarra\/\",\"name\":\"VisitNavarra\",\"description\":\"Alojamiento y experiencias tur\u00edsticas en Navarra; qu\u00e9 visitar en Navarra; comer en Navarra\",\"potentialAction\":[{\"@type\":\"SearchAction\",\"target\":{\"@type\":\"EntryPoint\",\"urlTemplate\":\"https:\/\/visitnavarra.info\/visitnavarra\/?s={search_term_string}\"},\"query-input\":{\"@type\":\"PropertyValueSpecification\",\"valueRequired\":true,\"valueName\":\"search_term_string\"}}],\"inLanguage\":\"es\"}]}<\/script>\n<!-- \/ Yoast SEO plugin. -->","yoast_head_json":{"title":"APRENDE A CORRER LOS ENCIERROS - VisitNavarra","description":"Correr en los encierros de Pamplona, es el sue\u00f1o de muchas personas. Es sentirte vivo al 110%. Tiene unas normas que queremos ense\u00f1arte","robots":{"index":"index","follow":"follow","max-snippet":"max-snippet:-1","max-image-preview":"max-image-preview:large","max-video-preview":"max-video-preview:-1"},"canonical":"https:\/\/visitnavarra.info\/visitnavarra\/aprende-a-correr-los-encierros\/","og_locale":"es_ES","og_type":"article","og_title":"APRENDE A CORRER LOS ENCIERROS - VisitNavarra","og_description":"Correr en los encierros de Pamplona, es el sue\u00f1o de muchas personas. Es sentirte vivo al 110%. Tiene unas normas que queremos ense\u00f1arte","og_url":"https:\/\/visitnavarra.info\/visitnavarra\/aprende-a-correr-los-encierros\/","og_site_name":"VisitNavarra","article_modified_time":"2021-05-07T07:27:39+00:00","og_image":[{"url":"https:\/\/visitnavarra.info\/visitnavarra\/wp-content\/uploads\/2019\/02\/northern-san-fermin-encierro.jpg"}],"twitter_card":"summary_large_image","twitter_misc":{"Tiempo de lectura":"2 minutos"},"schema":{"@context":"https:\/\/schema.org","@graph":[{"@type":"WebPage","@id":"https:\/\/visitnavarra.info\/visitnavarra\/aprende-a-correr-los-encierros\/","url":"https:\/\/visitnavarra.info\/visitnavarra\/aprende-a-correr-los-encierros\/","name":"APRENDE A CORRER LOS ENCIERROS - VisitNavarra","isPartOf":{"@id":"https:\/\/visitnavarra.info\/visitnavarra\/#website"},"primaryImageOfPage":{"@id":"https:\/\/visitnavarra.info\/visitnavarra\/aprende-a-correr-los-encierros\/#primaryimage"},"image":{"@id":"https:\/\/visitnavarra.info\/visitnavarra\/aprende-a-correr-los-encierros\/#primaryimage"},"thumbnailUrl":"https:\/\/visitnavarra.info\/visitnavarra\/wp-content\/uploads\/2019\/02\/northern-san-fermin-encierro.jpg","datePublished":"2021-05-06T13:56:50+00:00","dateModified":"2021-05-07T07:27:39+00:00","description":"Correr en los encierros de Pamplona, es el sue\u00f1o de muchas personas. Es sentirte vivo al 110%. Tiene unas normas que queremos ense\u00f1arte","breadcrumb":{"@id":"https:\/\/visitnavarra.info\/visitnavarra\/aprende-a-correr-los-encierros\/#breadcrumb"},"inLanguage":"es","potentialAction":[{"@type":"ReadAction","target":["https:\/\/visitnavarra.info\/visitnavarra\/aprende-a-correr-los-encierros\/"]}]},{"@type":"ImageObject","inLanguage":"es","@id":"https:\/\/visitnavarra.info\/visitnavarra\/aprende-a-correr-los-encierros\/#primaryimage","url":"https:\/\/visitnavarra.info\/visitnavarra\/wp-content\/uploads\/2019\/02\/northern-san-fermin-encierro.jpg","contentUrl":"https:\/\/visitnavarra.info\/visitnavarra\/wp-content\/uploads\/2019\/02\/northern-san-fermin-encierro.jpg","width":250,"height":111},{"@type":"BreadcrumbList","@id":"https:\/\/visitnavarra.info\/visitnavarra\/aprende-a-correr-los-encierros\/#breadcrumb","itemListElement":[{"@type":"ListItem","position":1,"name":"Portada","item":"https:\/\/visitnavarra.info\/visitnavarra\/"},{"@type":"ListItem","position":2,"name":"APRENDE A CORRER LOS ENCIERROS"}]},{"@type":"WebSite","@id":"https:\/\/visitnavarra.info\/visitnavarra\/#website","url":"https:\/\/visitnavarra.info\/visitnavarra\/","name":"VisitNavarra","description":"Alojamiento y experiencias tur\u00edsticas en Navarra; qu\u00e9 visitar en Navarra; comer en Navarra","potentialAction":[{"@type":"SearchAction","target":{"@type":"EntryPoint","urlTemplate":"https:\/\/visitnavarra.info\/visitnavarra\/?s={search_term_string}"},"query-input":{"@type":"PropertyValueSpecification","valueRequired":true,"valueName":"search_term_string"}}],"inLanguage":"es"}]}},"_links":{"self":[{"href":"https:\/\/visitnavarra.info\/visitnavarra\/wp-json\/wp\/v2\/pages\/10855","targetHints":{"allow":["GET"]}}],"collection":[{"href":"https:\/\/visitnavarra.info\/visitnavarra\/wp-json\/wp\/v2\/pages"}],"about":[{"href":"https:\/\/visitnavarra.info\/visitnavarra\/wp-json\/wp\/v2\/types\/page"}],"author":[{"embeddable":true,"href":"https:\/\/visitnavarra.info\/visitnavarra\/wp-json\/wp\/v2\/users\/1"}],"replies":[{"embeddable":true,"href":"https:\/\/visitnavarra.info\/visitnavarra\/wp-json\/wp\/v2\/comments?post=10855"}],"version-history":[{"count":3,"href":"https:\/\/visitnavarra.info\/visitnavarra\/wp-json\/wp\/v2\/pages\/10855\/revisions"}],"predecessor-version":[{"id":10884,"href":"https:\/\/visitnavarra.info\/visitnavarra\/wp-json\/wp\/v2\/pages\/10855\/revisions\/10884"}],"wp:attachment":[{"href":"https:\/\/visitnavarra.info\/visitnavarra\/wp-json\/wp\/v2\/media?parent=10855"}],"curies":[{"name":"wp","href":"https:\/\/api.w.org\/{rel}","templated":true}]}}