{"id":10857,"date":"2021-05-06T13:57:45","date_gmt":"2021-05-06T13:57:45","guid":{"rendered":"https:\/\/visitnavarra.info\/visitnavarra\/?page_id=10857"},"modified":"2021-05-07T08:22:03","modified_gmt":"2021-05-07T08:22:03","slug":"alquiler-de-balcones-para-ver-el-encierro","status":"publish","type":"page","link":"https:\/\/visitnavarra.info\/visitnavarra\/alquiler-de-balcones-para-ver-el-encierro\/","title":{"rendered":"ALQUILER DE BALCONES PARA VER EL ENCIERRO"},"content":{"rendered":"<p>[vc_row][vc_column width=&#8221;1\/1&#8243;][vc_column_text]<\/p>\n<h3><strong>ALQUILER DE BALCONES PARA VER EL ENCIERRO<\/strong><\/h3>\n<p><img loading=\"lazy\" decoding=\"async\" class=\"alignleft size-full wp-image-1392\" src=\"https:\/\/visitnavarra.info\/visitnavarra\/wp-content\/uploads\/2019\/02\/novotur-sanfermin1.jpg\" alt=\"\" width=\"250\" height=\"250\" srcset=\"https:\/\/visitnavarra.info\/visitnavarra\/wp-content\/uploads\/2019\/02\/novotur-sanfermin1.jpg 250w, https:\/\/visitnavarra.info\/visitnavarra\/wp-content\/uploads\/2019\/02\/novotur-sanfermin1-150x150.jpg 150w, https:\/\/visitnavarra.info\/visitnavarra\/wp-content\/uploads\/2019\/02\/novotur-sanfermin1-80x80.jpg 80w\" sizes=\"auto, (max-width: 250px) 100vw, 250px\" \/>Ver un encierro desde un buen balc\u00f3n es una experiencia inolvidable. Sentir la magn\u00edfica energ\u00eda de los toros, el nerviosismo de los corredores expertos y el p\u00e1nico de los inexpertos. Ver en primer plano la carrera, es algo que se queda en tu retina para siempre.<\/p>\n<p>Pero, una de las cosas que mas estresa a los visitantes de Pamplona es el tema de alquilar un balc\u00f3n para ver los encierros. \u00bfSer\u00e1 un buen balc\u00f3n? \u00bfEstar\u00e1 bien localizado?<\/p>\n<p>Nosotros somos una empresa de Pamplona y somos gu\u00edas desde hace mas de 20 a\u00f1os.<br \/>\nConocemos a casi toda Pamplona, as\u00ed que te podemos ayudar a encontrar el balc\u00f3n que necesitas.<br \/>\nTodos nuestros apartamentos tienen unas vistas privilegiadas de la carrera.<br \/>\nTienen balcones c\u00f3modos, en los cuales no admitimos a mas personas que las que entran en primera fila. En todos ellos se sirve un desayuno mientras vemos la repetici\u00f3n de la carrera en la TV. Adem\u00e1s, en nuestros balcones siempre tenemos un gu\u00eda que te explicar\u00e1 la historia de los encierros y te dar\u00e1 detalles para que disfrutes al m\u00e1ximo de esta experiencia.<\/p>\n<p><strong>PRECIO:<\/strong> 150\u20ac -200\u20ac Por Persona<br \/>\n<strong>C\u00f3mo:<\/strong> contacta en nuestra web <a href=\"http:\/\/www.pamplonafiesta.com\" target=\"_blank\" rel=\"noopener\">www.pamplonafiesta.com<\/a>[\/vc_column_text][\/vc_column][\/vc_row][vc_row][vc_column width=&#8221;1\/2&#8243;]<div class=\"single_image wpb_content_element align-right    \" data-animation=\"none\" data-delay=\"0\"><img loading=\"lazy\" decoding=\"async\" width=\"200\" height=\"214\" src=\"https:\/\/visitnavarra.info\/visitnavarra\/wp-content\/uploads\/2019\/01\/logo-novotur.jpg\" class=\"attachment-full\" alt=\"\" \/><\/div>[\/vc_column][vc_column width=&#8221;1\/2&#8243;][vc_column_text]<strong>CONTACTO \/ RESERVAS<\/strong><br \/>\nEntidad \/ empresa: NOVOTUR GU\u00cdAS TUR\u00cdSTICOS DE NAVARRA<br \/>\nN\u00ba Registro Turismo: UETC0018<br \/>\nDirecci\u00f3n: Av. Bayona 37, 6\u00baC, 31011 Pamplona (Navarra)<br \/>\nTel\u00e9fono: (+34) ) 629 661 604 | (+34) 617 348 844<br \/>\nMail: <a href=\"mailto:francisco@novotur.com\">francisco@novotur.com<\/a><br \/>\nWeb: <a href=\"http:\/\/www.novotur.com\">www.novotur.com<\/a>[\/vc_column_text][\/vc_column][\/vc_row]<\/p>\n","protected":false},"excerpt":{"rendered":"<p>[vc_row][vc_column width=&#8221;1\/1&#8243;][vc_column_text] ALQUILER DE BALCONES PARA VER EL ENCIERRO Ver un encierro desde un buen balc\u00f3n es una experiencia inolvidable. Sentir la magn\u00edfica energ\u00eda de los toros, el nerviosismo de los corredores expertos y el p\u00e1nico de los inexpertos. Ver en primer plano la carrera, es algo que se queda en tu retina para siempre. Pero, una de las cosas que mas estresa a los visitantes de Pamplona es el tema de alquilar un balc\u00f3n para ver los encierros. \u00bfSer\u00e1 un buen balc\u00f3n? \u00bfEstar\u00e1 bien localizado? Nosotros somos una empresa de Pamplona y somos gu\u00edas desde hace mas de 20 a\u00f1os. Conocemos a casi toda Pamplona, as\u00ed que te podemos ayudar a encontrar el balc\u00f3n que necesitas. Todos nuestros apartamentos tienen unas vistas privilegiadas de la carrera. Tienen balcones c\u00f3modos, en los cuales no admitimos a mas personas que las que entran en primera fila. En todos ellos se sirve un desayuno mientras vemos la repetici\u00f3n de la carrera en la TV. Adem\u00e1s, en nuestros balcones siempre tenemos un gu\u00eda que te explicar\u00e1 la historia de los encierros y te dar\u00e1 detalles para que disfrutes al m\u00e1ximo de esta experiencia. PRECIO: 150\u20ac -200\u20ac Por Persona C\u00f3mo: contacta en nuestra web [&hellip;]<\/p>\n","protected":false},"author":1,"featured_media":0,"parent":0,"menu_order":0,"comment_status":"closed","ping_status":"closed","template":"","meta":{"footnotes":""},"class_list":["post-10857","page","type-page","status-publish","hentry"],"yoast_head":"<!-- This site is optimized with the Yoast SEO plugin v23.5 - https:\/\/yoast.com\/wordpress\/plugins\/seo\/ -->\n<title>ALQUILER DE BALCONES PARA VER EL ENCIERRO - VisitNavarra<\/title>\n<meta name=\"description\" content=\"Ver un encierro desde un balc\u00f3n es una experiencia inolvidable. Sentir la magn\u00edfica energ\u00eda de los toros, el nerviosismo de los corredores\" \/>\n<meta name=\"robots\" content=\"index, follow, max-snippet:-1, max-image-preview:large, max-video-preview:-1\" \/>\n<link rel=\"canonical\" href=\"https:\/\/visitnavarra.info\/visitnavarra\/alquiler-de-balcones-para-ver-el-encierro\/\" \/>\n<meta property=\"og:locale\" content=\"es_ES\" \/>\n<meta property=\"og:type\" content=\"article\" \/>\n<meta property=\"og:title\" content=\"ALQUILER DE BALCONES PARA VER EL ENCIERRO - VisitNavarra\" \/>\n<meta property=\"og:description\" content=\"Ver un encierro desde un balc\u00f3n es una experiencia inolvidable. Sentir la magn\u00edfica energ\u00eda de los toros, el nerviosismo de los corredores\" \/>\n<meta property=\"og:url\" content=\"https:\/\/visitnavarra.info\/visitnavarra\/alquiler-de-balcones-para-ver-el-encierro\/\" \/>\n<meta property=\"og:site_name\" content=\"VisitNavarra\" \/>\n<meta property=\"article:modified_time\" content=\"2021-05-07T08:22:03+00:00\" \/>\n<meta property=\"og:image\" content=\"https:\/\/visitnavarra.info\/visitnavarra\/wp-content\/uploads\/2019\/02\/novotur-sanfermin1.jpg\" \/>\n<meta name=\"twitter:card\" content=\"summary_large_image\" \/>\n<meta name=\"twitter:label1\" content=\"Tiempo de lectura\" \/>\n\t<meta name=\"twitter:data1\" content=\"2 minutos\" \/>\n<script type=\"application\/ld+json\" class=\"yoast-schema-graph\">{\"@context\":\"https:\/\/schema.org\",\"@graph\":[{\"@type\":\"WebPage\",\"@id\":\"https:\/\/visitnavarra.info\/visitnavarra\/alquiler-de-balcones-para-ver-el-encierro\/\",\"url\":\"https:\/\/visitnavarra.info\/visitnavarra\/alquiler-de-balcones-para-ver-el-encierro\/\",\"name\":\"ALQUILER DE BALCONES PARA VER EL ENCIERRO - VisitNavarra\",\"isPartOf\":{\"@id\":\"https:\/\/visitnavarra.info\/visitnavarra\/#website\"},\"primaryImageOfPage\":{\"@id\":\"https:\/\/visitnavarra.info\/visitnavarra\/alquiler-de-balcones-para-ver-el-encierro\/#primaryimage\"},\"image\":{\"@id\":\"https:\/\/visitnavarra.info\/visitnavarra\/alquiler-de-balcones-para-ver-el-encierro\/#primaryimage\"},\"thumbnailUrl\":\"https:\/\/visitnavarra.info\/visitnavarra\/wp-content\/uploads\/2019\/02\/novotur-sanfermin1.jpg\",\"datePublished\":\"2021-05-06T13:57:45+00:00\",\"dateModified\":\"2021-05-07T08:22:03+00:00\",\"description\":\"Ver un encierro desde un balc\u00f3n es una experiencia inolvidable. Sentir la magn\u00edfica energ\u00eda de los toros, el nerviosismo de los corredores\",\"breadcrumb\":{\"@id\":\"https:\/\/visitnavarra.info\/visitnavarra\/alquiler-de-balcones-para-ver-el-encierro\/#breadcrumb\"},\"inLanguage\":\"es\",\"potentialAction\":[{\"@type\":\"ReadAction\",\"target\":[\"https:\/\/visitnavarra.info\/visitnavarra\/alquiler-de-balcones-para-ver-el-encierro\/\"]}]},{\"@type\":\"ImageObject\",\"inLanguage\":\"es\",\"@id\":\"https:\/\/visitnavarra.info\/visitnavarra\/alquiler-de-balcones-para-ver-el-encierro\/#primaryimage\",\"url\":\"https:\/\/visitnavarra.info\/visitnavarra\/wp-content\/uploads\/2019\/02\/novotur-sanfermin1.jpg\",\"contentUrl\":\"https:\/\/visitnavarra.info\/visitnavarra\/wp-content\/uploads\/2019\/02\/novotur-sanfermin1.jpg\",\"width\":250,\"height\":250},{\"@type\":\"BreadcrumbList\",\"@id\":\"https:\/\/visitnavarra.info\/visitnavarra\/alquiler-de-balcones-para-ver-el-encierro\/#breadcrumb\",\"itemListElement\":[{\"@type\":\"ListItem\",\"position\":1,\"name\":\"Portada\",\"item\":\"https:\/\/visitnavarra.info\/visitnavarra\/\"},{\"@type\":\"ListItem\",\"position\":2,\"name\":\"ALQUILER DE BALCONES PARA VER EL ENCIERRO\"}]},{\"@type\":\"WebSite\",\"@id\":\"https:\/\/visitnavarra.info\/visitnavarra\/#website\",\"url\":\"https:\/\/visitnavarra.info\/visitnavarra\/\",\"name\":\"VisitNavarra\",\"description\":\"Alojamiento y experiencias tur\u00edsticas en Navarra; qu\u00e9 visitar en Navarra; comer en Navarra\",\"potentialAction\":[{\"@type\":\"SearchAction\",\"target\":{\"@type\":\"EntryPoint\",\"urlTemplate\":\"https:\/\/visitnavarra.info\/visitnavarra\/?s={search_term_string}\"},\"query-input\":{\"@type\":\"PropertyValueSpecification\",\"valueRequired\":true,\"valueName\":\"search_term_string\"}}],\"inLanguage\":\"es\"}]}<\/script>\n<!-- \/ Yoast SEO plugin. -->","yoast_head_json":{"title":"ALQUILER DE BALCONES PARA VER EL ENCIERRO - VisitNavarra","description":"Ver un encierro desde un balc\u00f3n es una experiencia inolvidable. Sentir la magn\u00edfica energ\u00eda de los toros, el nerviosismo de los corredores","robots":{"index":"index","follow":"follow","max-snippet":"max-snippet:-1","max-image-preview":"max-image-preview:large","max-video-preview":"max-video-preview:-1"},"canonical":"https:\/\/visitnavarra.info\/visitnavarra\/alquiler-de-balcones-para-ver-el-encierro\/","og_locale":"es_ES","og_type":"article","og_title":"ALQUILER DE BALCONES PARA VER EL ENCIERRO - VisitNavarra","og_description":"Ver un encierro desde un balc\u00f3n es una experiencia inolvidable. Sentir la magn\u00edfica energ\u00eda de los toros, el nerviosismo de los corredores","og_url":"https:\/\/visitnavarra.info\/visitnavarra\/alquiler-de-balcones-para-ver-el-encierro\/","og_site_name":"VisitNavarra","article_modified_time":"2021-05-07T08:22:03+00:00","og_image":[{"url":"https:\/\/visitnavarra.info\/visitnavarra\/wp-content\/uploads\/2019\/02\/novotur-sanfermin1.jpg"}],"twitter_card":"summary_large_image","twitter_misc":{"Tiempo de lectura":"2 minutos"},"schema":{"@context":"https:\/\/schema.org","@graph":[{"@type":"WebPage","@id":"https:\/\/visitnavarra.info\/visitnavarra\/alquiler-de-balcones-para-ver-el-encierro\/","url":"https:\/\/visitnavarra.info\/visitnavarra\/alquiler-de-balcones-para-ver-el-encierro\/","name":"ALQUILER DE BALCONES PARA VER EL ENCIERRO - VisitNavarra","isPartOf":{"@id":"https:\/\/visitnavarra.info\/visitnavarra\/#website"},"primaryImageOfPage":{"@id":"https:\/\/visitnavarra.info\/visitnavarra\/alquiler-de-balcones-para-ver-el-encierro\/#primaryimage"},"image":{"@id":"https:\/\/visitnavarra.info\/visitnavarra\/alquiler-de-balcones-para-ver-el-encierro\/#primaryimage"},"thumbnailUrl":"https:\/\/visitnavarra.info\/visitnavarra\/wp-content\/uploads\/2019\/02\/novotur-sanfermin1.jpg","datePublished":"2021-05-06T13:57:45+00:00","dateModified":"2021-05-07T08:22:03+00:00","description":"Ver un encierro desde un balc\u00f3n es una experiencia inolvidable. Sentir la magn\u00edfica energ\u00eda de los toros, el nerviosismo de los corredores","breadcrumb":{"@id":"https:\/\/visitnavarra.info\/visitnavarra\/alquiler-de-balcones-para-ver-el-encierro\/#breadcrumb"},"inLanguage":"es","potentialAction":[{"@type":"ReadAction","target":["https:\/\/visitnavarra.info\/visitnavarra\/alquiler-de-balcones-para-ver-el-encierro\/"]}]},{"@type":"ImageObject","inLanguage":"es","@id":"https:\/\/visitnavarra.info\/visitnavarra\/alquiler-de-balcones-para-ver-el-encierro\/#primaryimage","url":"https:\/\/visitnavarra.info\/visitnavarra\/wp-content\/uploads\/2019\/02\/novotur-sanfermin1.jpg","contentUrl":"https:\/\/visitnavarra.info\/visitnavarra\/wp-content\/uploads\/2019\/02\/novotur-sanfermin1.jpg","width":250,"height":250},{"@type":"BreadcrumbList","@id":"https:\/\/visitnavarra.info\/visitnavarra\/alquiler-de-balcones-para-ver-el-encierro\/#breadcrumb","itemListElement":[{"@type":"ListItem","position":1,"name":"Portada","item":"https:\/\/visitnavarra.info\/visitnavarra\/"},{"@type":"ListItem","position":2,"name":"ALQUILER DE BALCONES PARA VER EL ENCIERRO"}]},{"@type":"WebSite","@id":"https:\/\/visitnavarra.info\/visitnavarra\/#website","url":"https:\/\/visitnavarra.info\/visitnavarra\/","name":"VisitNavarra","description":"Alojamiento y experiencias tur\u00edsticas en Navarra; qu\u00e9 visitar en Navarra; comer en Navarra","potentialAction":[{"@type":"SearchAction","target":{"@type":"EntryPoint","urlTemplate":"https:\/\/visitnavarra.info\/visitnavarra\/?s={search_term_string}"},"query-input":{"@type":"PropertyValueSpecification","valueRequired":true,"valueName":"search_term_string"}}],"inLanguage":"es"}]}},"_links":{"self":[{"href":"https:\/\/visitnavarra.info\/visitnavarra\/wp-json\/wp\/v2\/pages\/10857","targetHints":{"allow":["GET"]}}],"collection":[{"href":"https:\/\/visitnavarra.info\/visitnavarra\/wp-json\/wp\/v2\/pages"}],"about":[{"href":"https:\/\/visitnavarra.info\/visitnavarra\/wp-json\/wp\/v2\/types\/page"}],"author":[{"embeddable":true,"href":"https:\/\/visitnavarra.info\/visitnavarra\/wp-json\/wp\/v2\/users\/1"}],"replies":[{"embeddable":true,"href":"https:\/\/visitnavarra.info\/visitnavarra\/wp-json\/wp\/v2\/comments?post=10857"}],"version-history":[{"count":3,"href":"https:\/\/visitnavarra.info\/visitnavarra\/wp-json\/wp\/v2\/pages\/10857\/revisions"}],"predecessor-version":[{"id":10905,"href":"https:\/\/visitnavarra.info\/visitnavarra\/wp-json\/wp\/v2\/pages\/10857\/revisions\/10905"}],"wp:attachment":[{"href":"https:\/\/visitnavarra.info\/visitnavarra\/wp-json\/wp\/v2\/media?parent=10857"}],"curies":[{"name":"wp","href":"https:\/\/api.w.org\/{rel}","templated":true}]}}