{"id":10940,"date":"2021-05-07T12:44:07","date_gmt":"2021-05-07T12:44:07","guid":{"rendered":"https:\/\/visitnavarra.info\/visitnavarra\/?page_id=10940"},"modified":"2021-05-07T12:44:07","modified_gmt":"2021-05-07T12:44:07","slug":"tres-maneras-de-vivir-san-fermin-a-pie-de-calle","status":"publish","type":"page","link":"https:\/\/visitnavarra.info\/visitnavarra\/tres-maneras-de-vivir-san-fermin-a-pie-de-calle\/","title":{"rendered":"TRES MANERAS DE VIVIR SAN FERM\u00cdN A PIE DE CALLE"},"content":{"rendered":"<p>[vc_row][vc_column width=&#8221;1\/1&#8243;][vc_column_text]<strong><img loading=\"lazy\" decoding=\"async\" class=\"alignleft size-full wp-image-3607\" src=\"https:\/\/visitnavarra.info\/visitnavarra\/wp-content\/uploads\/2019\/05\/navarsol-tres-maneras-san-fermin.jpg\" alt=\"\" width=\"250\" height=\"250\" srcset=\"https:\/\/visitnavarra.info\/visitnavarra\/wp-content\/uploads\/2019\/05\/navarsol-tres-maneras-san-fermin.jpg 250w, https:\/\/visitnavarra.info\/visitnavarra\/wp-content\/uploads\/2019\/05\/navarsol-tres-maneras-san-fermin-150x150.jpg 150w, https:\/\/visitnavarra.info\/visitnavarra\/wp-content\/uploads\/2019\/05\/navarsol-tres-maneras-san-fermin-80x80.jpg 80w\" sizes=\"auto, (max-width: 250px) 100vw, 250px\" \/>SAN FERM\u00cdN EXPRESS (2 D\u00cdAS)<\/strong><\/p>\n<p><strong>1\u00ba D\u00cdA:<\/strong> recepci\u00f3n por nuestro personal en el Hotel + Almuerzo en Restaurante casco Hist\u00f3rico + Entradas corrida de Toros (sombra) + Balc\u00f3n salida Pe\u00f1as + Cena tapas + fuegos Artificiales + Alojamiento en Hotel 4 **** (Centro)<br \/>\n<strong>2\u00ba D\u00cdA:<\/strong> encuentro con nuestro personal para acudir a ver el Encierro con desayuno en los mejores balcones 1\u00ba piso Calle Estafeta + Baile Alpargata y visita de recorrido completo del encierro (Coralillos + Capilla San Ferm\u00edn + Callej\u00f3n Plaza de Toros)<\/p>\n<p><strong>Incluye:<\/strong> Alojamiento Hotel 4**** Centro ciudad 1 noche + Almuerzo en restaurante sin bebida + Entrada de sombra +1 plaza en Balc\u00f3n preferencial 1\u00ba piso para ver salida Pe\u00f1as y Presenciar el Encierro del d\u00eda + Cena Tapas y fuegos terraza privada Baluarte + visita de Pamplona con gu\u00eda<br \/>\n<strong>PRECIO POR PERSONA: 730\u20ac<\/strong><\/p>\n<p><strong>VIP SAN FERM\u00cdN (3 D\u00cdAS)<\/strong><\/p>\n<p><strong>1\u00ba D\u00cdA:<\/strong> recepci\u00f3n por nuestro personal en el Hotel + Almuerzo en Restaurante Europa 1 Estrella Michelin + Entradas corrida de Toros (Barrera sombra) + Balc\u00f3n salida Pe\u00f1as + Cena tapas + fuegos Artificiales + Alojamiento en Hotel 4 **** (Centro)<br \/>\n<strong>2\u00ba D\u00cdA:<\/strong> encuentro con nuestro personal para acudir a ver el Encierro con desayuno en los mejores balcones 1\u00ba piso Calle Estafeta + Baile Alpargata y visita de recorrido completo del encierro (Coralillos + Capilla San Ferm\u00edn + Callej\u00f3n Plaza de Toros) + apartado de los toros en Patio de caballos de la Plaza de Toros + Almuerzo en Restaurante en plena Calle Estafeta sin bebidas + Alojamiento en Hotel 4**** (Centro)<br \/>\n<strong>3\u00ba D\u00cdA:<\/strong> encuentro con nuestro personal para acudir a ver el encierro de un lugar \u00fanico y diferente a ras de suelo en un Burladero en plena Calle Estafeta con desayuno y posterior Almuerzo Sanferminero.<br \/>\n<strong>Incluye:<\/strong> Alojamiento Hotel 4**** Centro ciudad 2 noche + Almuerzo en restaurante Europa y en Restaurante Zanpa sin bebidas + Entrada Barrera sombra Toros +1 plaza en Balc\u00f3n preferencial 1\u00ba piso para ver salida Pe\u00f1as y Presenciar el Encierro del d\u00eda + 1 plaza preferencial en nuestro Burladero de Calle Estafeta para ver el encierro +Cena Tapas y fuegos terraza privada Baluarte + Almuerzo Sanferminero y Visita de Pamplona con gu\u00eda<br \/>\n<strong>PRECIO POR PERSONA: 1.280\u20ac<\/strong><\/p>\n<p><strong>VIVE SAN FERM\u00cdN A PIE DE CALLE<\/strong><br \/>\nDesde el vallado que se monta en la fachada del Zanpa puedes ver como los corredores se preparan, sus conversaciones, como calientan, entrenan e incluso rezan. Pr\u00e1cticamente se puede tocar el toro, se siente, se le oye hasta se le siente respirar. A lo bonito de ver el encierro, las carreras y los toros se le suma la adrenalina de estar casi a la altura de un corredor. Y despu\u00e9s a coger fuerzas y almorzar.<br \/>\n<strong>Incluye:<\/strong> desayuno de bienvenida + vista del encierro desde el vallado del Zanpa + almuerzo t\u00edpico de San Ferm\u00edn.<br \/>\n<strong>PRECIO POR PERSONA: 150\u20ac<\/strong><\/p>\n<p><strong>BALCONES PARA EL ENCIERRO<\/strong><br \/>\nLa Fiesta de San Ferm\u00edn tiene un momento muy especial y su experiencia vivida es \u00fanica y ese momento es el Encierro\u2026<br \/>\n<strong>100\u20ac\/Persona<\/strong><\/p>\n<p><strong>DESCUBRE PAMPLONA POR SAN FERM\u00cdN<\/strong><br \/>\nTour de 1,5 horas a pie, te ense\u00f1aremos los sitios hist\u00f3ricos m\u00e1s importantes de la ciudad, as\u00ed como tambi\u00e9n los lugares m\u00e1s concurridos de la fiesta y te recomendaremos restaurantes y zonas para salir por la noche. Aprenderemos sobre nuestros viejos reyes, sobre Ernest Hemingway y las tradiciones de San Ferm\u00edn.<br \/>\n<strong>Precio por persona: 50 \u20ac PAX<\/strong><\/p>\n<p><strong>OTRAS OFERTAS DE ACTIVIDADES DE SAN FERM\u00cdN:<\/strong><br \/>\nViaje en globo (Las fiestas desde el cielo durante 30 min): 250\u20ac\/Persona<br \/>\nAlmuerzo Sanferminero a las 10:00 hrs.: 25\u20ac\/Persona<br \/>\nBaile de la alpargata y visita de recorrido del encierro: 35\u20ac\/Persona<br \/>\nVisita guiada por Pamplona: 50\u20ac\/Persona<br \/>\nVisita a los corralillos del gas y visita del recorrido del encierro: 50\u20ac\/Persona<br \/>\nFuegos Artificiales y cena de tapas: 100\u20ac\/Persona<\/p>\n<p><strong>PROGRAMA VIP FULL DAY (acompa\u00f1ados por personal):<\/strong><br \/>\nBalc\u00f3n Encierro + Almuerzo + Pintxo + Comida + Corrida de Toros + Balc\u00f3n salida Pe\u00f1as con pinchos y vino + Cena Tapas + Fuegos Artificiales:<br \/>\n<strong>Precio por persona: 575\u20ac\/Persona<\/strong><\/p>\n<p><strong>PROGRAMA VIP MA\u00d1ANERO:<\/strong><br \/>\nBalc\u00f3n del Encierro + Almuerzo + Visita por Pamplona + Apartado con Pincho + Comida en Restaurante:<br \/>\n<strong>Precio por persona: 280\u20ac\/persona<\/strong><\/p>\n<p><strong>APRENDE C\u00d3MO CORRER LOS ENCIERROS CON UN EXPERTO<\/strong><br \/>\nClase pr\u00e1ctica de 1 hora por el recorrido del encierro, desde los corrales, donde los toros duermen la noche antes de la carrera, hasta la plaza de toros donde termina el encierro. Te ense\u00f1aremos todas las t\u00e9cnicas para que est\u00e9s lo m\u00e1s seguro posible cuando corras y especialmente qu\u00e9 hacer y qu\u00e9 no hacer antes, durante y despu\u00e9s de que suene el primer cohete.<br \/>\n<strong>Precio por persona: 50 \u20ac \/ pax<\/strong><\/p>\n<hr \/>\n<p>M\u00ednimo 2 personas<\/p>\n<p>&nbsp;<\/p>\n<p><strong>Nota<\/strong>: En franc\u00e9s para grupos cerrados. A nivel individual bajo peticion.<\/p>\n<p>&nbsp;<\/p>\n<p>[\/vc_column_text][\/vc_column][\/vc_row][vc_row][vc_column width=&#8221;1\/1&#8243;][vc_column_text]<\/p>\n<p>&nbsp;<\/p>\n<p>&nbsp;<\/p>\n<p>[\/vc_column_text][\/vc_column][\/vc_row][vc_row][vc_column width=&#8221;1\/2&#8243;]<div class=\"single_image wpb_content_element align-right    \" data-animation=\"none\" data-delay=\"0\"><img loading=\"lazy\" decoding=\"async\" width=\"313\" height=\"200\" src=\"https:\/\/visitnavarra.info\/visitnavarra\/wp-content\/uploads\/2019\/05\/viajes_navarsol_logo-2.jpg\" class=\"attachment-full\" alt=\"\" srcset=\"https:\/\/visitnavarra.info\/visitnavarra\/wp-content\/uploads\/2019\/05\/viajes_navarsol_logo-2.jpg 313w, https:\/\/visitnavarra.info\/visitnavarra\/wp-content\/uploads\/2019\/05\/viajes_navarsol_logo-2-300x192.jpg 300w\" sizes=\"auto, (max-width: 313px) 100vw, 313px\" \/><\/div>[\/vc_column][vc_column width=&#8221;1\/2&#8243;][vc_column_text]<strong>CONTACTO \/ RESERVAS<\/strong><br \/>\nEntidad \/ empresa: NAVARSOL AGENCIA DE VIAJES<br \/>\nN\u00ba Registro Turismo: C.I.NA013<br \/>\nDirecci\u00f3n: Avda Sancho El Fuerte, 8 &#8211; 31007 Pamplona<br \/>\nTel\u00e9fono: (+34) 948 198 758 | Fax: (+34) 948 171 735<br \/>\nMail: <a href=\"mailto:juanchi@navarsol.com\">juanchi@navarsol.com<\/a><br \/>\nWeb: <a href=\"http:\/\/www.navarsol.com\">www.navarsol.com<\/a>[\/vc_column_text][\/vc_column][\/vc_row]<\/p>\n","protected":false},"excerpt":{"rendered":"<p>[vc_row][vc_column width=&#8221;1\/1&#8243;][vc_column_text]SAN FERM\u00cdN EXPRESS (2 D\u00cdAS) 1\u00ba D\u00cdA: recepci\u00f3n por nuestro personal en el Hotel + Almuerzo en Restaurante casco Hist\u00f3rico + Entradas corrida de Toros (sombra) + Balc\u00f3n salida Pe\u00f1as + Cena tapas + fuegos Artificiales + Alojamiento en Hotel 4 **** (Centro) 2\u00ba D\u00cdA: encuentro con nuestro personal para acudir a ver el Encierro con desayuno en los mejores balcones 1\u00ba piso Calle Estafeta + Baile Alpargata y visita de recorrido completo del encierro (Coralillos + Capilla San Ferm\u00edn + Callej\u00f3n Plaza de Toros) Incluye: Alojamiento Hotel 4**** Centro ciudad 1 noche + Almuerzo en restaurante sin bebida + Entrada de sombra +1 plaza en Balc\u00f3n preferencial 1\u00ba piso para ver salida Pe\u00f1as y Presenciar el Encierro del d\u00eda + Cena Tapas y fuegos terraza privada Baluarte + visita de Pamplona con gu\u00eda PRECIO POR PERSONA: 730\u20ac VIP SAN FERM\u00cdN (3 D\u00cdAS) 1\u00ba D\u00cdA: recepci\u00f3n por nuestro personal en el Hotel + Almuerzo en Restaurante Europa 1 Estrella Michelin + Entradas corrida de Toros (Barrera sombra) + Balc\u00f3n salida Pe\u00f1as + Cena tapas + fuegos Artificiales + Alojamiento en Hotel 4 **** (Centro) 2\u00ba D\u00cdA: encuentro con nuestro personal para acudir a ver el Encierro con desayuno en [&hellip;]<\/p>\n","protected":false},"author":1,"featured_media":0,"parent":0,"menu_order":0,"comment_status":"closed","ping_status":"closed","template":"","meta":{"footnotes":""},"class_list":["post-10940","page","type-page","status-publish","hentry"],"yoast_head":"<!-- This site is optimized with the Yoast SEO plugin v23.5 - https:\/\/yoast.com\/wordpress\/plugins\/seo\/ -->\n<title>TRES MANERAS DE VIVIR SAN FERM\u00cdN A PIE DE CALLE - VisitNavarra<\/title>\n<meta name=\"robots\" content=\"index, follow, max-snippet:-1, max-image-preview:large, max-video-preview:-1\" \/>\n<link rel=\"canonical\" href=\"https:\/\/visitnavarra.info\/visitnavarra\/tres-maneras-de-vivir-san-fermin-a-pie-de-calle\/\" \/>\n<meta property=\"og:locale\" content=\"es_ES\" \/>\n<meta property=\"og:type\" content=\"article\" \/>\n<meta property=\"og:title\" content=\"TRES MANERAS DE VIVIR SAN FERM\u00cdN A PIE DE CALLE - VisitNavarra\" \/>\n<meta property=\"og:description\" content=\"[vc_row][vc_column width=&#8221;1\/1&#8243;][vc_column_text]SAN FERM\u00cdN EXPRESS (2 D\u00cdAS) 1\u00ba D\u00cdA: recepci\u00f3n por nuestro personal en el Hotel + Almuerzo en Restaurante casco Hist\u00f3rico + Entradas corrida de Toros (sombra) + Balc\u00f3n salida Pe\u00f1as + Cena tapas + fuegos Artificiales + Alojamiento en Hotel 4 **** (Centro) 2\u00ba D\u00cdA: encuentro con nuestro personal para acudir a ver el Encierro con desayuno en los mejores balcones 1\u00ba piso Calle Estafeta + Baile Alpargata y visita de recorrido completo del encierro (Coralillos + Capilla San Ferm\u00edn + Callej\u00f3n Plaza de Toros) Incluye: Alojamiento Hotel 4**** Centro ciudad 1 noche + Almuerzo en restaurante sin bebida + Entrada de sombra +1 plaza en Balc\u00f3n preferencial 1\u00ba piso para ver salida Pe\u00f1as y Presenciar el Encierro del d\u00eda + Cena Tapas y fuegos terraza privada Baluarte + visita de Pamplona con gu\u00eda PRECIO POR PERSONA: 730\u20ac VIP SAN FERM\u00cdN (3 D\u00cdAS) 1\u00ba D\u00cdA: recepci\u00f3n por nuestro personal en el Hotel + Almuerzo en Restaurante Europa 1 Estrella Michelin + Entradas corrida de Toros (Barrera sombra) + Balc\u00f3n salida Pe\u00f1as + Cena tapas + fuegos Artificiales + Alojamiento en Hotel 4 **** (Centro) 2\u00ba D\u00cdA: encuentro con nuestro personal para acudir a ver el Encierro con desayuno en [&hellip;]\" \/>\n<meta property=\"og:url\" content=\"https:\/\/visitnavarra.info\/visitnavarra\/tres-maneras-de-vivir-san-fermin-a-pie-de-calle\/\" \/>\n<meta property=\"og:site_name\" content=\"VisitNavarra\" \/>\n<meta property=\"og:image\" content=\"https:\/\/visitnavarra.info\/visitnavarra\/wp-content\/uploads\/2019\/05\/navarsol-tres-maneras-san-fermin.jpg\" \/>\n<meta name=\"twitter:card\" content=\"summary_large_image\" \/>\n<meta name=\"twitter:label1\" content=\"Tiempo de lectura\" \/>\n\t<meta name=\"twitter:data1\" content=\"4 minutos\" \/>\n<script type=\"application\/ld+json\" class=\"yoast-schema-graph\">{\"@context\":\"https:\/\/schema.org\",\"@graph\":[{\"@type\":\"WebPage\",\"@id\":\"https:\/\/visitnavarra.info\/visitnavarra\/tres-maneras-de-vivir-san-fermin-a-pie-de-calle\/\",\"url\":\"https:\/\/visitnavarra.info\/visitnavarra\/tres-maneras-de-vivir-san-fermin-a-pie-de-calle\/\",\"name\":\"TRES MANERAS DE VIVIR SAN FERM\u00cdN A PIE DE CALLE - VisitNavarra\",\"isPartOf\":{\"@id\":\"https:\/\/visitnavarra.info\/visitnavarra\/#website\"},\"primaryImageOfPage\":{\"@id\":\"https:\/\/visitnavarra.info\/visitnavarra\/tres-maneras-de-vivir-san-fermin-a-pie-de-calle\/#primaryimage\"},\"image\":{\"@id\":\"https:\/\/visitnavarra.info\/visitnavarra\/tres-maneras-de-vivir-san-fermin-a-pie-de-calle\/#primaryimage\"},\"thumbnailUrl\":\"https:\/\/visitnavarra.info\/visitnavarra\/wp-content\/uploads\/2019\/05\/navarsol-tres-maneras-san-fermin.jpg\",\"datePublished\":\"2021-05-07T12:44:07+00:00\",\"dateModified\":\"2021-05-07T12:44:07+00:00\",\"breadcrumb\":{\"@id\":\"https:\/\/visitnavarra.info\/visitnavarra\/tres-maneras-de-vivir-san-fermin-a-pie-de-calle\/#breadcrumb\"},\"inLanguage\":\"es\",\"potentialAction\":[{\"@type\":\"ReadAction\",\"target\":[\"https:\/\/visitnavarra.info\/visitnavarra\/tres-maneras-de-vivir-san-fermin-a-pie-de-calle\/\"]}]},{\"@type\":\"ImageObject\",\"inLanguage\":\"es\",\"@id\":\"https:\/\/visitnavarra.info\/visitnavarra\/tres-maneras-de-vivir-san-fermin-a-pie-de-calle\/#primaryimage\",\"url\":\"https:\/\/visitnavarra.info\/visitnavarra\/wp-content\/uploads\/2019\/05\/navarsol-tres-maneras-san-fermin.jpg\",\"contentUrl\":\"https:\/\/visitnavarra.info\/visitnavarra\/wp-content\/uploads\/2019\/05\/navarsol-tres-maneras-san-fermin.jpg\",\"width\":250,\"height\":250},{\"@type\":\"BreadcrumbList\",\"@id\":\"https:\/\/visitnavarra.info\/visitnavarra\/tres-maneras-de-vivir-san-fermin-a-pie-de-calle\/#breadcrumb\",\"itemListElement\":[{\"@type\":\"ListItem\",\"position\":1,\"name\":\"Portada\",\"item\":\"https:\/\/visitnavarra.info\/visitnavarra\/\"},{\"@type\":\"ListItem\",\"position\":2,\"name\":\"TRES MANERAS DE VIVIR SAN FERM\u00cdN A PIE DE CALLE\"}]},{\"@type\":\"WebSite\",\"@id\":\"https:\/\/visitnavarra.info\/visitnavarra\/#website\",\"url\":\"https:\/\/visitnavarra.info\/visitnavarra\/\",\"name\":\"VisitNavarra\",\"description\":\"Alojamiento y experiencias tur\u00edsticas en Navarra; qu\u00e9 visitar en Navarra; comer en Navarra\",\"potentialAction\":[{\"@type\":\"SearchAction\",\"target\":{\"@type\":\"EntryPoint\",\"urlTemplate\":\"https:\/\/visitnavarra.info\/visitnavarra\/?s={search_term_string}\"},\"query-input\":{\"@type\":\"PropertyValueSpecification\",\"valueRequired\":true,\"valueName\":\"search_term_string\"}}],\"inLanguage\":\"es\"}]}<\/script>\n<!-- \/ Yoast SEO plugin. -->","yoast_head_json":{"title":"TRES MANERAS DE VIVIR SAN FERM\u00cdN A PIE DE CALLE - VisitNavarra","robots":{"index":"index","follow":"follow","max-snippet":"max-snippet:-1","max-image-preview":"max-image-preview:large","max-video-preview":"max-video-preview:-1"},"canonical":"https:\/\/visitnavarra.info\/visitnavarra\/tres-maneras-de-vivir-san-fermin-a-pie-de-calle\/","og_locale":"es_ES","og_type":"article","og_title":"TRES MANERAS DE VIVIR SAN FERM\u00cdN A PIE DE CALLE - VisitNavarra","og_description":"[vc_row][vc_column width=&#8221;1\/1&#8243;][vc_column_text]SAN FERM\u00cdN EXPRESS (2 D\u00cdAS) 1\u00ba D\u00cdA: recepci\u00f3n por nuestro personal en el Hotel + Almuerzo en Restaurante casco Hist\u00f3rico + Entradas corrida de Toros (sombra) + Balc\u00f3n salida Pe\u00f1as + Cena tapas + fuegos Artificiales + Alojamiento en Hotel 4 **** (Centro) 2\u00ba D\u00cdA: encuentro con nuestro personal para acudir a ver el Encierro con desayuno en los mejores balcones 1\u00ba piso Calle Estafeta + Baile Alpargata y visita de recorrido completo del encierro (Coralillos + Capilla San Ferm\u00edn + Callej\u00f3n Plaza de Toros) Incluye: Alojamiento Hotel 4**** Centro ciudad 1 noche + Almuerzo en restaurante sin bebida + Entrada de sombra +1 plaza en Balc\u00f3n preferencial 1\u00ba piso para ver salida Pe\u00f1as y Presenciar el Encierro del d\u00eda + Cena Tapas y fuegos terraza privada Baluarte + visita de Pamplona con gu\u00eda PRECIO POR PERSONA: 730\u20ac VIP SAN FERM\u00cdN (3 D\u00cdAS) 1\u00ba D\u00cdA: recepci\u00f3n por nuestro personal en el Hotel + Almuerzo en Restaurante Europa 1 Estrella Michelin + Entradas corrida de Toros (Barrera sombra) + Balc\u00f3n salida Pe\u00f1as + Cena tapas + fuegos Artificiales + Alojamiento en Hotel 4 **** (Centro) 2\u00ba D\u00cdA: encuentro con nuestro personal para acudir a ver el Encierro con desayuno en [&hellip;]","og_url":"https:\/\/visitnavarra.info\/visitnavarra\/tres-maneras-de-vivir-san-fermin-a-pie-de-calle\/","og_site_name":"VisitNavarra","og_image":[{"url":"https:\/\/visitnavarra.info\/visitnavarra\/wp-content\/uploads\/2019\/05\/navarsol-tres-maneras-san-fermin.jpg"}],"twitter_card":"summary_large_image","twitter_misc":{"Tiempo de lectura":"4 minutos"},"schema":{"@context":"https:\/\/schema.org","@graph":[{"@type":"WebPage","@id":"https:\/\/visitnavarra.info\/visitnavarra\/tres-maneras-de-vivir-san-fermin-a-pie-de-calle\/","url":"https:\/\/visitnavarra.info\/visitnavarra\/tres-maneras-de-vivir-san-fermin-a-pie-de-calle\/","name":"TRES MANERAS DE VIVIR SAN FERM\u00cdN A PIE DE CALLE - VisitNavarra","isPartOf":{"@id":"https:\/\/visitnavarra.info\/visitnavarra\/#website"},"primaryImageOfPage":{"@id":"https:\/\/visitnavarra.info\/visitnavarra\/tres-maneras-de-vivir-san-fermin-a-pie-de-calle\/#primaryimage"},"image":{"@id":"https:\/\/visitnavarra.info\/visitnavarra\/tres-maneras-de-vivir-san-fermin-a-pie-de-calle\/#primaryimage"},"thumbnailUrl":"https:\/\/visitnavarra.info\/visitnavarra\/wp-content\/uploads\/2019\/05\/navarsol-tres-maneras-san-fermin.jpg","datePublished":"2021-05-07T12:44:07+00:00","dateModified":"2021-05-07T12:44:07+00:00","breadcrumb":{"@id":"https:\/\/visitnavarra.info\/visitnavarra\/tres-maneras-de-vivir-san-fermin-a-pie-de-calle\/#breadcrumb"},"inLanguage":"es","potentialAction":[{"@type":"ReadAction","target":["https:\/\/visitnavarra.info\/visitnavarra\/tres-maneras-de-vivir-san-fermin-a-pie-de-calle\/"]}]},{"@type":"ImageObject","inLanguage":"es","@id":"https:\/\/visitnavarra.info\/visitnavarra\/tres-maneras-de-vivir-san-fermin-a-pie-de-calle\/#primaryimage","url":"https:\/\/visitnavarra.info\/visitnavarra\/wp-content\/uploads\/2019\/05\/navarsol-tres-maneras-san-fermin.jpg","contentUrl":"https:\/\/visitnavarra.info\/visitnavarra\/wp-content\/uploads\/2019\/05\/navarsol-tres-maneras-san-fermin.jpg","width":250,"height":250},{"@type":"BreadcrumbList","@id":"https:\/\/visitnavarra.info\/visitnavarra\/tres-maneras-de-vivir-san-fermin-a-pie-de-calle\/#breadcrumb","itemListElement":[{"@type":"ListItem","position":1,"name":"Portada","item":"https:\/\/visitnavarra.info\/visitnavarra\/"},{"@type":"ListItem","position":2,"name":"TRES MANERAS DE VIVIR SAN FERM\u00cdN A PIE DE CALLE"}]},{"@type":"WebSite","@id":"https:\/\/visitnavarra.info\/visitnavarra\/#website","url":"https:\/\/visitnavarra.info\/visitnavarra\/","name":"VisitNavarra","description":"Alojamiento y experiencias tur\u00edsticas en Navarra; qu\u00e9 visitar en Navarra; comer en Navarra","potentialAction":[{"@type":"SearchAction","target":{"@type":"EntryPoint","urlTemplate":"https:\/\/visitnavarra.info\/visitnavarra\/?s={search_term_string}"},"query-input":{"@type":"PropertyValueSpecification","valueRequired":true,"valueName":"search_term_string"}}],"inLanguage":"es"}]}},"_links":{"self":[{"href":"https:\/\/visitnavarra.info\/visitnavarra\/wp-json\/wp\/v2\/pages\/10940","targetHints":{"allow":["GET"]}}],"collection":[{"href":"https:\/\/visitnavarra.info\/visitnavarra\/wp-json\/wp\/v2\/pages"}],"about":[{"href":"https:\/\/visitnavarra.info\/visitnavarra\/wp-json\/wp\/v2\/types\/page"}],"author":[{"embeddable":true,"href":"https:\/\/visitnavarra.info\/visitnavarra\/wp-json\/wp\/v2\/users\/1"}],"replies":[{"embeddable":true,"href":"https:\/\/visitnavarra.info\/visitnavarra\/wp-json\/wp\/v2\/comments?post=10940"}],"version-history":[{"count":1,"href":"https:\/\/visitnavarra.info\/visitnavarra\/wp-json\/wp\/v2\/pages\/10940\/revisions"}],"predecessor-version":[{"id":10941,"href":"https:\/\/visitnavarra.info\/visitnavarra\/wp-json\/wp\/v2\/pages\/10940\/revisions\/10941"}],"wp:attachment":[{"href":"https:\/\/visitnavarra.info\/visitnavarra\/wp-json\/wp\/v2\/media?parent=10940"}],"curies":[{"name":"wp","href":"https:\/\/api.w.org\/{rel}","templated":true}]}}