{"id":10965,"date":"2021-05-28T12:55:10","date_gmt":"2021-05-28T12:55:10","guid":{"rendered":"https:\/\/visitnavarra.info\/visitnavarra\/?page_id=10965"},"modified":"2021-05-31T14:14:59","modified_gmt":"2021-05-31T14:14:59","slug":"zaldicook-movimiento-gastronomico","status":"publish","type":"page","link":"https:\/\/visitnavarra.info\/visitnavarra\/zaldicook-movimiento-gastronomico\/","title":{"rendered":"ZALDICOOK &#8211; Movimiento Gastron\u00f3mico"},"content":{"rendered":"<p>[vc_row][vc_column width=&#8221;1\/1&#8243;][vc_column_text]<strong>ZALDICOOK<\/strong> es un movimiento gastron\u00f3mico creado por cocineros y sommeliers navarros que comparten el gusto por la gastronom\u00eda y la tradici\u00f3n culinaria, con ideas creativas y revolucionarias.<\/p>\n<p>Maestros de la huerta navarra y apasionados por los productos navarros, hacen de los Km 0 una experiencia culinaria sin comparaci\u00f3n en el mundo entero.<br \/>\nFamosos por sus logros gastron\u00f3micos en cert\u00e1menes como las <a href=\"https:\/\/verdurasnavarra.com\/\">Jornadas de las Verduras de Navarra<\/a>, la <a href=\"https:\/\/www.semanadelpincho.es\/\" target=\"_blank\" rel=\"noopener\">Semana del Pincho de Navarra<\/a>, el Concurso de Pinchos de Euskadi o la <a href=\"https:\/\/www.semanadelacazuelica.com\/\" target=\"_blank\" rel=\"noopener\">Semana de la Cazuelica y su maridaje con el Vino D.O.\u00a0 Navarra<\/a>.<\/p>\n<p>Bien engranados, colaboran en eventos, tanto a nivel individual como conjuntamente, trasladando un aut\u00e9ntico espect\u00e1culo a sus congresos, reuniones de trabajo, ferias, jornadas, presentaciones e incluso a su casa, si desea dar un toque diferente a sus reuniones.<\/p>\n<h3 style=\"text-align: center;\"><strong><a href=\"https:\/\/zaldicook.com\/\" target=\"_blank\" rel=\"noopener\">Zaldicook<\/a> son una apuesta diferente de vivir nuestra gastronom\u00eda y enolog\u00eda \u201ccon todos los sentidos\u201d<\/strong><\/h3>\n<p>[\/vc_column_text][\/vc_column][\/vc_row][vc_row][vc_column width=&#8221;1\/1&#8243;]<div class=\"spacer\" style=\"height: 40px;\"><\/div>[\/vc_column][\/vc_row][vc_row][vc_column width=&#8221;1\/5&#8243;]<div class=\"single_image wpb_content_element align-left    \" data-animation=\"none\" data-delay=\"0\"><a href=\"https:\/\/www.hotel3reyes.com\/restaurante\/\" target=\"_blank\"><img loading=\"lazy\" decoding=\"async\" width=\"290\" height=\"400\" src=\"https:\/\/visitnavarra.info\/visitnavarra\/wp-content\/uploads\/2021\/05\/zaldicook-tres-reinas.jpg\" class=\"attachment-full\" alt=\"\" srcset=\"https:\/\/visitnavarra.info\/visitnavarra\/wp-content\/uploads\/2021\/05\/zaldicook-tres-reinas.jpg 290w, https:\/\/visitnavarra.info\/visitnavarra\/wp-content\/uploads\/2021\/05\/zaldicook-tres-reinas-218x300.jpg 218w\" sizes=\"auto, (max-width: 290px) 100vw, 290px\" \/><\/a><\/div>[\/vc_column][vc_column width=&#8221;1\/5&#8243;]<div class=\"single_image wpb_content_element align-left    \" data-animation=\"none\" data-delay=\"0\"><a href=\"https:\/\/m.facebook.com\/LePetitComitePamplona\/\" target=\"_blank\"><img loading=\"lazy\" decoding=\"async\" width=\"290\" height=\"400\" src=\"https:\/\/visitnavarra.info\/visitnavarra\/wp-content\/uploads\/2021\/05\/zaldicook-petit-comite.jpg\" class=\"attachment-full\" alt=\"\" srcset=\"https:\/\/visitnavarra.info\/visitnavarra\/wp-content\/uploads\/2021\/05\/zaldicook-petit-comite.jpg 290w, https:\/\/visitnavarra.info\/visitnavarra\/wp-content\/uploads\/2021\/05\/zaldicook-petit-comite-218x300.jpg 218w\" sizes=\"auto, (max-width: 290px) 100vw, 290px\" \/><\/a><\/div>[\/vc_column][vc_column width=&#8221;1\/5&#8243;]<div class=\"single_image wpb_content_element align-left    \" data-animation=\"none\" data-delay=\"0\"><a href=\"https:\/\/www.restaurantetubal.com\/es\/inicio\" target=\"_blank\"><img loading=\"lazy\" decoding=\"async\" width=\"290\" height=\"400\" src=\"https:\/\/visitnavarra.info\/visitnavarra\/wp-content\/uploads\/2021\/05\/zaldicook-tubal.jpg\" class=\"attachment-full\" alt=\"\" srcset=\"https:\/\/visitnavarra.info\/visitnavarra\/wp-content\/uploads\/2021\/05\/zaldicook-tubal.jpg 290w, https:\/\/visitnavarra.info\/visitnavarra\/wp-content\/uploads\/2021\/05\/zaldicook-tubal-218x300.jpg 218w\" sizes=\"auto, (max-width: 290px) 100vw, 290px\" \/><\/a><\/div>[\/vc_column][vc_column width=&#8221;1\/5&#8243;]<div class=\"single_image wpb_content_element align-left    \" data-animation=\"none\" data-delay=\"0\"><a href=\"https:\/\/www.restaurantetopero.es\/\" target=\"_blank\"><img loading=\"lazy\" decoding=\"async\" width=\"290\" height=\"400\" src=\"https:\/\/visitnavarra.info\/visitnavarra\/wp-content\/uploads\/2021\/05\/zaldicook-topero.jpg\" class=\"attachment-full\" alt=\"\" srcset=\"https:\/\/visitnavarra.info\/visitnavarra\/wp-content\/uploads\/2021\/05\/zaldicook-topero.jpg 290w, https:\/\/visitnavarra.info\/visitnavarra\/wp-content\/uploads\/2021\/05\/zaldicook-topero-218x300.jpg 218w\" sizes=\"auto, (max-width: 290px) 100vw, 290px\" \/><\/a><\/div>[\/vc_column][vc_column width=&#8221;1\/5&#8243;]<div class=\"single_image wpb_content_element align-left    \" data-animation=\"none\" data-delay=\"0\"><a href=\"https:\/\/almahotels.com\/pamplona\/la-biblioteca\/\" target=\"_blank\"><img loading=\"lazy\" decoding=\"async\" width=\"290\" height=\"400\" src=\"https:\/\/visitnavarra.info\/visitnavarra\/wp-content\/uploads\/2021\/05\/zaldicook-alma-pamplona.jpg\" class=\"attachment-full\" alt=\"\" srcset=\"https:\/\/visitnavarra.info\/visitnavarra\/wp-content\/uploads\/2021\/05\/zaldicook-alma-pamplona.jpg 290w, https:\/\/visitnavarra.info\/visitnavarra\/wp-content\/uploads\/2021\/05\/zaldicook-alma-pamplona-218x300.jpg 218w\" sizes=\"auto, (max-width: 290px) 100vw, 290px\" \/><\/a><\/div>[\/vc_column][\/vc_row][vc_row][vc_column width=&#8221;1\/1&#8243;]<div class=\"spacer\" style=\"height: 40px;\"><\/div>[\/vc_column][\/vc_row][vc_row][vc_column width=&#8221;1\/5&#8243;]<div class=\"single_image wpb_content_element align-left    \" data-animation=\"none\" data-delay=\"0\"><a href=\"http:\/\/akarigastroteka.com\/\" target=\"_blank\"><img loading=\"lazy\" decoding=\"async\" width=\"290\" height=\"400\" src=\"https:\/\/visitnavarra.info\/visitnavarra\/wp-content\/uploads\/2021\/05\/zaldicook-akari.jpg\" class=\"attachment-full\" alt=\"\" srcset=\"https:\/\/visitnavarra.info\/visitnavarra\/wp-content\/uploads\/2021\/05\/zaldicook-akari.jpg 290w, https:\/\/visitnavarra.info\/visitnavarra\/wp-content\/uploads\/2021\/05\/zaldicook-akari-218x300.jpg 218w\" sizes=\"auto, (max-width: 290px) 100vw, 290px\" \/><\/a><\/div>[\/vc_column][vc_column width=&#8221;1\/5&#8243;]<div class=\"single_image wpb_content_element align-left    \" data-animation=\"none\" data-delay=\"0\"><a href=\"https:\/\/hostalremigio.com\/\" target=\"_blank\"><img loading=\"lazy\" decoding=\"async\" width=\"290\" height=\"400\" src=\"https:\/\/visitnavarra.info\/visitnavarra\/wp-content\/uploads\/2021\/05\/zaldicook-remigio.jpg\" class=\"attachment-full\" alt=\"\" srcset=\"https:\/\/visitnavarra.info\/visitnavarra\/wp-content\/uploads\/2021\/05\/zaldicook-remigio.jpg 290w, https:\/\/visitnavarra.info\/visitnavarra\/wp-content\/uploads\/2021\/05\/zaldicook-remigio-218x300.jpg 218w\" sizes=\"auto, (max-width: 290px) 100vw, 290px\" \/><\/a><\/div>[\/vc_column][vc_column width=&#8221;1\/5&#8243;]<div class=\"single_image wpb_content_element align-left    \" data-animation=\"none\" data-delay=\"0\"><a href=\"https:\/\/sites.google.com\/view\/lebistrot\" target=\"_blank\"><img loading=\"lazy\" decoding=\"async\" width=\"290\" height=\"400\" src=\"https:\/\/visitnavarra.info\/visitnavarra\/wp-content\/uploads\/2021\/05\/zaldicook-le-bistro.jpg\" class=\"attachment-full\" alt=\"\" srcset=\"https:\/\/visitnavarra.info\/visitnavarra\/wp-content\/uploads\/2021\/05\/zaldicook-le-bistro.jpg 290w, https:\/\/visitnavarra.info\/visitnavarra\/wp-content\/uploads\/2021\/05\/zaldicook-le-bistro-218x300.jpg 218w\" sizes=\"auto, (max-width: 290px) 100vw, 290px\" \/><\/a><\/div>[\/vc_column][vc_column width=&#8221;1\/5&#8243;]<div class=\"single_image wpb_content_element align-left    \" data-animation=\"none\" data-delay=\"0\"><a href=\"https:\/\/baserriberri.com\/\" target=\"_blank\"><img loading=\"lazy\" decoding=\"async\" width=\"290\" height=\"400\" src=\"https:\/\/visitnavarra.info\/visitnavarra\/wp-content\/uploads\/2021\/05\/zaldicook-baserriberri.jpg\" class=\"attachment-full\" alt=\"\" srcset=\"https:\/\/visitnavarra.info\/visitnavarra\/wp-content\/uploads\/2021\/05\/zaldicook-baserriberri.jpg 290w, https:\/\/visitnavarra.info\/visitnavarra\/wp-content\/uploads\/2021\/05\/zaldicook-baserriberri-218x300.jpg 218w\" sizes=\"auto, (max-width: 290px) 100vw, 290px\" \/><\/a><\/div>[\/vc_column][vc_column width=&#8221;1\/5&#8243;]<div class=\"single_image wpb_content_element align-left    \" data-animation=\"none\" data-delay=\"0\"><a href=\"https:\/\/laolla.com\/\" target=\"_blank\"><img loading=\"lazy\" decoding=\"async\" width=\"290\" height=\"400\" src=\"https:\/\/visitnavarra.info\/visitnavarra\/wp-content\/uploads\/2021\/05\/zaldicook-la-olla.jpg\" class=\"attachment-full\" alt=\"\" srcset=\"https:\/\/visitnavarra.info\/visitnavarra\/wp-content\/uploads\/2021\/05\/zaldicook-la-olla.jpg 290w, https:\/\/visitnavarra.info\/visitnavarra\/wp-content\/uploads\/2021\/05\/zaldicook-la-olla-218x300.jpg 218w\" sizes=\"auto, (max-width: 290px) 100vw, 290px\" \/><\/a><\/div>[\/vc_column][\/vc_row][vc_row][vc_column width=&#8221;1\/1&#8243;]<div class=\"spacer\" style=\"height: 40px;\"><\/div>[\/vc_column][\/vc_row][vc_row][vc_column width=&#8221;1\/5&#8243;]<div class=\"single_image wpb_content_element align-left    \" data-animation=\"none\" data-delay=\"0\"><a href=\"https:\/\/verduarte.com\/\" target=\"_blank\"><img loading=\"lazy\" decoding=\"async\" width=\"290\" height=\"400\" src=\"https:\/\/visitnavarra.info\/visitnavarra\/wp-content\/uploads\/2021\/05\/zaldicook-verduarte.jpg\" class=\"attachment-full\" alt=\"\" srcset=\"https:\/\/visitnavarra.info\/visitnavarra\/wp-content\/uploads\/2021\/05\/zaldicook-verduarte.jpg 290w, https:\/\/visitnavarra.info\/visitnavarra\/wp-content\/uploads\/2021\/05\/zaldicook-verduarte-218x300.jpg 218w\" sizes=\"auto, (max-width: 290px) 100vw, 290px\" \/><\/a><\/div>[\/vc_column][vc_column width=&#8221;1\/5&#8243;]<div class=\"single_image wpb_content_element align-left    \" data-animation=\"none\" data-delay=\"0\"><a href=\"http:\/\/www.abacorestaurante.com\/\" target=\"_blank\"><img loading=\"lazy\" decoding=\"async\" width=\"290\" height=\"400\" src=\"https:\/\/visitnavarra.info\/visitnavarra\/wp-content\/uploads\/2021\/05\/zaldicook-abaco.jpg\" class=\"attachment-full\" alt=\"\" srcset=\"https:\/\/visitnavarra.info\/visitnavarra\/wp-content\/uploads\/2021\/05\/zaldicook-abaco.jpg 290w, https:\/\/visitnavarra.info\/visitnavarra\/wp-content\/uploads\/2021\/05\/zaldicook-abaco-218x300.jpg 218w\" sizes=\"auto, (max-width: 290px) 100vw, 290px\" \/><\/a><\/div>[\/vc_column][vc_column width=&#8221;1\/5&#8243;]<div class=\"single_image wpb_content_element align-left    \" data-animation=\"none\" data-delay=\"0\"><a href=\"https:\/\/rtebeethoven.com\/\" target=\"_blank\"><img loading=\"lazy\" decoding=\"async\" width=\"290\" height=\"400\" src=\"https:\/\/visitnavarra.info\/visitnavarra\/wp-content\/uploads\/2021\/05\/zaldicook-beethoven.jpg\" class=\"attachment-full\" alt=\"\" srcset=\"https:\/\/visitnavarra.info\/visitnavarra\/wp-content\/uploads\/2021\/05\/zaldicook-beethoven.jpg 290w, https:\/\/visitnavarra.info\/visitnavarra\/wp-content\/uploads\/2021\/05\/zaldicook-beethoven-218x300.jpg 218w\" sizes=\"auto, (max-width: 290px) 100vw, 290px\" \/><\/a><\/div>[\/vc_column][vc_column width=&#8221;1\/5&#8243;]<div class=\"single_image wpb_content_element align-left    \" data-animation=\"none\" data-delay=\"0\"><a href=\"https:\/\/xn--laviejairua-beb.es\/\" target=\"_blank\"><img loading=\"lazy\" decoding=\"async\" width=\"290\" height=\"400\" src=\"https:\/\/visitnavarra.info\/visitnavarra\/wp-content\/uploads\/2021\/05\/zaldicook-la-vieja-iruna.jpg\" class=\"attachment-full\" alt=\"\" srcset=\"https:\/\/visitnavarra.info\/visitnavarra\/wp-content\/uploads\/2021\/05\/zaldicook-la-vieja-iruna.jpg 290w, https:\/\/visitnavarra.info\/visitnavarra\/wp-content\/uploads\/2021\/05\/zaldicook-la-vieja-iruna-218x300.jpg 218w\" sizes=\"auto, (max-width: 290px) 100vw, 290px\" \/><\/a><\/div>[\/vc_column][vc_column width=&#8221;1\/5&#8243;]<div class=\"single_image wpb_content_element align-left    \" data-animation=\"none\" data-delay=\"0\"><a href=\"https:\/\/irunazarra.com\/\" target=\"_blank\"><img loading=\"lazy\" decoding=\"async\" width=\"290\" height=\"400\" src=\"https:\/\/visitnavarra.info\/visitnavarra\/wp-content\/uploads\/2021\/05\/zaldicook-irunazarra.jpg\" class=\"attachment-full\" alt=\"\" srcset=\"https:\/\/visitnavarra.info\/visitnavarra\/wp-content\/uploads\/2021\/05\/zaldicook-irunazarra.jpg 290w, https:\/\/visitnavarra.info\/visitnavarra\/wp-content\/uploads\/2021\/05\/zaldicook-irunazarra-218x300.jpg 218w\" sizes=\"auto, (max-width: 290px) 100vw, 290px\" \/><\/a><\/div>[\/vc_column][\/vc_row][vc_row][vc_column width=&#8221;1\/1&#8243;]<div class=\"spacer\" style=\"height: 40px;\"><\/div>[\/vc_column][\/vc_row][vc_row][vc_column width=&#8221;1\/5&#8243;]<div class=\"single_image wpb_content_element align-left    \" data-animation=\"none\" data-delay=\"0\"><a href=\"http:\/\/www.tabernacocotte.com\/\" target=\"_blank\"><img loading=\"lazy\" decoding=\"async\" width=\"290\" height=\"400\" src=\"https:\/\/visitnavarra.info\/visitnavarra\/wp-content\/uploads\/2021\/05\/zaldicook-cocotte.jpg\" class=\"attachment-full\" alt=\"\" srcset=\"https:\/\/visitnavarra.info\/visitnavarra\/wp-content\/uploads\/2021\/05\/zaldicook-cocotte.jpg 290w, https:\/\/visitnavarra.info\/visitnavarra\/wp-content\/uploads\/2021\/05\/zaldicook-cocotte-218x300.jpg 218w\" sizes=\"auto, (max-width: 290px) 100vw, 290px\" \/><\/a><\/div>[\/vc_column][vc_column width=&#8221;1\/5&#8243;]<div class=\"single_image wpb_content_element align-left    \" data-animation=\"none\" data-delay=\"0\"><a href=\"https:\/\/restaurantecasalola.es\/menu-del-dia\/\" target=\"_blank\"><img loading=\"lazy\" decoding=\"async\" width=\"290\" height=\"400\" src=\"https:\/\/visitnavarra.info\/visitnavarra\/wp-content\/uploads\/2021\/05\/zaldicook-casa-lola.jpg\" class=\"attachment-full\" alt=\"\" srcset=\"https:\/\/visitnavarra.info\/visitnavarra\/wp-content\/uploads\/2021\/05\/zaldicook-casa-lola.jpg 290w, https:\/\/visitnavarra.info\/visitnavarra\/wp-content\/uploads\/2021\/05\/zaldicook-casa-lola-218x300.jpg 218w\" sizes=\"auto, (max-width: 290px) 100vw, 290px\" \/><\/a><\/div>[\/vc_column][vc_column width=&#8221;1\/5&#8243;]<div class=\"single_image wpb_content_element align-left    \" data-animation=\"none\" data-delay=\"0\"><a href=\"http:\/\/www.hdoncarlos.com\/restaurante\/\" target=\"_blank\"><img loading=\"lazy\" decoding=\"async\" width=\"290\" height=\"400\" src=\"https:\/\/visitnavarra.info\/visitnavarra\/wp-content\/uploads\/2021\/05\/zaldicook-doncarlos.jpg\" class=\"attachment-full\" alt=\"\" srcset=\"https:\/\/visitnavarra.info\/visitnavarra\/wp-content\/uploads\/2021\/05\/zaldicook-doncarlos.jpg 290w, https:\/\/visitnavarra.info\/visitnavarra\/wp-content\/uploads\/2021\/05\/zaldicook-doncarlos-218x300.jpg 218w\" sizes=\"auto, (max-width: 290px) 100vw, 290px\" \/><\/a><\/div>[\/vc_column][vc_column width=&#8221;1\/5&#8243;]<div class=\"single_image wpb_content_element align-left    \" data-animation=\"none\" data-delay=\"0\"><a href=\"http:\/\/www.restaurantekabo.com\/\" target=\"_blank\"><img loading=\"lazy\" decoding=\"async\" width=\"290\" height=\"400\" src=\"https:\/\/visitnavarra.info\/visitnavarra\/wp-content\/uploads\/2021\/05\/zaldicook-kabo.jpg\" class=\"attachment-full\" alt=\"\" srcset=\"https:\/\/visitnavarra.info\/visitnavarra\/wp-content\/uploads\/2021\/05\/zaldicook-kabo.jpg 290w, https:\/\/visitnavarra.info\/visitnavarra\/wp-content\/uploads\/2021\/05\/zaldicook-kabo-218x300.jpg 218w\" sizes=\"auto, (max-width: 290px) 100vw, 290px\" \/><\/a><\/div>[\/vc_column][vc_column width=&#8221;1\/5&#8243;][\/vc_column][\/vc_row]<\/p>\n","protected":false},"excerpt":{"rendered":"<p>[vc_row][vc_column width=&#8221;1\/1&#8243;][vc_column_text]ZALDICOOK es un movimiento gastron\u00f3mico creado por cocineros y sommeliers navarros que comparten el gusto por la gastronom\u00eda y la tradici\u00f3n culinaria, con ideas creativas y revolucionarias. Maestros de la huerta navarra y apasionados por los productos navarros, hacen de los Km 0 una experiencia culinaria sin comparaci\u00f3n en el mundo entero. Famosos por sus logros gastron\u00f3micos en cert\u00e1menes como las Jornadas de las Verduras de Navarra, la Semana del Pincho de Navarra, el Concurso de Pinchos de Euskadi o la Semana de la Cazuelica y su maridaje con el Vino D.O.\u00a0 Navarra. Bien engranados, colaboran en eventos, tanto a nivel individual como conjuntamente, trasladando un aut\u00e9ntico espect\u00e1culo a sus congresos, reuniones de trabajo, ferias, jornadas, presentaciones e incluso a su casa, si desea dar un toque diferente a sus reuniones. Zaldicook son una apuesta diferente de vivir nuestra gastronom\u00eda y enolog\u00eda \u201ccon todos los sentidos\u201d [\/vc_column_text][\/vc_column][\/vc_row][vc_row][vc_column width=&#8221;1\/1&#8243;][\/vc_column][\/vc_row][vc_row][vc_column width=&#8221;1\/5&#8243;][\/vc_column][vc_column width=&#8221;1\/5&#8243;][\/vc_column][vc_column width=&#8221;1\/5&#8243;][\/vc_column][vc_column width=&#8221;1\/5&#8243;][\/vc_column][vc_column width=&#8221;1\/5&#8243;][\/vc_column][\/vc_row][vc_row][vc_column width=&#8221;1\/1&#8243;][\/vc_column][\/vc_row][vc_row][vc_column width=&#8221;1\/5&#8243;][\/vc_column][vc_column width=&#8221;1\/5&#8243;][\/vc_column][vc_column width=&#8221;1\/5&#8243;][\/vc_column][vc_column width=&#8221;1\/5&#8243;][\/vc_column][vc_column width=&#8221;1\/5&#8243;][\/vc_column][\/vc_row][vc_row][vc_column width=&#8221;1\/1&#8243;][\/vc_column][\/vc_row][vc_row][vc_column width=&#8221;1\/5&#8243;][\/vc_column][vc_column width=&#8221;1\/5&#8243;][\/vc_column][vc_column width=&#8221;1\/5&#8243;][\/vc_column][vc_column width=&#8221;1\/5&#8243;][\/vc_column][vc_column width=&#8221;1\/5&#8243;][\/vc_column][\/vc_row][vc_row][vc_column width=&#8221;1\/1&#8243;][\/vc_column][\/vc_row][vc_row][vc_column width=&#8221;1\/5&#8243;][\/vc_column][vc_column width=&#8221;1\/5&#8243;][\/vc_column][vc_column width=&#8221;1\/5&#8243;][\/vc_column][vc_column width=&#8221;1\/5&#8243;][\/vc_column][vc_column width=&#8221;1\/5&#8243;][\/vc_column][\/vc_row]<\/p>\n","protected":false},"author":1,"featured_media":0,"parent":0,"menu_order":0,"comment_status":"closed","ping_status":"closed","template":"","meta":{"footnotes":""},"class_list":["post-10965","page","type-page","status-publish","hentry"],"yoast_head":"<!-- This site is optimized with the Yoast SEO plugin v23.5 - https:\/\/yoast.com\/wordpress\/plugins\/seo\/ -->\n<title>Zaldicook movimiento gastron\u00f3mico - VisitNavarra<\/title>\n<meta name=\"description\" content=\"Zaldicook es un movimiento gastron\u00f3mico creado por cocineros y sommeliers navarros que comparten el gusto por la gastronom\u00eda y la tradici\u00f3n\" \/>\n<meta name=\"robots\" content=\"index, follow, max-snippet:-1, max-image-preview:large, max-video-preview:-1\" \/>\n<link rel=\"canonical\" href=\"https:\/\/visitnavarra.info\/visitnavarra\/zaldicook-movimiento-gastronomico\/\" \/>\n<meta property=\"og:locale\" content=\"es_ES\" \/>\n<meta property=\"og:type\" content=\"article\" \/>\n<meta property=\"og:title\" content=\"Zaldicook movimiento gastron\u00f3mico - VisitNavarra\" \/>\n<meta property=\"og:description\" content=\"Zaldicook es un movimiento gastron\u00f3mico creado por cocineros y sommeliers navarros que comparten el gusto por la gastronom\u00eda y la tradici\u00f3n\" \/>\n<meta property=\"og:url\" content=\"https:\/\/visitnavarra.info\/visitnavarra\/zaldicook-movimiento-gastronomico\/\" \/>\n<meta property=\"og:site_name\" content=\"VisitNavarra\" \/>\n<meta property=\"article:modified_time\" content=\"2021-05-31T14:14:59+00:00\" \/>\n<meta name=\"twitter:card\" content=\"summary_large_image\" \/>\n<meta name=\"twitter:label1\" content=\"Tiempo de lectura\" \/>\n\t<meta name=\"twitter:data1\" content=\"2 minutos\" \/>\n<script type=\"application\/ld+json\" class=\"yoast-schema-graph\">{\"@context\":\"https:\/\/schema.org\",\"@graph\":[{\"@type\":\"WebPage\",\"@id\":\"https:\/\/visitnavarra.info\/visitnavarra\/zaldicook-movimiento-gastronomico\/\",\"url\":\"https:\/\/visitnavarra.info\/visitnavarra\/zaldicook-movimiento-gastronomico\/\",\"name\":\"Zaldicook movimiento gastron\u00f3mico - VisitNavarra\",\"isPartOf\":{\"@id\":\"https:\/\/visitnavarra.info\/visitnavarra\/#website\"},\"datePublished\":\"2021-05-28T12:55:10+00:00\",\"dateModified\":\"2021-05-31T14:14:59+00:00\",\"description\":\"Zaldicook es un movimiento gastron\u00f3mico creado por cocineros y sommeliers navarros que comparten el gusto por la gastronom\u00eda y la tradici\u00f3n\",\"breadcrumb\":{\"@id\":\"https:\/\/visitnavarra.info\/visitnavarra\/zaldicook-movimiento-gastronomico\/#breadcrumb\"},\"inLanguage\":\"es\",\"potentialAction\":[{\"@type\":\"ReadAction\",\"target\":[\"https:\/\/visitnavarra.info\/visitnavarra\/zaldicook-movimiento-gastronomico\/\"]}]},{\"@type\":\"BreadcrumbList\",\"@id\":\"https:\/\/visitnavarra.info\/visitnavarra\/zaldicook-movimiento-gastronomico\/#breadcrumb\",\"itemListElement\":[{\"@type\":\"ListItem\",\"position\":1,\"name\":\"Portada\",\"item\":\"https:\/\/visitnavarra.info\/visitnavarra\/\"},{\"@type\":\"ListItem\",\"position\":2,\"name\":\"ZALDICOOK &#8211; Movimiento Gastron\u00f3mico\"}]},{\"@type\":\"WebSite\",\"@id\":\"https:\/\/visitnavarra.info\/visitnavarra\/#website\",\"url\":\"https:\/\/visitnavarra.info\/visitnavarra\/\",\"name\":\"VisitNavarra\",\"description\":\"Alojamiento y experiencias tur\u00edsticas en Navarra; qu\u00e9 visitar en Navarra; comer en Navarra\",\"potentialAction\":[{\"@type\":\"SearchAction\",\"target\":{\"@type\":\"EntryPoint\",\"urlTemplate\":\"https:\/\/visitnavarra.info\/visitnavarra\/?s={search_term_string}\"},\"query-input\":{\"@type\":\"PropertyValueSpecification\",\"valueRequired\":true,\"valueName\":\"search_term_string\"}}],\"inLanguage\":\"es\"}]}<\/script>\n<!-- \/ Yoast SEO plugin. -->","yoast_head_json":{"title":"Zaldicook movimiento gastron\u00f3mico - VisitNavarra","description":"Zaldicook es un movimiento gastron\u00f3mico creado por cocineros y sommeliers navarros que comparten el gusto por la gastronom\u00eda y la tradici\u00f3n","robots":{"index":"index","follow":"follow","max-snippet":"max-snippet:-1","max-image-preview":"max-image-preview:large","max-video-preview":"max-video-preview:-1"},"canonical":"https:\/\/visitnavarra.info\/visitnavarra\/zaldicook-movimiento-gastronomico\/","og_locale":"es_ES","og_type":"article","og_title":"Zaldicook movimiento gastron\u00f3mico - VisitNavarra","og_description":"Zaldicook es un movimiento gastron\u00f3mico creado por cocineros y sommeliers navarros que comparten el gusto por la gastronom\u00eda y la tradici\u00f3n","og_url":"https:\/\/visitnavarra.info\/visitnavarra\/zaldicook-movimiento-gastronomico\/","og_site_name":"VisitNavarra","article_modified_time":"2021-05-31T14:14:59+00:00","twitter_card":"summary_large_image","twitter_misc":{"Tiempo de lectura":"2 minutos"},"schema":{"@context":"https:\/\/schema.org","@graph":[{"@type":"WebPage","@id":"https:\/\/visitnavarra.info\/visitnavarra\/zaldicook-movimiento-gastronomico\/","url":"https:\/\/visitnavarra.info\/visitnavarra\/zaldicook-movimiento-gastronomico\/","name":"Zaldicook movimiento gastron\u00f3mico - VisitNavarra","isPartOf":{"@id":"https:\/\/visitnavarra.info\/visitnavarra\/#website"},"datePublished":"2021-05-28T12:55:10+00:00","dateModified":"2021-05-31T14:14:59+00:00","description":"Zaldicook es un movimiento gastron\u00f3mico creado por cocineros y sommeliers navarros que comparten el gusto por la gastronom\u00eda y la tradici\u00f3n","breadcrumb":{"@id":"https:\/\/visitnavarra.info\/visitnavarra\/zaldicook-movimiento-gastronomico\/#breadcrumb"},"inLanguage":"es","potentialAction":[{"@type":"ReadAction","target":["https:\/\/visitnavarra.info\/visitnavarra\/zaldicook-movimiento-gastronomico\/"]}]},{"@type":"BreadcrumbList","@id":"https:\/\/visitnavarra.info\/visitnavarra\/zaldicook-movimiento-gastronomico\/#breadcrumb","itemListElement":[{"@type":"ListItem","position":1,"name":"Portada","item":"https:\/\/visitnavarra.info\/visitnavarra\/"},{"@type":"ListItem","position":2,"name":"ZALDICOOK &#8211; Movimiento Gastron\u00f3mico"}]},{"@type":"WebSite","@id":"https:\/\/visitnavarra.info\/visitnavarra\/#website","url":"https:\/\/visitnavarra.info\/visitnavarra\/","name":"VisitNavarra","description":"Alojamiento y experiencias tur\u00edsticas en Navarra; qu\u00e9 visitar en Navarra; comer en Navarra","potentialAction":[{"@type":"SearchAction","target":{"@type":"EntryPoint","urlTemplate":"https:\/\/visitnavarra.info\/visitnavarra\/?s={search_term_string}"},"query-input":{"@type":"PropertyValueSpecification","valueRequired":true,"valueName":"search_term_string"}}],"inLanguage":"es"}]}},"_links":{"self":[{"href":"https:\/\/visitnavarra.info\/visitnavarra\/wp-json\/wp\/v2\/pages\/10965","targetHints":{"allow":["GET"]}}],"collection":[{"href":"https:\/\/visitnavarra.info\/visitnavarra\/wp-json\/wp\/v2\/pages"}],"about":[{"href":"https:\/\/visitnavarra.info\/visitnavarra\/wp-json\/wp\/v2\/types\/page"}],"author":[{"embeddable":true,"href":"https:\/\/visitnavarra.info\/visitnavarra\/wp-json\/wp\/v2\/users\/1"}],"replies":[{"embeddable":true,"href":"https:\/\/visitnavarra.info\/visitnavarra\/wp-json\/wp\/v2\/comments?post=10965"}],"version-history":[{"count":12,"href":"https:\/\/visitnavarra.info\/visitnavarra\/wp-json\/wp\/v2\/pages\/10965\/revisions"}],"predecessor-version":[{"id":11066,"href":"https:\/\/visitnavarra.info\/visitnavarra\/wp-json\/wp\/v2\/pages\/10965\/revisions\/11066"}],"wp:attachment":[{"href":"https:\/\/visitnavarra.info\/visitnavarra\/wp-json\/wp\/v2\/media?parent=10965"}],"curies":[{"name":"wp","href":"https:\/\/api.w.org\/{rel}","templated":true}]}}