{"id":11300,"date":"2021-10-25T08:10:29","date_gmt":"2021-10-25T08:10:29","guid":{"rendered":"https:\/\/visitnavarra.info\/visitnavarra\/?page_id=11300"},"modified":"2024-05-29T07:15:49","modified_gmt":"2024-05-29T07:15:49","slug":"arinzano-mil-anos-de-misterio","status":"publish","type":"page","link":"https:\/\/visitnavarra.info\/visitnavarra\/arinzano-mil-anos-de-misterio\/","title":{"rendered":"AR\u00cdNZANO MIL A\u00d1OS DE MISTERIO"},"content":{"rendered":"<p>[vc_row][vc_column width=&#8221;1\/4&#8243;]<div class=\"single_image wpb_content_element align-left    \" data-animation=\"none\" data-delay=\"0\"><img loading=\"lazy\" decoding=\"async\" width=\"500\" height=\"466\" src=\"https:\/\/visitnavarra.info\/visitnavarra\/wp-content\/uploads\/2024\/05\/Logo-misterio-arinzano-500.jpg\" class=\"attachment-full\" alt=\"Logo Bodega Ar\u00ednzano\" srcset=\"https:\/\/visitnavarra.info\/visitnavarra\/wp-content\/uploads\/2024\/05\/Logo-misterio-arinzano-500.jpg 500w, https:\/\/visitnavarra.info\/visitnavarra\/wp-content\/uploads\/2024\/05\/Logo-misterio-arinzano-500-300x280.jpg 300w, https:\/\/visitnavarra.info\/visitnavarra\/wp-content\/uploads\/2024\/05\/Logo-misterio-arinzano-500-320x298.jpg 320w, https:\/\/visitnavarra.info\/visitnavarra\/wp-content\/uploads\/2024\/05\/Logo-misterio-arinzano-500-480x447.jpg 480w\" sizes=\"auto, (max-width: 500px) 100vw, 500px\" \/><\/div>[\/vc_column][vc_column width=&#8221;3\/4&#8243;][vc_column_text]<\/p>\n<h1>AR\u00cdNZANO, MIL A\u00d1OS DE MISTERIO<\/h1>\n<p>Desde hace casi 1000 a\u00f1os, Ar\u00ednzano cultiva el misterio del Tiempo y la Naturaleza. Situada en un valle incomparable, magnificado por sus microclimas, la piedra, la tierra y el agua dan lugar a un terru\u00f1o excepcional propicio a la expresi\u00f3n singular de tres grandes variedades de vino. La finca ha sido sucesivamente propiedad de monjes, se\u00f1ores y familias vitivin\u00edcolas, pero siempre ha tenido una vocaci\u00f3n ligada al vino. Hoy, en el centro de este magn\u00edfico valle atravesado por el r\u00edo Ega y el viento Cierzo, Ar\u00ednzano revela vinos que conservan la fuerza y la gracia del Tiempo y la Tierra.[\/vc_column_text]<div class=\"spacer\" style=\"height: 40px;\"><\/div>[\/vc_column][\/vc_row][vc_row][vc_column width=&#8221;1\/1&#8243;][vc_column_text]<\/p>\n<h1>VIS\u00cdTENOS<\/h1>\n<p><strong>El camino que conduce a Ar\u00ednzano<\/strong> es como la primera p\u00e1gina de una historia milenaria que <strong>conserva, a\u00fan hoy, todo su misterio<\/strong>. El camino serpentea entre hileras de vi\u00f1edos, encinas y olivares antes de llegar a la bodega, al final de un puente tan estrecho que el visitante no tiene m\u00e1s remedio que reducir la velocidad al cruzar el r\u00edo Ega.<\/p>\n<p>El tiempo ha obrado su magia en estas tierras ricas y diversas y les ha permitido convertirse en los terru\u00f1os \u00fanicos que son hoy. <strong>La Torre de Armer\u00eda, La Casona y La Iglesia <\/strong>son los testigos silenciosos de esta misteriosa transformaci\u00f3n. Siempre es el tiempo el que orquesta la alquimia secreta entre la uva que vive y respira, la madera y la botella.<\/p>\n<p><strong>El tiempo se detiene en la degustaci\u00f3n de los vinos.<\/strong> El silencio nos permite apreciar mejor esta emoci\u00f3n espiritual y f\u00edsica, el momento fugaz durante el cual podemos captar plenamente la gracia de la eternidad. Como sucede cuando vemos por primera vez esta finca excepcional, la degustaci\u00f3n de sus vinos aumenta nuestra sensibilidad hacia el misterio y la magia que se esconden aqu\u00ed, pero sin llegar a revelar por completo sus secretos.<\/p>\n<p><strong>El tiempo le pertenece, es a la vez su producto y su amo.<\/strong>[\/vc_column_text]<div class=\"spacer\" style=\"height: 40px;\"><\/div>[\/vc_column][\/vc_row][vc_row][vc_column width=&#8221;1\/2&#8243;][vc_column_text]<\/p>\n<h1>VISITA EL MISTERIO<\/h1>\n<p>En esta visita podr\u00e1 adentrarse en los fascinantes secretos encerrados en Ar\u00ednzano desde 1055.<\/p>\n<p>La experiencia incluye:<\/p>\n<ul>\n<li>Visita al vi\u00f1edo en 4\u00d74<\/li>\n<li>Visita a bodega y edificios hist\u00f3ricos<\/li>\n<li>Cata de 3 vinos de Ar\u00ednzano en armon\u00eda con 3 tapas premium o tabla de quesos y embutidos.<\/li>\n<\/ul>\n<p><strong>Duraci\u00f3n<\/strong>: 2 horas<br \/>\n<strong>Precio<\/strong>: 60\u20ac por persona<\/p>\n<p><strong>Nota<\/strong>: para grupos de +8 personas, se ofrece una visita al vi\u00f1edo andando por 40\u20ac por persona.[\/vc_column_text]<div class=\"spacer\" style=\"height: 40px;\"><\/div>[\/vc_column][vc_column width=&#8221;1\/2&#8243;]<div class=\"single_image wpb_content_element align-left    \" data-animation=\"none\" data-delay=\"0\"><img loading=\"lazy\" decoding=\"async\" width=\"1366\" height=\"876\" src=\"https:\/\/visitnavarra.info\/visitnavarra\/wp-content\/uploads\/2024\/05\/arinzano-misterio.jpg\" class=\"attachment-full\" alt=\"Vista a\u00e9rea de los vi\u00f1edos de la Bodega Ar\u00ednzano\" srcset=\"https:\/\/visitnavarra.info\/visitnavarra\/wp-content\/uploads\/2024\/05\/arinzano-misterio.jpg 1366w, https:\/\/visitnavarra.info\/visitnavarra\/wp-content\/uploads\/2024\/05\/arinzano-misterio-300x192.jpg 300w, https:\/\/visitnavarra.info\/visitnavarra\/wp-content\/uploads\/2024\/05\/arinzano-misterio-1024x657.jpg 1024w, https:\/\/visitnavarra.info\/visitnavarra\/wp-content\/uploads\/2024\/05\/arinzano-misterio-768x493.jpg 768w, https:\/\/visitnavarra.info\/visitnavarra\/wp-content\/uploads\/2024\/05\/arinzano-misterio-320x205.jpg 320w, https:\/\/visitnavarra.info\/visitnavarra\/wp-content\/uploads\/2024\/05\/arinzano-misterio-480x308.jpg 480w, https:\/\/visitnavarra.info\/visitnavarra\/wp-content\/uploads\/2024\/05\/arinzano-misterio-800x513.jpg 800w\" sizes=\"auto, (max-width: 1366px) 100vw, 1366px\" \/><\/div>[\/vc_column][\/vc_row][vc_row][vc_column width=&#8221;1\/2&#8243;]<div class=\"single_image wpb_content_element align-left    \" data-animation=\"none\" data-delay=\"0\"><img loading=\"lazy\" decoding=\"async\" width=\"1366\" height=\"876\" src=\"https:\/\/visitnavarra.info\/visitnavarra\/wp-content\/uploads\/2024\/05\/arinzano-cata-de-gama.jpg\" class=\"attachment-full\" alt=\"Cata de vinos gama de Bodegas Ar\u00ednzano\" srcset=\"https:\/\/visitnavarra.info\/visitnavarra\/wp-content\/uploads\/2024\/05\/arinzano-cata-de-gama.jpg 1366w, https:\/\/visitnavarra.info\/visitnavarra\/wp-content\/uploads\/2024\/05\/arinzano-cata-de-gama-300x192.jpg 300w, https:\/\/visitnavarra.info\/visitnavarra\/wp-content\/uploads\/2024\/05\/arinzano-cata-de-gama-1024x657.jpg 1024w, https:\/\/visitnavarra.info\/visitnavarra\/wp-content\/uploads\/2024\/05\/arinzano-cata-de-gama-768x493.jpg 768w, https:\/\/visitnavarra.info\/visitnavarra\/wp-content\/uploads\/2024\/05\/arinzano-cata-de-gama-320x205.jpg 320w, https:\/\/visitnavarra.info\/visitnavarra\/wp-content\/uploads\/2024\/05\/arinzano-cata-de-gama-480x308.jpg 480w, https:\/\/visitnavarra.info\/visitnavarra\/wp-content\/uploads\/2024\/05\/arinzano-cata-de-gama-800x513.jpg 800w\" sizes=\"auto, (max-width: 1366px) 100vw, 1366px\" \/><\/div>[\/vc_column][vc_column width=&#8221;1\/2&#8243;][vc_column_text]<\/p>\n<h1>VISITA EL MISTERIO + CATA DE GAMA COMPLETA<\/h1>\n<p>Sum\u00e9rgete en la experiencia El Misterio con una cata de 7 vinos. Explora en profundidad las cuatro variedades cultivadas en Ar\u00ednzano a trav\u00e9s de nuestro variado porfolio, ofreciendo una perspectiva \u00fanica de sus expresiones.<\/p>\n<ul>\n<li><strong>Duraci\u00f3n<\/strong>: 2 horas<\/li>\n<li><strong>Precio<\/strong>: 90\u20ac por persona<\/li>\n<\/ul>\n<p><strong>Nota<\/strong>: m\u00ednimo 4 personas.[\/vc_column_text]<div class=\"spacer\" style=\"height: 40px;\"><\/div>[\/vc_column][\/vc_row][vc_row][vc_column width=&#8221;1\/2&#8243;][vc_column_text]<\/p>\n<h1>VISITA EL MISTERIO + CATA DE CHARDONNAY LAB<\/h1>\n<p>Vive la experiencia El Misterio con una cata de 3 vinos seleccionados de nuestro portafolio, acompa\u00f1ados de 2 vinos de nuestro Chardonnay Lab. Este innovador proyecto, liderado por nuestro en\u00f3logo Jos\u00e9 Manuel Rodr\u00edguez durante los \u00faltimos 3 a\u00f1os, ha explorado m\u00e1s de 30 materiales, realizando microvinificaciones en cada uno. Descubre los fascinantes resultados de esta l\u00ednea de investigaci\u00f3n que revela el comportamiento de nuestra chardonnay.<\/p>\n<ul>\n<li><strong>Duraci\u00f3n<\/strong>: 2 horas<\/li>\n<li><strong>Precio<\/strong>: 90\u20ac por persona<\/li>\n<\/ul>\n<p>Nota: m\u00ednimo 4 personas.[\/vc_column_text]<div class=\"spacer\" style=\"height: 40px;\"><\/div>[\/vc_column][vc_column width=&#8221;1\/2&#8243;]<div class=\"single_image wpb_content_element align-left    \" data-animation=\"none\" data-delay=\"0\"><img loading=\"lazy\" decoding=\"async\" width=\"1366\" height=\"876\" src=\"https:\/\/visitnavarra.info\/visitnavarra\/wp-content\/uploads\/2024\/05\/arinzano-cata-chardonnay.jpg\" class=\"attachment-full\" alt=\"Cata de vino chardonnay de Bodegas Ar\u00ednzano\" srcset=\"https:\/\/visitnavarra.info\/visitnavarra\/wp-content\/uploads\/2024\/05\/arinzano-cata-chardonnay.jpg 1366w, https:\/\/visitnavarra.info\/visitnavarra\/wp-content\/uploads\/2024\/05\/arinzano-cata-chardonnay-300x192.jpg 300w, https:\/\/visitnavarra.info\/visitnavarra\/wp-content\/uploads\/2024\/05\/arinzano-cata-chardonnay-1024x657.jpg 1024w, https:\/\/visitnavarra.info\/visitnavarra\/wp-content\/uploads\/2024\/05\/arinzano-cata-chardonnay-768x493.jpg 768w, https:\/\/visitnavarra.info\/visitnavarra\/wp-content\/uploads\/2024\/05\/arinzano-cata-chardonnay-320x205.jpg 320w, https:\/\/visitnavarra.info\/visitnavarra\/wp-content\/uploads\/2024\/05\/arinzano-cata-chardonnay-480x308.jpg 480w, https:\/\/visitnavarra.info\/visitnavarra\/wp-content\/uploads\/2024\/05\/arinzano-cata-chardonnay-800x513.jpg 800w\" sizes=\"auto, (max-width: 1366px) 100vw, 1366px\" \/><\/div>[\/vc_column][\/vc_row][vc_row][vc_column width=&#8221;1\/2&#8243;]<div class=\"single_image wpb_content_element align-right    \" data-animation=\"none\" data-delay=\"0\"><img loading=\"lazy\" decoding=\"async\" width=\"300\" height=\"280\" src=\"https:\/\/visitnavarra.info\/visitnavarra\/wp-content\/uploads\/2024\/05\/Logo-misterio-arinzano-500-300x280.jpg\" class=\"attachment-medium\" alt=\"Logo Bodega Ar\u00ednzano\" srcset=\"https:\/\/visitnavarra.info\/visitnavarra\/wp-content\/uploads\/2024\/05\/Logo-misterio-arinzano-500-300x280.jpg 300w, https:\/\/visitnavarra.info\/visitnavarra\/wp-content\/uploads\/2024\/05\/Logo-misterio-arinzano-500-320x298.jpg 320w, https:\/\/visitnavarra.info\/visitnavarra\/wp-content\/uploads\/2024\/05\/Logo-misterio-arinzano-500-480x447.jpg 480w, https:\/\/visitnavarra.info\/visitnavarra\/wp-content\/uploads\/2024\/05\/Logo-misterio-arinzano-500.jpg 500w\" sizes=\"auto, (max-width: 300px) 100vw, 300px\" \/><\/div>[\/vc_column][vc_column width=&#8221;1\/2&#8243;][vc_column_text]<span style=\"color: #ffffff;\">.<\/span><\/p>\n<p><strong>Entidad \/ empresa:<\/strong> BODEGA PROPIEDAD DE AR\u00cdNZANO, S.L.<br \/>\n<strong>Direcci\u00f3n:<\/strong> Ctra. NA-132, Km. 3,1 &#8211; 31264 Aberin (Navarra)<br \/>\n<strong>Tel\u00e9fono:<\/strong> (+34) 948 555 285 | Para visitas, venta directa y eventos: Extensiones 1 y 2<br \/>\n<strong>Mail:<\/strong> <a href=\"mailto:reservas@arinzano.com\">reservas@arinzano.com<\/a><br \/>\n<strong>Web:<\/strong> <a href=\"https:\/\/arinzano.com\/\" target=\"_blank\" rel=\"noopener\">https:\/\/arinzano.com\/<\/a>[\/vc_column_text][\/vc_column][\/vc_row]<\/p>\n","protected":false},"excerpt":{"rendered":"<p>[vc_row][vc_column width=&#8221;1\/4&#8243;][\/vc_column][vc_column width=&#8221;3\/4&#8243;][vc_column_text] AR\u00cdNZANO, MIL A\u00d1OS DE MISTERIO Desde hace casi 1000 a\u00f1os, Ar\u00ednzano cultiva el misterio del Tiempo y la Naturaleza. Situada en un valle incomparable, magnificado por sus microclimas, la piedra, la tierra y el agua dan lugar a un terru\u00f1o excepcional propicio a la expresi\u00f3n singular de tres grandes variedades de vino. La finca ha sido sucesivamente propiedad de monjes, se\u00f1ores y familias vitivin\u00edcolas, pero siempre ha tenido una vocaci\u00f3n ligada al vino. Hoy, en el centro de este magn\u00edfico valle atravesado por el r\u00edo Ega y el viento Cierzo, Ar\u00ednzano revela vinos que conservan la fuerza y la gracia del Tiempo y la Tierra.[\/vc_column_text][\/vc_column][\/vc_row][vc_row][vc_column width=&#8221;1\/1&#8243;][vc_column_text] VIS\u00cdTENOS El camino que conduce a Ar\u00ednzano es como la primera p\u00e1gina de una historia milenaria que conserva, a\u00fan hoy, todo su misterio. El camino serpentea entre hileras de vi\u00f1edos, encinas y olivares antes de llegar a la bodega, al final de un puente tan estrecho que el visitante no tiene m\u00e1s remedio que reducir la velocidad al cruzar el r\u00edo Ega. El tiempo ha obrado su magia en estas tierras ricas y diversas y les ha permitido convertirse en los terru\u00f1os \u00fanicos que son hoy. La Torre de Armer\u00eda, La [&hellip;]<\/p>\n","protected":false},"author":1,"featured_media":0,"parent":0,"menu_order":0,"comment_status":"closed","ping_status":"closed","template":"","meta":{"footnotes":""},"class_list":["post-11300","page","type-page","status-publish","hentry"],"yoast_head":"<!-- This site is optimized with the Yoast SEO plugin v23.5 - https:\/\/yoast.com\/wordpress\/plugins\/seo\/ -->\n<title>visita el misterio - VisitNavarra<\/title>\n<meta name=\"description\" content=\"Se\u00f1orio de Ar\u00ednzano, la degustaci\u00f3n de sus vinos aumenta nuestra sensibilidad hacia el misterio y la magia que se esconden aqu\u00ed\" \/>\n<meta name=\"robots\" content=\"index, follow, max-snippet:-1, max-image-preview:large, max-video-preview:-1\" \/>\n<link rel=\"canonical\" href=\"https:\/\/visitnavarra.info\/visitnavarra\/arinzano-mil-anos-de-misterio\/\" \/>\n<meta property=\"og:locale\" content=\"es_ES\" \/>\n<meta property=\"og:type\" content=\"article\" \/>\n<meta property=\"og:title\" content=\"visita el misterio - VisitNavarra\" \/>\n<meta property=\"og:description\" content=\"Se\u00f1orio de Ar\u00ednzano, la degustaci\u00f3n de sus vinos aumenta nuestra sensibilidad hacia el misterio y la magia que se esconden aqu\u00ed\" \/>\n<meta property=\"og:url\" content=\"https:\/\/visitnavarra.info\/visitnavarra\/arinzano-mil-anos-de-misterio\/\" \/>\n<meta property=\"og:site_name\" content=\"VisitNavarra\" \/>\n<meta property=\"article:modified_time\" content=\"2024-05-29T07:15:49+00:00\" \/>\n<meta name=\"twitter:card\" content=\"summary_large_image\" \/>\n<meta name=\"twitter:label1\" content=\"Tiempo de lectura\" \/>\n\t<meta name=\"twitter:data1\" content=\"3 minutos\" \/>\n<script type=\"application\/ld+json\" class=\"yoast-schema-graph\">{\"@context\":\"https:\/\/schema.org\",\"@graph\":[{\"@type\":\"WebPage\",\"@id\":\"https:\/\/visitnavarra.info\/visitnavarra\/arinzano-mil-anos-de-misterio\/\",\"url\":\"https:\/\/visitnavarra.info\/visitnavarra\/arinzano-mil-anos-de-misterio\/\",\"name\":\"visita el misterio - VisitNavarra\",\"isPartOf\":{\"@id\":\"https:\/\/visitnavarra.info\/visitnavarra\/#website\"},\"datePublished\":\"2021-10-25T08:10:29+00:00\",\"dateModified\":\"2024-05-29T07:15:49+00:00\",\"description\":\"Se\u00f1orio de Ar\u00ednzano, la degustaci\u00f3n de sus vinos aumenta nuestra sensibilidad hacia el misterio y la magia que se esconden aqu\u00ed\",\"breadcrumb\":{\"@id\":\"https:\/\/visitnavarra.info\/visitnavarra\/arinzano-mil-anos-de-misterio\/#breadcrumb\"},\"inLanguage\":\"es\",\"potentialAction\":[{\"@type\":\"ReadAction\",\"target\":[\"https:\/\/visitnavarra.info\/visitnavarra\/arinzano-mil-anos-de-misterio\/\"]}]},{\"@type\":\"BreadcrumbList\",\"@id\":\"https:\/\/visitnavarra.info\/visitnavarra\/arinzano-mil-anos-de-misterio\/#breadcrumb\",\"itemListElement\":[{\"@type\":\"ListItem\",\"position\":1,\"name\":\"Portada\",\"item\":\"https:\/\/visitnavarra.info\/visitnavarra\/\"},{\"@type\":\"ListItem\",\"position\":2,\"name\":\"AR\u00cdNZANO MIL A\u00d1OS DE MISTERIO\"}]},{\"@type\":\"WebSite\",\"@id\":\"https:\/\/visitnavarra.info\/visitnavarra\/#website\",\"url\":\"https:\/\/visitnavarra.info\/visitnavarra\/\",\"name\":\"VisitNavarra\",\"description\":\"Alojamiento y experiencias tur\u00edsticas en Navarra; qu\u00e9 visitar en Navarra; comer en Navarra\",\"potentialAction\":[{\"@type\":\"SearchAction\",\"target\":{\"@type\":\"EntryPoint\",\"urlTemplate\":\"https:\/\/visitnavarra.info\/visitnavarra\/?s={search_term_string}\"},\"query-input\":{\"@type\":\"PropertyValueSpecification\",\"valueRequired\":true,\"valueName\":\"search_term_string\"}}],\"inLanguage\":\"es\"}]}<\/script>\n<!-- \/ Yoast SEO plugin. -->","yoast_head_json":{"title":"visita el misterio - VisitNavarra","description":"Se\u00f1orio de Ar\u00ednzano, la degustaci\u00f3n de sus vinos aumenta nuestra sensibilidad hacia el misterio y la magia que se esconden aqu\u00ed","robots":{"index":"index","follow":"follow","max-snippet":"max-snippet:-1","max-image-preview":"max-image-preview:large","max-video-preview":"max-video-preview:-1"},"canonical":"https:\/\/visitnavarra.info\/visitnavarra\/arinzano-mil-anos-de-misterio\/","og_locale":"es_ES","og_type":"article","og_title":"visita el misterio - VisitNavarra","og_description":"Se\u00f1orio de Ar\u00ednzano, la degustaci\u00f3n de sus vinos aumenta nuestra sensibilidad hacia el misterio y la magia que se esconden aqu\u00ed","og_url":"https:\/\/visitnavarra.info\/visitnavarra\/arinzano-mil-anos-de-misterio\/","og_site_name":"VisitNavarra","article_modified_time":"2024-05-29T07:15:49+00:00","twitter_card":"summary_large_image","twitter_misc":{"Tiempo de lectura":"3 minutos"},"schema":{"@context":"https:\/\/schema.org","@graph":[{"@type":"WebPage","@id":"https:\/\/visitnavarra.info\/visitnavarra\/arinzano-mil-anos-de-misterio\/","url":"https:\/\/visitnavarra.info\/visitnavarra\/arinzano-mil-anos-de-misterio\/","name":"visita el misterio - VisitNavarra","isPartOf":{"@id":"https:\/\/visitnavarra.info\/visitnavarra\/#website"},"datePublished":"2021-10-25T08:10:29+00:00","dateModified":"2024-05-29T07:15:49+00:00","description":"Se\u00f1orio de Ar\u00ednzano, la degustaci\u00f3n de sus vinos aumenta nuestra sensibilidad hacia el misterio y la magia que se esconden aqu\u00ed","breadcrumb":{"@id":"https:\/\/visitnavarra.info\/visitnavarra\/arinzano-mil-anos-de-misterio\/#breadcrumb"},"inLanguage":"es","potentialAction":[{"@type":"ReadAction","target":["https:\/\/visitnavarra.info\/visitnavarra\/arinzano-mil-anos-de-misterio\/"]}]},{"@type":"BreadcrumbList","@id":"https:\/\/visitnavarra.info\/visitnavarra\/arinzano-mil-anos-de-misterio\/#breadcrumb","itemListElement":[{"@type":"ListItem","position":1,"name":"Portada","item":"https:\/\/visitnavarra.info\/visitnavarra\/"},{"@type":"ListItem","position":2,"name":"AR\u00cdNZANO MIL A\u00d1OS DE MISTERIO"}]},{"@type":"WebSite","@id":"https:\/\/visitnavarra.info\/visitnavarra\/#website","url":"https:\/\/visitnavarra.info\/visitnavarra\/","name":"VisitNavarra","description":"Alojamiento y experiencias tur\u00edsticas en Navarra; qu\u00e9 visitar en Navarra; comer en Navarra","potentialAction":[{"@type":"SearchAction","target":{"@type":"EntryPoint","urlTemplate":"https:\/\/visitnavarra.info\/visitnavarra\/?s={search_term_string}"},"query-input":{"@type":"PropertyValueSpecification","valueRequired":true,"valueName":"search_term_string"}}],"inLanguage":"es"}]}},"_links":{"self":[{"href":"https:\/\/visitnavarra.info\/visitnavarra\/wp-json\/wp\/v2\/pages\/11300","targetHints":{"allow":["GET"]}}],"collection":[{"href":"https:\/\/visitnavarra.info\/visitnavarra\/wp-json\/wp\/v2\/pages"}],"about":[{"href":"https:\/\/visitnavarra.info\/visitnavarra\/wp-json\/wp\/v2\/types\/page"}],"author":[{"embeddable":true,"href":"https:\/\/visitnavarra.info\/visitnavarra\/wp-json\/wp\/v2\/users\/1"}],"replies":[{"embeddable":true,"href":"https:\/\/visitnavarra.info\/visitnavarra\/wp-json\/wp\/v2\/comments?post=11300"}],"version-history":[{"count":17,"href":"https:\/\/visitnavarra.info\/visitnavarra\/wp-json\/wp\/v2\/pages\/11300\/revisions"}],"predecessor-version":[{"id":13602,"href":"https:\/\/visitnavarra.info\/visitnavarra\/wp-json\/wp\/v2\/pages\/11300\/revisions\/13602"}],"wp:attachment":[{"href":"https:\/\/visitnavarra.info\/visitnavarra\/wp-json\/wp\/v2\/media?parent=11300"}],"curies":[{"name":"wp","href":"https:\/\/api.w.org\/{rel}","templated":true}]}}