{"id":11354,"date":"2021-10-25T08:38:50","date_gmt":"2021-10-25T08:38:50","guid":{"rendered":"https:\/\/visitnavarra.info\/visitnavarra\/?page_id=11354"},"modified":"2024-08-26T09:48:52","modified_gmt":"2024-08-26T09:48:52","slug":"bodegas-pago-de-cirsus-experiencias-gastroenologicas","status":"publish","type":"page","link":"https:\/\/visitnavarra.info\/visitnavarra\/bodegas-pago-de-cirsus-experiencias-gastroenologicas\/","title":{"rendered":"BODEGAS PAGO DE CIRSUS: EXPERIENCIAS GASTROENOL\u00d3GICAS"},"content":{"rendered":"<p>[vc_row][vc_column width=&#8221;1\/3&#8243;]<div class=\"flexslider wpb_content_element\"><ul class=\"slides\"><li><img decoding=\"async\" src=\"https:\/\/visitnavarra.info\/visitnavarra\/wp-content\/uploads\/2024\/08\/experiencias_gastroenologicas_pago_cirsus_1.jpg\" alt=\"Torre Bodega Pago de Cirsus\" \/><\/li><\/ul><\/div>[\/vc_column][vc_column width=&#8221;1\/3&#8243;]<div class=\"flexslider wpb_content_element\"><ul class=\"slides\"><li><img decoding=\"async\" src=\"https:\/\/visitnavarra.info\/visitnavarra\/wp-content\/uploads\/2024\/08\/experiencias_gastroenologicas_pago_cirsus_3.jpg\" alt=\"Pareja disfrutando de un picnic en el vi\u00f1edo de la Bodega Pago de Cirsus\" \/><\/li><\/ul><\/div><div class=\"spacer\" style=\"height: 40px;\"><\/div>[\/vc_column][vc_column width=&#8221;1\/3&#8243;]<div class=\"flexslider wpb_content_element\"><ul class=\"slides\"><li><img decoding=\"async\" src=\"https:\/\/visitnavarra.info\/visitnavarra\/wp-content\/uploads\/2024\/08\/experiencias_gastroenologicas_pago_cirsus_2.jpg\" alt=\"Picnic en el vi\u00f1edo de la Bodega Pago de Cirsus\" \/><\/li><\/ul><\/div>[\/vc_column][\/vc_row][vc_row][vc_column width=&#8221;1\/1&#8243;][vc_column_text]<strong>NUESTRAS EXPERIENCIAS GASTROENOL\u00d3GICAS:<\/strong><\/p>\n<p>Entre vi\u00f1edos y vistas espectaculares disfrute de una propuesta honesta, de platos tradicionales renovados, mayormente elaborados con productos ecol\u00f3gicos y de proximidad.<\/p>\n<p>Una cocina de mercado, innovadora, que conserva los sabores t\u00edpicos de nuestra tierra donde el ingrediente principal es el producto de temporada. Todo cuidadosamente maridado con los vinos de la Bodega.<\/p>\n<p><strong>Pedro Larumbe,<\/strong>\u00a0director gastron\u00f3mico de nuestro restaurante y su talentoso equipo, son los encargados de la confecci\u00f3n de men\u00fas, supervisi\u00f3n de banquetes y eventos, as\u00ed como la carta de diario.<\/p>\n<ul>\n<li>Menu\u0301 Sensaciones: 62\u20ac<\/li>\n<li>Menu\u0301 Sabores: 75\u20ac<\/li>\n<li>Menu\u0301 Sentidos: 95\u20ac<\/li>\n<li>Desayuno: 25\u20ac<\/li>\n<\/ul>\n<p>[\/vc_column_text]<div class=\"single_image wpb_content_element align-left    \" data-animation=\"none\" data-delay=\"0\"><img loading=\"lazy\" decoding=\"async\" width=\"1133\" height=\"383\" src=\"https:\/\/visitnavarra.info\/visitnavarra\/wp-content\/uploads\/2021\/10\/pago-cirsus-gastroenologicas-3.jpg\" class=\"attachment-full\" alt=\"vi\u00f1edos bodega Pago de Cirsus\" srcset=\"https:\/\/visitnavarra.info\/visitnavarra\/wp-content\/uploads\/2021\/10\/pago-cirsus-gastroenologicas-3.jpg 1133w, https:\/\/visitnavarra.info\/visitnavarra\/wp-content\/uploads\/2021\/10\/pago-cirsus-gastroenologicas-3-300x101.jpg 300w, https:\/\/visitnavarra.info\/visitnavarra\/wp-content\/uploads\/2021\/10\/pago-cirsus-gastroenologicas-3-1024x346.jpg 1024w, https:\/\/visitnavarra.info\/visitnavarra\/wp-content\/uploads\/2021\/10\/pago-cirsus-gastroenologicas-3-768x260.jpg 768w\" sizes=\"auto, (max-width: 1133px) 100vw, 1133px\" \/><\/div><div class=\"spacer\" style=\"height: 40px;\"><\/div>[\/vc_column][\/vc_row][vc_column][\/vc_column][vc_row][vc_column width=&#8221;1\/2&#8243;]<div class=\"single_image wpb_content_element align-right    \" data-animation=\"none\" data-delay=\"0\"><img loading=\"lazy\" decoding=\"async\" width=\"300\" height=\"300\" src=\"https:\/\/visitnavarra.info\/visitnavarra\/wp-content\/uploads\/2021\/02\/PAGO-DE-CIRSUS-300.jpg\" class=\"attachment-full\" alt=\"Logo Pago de Cirsus\" srcset=\"https:\/\/visitnavarra.info\/visitnavarra\/wp-content\/uploads\/2021\/02\/PAGO-DE-CIRSUS-300.jpg 300w, https:\/\/visitnavarra.info\/visitnavarra\/wp-content\/uploads\/2021\/02\/PAGO-DE-CIRSUS-300-150x150.jpg 150w, https:\/\/visitnavarra.info\/visitnavarra\/wp-content\/uploads\/2021\/02\/PAGO-DE-CIRSUS-300-80x80.jpg 80w\" sizes=\"auto, (max-width: 300px) 100vw, 300px\" \/><\/div>[\/vc_column][vc_column width=&#8221;1\/2&#8243;][vc_column_text]<strong>Entidad \/ empresa:<\/strong> BODEGA PAGO DE CIRSUS<br \/>\n<strong>Direcci\u00f3n<\/strong>: Carretera de Ablitas a Ribaforada, km 5 | 31523 Ablitas &#8211; Navarra &#8211; Espa\u00f1a<br \/>\n<strong>Tel\u00e9fono Bodega:<\/strong> (+34) 948 386 427<br \/>\n<strong>Tel\u00e9fono Hotel:<\/strong> (+34) 948 386 426<br \/>\n<strong>Mail<\/strong>: <a href=\"https:\/\/www.pagodecirsus.com\/es\/contacto.html\" target=\"_blank\" rel=\"noopener\">https:\/\/www.pagodecirsus.com\/es\/contacto.html<\/a><br \/>\n<strong>Web<\/strong>: <a href=\"https:\/\/www.pagodecirsus.com\/es\" target=\"_blank\" rel=\"noopener\">https:\/\/www.pagodecirsus.com\/es<\/a>[\/vc_column_text][\/vc_column][\/vc_row]<\/p>\n","protected":false},"excerpt":{"rendered":"<p>[vc_row][vc_column width=&#8221;1\/3&#8243;][\/vc_column][vc_column width=&#8221;1\/3&#8243;][\/vc_column][vc_column width=&#8221;1\/3&#8243;][\/vc_column][\/vc_row][vc_row][vc_column width=&#8221;1\/1&#8243;][vc_column_text]NUESTRAS EXPERIENCIAS GASTROENOL\u00d3GICAS: Entre vi\u00f1edos y vistas espectaculares disfrute de una propuesta honesta, de platos tradicionales renovados, mayormente elaborados con productos ecol\u00f3gicos y de proximidad. Una cocina de mercado, innovadora, que conserva los sabores t\u00edpicos de nuestra tierra donde el ingrediente principal es el producto de temporada. Todo cuidadosamente maridado con los vinos de la Bodega. Pedro Larumbe,\u00a0director gastron\u00f3mico de nuestro restaurante y su talentoso equipo, son los encargados de la confecci\u00f3n de men\u00fas, supervisi\u00f3n de banquetes y eventos, as\u00ed como la carta de diario. Menu\u0301 Sensaciones: 62\u20ac Menu\u0301 Sabores: 75\u20ac Menu\u0301 Sentidos: 95\u20ac Desayuno: 25\u20ac [\/vc_column_text][\/vc_column][\/vc_row][vc_column][\/vc_column][vc_row][vc_column width=&#8221;1\/2&#8243;][\/vc_column][vc_column width=&#8221;1\/2&#8243;][vc_column_text]Entidad \/ empresa: BODEGA PAGO DE CIRSUS Direcci\u00f3n: Carretera de Ablitas a Ribaforada, km 5 | 31523 Ablitas &#8211; Navarra &#8211; Espa\u00f1a Tel\u00e9fono Bodega: (+34) 948 386 427 Tel\u00e9fono Hotel: (+34) 948 386 426 Mail: https:\/\/www.pagodecirsus.com\/es\/contacto.html Web: https:\/\/www.pagodecirsus.com\/es[\/vc_column_text][\/vc_column][\/vc_row]<\/p>\n","protected":false},"author":1,"featured_media":0,"parent":0,"menu_order":0,"comment_status":"closed","ping_status":"closed","template":"","meta":{"footnotes":""},"class_list":["post-11354","page","type-page","status-publish","hentry"],"yoast_head":"<!-- This site is optimized with the Yoast SEO plugin v23.5 - https:\/\/yoast.com\/wordpress\/plugins\/seo\/ -->\n<title>Bodegas Pago de Cirsus experiencias gastroenol\u00f3gicas - VisitNavarra<\/title>\n<meta name=\"description\" content=\"Disfruta de nuestro restaurante gourmet entre vi\u00f1edos y vistas espectaculares. Platos tradicionales renovados, una cocina de mercado.\" \/>\n<meta name=\"robots\" content=\"index, follow, max-snippet:-1, max-image-preview:large, max-video-preview:-1\" \/>\n<link rel=\"canonical\" href=\"https:\/\/visitnavarra.info\/visitnavarra\/bodegas-pago-de-cirsus-experiencias-gastroenologicas\/\" \/>\n<meta property=\"og:locale\" content=\"es_ES\" \/>\n<meta property=\"og:type\" content=\"article\" \/>\n<meta property=\"og:title\" content=\"Bodegas Pago de Cirsus experiencias gastroenol\u00f3gicas - VisitNavarra\" \/>\n<meta property=\"og:description\" content=\"Disfruta de nuestro restaurante gourmet entre vi\u00f1edos y vistas espectaculares. Platos tradicionales renovados, una cocina de mercado.\" \/>\n<meta property=\"og:url\" content=\"https:\/\/visitnavarra.info\/visitnavarra\/bodegas-pago-de-cirsus-experiencias-gastroenologicas\/\" \/>\n<meta property=\"og:site_name\" content=\"VisitNavarra\" \/>\n<meta property=\"article:modified_time\" content=\"2024-08-26T09:48:52+00:00\" \/>\n<meta name=\"twitter:card\" content=\"summary_large_image\" \/>\n<meta name=\"twitter:label1\" content=\"Tiempo de lectura\" \/>\n\t<meta name=\"twitter:data1\" content=\"1 minuto\" \/>\n<script type=\"application\/ld+json\" class=\"yoast-schema-graph\">{\"@context\":\"https:\/\/schema.org\",\"@graph\":[{\"@type\":\"WebPage\",\"@id\":\"https:\/\/visitnavarra.info\/visitnavarra\/bodegas-pago-de-cirsus-experiencias-gastroenologicas\/\",\"url\":\"https:\/\/visitnavarra.info\/visitnavarra\/bodegas-pago-de-cirsus-experiencias-gastroenologicas\/\",\"name\":\"Bodegas Pago de Cirsus experiencias gastroenol\u00f3gicas - VisitNavarra\",\"isPartOf\":{\"@id\":\"https:\/\/visitnavarra.info\/visitnavarra\/#website\"},\"datePublished\":\"2021-10-25T08:38:50+00:00\",\"dateModified\":\"2024-08-26T09:48:52+00:00\",\"description\":\"Disfruta de nuestro restaurante gourmet entre vi\u00f1edos y vistas espectaculares. Platos tradicionales renovados, una cocina de mercado.\",\"breadcrumb\":{\"@id\":\"https:\/\/visitnavarra.info\/visitnavarra\/bodegas-pago-de-cirsus-experiencias-gastroenologicas\/#breadcrumb\"},\"inLanguage\":\"es\",\"potentialAction\":[{\"@type\":\"ReadAction\",\"target\":[\"https:\/\/visitnavarra.info\/visitnavarra\/bodegas-pago-de-cirsus-experiencias-gastroenologicas\/\"]}]},{\"@type\":\"BreadcrumbList\",\"@id\":\"https:\/\/visitnavarra.info\/visitnavarra\/bodegas-pago-de-cirsus-experiencias-gastroenologicas\/#breadcrumb\",\"itemListElement\":[{\"@type\":\"ListItem\",\"position\":1,\"name\":\"Portada\",\"item\":\"https:\/\/visitnavarra.info\/visitnavarra\/\"},{\"@type\":\"ListItem\",\"position\":2,\"name\":\"BODEGAS PAGO DE CIRSUS: EXPERIENCIAS GASTROENOL\u00d3GICAS\"}]},{\"@type\":\"WebSite\",\"@id\":\"https:\/\/visitnavarra.info\/visitnavarra\/#website\",\"url\":\"https:\/\/visitnavarra.info\/visitnavarra\/\",\"name\":\"VisitNavarra\",\"description\":\"Alojamiento y experiencias tur\u00edsticas en Navarra; qu\u00e9 visitar en Navarra; comer en Navarra\",\"potentialAction\":[{\"@type\":\"SearchAction\",\"target\":{\"@type\":\"EntryPoint\",\"urlTemplate\":\"https:\/\/visitnavarra.info\/visitnavarra\/?s={search_term_string}\"},\"query-input\":{\"@type\":\"PropertyValueSpecification\",\"valueRequired\":true,\"valueName\":\"search_term_string\"}}],\"inLanguage\":\"es\"}]}<\/script>\n<!-- \/ Yoast SEO plugin. -->","yoast_head_json":{"title":"Bodegas Pago de Cirsus experiencias gastroenol\u00f3gicas - VisitNavarra","description":"Disfruta de nuestro restaurante gourmet entre vi\u00f1edos y vistas espectaculares. Platos tradicionales renovados, una cocina de mercado.","robots":{"index":"index","follow":"follow","max-snippet":"max-snippet:-1","max-image-preview":"max-image-preview:large","max-video-preview":"max-video-preview:-1"},"canonical":"https:\/\/visitnavarra.info\/visitnavarra\/bodegas-pago-de-cirsus-experiencias-gastroenologicas\/","og_locale":"es_ES","og_type":"article","og_title":"Bodegas Pago de Cirsus experiencias gastroenol\u00f3gicas - VisitNavarra","og_description":"Disfruta de nuestro restaurante gourmet entre vi\u00f1edos y vistas espectaculares. Platos tradicionales renovados, una cocina de mercado.","og_url":"https:\/\/visitnavarra.info\/visitnavarra\/bodegas-pago-de-cirsus-experiencias-gastroenologicas\/","og_site_name":"VisitNavarra","article_modified_time":"2024-08-26T09:48:52+00:00","twitter_card":"summary_large_image","twitter_misc":{"Tiempo de lectura":"1 minuto"},"schema":{"@context":"https:\/\/schema.org","@graph":[{"@type":"WebPage","@id":"https:\/\/visitnavarra.info\/visitnavarra\/bodegas-pago-de-cirsus-experiencias-gastroenologicas\/","url":"https:\/\/visitnavarra.info\/visitnavarra\/bodegas-pago-de-cirsus-experiencias-gastroenologicas\/","name":"Bodegas Pago de Cirsus experiencias gastroenol\u00f3gicas - VisitNavarra","isPartOf":{"@id":"https:\/\/visitnavarra.info\/visitnavarra\/#website"},"datePublished":"2021-10-25T08:38:50+00:00","dateModified":"2024-08-26T09:48:52+00:00","description":"Disfruta de nuestro restaurante gourmet entre vi\u00f1edos y vistas espectaculares. Platos tradicionales renovados, una cocina de mercado.","breadcrumb":{"@id":"https:\/\/visitnavarra.info\/visitnavarra\/bodegas-pago-de-cirsus-experiencias-gastroenologicas\/#breadcrumb"},"inLanguage":"es","potentialAction":[{"@type":"ReadAction","target":["https:\/\/visitnavarra.info\/visitnavarra\/bodegas-pago-de-cirsus-experiencias-gastroenologicas\/"]}]},{"@type":"BreadcrumbList","@id":"https:\/\/visitnavarra.info\/visitnavarra\/bodegas-pago-de-cirsus-experiencias-gastroenologicas\/#breadcrumb","itemListElement":[{"@type":"ListItem","position":1,"name":"Portada","item":"https:\/\/visitnavarra.info\/visitnavarra\/"},{"@type":"ListItem","position":2,"name":"BODEGAS PAGO DE CIRSUS: EXPERIENCIAS GASTROENOL\u00d3GICAS"}]},{"@type":"WebSite","@id":"https:\/\/visitnavarra.info\/visitnavarra\/#website","url":"https:\/\/visitnavarra.info\/visitnavarra\/","name":"VisitNavarra","description":"Alojamiento y experiencias tur\u00edsticas en Navarra; qu\u00e9 visitar en Navarra; comer en Navarra","potentialAction":[{"@type":"SearchAction","target":{"@type":"EntryPoint","urlTemplate":"https:\/\/visitnavarra.info\/visitnavarra\/?s={search_term_string}"},"query-input":{"@type":"PropertyValueSpecification","valueRequired":true,"valueName":"search_term_string"}}],"inLanguage":"es"}]}},"_links":{"self":[{"href":"https:\/\/visitnavarra.info\/visitnavarra\/wp-json\/wp\/v2\/pages\/11354","targetHints":{"allow":["GET"]}}],"collection":[{"href":"https:\/\/visitnavarra.info\/visitnavarra\/wp-json\/wp\/v2\/pages"}],"about":[{"href":"https:\/\/visitnavarra.info\/visitnavarra\/wp-json\/wp\/v2\/types\/page"}],"author":[{"embeddable":true,"href":"https:\/\/visitnavarra.info\/visitnavarra\/wp-json\/wp\/v2\/users\/1"}],"replies":[{"embeddable":true,"href":"https:\/\/visitnavarra.info\/visitnavarra\/wp-json\/wp\/v2\/comments?post=11354"}],"version-history":[{"count":14,"href":"https:\/\/visitnavarra.info\/visitnavarra\/wp-json\/wp\/v2\/pages\/11354\/revisions"}],"predecessor-version":[{"id":13698,"href":"https:\/\/visitnavarra.info\/visitnavarra\/wp-json\/wp\/v2\/pages\/11354\/revisions\/13698"}],"wp:attachment":[{"href":"https:\/\/visitnavarra.info\/visitnavarra\/wp-json\/wp\/v2\/media?parent=11354"}],"curies":[{"name":"wp","href":"https:\/\/api.w.org\/{rel}","templated":true}]}}