{"id":11373,"date":"2021-10-25T09:28:25","date_gmt":"2021-10-25T09:28:25","guid":{"rendered":"https:\/\/visitnavarra.info\/visitnavarra\/?page_id=11373"},"modified":"2024-08-26T10:23:33","modified_gmt":"2024-08-26T10:23:33","slug":"bodegas-pago-de-cirsus-anade-una-noche-de-ensueno","status":"publish","type":"page","link":"https:\/\/visitnavarra.info\/visitnavarra\/bodegas-pago-de-cirsus-anade-una-noche-de-ensueno\/","title":{"rendered":"BODEGAS PAGO DE CIRSUS: A\u00d1ADE UNA NOCHE DE ENSUE\u00d1O"},"content":{"rendered":"<p>[vc_row][vc_column][vc_row_inner][vc_column_inner width=&#8221;1\/4&#8243;]<div class=\"single_image wpb_content_element align-left    \" data-animation=\"none\" data-delay=\"0\"><img loading=\"lazy\" decoding=\"async\" width=\"200\" height=\"300\" src=\"https:\/\/visitnavarra.info\/visitnavarra\/wp-content\/uploads\/2024\/08\/noche_ensueno_pago_cirsus_1-200x300.jpg\" class=\"attachment-medium\" alt=\"Llave de Habitaci\u00f3n Hotel Bodega Pago de Cirsus\" srcset=\"https:\/\/visitnavarra.info\/visitnavarra\/wp-content\/uploads\/2024\/08\/noche_ensueno_pago_cirsus_1-200x300.jpg 200w, https:\/\/visitnavarra.info\/visitnavarra\/wp-content\/uploads\/2024\/08\/noche_ensueno_pago_cirsus_1-683x1024.jpg 683w, https:\/\/visitnavarra.info\/visitnavarra\/wp-content\/uploads\/2024\/08\/noche_ensueno_pago_cirsus_1-768x1152.jpg 768w, https:\/\/visitnavarra.info\/visitnavarra\/wp-content\/uploads\/2024\/08\/noche_ensueno_pago_cirsus_1-1024x1536.jpg 1024w, https:\/\/visitnavarra.info\/visitnavarra\/wp-content\/uploads\/2024\/08\/noche_ensueno_pago_cirsus_1-1365x2048.jpg 1365w, https:\/\/visitnavarra.info\/visitnavarra\/wp-content\/uploads\/2024\/08\/noche_ensueno_pago_cirsus_1-320x480.jpg 320w, https:\/\/visitnavarra.info\/visitnavarra\/wp-content\/uploads\/2024\/08\/noche_ensueno_pago_cirsus_1-480x720.jpg 480w, https:\/\/visitnavarra.info\/visitnavarra\/wp-content\/uploads\/2024\/08\/noche_ensueno_pago_cirsus_1-800x1200.jpg 800w, https:\/\/visitnavarra.info\/visitnavarra\/wp-content\/uploads\/2024\/08\/noche_ensueno_pago_cirsus_1.jpg 1500w\" sizes=\"auto, (max-width: 200px) 100vw, 200px\" \/><\/div>[\/vc_column_inner][vc_column_inner width=&#8221;1\/2&#8243;]<div class=\"single_image wpb_content_element align-left    \" data-animation=\"none\" data-delay=\"0\"><img loading=\"lazy\" decoding=\"async\" width=\"2000\" height=\"1305\" src=\"https:\/\/visitnavarra.info\/visitnavarra\/wp-content\/uploads\/2024\/08\/noche_ensueno_pago_cirsus_3_2000.jpg\" class=\"attachment-full\" alt=\"Habitaci\u00f3n Bodega Pago de Cirsus\" srcset=\"https:\/\/visitnavarra.info\/visitnavarra\/wp-content\/uploads\/2024\/08\/noche_ensueno_pago_cirsus_3_2000.jpg 2000w, https:\/\/visitnavarra.info\/visitnavarra\/wp-content\/uploads\/2024\/08\/noche_ensueno_pago_cirsus_3_2000-300x196.jpg 300w, https:\/\/visitnavarra.info\/visitnavarra\/wp-content\/uploads\/2024\/08\/noche_ensueno_pago_cirsus_3_2000-1024x668.jpg 1024w, https:\/\/visitnavarra.info\/visitnavarra\/wp-content\/uploads\/2024\/08\/noche_ensueno_pago_cirsus_3_2000-768x501.jpg 768w, https:\/\/visitnavarra.info\/visitnavarra\/wp-content\/uploads\/2024\/08\/noche_ensueno_pago_cirsus_3_2000-1536x1002.jpg 1536w, https:\/\/visitnavarra.info\/visitnavarra\/wp-content\/uploads\/2024\/08\/noche_ensueno_pago_cirsus_3_2000-320x209.jpg 320w, https:\/\/visitnavarra.info\/visitnavarra\/wp-content\/uploads\/2024\/08\/noche_ensueno_pago_cirsus_3_2000-480x313.jpg 480w, https:\/\/visitnavarra.info\/visitnavarra\/wp-content\/uploads\/2024\/08\/noche_ensueno_pago_cirsus_3_2000-800x522.jpg 800w\" sizes=\"auto, (max-width: 2000px) 100vw, 2000px\" \/><\/div>[\/vc_column_inner][vc_column_inner width=&#8221;1\/4&#8243;]<div class=\"single_image wpb_content_element align-left    \" data-animation=\"none\" data-delay=\"0\"><img loading=\"lazy\" decoding=\"async\" width=\"1500\" height=\"980\" src=\"https:\/\/visitnavarra.info\/visitnavarra\/wp-content\/uploads\/2024\/08\/noche_ensueno_pago_cirsus_2.jpg\" class=\"attachment-full\" alt=\"Ba\u00f1o de Habitaci\u00f3n Hotel Bodega Pago de Cirsus\" srcset=\"https:\/\/visitnavarra.info\/visitnavarra\/wp-content\/uploads\/2024\/08\/noche_ensueno_pago_cirsus_2.jpg 1500w, https:\/\/visitnavarra.info\/visitnavarra\/wp-content\/uploads\/2024\/08\/noche_ensueno_pago_cirsus_2-300x196.jpg 300w, https:\/\/visitnavarra.info\/visitnavarra\/wp-content\/uploads\/2024\/08\/noche_ensueno_pago_cirsus_2-1024x669.jpg 1024w, https:\/\/visitnavarra.info\/visitnavarra\/wp-content\/uploads\/2024\/08\/noche_ensueno_pago_cirsus_2-768x502.jpg 768w, https:\/\/visitnavarra.info\/visitnavarra\/wp-content\/uploads\/2024\/08\/noche_ensueno_pago_cirsus_2-320x209.jpg 320w, https:\/\/visitnavarra.info\/visitnavarra\/wp-content\/uploads\/2024\/08\/noche_ensueno_pago_cirsus_2-480x314.jpg 480w, https:\/\/visitnavarra.info\/visitnavarra\/wp-content\/uploads\/2024\/08\/noche_ensueno_pago_cirsus_2-800x523.jpg 800w\" sizes=\"auto, (max-width: 1500px) 100vw, 1500px\" \/><\/div>[\/vc_column_inner][\/vc_row_inner][vc_column_text]<strong>PARA AMANTES DEL VINO<\/strong><\/p>\n<p>Para los amantes del vino hemos dise\u00f1ado experiencias que acompa\u00f1an el alojamiento en nuestro hotel, con una Visita a nuestra bodega y sala de barricas, descubriendo nuestros y el concepto de los Vinos de Pago.<\/p>\n<p>A trav\u00e9s de una visita guiada de 60 minutos aproximados, se podr\u00e1 conocer la historia y filosof\u00eda de la marca. Finalizamos la experiencia con la cata de 3 nuestros vinos &amp; aperitivo.<\/p>\n<p>Las experiencias incluyen:<br \/>\nAlojamiento, Botella de vino, Desayuno continental, Comida o Cena en nuestro restaurante, Visita a nuestra Bodega Pago de Cirsus y sala de Barricas, Cata comentada de 3 vinos, aperitivo, Uso de bicicletas para recorrer los alrededores de la finca<\/p>\n<p><strong>ALOJAMIENTOS + VISITAS + CATAS<\/strong><\/p>\n<ul>\n<li>Habitaci\u00f3n Superior + Cata + Visita Bodega: 395\u20ac<\/li>\n<li>Habitaci\u00f3n Junior Suite + Visita + Cata: 435\u20ac<\/li>\n<li>Habitaci\u00f3n Suite Ejecutiva + Visita + Cata: 492\u20ac<\/li>\n<\/ul>\n<p>[\/vc_column_text][vc_row_inner][vc_column_inner width=&#8221;1\/3&#8243;]<div class=\"single_image wpb_content_element align-left    \" data-animation=\"none\" data-delay=\"0\"><img loading=\"lazy\" decoding=\"async\" width=\"800\" height=\"1200\" src=\"https:\/\/visitnavarra.info\/visitnavarra\/wp-content\/uploads\/2024\/08\/experiencias_gastroenologicas_pago_cirsus_3.jpg\" class=\"attachment-full\" alt=\"Pareja disfrutando de un picnic en el vi\u00f1edo de la Bodega Pago de Cirsus\" srcset=\"https:\/\/visitnavarra.info\/visitnavarra\/wp-content\/uploads\/2024\/08\/experiencias_gastroenologicas_pago_cirsus_3.jpg 800w, https:\/\/visitnavarra.info\/visitnavarra\/wp-content\/uploads\/2024\/08\/experiencias_gastroenologicas_pago_cirsus_3-200x300.jpg 200w, https:\/\/visitnavarra.info\/visitnavarra\/wp-content\/uploads\/2024\/08\/experiencias_gastroenologicas_pago_cirsus_3-683x1024.jpg 683w, https:\/\/visitnavarra.info\/visitnavarra\/wp-content\/uploads\/2024\/08\/experiencias_gastroenologicas_pago_cirsus_3-768x1152.jpg 768w, https:\/\/visitnavarra.info\/visitnavarra\/wp-content\/uploads\/2024\/08\/experiencias_gastroenologicas_pago_cirsus_3-320x480.jpg 320w, https:\/\/visitnavarra.info\/visitnavarra\/wp-content\/uploads\/2024\/08\/experiencias_gastroenologicas_pago_cirsus_3-480x720.jpg 480w\" sizes=\"auto, (max-width: 800px) 100vw, 800px\" \/><\/div>[\/vc_column_inner][vc_column_inner width=&#8221;1\/3&#8243;]<div class=\"single_image wpb_content_element align-left    \" data-animation=\"none\" data-delay=\"0\"><img loading=\"lazy\" decoding=\"async\" width=\"1000\" height=\"1500\" src=\"https:\/\/visitnavarra.info\/visitnavarra\/wp-content\/uploads\/2024\/08\/experiencias_gastroenologicas_pago_cirsus_1.jpg\" class=\"attachment-full\" alt=\"Torre Bodega Pago de Cirsus\" srcset=\"https:\/\/visitnavarra.info\/visitnavarra\/wp-content\/uploads\/2024\/08\/experiencias_gastroenologicas_pago_cirsus_1.jpg 1000w, https:\/\/visitnavarra.info\/visitnavarra\/wp-content\/uploads\/2024\/08\/experiencias_gastroenologicas_pago_cirsus_1-200x300.jpg 200w, https:\/\/visitnavarra.info\/visitnavarra\/wp-content\/uploads\/2024\/08\/experiencias_gastroenologicas_pago_cirsus_1-683x1024.jpg 683w, https:\/\/visitnavarra.info\/visitnavarra\/wp-content\/uploads\/2024\/08\/experiencias_gastroenologicas_pago_cirsus_1-768x1152.jpg 768w, https:\/\/visitnavarra.info\/visitnavarra\/wp-content\/uploads\/2024\/08\/experiencias_gastroenologicas_pago_cirsus_1-320x480.jpg 320w, https:\/\/visitnavarra.info\/visitnavarra\/wp-content\/uploads\/2024\/08\/experiencias_gastroenologicas_pago_cirsus_1-480x720.jpg 480w, https:\/\/visitnavarra.info\/visitnavarra\/wp-content\/uploads\/2024\/08\/experiencias_gastroenologicas_pago_cirsus_1-800x1200.jpg 800w\" sizes=\"auto, (max-width: 1000px) 100vw, 1000px\" \/><\/div>[\/vc_column_inner][vc_column_inner width=&#8221;1\/3&#8243;]<div class=\"single_image wpb_content_element align-left    \" data-animation=\"none\" data-delay=\"0\"><img loading=\"lazy\" decoding=\"async\" width=\"1500\" height=\"2250\" src=\"https:\/\/visitnavarra.info\/visitnavarra\/wp-content\/uploads\/2024\/08\/experiencias_gastroenologicas_pago_cirsus_2.jpg\" class=\"attachment-full\" alt=\"Picnic en el vi\u00f1edo de la Bodega Pago de Cirsus\" srcset=\"https:\/\/visitnavarra.info\/visitnavarra\/wp-content\/uploads\/2024\/08\/experiencias_gastroenologicas_pago_cirsus_2.jpg 1500w, https:\/\/visitnavarra.info\/visitnavarra\/wp-content\/uploads\/2024\/08\/experiencias_gastroenologicas_pago_cirsus_2-200x300.jpg 200w, https:\/\/visitnavarra.info\/visitnavarra\/wp-content\/uploads\/2024\/08\/experiencias_gastroenologicas_pago_cirsus_2-683x1024.jpg 683w, https:\/\/visitnavarra.info\/visitnavarra\/wp-content\/uploads\/2024\/08\/experiencias_gastroenologicas_pago_cirsus_2-768x1152.jpg 768w, https:\/\/visitnavarra.info\/visitnavarra\/wp-content\/uploads\/2024\/08\/experiencias_gastroenologicas_pago_cirsus_2-1024x1536.jpg 1024w, https:\/\/visitnavarra.info\/visitnavarra\/wp-content\/uploads\/2024\/08\/experiencias_gastroenologicas_pago_cirsus_2-1365x2048.jpg 1365w, https:\/\/visitnavarra.info\/visitnavarra\/wp-content\/uploads\/2024\/08\/experiencias_gastroenologicas_pago_cirsus_2-320x480.jpg 320w, https:\/\/visitnavarra.info\/visitnavarra\/wp-content\/uploads\/2024\/08\/experiencias_gastroenologicas_pago_cirsus_2-480x720.jpg 480w, https:\/\/visitnavarra.info\/visitnavarra\/wp-content\/uploads\/2024\/08\/experiencias_gastroenologicas_pago_cirsus_2-800x1200.jpg 800w\" sizes=\"auto, (max-width: 1500px) 100vw, 1500px\" \/><\/div>[\/vc_column_inner][\/vc_row_inner][\/vc_column][\/vc_row][vc_row][vc_column width=&#8221;1\/1&#8243;][vc_row_inner][vc_column_inner width=&#8221;1\/2&#8243;]<div class=\"single_image wpb_content_element align-right    \" data-animation=\"none\" data-delay=\"0\"><img loading=\"lazy\" decoding=\"async\" width=\"300\" height=\"300\" src=\"https:\/\/visitnavarra.info\/visitnavarra\/wp-content\/uploads\/2021\/02\/PAGO-DE-CIRSUS-300.jpg\" class=\"attachment-full\" alt=\"Logo Pago de Cirsus\" srcset=\"https:\/\/visitnavarra.info\/visitnavarra\/wp-content\/uploads\/2021\/02\/PAGO-DE-CIRSUS-300.jpg 300w, https:\/\/visitnavarra.info\/visitnavarra\/wp-content\/uploads\/2021\/02\/PAGO-DE-CIRSUS-300-150x150.jpg 150w, https:\/\/visitnavarra.info\/visitnavarra\/wp-content\/uploads\/2021\/02\/PAGO-DE-CIRSUS-300-80x80.jpg 80w\" sizes=\"auto, (max-width: 300px) 100vw, 300px\" \/><\/div>[\/vc_column_inner][vc_column_inner width=&#8221;1\/2&#8243;][vc_column_text]<strong>Entidad \/ empresa:<\/strong> BODEGA PAGO DE CIRSUS<br \/>\n<strong>Direcci\u00f3n:<\/strong> Carretera de Ablitas a Ribaforada, km 5 | 31523 Ablitas &#8211; Navarra &#8211; Espa\u00f1a<br \/>\n<strong>Tel\u00e9fono Bodega<\/strong>: (+34) 948 386 427<br \/>\n<strong>Tel\u00e9fono Hotel:<\/strong> (+34) 948 386 426<br \/>\n<strong>Mail:<\/strong> <a href=\"https:\/\/www.pagodecirsus.com\/es\/contacto.html\" target=\"_blank\" rel=\"noopener\">https:\/\/www.pagodecirsus.com\/es\/contacto.html<\/a><br \/>\n<strong>Web:<\/strong> <a href=\"https:\/\/www.pagodecirsus.com\/es\" target=\"_blank\" rel=\"noopener\">https:\/\/www.pagodecirsus.com\/es<\/a>[\/vc_column_text][\/vc_column_inner][\/vc_row_inner][\/vc_column][\/vc_row]<\/p>\n","protected":false},"excerpt":{"rendered":"<p>[vc_row][vc_column][vc_row_inner][vc_column_inner width=&#8221;1\/4&#8243;][\/vc_column_inner][vc_column_inner width=&#8221;1\/2&#8243;][\/vc_column_inner][vc_column_inner width=&#8221;1\/4&#8243;][\/vc_column_inner][\/vc_row_inner][vc_column_text]PARA AMANTES DEL VINO Para los amantes del vino hemos dise\u00f1ado experiencias que acompa\u00f1an el alojamiento en nuestro hotel, con una Visita a nuestra bodega y sala de barricas, descubriendo nuestros y el concepto de los Vinos de Pago. A trav\u00e9s de una visita guiada de 60 minutos aproximados, se podr\u00e1 conocer la historia y filosof\u00eda de la marca. Finalizamos la experiencia con la cata de 3 nuestros vinos &amp; aperitivo. Las experiencias incluyen: Alojamiento, Botella de vino, Desayuno continental, Comida o Cena en nuestro restaurante, Visita a nuestra Bodega Pago de Cirsus y sala de Barricas, Cata comentada de 3 vinos, aperitivo, Uso de bicicletas para recorrer los alrededores de la finca ALOJAMIENTOS + VISITAS + CATAS Habitaci\u00f3n Superior + Cata + Visita Bodega: 395\u20ac Habitaci\u00f3n Junior Suite + Visita + Cata: 435\u20ac Habitaci\u00f3n Suite Ejecutiva + Visita + Cata: 492\u20ac [\/vc_column_text][vc_row_inner][vc_column_inner width=&#8221;1\/3&#8243;][\/vc_column_inner][vc_column_inner width=&#8221;1\/3&#8243;][\/vc_column_inner][vc_column_inner width=&#8221;1\/3&#8243;][\/vc_column_inner][\/vc_row_inner][\/vc_column][\/vc_row][vc_row][vc_column width=&#8221;1\/1&#8243;][vc_row_inner][vc_column_inner width=&#8221;1\/2&#8243;][\/vc_column_inner][vc_column_inner width=&#8221;1\/2&#8243;][vc_column_text]Entidad \/ empresa: BODEGA PAGO DE CIRSUS Direcci\u00f3n: Carretera de Ablitas a Ribaforada, km 5 | 31523 Ablitas &#8211; Navarra &#8211; Espa\u00f1a Tel\u00e9fono Bodega: (+34) 948 386 427 Tel\u00e9fono Hotel: (+34) 948 386 426 Mail: https:\/\/www.pagodecirsus.com\/es\/contacto.html Web: https:\/\/www.pagodecirsus.com\/es[\/vc_column_text][\/vc_column_inner][\/vc_row_inner][\/vc_column][\/vc_row]<\/p>\n","protected":false},"author":1,"featured_media":0,"parent":0,"menu_order":0,"comment_status":"closed","ping_status":"closed","template":"","meta":{"footnotes":""},"class_list":["post-11373","page","type-page","status-publish","hentry"],"yoast_head":"<!-- This site is optimized with the Yoast SEO plugin v23.5 - https:\/\/yoast.com\/wordpress\/plugins\/seo\/ -->\n<title>BODEGAS PAGO DE CIRSUS UNA NOCHE DE ENSUE\u00d1O - VisitNavarra<\/title>\n<meta name=\"description\" content=\"Para los amantes del vino hemos dise\u00f1ado esta experiencia que acompa\u00f1a el alojamiento en nuestro hotel, con una Visita a nuestra bodega\" \/>\n<meta name=\"robots\" content=\"index, follow, max-snippet:-1, max-image-preview:large, max-video-preview:-1\" \/>\n<link rel=\"canonical\" href=\"https:\/\/visitnavarra.info\/visitnavarra\/bodegas-pago-de-cirsus-anade-una-noche-de-ensueno\/\" \/>\n<meta property=\"og:locale\" content=\"es_ES\" \/>\n<meta property=\"og:type\" content=\"article\" \/>\n<meta property=\"og:title\" content=\"BODEGAS PAGO DE CIRSUS UNA NOCHE DE ENSUE\u00d1O - VisitNavarra\" \/>\n<meta property=\"og:description\" content=\"Para los amantes del vino hemos dise\u00f1ado esta experiencia que acompa\u00f1a el alojamiento en nuestro hotel, con una Visita a nuestra bodega\" \/>\n<meta property=\"og:url\" content=\"https:\/\/visitnavarra.info\/visitnavarra\/bodegas-pago-de-cirsus-anade-una-noche-de-ensueno\/\" \/>\n<meta property=\"og:site_name\" content=\"VisitNavarra\" \/>\n<meta property=\"article:modified_time\" content=\"2024-08-26T10:23:33+00:00\" \/>\n<meta name=\"twitter:card\" content=\"summary_large_image\" \/>\n<meta name=\"twitter:label1\" content=\"Tiempo de lectura\" \/>\n\t<meta name=\"twitter:data1\" content=\"1 minuto\" \/>\n<script type=\"application\/ld+json\" class=\"yoast-schema-graph\">{\"@context\":\"https:\/\/schema.org\",\"@graph\":[{\"@type\":\"WebPage\",\"@id\":\"https:\/\/visitnavarra.info\/visitnavarra\/bodegas-pago-de-cirsus-anade-una-noche-de-ensueno\/\",\"url\":\"https:\/\/visitnavarra.info\/visitnavarra\/bodegas-pago-de-cirsus-anade-una-noche-de-ensueno\/\",\"name\":\"BODEGAS PAGO DE CIRSUS UNA NOCHE DE ENSUE\u00d1O - VisitNavarra\",\"isPartOf\":{\"@id\":\"https:\/\/visitnavarra.info\/visitnavarra\/#website\"},\"datePublished\":\"2021-10-25T09:28:25+00:00\",\"dateModified\":\"2024-08-26T10:23:33+00:00\",\"description\":\"Para los amantes del vino hemos dise\u00f1ado esta experiencia que acompa\u00f1a el alojamiento en nuestro hotel, con una Visita a nuestra bodega\",\"breadcrumb\":{\"@id\":\"https:\/\/visitnavarra.info\/visitnavarra\/bodegas-pago-de-cirsus-anade-una-noche-de-ensueno\/#breadcrumb\"},\"inLanguage\":\"es\",\"potentialAction\":[{\"@type\":\"ReadAction\",\"target\":[\"https:\/\/visitnavarra.info\/visitnavarra\/bodegas-pago-de-cirsus-anade-una-noche-de-ensueno\/\"]}]},{\"@type\":\"BreadcrumbList\",\"@id\":\"https:\/\/visitnavarra.info\/visitnavarra\/bodegas-pago-de-cirsus-anade-una-noche-de-ensueno\/#breadcrumb\",\"itemListElement\":[{\"@type\":\"ListItem\",\"position\":1,\"name\":\"Portada\",\"item\":\"https:\/\/visitnavarra.info\/visitnavarra\/\"},{\"@type\":\"ListItem\",\"position\":2,\"name\":\"BODEGAS PAGO DE CIRSUS: A\u00d1ADE UNA NOCHE DE ENSUE\u00d1O\"}]},{\"@type\":\"WebSite\",\"@id\":\"https:\/\/visitnavarra.info\/visitnavarra\/#website\",\"url\":\"https:\/\/visitnavarra.info\/visitnavarra\/\",\"name\":\"VisitNavarra\",\"description\":\"Alojamiento y experiencias tur\u00edsticas en Navarra; qu\u00e9 visitar en Navarra; comer en Navarra\",\"potentialAction\":[{\"@type\":\"SearchAction\",\"target\":{\"@type\":\"EntryPoint\",\"urlTemplate\":\"https:\/\/visitnavarra.info\/visitnavarra\/?s={search_term_string}\"},\"query-input\":{\"@type\":\"PropertyValueSpecification\",\"valueRequired\":true,\"valueName\":\"search_term_string\"}}],\"inLanguage\":\"es\"}]}<\/script>\n<!-- \/ Yoast SEO plugin. -->","yoast_head_json":{"title":"BODEGAS PAGO DE CIRSUS UNA NOCHE DE ENSUE\u00d1O - VisitNavarra","description":"Para los amantes del vino hemos dise\u00f1ado esta experiencia que acompa\u00f1a el alojamiento en nuestro hotel, con una Visita a nuestra bodega","robots":{"index":"index","follow":"follow","max-snippet":"max-snippet:-1","max-image-preview":"max-image-preview:large","max-video-preview":"max-video-preview:-1"},"canonical":"https:\/\/visitnavarra.info\/visitnavarra\/bodegas-pago-de-cirsus-anade-una-noche-de-ensueno\/","og_locale":"es_ES","og_type":"article","og_title":"BODEGAS PAGO DE CIRSUS UNA NOCHE DE ENSUE\u00d1O - VisitNavarra","og_description":"Para los amantes del vino hemos dise\u00f1ado esta experiencia que acompa\u00f1a el alojamiento en nuestro hotel, con una Visita a nuestra bodega","og_url":"https:\/\/visitnavarra.info\/visitnavarra\/bodegas-pago-de-cirsus-anade-una-noche-de-ensueno\/","og_site_name":"VisitNavarra","article_modified_time":"2024-08-26T10:23:33+00:00","twitter_card":"summary_large_image","twitter_misc":{"Tiempo de lectura":"1 minuto"},"schema":{"@context":"https:\/\/schema.org","@graph":[{"@type":"WebPage","@id":"https:\/\/visitnavarra.info\/visitnavarra\/bodegas-pago-de-cirsus-anade-una-noche-de-ensueno\/","url":"https:\/\/visitnavarra.info\/visitnavarra\/bodegas-pago-de-cirsus-anade-una-noche-de-ensueno\/","name":"BODEGAS PAGO DE CIRSUS UNA NOCHE DE ENSUE\u00d1O - VisitNavarra","isPartOf":{"@id":"https:\/\/visitnavarra.info\/visitnavarra\/#website"},"datePublished":"2021-10-25T09:28:25+00:00","dateModified":"2024-08-26T10:23:33+00:00","description":"Para los amantes del vino hemos dise\u00f1ado esta experiencia que acompa\u00f1a el alojamiento en nuestro hotel, con una Visita a nuestra bodega","breadcrumb":{"@id":"https:\/\/visitnavarra.info\/visitnavarra\/bodegas-pago-de-cirsus-anade-una-noche-de-ensueno\/#breadcrumb"},"inLanguage":"es","potentialAction":[{"@type":"ReadAction","target":["https:\/\/visitnavarra.info\/visitnavarra\/bodegas-pago-de-cirsus-anade-una-noche-de-ensueno\/"]}]},{"@type":"BreadcrumbList","@id":"https:\/\/visitnavarra.info\/visitnavarra\/bodegas-pago-de-cirsus-anade-una-noche-de-ensueno\/#breadcrumb","itemListElement":[{"@type":"ListItem","position":1,"name":"Portada","item":"https:\/\/visitnavarra.info\/visitnavarra\/"},{"@type":"ListItem","position":2,"name":"BODEGAS PAGO DE CIRSUS: A\u00d1ADE UNA NOCHE DE ENSUE\u00d1O"}]},{"@type":"WebSite","@id":"https:\/\/visitnavarra.info\/visitnavarra\/#website","url":"https:\/\/visitnavarra.info\/visitnavarra\/","name":"VisitNavarra","description":"Alojamiento y experiencias tur\u00edsticas en Navarra; qu\u00e9 visitar en Navarra; comer en Navarra","potentialAction":[{"@type":"SearchAction","target":{"@type":"EntryPoint","urlTemplate":"https:\/\/visitnavarra.info\/visitnavarra\/?s={search_term_string}"},"query-input":{"@type":"PropertyValueSpecification","valueRequired":true,"valueName":"search_term_string"}}],"inLanguage":"es"}]}},"_links":{"self":[{"href":"https:\/\/visitnavarra.info\/visitnavarra\/wp-json\/wp\/v2\/pages\/11373","targetHints":{"allow":["GET"]}}],"collection":[{"href":"https:\/\/visitnavarra.info\/visitnavarra\/wp-json\/wp\/v2\/pages"}],"about":[{"href":"https:\/\/visitnavarra.info\/visitnavarra\/wp-json\/wp\/v2\/types\/page"}],"author":[{"embeddable":true,"href":"https:\/\/visitnavarra.info\/visitnavarra\/wp-json\/wp\/v2\/users\/1"}],"replies":[{"embeddable":true,"href":"https:\/\/visitnavarra.info\/visitnavarra\/wp-json\/wp\/v2\/comments?post=11373"}],"version-history":[{"count":15,"href":"https:\/\/visitnavarra.info\/visitnavarra\/wp-json\/wp\/v2\/pages\/11373\/revisions"}],"predecessor-version":[{"id":13717,"href":"https:\/\/visitnavarra.info\/visitnavarra\/wp-json\/wp\/v2\/pages\/11373\/revisions\/13717"}],"wp:attachment":[{"href":"https:\/\/visitnavarra.info\/visitnavarra\/wp-json\/wp\/v2\/media?parent=11373"}],"curies":[{"name":"wp","href":"https:\/\/api.w.org\/{rel}","templated":true}]}}