{"id":11403,"date":"2021-10-25T10:20:18","date_gmt":"2021-10-25T10:20:18","guid":{"rendered":"https:\/\/visitnavarra.info\/visitnavarra\/?page_id=11403"},"modified":"2021-10-25T11:03:36","modified_gmt":"2021-10-25T11:03:36","slug":"ruta-e-bike-larregoiko","status":"publish","type":"page","link":"https:\/\/visitnavarra.info\/visitnavarra\/ruta-e-bike-larregoiko\/","title":{"rendered":"RUTA E-BIKE LARREGOIKO"},"content":{"rendered":"<h3><strong>RUTA E-BIKE LARREGOIKO<\/strong><\/h3>\n<p><img loading=\"lazy\" decoding=\"async\" class=\"alignnone wp-image-11377 size-full\" src=\"https:\/\/visitnavarra.info\/visitnavarra\/wp-content\/uploads\/2021\/10\/7_Ruta-E_Bike-Larregoiko.jpg\" alt=\"\" width=\"640\" height=\"480\" srcset=\"https:\/\/visitnavarra.info\/visitnavarra\/wp-content\/uploads\/2021\/10\/7_Ruta-E_Bike-Larregoiko.jpg 640w, https:\/\/visitnavarra.info\/visitnavarra\/wp-content\/uploads\/2021\/10\/7_Ruta-E_Bike-Larregoiko-300x225.jpg 300w\" sizes=\"auto, (max-width: 640px) 100vw, 640px\" \/><\/p>\n<p><strong>DISFRUTA DE UNA RUTA EN BTT POR EL VALLE DE METAUTEN<\/strong><\/p>\n<p>Ruta muy sencilla que nos acercara a algunos de los parajes m\u00e1s bellos del monte de Limitaciones.<br \/>\nDestaca por la relevancia y belleza de lugares a los que llegaremos.<br \/>\nEl mirador y la nevera de Larragoiko y las bocas de algunas cuevas.<br \/>\nTerminaremos en la txabola de la joven pastora Nerea con una gran degustaci\u00f3n de su queso.<\/p>\n<p><strong><em>INCLUYE:<\/em><\/strong><\/p>\n<ul>\n<li>Gu\u00eda titulado<\/li>\n<li>Aperitivo<\/li>\n<li>Seguro<\/li>\n<\/ul>\n<p><strong><em>DESCRIPCI\u00d3N:<\/em><\/strong><\/p>\n<ul>\n<li>Todos los p\u00fablicos<\/li>\n<li>Dificultad: Baja<\/li>\n<li>Recorrido: 30km<\/li>\n<li>Desnivel: 250+<\/li>\n<li>Duraci\u00f3n: 3:30 horas<\/li>\n<\/ul>\n<p><strong><em>HORA Y PUNTO DE SALIDA:<\/em><\/strong><\/p>\n<p>10:00h &#8211; Camping de Urbasa<\/p>\n<ul>\n<li>Complementos para ni\u00f1os incluidos (silla, carro y remolcador)<\/li>\n<li>Disponibilidad de 18 e-bike<\/li>\n<\/ul>\n<p><strong><img loading=\"lazy\" decoding=\"async\" class=\"size-full wp-image-11397 alignleft\" src=\"https:\/\/visitnavarra.info\/visitnavarra\/wp-content\/uploads\/2021\/10\/museo-trufa-logo.jpg\" alt=\"\" width=\"300\" height=\"212\" \/>Entidad \/ empresa:<\/strong> MUSEO DE LA TRUFA<br \/>\n<strong>Direcci\u00f3n:<\/strong> Carretera de Ganuza, 1 &#8211; Metauten 31241 (Navarra)<br \/>\n<strong>Tel\u00e9fono:<\/strong> (+34) 722 250 346<br \/>\n<strong>Mail:<\/strong> <a href=\"mailto:info@museodelatrufa.com\" target=\"_blank\" rel=\"noopener\">info@museodelatrufa.com<\/a><br \/>\n<strong>Web:<\/strong> <a href=\"https:\/\/museodelatrufa.com\/\" target=\"_blank\" rel=\"noopener\">https:\/\/museodelatrufa.com\/<\/a><\/p>\n","protected":false},"excerpt":{"rendered":"<p>RUTA E-BIKE LARREGOIKO DISFRUTA DE UNA RUTA EN BTT POR EL VALLE DE METAUTEN Ruta muy sencilla que nos acercara a algunos de los parajes m\u00e1s bellos del monte de Limitaciones. Destaca por la relevancia y belleza de lugares a los que llegaremos. El mirador y la nevera de Larragoiko y las bocas de algunas cuevas. Terminaremos en la txabola de la joven pastora Nerea con una gran degustaci\u00f3n de su queso. INCLUYE: Gu\u00eda titulado Aperitivo Seguro DESCRIPCI\u00d3N: Todos los p\u00fablicos Dificultad: Baja Recorrido: 30km Desnivel: 250+ Duraci\u00f3n: 3:30 horas HORA Y PUNTO DE SALIDA: 10:00h &#8211; Camping de Urbasa Complementos para ni\u00f1os incluidos (silla, carro y remolcador) Disponibilidad de 18 e-bike Entidad \/ empresa: MUSEO DE LA TRUFA Direcci\u00f3n: Carretera de Ganuza, 1 &#8211; Metauten 31241 (Navarra) Tel\u00e9fono: (+34) 722 250 346 Mail: info@museodelatrufa.com Web: https:\/\/museodelatrufa.com\/<\/p>\n","protected":false},"author":1,"featured_media":0,"parent":0,"menu_order":0,"comment_status":"closed","ping_status":"closed","template":"","meta":{"footnotes":""},"class_list":["post-11403","page","type-page","status-publish","hentry"],"yoast_head":"<!-- This site is optimized with the Yoast SEO plugin v23.5 - https:\/\/yoast.com\/wordpress\/plugins\/seo\/ -->\n<title>RUTA E-BIKE LARREGOIKO - VisitNavarra<\/title>\n<meta name=\"robots\" content=\"index, follow, max-snippet:-1, max-image-preview:large, max-video-preview:-1\" \/>\n<link rel=\"canonical\" href=\"https:\/\/visitnavarra.info\/visitnavarra\/ruta-e-bike-larregoiko\/\" \/>\n<meta property=\"og:locale\" content=\"es_ES\" \/>\n<meta property=\"og:type\" content=\"article\" \/>\n<meta property=\"og:title\" content=\"RUTA E-BIKE LARREGOIKO - VisitNavarra\" \/>\n<meta property=\"og:description\" content=\"RUTA E-BIKE LARREGOIKO DISFRUTA DE UNA RUTA EN BTT POR EL VALLE DE METAUTEN Ruta muy sencilla que nos acercara a algunos de los parajes m\u00e1s bellos del monte de Limitaciones. Destaca por la relevancia y belleza de lugares a los que llegaremos. El mirador y la nevera de Larragoiko y las bocas de algunas cuevas. Terminaremos en la txabola de la joven pastora Nerea con una gran degustaci\u00f3n de su queso. INCLUYE: Gu\u00eda titulado Aperitivo Seguro DESCRIPCI\u00d3N: Todos los p\u00fablicos Dificultad: Baja Recorrido: 30km Desnivel: 250+ Duraci\u00f3n: 3:30 horas HORA Y PUNTO DE SALIDA: 10:00h &#8211; Camping de Urbasa Complementos para ni\u00f1os incluidos (silla, carro y remolcador) Disponibilidad de 18 e-bike Entidad \/ empresa: MUSEO DE LA TRUFA Direcci\u00f3n: Carretera de Ganuza, 1 &#8211; Metauten 31241 (Navarra) Tel\u00e9fono: (+34) 722 250 346 Mail: info@museodelatrufa.com Web: https:\/\/museodelatrufa.com\/\" \/>\n<meta property=\"og:url\" content=\"https:\/\/visitnavarra.info\/visitnavarra\/ruta-e-bike-larregoiko\/\" \/>\n<meta property=\"og:site_name\" content=\"VisitNavarra\" \/>\n<meta property=\"article:modified_time\" content=\"2021-10-25T11:03:36+00:00\" \/>\n<meta property=\"og:image\" content=\"https:\/\/visitnavarra.info\/visitnavarra\/wp-content\/uploads\/2021\/10\/7_Ruta-E_Bike-Larregoiko.jpg\" \/>\n<meta name=\"twitter:card\" content=\"summary_large_image\" \/>\n<meta name=\"twitter:label1\" content=\"Tiempo de lectura\" \/>\n\t<meta name=\"twitter:data1\" content=\"1 minuto\" \/>\n<script type=\"application\/ld+json\" class=\"yoast-schema-graph\">{\"@context\":\"https:\/\/schema.org\",\"@graph\":[{\"@type\":\"WebPage\",\"@id\":\"https:\/\/visitnavarra.info\/visitnavarra\/ruta-e-bike-larregoiko\/\",\"url\":\"https:\/\/visitnavarra.info\/visitnavarra\/ruta-e-bike-larregoiko\/\",\"name\":\"RUTA E-BIKE LARREGOIKO - VisitNavarra\",\"isPartOf\":{\"@id\":\"https:\/\/visitnavarra.info\/visitnavarra\/#website\"},\"primaryImageOfPage\":{\"@id\":\"https:\/\/visitnavarra.info\/visitnavarra\/ruta-e-bike-larregoiko\/#primaryimage\"},\"image\":{\"@id\":\"https:\/\/visitnavarra.info\/visitnavarra\/ruta-e-bike-larregoiko\/#primaryimage\"},\"thumbnailUrl\":\"https:\/\/visitnavarra.info\/visitnavarra\/wp-content\/uploads\/2021\/10\/7_Ruta-E_Bike-Larregoiko.jpg\",\"datePublished\":\"2021-10-25T10:20:18+00:00\",\"dateModified\":\"2021-10-25T11:03:36+00:00\",\"breadcrumb\":{\"@id\":\"https:\/\/visitnavarra.info\/visitnavarra\/ruta-e-bike-larregoiko\/#breadcrumb\"},\"inLanguage\":\"es\",\"potentialAction\":[{\"@type\":\"ReadAction\",\"target\":[\"https:\/\/visitnavarra.info\/visitnavarra\/ruta-e-bike-larregoiko\/\"]}]},{\"@type\":\"ImageObject\",\"inLanguage\":\"es\",\"@id\":\"https:\/\/visitnavarra.info\/visitnavarra\/ruta-e-bike-larregoiko\/#primaryimage\",\"url\":\"https:\/\/visitnavarra.info\/visitnavarra\/wp-content\/uploads\/2021\/10\/7_Ruta-E_Bike-Larregoiko.jpg\",\"contentUrl\":\"https:\/\/visitnavarra.info\/visitnavarra\/wp-content\/uploads\/2021\/10\/7_Ruta-E_Bike-Larregoiko.jpg\",\"width\":640,\"height\":480},{\"@type\":\"BreadcrumbList\",\"@id\":\"https:\/\/visitnavarra.info\/visitnavarra\/ruta-e-bike-larregoiko\/#breadcrumb\",\"itemListElement\":[{\"@type\":\"ListItem\",\"position\":1,\"name\":\"Portada\",\"item\":\"https:\/\/visitnavarra.info\/visitnavarra\/\"},{\"@type\":\"ListItem\",\"position\":2,\"name\":\"RUTA E-BIKE LARREGOIKO\"}]},{\"@type\":\"WebSite\",\"@id\":\"https:\/\/visitnavarra.info\/visitnavarra\/#website\",\"url\":\"https:\/\/visitnavarra.info\/visitnavarra\/\",\"name\":\"VisitNavarra\",\"description\":\"Alojamiento y experiencias tur\u00edsticas en Navarra; qu\u00e9 visitar en Navarra; comer en Navarra\",\"potentialAction\":[{\"@type\":\"SearchAction\",\"target\":{\"@type\":\"EntryPoint\",\"urlTemplate\":\"https:\/\/visitnavarra.info\/visitnavarra\/?s={search_term_string}\"},\"query-input\":{\"@type\":\"PropertyValueSpecification\",\"valueRequired\":true,\"valueName\":\"search_term_string\"}}],\"inLanguage\":\"es\"}]}<\/script>\n<!-- \/ Yoast SEO plugin. -->","yoast_head_json":{"title":"RUTA E-BIKE LARREGOIKO - VisitNavarra","robots":{"index":"index","follow":"follow","max-snippet":"max-snippet:-1","max-image-preview":"max-image-preview:large","max-video-preview":"max-video-preview:-1"},"canonical":"https:\/\/visitnavarra.info\/visitnavarra\/ruta-e-bike-larregoiko\/","og_locale":"es_ES","og_type":"article","og_title":"RUTA E-BIKE LARREGOIKO - VisitNavarra","og_description":"RUTA E-BIKE LARREGOIKO DISFRUTA DE UNA RUTA EN BTT POR EL VALLE DE METAUTEN Ruta muy sencilla que nos acercara a algunos de los parajes m\u00e1s bellos del monte de Limitaciones. Destaca por la relevancia y belleza de lugares a los que llegaremos. El mirador y la nevera de Larragoiko y las bocas de algunas cuevas. Terminaremos en la txabola de la joven pastora Nerea con una gran degustaci\u00f3n de su queso. INCLUYE: Gu\u00eda titulado Aperitivo Seguro DESCRIPCI\u00d3N: Todos los p\u00fablicos Dificultad: Baja Recorrido: 30km Desnivel: 250+ Duraci\u00f3n: 3:30 horas HORA Y PUNTO DE SALIDA: 10:00h &#8211; Camping de Urbasa Complementos para ni\u00f1os incluidos (silla, carro y remolcador) Disponibilidad de 18 e-bike Entidad \/ empresa: MUSEO DE LA TRUFA Direcci\u00f3n: Carretera de Ganuza, 1 &#8211; Metauten 31241 (Navarra) Tel\u00e9fono: (+34) 722 250 346 Mail: info@museodelatrufa.com Web: https:\/\/museodelatrufa.com\/","og_url":"https:\/\/visitnavarra.info\/visitnavarra\/ruta-e-bike-larregoiko\/","og_site_name":"VisitNavarra","article_modified_time":"2021-10-25T11:03:36+00:00","og_image":[{"url":"https:\/\/visitnavarra.info\/visitnavarra\/wp-content\/uploads\/2021\/10\/7_Ruta-E_Bike-Larregoiko.jpg"}],"twitter_card":"summary_large_image","twitter_misc":{"Tiempo de lectura":"1 minuto"},"schema":{"@context":"https:\/\/schema.org","@graph":[{"@type":"WebPage","@id":"https:\/\/visitnavarra.info\/visitnavarra\/ruta-e-bike-larregoiko\/","url":"https:\/\/visitnavarra.info\/visitnavarra\/ruta-e-bike-larregoiko\/","name":"RUTA E-BIKE LARREGOIKO - VisitNavarra","isPartOf":{"@id":"https:\/\/visitnavarra.info\/visitnavarra\/#website"},"primaryImageOfPage":{"@id":"https:\/\/visitnavarra.info\/visitnavarra\/ruta-e-bike-larregoiko\/#primaryimage"},"image":{"@id":"https:\/\/visitnavarra.info\/visitnavarra\/ruta-e-bike-larregoiko\/#primaryimage"},"thumbnailUrl":"https:\/\/visitnavarra.info\/visitnavarra\/wp-content\/uploads\/2021\/10\/7_Ruta-E_Bike-Larregoiko.jpg","datePublished":"2021-10-25T10:20:18+00:00","dateModified":"2021-10-25T11:03:36+00:00","breadcrumb":{"@id":"https:\/\/visitnavarra.info\/visitnavarra\/ruta-e-bike-larregoiko\/#breadcrumb"},"inLanguage":"es","potentialAction":[{"@type":"ReadAction","target":["https:\/\/visitnavarra.info\/visitnavarra\/ruta-e-bike-larregoiko\/"]}]},{"@type":"ImageObject","inLanguage":"es","@id":"https:\/\/visitnavarra.info\/visitnavarra\/ruta-e-bike-larregoiko\/#primaryimage","url":"https:\/\/visitnavarra.info\/visitnavarra\/wp-content\/uploads\/2021\/10\/7_Ruta-E_Bike-Larregoiko.jpg","contentUrl":"https:\/\/visitnavarra.info\/visitnavarra\/wp-content\/uploads\/2021\/10\/7_Ruta-E_Bike-Larregoiko.jpg","width":640,"height":480},{"@type":"BreadcrumbList","@id":"https:\/\/visitnavarra.info\/visitnavarra\/ruta-e-bike-larregoiko\/#breadcrumb","itemListElement":[{"@type":"ListItem","position":1,"name":"Portada","item":"https:\/\/visitnavarra.info\/visitnavarra\/"},{"@type":"ListItem","position":2,"name":"RUTA E-BIKE LARREGOIKO"}]},{"@type":"WebSite","@id":"https:\/\/visitnavarra.info\/visitnavarra\/#website","url":"https:\/\/visitnavarra.info\/visitnavarra\/","name":"VisitNavarra","description":"Alojamiento y experiencias tur\u00edsticas en Navarra; qu\u00e9 visitar en Navarra; comer en Navarra","potentialAction":[{"@type":"SearchAction","target":{"@type":"EntryPoint","urlTemplate":"https:\/\/visitnavarra.info\/visitnavarra\/?s={search_term_string}"},"query-input":{"@type":"PropertyValueSpecification","valueRequired":true,"valueName":"search_term_string"}}],"inLanguage":"es"}]}},"_links":{"self":[{"href":"https:\/\/visitnavarra.info\/visitnavarra\/wp-json\/wp\/v2\/pages\/11403","targetHints":{"allow":["GET"]}}],"collection":[{"href":"https:\/\/visitnavarra.info\/visitnavarra\/wp-json\/wp\/v2\/pages"}],"about":[{"href":"https:\/\/visitnavarra.info\/visitnavarra\/wp-json\/wp\/v2\/types\/page"}],"author":[{"embeddable":true,"href":"https:\/\/visitnavarra.info\/visitnavarra\/wp-json\/wp\/v2\/users\/1"}],"replies":[{"embeddable":true,"href":"https:\/\/visitnavarra.info\/visitnavarra\/wp-json\/wp\/v2\/comments?post=11403"}],"version-history":[{"count":2,"href":"https:\/\/visitnavarra.info\/visitnavarra\/wp-json\/wp\/v2\/pages\/11403\/revisions"}],"predecessor-version":[{"id":11406,"href":"https:\/\/visitnavarra.info\/visitnavarra\/wp-json\/wp\/v2\/pages\/11403\/revisions\/11406"}],"wp:attachment":[{"href":"https:\/\/visitnavarra.info\/visitnavarra\/wp-json\/wp\/v2\/media?parent=11403"}],"curies":[{"name":"wp","href":"https:\/\/api.w.org\/{rel}","templated":true}]}}