{"id":11437,"date":"2021-10-25T11:23:19","date_gmt":"2021-10-25T11:23:19","guid":{"rendered":"https:\/\/visitnavarra.info\/visitnavarra\/?page_id=11437"},"modified":"2023-04-17T11:24:03","modified_gmt":"2023-04-17T11:24:03","slug":"museo-trufa-experiencias","status":"publish","type":"page","link":"https:\/\/visitnavarra.info\/visitnavarra\/museo-trufa-experiencias\/","title":{"rendered":"EXPERIENCIAS EN EL MUSEO DE LA TRUFA"},"content":{"rendered":"<p><img loading=\"lazy\" decoding=\"async\" class=\"alignleft wp-image-11407\" src=\"https:\/\/visitnavarra.info\/visitnavarra\/wp-content\/uploads\/2021\/10\/5_Trufa_Pincho-769x1024.jpg\" alt=\"\" width=\"350\" height=\"466\" srcset=\"https:\/\/visitnavarra.info\/visitnavarra\/wp-content\/uploads\/2021\/10\/5_Trufa_Pincho-769x1024.jpg 769w, https:\/\/visitnavarra.info\/visitnavarra\/wp-content\/uploads\/2021\/10\/5_Trufa_Pincho-225x300.jpg 225w, https:\/\/visitnavarra.info\/visitnavarra\/wp-content\/uploads\/2021\/10\/5_Trufa_Pincho-768x1023.jpg 768w, https:\/\/visitnavarra.info\/visitnavarra\/wp-content\/uploads\/2021\/10\/5_Trufa_Pincho.jpg 961w\" sizes=\"auto, (max-width: 350px) 100vw, 350px\" \/><\/p>\n<p><strong>EXPERIENCIA PREMIUM<\/strong><\/p>\n<ul>\n<li>Visita por las instalaciones del museo con el audiovisual \u00abAl encuentro de la trufa\u00bb terminando con men\u00fa degustaci\u00f3n Premium.<br \/>\n<strong>Disponibilidad<\/strong>: todo el a\u00f1o &#8211; s\u00e1bados, domingos y festivos a las 12:30h<\/li>\n<li><strong>Precio<\/strong>: 31\u20ac\/pax<\/li>\n<\/ul>\n<p>*Ni\u00f1os menores de 12 a\u00f1os &#8211; entrada gratuita sin men\u00fa degustaci\u00f3n<\/p>\n<p>&nbsp;<\/p>\n<p><strong>EXPERIENCIA DELUXE<\/strong><\/p>\n<ul>\n<li>Visita por las instalaciones del museo con el audiovisual \u00abAl encuentro de la trufa\u00bb terminando con men\u00fa degustaci\u00f3n Deluxe.<\/li>\n<li><strong>Disponibilidad<\/strong>: todo el a\u00f1o &#8211; s\u00e1bados, domingos y festivos a las 12:30h<\/li>\n<li><strong>Precio<\/strong>: 36\u20ac\/pax<\/li>\n<\/ul>\n<p>*Ni\u00f1os menores de 12 a\u00f1os &#8211; entrada gratuita sin men\u00fa degustaci\u00f3n.<\/p>\n<p>&nbsp;<\/p>\n<p><strong>EXPERIENCIA DE LA ABUELA<\/strong><\/p>\n<ul>\n<li>Visita por las instalaciones del museo con el audiovisual \u00abAl encuentro de la trufa\u00bb terminando con men\u00fa degustaci\u00f3n De la Abuela.<\/li>\n<li><strong>Disponibilidad<\/strong>: todo el a\u00f1o &#8211; s\u00e1bados, domingos y festivos a las 12:30h<\/li>\n<li><strong>Precio<\/strong>: 26\u20ac\/pax<\/li>\n<\/ul>\n<p>*Ni\u00f1os menores de 12 a\u00f1os &#8211; entrada gratuita sin men\u00fa degustaci\u00f3n<\/p>\n<p>&nbsp;<\/p>\n<p><strong>EXPERIENCIA ENTRE TRUFERAS<\/strong><\/p>\n<ul>\n<li>Visita guiada por las instalaciones del museo con el audiovisual \u00abAl encuentro de la trufa\u00bb, paseo guiado con uno de nuestros truficultores por las planataciones y truferas naturales terminando con un p\u00edcnic trufero disfrutando del paisaje.Opcion &#8211; almuerzo en el espacio gastron\u00f3mico &#8220;La Ventana de Lokiz&#8221;<\/li>\n<li><strong>Disponibilidad<\/strong>: todo el a\u00f1o, excepto temporada trufa &#8211; solo domingos a las 11h<\/li>\n<li><strong>Precio<\/strong>: 32 \u20ac\/pax\/adultos<\/li>\n<li><strong>Precio<\/strong>: Entre truferas con almuerzo gourmet &#8220;De la Tierra&#8221; &#8211; 44\u20ac\/pax.<\/li>\n<\/ul>\n<p>Max 15 pax<\/p>\n<p>* Ni\u00f1os menores de 5 a\u00f1os &#8211; entrada gratuita<br \/>\n*Ni\u00f1os menores de 12 a\u00f1os &#8211; 17\u20ac\/pax picnic incluido.<\/p>\n<p>&nbsp;<\/p>\n<p><strong>TRUFAEXPERIENCIA<\/strong><\/p>\n<ul>\n<li>Visita guiada al museo, recogida de trufas con perro trufero en plantaci\u00f3n acompa\u00f1ado de caldo trufado, audiovisual \u00abAl encuentro de la Trufa\u00bb, seguro, diferentes opciones desde una peque\u00f1a degustaci\u00f3n hasta una comida trufera<\/li>\n<li>Disponibilidad: en temporada de trufa ( diciembre-marzo) solo domingos a las 11h.<\/li>\n<li>Precio: desde 19\u20ac\/pax<\/li>\n<\/ul>\n<p>Max 15 pax<\/p>\n<p>*Ni\u00f1os menores de 5 a\u00f1os &#8211; entrada gratuita sin picnik<br \/>\n*Ni\u00f1os menores de +5 a 12 a\u00f1os &#8211; 15\u20ac\/pax<\/p>\n<p>&nbsp;<\/p>\n<p>&nbsp;<\/p>\n<p>&nbsp;<\/p>\n<p>&nbsp;<\/p>\n<p><strong><img loading=\"lazy\" decoding=\"async\" class=\"size-full wp-image-11397 alignleft\" src=\"https:\/\/visitnavarra.info\/visitnavarra\/wp-content\/uploads\/2021\/10\/museo-trufa-logo.jpg\" alt=\"\" width=\"300\" height=\"212\" \/>Entidad \/ empresa:<\/strong> MUSEO DE LA TRUFA<br \/>\n<strong>Direcci\u00f3n<\/strong>: Carretera de Ganuza, 1 &#8211; Metauten 31241 (Navarra)<br \/>\n<strong>Tel\u00e9fono<\/strong>: (+34) 722 250 346<br \/>\n<strong>Mail<\/strong>: <a href=\"mailto:info@museodelatrufa.com\" target=\"_blank\" rel=\"noopener\">info@museodelatrufa.com<\/a><br \/>\n<strong>Web<\/strong>: <a href=\"https:\/\/museodelatrufa.com\/\" target=\"_blank\" rel=\"noopener\">https:\/\/museodelatrufa.com\/<\/a><\/p>\n","protected":false},"excerpt":{"rendered":"<p>EXPERIENCIA PREMIUM Visita por las instalaciones del museo con el audiovisual \u00abAl encuentro de la trufa\u00bb terminando con men\u00fa degustaci\u00f3n Premium. Disponibilidad: todo el a\u00f1o &#8211; s\u00e1bados, domingos y festivos a las 12:30h Precio: 31\u20ac\/pax *Ni\u00f1os menores de 12 a\u00f1os &#8211; entrada gratuita sin men\u00fa degustaci\u00f3n &nbsp; EXPERIENCIA DELUXE Visita por las instalaciones del museo con el audiovisual \u00abAl encuentro de la trufa\u00bb terminando con men\u00fa degustaci\u00f3n Deluxe. Disponibilidad: todo el a\u00f1o &#8211; s\u00e1bados, domingos y festivos a las 12:30h Precio: 36\u20ac\/pax *Ni\u00f1os menores de 12 a\u00f1os &#8211; entrada gratuita sin men\u00fa degustaci\u00f3n. &nbsp; EXPERIENCIA DE LA ABUELA Visita por las instalaciones del museo con el audiovisual \u00abAl encuentro de la trufa\u00bb terminando con men\u00fa degustaci\u00f3n De la Abuela. Disponibilidad: todo el a\u00f1o &#8211; s\u00e1bados, domingos y festivos a las 12:30h Precio: 26\u20ac\/pax *Ni\u00f1os menores de 12 a\u00f1os &#8211; entrada gratuita sin men\u00fa degustaci\u00f3n &nbsp; EXPERIENCIA ENTRE TRUFERAS Visita guiada por las instalaciones del museo con el audiovisual \u00abAl encuentro de la trufa\u00bb, paseo guiado con uno de nuestros truficultores por las planataciones y truferas naturales terminando con un p\u00edcnic trufero disfrutando del paisaje.Opcion &#8211; almuerzo en el espacio gastron\u00f3mico &#8220;La Ventana de Lokiz&#8221; Disponibilidad: todo el a\u00f1o, excepto temporada [&hellip;]<\/p>\n","protected":false},"author":1,"featured_media":0,"parent":0,"menu_order":0,"comment_status":"closed","ping_status":"closed","template":"","meta":{"footnotes":""},"class_list":["post-11437","page","type-page","status-publish","hentry"],"yoast_head":"<!-- This site is optimized with the Yoast SEO plugin v23.5 - https:\/\/yoast.com\/wordpress\/plugins\/seo\/ -->\n<title>Ecomuseo de la trufa y centro de interpretacion - VisitNavarra<\/title>\n<meta name=\"description\" content=\"Al abrigo de la Sierra de Santiago de Lokiz, se localiza nuestro ecomuseo de la trufa, centro de interpretacion Metauten\" \/>\n<meta name=\"robots\" content=\"index, follow, max-snippet:-1, max-image-preview:large, max-video-preview:-1\" \/>\n<link rel=\"canonical\" href=\"https:\/\/visitnavarra.info\/visitnavarra\/museo-trufa-experiencias\/\" \/>\n<meta property=\"og:locale\" content=\"es_ES\" \/>\n<meta property=\"og:type\" content=\"article\" \/>\n<meta property=\"og:title\" content=\"Ecomuseo de la trufa y centro de interpretacion - VisitNavarra\" \/>\n<meta property=\"og:description\" content=\"Al abrigo de la Sierra de Santiago de Lokiz, se localiza nuestro ecomuseo de la trufa, centro de interpretacion Metauten\" \/>\n<meta property=\"og:url\" content=\"https:\/\/visitnavarra.info\/visitnavarra\/museo-trufa-experiencias\/\" \/>\n<meta property=\"og:site_name\" content=\"VisitNavarra\" \/>\n<meta property=\"article:modified_time\" content=\"2023-04-17T11:24:03+00:00\" \/>\n<meta property=\"og:image\" content=\"https:\/\/visitnavarra.info\/visitnavarra\/wp-content\/uploads\/2021\/10\/5_Trufa_Pincho-769x1024.jpg\" \/>\n<meta name=\"twitter:card\" content=\"summary_large_image\" \/>\n<meta name=\"twitter:label1\" content=\"Tiempo de lectura\" \/>\n\t<meta name=\"twitter:data1\" content=\"2 minutos\" \/>\n<script type=\"application\/ld+json\" class=\"yoast-schema-graph\">{\"@context\":\"https:\/\/schema.org\",\"@graph\":[{\"@type\":\"WebPage\",\"@id\":\"https:\/\/visitnavarra.info\/visitnavarra\/museo-trufa-experiencias\/\",\"url\":\"https:\/\/visitnavarra.info\/visitnavarra\/museo-trufa-experiencias\/\",\"name\":\"Ecomuseo de la trufa y centro de interpretacion - VisitNavarra\",\"isPartOf\":{\"@id\":\"https:\/\/visitnavarra.info\/visitnavarra\/#website\"},\"primaryImageOfPage\":{\"@id\":\"https:\/\/visitnavarra.info\/visitnavarra\/museo-trufa-experiencias\/#primaryimage\"},\"image\":{\"@id\":\"https:\/\/visitnavarra.info\/visitnavarra\/museo-trufa-experiencias\/#primaryimage\"},\"thumbnailUrl\":\"https:\/\/visitnavarra.info\/visitnavarra\/wp-content\/uploads\/2021\/10\/5_Trufa_Pincho-769x1024.jpg\",\"datePublished\":\"2021-10-25T11:23:19+00:00\",\"dateModified\":\"2023-04-17T11:24:03+00:00\",\"description\":\"Al abrigo de la Sierra de Santiago de Lokiz, se localiza nuestro ecomuseo de la trufa, centro de interpretacion Metauten\",\"breadcrumb\":{\"@id\":\"https:\/\/visitnavarra.info\/visitnavarra\/museo-trufa-experiencias\/#breadcrumb\"},\"inLanguage\":\"es\",\"potentialAction\":[{\"@type\":\"ReadAction\",\"target\":[\"https:\/\/visitnavarra.info\/visitnavarra\/museo-trufa-experiencias\/\"]}]},{\"@type\":\"ImageObject\",\"inLanguage\":\"es\",\"@id\":\"https:\/\/visitnavarra.info\/visitnavarra\/museo-trufa-experiencias\/#primaryimage\",\"url\":\"https:\/\/visitnavarra.info\/visitnavarra\/wp-content\/uploads\/2021\/10\/5_Trufa_Pincho.jpg\",\"contentUrl\":\"https:\/\/visitnavarra.info\/visitnavarra\/wp-content\/uploads\/2021\/10\/5_Trufa_Pincho.jpg\",\"width\":961,\"height\":1280},{\"@type\":\"BreadcrumbList\",\"@id\":\"https:\/\/visitnavarra.info\/visitnavarra\/museo-trufa-experiencias\/#breadcrumb\",\"itemListElement\":[{\"@type\":\"ListItem\",\"position\":1,\"name\":\"Portada\",\"item\":\"https:\/\/visitnavarra.info\/visitnavarra\/\"},{\"@type\":\"ListItem\",\"position\":2,\"name\":\"EXPERIENCIAS EN EL MUSEO DE LA TRUFA\"}]},{\"@type\":\"WebSite\",\"@id\":\"https:\/\/visitnavarra.info\/visitnavarra\/#website\",\"url\":\"https:\/\/visitnavarra.info\/visitnavarra\/\",\"name\":\"VisitNavarra\",\"description\":\"Alojamiento y experiencias tur\u00edsticas en Navarra; qu\u00e9 visitar en Navarra; comer en Navarra\",\"potentialAction\":[{\"@type\":\"SearchAction\",\"target\":{\"@type\":\"EntryPoint\",\"urlTemplate\":\"https:\/\/visitnavarra.info\/visitnavarra\/?s={search_term_string}\"},\"query-input\":{\"@type\":\"PropertyValueSpecification\",\"valueRequired\":true,\"valueName\":\"search_term_string\"}}],\"inLanguage\":\"es\"}]}<\/script>\n<!-- \/ Yoast SEO plugin. -->","yoast_head_json":{"title":"Ecomuseo de la trufa y centro de interpretacion - VisitNavarra","description":"Al abrigo de la Sierra de Santiago de Lokiz, se localiza nuestro ecomuseo de la trufa, centro de interpretacion Metauten","robots":{"index":"index","follow":"follow","max-snippet":"max-snippet:-1","max-image-preview":"max-image-preview:large","max-video-preview":"max-video-preview:-1"},"canonical":"https:\/\/visitnavarra.info\/visitnavarra\/museo-trufa-experiencias\/","og_locale":"es_ES","og_type":"article","og_title":"Ecomuseo de la trufa y centro de interpretacion - VisitNavarra","og_description":"Al abrigo de la Sierra de Santiago de Lokiz, se localiza nuestro ecomuseo de la trufa, centro de interpretacion Metauten","og_url":"https:\/\/visitnavarra.info\/visitnavarra\/museo-trufa-experiencias\/","og_site_name":"VisitNavarra","article_modified_time":"2023-04-17T11:24:03+00:00","og_image":[{"url":"https:\/\/visitnavarra.info\/visitnavarra\/wp-content\/uploads\/2021\/10\/5_Trufa_Pincho-769x1024.jpg"}],"twitter_card":"summary_large_image","twitter_misc":{"Tiempo de lectura":"2 minutos"},"schema":{"@context":"https:\/\/schema.org","@graph":[{"@type":"WebPage","@id":"https:\/\/visitnavarra.info\/visitnavarra\/museo-trufa-experiencias\/","url":"https:\/\/visitnavarra.info\/visitnavarra\/museo-trufa-experiencias\/","name":"Ecomuseo de la trufa y centro de interpretacion - VisitNavarra","isPartOf":{"@id":"https:\/\/visitnavarra.info\/visitnavarra\/#website"},"primaryImageOfPage":{"@id":"https:\/\/visitnavarra.info\/visitnavarra\/museo-trufa-experiencias\/#primaryimage"},"image":{"@id":"https:\/\/visitnavarra.info\/visitnavarra\/museo-trufa-experiencias\/#primaryimage"},"thumbnailUrl":"https:\/\/visitnavarra.info\/visitnavarra\/wp-content\/uploads\/2021\/10\/5_Trufa_Pincho-769x1024.jpg","datePublished":"2021-10-25T11:23:19+00:00","dateModified":"2023-04-17T11:24:03+00:00","description":"Al abrigo de la Sierra de Santiago de Lokiz, se localiza nuestro ecomuseo de la trufa, centro de interpretacion Metauten","breadcrumb":{"@id":"https:\/\/visitnavarra.info\/visitnavarra\/museo-trufa-experiencias\/#breadcrumb"},"inLanguage":"es","potentialAction":[{"@type":"ReadAction","target":["https:\/\/visitnavarra.info\/visitnavarra\/museo-trufa-experiencias\/"]}]},{"@type":"ImageObject","inLanguage":"es","@id":"https:\/\/visitnavarra.info\/visitnavarra\/museo-trufa-experiencias\/#primaryimage","url":"https:\/\/visitnavarra.info\/visitnavarra\/wp-content\/uploads\/2021\/10\/5_Trufa_Pincho.jpg","contentUrl":"https:\/\/visitnavarra.info\/visitnavarra\/wp-content\/uploads\/2021\/10\/5_Trufa_Pincho.jpg","width":961,"height":1280},{"@type":"BreadcrumbList","@id":"https:\/\/visitnavarra.info\/visitnavarra\/museo-trufa-experiencias\/#breadcrumb","itemListElement":[{"@type":"ListItem","position":1,"name":"Portada","item":"https:\/\/visitnavarra.info\/visitnavarra\/"},{"@type":"ListItem","position":2,"name":"EXPERIENCIAS EN EL MUSEO DE LA TRUFA"}]},{"@type":"WebSite","@id":"https:\/\/visitnavarra.info\/visitnavarra\/#website","url":"https:\/\/visitnavarra.info\/visitnavarra\/","name":"VisitNavarra","description":"Alojamiento y experiencias tur\u00edsticas en Navarra; qu\u00e9 visitar en Navarra; comer en Navarra","potentialAction":[{"@type":"SearchAction","target":{"@type":"EntryPoint","urlTemplate":"https:\/\/visitnavarra.info\/visitnavarra\/?s={search_term_string}"},"query-input":{"@type":"PropertyValueSpecification","valueRequired":true,"valueName":"search_term_string"}}],"inLanguage":"es"}]}},"_links":{"self":[{"href":"https:\/\/visitnavarra.info\/visitnavarra\/wp-json\/wp\/v2\/pages\/11437","targetHints":{"allow":["GET"]}}],"collection":[{"href":"https:\/\/visitnavarra.info\/visitnavarra\/wp-json\/wp\/v2\/pages"}],"about":[{"href":"https:\/\/visitnavarra.info\/visitnavarra\/wp-json\/wp\/v2\/types\/page"}],"author":[{"embeddable":true,"href":"https:\/\/visitnavarra.info\/visitnavarra\/wp-json\/wp\/v2\/users\/1"}],"replies":[{"embeddable":true,"href":"https:\/\/visitnavarra.info\/visitnavarra\/wp-json\/wp\/v2\/comments?post=11437"}],"version-history":[{"count":7,"href":"https:\/\/visitnavarra.info\/visitnavarra\/wp-json\/wp\/v2\/pages\/11437\/revisions"}],"predecessor-version":[{"id":12821,"href":"https:\/\/visitnavarra.info\/visitnavarra\/wp-json\/wp\/v2\/pages\/11437\/revisions\/12821"}],"wp:attachment":[{"href":"https:\/\/visitnavarra.info\/visitnavarra\/wp-json\/wp\/v2\/media?parent=11437"}],"curies":[{"name":"wp","href":"https:\/\/api.w.org\/{rel}","templated":true}]}}