{"id":11444,"date":"2021-10-25T11:39:00","date_gmt":"2021-10-25T11:39:00","guid":{"rendered":"https:\/\/visitnavarra.info\/visitnavarra\/?page_id=11444"},"modified":"2023-04-17T10:45:21","modified_gmt":"2023-04-17T10:45:21","slug":"visita-con-degustacion","status":"publish","type":"page","link":"https:\/\/visitnavarra.info\/visitnavarra\/visita-con-degustacion\/","title":{"rendered":"VISITAS GUIADAS CON CATA O DEGUSTACI\u00d3N"},"content":{"rendered":"<p><img loading=\"lazy\" decoding=\"async\" class=\"alignnone wp-image-11419 size-large\" src=\"https:\/\/visitnavarra.info\/visitnavarra\/wp-content\/uploads\/2021\/10\/3_Trufa_Aromatizando-1024x682.jpg\" alt=\"\" width=\"1024\" height=\"682\" srcset=\"https:\/\/visitnavarra.info\/visitnavarra\/wp-content\/uploads\/2021\/10\/3_Trufa_Aromatizando-1024x682.jpg 1024w, https:\/\/visitnavarra.info\/visitnavarra\/wp-content\/uploads\/2021\/10\/3_Trufa_Aromatizando-300x200.jpg 300w, https:\/\/visitnavarra.info\/visitnavarra\/wp-content\/uploads\/2021\/10\/3_Trufa_Aromatizando-768x512.jpg 768w, https:\/\/visitnavarra.info\/visitnavarra\/wp-content\/uploads\/2021\/10\/3_Trufa_Aromatizando-600x400.jpg 600w, https:\/\/visitnavarra.info\/visitnavarra\/wp-content\/uploads\/2021\/10\/3_Trufa_Aromatizando.jpg 1280w\" sizes=\"auto, (max-width: 1024px) 100vw, 1024px\" \/><\/p>\n<p><strong>VISITA GUIADA CON CATA DE TRUFADOS:<\/strong><\/p>\n<ul>\n<li>Visita guiada de 40 minutos de duraci\u00f3n, que transcurre por la planta \u00fanica del museo y termina con el audiovisual \u00abAl encuentro de la trufa\u00bb + cata de trufados <em>sin consumici\u00f3n<\/em>.<\/li>\n<li><strong>Disponibilidad<\/strong>: Disponibilidad: todo el a\u00f1o\u00a0 &#8211; s\u00e1bados, domingos\u00a0 y festivos a las 11h y 12:30h.<\/li>\n<li><strong>Precio<\/strong>: 7,50\u20ac\/pax<\/li>\n<\/ul>\n<p>&nbsp;<\/p>\n<p><strong>VISITA GUIADA CON DEGUSTACI\u00d3N DE TRUFADOS<\/strong><\/p>\n<ul>\n<li>Visita guiada de 40 minutos de duraci\u00f3n, que transcurre por la planta \u00fanica del museo y termina con el audiovisual \u00abAl encuentro de la trufa\u00bb + degustaci\u00f3n de trufados <em>consumici\u00f3n incluida.<\/em><\/li>\n<li><strong>Disponibilidad<\/strong>: todo el a\u00f1o &#8211; Martes-Viernes a las 12h; s\u00e1bados, domingos y festivos a las 11h y 12:30h.<\/li>\n<li><strong>Precio<\/strong>: 12\u20ac\/pax<\/li>\n<\/ul>\n<p>&nbsp;<\/p>\n<p>El edificio es totalmente accesible para personas con movilidad reducida<\/p>\n<p>*Ni\u00f1os menores de 12 a\u00f1os &#8211; entrada gratuita (sin cata o degustaci\u00f3n)<\/p>\n<p>&nbsp;<\/p>\n<p><img loading=\"lazy\" decoding=\"async\" class=\"size-full wp-image-11397 alignleft\" src=\"https:\/\/visitnavarra.info\/visitnavarra\/wp-content\/uploads\/2021\/10\/museo-trufa-logo.jpg\" alt=\"\" width=\"300\" height=\"212\" \/><strong>Entidad \/ empresa:<\/strong> MUSEO DE LA TRUFA<br \/>\n<strong>Direcci\u00f3n<\/strong>: Carretera de Ganuza, 1 &#8211; Metauten 31241 (Navarra)<br \/>\n<strong>Tel\u00e9fono<\/strong>: (+34) 722 250 346<br \/>\n<strong>Mail<\/strong>: <a href=\"mailto:info@museodelatrufa.com\" target=\"_blank\" rel=\"noopener\">info@museodelatrufa.com<\/a><br \/>\n<strong>Web<\/strong>: <a href=\"https:\/\/museodelatrufa.com\/\" target=\"_blank\" rel=\"noopener\">https:\/\/museodelatrufa.com\/<\/a><\/p>\n<p>&nbsp;<\/p>\n","protected":false},"excerpt":{"rendered":"<p>VISITA GUIADA CON CATA DE TRUFADOS: Visita guiada de 40 minutos de duraci\u00f3n, que transcurre por la planta \u00fanica del museo y termina con el audiovisual \u00abAl encuentro de la trufa\u00bb + cata de trufados sin consumici\u00f3n. Disponibilidad: Disponibilidad: todo el a\u00f1o\u00a0 &#8211; s\u00e1bados, domingos\u00a0 y festivos a las 11h y 12:30h. Precio: 7,50\u20ac\/pax &nbsp; VISITA GUIADA CON DEGUSTACI\u00d3N DE TRUFADOS Visita guiada de 40 minutos de duraci\u00f3n, que transcurre por la planta \u00fanica del museo y termina con el audiovisual \u00abAl encuentro de la trufa\u00bb + degustaci\u00f3n de trufados consumici\u00f3n incluida. Disponibilidad: todo el a\u00f1o &#8211; Martes-Viernes a las 12h; s\u00e1bados, domingos y festivos a las 11h y 12:30h. Precio: 12\u20ac\/pax &nbsp; El edificio es totalmente accesible para personas con movilidad reducida *Ni\u00f1os menores de 12 a\u00f1os &#8211; entrada gratuita (sin cata o degustaci\u00f3n) &nbsp; Entidad \/ empresa: MUSEO DE LA TRUFA Direcci\u00f3n: Carretera de Ganuza, 1 &#8211; Metauten 31241 (Navarra) Tel\u00e9fono: (+34) 722 250 346 Mail: info@museodelatrufa.com Web: https:\/\/museodelatrufa.com\/ &nbsp;<\/p>\n","protected":false},"author":1,"featured_media":0,"parent":0,"menu_order":0,"comment_status":"closed","ping_status":"closed","template":"","meta":{"footnotes":""},"class_list":["post-11444","page","type-page","status-publish","hentry"],"yoast_head":"<!-- This site is optimized with the Yoast SEO plugin v23.5 - https:\/\/yoast.com\/wordpress\/plugins\/seo\/ -->\n<title>Museo de la trufa visita con degustaci\u00f3n - VisitNavarra<\/title>\n<meta name=\"description\" content=\"Museo de la trufa de Metauten, visita guiada de 30 minutos de duraci\u00f3n, que transcurre por la planta\u00fanica del museo.\" \/>\n<meta name=\"robots\" content=\"index, follow, max-snippet:-1, max-image-preview:large, max-video-preview:-1\" \/>\n<link rel=\"canonical\" href=\"https:\/\/visitnavarra.info\/visitnavarra\/visita-con-degustacion\/\" \/>\n<meta property=\"og:locale\" content=\"es_ES\" \/>\n<meta property=\"og:type\" content=\"article\" \/>\n<meta property=\"og:title\" content=\"Museo de la trufa visita con degustaci\u00f3n - VisitNavarra\" \/>\n<meta property=\"og:description\" content=\"Museo de la trufa de Metauten, visita guiada de 30 minutos de duraci\u00f3n, que transcurre por la planta\u00fanica del museo.\" \/>\n<meta property=\"og:url\" content=\"https:\/\/visitnavarra.info\/visitnavarra\/visita-con-degustacion\/\" \/>\n<meta property=\"og:site_name\" content=\"VisitNavarra\" \/>\n<meta property=\"article:modified_time\" content=\"2023-04-17T10:45:21+00:00\" \/>\n<meta property=\"og:image\" content=\"https:\/\/visitnavarra.info\/visitnavarra\/wp-content\/uploads\/2021\/10\/3_Trufa_Aromatizando-1024x682.jpg\" \/>\n<meta name=\"twitter:card\" content=\"summary_large_image\" \/>\n<meta name=\"twitter:label1\" content=\"Tiempo de lectura\" \/>\n\t<meta name=\"twitter:data1\" content=\"2 minutos\" \/>\n<script type=\"application\/ld+json\" class=\"yoast-schema-graph\">{\"@context\":\"https:\/\/schema.org\",\"@graph\":[{\"@type\":\"WebPage\",\"@id\":\"https:\/\/visitnavarra.info\/visitnavarra\/visita-con-degustacion\/\",\"url\":\"https:\/\/visitnavarra.info\/visitnavarra\/visita-con-degustacion\/\",\"name\":\"Museo de la trufa visita con degustaci\u00f3n - VisitNavarra\",\"isPartOf\":{\"@id\":\"https:\/\/visitnavarra.info\/visitnavarra\/#website\"},\"primaryImageOfPage\":{\"@id\":\"https:\/\/visitnavarra.info\/visitnavarra\/visita-con-degustacion\/#primaryimage\"},\"image\":{\"@id\":\"https:\/\/visitnavarra.info\/visitnavarra\/visita-con-degustacion\/#primaryimage\"},\"thumbnailUrl\":\"https:\/\/visitnavarra.info\/visitnavarra\/wp-content\/uploads\/2021\/10\/3_Trufa_Aromatizando-1024x682.jpg\",\"datePublished\":\"2021-10-25T11:39:00+00:00\",\"dateModified\":\"2023-04-17T10:45:21+00:00\",\"description\":\"Museo de la trufa de Metauten, visita guiada de 30 minutos de duraci\u00f3n, que transcurre por la planta\u00fanica del museo.\",\"breadcrumb\":{\"@id\":\"https:\/\/visitnavarra.info\/visitnavarra\/visita-con-degustacion\/#breadcrumb\"},\"inLanguage\":\"es\",\"potentialAction\":[{\"@type\":\"ReadAction\",\"target\":[\"https:\/\/visitnavarra.info\/visitnavarra\/visita-con-degustacion\/\"]}]},{\"@type\":\"ImageObject\",\"inLanguage\":\"es\",\"@id\":\"https:\/\/visitnavarra.info\/visitnavarra\/visita-con-degustacion\/#primaryimage\",\"url\":\"https:\/\/visitnavarra.info\/visitnavarra\/wp-content\/uploads\/2021\/10\/3_Trufa_Aromatizando.jpg\",\"contentUrl\":\"https:\/\/visitnavarra.info\/visitnavarra\/wp-content\/uploads\/2021\/10\/3_Trufa_Aromatizando.jpg\",\"width\":1280,\"height\":853},{\"@type\":\"BreadcrumbList\",\"@id\":\"https:\/\/visitnavarra.info\/visitnavarra\/visita-con-degustacion\/#breadcrumb\",\"itemListElement\":[{\"@type\":\"ListItem\",\"position\":1,\"name\":\"Portada\",\"item\":\"https:\/\/visitnavarra.info\/visitnavarra\/\"},{\"@type\":\"ListItem\",\"position\":2,\"name\":\"VISITAS GUIADAS CON CATA O DEGUSTACI\u00d3N\"}]},{\"@type\":\"WebSite\",\"@id\":\"https:\/\/visitnavarra.info\/visitnavarra\/#website\",\"url\":\"https:\/\/visitnavarra.info\/visitnavarra\/\",\"name\":\"VisitNavarra\",\"description\":\"Alojamiento y experiencias tur\u00edsticas en Navarra; qu\u00e9 visitar en Navarra; comer en Navarra\",\"potentialAction\":[{\"@type\":\"SearchAction\",\"target\":{\"@type\":\"EntryPoint\",\"urlTemplate\":\"https:\/\/visitnavarra.info\/visitnavarra\/?s={search_term_string}\"},\"query-input\":{\"@type\":\"PropertyValueSpecification\",\"valueRequired\":true,\"valueName\":\"search_term_string\"}}],\"inLanguage\":\"es\"}]}<\/script>\n<!-- \/ Yoast SEO plugin. -->","yoast_head_json":{"title":"Museo de la trufa visita con degustaci\u00f3n - VisitNavarra","description":"Museo de la trufa de Metauten, visita guiada de 30 minutos de duraci\u00f3n, que transcurre por la planta\u00fanica del museo.","robots":{"index":"index","follow":"follow","max-snippet":"max-snippet:-1","max-image-preview":"max-image-preview:large","max-video-preview":"max-video-preview:-1"},"canonical":"https:\/\/visitnavarra.info\/visitnavarra\/visita-con-degustacion\/","og_locale":"es_ES","og_type":"article","og_title":"Museo de la trufa visita con degustaci\u00f3n - VisitNavarra","og_description":"Museo de la trufa de Metauten, visita guiada de 30 minutos de duraci\u00f3n, que transcurre por la planta\u00fanica del museo.","og_url":"https:\/\/visitnavarra.info\/visitnavarra\/visita-con-degustacion\/","og_site_name":"VisitNavarra","article_modified_time":"2023-04-17T10:45:21+00:00","og_image":[{"url":"https:\/\/visitnavarra.info\/visitnavarra\/wp-content\/uploads\/2021\/10\/3_Trufa_Aromatizando-1024x682.jpg"}],"twitter_card":"summary_large_image","twitter_misc":{"Tiempo de lectura":"2 minutos"},"schema":{"@context":"https:\/\/schema.org","@graph":[{"@type":"WebPage","@id":"https:\/\/visitnavarra.info\/visitnavarra\/visita-con-degustacion\/","url":"https:\/\/visitnavarra.info\/visitnavarra\/visita-con-degustacion\/","name":"Museo de la trufa visita con degustaci\u00f3n - VisitNavarra","isPartOf":{"@id":"https:\/\/visitnavarra.info\/visitnavarra\/#website"},"primaryImageOfPage":{"@id":"https:\/\/visitnavarra.info\/visitnavarra\/visita-con-degustacion\/#primaryimage"},"image":{"@id":"https:\/\/visitnavarra.info\/visitnavarra\/visita-con-degustacion\/#primaryimage"},"thumbnailUrl":"https:\/\/visitnavarra.info\/visitnavarra\/wp-content\/uploads\/2021\/10\/3_Trufa_Aromatizando-1024x682.jpg","datePublished":"2021-10-25T11:39:00+00:00","dateModified":"2023-04-17T10:45:21+00:00","description":"Museo de la trufa de Metauten, visita guiada de 30 minutos de duraci\u00f3n, que transcurre por la planta\u00fanica del museo.","breadcrumb":{"@id":"https:\/\/visitnavarra.info\/visitnavarra\/visita-con-degustacion\/#breadcrumb"},"inLanguage":"es","potentialAction":[{"@type":"ReadAction","target":["https:\/\/visitnavarra.info\/visitnavarra\/visita-con-degustacion\/"]}]},{"@type":"ImageObject","inLanguage":"es","@id":"https:\/\/visitnavarra.info\/visitnavarra\/visita-con-degustacion\/#primaryimage","url":"https:\/\/visitnavarra.info\/visitnavarra\/wp-content\/uploads\/2021\/10\/3_Trufa_Aromatizando.jpg","contentUrl":"https:\/\/visitnavarra.info\/visitnavarra\/wp-content\/uploads\/2021\/10\/3_Trufa_Aromatizando.jpg","width":1280,"height":853},{"@type":"BreadcrumbList","@id":"https:\/\/visitnavarra.info\/visitnavarra\/visita-con-degustacion\/#breadcrumb","itemListElement":[{"@type":"ListItem","position":1,"name":"Portada","item":"https:\/\/visitnavarra.info\/visitnavarra\/"},{"@type":"ListItem","position":2,"name":"VISITAS GUIADAS CON CATA O DEGUSTACI\u00d3N"}]},{"@type":"WebSite","@id":"https:\/\/visitnavarra.info\/visitnavarra\/#website","url":"https:\/\/visitnavarra.info\/visitnavarra\/","name":"VisitNavarra","description":"Alojamiento y experiencias tur\u00edsticas en Navarra; qu\u00e9 visitar en Navarra; comer en Navarra","potentialAction":[{"@type":"SearchAction","target":{"@type":"EntryPoint","urlTemplate":"https:\/\/visitnavarra.info\/visitnavarra\/?s={search_term_string}"},"query-input":{"@type":"PropertyValueSpecification","valueRequired":true,"valueName":"search_term_string"}}],"inLanguage":"es"}]}},"_links":{"self":[{"href":"https:\/\/visitnavarra.info\/visitnavarra\/wp-json\/wp\/v2\/pages\/11444","targetHints":{"allow":["GET"]}}],"collection":[{"href":"https:\/\/visitnavarra.info\/visitnavarra\/wp-json\/wp\/v2\/pages"}],"about":[{"href":"https:\/\/visitnavarra.info\/visitnavarra\/wp-json\/wp\/v2\/types\/page"}],"author":[{"embeddable":true,"href":"https:\/\/visitnavarra.info\/visitnavarra\/wp-json\/wp\/v2\/users\/1"}],"replies":[{"embeddable":true,"href":"https:\/\/visitnavarra.info\/visitnavarra\/wp-json\/wp\/v2\/comments?post=11444"}],"version-history":[{"count":3,"href":"https:\/\/visitnavarra.info\/visitnavarra\/wp-json\/wp\/v2\/pages\/11444\/revisions"}],"predecessor-version":[{"id":12801,"href":"https:\/\/visitnavarra.info\/visitnavarra\/wp-json\/wp\/v2\/pages\/11444\/revisions\/12801"}],"wp:attachment":[{"href":"https:\/\/visitnavarra.info\/visitnavarra\/wp-json\/wp\/v2\/media?parent=11444"}],"curies":[{"name":"wp","href":"https:\/\/api.w.org\/{rel}","templated":true}]}}