{"id":11453,"date":"2021-10-25T12:43:48","date_gmt":"2021-10-25T12:43:48","guid":{"rendered":"https:\/\/visitnavarra.info\/visitnavarra\/?page_id=11453"},"modified":"2021-10-25T12:43:48","modified_gmt":"2021-10-25T12:43:48","slug":"espectaculos-capital-navarra","status":"publish","type":"page","link":"https:\/\/visitnavarra.info\/visitnavarra\/espectaculos-capital-navarra\/","title":{"rendered":"LOS MEJORES ESPECT\u00c1CULOS EN LA CAPITAL NAVARRA"},"content":{"rendered":"<p>Actualizamos y ofrecemos informaci\u00f3n de los mejores espect\u00e1culos de la ciudad.<br \/>\nToda la agenda que ofrecen los teatros, palacio de congresos, centros de eventos&#8230;, de Pamplona, para que pueda organizar un viaje perfecto con los mejores espect\u00e1culos y para todas las edades.<br \/>\nNuestras mejores infraestructuras al servicio del Arte y la Cultura<\/p>\n<p>&nbsp;<\/p>\n<p><img loading=\"lazy\" decoding=\"async\" class=\"alignnone wp-image-11454 size-full\" src=\"https:\/\/visitnavarra.info\/visitnavarra\/wp-content\/uploads\/2021\/10\/espectaculos-5.jpg\" alt=\"\" width=\"331\" height=\"102\" srcset=\"https:\/\/visitnavarra.info\/visitnavarra\/wp-content\/uploads\/2021\/10\/espectaculos-5.jpg 331w, https:\/\/visitnavarra.info\/visitnavarra\/wp-content\/uploads\/2021\/10\/espectaculos-5-300x92.jpg 300w\" sizes=\"auto, (max-width: 331px) 100vw, 331px\" \/> \u00a0\u00a0\u00a0 <img loading=\"lazy\" decoding=\"async\" class=\"alignnone wp-image-11458 size-full\" src=\"https:\/\/visitnavarra.info\/visitnavarra\/wp-content\/uploads\/2021\/10\/espectaculos-1.jpg\" alt=\"\" width=\"331\" height=\"102\" srcset=\"https:\/\/visitnavarra.info\/visitnavarra\/wp-content\/uploads\/2021\/10\/espectaculos-1.jpg 331w, https:\/\/visitnavarra.info\/visitnavarra\/wp-content\/uploads\/2021\/10\/espectaculos-1-300x92.jpg 300w\" sizes=\"auto, (max-width: 331px) 100vw, 331px\" \/><\/p>\n<p><img loading=\"lazy\" decoding=\"async\" class=\"alignnone wp-image-11462 size-full\" src=\"https:\/\/visitnavarra.info\/visitnavarra\/wp-content\/uploads\/2021\/10\/espectaculos-2.jpg\" alt=\"\" width=\"331\" height=\"102\" srcset=\"https:\/\/visitnavarra.info\/visitnavarra\/wp-content\/uploads\/2021\/10\/espectaculos-2.jpg 331w, https:\/\/visitnavarra.info\/visitnavarra\/wp-content\/uploads\/2021\/10\/espectaculos-2-300x92.jpg 300w\" sizes=\"auto, (max-width: 331px) 100vw, 331px\" \/> \u00a0\u00a0\u00a0 <img loading=\"lazy\" decoding=\"async\" class=\"alignnone wp-image-11466 size-full\" src=\"https:\/\/visitnavarra.info\/visitnavarra\/wp-content\/uploads\/2021\/10\/espectaculos-3.bmp\" alt=\"\" width=\"331\" height=\"102\" srcset=\"https:\/\/visitnavarra.info\/visitnavarra\/wp-content\/uploads\/2021\/10\/espectaculos-3.bmp 331w, https:\/\/visitnavarra.info\/visitnavarra\/wp-content\/uploads\/2021\/10\/espectaculos-3-300x92.bmp 300w\" sizes=\"auto, (max-width: 331px) 100vw, 331px\" \/><\/p>\n<p><img loading=\"lazy\" decoding=\"async\" class=\"alignnone wp-image-11470 size-full\" src=\"https:\/\/visitnavarra.info\/visitnavarra\/wp-content\/uploads\/2021\/10\/espectaculos-4.bmp\" alt=\"\" width=\"331\" height=\"102\" srcset=\"https:\/\/visitnavarra.info\/visitnavarra\/wp-content\/uploads\/2021\/10\/espectaculos-4.bmp 331w, https:\/\/visitnavarra.info\/visitnavarra\/wp-content\/uploads\/2021\/10\/espectaculos-4-300x92.bmp 300w\" sizes=\"auto, (max-width: 331px) 100vw, 331px\" \/><\/p>\n<p>&nbsp;<\/p>\n","protected":false},"excerpt":{"rendered":"<p>Actualizamos y ofrecemos informaci\u00f3n de los mejores espect\u00e1culos de la ciudad. Toda la agenda que ofrecen los teatros, palacio de congresos, centros de eventos&#8230;, de Pamplona, para que pueda organizar un viaje perfecto con los mejores espect\u00e1culos y para todas las edades. Nuestras mejores infraestructuras al servicio del Arte y la Cultura &nbsp; \u00a0\u00a0\u00a0 \u00a0\u00a0\u00a0 &nbsp;<\/p>\n","protected":false},"author":1,"featured_media":0,"parent":0,"menu_order":0,"comment_status":"closed","ping_status":"closed","template":"","meta":{"footnotes":""},"class_list":["post-11453","page","type-page","status-publish","hentry"],"yoast_head":"<!-- This site is optimized with the Yoast SEO plugin v23.5 - https:\/\/yoast.com\/wordpress\/plugins\/seo\/ -->\n<title>Espect\u00e1culos Pamplona - VisitNavarra<\/title>\n<meta name=\"description\" content=\"Toda la agenda que ofrecen los teatros, palacio de congresos, centros de eventos..., de Pamplona, para que pueda organizar un viaje perfecto\" \/>\n<meta name=\"robots\" content=\"index, follow, max-snippet:-1, max-image-preview:large, max-video-preview:-1\" \/>\n<link rel=\"canonical\" href=\"https:\/\/visitnavarra.info\/visitnavarra\/espectaculos-capital-navarra\/\" \/>\n<meta property=\"og:locale\" content=\"es_ES\" \/>\n<meta property=\"og:type\" content=\"article\" \/>\n<meta property=\"og:title\" content=\"Espect\u00e1culos Pamplona - VisitNavarra\" \/>\n<meta property=\"og:description\" content=\"Toda la agenda que ofrecen los teatros, palacio de congresos, centros de eventos..., de Pamplona, para que pueda organizar un viaje perfecto\" \/>\n<meta property=\"og:url\" content=\"https:\/\/visitnavarra.info\/visitnavarra\/espectaculos-capital-navarra\/\" \/>\n<meta property=\"og:site_name\" content=\"VisitNavarra\" \/>\n<meta property=\"og:image\" content=\"https:\/\/visitnavarra.info\/visitnavarra\/wp-content\/uploads\/2021\/10\/espectaculos-5.jpg\" \/>\n<meta name=\"twitter:card\" content=\"summary_large_image\" \/>\n<meta name=\"twitter:label1\" content=\"Tiempo de lectura\" \/>\n\t<meta name=\"twitter:data1\" content=\"2 minutos\" \/>\n<script type=\"application\/ld+json\" class=\"yoast-schema-graph\">{\"@context\":\"https:\/\/schema.org\",\"@graph\":[{\"@type\":\"WebPage\",\"@id\":\"https:\/\/visitnavarra.info\/visitnavarra\/espectaculos-capital-navarra\/\",\"url\":\"https:\/\/visitnavarra.info\/visitnavarra\/espectaculos-capital-navarra\/\",\"name\":\"Espect\u00e1culos Pamplona - VisitNavarra\",\"isPartOf\":{\"@id\":\"https:\/\/visitnavarra.info\/visitnavarra\/#website\"},\"primaryImageOfPage\":{\"@id\":\"https:\/\/visitnavarra.info\/visitnavarra\/espectaculos-capital-navarra\/#primaryimage\"},\"image\":{\"@id\":\"https:\/\/visitnavarra.info\/visitnavarra\/espectaculos-capital-navarra\/#primaryimage\"},\"thumbnailUrl\":\"https:\/\/visitnavarra.info\/visitnavarra\/wp-content\/uploads\/2021\/10\/espectaculos-5.jpg\",\"datePublished\":\"2021-10-25T12:43:48+00:00\",\"dateModified\":\"2021-10-25T12:43:48+00:00\",\"description\":\"Toda la agenda que ofrecen los teatros, palacio de congresos, centros de eventos..., de Pamplona, para que pueda organizar un viaje perfecto\",\"breadcrumb\":{\"@id\":\"https:\/\/visitnavarra.info\/visitnavarra\/espectaculos-capital-navarra\/#breadcrumb\"},\"inLanguage\":\"es\",\"potentialAction\":[{\"@type\":\"ReadAction\",\"target\":[\"https:\/\/visitnavarra.info\/visitnavarra\/espectaculos-capital-navarra\/\"]}]},{\"@type\":\"ImageObject\",\"inLanguage\":\"es\",\"@id\":\"https:\/\/visitnavarra.info\/visitnavarra\/espectaculos-capital-navarra\/#primaryimage\",\"url\":\"https:\/\/visitnavarra.info\/visitnavarra\/wp-content\/uploads\/2021\/10\/espectaculos-5.jpg\",\"contentUrl\":\"https:\/\/visitnavarra.info\/visitnavarra\/wp-content\/uploads\/2021\/10\/espectaculos-5.jpg\",\"width\":331,\"height\":102},{\"@type\":\"BreadcrumbList\",\"@id\":\"https:\/\/visitnavarra.info\/visitnavarra\/espectaculos-capital-navarra\/#breadcrumb\",\"itemListElement\":[{\"@type\":\"ListItem\",\"position\":1,\"name\":\"Portada\",\"item\":\"https:\/\/visitnavarra.info\/visitnavarra\/\"},{\"@type\":\"ListItem\",\"position\":2,\"name\":\"LOS MEJORES ESPECT\u00c1CULOS EN LA CAPITAL NAVARRA\"}]},{\"@type\":\"WebSite\",\"@id\":\"https:\/\/visitnavarra.info\/visitnavarra\/#website\",\"url\":\"https:\/\/visitnavarra.info\/visitnavarra\/\",\"name\":\"VisitNavarra\",\"description\":\"Alojamiento y experiencias tur\u00edsticas en Navarra; qu\u00e9 visitar en Navarra; comer en Navarra\",\"potentialAction\":[{\"@type\":\"SearchAction\",\"target\":{\"@type\":\"EntryPoint\",\"urlTemplate\":\"https:\/\/visitnavarra.info\/visitnavarra\/?s={search_term_string}\"},\"query-input\":{\"@type\":\"PropertyValueSpecification\",\"valueRequired\":true,\"valueName\":\"search_term_string\"}}],\"inLanguage\":\"es\"}]}<\/script>\n<!-- \/ Yoast SEO plugin. -->","yoast_head_json":{"title":"Espect\u00e1culos Pamplona - VisitNavarra","description":"Toda la agenda que ofrecen los teatros, palacio de congresos, centros de eventos..., de Pamplona, para que pueda organizar un viaje perfecto","robots":{"index":"index","follow":"follow","max-snippet":"max-snippet:-1","max-image-preview":"max-image-preview:large","max-video-preview":"max-video-preview:-1"},"canonical":"https:\/\/visitnavarra.info\/visitnavarra\/espectaculos-capital-navarra\/","og_locale":"es_ES","og_type":"article","og_title":"Espect\u00e1culos Pamplona - VisitNavarra","og_description":"Toda la agenda que ofrecen los teatros, palacio de congresos, centros de eventos..., de Pamplona, para que pueda organizar un viaje perfecto","og_url":"https:\/\/visitnavarra.info\/visitnavarra\/espectaculos-capital-navarra\/","og_site_name":"VisitNavarra","og_image":[{"url":"https:\/\/visitnavarra.info\/visitnavarra\/wp-content\/uploads\/2021\/10\/espectaculos-5.jpg"}],"twitter_card":"summary_large_image","twitter_misc":{"Tiempo de lectura":"2 minutos"},"schema":{"@context":"https:\/\/schema.org","@graph":[{"@type":"WebPage","@id":"https:\/\/visitnavarra.info\/visitnavarra\/espectaculos-capital-navarra\/","url":"https:\/\/visitnavarra.info\/visitnavarra\/espectaculos-capital-navarra\/","name":"Espect\u00e1culos Pamplona - VisitNavarra","isPartOf":{"@id":"https:\/\/visitnavarra.info\/visitnavarra\/#website"},"primaryImageOfPage":{"@id":"https:\/\/visitnavarra.info\/visitnavarra\/espectaculos-capital-navarra\/#primaryimage"},"image":{"@id":"https:\/\/visitnavarra.info\/visitnavarra\/espectaculos-capital-navarra\/#primaryimage"},"thumbnailUrl":"https:\/\/visitnavarra.info\/visitnavarra\/wp-content\/uploads\/2021\/10\/espectaculos-5.jpg","datePublished":"2021-10-25T12:43:48+00:00","dateModified":"2021-10-25T12:43:48+00:00","description":"Toda la agenda que ofrecen los teatros, palacio de congresos, centros de eventos..., de Pamplona, para que pueda organizar un viaje perfecto","breadcrumb":{"@id":"https:\/\/visitnavarra.info\/visitnavarra\/espectaculos-capital-navarra\/#breadcrumb"},"inLanguage":"es","potentialAction":[{"@type":"ReadAction","target":["https:\/\/visitnavarra.info\/visitnavarra\/espectaculos-capital-navarra\/"]}]},{"@type":"ImageObject","inLanguage":"es","@id":"https:\/\/visitnavarra.info\/visitnavarra\/espectaculos-capital-navarra\/#primaryimage","url":"https:\/\/visitnavarra.info\/visitnavarra\/wp-content\/uploads\/2021\/10\/espectaculos-5.jpg","contentUrl":"https:\/\/visitnavarra.info\/visitnavarra\/wp-content\/uploads\/2021\/10\/espectaculos-5.jpg","width":331,"height":102},{"@type":"BreadcrumbList","@id":"https:\/\/visitnavarra.info\/visitnavarra\/espectaculos-capital-navarra\/#breadcrumb","itemListElement":[{"@type":"ListItem","position":1,"name":"Portada","item":"https:\/\/visitnavarra.info\/visitnavarra\/"},{"@type":"ListItem","position":2,"name":"LOS MEJORES ESPECT\u00c1CULOS EN LA CAPITAL NAVARRA"}]},{"@type":"WebSite","@id":"https:\/\/visitnavarra.info\/visitnavarra\/#website","url":"https:\/\/visitnavarra.info\/visitnavarra\/","name":"VisitNavarra","description":"Alojamiento y experiencias tur\u00edsticas en Navarra; qu\u00e9 visitar en Navarra; comer en Navarra","potentialAction":[{"@type":"SearchAction","target":{"@type":"EntryPoint","urlTemplate":"https:\/\/visitnavarra.info\/visitnavarra\/?s={search_term_string}"},"query-input":{"@type":"PropertyValueSpecification","valueRequired":true,"valueName":"search_term_string"}}],"inLanguage":"es"}]}},"_links":{"self":[{"href":"https:\/\/visitnavarra.info\/visitnavarra\/wp-json\/wp\/v2\/pages\/11453","targetHints":{"allow":["GET"]}}],"collection":[{"href":"https:\/\/visitnavarra.info\/visitnavarra\/wp-json\/wp\/v2\/pages"}],"about":[{"href":"https:\/\/visitnavarra.info\/visitnavarra\/wp-json\/wp\/v2\/types\/page"}],"author":[{"embeddable":true,"href":"https:\/\/visitnavarra.info\/visitnavarra\/wp-json\/wp\/v2\/users\/1"}],"replies":[{"embeddable":true,"href":"https:\/\/visitnavarra.info\/visitnavarra\/wp-json\/wp\/v2\/comments?post=11453"}],"version-history":[{"count":1,"href":"https:\/\/visitnavarra.info\/visitnavarra\/wp-json\/wp\/v2\/pages\/11453\/revisions"}],"predecessor-version":[{"id":11474,"href":"https:\/\/visitnavarra.info\/visitnavarra\/wp-json\/wp\/v2\/pages\/11453\/revisions\/11474"}],"wp:attachment":[{"href":"https:\/\/visitnavarra.info\/visitnavarra\/wp-json\/wp\/v2\/media?parent=11453"}],"curies":[{"name":"wp","href":"https:\/\/api.w.org\/{rel}","templated":true}]}}