{"id":11488,"date":"2021-10-25T12:56:29","date_gmt":"2021-10-25T12:56:29","guid":{"rendered":"https:\/\/visitnavarra.info\/visitnavarra\/?page_id=11488"},"modified":"2021-10-25T12:56:29","modified_gmt":"2021-10-25T12:56:29","slug":"parapente-el-placer-de-volar","status":"publish","type":"page","link":"https:\/\/visitnavarra.info\/visitnavarra\/parapente-el-placer-de-volar\/","title":{"rendered":"PARAPENTE: EL PLACER DE VOLAR"},"content":{"rendered":"<p><strong>SIENTE EL PLACER DE VOLAR<\/strong><\/p>\n<p><img loading=\"lazy\" decoding=\"async\" class=\"alignnone wp-image-11489 size-full\" src=\"https:\/\/visitnavarra.info\/visitnavarra\/wp-content\/uploads\/2021\/10\/11_Naturaleza_Parapente.jpg\" alt=\"\" width=\"800\" height=\"450\" srcset=\"https:\/\/visitnavarra.info\/visitnavarra\/wp-content\/uploads\/2021\/10\/11_Naturaleza_Parapente.jpg 800w, https:\/\/visitnavarra.info\/visitnavarra\/wp-content\/uploads\/2021\/10\/11_Naturaleza_Parapente-300x169.jpg 300w, https:\/\/visitnavarra.info\/visitnavarra\/wp-content\/uploads\/2021\/10\/11_Naturaleza_Parapente-768x432.jpg 768w\" sizes=\"auto, (max-width: 800px) 100vw, 800px\" \/><\/p>\n<p>Vuelo en parapente biplaza<br \/>\nDisfruta de los mejores entornos naturales de Tierra Estella desde el aire Sierra de Urbasa; Pantano de Alloz; Castillo de Monjardin; Sierra de Codes; Montejurra\u2026.<\/p>\n<p>Informaci\u00f3n de Inter\u00e9s:<\/p>\n<ul>\n<li>\u00a0Monitor y seguro<\/li>\n<li>V\u00eddeo de regalo<\/li>\n<li>De Lunes a Domingo<\/li>\n<li>Reservas con 48 horas de antelaci\u00f3n<\/li>\n<li>Apto para ni\u00f1os a partir de 5 a\u00f1os<\/li>\n<li>Puede sufrir modificaciones por la climatolog\u00eda<\/li>\n<li>Precio\/Persona: Desde 80 \u20ac<\/li>\n<\/ul>\n<p>&nbsp;<\/p>\n<p><strong><img loading=\"lazy\" decoding=\"async\" class=\"size-full wp-image-11397 alignleft\" src=\"https:\/\/visitnavarra.info\/visitnavarra\/wp-content\/uploads\/2021\/10\/museo-trufa-logo.jpg\" alt=\"\" width=\"300\" height=\"212\" \/>Entidad \/ empresa:<\/strong> MUSEO DE LA TRUFA<br \/>\n<strong>Direcci\u00f3n<\/strong>: Carretera de Ganuza, 1 &#8211; Metauten 31241 (Navarra)<br \/>\n<strong>Tel\u00e9fono<\/strong>: (+34) 722 250 346<br \/>\n<strong>Mail<\/strong>: <a href=\"mailto:info@museodelatrufa.com\" target=\"_blank\" rel=\"noopener\">info@museodelatrufa.com<\/a><br \/>\n<strong>Web<\/strong>: <a href=\"https:\/\/museodelatrufa.com\/\" target=\"_blank\" rel=\"noopener\">https:\/\/museodelatrufa.com\/<\/a><\/p>\n","protected":false},"excerpt":{"rendered":"<p>SIENTE EL PLACER DE VOLAR Vuelo en parapente biplaza Disfruta de los mejores entornos naturales de Tierra Estella desde el aire Sierra de Urbasa; Pantano de Alloz; Castillo de Monjardin; Sierra de Codes; Montejurra\u2026. Informaci\u00f3n de Inter\u00e9s: \u00a0Monitor y seguro V\u00eddeo de regalo De Lunes a Domingo Reservas con 48 horas de antelaci\u00f3n Apto para ni\u00f1os a partir de 5 a\u00f1os Puede sufrir modificaciones por la climatolog\u00eda Precio\/Persona: Desde 80 \u20ac &nbsp; Entidad \/ empresa: MUSEO DE LA TRUFA Direcci\u00f3n: Carretera de Ganuza, 1 &#8211; Metauten 31241 (Navarra) Tel\u00e9fono: (+34) 722 250 346 Mail: info@museodelatrufa.com Web: https:\/\/museodelatrufa.com\/<\/p>\n","protected":false},"author":1,"featured_media":0,"parent":0,"menu_order":0,"comment_status":"closed","ping_status":"closed","template":"","meta":{"footnotes":""},"class_list":["post-11488","page","type-page","status-publish","hentry"],"yoast_head":"<!-- This site is optimized with the Yoast SEO plugin v23.5 - https:\/\/yoast.com\/wordpress\/plugins\/seo\/ -->\n<title>SIENTE EL PLACER DE VOLAR - VisitNavarra<\/title>\n<meta name=\"description\" content=\"Vuelo en parapente biplazaDisfruta de los mejores entornos naturales de Tierra Estella desde el aire Sierra de Urbasa; Pantano de Alloz;\" \/>\n<meta name=\"robots\" content=\"index, follow, max-snippet:-1, max-image-preview:large, max-video-preview:-1\" \/>\n<link rel=\"canonical\" href=\"https:\/\/visitnavarra.info\/visitnavarra\/parapente-el-placer-de-volar\/\" \/>\n<meta property=\"og:locale\" content=\"es_ES\" \/>\n<meta property=\"og:type\" content=\"article\" \/>\n<meta property=\"og:title\" content=\"SIENTE EL PLACER DE VOLAR - VisitNavarra\" \/>\n<meta property=\"og:description\" content=\"Vuelo en parapente biplazaDisfruta de los mejores entornos naturales de Tierra Estella desde el aire Sierra de Urbasa; Pantano de Alloz;\" \/>\n<meta property=\"og:url\" content=\"https:\/\/visitnavarra.info\/visitnavarra\/parapente-el-placer-de-volar\/\" \/>\n<meta property=\"og:site_name\" content=\"VisitNavarra\" \/>\n<meta property=\"og:image\" content=\"https:\/\/visitnavarra.info\/visitnavarra\/wp-content\/uploads\/2021\/10\/11_Naturaleza_Parapente.jpg\" \/>\n<meta name=\"twitter:card\" content=\"summary_large_image\" \/>\n<meta name=\"twitter:label1\" content=\"Tiempo de lectura\" \/>\n\t<meta name=\"twitter:data1\" content=\"1 minuto\" \/>\n<script type=\"application\/ld+json\" class=\"yoast-schema-graph\">{\"@context\":\"https:\/\/schema.org\",\"@graph\":[{\"@type\":\"WebPage\",\"@id\":\"https:\/\/visitnavarra.info\/visitnavarra\/parapente-el-placer-de-volar\/\",\"url\":\"https:\/\/visitnavarra.info\/visitnavarra\/parapente-el-placer-de-volar\/\",\"name\":\"SIENTE EL PLACER DE VOLAR - VisitNavarra\",\"isPartOf\":{\"@id\":\"https:\/\/visitnavarra.info\/visitnavarra\/#website\"},\"primaryImageOfPage\":{\"@id\":\"https:\/\/visitnavarra.info\/visitnavarra\/parapente-el-placer-de-volar\/#primaryimage\"},\"image\":{\"@id\":\"https:\/\/visitnavarra.info\/visitnavarra\/parapente-el-placer-de-volar\/#primaryimage\"},\"thumbnailUrl\":\"https:\/\/visitnavarra.info\/visitnavarra\/wp-content\/uploads\/2021\/10\/11_Naturaleza_Parapente.jpg\",\"datePublished\":\"2021-10-25T12:56:29+00:00\",\"dateModified\":\"2021-10-25T12:56:29+00:00\",\"description\":\"Vuelo en parapente biplazaDisfruta de los mejores entornos naturales de Tierra Estella desde el aire Sierra de Urbasa; Pantano de Alloz;\",\"breadcrumb\":{\"@id\":\"https:\/\/visitnavarra.info\/visitnavarra\/parapente-el-placer-de-volar\/#breadcrumb\"},\"inLanguage\":\"es\",\"potentialAction\":[{\"@type\":\"ReadAction\",\"target\":[\"https:\/\/visitnavarra.info\/visitnavarra\/parapente-el-placer-de-volar\/\"]}]},{\"@type\":\"ImageObject\",\"inLanguage\":\"es\",\"@id\":\"https:\/\/visitnavarra.info\/visitnavarra\/parapente-el-placer-de-volar\/#primaryimage\",\"url\":\"https:\/\/visitnavarra.info\/visitnavarra\/wp-content\/uploads\/2021\/10\/11_Naturaleza_Parapente.jpg\",\"contentUrl\":\"https:\/\/visitnavarra.info\/visitnavarra\/wp-content\/uploads\/2021\/10\/11_Naturaleza_Parapente.jpg\",\"width\":800,\"height\":450},{\"@type\":\"BreadcrumbList\",\"@id\":\"https:\/\/visitnavarra.info\/visitnavarra\/parapente-el-placer-de-volar\/#breadcrumb\",\"itemListElement\":[{\"@type\":\"ListItem\",\"position\":1,\"name\":\"Portada\",\"item\":\"https:\/\/visitnavarra.info\/visitnavarra\/\"},{\"@type\":\"ListItem\",\"position\":2,\"name\":\"PARAPENTE: EL PLACER DE VOLAR\"}]},{\"@type\":\"WebSite\",\"@id\":\"https:\/\/visitnavarra.info\/visitnavarra\/#website\",\"url\":\"https:\/\/visitnavarra.info\/visitnavarra\/\",\"name\":\"VisitNavarra\",\"description\":\"Alojamiento y experiencias tur\u00edsticas en Navarra; qu\u00e9 visitar en Navarra; comer en Navarra\",\"potentialAction\":[{\"@type\":\"SearchAction\",\"target\":{\"@type\":\"EntryPoint\",\"urlTemplate\":\"https:\/\/visitnavarra.info\/visitnavarra\/?s={search_term_string}\"},\"query-input\":{\"@type\":\"PropertyValueSpecification\",\"valueRequired\":true,\"valueName\":\"search_term_string\"}}],\"inLanguage\":\"es\"}]}<\/script>\n<!-- \/ Yoast SEO plugin. -->","yoast_head_json":{"title":"SIENTE EL PLACER DE VOLAR - VisitNavarra","description":"Vuelo en parapente biplazaDisfruta de los mejores entornos naturales de Tierra Estella desde el aire Sierra de Urbasa; Pantano de Alloz;","robots":{"index":"index","follow":"follow","max-snippet":"max-snippet:-1","max-image-preview":"max-image-preview:large","max-video-preview":"max-video-preview:-1"},"canonical":"https:\/\/visitnavarra.info\/visitnavarra\/parapente-el-placer-de-volar\/","og_locale":"es_ES","og_type":"article","og_title":"SIENTE EL PLACER DE VOLAR - VisitNavarra","og_description":"Vuelo en parapente biplazaDisfruta de los mejores entornos naturales de Tierra Estella desde el aire Sierra de Urbasa; Pantano de Alloz;","og_url":"https:\/\/visitnavarra.info\/visitnavarra\/parapente-el-placer-de-volar\/","og_site_name":"VisitNavarra","og_image":[{"url":"https:\/\/visitnavarra.info\/visitnavarra\/wp-content\/uploads\/2021\/10\/11_Naturaleza_Parapente.jpg"}],"twitter_card":"summary_large_image","twitter_misc":{"Tiempo de lectura":"1 minuto"},"schema":{"@context":"https:\/\/schema.org","@graph":[{"@type":"WebPage","@id":"https:\/\/visitnavarra.info\/visitnavarra\/parapente-el-placer-de-volar\/","url":"https:\/\/visitnavarra.info\/visitnavarra\/parapente-el-placer-de-volar\/","name":"SIENTE EL PLACER DE VOLAR - VisitNavarra","isPartOf":{"@id":"https:\/\/visitnavarra.info\/visitnavarra\/#website"},"primaryImageOfPage":{"@id":"https:\/\/visitnavarra.info\/visitnavarra\/parapente-el-placer-de-volar\/#primaryimage"},"image":{"@id":"https:\/\/visitnavarra.info\/visitnavarra\/parapente-el-placer-de-volar\/#primaryimage"},"thumbnailUrl":"https:\/\/visitnavarra.info\/visitnavarra\/wp-content\/uploads\/2021\/10\/11_Naturaleza_Parapente.jpg","datePublished":"2021-10-25T12:56:29+00:00","dateModified":"2021-10-25T12:56:29+00:00","description":"Vuelo en parapente biplazaDisfruta de los mejores entornos naturales de Tierra Estella desde el aire Sierra de Urbasa; Pantano de Alloz;","breadcrumb":{"@id":"https:\/\/visitnavarra.info\/visitnavarra\/parapente-el-placer-de-volar\/#breadcrumb"},"inLanguage":"es","potentialAction":[{"@type":"ReadAction","target":["https:\/\/visitnavarra.info\/visitnavarra\/parapente-el-placer-de-volar\/"]}]},{"@type":"ImageObject","inLanguage":"es","@id":"https:\/\/visitnavarra.info\/visitnavarra\/parapente-el-placer-de-volar\/#primaryimage","url":"https:\/\/visitnavarra.info\/visitnavarra\/wp-content\/uploads\/2021\/10\/11_Naturaleza_Parapente.jpg","contentUrl":"https:\/\/visitnavarra.info\/visitnavarra\/wp-content\/uploads\/2021\/10\/11_Naturaleza_Parapente.jpg","width":800,"height":450},{"@type":"BreadcrumbList","@id":"https:\/\/visitnavarra.info\/visitnavarra\/parapente-el-placer-de-volar\/#breadcrumb","itemListElement":[{"@type":"ListItem","position":1,"name":"Portada","item":"https:\/\/visitnavarra.info\/visitnavarra\/"},{"@type":"ListItem","position":2,"name":"PARAPENTE: EL PLACER DE VOLAR"}]},{"@type":"WebSite","@id":"https:\/\/visitnavarra.info\/visitnavarra\/#website","url":"https:\/\/visitnavarra.info\/visitnavarra\/","name":"VisitNavarra","description":"Alojamiento y experiencias tur\u00edsticas en Navarra; qu\u00e9 visitar en Navarra; comer en Navarra","potentialAction":[{"@type":"SearchAction","target":{"@type":"EntryPoint","urlTemplate":"https:\/\/visitnavarra.info\/visitnavarra\/?s={search_term_string}"},"query-input":{"@type":"PropertyValueSpecification","valueRequired":true,"valueName":"search_term_string"}}],"inLanguage":"es"}]}},"_links":{"self":[{"href":"https:\/\/visitnavarra.info\/visitnavarra\/wp-json\/wp\/v2\/pages\/11488","targetHints":{"allow":["GET"]}}],"collection":[{"href":"https:\/\/visitnavarra.info\/visitnavarra\/wp-json\/wp\/v2\/pages"}],"about":[{"href":"https:\/\/visitnavarra.info\/visitnavarra\/wp-json\/wp\/v2\/types\/page"}],"author":[{"embeddable":true,"href":"https:\/\/visitnavarra.info\/visitnavarra\/wp-json\/wp\/v2\/users\/1"}],"replies":[{"embeddable":true,"href":"https:\/\/visitnavarra.info\/visitnavarra\/wp-json\/wp\/v2\/comments?post=11488"}],"version-history":[{"count":1,"href":"https:\/\/visitnavarra.info\/visitnavarra\/wp-json\/wp\/v2\/pages\/11488\/revisions"}],"predecessor-version":[{"id":11493,"href":"https:\/\/visitnavarra.info\/visitnavarra\/wp-json\/wp\/v2\/pages\/11488\/revisions\/11493"}],"wp:attachment":[{"href":"https:\/\/visitnavarra.info\/visitnavarra\/wp-json\/wp\/v2\/media?parent=11488"}],"curies":[{"name":"wp","href":"https:\/\/api.w.org\/{rel}","templated":true}]}}