{"id":11511,"date":"2021-11-03T13:47:59","date_gmt":"2021-11-03T13:47:59","guid":{"rendered":"https:\/\/visitnavarra.info\/visitnavarra\/?page_id=11511"},"modified":"2023-03-17T09:42:57","modified_gmt":"2023-03-17T09:42:57","slug":"turismo-sostenible","status":"publish","type":"page","link":"https:\/\/visitnavarra.info\/visitnavarra\/turismo-sostenible\/","title":{"rendered":"TURISMO SOSTENIBLE"},"content":{"rendered":"<p>[vc_row][vc_column width=&#8221;1\/4&#8243;]<div class=\"single_image wpb_content_element align-center    \" data-animation=\"none\" data-delay=\"0\"><img loading=\"lazy\" decoding=\"async\" width=\"250\" height=\"250\" src=\"https:\/\/visitnavarra.info\/visitnavarra\/wp-content\/uploads\/2021\/11\/habitacion-250.jpg\" class=\"attachment-full\" alt=\"\" srcset=\"https:\/\/visitnavarra.info\/visitnavarra\/wp-content\/uploads\/2021\/11\/habitacion-250.jpg 250w, https:\/\/visitnavarra.info\/visitnavarra\/wp-content\/uploads\/2021\/11\/habitacion-250-150x150.jpg 150w, https:\/\/visitnavarra.info\/visitnavarra\/wp-content\/uploads\/2021\/11\/habitacion-250-80x80.jpg 80w\" sizes=\"auto, (max-width: 250px) 100vw, 250px\" \/><\/div><a href=\"\/visitnavarra\/alojamiento-rural-entheos\/\" target=\"_self\" class=\"button custom full \" style=\"background-color: #81d742; border-color: #81d742;border-radius: 2px;\">ENTHEOS ALOJAMIENTO RURAL<\/a>[\/vc_column][vc_column width=&#8221;1\/4&#8243;]<div class=\"single_image wpb_content_element align-center    \" data-animation=\"none\" data-delay=\"0\"><img loading=\"lazy\" decoding=\"async\" width=\"250\" height=\"250\" src=\"https:\/\/visitnavarra.info\/visitnavarra\/wp-content\/uploads\/2021\/11\/agricultura-biodinamica-250.jpg\" class=\"attachment-full\" alt=\"\" srcset=\"https:\/\/visitnavarra.info\/visitnavarra\/wp-content\/uploads\/2021\/11\/agricultura-biodinamica-250.jpg 250w, https:\/\/visitnavarra.info\/visitnavarra\/wp-content\/uploads\/2021\/11\/agricultura-biodinamica-250-150x150.jpg 150w, https:\/\/visitnavarra.info\/visitnavarra\/wp-content\/uploads\/2021\/11\/agricultura-biodinamica-250-80x80.jpg 80w\" sizes=\"auto, (max-width: 250px) 100vw, 250px\" \/><\/div><a href=\"\/visitnavarra\/cursos-agricultura-biodinamica\/\" target=\"_self\" class=\"button custom full \" style=\"background-color: #81d742; border-color: #81d742;border-radius: 2px;\">ENTHEOS | CURSO AGRICULTURA BIODIN\u00c1MICA<\/a>[\/vc_column][vc_column width=&#8221;1\/4&#8243;]<div class=\"single_image wpb_content_element align-center    \" data-animation=\"none\" data-delay=\"0\"><img loading=\"lazy\" decoding=\"async\" width=\"250\" height=\"250\" src=\"https:\/\/visitnavarra.info\/visitnavarra\/wp-content\/uploads\/2023\/03\/foto-cielo-nocturno.jpg\" class=\"attachment-full\" alt=\"\" srcset=\"https:\/\/visitnavarra.info\/visitnavarra\/wp-content\/uploads\/2023\/03\/foto-cielo-nocturno.jpg 250w, https:\/\/visitnavarra.info\/visitnavarra\/wp-content\/uploads\/2023\/03\/foto-cielo-nocturno-150x150.jpg 150w, https:\/\/visitnavarra.info\/visitnavarra\/wp-content\/uploads\/2023\/03\/foto-cielo-nocturno-80x80.jpg 80w\" sizes=\"auto, (max-width: 250px) 100vw, 250px\" \/><\/div><a href=\"\/visitnavarra\/observacion-del-cielo-nocturno-con-telescopio\/\" target=\"_self\" class=\"button custom full \" style=\"background-color: #81d742; border-color: #81d742;border-radius: 2px;\">ENTHEOS | OBSERVACI\u00d3N DEL CIELO NOCTURNO CON TELESCOPIO<\/a>[\/vc_column][vc_column width=&#8221;1\/4&#8243;][\/vc_column][\/vc_row]<\/p>\n","protected":false},"excerpt":{"rendered":"<p>[vc_row][vc_column width=&#8221;1\/4&#8243;][\/vc_column][vc_column width=&#8221;1\/4&#8243;][\/vc_column][vc_column width=&#8221;1\/4&#8243;][\/vc_column][vc_column width=&#8221;1\/4&#8243;][\/vc_column][\/vc_row]<\/p>\n","protected":false},"author":1,"featured_media":0,"parent":0,"menu_order":0,"comment_status":"closed","ping_status":"closed","template":"","meta":{"footnotes":""},"class_list":["post-11511","page","type-page","status-publish","hentry"],"yoast_head":"<!-- This site is optimized with the Yoast SEO plugin v23.5 - https:\/\/yoast.com\/wordpress\/plugins\/seo\/ -->\n<title>Turismo Sostenible - VisitNavarra<\/title>\n<meta name=\"description\" content=\"Entheos es una empresa de asesoramiento y formaci\u00f3n en AgriculturaBiodin\u00e1mica, en la que buscamos adem\u00e1s difundir la pr\u00e1ctica\" \/>\n<meta name=\"robots\" content=\"index, follow, max-snippet:-1, max-image-preview:large, max-video-preview:-1\" \/>\n<link rel=\"canonical\" href=\"https:\/\/visitnavarra.info\/visitnavarra\/turismo-sostenible\/\" \/>\n<meta property=\"og:locale\" content=\"es_ES\" \/>\n<meta property=\"og:type\" content=\"article\" \/>\n<meta property=\"og:title\" content=\"Turismo Sostenible - VisitNavarra\" \/>\n<meta property=\"og:description\" content=\"Entheos es una empresa de asesoramiento y formaci\u00f3n en AgriculturaBiodin\u00e1mica, en la que buscamos adem\u00e1s difundir la pr\u00e1ctica\" \/>\n<meta property=\"og:url\" content=\"https:\/\/visitnavarra.info\/visitnavarra\/turismo-sostenible\/\" \/>\n<meta property=\"og:site_name\" content=\"VisitNavarra\" \/>\n<meta property=\"article:modified_time\" content=\"2023-03-17T09:42:57+00:00\" \/>\n<meta name=\"twitter:card\" content=\"summary_large_image\" \/>\n<meta name=\"twitter:label1\" content=\"Tiempo de lectura\" \/>\n\t<meta name=\"twitter:data1\" content=\"1 minuto\" \/>\n<script type=\"application\/ld+json\" class=\"yoast-schema-graph\">{\"@context\":\"https:\/\/schema.org\",\"@graph\":[{\"@type\":\"WebPage\",\"@id\":\"https:\/\/visitnavarra.info\/visitnavarra\/turismo-sostenible\/\",\"url\":\"https:\/\/visitnavarra.info\/visitnavarra\/turismo-sostenible\/\",\"name\":\"Turismo Sostenible - VisitNavarra\",\"isPartOf\":{\"@id\":\"https:\/\/visitnavarra.info\/visitnavarra\/#website\"},\"datePublished\":\"2021-11-03T13:47:59+00:00\",\"dateModified\":\"2023-03-17T09:42:57+00:00\",\"description\":\"Entheos es una empresa de asesoramiento y formaci\u00f3n en AgriculturaBiodin\u00e1mica, en la que buscamos adem\u00e1s difundir la pr\u00e1ctica\",\"breadcrumb\":{\"@id\":\"https:\/\/visitnavarra.info\/visitnavarra\/turismo-sostenible\/#breadcrumb\"},\"inLanguage\":\"es\",\"potentialAction\":[{\"@type\":\"ReadAction\",\"target\":[\"https:\/\/visitnavarra.info\/visitnavarra\/turismo-sostenible\/\"]}]},{\"@type\":\"BreadcrumbList\",\"@id\":\"https:\/\/visitnavarra.info\/visitnavarra\/turismo-sostenible\/#breadcrumb\",\"itemListElement\":[{\"@type\":\"ListItem\",\"position\":1,\"name\":\"Portada\",\"item\":\"https:\/\/visitnavarra.info\/visitnavarra\/\"},{\"@type\":\"ListItem\",\"position\":2,\"name\":\"TURISMO SOSTENIBLE\"}]},{\"@type\":\"WebSite\",\"@id\":\"https:\/\/visitnavarra.info\/visitnavarra\/#website\",\"url\":\"https:\/\/visitnavarra.info\/visitnavarra\/\",\"name\":\"VisitNavarra\",\"description\":\"Alojamiento y experiencias tur\u00edsticas en Navarra; qu\u00e9 visitar en Navarra; comer en Navarra\",\"potentialAction\":[{\"@type\":\"SearchAction\",\"target\":{\"@type\":\"EntryPoint\",\"urlTemplate\":\"https:\/\/visitnavarra.info\/visitnavarra\/?s={search_term_string}\"},\"query-input\":{\"@type\":\"PropertyValueSpecification\",\"valueRequired\":true,\"valueName\":\"search_term_string\"}}],\"inLanguage\":\"es\"}]}<\/script>\n<!-- \/ Yoast SEO plugin. -->","yoast_head_json":{"title":"Turismo Sostenible - VisitNavarra","description":"Entheos es una empresa de asesoramiento y formaci\u00f3n en AgriculturaBiodin\u00e1mica, en la que buscamos adem\u00e1s difundir la pr\u00e1ctica","robots":{"index":"index","follow":"follow","max-snippet":"max-snippet:-1","max-image-preview":"max-image-preview:large","max-video-preview":"max-video-preview:-1"},"canonical":"https:\/\/visitnavarra.info\/visitnavarra\/turismo-sostenible\/","og_locale":"es_ES","og_type":"article","og_title":"Turismo Sostenible - VisitNavarra","og_description":"Entheos es una empresa de asesoramiento y formaci\u00f3n en AgriculturaBiodin\u00e1mica, en la que buscamos adem\u00e1s difundir la pr\u00e1ctica","og_url":"https:\/\/visitnavarra.info\/visitnavarra\/turismo-sostenible\/","og_site_name":"VisitNavarra","article_modified_time":"2023-03-17T09:42:57+00:00","twitter_card":"summary_large_image","twitter_misc":{"Tiempo de lectura":"1 minuto"},"schema":{"@context":"https:\/\/schema.org","@graph":[{"@type":"WebPage","@id":"https:\/\/visitnavarra.info\/visitnavarra\/turismo-sostenible\/","url":"https:\/\/visitnavarra.info\/visitnavarra\/turismo-sostenible\/","name":"Turismo Sostenible - VisitNavarra","isPartOf":{"@id":"https:\/\/visitnavarra.info\/visitnavarra\/#website"},"datePublished":"2021-11-03T13:47:59+00:00","dateModified":"2023-03-17T09:42:57+00:00","description":"Entheos es una empresa de asesoramiento y formaci\u00f3n en AgriculturaBiodin\u00e1mica, en la que buscamos adem\u00e1s difundir la pr\u00e1ctica","breadcrumb":{"@id":"https:\/\/visitnavarra.info\/visitnavarra\/turismo-sostenible\/#breadcrumb"},"inLanguage":"es","potentialAction":[{"@type":"ReadAction","target":["https:\/\/visitnavarra.info\/visitnavarra\/turismo-sostenible\/"]}]},{"@type":"BreadcrumbList","@id":"https:\/\/visitnavarra.info\/visitnavarra\/turismo-sostenible\/#breadcrumb","itemListElement":[{"@type":"ListItem","position":1,"name":"Portada","item":"https:\/\/visitnavarra.info\/visitnavarra\/"},{"@type":"ListItem","position":2,"name":"TURISMO SOSTENIBLE"}]},{"@type":"WebSite","@id":"https:\/\/visitnavarra.info\/visitnavarra\/#website","url":"https:\/\/visitnavarra.info\/visitnavarra\/","name":"VisitNavarra","description":"Alojamiento y experiencias tur\u00edsticas en Navarra; qu\u00e9 visitar en Navarra; comer en Navarra","potentialAction":[{"@type":"SearchAction","target":{"@type":"EntryPoint","urlTemplate":"https:\/\/visitnavarra.info\/visitnavarra\/?s={search_term_string}"},"query-input":{"@type":"PropertyValueSpecification","valueRequired":true,"valueName":"search_term_string"}}],"inLanguage":"es"}]}},"_links":{"self":[{"href":"https:\/\/visitnavarra.info\/visitnavarra\/wp-json\/wp\/v2\/pages\/11511","targetHints":{"allow":["GET"]}}],"collection":[{"href":"https:\/\/visitnavarra.info\/visitnavarra\/wp-json\/wp\/v2\/pages"}],"about":[{"href":"https:\/\/visitnavarra.info\/visitnavarra\/wp-json\/wp\/v2\/types\/page"}],"author":[{"embeddable":true,"href":"https:\/\/visitnavarra.info\/visitnavarra\/wp-json\/wp\/v2\/users\/1"}],"replies":[{"embeddable":true,"href":"https:\/\/visitnavarra.info\/visitnavarra\/wp-json\/wp\/v2\/comments?post=11511"}],"version-history":[{"count":16,"href":"https:\/\/visitnavarra.info\/visitnavarra\/wp-json\/wp\/v2\/pages\/11511\/revisions"}],"predecessor-version":[{"id":12752,"href":"https:\/\/visitnavarra.info\/visitnavarra\/wp-json\/wp\/v2\/pages\/11511\/revisions\/12752"}],"wp:attachment":[{"href":"https:\/\/visitnavarra.info\/visitnavarra\/wp-json\/wp\/v2\/media?parent=11511"}],"curies":[{"name":"wp","href":"https:\/\/api.w.org\/{rel}","templated":true}]}}