{"id":11534,"date":"2021-11-04T10:45:58","date_gmt":"2021-11-04T10:45:58","guid":{"rendered":"https:\/\/visitnavarra.info\/visitnavarra\/?page_id=11534"},"modified":"2023-03-17T09:56:14","modified_gmt":"2023-03-17T09:56:14","slug":"alojamiento-rural-entheos","status":"publish","type":"page","link":"https:\/\/visitnavarra.info\/visitnavarra\/alojamiento-rural-entheos\/","title":{"rendered":"Alojamiento Rural Entheos"},"content":{"rendered":"<p>[vc_row][vc_column width=&#8221;1\/1&#8243;][vc_column_text]<img loading=\"lazy\" decoding=\"async\" class=\"alignleft wp-image-11535 size-full\" src=\"https:\/\/visitnavarra.info\/visitnavarra\/wp-content\/uploads\/2021\/11\/Alojamiento.jpg\" alt=\"\" width=\"1910\" height=\"464\" srcset=\"https:\/\/visitnavarra.info\/visitnavarra\/wp-content\/uploads\/2021\/11\/Alojamiento.jpg 1910w, https:\/\/visitnavarra.info\/visitnavarra\/wp-content\/uploads\/2021\/11\/Alojamiento-300x73.jpg 300w, https:\/\/visitnavarra.info\/visitnavarra\/wp-content\/uploads\/2021\/11\/Alojamiento-1024x249.jpg 1024w, https:\/\/visitnavarra.info\/visitnavarra\/wp-content\/uploads\/2021\/11\/Alojamiento-768x187.jpg 768w, https:\/\/visitnavarra.info\/visitnavarra\/wp-content\/uploads\/2021\/11\/Alojamiento-1536x373.jpg 1536w\" sizes=\"auto, (max-width: 1910px) 100vw, 1910px\" \/><\/p>\n<p>&nbsp;<\/p>\n<h3 style=\"text-align: center;\"><strong>Todo el a\u00f1o es buen momento para visitarnos.<\/strong><\/h3>\n<p style=\"text-align: center;\">Finca situada entre los pinares y el rio Ega, bajo la roca donde se asienta Ler\u00edn (Navarra).<br \/>\nCapacidad para 28 personas (6 habitaciones), individuales, parejas o grupos.<br \/>\nFinca privada con gran Parking especial para coches, furgonetas, camiones, remolques, motos, quads, caballos\u2026<br \/>\nSala de gran capacidad para celebrar eventos empresariales o familiares.<br \/>\nPlanear actividades o deportes en los alrededores de la finca.<br \/>\nDesconecta del stress, descansa y siente el ritmo de la naturaleza para recuperar la energ\u00eda vital.<br \/>\nDeja volar tu imaginaci\u00f3n y cuenta con Entheos para tu proyecto.<\/p>\n<p>&nbsp;<\/p>\n<p><img loading=\"lazy\" decoding=\"async\" class=\"alignnone wp-image-11543\" src=\"https:\/\/visitnavarra.info\/visitnavarra\/wp-content\/uploads\/2021\/11\/Alojamiento_Habitacion-300x169.jpg\" alt=\"\" width=\"350\" height=\"197\" srcset=\"https:\/\/visitnavarra.info\/visitnavarra\/wp-content\/uploads\/2021\/11\/Alojamiento_Habitacion-300x169.jpg 300w, https:\/\/visitnavarra.info\/visitnavarra\/wp-content\/uploads\/2021\/11\/Alojamiento_Habitacion.jpg 526w\" sizes=\"auto, (max-width: 350px) 100vw, 350px\" \/>\u00a0 \u00a0<img loading=\"lazy\" decoding=\"async\" class=\"alignnone wp-image-11539\" src=\"https:\/\/visitnavarra.info\/visitnavarra\/wp-content\/uploads\/2021\/11\/Alojamiento_Cocina-300x169.jpg\" alt=\"\" width=\"350\" height=\"197\" srcset=\"https:\/\/visitnavarra.info\/visitnavarra\/wp-content\/uploads\/2021\/11\/Alojamiento_Cocina-300x169.jpg 300w, https:\/\/visitnavarra.info\/visitnavarra\/wp-content\/uploads\/2021\/11\/Alojamiento_Cocina.jpg 526w\" sizes=\"auto, (max-width: 350px) 100vw, 350px\" \/>\u00a0 \u00a0<img loading=\"lazy\" decoding=\"async\" class=\"alignnone wp-image-11547\" src=\"https:\/\/visitnavarra.info\/visitnavarra\/wp-content\/uploads\/2021\/11\/Alojamiento_Salon-300x169.jpg\" alt=\"\" width=\"350\" height=\"197\" srcset=\"https:\/\/visitnavarra.info\/visitnavarra\/wp-content\/uploads\/2021\/11\/Alojamiento_Salon-300x169.jpg 300w, https:\/\/visitnavarra.info\/visitnavarra\/wp-content\/uploads\/2021\/11\/Alojamiento_Salon.jpg 526w\" sizes=\"auto, (max-width: 350px) 100vw, 350px\" \/>[\/vc_column_text][\/vc_column][\/vc_row][vc_row][vc_column width=&#8221;1\/1&#8243;]<div class=\"spacer\" style=\"height: 40px;\"><\/div>[\/vc_column][\/vc_row][vc_row][vc_column width=&#8221;1\/2&#8243;]<div class=\"single_image wpb_content_element align-center    \" data-animation=\"none\" data-delay=\"0\"><img loading=\"lazy\" decoding=\"async\" class=\"\" src=\"https:\/\/visitnavarra.info\/visitnavarra\/wp-content\/uploads\/2021\/11\/Logotipo_Pagina_01_250.jpg\" width=\"250\" height=\"136\" alt=\"Logotipo_P\u00e1gina_01_250\" title=\"Logotipo_P\u00e1gina_01_250\" \/><\/div>[\/vc_column][vc_column width=&#8221;1\/2&#8243;][vc_column_text]<strong>Entidad \/ empresa:<\/strong> ENTHEOSBIO AGRICULTURA BIODIN\u00c1MICA<br \/>\n<strong>Direcci\u00f3n<\/strong>: Calle Baigorri, 56 &#8211; 31260 &#8211; Ler\u00edn (Navarra)<br \/>\n<strong>Tel\u00e9fono<\/strong>: (+34) 618 888 558<br \/>\n<strong>Mail:<\/strong>\u00a0<a href=\"mailto:info@entheosbio.es\" target=\"_blank\" rel=\"noopener\">info@entheosbio.es<\/a><br \/>\n<strong>Web<\/strong>:\u00a0<a href=\"https:\/\/www.entheosbio.es\/\" target=\"_blank\" rel=\"noopener\">https:\/\/www.entheosbio.es<\/a>[\/vc_column_text][\/vc_column][\/vc_row]<\/p>\n","protected":false},"excerpt":{"rendered":"<p>[vc_row][vc_column width=&#8221;1\/1&#8243;][vc_column_text] &nbsp; Todo el a\u00f1o es buen momento para visitarnos. Finca situada entre los pinares y el rio Ega, bajo la roca donde se asienta Ler\u00edn (Navarra). Capacidad para 28 personas (6 habitaciones), individuales, parejas o grupos. Finca privada con gran Parking especial para coches, furgonetas, camiones, remolques, motos, quads, caballos\u2026 Sala de gran capacidad para celebrar eventos empresariales o familiares. Planear actividades o deportes en los alrededores de la finca. Desconecta del stress, descansa y siente el ritmo de la naturaleza para recuperar la energ\u00eda vital. Deja volar tu imaginaci\u00f3n y cuenta con Entheos para tu proyecto. &nbsp; \u00a0 \u00a0\u00a0 \u00a0[\/vc_column_text][\/vc_column][\/vc_row][vc_row][vc_column width=&#8221;1\/1&#8243;][\/vc_column][\/vc_row][vc_row][vc_column width=&#8221;1\/2&#8243;][\/vc_column][vc_column width=&#8221;1\/2&#8243;][vc_column_text]Entidad \/ empresa: ENTHEOSBIO AGRICULTURA BIODIN\u00c1MICA Direcci\u00f3n: Calle Baigorri, 56 &#8211; 31260 &#8211; Ler\u00edn (Navarra) Tel\u00e9fono: (+34) 618 888 558 Mail:\u00a0info@entheosbio.es Web:\u00a0https:\/\/www.entheosbio.es[\/vc_column_text][\/vc_column][\/vc_row]<\/p>\n","protected":false},"author":1,"featured_media":0,"parent":0,"menu_order":0,"comment_status":"closed","ping_status":"closed","template":"","meta":{"footnotes":""},"class_list":["post-11534","page","type-page","status-publish","hentry"],"yoast_head":"<!-- This site is optimized with the Yoast SEO plugin v23.5 - https:\/\/yoast.com\/wordpress\/plugins\/seo\/ -->\n<title>Alojamiento Rural Entheos - VisitNavarra<\/title>\n<meta name=\"description\" content=\"EL ALOJAMIENTO RURAL se ha construido bajo los par\u00e1metros de la geometr\u00eda sagrada, comprendiendo la importancia de las formas para armonizar\" \/>\n<meta name=\"robots\" content=\"index, follow, max-snippet:-1, max-image-preview:large, max-video-preview:-1\" \/>\n<link rel=\"canonical\" href=\"https:\/\/visitnavarra.info\/visitnavarra\/alojamiento-rural-entheos\/\" \/>\n<meta property=\"og:locale\" content=\"es_ES\" \/>\n<meta property=\"og:type\" content=\"article\" \/>\n<meta property=\"og:title\" content=\"Alojamiento Rural Entheos - VisitNavarra\" \/>\n<meta property=\"og:description\" content=\"EL ALOJAMIENTO RURAL se ha construido bajo los par\u00e1metros de la geometr\u00eda sagrada, comprendiendo la importancia de las formas para armonizar\" \/>\n<meta property=\"og:url\" content=\"https:\/\/visitnavarra.info\/visitnavarra\/alojamiento-rural-entheos\/\" \/>\n<meta property=\"og:site_name\" content=\"VisitNavarra\" \/>\n<meta property=\"article:modified_time\" content=\"2023-03-17T09:56:14+00:00\" \/>\n<meta property=\"og:image\" content=\"https:\/\/visitnavarra.info\/visitnavarra\/wp-content\/uploads\/2021\/11\/Alojamiento.jpg\" \/>\n<meta name=\"twitter:card\" content=\"summary_large_image\" \/>\n<meta name=\"twitter:label1\" content=\"Tiempo de lectura\" \/>\n\t<meta name=\"twitter:data1\" content=\"2 minutos\" \/>\n<script type=\"application\/ld+json\" class=\"yoast-schema-graph\">{\"@context\":\"https:\/\/schema.org\",\"@graph\":[{\"@type\":\"WebPage\",\"@id\":\"https:\/\/visitnavarra.info\/visitnavarra\/alojamiento-rural-entheos\/\",\"url\":\"https:\/\/visitnavarra.info\/visitnavarra\/alojamiento-rural-entheos\/\",\"name\":\"Alojamiento Rural Entheos - VisitNavarra\",\"isPartOf\":{\"@id\":\"https:\/\/visitnavarra.info\/visitnavarra\/#website\"},\"primaryImageOfPage\":{\"@id\":\"https:\/\/visitnavarra.info\/visitnavarra\/alojamiento-rural-entheos\/#primaryimage\"},\"image\":{\"@id\":\"https:\/\/visitnavarra.info\/visitnavarra\/alojamiento-rural-entheos\/#primaryimage\"},\"thumbnailUrl\":\"https:\/\/visitnavarra.info\/visitnavarra\/wp-content\/uploads\/2021\/11\/Alojamiento.jpg\",\"datePublished\":\"2021-11-04T10:45:58+00:00\",\"dateModified\":\"2023-03-17T09:56:14+00:00\",\"description\":\"EL ALOJAMIENTO RURAL se ha construido bajo los par\u00e1metros de la geometr\u00eda sagrada, comprendiendo la importancia de las formas para armonizar\",\"breadcrumb\":{\"@id\":\"https:\/\/visitnavarra.info\/visitnavarra\/alojamiento-rural-entheos\/#breadcrumb\"},\"inLanguage\":\"es\",\"potentialAction\":[{\"@type\":\"ReadAction\",\"target\":[\"https:\/\/visitnavarra.info\/visitnavarra\/alojamiento-rural-entheos\/\"]}]},{\"@type\":\"ImageObject\",\"inLanguage\":\"es\",\"@id\":\"https:\/\/visitnavarra.info\/visitnavarra\/alojamiento-rural-entheos\/#primaryimage\",\"url\":\"https:\/\/visitnavarra.info\/visitnavarra\/wp-content\/uploads\/2021\/11\/Alojamiento.jpg\",\"contentUrl\":\"https:\/\/visitnavarra.info\/visitnavarra\/wp-content\/uploads\/2021\/11\/Alojamiento.jpg\",\"width\":1910,\"height\":464},{\"@type\":\"BreadcrumbList\",\"@id\":\"https:\/\/visitnavarra.info\/visitnavarra\/alojamiento-rural-entheos\/#breadcrumb\",\"itemListElement\":[{\"@type\":\"ListItem\",\"position\":1,\"name\":\"Portada\",\"item\":\"https:\/\/visitnavarra.info\/visitnavarra\/\"},{\"@type\":\"ListItem\",\"position\":2,\"name\":\"Alojamiento Rural Entheos\"}]},{\"@type\":\"WebSite\",\"@id\":\"https:\/\/visitnavarra.info\/visitnavarra\/#website\",\"url\":\"https:\/\/visitnavarra.info\/visitnavarra\/\",\"name\":\"VisitNavarra\",\"description\":\"Alojamiento y experiencias tur\u00edsticas en Navarra; qu\u00e9 visitar en Navarra; comer en Navarra\",\"potentialAction\":[{\"@type\":\"SearchAction\",\"target\":{\"@type\":\"EntryPoint\",\"urlTemplate\":\"https:\/\/visitnavarra.info\/visitnavarra\/?s={search_term_string}\"},\"query-input\":{\"@type\":\"PropertyValueSpecification\",\"valueRequired\":true,\"valueName\":\"search_term_string\"}}],\"inLanguage\":\"es\"}]}<\/script>\n<!-- \/ Yoast SEO plugin. -->","yoast_head_json":{"title":"Alojamiento Rural Entheos - VisitNavarra","description":"EL ALOJAMIENTO RURAL se ha construido bajo los par\u00e1metros de la geometr\u00eda sagrada, comprendiendo la importancia de las formas para armonizar","robots":{"index":"index","follow":"follow","max-snippet":"max-snippet:-1","max-image-preview":"max-image-preview:large","max-video-preview":"max-video-preview:-1"},"canonical":"https:\/\/visitnavarra.info\/visitnavarra\/alojamiento-rural-entheos\/","og_locale":"es_ES","og_type":"article","og_title":"Alojamiento Rural Entheos - VisitNavarra","og_description":"EL ALOJAMIENTO RURAL se ha construido bajo los par\u00e1metros de la geometr\u00eda sagrada, comprendiendo la importancia de las formas para armonizar","og_url":"https:\/\/visitnavarra.info\/visitnavarra\/alojamiento-rural-entheos\/","og_site_name":"VisitNavarra","article_modified_time":"2023-03-17T09:56:14+00:00","og_image":[{"url":"https:\/\/visitnavarra.info\/visitnavarra\/wp-content\/uploads\/2021\/11\/Alojamiento.jpg"}],"twitter_card":"summary_large_image","twitter_misc":{"Tiempo de lectura":"2 minutos"},"schema":{"@context":"https:\/\/schema.org","@graph":[{"@type":"WebPage","@id":"https:\/\/visitnavarra.info\/visitnavarra\/alojamiento-rural-entheos\/","url":"https:\/\/visitnavarra.info\/visitnavarra\/alojamiento-rural-entheos\/","name":"Alojamiento Rural Entheos - VisitNavarra","isPartOf":{"@id":"https:\/\/visitnavarra.info\/visitnavarra\/#website"},"primaryImageOfPage":{"@id":"https:\/\/visitnavarra.info\/visitnavarra\/alojamiento-rural-entheos\/#primaryimage"},"image":{"@id":"https:\/\/visitnavarra.info\/visitnavarra\/alojamiento-rural-entheos\/#primaryimage"},"thumbnailUrl":"https:\/\/visitnavarra.info\/visitnavarra\/wp-content\/uploads\/2021\/11\/Alojamiento.jpg","datePublished":"2021-11-04T10:45:58+00:00","dateModified":"2023-03-17T09:56:14+00:00","description":"EL ALOJAMIENTO RURAL se ha construido bajo los par\u00e1metros de la geometr\u00eda sagrada, comprendiendo la importancia de las formas para armonizar","breadcrumb":{"@id":"https:\/\/visitnavarra.info\/visitnavarra\/alojamiento-rural-entheos\/#breadcrumb"},"inLanguage":"es","potentialAction":[{"@type":"ReadAction","target":["https:\/\/visitnavarra.info\/visitnavarra\/alojamiento-rural-entheos\/"]}]},{"@type":"ImageObject","inLanguage":"es","@id":"https:\/\/visitnavarra.info\/visitnavarra\/alojamiento-rural-entheos\/#primaryimage","url":"https:\/\/visitnavarra.info\/visitnavarra\/wp-content\/uploads\/2021\/11\/Alojamiento.jpg","contentUrl":"https:\/\/visitnavarra.info\/visitnavarra\/wp-content\/uploads\/2021\/11\/Alojamiento.jpg","width":1910,"height":464},{"@type":"BreadcrumbList","@id":"https:\/\/visitnavarra.info\/visitnavarra\/alojamiento-rural-entheos\/#breadcrumb","itemListElement":[{"@type":"ListItem","position":1,"name":"Portada","item":"https:\/\/visitnavarra.info\/visitnavarra\/"},{"@type":"ListItem","position":2,"name":"Alojamiento Rural Entheos"}]},{"@type":"WebSite","@id":"https:\/\/visitnavarra.info\/visitnavarra\/#website","url":"https:\/\/visitnavarra.info\/visitnavarra\/","name":"VisitNavarra","description":"Alojamiento y experiencias tur\u00edsticas en Navarra; qu\u00e9 visitar en Navarra; comer en Navarra","potentialAction":[{"@type":"SearchAction","target":{"@type":"EntryPoint","urlTemplate":"https:\/\/visitnavarra.info\/visitnavarra\/?s={search_term_string}"},"query-input":{"@type":"PropertyValueSpecification","valueRequired":true,"valueName":"search_term_string"}}],"inLanguage":"es"}]}},"_links":{"self":[{"href":"https:\/\/visitnavarra.info\/visitnavarra\/wp-json\/wp\/v2\/pages\/11534","targetHints":{"allow":["GET"]}}],"collection":[{"href":"https:\/\/visitnavarra.info\/visitnavarra\/wp-json\/wp\/v2\/pages"}],"about":[{"href":"https:\/\/visitnavarra.info\/visitnavarra\/wp-json\/wp\/v2\/types\/page"}],"author":[{"embeddable":true,"href":"https:\/\/visitnavarra.info\/visitnavarra\/wp-json\/wp\/v2\/users\/1"}],"replies":[{"embeddable":true,"href":"https:\/\/visitnavarra.info\/visitnavarra\/wp-json\/wp\/v2\/comments?post=11534"}],"version-history":[{"count":9,"href":"https:\/\/visitnavarra.info\/visitnavarra\/wp-json\/wp\/v2\/pages\/11534\/revisions"}],"predecessor-version":[{"id":11608,"href":"https:\/\/visitnavarra.info\/visitnavarra\/wp-json\/wp\/v2\/pages\/11534\/revisions\/11608"}],"wp:attachment":[{"href":"https:\/\/visitnavarra.info\/visitnavarra\/wp-json\/wp\/v2\/media?parent=11534"}],"curies":[{"name":"wp","href":"https:\/\/api.w.org\/{rel}","templated":true}]}}