{"id":11658,"date":"2022-01-18T09:01:37","date_gmt":"2022-01-18T09:01:37","guid":{"rendered":"https:\/\/visitnavarra.info\/visitnavarra\/?page_id=11658"},"modified":"2022-01-18T09:01:37","modified_gmt":"2022-01-18T09:01:37","slug":"los-juegos-del-vino-bodegas-pago-larrainzar","status":"publish","type":"page","link":"https:\/\/visitnavarra.info\/visitnavarra\/los-juegos-del-vino-bodegas-pago-larrainzar\/","title":{"rendered":"BODEGAS PAGO DE LARRAINZAR: LOS JUEGOS DEL VINO, VISITA Y JUEGOS DE CATA"},"content":{"rendered":"<p>[vc_row][vc_column width=&#8221;1\/1&#8243;][vc_column_text]<img loading=\"lazy\" decoding=\"async\" class=\"size-full wp-image-3405 alignleft\" src=\"https:\/\/visitnavarra.info\/visitnavarra\/wp-content\/uploads\/2019\/05\/pago-larrainzar-250-experiencia-familia-enologia.jpg\" alt=\"\" width=\"250\" height=\"250\" srcset=\"https:\/\/visitnavarra.info\/visitnavarra\/wp-content\/uploads\/2019\/05\/pago-larrainzar-250-experiencia-familia-enologia.jpg 250w, https:\/\/visitnavarra.info\/visitnavarra\/wp-content\/uploads\/2019\/05\/pago-larrainzar-250-experiencia-familia-enologia-150x150.jpg 150w, https:\/\/visitnavarra.info\/visitnavarra\/wp-content\/uploads\/2019\/05\/pago-larrainzar-250-experiencia-familia-enologia-80x80.jpg 80w\" sizes=\"auto, (max-width: 250px) 100vw, 250px\" \/><\/p>\n<p>Pago de Larrainzar le invita a vivir una experiencia divertida y en grupo en torno al mundo del vino. Una actividad muy completa en la que descubrir\u00e1 los secretos de elaboraci\u00f3n de una de las bodegas m\u00e1s reconocidas de Navarra, con numerosos galardones internacionales.<\/p>\n<p>Adem\u00e1s, ser\u00e1n parte activa de la experiencia, como concursantes de los Juegos de Cata.<\/p>\n<p>La visita guiada comienza en el Jard\u00edn Experimental, donde se muestran 24 formas diferentes de conducci\u00f3n y poda de la vi\u00f1a y aprender\u00e1 los tratamientos y trabajos que realizan al vi\u00f1edo en cada estaci\u00f3n del a\u00f1o. Algo realmente \u00fanico en Espa\u00f1a.<\/p>\n<p>Despu\u00e9s podr\u00e1n disfrutar de un paseo por el vi\u00f1edo, de 17 hect\u00e1reas, con una fant\u00e1stica vista del Monasterio de Irache.<\/p>\n<p>Ya en la bodega, de estilo moderno y obra de Fernando Red\u00f3n, conocer\u00e1n todas las fases de la elaboraci\u00f3n de sus vinos, desde la recepci\u00f3n de la uva, fermentaci\u00f3n y crianza.<\/p>\n<p>La visita contin\u00faa en la sala social donde, con el sosiego que exige un buen vino, disfrutar\u00e1n de una cata comentada de 3 vinos tintos, acompa\u00f1ada de una degustaci\u00f3n de queso Idiaz\u00e1bal de la zona.<\/p>\n<p>Esta experiencia termina con los Juegos de Cata, donde los visitantes se enfrentar\u00e1n a diferentes retos por equipos:<\/p>\n<p><strong>Prueba de Ensamblaje:<\/strong><\/p>\n<p>Cada grupo tendr\u00e1 vinos Pago de Larrainzar sin ensamblar elaborados con diferentes variedades. Tendr\u00e1n que decidir el coupage final, utilizando los vinos y porcentajes que estimen adecuados. Los en\u00f3logos decidir\u00e1n decidir\u00e1 cu\u00e1l es el vino que m\u00e1s ha gustado.<\/p>\n<p><strong>Prueba de Aromas:<\/strong><\/p>\n<p>Se utilizar\u00e1n diferentes tarros de esencias para que cada grupo logre identificar diferentes aromas vinculados al mundo del vino.<\/p>\n<p><strong>Prueba de las a\u00f1adas:<\/strong><\/p>\n<p>Identifica la sucesi\u00f3n correcta de diferentes a\u00f1adas de Pago de Larrainzar.<\/p>\n<p><strong>Prueba de las zonas de Espa\u00f1a:<\/strong><\/p>\n<p>Relaciona cada vino con su zona de origen.<\/p>\n<p><strong>Prueba de las gamas de precios:<\/strong><\/p>\n<p>Asigna a cada vino una horquilla de precio.<\/p>\n<p><strong>Prueba misteriosa:<\/strong><\/p>\n<p>Localiza el vino Pago de Larrainzar entre otros vinos.<\/p>\n<p>Una actividad divertida, dise\u00f1ada para grupos de amigos o familias en un entorno \u00fanico, donde la historia y la tradici\u00f3n familiar se unen a la magia del mundo del vino.<\/p>\n<p><strong>Precio por persona: 40 euros <\/strong><br \/>\n<strong>N\u00ba m\u00ednimo asistentes: 8 personas<\/strong><\/p>\n<p>&nbsp;<\/p>\n<p><strong>Nota<\/strong>: Todas las actividades se pueden realizar en franc\u00e9s.[\/vc_column_text][\/vc_column][\/vc_row][vc_row][vc_column width=&#8221;1\/2&#8243;]<div class=\"single_image wpb_content_element align-right    \" data-animation=\"none\" data-delay=\"0\"><img loading=\"lazy\" decoding=\"async\" width=\"200\" height=\"73\" src=\"https:\/\/visitnavarra.info\/visitnavarra\/wp-content\/uploads\/2019\/05\/pago_larrainzar_logo.jpg\" class=\"attachment-full\" alt=\"\" \/><\/div>[\/vc_column][vc_column width=&#8221;1\/2&#8243;][vc_column_text]<strong>CONTACTO \/ RESERVAS<\/strong><br \/>\nEntidad \/ empresa: BODEGAS PAGO DE LARRAINZAR<br \/>\nContacto: Marian San Mart\u00edn<br \/>\nTel\u00e9fono: (+34) 609 606 188 | (+34) 948 550 421<br \/>\nDirecci\u00f3n: Camino de la Corona, s\/n. 31240 Ayegui<br \/>\nMail: <a href=\"mailto:info@pagodelarrainzar.com\">info@pagodelarrainzar.com<\/a><br \/>\nWeb: <a href=\"http:\/\/www.pagodelarrainzar.com\">www.pagodelarrainzar.com<\/a>[\/vc_column_text][\/vc_column][\/vc_row]<\/p>\n","protected":false},"excerpt":{"rendered":"<p>[vc_row][vc_column width=&#8221;1\/1&#8243;][vc_column_text] Pago de Larrainzar le invita a vivir una experiencia divertida y en grupo en torno al mundo del vino. Una actividad muy completa en la que descubrir\u00e1 los secretos de elaboraci\u00f3n de una de las bodegas m\u00e1s reconocidas de Navarra, con numerosos galardones internacionales. Adem\u00e1s, ser\u00e1n parte activa de la experiencia, como concursantes de los Juegos de Cata. La visita guiada comienza en el Jard\u00edn Experimental, donde se muestran 24 formas diferentes de conducci\u00f3n y poda de la vi\u00f1a y aprender\u00e1 los tratamientos y trabajos que realizan al vi\u00f1edo en cada estaci\u00f3n del a\u00f1o. Algo realmente \u00fanico en Espa\u00f1a. Despu\u00e9s podr\u00e1n disfrutar de un paseo por el vi\u00f1edo, de 17 hect\u00e1reas, con una fant\u00e1stica vista del Monasterio de Irache. Ya en la bodega, de estilo moderno y obra de Fernando Red\u00f3n, conocer\u00e1n todas las fases de la elaboraci\u00f3n de sus vinos, desde la recepci\u00f3n de la uva, fermentaci\u00f3n y crianza. La visita contin\u00faa en la sala social donde, con el sosiego que exige un buen vino, disfrutar\u00e1n de una cata comentada de 3 vinos tintos, acompa\u00f1ada de una degustaci\u00f3n de queso Idiaz\u00e1bal de la zona. Esta experiencia termina con los Juegos de Cata, donde los visitantes se enfrentar\u00e1n [&hellip;]<\/p>\n","protected":false},"author":1,"featured_media":0,"parent":0,"menu_order":0,"comment_status":"closed","ping_status":"closed","template":"","meta":{"footnotes":""},"class_list":["post-11658","page","type-page","status-publish","hentry"],"yoast_head":"<!-- This site is optimized with the Yoast SEO plugin v23.5 - https:\/\/yoast.com\/wordpress\/plugins\/seo\/ -->\n<title>VISITA VI\u00d1EDO Y BODEGA Y CATA GUIADA EN BODEGA - VisitNavarra<\/title>\n<meta name=\"description\" content=\"Disfrute de una experiencia que combina naturaleza, tradici\u00f3n y los mejores vinos de Pago de Larrainzar, una peque\u00f1a bodega boutique.\" \/>\n<meta name=\"robots\" content=\"index, follow, max-snippet:-1, max-image-preview:large, max-video-preview:-1\" \/>\n<link rel=\"canonical\" href=\"https:\/\/visitnavarra.info\/visitnavarra\/los-juegos-del-vino-bodegas-pago-larrainzar\/\" \/>\n<meta property=\"og:locale\" content=\"es_ES\" \/>\n<meta property=\"og:type\" content=\"article\" \/>\n<meta property=\"og:title\" content=\"VISITA VI\u00d1EDO Y BODEGA Y CATA GUIADA EN BODEGA - VisitNavarra\" \/>\n<meta property=\"og:description\" content=\"Disfrute de una experiencia que combina naturaleza, tradici\u00f3n y los mejores vinos de Pago de Larrainzar, una peque\u00f1a bodega boutique.\" \/>\n<meta property=\"og:url\" content=\"https:\/\/visitnavarra.info\/visitnavarra\/los-juegos-del-vino-bodegas-pago-larrainzar\/\" \/>\n<meta property=\"og:site_name\" content=\"VisitNavarra\" \/>\n<meta property=\"og:image\" content=\"https:\/\/visitnavarra.info\/visitnavarra\/wp-content\/uploads\/2019\/05\/pago-larrainzar-250-experiencia-familia-enologia.jpg\" \/>\n<meta name=\"twitter:card\" content=\"summary_large_image\" \/>\n<meta name=\"twitter:label1\" content=\"Tiempo de lectura\" \/>\n\t<meta name=\"twitter:data1\" content=\"3 minutos\" \/>\n<script type=\"application\/ld+json\" class=\"yoast-schema-graph\">{\"@context\":\"https:\/\/schema.org\",\"@graph\":[{\"@type\":\"WebPage\",\"@id\":\"https:\/\/visitnavarra.info\/visitnavarra\/los-juegos-del-vino-bodegas-pago-larrainzar\/\",\"url\":\"https:\/\/visitnavarra.info\/visitnavarra\/los-juegos-del-vino-bodegas-pago-larrainzar\/\",\"name\":\"VISITA VI\u00d1EDO Y BODEGA Y CATA GUIADA EN BODEGA - VisitNavarra\",\"isPartOf\":{\"@id\":\"https:\/\/visitnavarra.info\/visitnavarra\/#website\"},\"primaryImageOfPage\":{\"@id\":\"https:\/\/visitnavarra.info\/visitnavarra\/los-juegos-del-vino-bodegas-pago-larrainzar\/#primaryimage\"},\"image\":{\"@id\":\"https:\/\/visitnavarra.info\/visitnavarra\/los-juegos-del-vino-bodegas-pago-larrainzar\/#primaryimage\"},\"thumbnailUrl\":\"https:\/\/visitnavarra.info\/visitnavarra\/wp-content\/uploads\/2019\/05\/pago-larrainzar-250-experiencia-familia-enologia.jpg\",\"datePublished\":\"2022-01-18T09:01:37+00:00\",\"dateModified\":\"2022-01-18T09:01:37+00:00\",\"description\":\"Disfrute de una experiencia que combina naturaleza, tradici\u00f3n y los mejores vinos de Pago de Larrainzar, una peque\u00f1a bodega boutique.\",\"breadcrumb\":{\"@id\":\"https:\/\/visitnavarra.info\/visitnavarra\/los-juegos-del-vino-bodegas-pago-larrainzar\/#breadcrumb\"},\"inLanguage\":\"es\",\"potentialAction\":[{\"@type\":\"ReadAction\",\"target\":[\"https:\/\/visitnavarra.info\/visitnavarra\/los-juegos-del-vino-bodegas-pago-larrainzar\/\"]}]},{\"@type\":\"ImageObject\",\"inLanguage\":\"es\",\"@id\":\"https:\/\/visitnavarra.info\/visitnavarra\/los-juegos-del-vino-bodegas-pago-larrainzar\/#primaryimage\",\"url\":\"https:\/\/visitnavarra.info\/visitnavarra\/wp-content\/uploads\/2019\/05\/pago-larrainzar-250-experiencia-familia-enologia.jpg\",\"contentUrl\":\"https:\/\/visitnavarra.info\/visitnavarra\/wp-content\/uploads\/2019\/05\/pago-larrainzar-250-experiencia-familia-enologia.jpg\",\"width\":250,\"height\":250},{\"@type\":\"BreadcrumbList\",\"@id\":\"https:\/\/visitnavarra.info\/visitnavarra\/los-juegos-del-vino-bodegas-pago-larrainzar\/#breadcrumb\",\"itemListElement\":[{\"@type\":\"ListItem\",\"position\":1,\"name\":\"Portada\",\"item\":\"https:\/\/visitnavarra.info\/visitnavarra\/\"},{\"@type\":\"ListItem\",\"position\":2,\"name\":\"BODEGAS PAGO DE LARRAINZAR: LOS JUEGOS DEL VINO, VISITA Y JUEGOS DE CATA\"}]},{\"@type\":\"WebSite\",\"@id\":\"https:\/\/visitnavarra.info\/visitnavarra\/#website\",\"url\":\"https:\/\/visitnavarra.info\/visitnavarra\/\",\"name\":\"VisitNavarra\",\"description\":\"Alojamiento y experiencias tur\u00edsticas en Navarra; qu\u00e9 visitar en Navarra; comer en Navarra\",\"potentialAction\":[{\"@type\":\"SearchAction\",\"target\":{\"@type\":\"EntryPoint\",\"urlTemplate\":\"https:\/\/visitnavarra.info\/visitnavarra\/?s={search_term_string}\"},\"query-input\":{\"@type\":\"PropertyValueSpecification\",\"valueRequired\":true,\"valueName\":\"search_term_string\"}}],\"inLanguage\":\"es\"}]}<\/script>\n<!-- \/ Yoast SEO plugin. -->","yoast_head_json":{"title":"VISITA VI\u00d1EDO Y BODEGA Y CATA GUIADA EN BODEGA - VisitNavarra","description":"Disfrute de una experiencia que combina naturaleza, tradici\u00f3n y los mejores vinos de Pago de Larrainzar, una peque\u00f1a bodega boutique.","robots":{"index":"index","follow":"follow","max-snippet":"max-snippet:-1","max-image-preview":"max-image-preview:large","max-video-preview":"max-video-preview:-1"},"canonical":"https:\/\/visitnavarra.info\/visitnavarra\/los-juegos-del-vino-bodegas-pago-larrainzar\/","og_locale":"es_ES","og_type":"article","og_title":"VISITA VI\u00d1EDO Y BODEGA Y CATA GUIADA EN BODEGA - VisitNavarra","og_description":"Disfrute de una experiencia que combina naturaleza, tradici\u00f3n y los mejores vinos de Pago de Larrainzar, una peque\u00f1a bodega boutique.","og_url":"https:\/\/visitnavarra.info\/visitnavarra\/los-juegos-del-vino-bodegas-pago-larrainzar\/","og_site_name":"VisitNavarra","og_image":[{"url":"https:\/\/visitnavarra.info\/visitnavarra\/wp-content\/uploads\/2019\/05\/pago-larrainzar-250-experiencia-familia-enologia.jpg"}],"twitter_card":"summary_large_image","twitter_misc":{"Tiempo de lectura":"3 minutos"},"schema":{"@context":"https:\/\/schema.org","@graph":[{"@type":"WebPage","@id":"https:\/\/visitnavarra.info\/visitnavarra\/los-juegos-del-vino-bodegas-pago-larrainzar\/","url":"https:\/\/visitnavarra.info\/visitnavarra\/los-juegos-del-vino-bodegas-pago-larrainzar\/","name":"VISITA VI\u00d1EDO Y BODEGA Y CATA GUIADA EN BODEGA - VisitNavarra","isPartOf":{"@id":"https:\/\/visitnavarra.info\/visitnavarra\/#website"},"primaryImageOfPage":{"@id":"https:\/\/visitnavarra.info\/visitnavarra\/los-juegos-del-vino-bodegas-pago-larrainzar\/#primaryimage"},"image":{"@id":"https:\/\/visitnavarra.info\/visitnavarra\/los-juegos-del-vino-bodegas-pago-larrainzar\/#primaryimage"},"thumbnailUrl":"https:\/\/visitnavarra.info\/visitnavarra\/wp-content\/uploads\/2019\/05\/pago-larrainzar-250-experiencia-familia-enologia.jpg","datePublished":"2022-01-18T09:01:37+00:00","dateModified":"2022-01-18T09:01:37+00:00","description":"Disfrute de una experiencia que combina naturaleza, tradici\u00f3n y los mejores vinos de Pago de Larrainzar, una peque\u00f1a bodega boutique.","breadcrumb":{"@id":"https:\/\/visitnavarra.info\/visitnavarra\/los-juegos-del-vino-bodegas-pago-larrainzar\/#breadcrumb"},"inLanguage":"es","potentialAction":[{"@type":"ReadAction","target":["https:\/\/visitnavarra.info\/visitnavarra\/los-juegos-del-vino-bodegas-pago-larrainzar\/"]}]},{"@type":"ImageObject","inLanguage":"es","@id":"https:\/\/visitnavarra.info\/visitnavarra\/los-juegos-del-vino-bodegas-pago-larrainzar\/#primaryimage","url":"https:\/\/visitnavarra.info\/visitnavarra\/wp-content\/uploads\/2019\/05\/pago-larrainzar-250-experiencia-familia-enologia.jpg","contentUrl":"https:\/\/visitnavarra.info\/visitnavarra\/wp-content\/uploads\/2019\/05\/pago-larrainzar-250-experiencia-familia-enologia.jpg","width":250,"height":250},{"@type":"BreadcrumbList","@id":"https:\/\/visitnavarra.info\/visitnavarra\/los-juegos-del-vino-bodegas-pago-larrainzar\/#breadcrumb","itemListElement":[{"@type":"ListItem","position":1,"name":"Portada","item":"https:\/\/visitnavarra.info\/visitnavarra\/"},{"@type":"ListItem","position":2,"name":"BODEGAS PAGO DE LARRAINZAR: LOS JUEGOS DEL VINO, VISITA Y JUEGOS DE CATA"}]},{"@type":"WebSite","@id":"https:\/\/visitnavarra.info\/visitnavarra\/#website","url":"https:\/\/visitnavarra.info\/visitnavarra\/","name":"VisitNavarra","description":"Alojamiento y experiencias tur\u00edsticas en Navarra; qu\u00e9 visitar en Navarra; comer en Navarra","potentialAction":[{"@type":"SearchAction","target":{"@type":"EntryPoint","urlTemplate":"https:\/\/visitnavarra.info\/visitnavarra\/?s={search_term_string}"},"query-input":{"@type":"PropertyValueSpecification","valueRequired":true,"valueName":"search_term_string"}}],"inLanguage":"es"}]}},"_links":{"self":[{"href":"https:\/\/visitnavarra.info\/visitnavarra\/wp-json\/wp\/v2\/pages\/11658","targetHints":{"allow":["GET"]}}],"collection":[{"href":"https:\/\/visitnavarra.info\/visitnavarra\/wp-json\/wp\/v2\/pages"}],"about":[{"href":"https:\/\/visitnavarra.info\/visitnavarra\/wp-json\/wp\/v2\/types\/page"}],"author":[{"embeddable":true,"href":"https:\/\/visitnavarra.info\/visitnavarra\/wp-json\/wp\/v2\/users\/1"}],"replies":[{"embeddable":true,"href":"https:\/\/visitnavarra.info\/visitnavarra\/wp-json\/wp\/v2\/comments?post=11658"}],"version-history":[{"count":1,"href":"https:\/\/visitnavarra.info\/visitnavarra\/wp-json\/wp\/v2\/pages\/11658\/revisions"}],"predecessor-version":[{"id":11659,"href":"https:\/\/visitnavarra.info\/visitnavarra\/wp-json\/wp\/v2\/pages\/11658\/revisions\/11659"}],"wp:attachment":[{"href":"https:\/\/visitnavarra.info\/visitnavarra\/wp-json\/wp\/v2\/media?parent=11658"}],"curies":[{"name":"wp","href":"https:\/\/api.w.org\/{rel}","templated":true}]}}