{"id":11709,"date":"2022-01-18T12:23:49","date_gmt":"2022-01-18T12:23:49","guid":{"rendered":"https:\/\/visitnavarra.info\/visitnavarra\/?page_id=11709"},"modified":"2022-02-17T10:10:16","modified_gmt":"2022-02-17T10:10:16","slug":"bodegas-pago-de-larrainzar-doble-experiencia-tour-e-scootervisita-guiada-y-cata","status":"publish","type":"page","link":"https:\/\/visitnavarra.info\/visitnavarra\/bodegas-pago-de-larrainzar-doble-experiencia-tour-e-scootervisita-guiada-y-cata\/","title":{"rendered":"BODEGAS PAGO DE LARRAINZAR: DOBLE EXPERIENCIA TOUR E-SCOOTER+VISITA GUIADA Y CATA"},"content":{"rendered":"<p>[vc_row][vc_column width=&#8221;1\/1&#8243;][vc_column_text]<img loading=\"lazy\" decoding=\"async\" class=\" wp-image-11862 alignleft\" src=\"https:\/\/visitnavarra.info\/visitnavarra\/wp-content\/uploads\/2022\/02\/e-scooter-1-pago-larrainzar-300x169.jpg\" alt=\"\" width=\"374\" height=\"212\" srcset=\"https:\/\/visitnavarra.info\/visitnavarra\/wp-content\/uploads\/2022\/02\/e-scooter-1-pago-larrainzar-300x169.jpg 300w, https:\/\/visitnavarra.info\/visitnavarra\/wp-content\/uploads\/2022\/02\/e-scooter-1-pago-larrainzar-1536x865.jpg 1536w, https:\/\/visitnavarra.info\/visitnavarra\/wp-content\/uploads\/2022\/02\/e-scooter-1-pago-larrainzar-2048x1153.jpg 2048w, https:\/\/visitnavarra.info\/visitnavarra\/wp-content\/uploads\/2022\/02\/e-scooter-1-pago-larrainzar-1000x563.jpg 1000w\" sizes=\"auto, (max-width: 374px) 100vw, 374px\" \/>Disfrute de una experiencia para todas las edades, que combina naturaleza, tradici\u00f3n y diversi\u00f3n en Pago de Larrainzar, una peque\u00f1a bodega boutique reconocida internacionalmente por la calidad de sus vinos tintos.<\/p>\n<p>La visita m\u00e1s especial y divertida para todas las edades. Doble Tour Guiado por Pago de Larrainzar y su entorno.<\/p>\n<ul>\n<li>Tour guiado en Scooter el\u00e9ctrica por el Camino de Santiago, Monasterio de Irache y Montejurra. Descubre la naturaleza, cultura e historia de la zona.<\/li>\n<li>Tour guiado a pie por el vi\u00f1edo y bodega Pago de Larrainzar. Paseo para conocer el mundo del vino desde la cepa a la copa. Cata guiada de 3 vinos, con opci\u00f3n de aperitivo.<\/li>\n<\/ul>\n<p>Punto de partida: Recogida en furgoneta en hotel de Pamplona o punto de encuentro acordado previamente.<\/p>\n<p><strong>LA VISITA INCLUYE<\/strong><\/p>\n<ul>\n<li>Recogida y Traslado desde punto de encuentro<\/li>\n<li>Gu\u00eda personal<\/li>\n<li>Material de Seguridad e Higi\u00e9nico<\/li>\n<li>Mochila porta objetos<\/li>\n<li>Training con e-Scooter<\/li>\n<li>Visita Guiada a Pago de Larrainzar<\/li>\n<li>Cata guiada de 3 vinos, con degustaci\u00f3n de queso Idiaz\u00e1bal<\/li>\n<li>Cata de mosto y snacks para menores<\/li>\n<li>Seguro de Responsabilidad Civil<\/li>\n<li>Botella Agua 50cl<\/li>\n<\/ul>\n<p>Disponibles Scooter el\u00e9ctricas para ni\u00f1os de 8 a 12 a\u00f1os.<br \/>\nDisponibles Remolques para ni\u00f1os de 3 a 7 a\u00f1os.<\/p>\n<p><img loading=\"lazy\" decoding=\"async\" class=\"alignnone wp-image-11742 size-full\" src=\"https:\/\/visitnavarra.info\/visitnavarra\/wp-content\/uploads\/2022\/01\/pago-larrainzar-escooter-precios-1.jpg\" alt=\"\" width=\"633\" height=\"218\" srcset=\"https:\/\/visitnavarra.info\/visitnavarra\/wp-content\/uploads\/2022\/01\/pago-larrainzar-escooter-precios-1.jpg 633w, https:\/\/visitnavarra.info\/visitnavarra\/wp-content\/uploads\/2022\/01\/pago-larrainzar-escooter-precios-1-300x103.jpg 300w\" sizes=\"auto, (max-width: 633px) 100vw, 633px\" \/><br \/>\n<em>*Otras combinaciones para grupos de 2 a 5 personas, consultad precios y disponibilidad.<\/em><\/p>\n<p>N\u00ba m\u00ednimo asistentes: 2 personas hasta un m\u00e1ximo de 5 personas.<\/p>\n<p>Disponible solo en espa\u00f1ol.<\/p>\n<p>&nbsp;<\/p>\n<p><img loading=\"lazy\" decoding=\"async\" class=\"alignnone wp-image-11858\" src=\"https:\/\/visitnavarra.info\/visitnavarra\/wp-content\/uploads\/2022\/02\/e-scooter-pago-larrainzar-300x170.jpg\" alt=\"\" width=\"402\" height=\"228\" srcset=\"https:\/\/visitnavarra.info\/visitnavarra\/wp-content\/uploads\/2022\/02\/e-scooter-pago-larrainzar-300x170.jpg 300w, https:\/\/visitnavarra.info\/visitnavarra\/wp-content\/uploads\/2022\/02\/e-scooter-pago-larrainzar-1024x579.jpg 1024w, https:\/\/visitnavarra.info\/visitnavarra\/wp-content\/uploads\/2022\/02\/e-scooter-pago-larrainzar-768x435.jpg 768w, https:\/\/visitnavarra.info\/visitnavarra\/wp-content\/uploads\/2022\/02\/e-scooter-pago-larrainzar-1536x869.jpg 1536w, https:\/\/visitnavarra.info\/visitnavarra\/wp-content\/uploads\/2022\/02\/e-scooter-pago-larrainzar-2048x1159.jpg 2048w\" sizes=\"auto, (max-width: 402px) 100vw, 402px\" \/>[\/vc_column_text][\/vc_column][\/vc_row][vc_row][vc_column width=&#8221;1\/2&#8243;]<div class=\"single_image wpb_content_element align-right    \" data-animation=\"none\" data-delay=\"0\"><img loading=\"lazy\" decoding=\"async\" width=\"200\" height=\"73\" src=\"https:\/\/visitnavarra.info\/visitnavarra\/wp-content\/uploads\/2019\/05\/pago_larrainzar_logo.jpg\" class=\"attachment-full\" alt=\"\" \/><\/div>[\/vc_column][vc_column width=&#8221;1\/2&#8243;][vc_column_text]<strong>CONTACTO \/ RESERVAS<\/strong><br \/>\nEntidad \/ empresa: BODEGAS PAGO DE LARRAINZAR<br \/>\nContacto: Marian San Mart\u00edn<br \/>\nTel\u00e9fono: (+34) 609 606 188 | (+34) 948 550 421<br \/>\nDirecci\u00f3n: Camino de la Corona, s\/n. 31240 Ayegui<br \/>\nMail: <a href=\"mailto:info@pagodelarrainzar.com\">info@pagodelarrainzar.com<\/a><br \/>\nWeb: <a href=\"http:\/\/www.pagodelarrainzar.com\">www.pagodelarrainzar.com<\/a>[\/vc_column_text][\/vc_column][\/vc_row]<\/p>\n","protected":false},"excerpt":{"rendered":"<p>[vc_row][vc_column width=&#8221;1\/1&#8243;][vc_column_text]Disfrute de una experiencia para todas las edades, que combina naturaleza, tradici\u00f3n y diversi\u00f3n en Pago de Larrainzar, una peque\u00f1a bodega boutique reconocida internacionalmente por la calidad de sus vinos tintos. La visita m\u00e1s especial y divertida para todas las edades. Doble Tour Guiado por Pago de Larrainzar y su entorno. Tour guiado en Scooter el\u00e9ctrica por el Camino de Santiago, Monasterio de Irache y Montejurra. Descubre la naturaleza, cultura e historia de la zona. Tour guiado a pie por el vi\u00f1edo y bodega Pago de Larrainzar. Paseo para conocer el mundo del vino desde la cepa a la copa. Cata guiada de 3 vinos, con opci\u00f3n de aperitivo. Punto de partida: Recogida en furgoneta en hotel de Pamplona o punto de encuentro acordado previamente. LA VISITA INCLUYE Recogida y Traslado desde punto de encuentro Gu\u00eda personal Material de Seguridad e Higi\u00e9nico Mochila porta objetos Training con e-Scooter Visita Guiada a Pago de Larrainzar Cata guiada de 3 vinos, con degustaci\u00f3n de queso Idiaz\u00e1bal Cata de mosto y snacks para menores Seguro de Responsabilidad Civil Botella Agua 50cl Disponibles Scooter el\u00e9ctricas para ni\u00f1os de 8 a 12 a\u00f1os. Disponibles Remolques para ni\u00f1os de 3 a 7 a\u00f1os. *Otras combinaciones [&hellip;]<\/p>\n","protected":false},"author":1,"featured_media":0,"parent":0,"menu_order":0,"comment_status":"closed","ping_status":"closed","template":"","meta":{"footnotes":""},"class_list":["post-11709","page","type-page","status-publish","hentry"],"yoast_head":"<!-- This site is optimized with the Yoast SEO plugin v23.5 - https:\/\/yoast.com\/wordpress\/plugins\/seo\/ -->\n<title>TOUR E-SCOOTER+VISITA GUIADA Y CATA - VisitNavarra<\/title>\n<meta name=\"description\" content=\"La visita m\u00e1s especial y divertida para todas las edades. Doble tour guado por Pago de Larrainzar y su entorno.\" \/>\n<meta name=\"robots\" content=\"index, follow, max-snippet:-1, max-image-preview:large, max-video-preview:-1\" \/>\n<link rel=\"canonical\" href=\"https:\/\/visitnavarra.info\/visitnavarra\/bodegas-pago-de-larrainzar-doble-experiencia-tour-e-scootervisita-guiada-y-cata\/\" \/>\n<meta property=\"og:locale\" content=\"es_ES\" \/>\n<meta property=\"og:type\" content=\"article\" \/>\n<meta property=\"og:title\" content=\"TOUR E-SCOOTER+VISITA GUIADA Y CATA - VisitNavarra\" \/>\n<meta property=\"og:description\" content=\"La visita m\u00e1s especial y divertida para todas las edades. Doble tour guado por Pago de Larrainzar y su entorno.\" \/>\n<meta property=\"og:url\" content=\"https:\/\/visitnavarra.info\/visitnavarra\/bodegas-pago-de-larrainzar-doble-experiencia-tour-e-scootervisita-guiada-y-cata\/\" \/>\n<meta property=\"og:site_name\" content=\"VisitNavarra\" \/>\n<meta property=\"article:modified_time\" content=\"2022-02-17T10:10:16+00:00\" \/>\n<meta property=\"og:image\" content=\"https:\/\/visitnavarra.info\/visitnavarra\/wp-content\/uploads\/2022\/02\/e-scooter-1-pago-larrainzar-300x169.jpg\" \/>\n<meta name=\"twitter:card\" content=\"summary_large_image\" \/>\n<meta name=\"twitter:label1\" content=\"Tiempo de lectura\" \/>\n\t<meta name=\"twitter:data1\" content=\"2 minutos\" \/>\n<script type=\"application\/ld+json\" class=\"yoast-schema-graph\">{\"@context\":\"https:\/\/schema.org\",\"@graph\":[{\"@type\":\"WebPage\",\"@id\":\"https:\/\/visitnavarra.info\/visitnavarra\/bodegas-pago-de-larrainzar-doble-experiencia-tour-e-scootervisita-guiada-y-cata\/\",\"url\":\"https:\/\/visitnavarra.info\/visitnavarra\/bodegas-pago-de-larrainzar-doble-experiencia-tour-e-scootervisita-guiada-y-cata\/\",\"name\":\"TOUR E-SCOOTER+VISITA GUIADA Y CATA - VisitNavarra\",\"isPartOf\":{\"@id\":\"https:\/\/visitnavarra.info\/visitnavarra\/#website\"},\"primaryImageOfPage\":{\"@id\":\"https:\/\/visitnavarra.info\/visitnavarra\/bodegas-pago-de-larrainzar-doble-experiencia-tour-e-scootervisita-guiada-y-cata\/#primaryimage\"},\"image\":{\"@id\":\"https:\/\/visitnavarra.info\/visitnavarra\/bodegas-pago-de-larrainzar-doble-experiencia-tour-e-scootervisita-guiada-y-cata\/#primaryimage\"},\"thumbnailUrl\":\"https:\/\/visitnavarra.info\/visitnavarra\/wp-content\/uploads\/2022\/02\/e-scooter-1-pago-larrainzar-300x169.jpg\",\"datePublished\":\"2022-01-18T12:23:49+00:00\",\"dateModified\":\"2022-02-17T10:10:16+00:00\",\"description\":\"La visita m\u00e1s especial y divertida para todas las edades. Doble tour guado por Pago de Larrainzar y su entorno.\",\"breadcrumb\":{\"@id\":\"https:\/\/visitnavarra.info\/visitnavarra\/bodegas-pago-de-larrainzar-doble-experiencia-tour-e-scootervisita-guiada-y-cata\/#breadcrumb\"},\"inLanguage\":\"es\",\"potentialAction\":[{\"@type\":\"ReadAction\",\"target\":[\"https:\/\/visitnavarra.info\/visitnavarra\/bodegas-pago-de-larrainzar-doble-experiencia-tour-e-scootervisita-guiada-y-cata\/\"]}]},{\"@type\":\"ImageObject\",\"inLanguage\":\"es\",\"@id\":\"https:\/\/visitnavarra.info\/visitnavarra\/bodegas-pago-de-larrainzar-doble-experiencia-tour-e-scootervisita-guiada-y-cata\/#primaryimage\",\"url\":\"https:\/\/visitnavarra.info\/visitnavarra\/wp-content\/uploads\/2022\/02\/e-scooter-1-pago-larrainzar.jpg\",\"contentUrl\":\"https:\/\/visitnavarra.info\/visitnavarra\/wp-content\/uploads\/2022\/02\/e-scooter-1-pago-larrainzar.jpg\",\"width\":2558,\"height\":1440},{\"@type\":\"BreadcrumbList\",\"@id\":\"https:\/\/visitnavarra.info\/visitnavarra\/bodegas-pago-de-larrainzar-doble-experiencia-tour-e-scootervisita-guiada-y-cata\/#breadcrumb\",\"itemListElement\":[{\"@type\":\"ListItem\",\"position\":1,\"name\":\"Portada\",\"item\":\"https:\/\/visitnavarra.info\/visitnavarra\/\"},{\"@type\":\"ListItem\",\"position\":2,\"name\":\"BODEGAS PAGO DE LARRAINZAR: DOBLE EXPERIENCIA TOUR E-SCOOTER+VISITA GUIADA Y CATA\"}]},{\"@type\":\"WebSite\",\"@id\":\"https:\/\/visitnavarra.info\/visitnavarra\/#website\",\"url\":\"https:\/\/visitnavarra.info\/visitnavarra\/\",\"name\":\"VisitNavarra\",\"description\":\"Alojamiento y experiencias tur\u00edsticas en Navarra; qu\u00e9 visitar en Navarra; comer en Navarra\",\"potentialAction\":[{\"@type\":\"SearchAction\",\"target\":{\"@type\":\"EntryPoint\",\"urlTemplate\":\"https:\/\/visitnavarra.info\/visitnavarra\/?s={search_term_string}\"},\"query-input\":{\"@type\":\"PropertyValueSpecification\",\"valueRequired\":true,\"valueName\":\"search_term_string\"}}],\"inLanguage\":\"es\"}]}<\/script>\n<!-- \/ Yoast SEO plugin. -->","yoast_head_json":{"title":"TOUR E-SCOOTER+VISITA GUIADA Y CATA - VisitNavarra","description":"La visita m\u00e1s especial y divertida para todas las edades. Doble tour guado por Pago de Larrainzar y su entorno.","robots":{"index":"index","follow":"follow","max-snippet":"max-snippet:-1","max-image-preview":"max-image-preview:large","max-video-preview":"max-video-preview:-1"},"canonical":"https:\/\/visitnavarra.info\/visitnavarra\/bodegas-pago-de-larrainzar-doble-experiencia-tour-e-scootervisita-guiada-y-cata\/","og_locale":"es_ES","og_type":"article","og_title":"TOUR E-SCOOTER+VISITA GUIADA Y CATA - VisitNavarra","og_description":"La visita m\u00e1s especial y divertida para todas las edades. Doble tour guado por Pago de Larrainzar y su entorno.","og_url":"https:\/\/visitnavarra.info\/visitnavarra\/bodegas-pago-de-larrainzar-doble-experiencia-tour-e-scootervisita-guiada-y-cata\/","og_site_name":"VisitNavarra","article_modified_time":"2022-02-17T10:10:16+00:00","og_image":[{"url":"https:\/\/visitnavarra.info\/visitnavarra\/wp-content\/uploads\/2022\/02\/e-scooter-1-pago-larrainzar-300x169.jpg"}],"twitter_card":"summary_large_image","twitter_misc":{"Tiempo de lectura":"2 minutos"},"schema":{"@context":"https:\/\/schema.org","@graph":[{"@type":"WebPage","@id":"https:\/\/visitnavarra.info\/visitnavarra\/bodegas-pago-de-larrainzar-doble-experiencia-tour-e-scootervisita-guiada-y-cata\/","url":"https:\/\/visitnavarra.info\/visitnavarra\/bodegas-pago-de-larrainzar-doble-experiencia-tour-e-scootervisita-guiada-y-cata\/","name":"TOUR E-SCOOTER+VISITA GUIADA Y CATA - VisitNavarra","isPartOf":{"@id":"https:\/\/visitnavarra.info\/visitnavarra\/#website"},"primaryImageOfPage":{"@id":"https:\/\/visitnavarra.info\/visitnavarra\/bodegas-pago-de-larrainzar-doble-experiencia-tour-e-scootervisita-guiada-y-cata\/#primaryimage"},"image":{"@id":"https:\/\/visitnavarra.info\/visitnavarra\/bodegas-pago-de-larrainzar-doble-experiencia-tour-e-scootervisita-guiada-y-cata\/#primaryimage"},"thumbnailUrl":"https:\/\/visitnavarra.info\/visitnavarra\/wp-content\/uploads\/2022\/02\/e-scooter-1-pago-larrainzar-300x169.jpg","datePublished":"2022-01-18T12:23:49+00:00","dateModified":"2022-02-17T10:10:16+00:00","description":"La visita m\u00e1s especial y divertida para todas las edades. Doble tour guado por Pago de Larrainzar y su entorno.","breadcrumb":{"@id":"https:\/\/visitnavarra.info\/visitnavarra\/bodegas-pago-de-larrainzar-doble-experiencia-tour-e-scootervisita-guiada-y-cata\/#breadcrumb"},"inLanguage":"es","potentialAction":[{"@type":"ReadAction","target":["https:\/\/visitnavarra.info\/visitnavarra\/bodegas-pago-de-larrainzar-doble-experiencia-tour-e-scootervisita-guiada-y-cata\/"]}]},{"@type":"ImageObject","inLanguage":"es","@id":"https:\/\/visitnavarra.info\/visitnavarra\/bodegas-pago-de-larrainzar-doble-experiencia-tour-e-scootervisita-guiada-y-cata\/#primaryimage","url":"https:\/\/visitnavarra.info\/visitnavarra\/wp-content\/uploads\/2022\/02\/e-scooter-1-pago-larrainzar.jpg","contentUrl":"https:\/\/visitnavarra.info\/visitnavarra\/wp-content\/uploads\/2022\/02\/e-scooter-1-pago-larrainzar.jpg","width":2558,"height":1440},{"@type":"BreadcrumbList","@id":"https:\/\/visitnavarra.info\/visitnavarra\/bodegas-pago-de-larrainzar-doble-experiencia-tour-e-scootervisita-guiada-y-cata\/#breadcrumb","itemListElement":[{"@type":"ListItem","position":1,"name":"Portada","item":"https:\/\/visitnavarra.info\/visitnavarra\/"},{"@type":"ListItem","position":2,"name":"BODEGAS PAGO DE LARRAINZAR: DOBLE EXPERIENCIA TOUR E-SCOOTER+VISITA GUIADA Y CATA"}]},{"@type":"WebSite","@id":"https:\/\/visitnavarra.info\/visitnavarra\/#website","url":"https:\/\/visitnavarra.info\/visitnavarra\/","name":"VisitNavarra","description":"Alojamiento y experiencias tur\u00edsticas en Navarra; qu\u00e9 visitar en Navarra; comer en Navarra","potentialAction":[{"@type":"SearchAction","target":{"@type":"EntryPoint","urlTemplate":"https:\/\/visitnavarra.info\/visitnavarra\/?s={search_term_string}"},"query-input":{"@type":"PropertyValueSpecification","valueRequired":true,"valueName":"search_term_string"}}],"inLanguage":"es"}]}},"_links":{"self":[{"href":"https:\/\/visitnavarra.info\/visitnavarra\/wp-json\/wp\/v2\/pages\/11709","targetHints":{"allow":["GET"]}}],"collection":[{"href":"https:\/\/visitnavarra.info\/visitnavarra\/wp-json\/wp\/v2\/pages"}],"about":[{"href":"https:\/\/visitnavarra.info\/visitnavarra\/wp-json\/wp\/v2\/types\/page"}],"author":[{"embeddable":true,"href":"https:\/\/visitnavarra.info\/visitnavarra\/wp-json\/wp\/v2\/users\/1"}],"replies":[{"embeddable":true,"href":"https:\/\/visitnavarra.info\/visitnavarra\/wp-json\/wp\/v2\/comments?post=11709"}],"version-history":[{"count":5,"href":"https:\/\/visitnavarra.info\/visitnavarra\/wp-json\/wp\/v2\/pages\/11709\/revisions"}],"predecessor-version":[{"id":11867,"href":"https:\/\/visitnavarra.info\/visitnavarra\/wp-json\/wp\/v2\/pages\/11709\/revisions\/11867"}],"wp:attachment":[{"href":"https:\/\/visitnavarra.info\/visitnavarra\/wp-json\/wp\/v2\/media?parent=11709"}],"curies":[{"name":"wp","href":"https:\/\/api.w.org\/{rel}","templated":true}]}}