{"id":11808,"date":"2022-01-20T13:00:32","date_gmt":"2022-01-20T13:00:32","guid":{"rendered":"https:\/\/visitnavarra.info\/visitnavarra\/?page_id=11808"},"modified":"2022-02-03T11:16:32","modified_gmt":"2022-02-03T11:16:32","slug":"bodegas-pago-de-larrainzar-picnic-en-el-vinedo","status":"publish","type":"page","link":"https:\/\/visitnavarra.info\/visitnavarra\/bodegas-pago-de-larrainzar-picnic-en-el-vinedo\/","title":{"rendered":"BODEGAS PAGO DE LARRAINZAR: PICNIC EN EL VI\u00d1EDO"},"content":{"rendered":"<p>[vc_row][vc_column width=&#8221;1\/1&#8243;][vc_column_text]<img loading=\"lazy\" decoding=\"async\" class=\"size-full wp-image-11815 alignleft\" src=\"https:\/\/visitnavarra.info\/visitnavarra\/wp-content\/uploads\/2022\/01\/pago-de-larrainza-picnic-vinedo.jpg\" alt=\"\" width=\"250\" height=\"250\" srcset=\"https:\/\/visitnavarra.info\/visitnavarra\/wp-content\/uploads\/2022\/01\/pago-de-larrainza-picnic-vinedo.jpg 250w, https:\/\/visitnavarra.info\/visitnavarra\/wp-content\/uploads\/2022\/01\/pago-de-larrainza-picnic-vinedo-150x150.jpg 150w, https:\/\/visitnavarra.info\/visitnavarra\/wp-content\/uploads\/2022\/01\/pago-de-larrainza-picnic-vinedo-80x80.jpg 80w\" sizes=\"auto, (max-width: 250px) 100vw, 250px\" \/><\/p>\n<p>Si el tiempo lo permite, esta actividad es perfecta para deleitarse con un paisaje \u00fanico.<br \/>\nUna experiencia que nos acerca al mundo del vino, en un lugar lleno de encanto, para ver, oler y saborear este maravilloso entorno. Descubra nuestra historia y pasee por un vi\u00f1edo espectacular a los pies del Monasterio de Irache. Visitaremos la bodega y conocer\u00e1n los secretos de elaboraci\u00f3n de nuestros vinos.<br \/>\nTras el paseo por el vi\u00f1edo y la bodega, llega la cata guiada de 3 vinos, desde nuestro mirador frente al vi\u00f1edo. Para acompa\u00f1ar, serviremos en el mirador sobre el vi\u00f1edo un almuerzo informal con tortilla de patatas, jam\u00f3n, chorizo, salchich\u00f3n, lomo, queso Idiazabal y postre.<\/p>\n<ul>\n<li><strong>Precio Adultos:<\/strong> 30 \u20ac.<\/li>\n<li><strong>Precio menores 18 a\u00f1os:<\/strong> 20 \u20ac<\/li>\n<li><strong>N\u00ba m\u00ednimo asistentes:<\/strong> 8 personas<\/li>\n<\/ul>\n<p>[\/vc_column_text][\/vc_column][\/vc_row][vc_row][vc_column width=&#8221;1\/2&#8243;]<div class=\"single_image wpb_content_element align-right    \" data-animation=\"none\" data-delay=\"0\"><img loading=\"lazy\" decoding=\"async\" width=\"200\" height=\"73\" src=\"https:\/\/visitnavarra.info\/visitnavarra\/wp-content\/uploads\/2019\/05\/pago_larrainzar_logo.jpg\" class=\"attachment-full\" alt=\"\" \/><\/div>[\/vc_column][vc_column width=&#8221;1\/2&#8243;][vc_column_text]<strong>CONTACTO \/ RESERVAS<\/strong><\/p>\n<p>Entidad \/ empresa: BODEGAS PAGO DE LARRAINZAR<br \/>\nContacto: Marian San Mart\u00edn<br \/>\nTel\u00e9fono: (+34) 609 606 188 | (+34) 948 550 421<br \/>\nDirecci\u00f3n: Camino de la Corona, s\/n. 31240 Ayegui<br \/>\nMail: <a href=\"mailto:info@pagodelarrainzar.com\">info@pagodelarrainzar.com<\/a><br \/>\nWeb: <a href=\"http:\/\/www.pagodelarrainzar.com\">www.pagodelarrainzar.com<\/a>[\/vc_column_text][\/vc_column][\/vc_row]<\/p>\n","protected":false},"excerpt":{"rendered":"<p>[vc_row][vc_column width=&#8221;1\/1&#8243;][vc_column_text] Si el tiempo lo permite, esta actividad es perfecta para deleitarse con un paisaje \u00fanico. Una experiencia que nos acerca al mundo del vino, en un lugar lleno de encanto, para ver, oler y saborear este maravilloso entorno. Descubra nuestra historia y pasee por un vi\u00f1edo espectacular a los pies del Monasterio de Irache. Visitaremos la bodega y conocer\u00e1n los secretos de elaboraci\u00f3n de nuestros vinos. Tras el paseo por el vi\u00f1edo y la bodega, llega la cata guiada de 3 vinos, desde nuestro mirador frente al vi\u00f1edo. Para acompa\u00f1ar, serviremos en el mirador sobre el vi\u00f1edo un almuerzo informal con tortilla de patatas, jam\u00f3n, chorizo, salchich\u00f3n, lomo, queso Idiazabal y postre. Precio Adultos: 30 \u20ac. Precio menores 18 a\u00f1os: 20 \u20ac N\u00ba m\u00ednimo asistentes: 8 personas [\/vc_column_text][\/vc_column][\/vc_row][vc_row][vc_column width=&#8221;1\/2&#8243;][\/vc_column][vc_column width=&#8221;1\/2&#8243;][vc_column_text]CONTACTO \/ RESERVAS Entidad \/ empresa: BODEGAS PAGO DE LARRAINZAR Contacto: Marian San Mart\u00edn Tel\u00e9fono: (+34) 609 606 188 | (+34) 948 550 421 Direcci\u00f3n: Camino de la Corona, s\/n. 31240 Ayegui Mail: info@pagodelarrainzar.com Web: www.pagodelarrainzar.com[\/vc_column_text][\/vc_column][\/vc_row]<\/p>\n","protected":false},"author":1,"featured_media":0,"parent":0,"menu_order":0,"comment_status":"closed","ping_status":"closed","template":"","meta":{"footnotes":""},"class_list":["post-11808","page","type-page","status-publish","hentry"],"yoast_head":"<!-- This site is optimized with the Yoast SEO plugin v23.5 - https:\/\/yoast.com\/wordpress\/plugins\/seo\/ -->\n<title>PICNIC EN EL VI\u00d1EDO - VisitNavarra<\/title>\n<meta name=\"description\" content=\"Una experiencia que nos acerca al mundo del vino, en un lugar lleno de encanto, para ver, oler y saborear este maravilloso entorno.\" \/>\n<meta name=\"robots\" content=\"index, follow, max-snippet:-1, max-image-preview:large, max-video-preview:-1\" \/>\n<link rel=\"canonical\" href=\"https:\/\/visitnavarra.info\/visitnavarra\/bodegas-pago-de-larrainzar-picnic-en-el-vinedo\/\" \/>\n<meta property=\"og:locale\" content=\"es_ES\" \/>\n<meta property=\"og:type\" content=\"article\" \/>\n<meta property=\"og:title\" content=\"PICNIC EN EL VI\u00d1EDO - VisitNavarra\" \/>\n<meta property=\"og:description\" content=\"Una experiencia que nos acerca al mundo del vino, en un lugar lleno de encanto, para ver, oler y saborear este maravilloso entorno.\" \/>\n<meta property=\"og:url\" content=\"https:\/\/visitnavarra.info\/visitnavarra\/bodegas-pago-de-larrainzar-picnic-en-el-vinedo\/\" \/>\n<meta property=\"og:site_name\" content=\"VisitNavarra\" \/>\n<meta property=\"article:modified_time\" content=\"2022-02-03T11:16:32+00:00\" \/>\n<meta property=\"og:image\" content=\"https:\/\/visitnavarra.info\/visitnavarra\/wp-content\/uploads\/2022\/01\/pago-de-larrainza-picnic-vinedo.jpg\" \/>\n<meta name=\"twitter:card\" content=\"summary_large_image\" \/>\n<meta name=\"twitter:label1\" content=\"Tiempo de lectura\" \/>\n\t<meta name=\"twitter:data1\" content=\"1 minuto\" \/>\n<script type=\"application\/ld+json\" class=\"yoast-schema-graph\">{\"@context\":\"https:\/\/schema.org\",\"@graph\":[{\"@type\":\"WebPage\",\"@id\":\"https:\/\/visitnavarra.info\/visitnavarra\/bodegas-pago-de-larrainzar-picnic-en-el-vinedo\/\",\"url\":\"https:\/\/visitnavarra.info\/visitnavarra\/bodegas-pago-de-larrainzar-picnic-en-el-vinedo\/\",\"name\":\"PICNIC EN EL VI\u00d1EDO - VisitNavarra\",\"isPartOf\":{\"@id\":\"https:\/\/visitnavarra.info\/visitnavarra\/#website\"},\"primaryImageOfPage\":{\"@id\":\"https:\/\/visitnavarra.info\/visitnavarra\/bodegas-pago-de-larrainzar-picnic-en-el-vinedo\/#primaryimage\"},\"image\":{\"@id\":\"https:\/\/visitnavarra.info\/visitnavarra\/bodegas-pago-de-larrainzar-picnic-en-el-vinedo\/#primaryimage\"},\"thumbnailUrl\":\"https:\/\/visitnavarra.info\/visitnavarra\/wp-content\/uploads\/2022\/01\/pago-de-larrainza-picnic-vinedo.jpg\",\"datePublished\":\"2022-01-20T13:00:32+00:00\",\"dateModified\":\"2022-02-03T11:16:32+00:00\",\"description\":\"Una experiencia que nos acerca al mundo del vino, en un lugar lleno de encanto, para ver, oler y saborear este maravilloso entorno.\",\"breadcrumb\":{\"@id\":\"https:\/\/visitnavarra.info\/visitnavarra\/bodegas-pago-de-larrainzar-picnic-en-el-vinedo\/#breadcrumb\"},\"inLanguage\":\"es\",\"potentialAction\":[{\"@type\":\"ReadAction\",\"target\":[\"https:\/\/visitnavarra.info\/visitnavarra\/bodegas-pago-de-larrainzar-picnic-en-el-vinedo\/\"]}]},{\"@type\":\"ImageObject\",\"inLanguage\":\"es\",\"@id\":\"https:\/\/visitnavarra.info\/visitnavarra\/bodegas-pago-de-larrainzar-picnic-en-el-vinedo\/#primaryimage\",\"url\":\"https:\/\/visitnavarra.info\/visitnavarra\/wp-content\/uploads\/2022\/01\/pago-de-larrainza-picnic-vinedo.jpg\",\"contentUrl\":\"https:\/\/visitnavarra.info\/visitnavarra\/wp-content\/uploads\/2022\/01\/pago-de-larrainza-picnic-vinedo.jpg\",\"width\":250,\"height\":250},{\"@type\":\"BreadcrumbList\",\"@id\":\"https:\/\/visitnavarra.info\/visitnavarra\/bodegas-pago-de-larrainzar-picnic-en-el-vinedo\/#breadcrumb\",\"itemListElement\":[{\"@type\":\"ListItem\",\"position\":1,\"name\":\"Portada\",\"item\":\"https:\/\/visitnavarra.info\/visitnavarra\/\"},{\"@type\":\"ListItem\",\"position\":2,\"name\":\"BODEGAS PAGO DE LARRAINZAR: PICNIC EN EL VI\u00d1EDO\"}]},{\"@type\":\"WebSite\",\"@id\":\"https:\/\/visitnavarra.info\/visitnavarra\/#website\",\"url\":\"https:\/\/visitnavarra.info\/visitnavarra\/\",\"name\":\"VisitNavarra\",\"description\":\"Alojamiento y experiencias tur\u00edsticas en Navarra; qu\u00e9 visitar en Navarra; comer en Navarra\",\"potentialAction\":[{\"@type\":\"SearchAction\",\"target\":{\"@type\":\"EntryPoint\",\"urlTemplate\":\"https:\/\/visitnavarra.info\/visitnavarra\/?s={search_term_string}\"},\"query-input\":{\"@type\":\"PropertyValueSpecification\",\"valueRequired\":true,\"valueName\":\"search_term_string\"}}],\"inLanguage\":\"es\"}]}<\/script>\n<!-- \/ Yoast SEO plugin. -->","yoast_head_json":{"title":"PICNIC EN EL VI\u00d1EDO - VisitNavarra","description":"Una experiencia que nos acerca al mundo del vino, en un lugar lleno de encanto, para ver, oler y saborear este maravilloso entorno.","robots":{"index":"index","follow":"follow","max-snippet":"max-snippet:-1","max-image-preview":"max-image-preview:large","max-video-preview":"max-video-preview:-1"},"canonical":"https:\/\/visitnavarra.info\/visitnavarra\/bodegas-pago-de-larrainzar-picnic-en-el-vinedo\/","og_locale":"es_ES","og_type":"article","og_title":"PICNIC EN EL VI\u00d1EDO - VisitNavarra","og_description":"Una experiencia que nos acerca al mundo del vino, en un lugar lleno de encanto, para ver, oler y saborear este maravilloso entorno.","og_url":"https:\/\/visitnavarra.info\/visitnavarra\/bodegas-pago-de-larrainzar-picnic-en-el-vinedo\/","og_site_name":"VisitNavarra","article_modified_time":"2022-02-03T11:16:32+00:00","og_image":[{"url":"https:\/\/visitnavarra.info\/visitnavarra\/wp-content\/uploads\/2022\/01\/pago-de-larrainza-picnic-vinedo.jpg"}],"twitter_card":"summary_large_image","twitter_misc":{"Tiempo de lectura":"1 minuto"},"schema":{"@context":"https:\/\/schema.org","@graph":[{"@type":"WebPage","@id":"https:\/\/visitnavarra.info\/visitnavarra\/bodegas-pago-de-larrainzar-picnic-en-el-vinedo\/","url":"https:\/\/visitnavarra.info\/visitnavarra\/bodegas-pago-de-larrainzar-picnic-en-el-vinedo\/","name":"PICNIC EN EL VI\u00d1EDO - VisitNavarra","isPartOf":{"@id":"https:\/\/visitnavarra.info\/visitnavarra\/#website"},"primaryImageOfPage":{"@id":"https:\/\/visitnavarra.info\/visitnavarra\/bodegas-pago-de-larrainzar-picnic-en-el-vinedo\/#primaryimage"},"image":{"@id":"https:\/\/visitnavarra.info\/visitnavarra\/bodegas-pago-de-larrainzar-picnic-en-el-vinedo\/#primaryimage"},"thumbnailUrl":"https:\/\/visitnavarra.info\/visitnavarra\/wp-content\/uploads\/2022\/01\/pago-de-larrainza-picnic-vinedo.jpg","datePublished":"2022-01-20T13:00:32+00:00","dateModified":"2022-02-03T11:16:32+00:00","description":"Una experiencia que nos acerca al mundo del vino, en un lugar lleno de encanto, para ver, oler y saborear este maravilloso entorno.","breadcrumb":{"@id":"https:\/\/visitnavarra.info\/visitnavarra\/bodegas-pago-de-larrainzar-picnic-en-el-vinedo\/#breadcrumb"},"inLanguage":"es","potentialAction":[{"@type":"ReadAction","target":["https:\/\/visitnavarra.info\/visitnavarra\/bodegas-pago-de-larrainzar-picnic-en-el-vinedo\/"]}]},{"@type":"ImageObject","inLanguage":"es","@id":"https:\/\/visitnavarra.info\/visitnavarra\/bodegas-pago-de-larrainzar-picnic-en-el-vinedo\/#primaryimage","url":"https:\/\/visitnavarra.info\/visitnavarra\/wp-content\/uploads\/2022\/01\/pago-de-larrainza-picnic-vinedo.jpg","contentUrl":"https:\/\/visitnavarra.info\/visitnavarra\/wp-content\/uploads\/2022\/01\/pago-de-larrainza-picnic-vinedo.jpg","width":250,"height":250},{"@type":"BreadcrumbList","@id":"https:\/\/visitnavarra.info\/visitnavarra\/bodegas-pago-de-larrainzar-picnic-en-el-vinedo\/#breadcrumb","itemListElement":[{"@type":"ListItem","position":1,"name":"Portada","item":"https:\/\/visitnavarra.info\/visitnavarra\/"},{"@type":"ListItem","position":2,"name":"BODEGAS PAGO DE LARRAINZAR: PICNIC EN EL VI\u00d1EDO"}]},{"@type":"WebSite","@id":"https:\/\/visitnavarra.info\/visitnavarra\/#website","url":"https:\/\/visitnavarra.info\/visitnavarra\/","name":"VisitNavarra","description":"Alojamiento y experiencias tur\u00edsticas en Navarra; qu\u00e9 visitar en Navarra; comer en Navarra","potentialAction":[{"@type":"SearchAction","target":{"@type":"EntryPoint","urlTemplate":"https:\/\/visitnavarra.info\/visitnavarra\/?s={search_term_string}"},"query-input":{"@type":"PropertyValueSpecification","valueRequired":true,"valueName":"search_term_string"}}],"inLanguage":"es"}]}},"_links":{"self":[{"href":"https:\/\/visitnavarra.info\/visitnavarra\/wp-json\/wp\/v2\/pages\/11808","targetHints":{"allow":["GET"]}}],"collection":[{"href":"https:\/\/visitnavarra.info\/visitnavarra\/wp-json\/wp\/v2\/pages"}],"about":[{"href":"https:\/\/visitnavarra.info\/visitnavarra\/wp-json\/wp\/v2\/types\/page"}],"author":[{"embeddable":true,"href":"https:\/\/visitnavarra.info\/visitnavarra\/wp-json\/wp\/v2\/users\/1"}],"replies":[{"embeddable":true,"href":"https:\/\/visitnavarra.info\/visitnavarra\/wp-json\/wp\/v2\/comments?post=11808"}],"version-history":[{"count":2,"href":"https:\/\/visitnavarra.info\/visitnavarra\/wp-json\/wp\/v2\/pages\/11808\/revisions"}],"predecessor-version":[{"id":11848,"href":"https:\/\/visitnavarra.info\/visitnavarra\/wp-json\/wp\/v2\/pages\/11808\/revisions\/11848"}],"wp:attachment":[{"href":"https:\/\/visitnavarra.info\/visitnavarra\/wp-json\/wp\/v2\/media?parent=11808"}],"curies":[{"name":"wp","href":"https:\/\/api.w.org\/{rel}","templated":true}]}}