{"id":11811,"date":"2022-01-20T13:05:59","date_gmt":"2022-01-20T13:05:59","guid":{"rendered":"https:\/\/visitnavarra.info\/visitnavarra\/?page_id=11811"},"modified":"2022-02-15T11:32:53","modified_gmt":"2022-02-15T11:32:53","slug":"bodegas-pago-de-larrainzar-picnic-dans-le-vignoble","status":"publish","type":"page","link":"https:\/\/visitnavarra.info\/visitnavarra\/bodegas-pago-de-larrainzar-picnic-dans-le-vignoble\/","title":{"rendered":"BODEGAS PAGO DE LARRAINZAR: P\u00cdCNIC DANS LE VIGNOBLE"},"content":{"rendered":"<p>[vc_row][vc_column width=&#8221;1\/1&#8243;][vc_column_text]<img loading=\"lazy\" decoding=\"async\" class=\"size-full wp-image-11817 alignleft\" src=\"https:\/\/visitnavarra.info\/visitnavarra\/wp-content\/uploads\/2022\/01\/pago-de-larrainza-picnic-vinedo.jpg\" alt=\"\" width=\"250\" height=\"250\" srcset=\"https:\/\/visitnavarra.info\/visitnavarra\/wp-content\/uploads\/2022\/01\/pago-de-larrainza-picnic-vinedo.jpg 250w, https:\/\/visitnavarra.info\/visitnavarra\/wp-content\/uploads\/2022\/01\/pago-de-larrainza-picnic-vinedo-150x150.jpg 150w, https:\/\/visitnavarra.info\/visitnavarra\/wp-content\/uploads\/2022\/01\/pago-de-larrainza-picnic-vinedo-80x80.jpg 80w\" sizes=\"auto, (max-width: 250px) 100vw, 250px\" \/>Si la climatologie nous permet, cette activit\u00e9 est parfaite pour profiter d\u2019un paysage unique.<\/p>\n<p>Une exp\u00e9rience qui nous approche au monde du vin, dans un endroit merveilleux pour voir, gouter et savourer. Vous pouvez d\u00e9couvrir notre histoire et au m\u00eame temps vous promener dans le vignoble \u00e0 c\u00f4t\u00e9 du Monast\u00e8re d\u2019Irache et visiter notre cave pour connaitre les secrets de la \u00e9laboration de nos vins.<\/p>\n<p>Apr\u00e8s il aura lieu une d\u00e9gustation guid\u00e9e de trois vins en notre vignoble et un picnic \u00e0 l\u2019air libre avec omelette de pommes de terres, jambon, chorizo, saucisson, fromage et le dessert.<\/p>\n<ul>\n<li><strong>Tarif adulte :<\/strong> 30 \u20ac.<\/li>\n<li><strong>Tarif moins de 18 ans<\/strong> : 20 \u20ac<\/li>\n<li><strong>Nombre minimum de participants<\/strong> : 8 personnes<\/li>\n<\/ul>\n<p>[\/vc_column_text][\/vc_column][\/vc_row][vc_row][vc_column width=&#8221;1\/2&#8243;]<div class=\"single_image wpb_content_element align-right    \" data-animation=\"none\" data-delay=\"0\"><img loading=\"lazy\" decoding=\"async\" width=\"200\" height=\"73\" src=\"https:\/\/visitnavarra.info\/visitnavarra\/wp-content\/uploads\/2019\/05\/pago_larrainzar_logo.jpg\" class=\"attachment-full\" alt=\"\" \/><\/div>[\/vc_column][vc_column width=&#8221;1\/2&#8243;][vc_column_text]<strong>CONTACTO \/ RESERVAS<\/strong><br \/>\nEntidad \/ empresa: BODEGAS PAGO DE LARRAINZAR<br \/>\nContacto: Marian San Mart\u00edn<br \/>\nTel\u00e9fono: (+34) 609 606 188 | (+34) 948 550 421<br \/>\nDirecci\u00f3n: Camino de la Corona, s\/n. 31240 Ayegui<br \/>\nMail: <a href=\"mailto:info@pagodelarrainzar.com\">info@pagodelarrainzar.com<\/a><br \/>\nWeb: <a href=\"http:\/\/www.pagodelarrainzar.com\">www.pagodelarrainzar.com<\/a>[\/vc_column_text][\/vc_column][\/vc_row]<\/p>\n","protected":false},"excerpt":{"rendered":"<p>[vc_row][vc_column width=&#8221;1\/1&#8243;][vc_column_text]Si la climatologie nous permet, cette activit\u00e9 est parfaite pour profiter d\u2019un paysage unique. Une exp\u00e9rience qui nous approche au monde du vin, dans un endroit merveilleux pour voir, gouter et savourer. Vous pouvez d\u00e9couvrir notre histoire et au m\u00eame temps vous promener dans le vignoble \u00e0 c\u00f4t\u00e9 du Monast\u00e8re d\u2019Irache et visiter notre cave pour connaitre les secrets de la \u00e9laboration de nos vins. Apr\u00e8s il aura lieu une d\u00e9gustation guid\u00e9e de trois vins en notre vignoble et un picnic \u00e0 l\u2019air libre avec omelette de pommes de terres, jambon, chorizo, saucisson, fromage et le dessert. Tarif adulte : 30 \u20ac. Tarif moins de 18 ans : 20 \u20ac Nombre minimum de participants : 8 personnes [\/vc_column_text][\/vc_column][\/vc_row][vc_row][vc_column width=&#8221;1\/2&#8243;][\/vc_column][vc_column width=&#8221;1\/2&#8243;][vc_column_text]CONTACTO \/ RESERVAS Entidad \/ empresa: BODEGAS PAGO DE LARRAINZAR Contacto: Marian San Mart\u00edn Tel\u00e9fono: (+34) 609 606 188 | (+34) 948 550 421 Direcci\u00f3n: Camino de la Corona, s\/n. 31240 Ayegui Mail: info@pagodelarrainzar.com Web: www.pagodelarrainzar.com[\/vc_column_text][\/vc_column][\/vc_row]<\/p>\n","protected":false},"author":1,"featured_media":0,"parent":0,"menu_order":0,"comment_status":"closed","ping_status":"closed","template":"","meta":{"footnotes":""},"class_list":["post-11811","page","type-page","status-publish","hentry"],"yoast_head":"<!-- This site is optimized with the Yoast SEO plugin v23.5 - https:\/\/yoast.com\/wordpress\/plugins\/seo\/ -->\n<title>P\u00cdCNIC DANS LE VIGNOBLE - VisitNavarra<\/title>\n<meta name=\"description\" content=\"Une exp\u00e9rience qui nous approche au monde du vin, dans un endroit merveilleux pour voir, gouter et savourer\" \/>\n<meta name=\"robots\" content=\"index, follow, max-snippet:-1, max-image-preview:large, max-video-preview:-1\" \/>\n<link rel=\"canonical\" href=\"https:\/\/visitnavarra.info\/visitnavarra\/fr\/bodegas-pago-de-larrainzar-picnic-dans-le-vignoble\/\" \/>\n<meta property=\"og:locale\" content=\"es_ES\" \/>\n<meta property=\"og:type\" content=\"article\" \/>\n<meta property=\"og:title\" content=\"P\u00cdCNIC DANS LE VIGNOBLE - VisitNavarra\" \/>\n<meta property=\"og:description\" content=\"Une exp\u00e9rience qui nous approche au monde du vin, dans un endroit merveilleux pour voir, gouter et savourer\" \/>\n<meta property=\"og:url\" content=\"https:\/\/visitnavarra.info\/visitnavarra\/fr\/bodegas-pago-de-larrainzar-picnic-dans-le-vignoble\/\" \/>\n<meta property=\"og:site_name\" content=\"VisitNavarra\" \/>\n<meta property=\"article:modified_time\" content=\"2022-02-15T11:32:53+00:00\" \/>\n<meta property=\"og:image\" content=\"https:\/\/visitnavarra.info\/visitnavarra\/wp-content\/uploads\/2022\/01\/pago-de-larrainza-picnic-vinedo.jpg\" \/>\n<meta name=\"twitter:card\" content=\"summary_large_image\" \/>\n<meta name=\"twitter:label1\" content=\"Tiempo de lectura\" \/>\n\t<meta name=\"twitter:data1\" content=\"1 minuto\" \/>\n<script type=\"application\/ld+json\" class=\"yoast-schema-graph\">{\"@context\":\"https:\/\/schema.org\",\"@graph\":[{\"@type\":\"WebPage\",\"@id\":\"https:\/\/visitnavarra.info\/visitnavarra\/fr\/bodegas-pago-de-larrainzar-picnic-dans-le-vignoble\/\",\"url\":\"https:\/\/visitnavarra.info\/visitnavarra\/fr\/bodegas-pago-de-larrainzar-picnic-dans-le-vignoble\/\",\"name\":\"P\u00cdCNIC DANS LE VIGNOBLE - VisitNavarra\",\"isPartOf\":{\"@id\":\"https:\/\/visitnavarra.info\/visitnavarra\/#website\"},\"primaryImageOfPage\":{\"@id\":\"https:\/\/visitnavarra.info\/visitnavarra\/fr\/bodegas-pago-de-larrainzar-picnic-dans-le-vignoble\/#primaryimage\"},\"image\":{\"@id\":\"https:\/\/visitnavarra.info\/visitnavarra\/fr\/bodegas-pago-de-larrainzar-picnic-dans-le-vignoble\/#primaryimage\"},\"thumbnailUrl\":\"https:\/\/visitnavarra.info\/visitnavarra\/wp-content\/uploads\/2022\/01\/pago-de-larrainza-picnic-vinedo.jpg\",\"datePublished\":\"2022-01-20T13:05:59+00:00\",\"dateModified\":\"2022-02-15T11:32:53+00:00\",\"description\":\"Une exp\u00e9rience qui nous approche au monde du vin, dans un endroit merveilleux pour voir, gouter et savourer\",\"breadcrumb\":{\"@id\":\"https:\/\/visitnavarra.info\/visitnavarra\/fr\/bodegas-pago-de-larrainzar-picnic-dans-le-vignoble\/#breadcrumb\"},\"inLanguage\":\"es\",\"potentialAction\":[{\"@type\":\"ReadAction\",\"target\":[\"https:\/\/visitnavarra.info\/visitnavarra\/fr\/bodegas-pago-de-larrainzar-picnic-dans-le-vignoble\/\"]}]},{\"@type\":\"ImageObject\",\"inLanguage\":\"es\",\"@id\":\"https:\/\/visitnavarra.info\/visitnavarra\/fr\/bodegas-pago-de-larrainzar-picnic-dans-le-vignoble\/#primaryimage\",\"url\":\"https:\/\/visitnavarra.info\/visitnavarra\/wp-content\/uploads\/2022\/01\/pago-de-larrainza-picnic-vinedo.jpg\",\"contentUrl\":\"https:\/\/visitnavarra.info\/visitnavarra\/wp-content\/uploads\/2022\/01\/pago-de-larrainza-picnic-vinedo.jpg\",\"width\":250,\"height\":250},{\"@type\":\"BreadcrumbList\",\"@id\":\"https:\/\/visitnavarra.info\/visitnavarra\/fr\/bodegas-pago-de-larrainzar-picnic-dans-le-vignoble\/#breadcrumb\",\"itemListElement\":[{\"@type\":\"ListItem\",\"position\":1,\"name\":\"Portada\",\"item\":\"https:\/\/visitnavarra.info\/visitnavarra\/\"},{\"@type\":\"ListItem\",\"position\":2,\"name\":\"BODEGAS PAGO DE LARRAINZAR: P\u00cdCNIC DANS LE VIGNOBLE\"}]},{\"@type\":\"WebSite\",\"@id\":\"https:\/\/visitnavarra.info\/visitnavarra\/#website\",\"url\":\"https:\/\/visitnavarra.info\/visitnavarra\/\",\"name\":\"VisitNavarra\",\"description\":\"Alojamiento y experiencias tur\u00edsticas en Navarra; qu\u00e9 visitar en Navarra; comer en Navarra\",\"potentialAction\":[{\"@type\":\"SearchAction\",\"target\":{\"@type\":\"EntryPoint\",\"urlTemplate\":\"https:\/\/visitnavarra.info\/visitnavarra\/?s={search_term_string}\"},\"query-input\":{\"@type\":\"PropertyValueSpecification\",\"valueRequired\":true,\"valueName\":\"search_term_string\"}}],\"inLanguage\":\"es\"}]}<\/script>\n<!-- \/ Yoast SEO plugin. -->","yoast_head_json":{"title":"P\u00cdCNIC DANS LE VIGNOBLE - VisitNavarra","description":"Une exp\u00e9rience qui nous approche au monde du vin, dans un endroit merveilleux pour voir, gouter et savourer","robots":{"index":"index","follow":"follow","max-snippet":"max-snippet:-1","max-image-preview":"max-image-preview:large","max-video-preview":"max-video-preview:-1"},"canonical":"https:\/\/visitnavarra.info\/visitnavarra\/fr\/bodegas-pago-de-larrainzar-picnic-dans-le-vignoble\/","og_locale":"es_ES","og_type":"article","og_title":"P\u00cdCNIC DANS LE VIGNOBLE - VisitNavarra","og_description":"Une exp\u00e9rience qui nous approche au monde du vin, dans un endroit merveilleux pour voir, gouter et savourer","og_url":"https:\/\/visitnavarra.info\/visitnavarra\/fr\/bodegas-pago-de-larrainzar-picnic-dans-le-vignoble\/","og_site_name":"VisitNavarra","article_modified_time":"2022-02-15T11:32:53+00:00","og_image":[{"url":"https:\/\/visitnavarra.info\/visitnavarra\/wp-content\/uploads\/2022\/01\/pago-de-larrainza-picnic-vinedo.jpg"}],"twitter_card":"summary_large_image","twitter_misc":{"Tiempo de lectura":"1 minuto"},"schema":{"@context":"https:\/\/schema.org","@graph":[{"@type":"WebPage","@id":"https:\/\/visitnavarra.info\/visitnavarra\/fr\/bodegas-pago-de-larrainzar-picnic-dans-le-vignoble\/","url":"https:\/\/visitnavarra.info\/visitnavarra\/fr\/bodegas-pago-de-larrainzar-picnic-dans-le-vignoble\/","name":"P\u00cdCNIC DANS LE VIGNOBLE - VisitNavarra","isPartOf":{"@id":"https:\/\/visitnavarra.info\/visitnavarra\/#website"},"primaryImageOfPage":{"@id":"https:\/\/visitnavarra.info\/visitnavarra\/fr\/bodegas-pago-de-larrainzar-picnic-dans-le-vignoble\/#primaryimage"},"image":{"@id":"https:\/\/visitnavarra.info\/visitnavarra\/fr\/bodegas-pago-de-larrainzar-picnic-dans-le-vignoble\/#primaryimage"},"thumbnailUrl":"https:\/\/visitnavarra.info\/visitnavarra\/wp-content\/uploads\/2022\/01\/pago-de-larrainza-picnic-vinedo.jpg","datePublished":"2022-01-20T13:05:59+00:00","dateModified":"2022-02-15T11:32:53+00:00","description":"Une exp\u00e9rience qui nous approche au monde du vin, dans un endroit merveilleux pour voir, gouter et savourer","breadcrumb":{"@id":"https:\/\/visitnavarra.info\/visitnavarra\/fr\/bodegas-pago-de-larrainzar-picnic-dans-le-vignoble\/#breadcrumb"},"inLanguage":"es","potentialAction":[{"@type":"ReadAction","target":["https:\/\/visitnavarra.info\/visitnavarra\/fr\/bodegas-pago-de-larrainzar-picnic-dans-le-vignoble\/"]}]},{"@type":"ImageObject","inLanguage":"es","@id":"https:\/\/visitnavarra.info\/visitnavarra\/fr\/bodegas-pago-de-larrainzar-picnic-dans-le-vignoble\/#primaryimage","url":"https:\/\/visitnavarra.info\/visitnavarra\/wp-content\/uploads\/2022\/01\/pago-de-larrainza-picnic-vinedo.jpg","contentUrl":"https:\/\/visitnavarra.info\/visitnavarra\/wp-content\/uploads\/2022\/01\/pago-de-larrainza-picnic-vinedo.jpg","width":250,"height":250},{"@type":"BreadcrumbList","@id":"https:\/\/visitnavarra.info\/visitnavarra\/fr\/bodegas-pago-de-larrainzar-picnic-dans-le-vignoble\/#breadcrumb","itemListElement":[{"@type":"ListItem","position":1,"name":"Portada","item":"https:\/\/visitnavarra.info\/visitnavarra\/"},{"@type":"ListItem","position":2,"name":"BODEGAS PAGO DE LARRAINZAR: P\u00cdCNIC DANS LE VIGNOBLE"}]},{"@type":"WebSite","@id":"https:\/\/visitnavarra.info\/visitnavarra\/#website","url":"https:\/\/visitnavarra.info\/visitnavarra\/","name":"VisitNavarra","description":"Alojamiento y experiencias tur\u00edsticas en Navarra; qu\u00e9 visitar en Navarra; comer en Navarra","potentialAction":[{"@type":"SearchAction","target":{"@type":"EntryPoint","urlTemplate":"https:\/\/visitnavarra.info\/visitnavarra\/?s={search_term_string}"},"query-input":{"@type":"PropertyValueSpecification","valueRequired":true,"valueName":"search_term_string"}}],"inLanguage":"es"}]}},"_links":{"self":[{"href":"https:\/\/visitnavarra.info\/visitnavarra\/wp-json\/wp\/v2\/pages\/11811","targetHints":{"allow":["GET"]}}],"collection":[{"href":"https:\/\/visitnavarra.info\/visitnavarra\/wp-json\/wp\/v2\/pages"}],"about":[{"href":"https:\/\/visitnavarra.info\/visitnavarra\/wp-json\/wp\/v2\/types\/page"}],"author":[{"embeddable":true,"href":"https:\/\/visitnavarra.info\/visitnavarra\/wp-json\/wp\/v2\/users\/1"}],"replies":[{"embeddable":true,"href":"https:\/\/visitnavarra.info\/visitnavarra\/wp-json\/wp\/v2\/comments?post=11811"}],"version-history":[{"count":5,"href":"https:\/\/visitnavarra.info\/visitnavarra\/wp-json\/wp\/v2\/pages\/11811\/revisions"}],"predecessor-version":[{"id":11857,"href":"https:\/\/visitnavarra.info\/visitnavarra\/wp-json\/wp\/v2\/pages\/11811\/revisions\/11857"}],"wp:attachment":[{"href":"https:\/\/visitnavarra.info\/visitnavarra\/wp-json\/wp\/v2\/media?parent=11811"}],"curies":[{"name":"wp","href":"https:\/\/api.w.org\/{rel}","templated":true}]}}