{"id":12457,"date":"2022-10-06T11:35:59","date_gmt":"2022-10-06T11:35:59","guid":{"rendered":"https:\/\/visitnavarra.info\/visitnavarra\/?page_id=12457"},"modified":"2022-10-06T12:15:12","modified_gmt":"2022-10-06T12:15:12","slug":"visitar","status":"publish","type":"page","link":"https:\/\/visitnavarra.info\/visitnavarra\/visitar\/","title":{"rendered":"VISITEZ"},"content":{"rendered":"<p>[vc_row][vc_column width=&#8221;1\/1&#8243;]<div class=\"flexslider wpb_content_element\"><ul class=\"slides\"><li><img decoding=\"async\" src=\"https:\/\/visitnavarra.info\/visitnavarra\/wp-content\/uploads\/2022\/10\/cabecera-visitar-gobierno-navarra.jpg\" alt=\"\" \/><\/li><li><img decoding=\"async\" src=\"https:\/\/visitnavarra.info\/visitnavarra\/wp-content\/uploads\/2022\/10\/cabecera-visitar-ayuntamiento-pamplona.jpg\" alt=\"\" \/><\/li><\/ul><\/div><div class=\"spacer\" style=\"height: 40px;\"><\/div>[\/vc_column][\/vc_row][vc_row][vc_column width=&#8221;1\/1&#8243;][vc_column_text]<\/p>\n<h1 style=\"text-align: center;\"><strong>VISITER NAVARRA<\/strong><\/h1>\n<p>La Navarre est l&#8217;une des communaut\u00e9s autonomes espagnoles pr\u00e9sentant les meilleurs indicateurs de qualit\u00e9 de vie. Nous aimons nos racines et notre histoire, mais nous vivons en regardant vers l&#8217;avenir. C&#8217;est pourquoi nous sommes des pionniers en mati\u00e8re de m\u00e9decine, d&#8217;\u00e9nergies renouvelables et d&#8217;\u00e9ducation. En bref, nous sommes des experts en qualit\u00e9 de vie.<\/p>\n<p>Vall\u00e9es, for\u00eats, sources, cascades, cha\u00eenes de montagnes, d\u00e9sert, rivi\u00e8res, montagnes, gorges, parcs&#8230; Vous serez ravis de d\u00e9couvrir le contraste entre la for\u00eat d&#8217;Irati, le d\u00e9sert de la r\u00e9serve de biosph\u00e8re des Bardenas Reales, les pics et les vall\u00e9es des Pyr\u00e9n\u00e9es, les cha\u00eenes de montagnes ondul\u00e9es de la Zona Media et les plaines fertiles de La Ribera.<\/p>\n<p>Paysages et villages, ch\u00e2teaux, \u00e9glises et forteresses. La m\u00e9moire du Royaume de Navarre est pr\u00e9sente sur tout le territoire et nous parle de l&#8217;histoire qui fut, des rois et des nobles, de ce que nous sommes aujourd&#8217;hui, de notre histoire et de notre caract\u00e8re.<\/p>\n<p>&nbsp;<\/p>\n<h1 style=\"text-align: center;\"><strong>VISITER PAMPLONA<\/strong><\/h1>\n<p>Pampelune est une ville confortable, accueillante, moderne, verte, s\u00fbre et dot\u00e9e d&#8217;un large \u00e9ventail de gastronomie \u00e0 base de produits locaux. Elle se distingue par ses services de sant\u00e9 et son engagement en faveur de la sant\u00e9 et du bien-\u00eatre de ses habitants et de ses visiteurs. Son enceinte fortifi\u00e9e, parsem\u00e9e de parcs et de jardins, dans laquelle on peut apercevoir les empreintes du chemin de Saint-Jacques et de San Ferm\u00edn, propose un large \u00e9ventail d&#8217;activit\u00e9s culturelles, notamment des festivals de qualit\u00e9 et des petits festivals destin\u00e9s aux amateurs d&#8217;art. Sa situation au centre de la Navarre et sa proximit\u00e9 avec d&#8217;autres lieux tels que Donostia, Bilbao ou le Pays basque fran\u00e7ais, font de Pampelune un endroit id\u00e9al pour organiser des vacances ou une escapade.[\/vc_column_text][\/vc_column][\/vc_row][vc_row][vc_column][vc_column_text]<\/p>\n<p>[\/vc_column_text][\/vc_column][\/vc_row][vc_row][vc_column width=&#8221;1\/2&#8243;]<div class=\"single_image wpb_content_element align-center    \" data-animation=\"none\" data-delay=\"0\"><a href=\"https:\/\/www.visitnavarra.es\" target=\"_blank\"><img loading=\"lazy\" decoding=\"async\" width=\"200\" height=\"150\" src=\"https:\/\/visitnavarra.info\/visitnavarra\/wp-content\/uploads\/2022\/10\/logo_turismo_navarra.png\" class=\"attachment-full\" alt=\"\" \/><\/a><\/div>[vc_column_text]<\/p>\n<h6 style=\"text-align: center;\"><strong><a href=\"https:\/\/www.visitnavarra.es\" target=\"Visit Navarra\" rel=\"noopener\">www.visitnavarra.es<\/a><\/strong><br \/>\nSubventionn\u00e9 par le gouvernement de Navarre &#8211; Nafarroako Gobernua<\/h6>\n<p>[\/vc_column_text][\/vc_column][vc_column width=&#8221;1\/2&#8243;]<div class=\"single_image wpb_content_element align-center    \" data-animation=\"none\" data-delay=\"0\"><a href=\"http:\/\/www.pamplona.es\/turismo\" target=\"_blank\"><img loading=\"lazy\" decoding=\"async\" width=\"3566\" height=\"611\" src=\"https:\/\/visitnavarra.info\/visitnavarra\/wp-content\/uploads\/2019\/06\/LOGO_TURISMO_COLOR.jpg\" class=\"attachment-full\" alt=\"\" srcset=\"https:\/\/visitnavarra.info\/visitnavarra\/wp-content\/uploads\/2019\/06\/LOGO_TURISMO_COLOR.jpg 3566w, https:\/\/visitnavarra.info\/visitnavarra\/wp-content\/uploads\/2019\/06\/LOGO_TURISMO_COLOR-300x51.jpg 300w, https:\/\/visitnavarra.info\/visitnavarra\/wp-content\/uploads\/2019\/06\/LOGO_TURISMO_COLOR-768x132.jpg 768w, https:\/\/visitnavarra.info\/visitnavarra\/wp-content\/uploads\/2019\/06\/LOGO_TURISMO_COLOR-1024x175.jpg 1024w\" sizes=\"auto, (max-width: 3566px) 100vw, 3566px\" \/><\/a><\/div>[vc_column_text]<\/p>\n<h6 style=\"text-align: center;\"><strong><a href=\"http:\/\/www.pamplona.es\/turismo\" target=\"Pamplona Turismo\" rel=\"noopener\">www.pamplona.es\/turismo<\/a><\/strong><br \/>\nAvec la collaboration de la mairie de Pampelune<\/h6>\n<h6 style=\"text-align: center;\"><strong><a href=\"https:\/\/www.pamplona.es\/turismo\/qr\" target=\"Pamplona APP\" rel=\"noopener\">www.pamplona.es\/turismo\/qr<\/a><\/strong><br \/>\n<strong>T\u00e9l\u00e9chargez l&#8217;application Pamplona-Iru\u00f1a et profitez de tous ses avantages et de notre ville<\/strong><\/h6>\n<p>[\/vc_column_text][\/vc_column][\/vc_row][vc_row][vc_column width=&#8221;1\/1&#8243;]<div class=\"divider-title align-center\" ><\/div>[\/vc_column][\/vc_row]<\/p>\n","protected":false},"excerpt":{"rendered":"<p>[vc_row][vc_column width=&#8221;1\/1&#8243;][\/vc_column][\/vc_row][vc_row][vc_column width=&#8221;1\/1&#8243;][vc_column_text] VISITER NAVARRA La Navarre est l&#8217;une des communaut\u00e9s autonomes espagnoles pr\u00e9sentant les meilleurs indicateurs de qualit\u00e9 de vie. Nous aimons nos racines et notre histoire, mais nous vivons en regardant vers l&#8217;avenir. C&#8217;est pourquoi nous sommes des pionniers en mati\u00e8re de m\u00e9decine, d&#8217;\u00e9nergies renouvelables et d&#8217;\u00e9ducation. En bref, nous sommes des experts en qualit\u00e9 de vie. Vall\u00e9es, for\u00eats, sources, cascades, cha\u00eenes de montagnes, d\u00e9sert, rivi\u00e8res, montagnes, gorges, parcs&#8230; Vous serez ravis de d\u00e9couvrir le contraste entre la for\u00eat d&#8217;Irati, le d\u00e9sert de la r\u00e9serve de biosph\u00e8re des Bardenas Reales, les pics et les vall\u00e9es des Pyr\u00e9n\u00e9es, les cha\u00eenes de montagnes ondul\u00e9es de la Zona Media et les plaines fertiles de La Ribera. Paysages et villages, ch\u00e2teaux, \u00e9glises et forteresses. La m\u00e9moire du Royaume de Navarre est pr\u00e9sente sur tout le territoire et nous parle de l&#8217;histoire qui fut, des rois et des nobles, de ce que nous sommes aujourd&#8217;hui, de notre histoire et de notre caract\u00e8re. &nbsp; VISITER PAMPLONA Pampelune est une ville confortable, accueillante, moderne, verte, s\u00fbre et dot\u00e9e d&#8217;un large \u00e9ventail de gastronomie \u00e0 base de produits locaux. Elle se distingue par ses services de sant\u00e9 et son engagement en faveur de la sant\u00e9 et [&hellip;]<\/p>\n","protected":false},"author":1,"featured_media":0,"parent":0,"menu_order":0,"comment_status":"closed","ping_status":"closed","template":"","meta":{"footnotes":""},"class_list":["post-12457","page","type-page","status-publish","hentry"],"yoast_head":"<!-- This site is optimized with the Yoast SEO plugin v23.5 - https:\/\/yoast.com\/wordpress\/plugins\/seo\/ -->\n<title>VISITEZ - VisitNavarra<\/title>\n<meta name=\"robots\" content=\"index, follow, max-snippet:-1, max-image-preview:large, max-video-preview:-1\" \/>\n<link rel=\"canonical\" href=\"https:\/\/visitnavarra.info\/visitnavarra\/fr\/visitar\/\" \/>\n<meta property=\"og:locale\" content=\"es_ES\" \/>\n<meta property=\"og:type\" content=\"article\" \/>\n<meta property=\"og:title\" content=\"VISITEZ - VisitNavarra\" \/>\n<meta property=\"og:description\" content=\"[vc_row][vc_column width=&#8221;1\/1&#8243;][\/vc_column][\/vc_row][vc_row][vc_column width=&#8221;1\/1&#8243;][vc_column_text] VISITER NAVARRA La Navarre est l&#8217;une des communaut\u00e9s autonomes espagnoles pr\u00e9sentant les meilleurs indicateurs de qualit\u00e9 de vie. Nous aimons nos racines et notre histoire, mais nous vivons en regardant vers l&#8217;avenir. C&#8217;est pourquoi nous sommes des pionniers en mati\u00e8re de m\u00e9decine, d&#8217;\u00e9nergies renouvelables et d&#8217;\u00e9ducation. En bref, nous sommes des experts en qualit\u00e9 de vie. Vall\u00e9es, for\u00eats, sources, cascades, cha\u00eenes de montagnes, d\u00e9sert, rivi\u00e8res, montagnes, gorges, parcs&#8230; Vous serez ravis de d\u00e9couvrir le contraste entre la for\u00eat d&#8217;Irati, le d\u00e9sert de la r\u00e9serve de biosph\u00e8re des Bardenas Reales, les pics et les vall\u00e9es des Pyr\u00e9n\u00e9es, les cha\u00eenes de montagnes ondul\u00e9es de la Zona Media et les plaines fertiles de La Ribera. Paysages et villages, ch\u00e2teaux, \u00e9glises et forteresses. La m\u00e9moire du Royaume de Navarre est pr\u00e9sente sur tout le territoire et nous parle de l&#8217;histoire qui fut, des rois et des nobles, de ce que nous sommes aujourd&#8217;hui, de notre histoire et de notre caract\u00e8re. &nbsp; VISITER PAMPLONA Pampelune est une ville confortable, accueillante, moderne, verte, s\u00fbre et dot\u00e9e d&#8217;un large \u00e9ventail de gastronomie \u00e0 base de produits locaux. Elle se distingue par ses services de sant\u00e9 et son engagement en faveur de la sant\u00e9 et [&hellip;]\" \/>\n<meta property=\"og:url\" content=\"https:\/\/visitnavarra.info\/visitnavarra\/fr\/visitar\/\" \/>\n<meta property=\"og:site_name\" content=\"VisitNavarra\" \/>\n<meta property=\"article:modified_time\" content=\"2022-10-06T12:15:12+00:00\" \/>\n<meta name=\"twitter:card\" content=\"summary_large_image\" \/>\n<meta name=\"twitter:label1\" content=\"Tiempo de lectura\" \/>\n\t<meta name=\"twitter:data1\" content=\"2 minutos\" \/>\n<script type=\"application\/ld+json\" class=\"yoast-schema-graph\">{\"@context\":\"https:\/\/schema.org\",\"@graph\":[{\"@type\":\"WebPage\",\"@id\":\"https:\/\/visitnavarra.info\/visitnavarra\/fr\/visitar\/\",\"url\":\"https:\/\/visitnavarra.info\/visitnavarra\/fr\/visitar\/\",\"name\":\"VISITEZ - VisitNavarra\",\"isPartOf\":{\"@id\":\"https:\/\/visitnavarra.info\/visitnavarra\/#website\"},\"datePublished\":\"2022-10-06T11:35:59+00:00\",\"dateModified\":\"2022-10-06T12:15:12+00:00\",\"breadcrumb\":{\"@id\":\"https:\/\/visitnavarra.info\/visitnavarra\/fr\/visitar\/#breadcrumb\"},\"inLanguage\":\"es\",\"potentialAction\":[{\"@type\":\"ReadAction\",\"target\":[\"https:\/\/visitnavarra.info\/visitnavarra\/fr\/visitar\/\"]}]},{\"@type\":\"BreadcrumbList\",\"@id\":\"https:\/\/visitnavarra.info\/visitnavarra\/fr\/visitar\/#breadcrumb\",\"itemListElement\":[{\"@type\":\"ListItem\",\"position\":1,\"name\":\"Portada\",\"item\":\"https:\/\/visitnavarra.info\/visitnavarra\/\"},{\"@type\":\"ListItem\",\"position\":2,\"name\":\"VISITEZ\"}]},{\"@type\":\"WebSite\",\"@id\":\"https:\/\/visitnavarra.info\/visitnavarra\/#website\",\"url\":\"https:\/\/visitnavarra.info\/visitnavarra\/\",\"name\":\"VisitNavarra\",\"description\":\"Alojamiento y experiencias tur\u00edsticas en Navarra; qu\u00e9 visitar en Navarra; comer en Navarra\",\"potentialAction\":[{\"@type\":\"SearchAction\",\"target\":{\"@type\":\"EntryPoint\",\"urlTemplate\":\"https:\/\/visitnavarra.info\/visitnavarra\/?s={search_term_string}\"},\"query-input\":{\"@type\":\"PropertyValueSpecification\",\"valueRequired\":true,\"valueName\":\"search_term_string\"}}],\"inLanguage\":\"es\"}]}<\/script>\n<!-- \/ Yoast SEO plugin. -->","yoast_head_json":{"title":"VISITEZ - VisitNavarra","robots":{"index":"index","follow":"follow","max-snippet":"max-snippet:-1","max-image-preview":"max-image-preview:large","max-video-preview":"max-video-preview:-1"},"canonical":"https:\/\/visitnavarra.info\/visitnavarra\/fr\/visitar\/","og_locale":"es_ES","og_type":"article","og_title":"VISITEZ - VisitNavarra","og_description":"[vc_row][vc_column width=&#8221;1\/1&#8243;][\/vc_column][\/vc_row][vc_row][vc_column width=&#8221;1\/1&#8243;][vc_column_text] VISITER NAVARRA La Navarre est l&#8217;une des communaut\u00e9s autonomes espagnoles pr\u00e9sentant les meilleurs indicateurs de qualit\u00e9 de vie. Nous aimons nos racines et notre histoire, mais nous vivons en regardant vers l&#8217;avenir. C&#8217;est pourquoi nous sommes des pionniers en mati\u00e8re de m\u00e9decine, d&#8217;\u00e9nergies renouvelables et d&#8217;\u00e9ducation. En bref, nous sommes des experts en qualit\u00e9 de vie. Vall\u00e9es, for\u00eats, sources, cascades, cha\u00eenes de montagnes, d\u00e9sert, rivi\u00e8res, montagnes, gorges, parcs&#8230; Vous serez ravis de d\u00e9couvrir le contraste entre la for\u00eat d&#8217;Irati, le d\u00e9sert de la r\u00e9serve de biosph\u00e8re des Bardenas Reales, les pics et les vall\u00e9es des Pyr\u00e9n\u00e9es, les cha\u00eenes de montagnes ondul\u00e9es de la Zona Media et les plaines fertiles de La Ribera. Paysages et villages, ch\u00e2teaux, \u00e9glises et forteresses. La m\u00e9moire du Royaume de Navarre est pr\u00e9sente sur tout le territoire et nous parle de l&#8217;histoire qui fut, des rois et des nobles, de ce que nous sommes aujourd&#8217;hui, de notre histoire et de notre caract\u00e8re. &nbsp; VISITER PAMPLONA Pampelune est une ville confortable, accueillante, moderne, verte, s\u00fbre et dot\u00e9e d&#8217;un large \u00e9ventail de gastronomie \u00e0 base de produits locaux. Elle se distingue par ses services de sant\u00e9 et son engagement en faveur de la sant\u00e9 et [&hellip;]","og_url":"https:\/\/visitnavarra.info\/visitnavarra\/fr\/visitar\/","og_site_name":"VisitNavarra","article_modified_time":"2022-10-06T12:15:12+00:00","twitter_card":"summary_large_image","twitter_misc":{"Tiempo de lectura":"2 minutos"},"schema":{"@context":"https:\/\/schema.org","@graph":[{"@type":"WebPage","@id":"https:\/\/visitnavarra.info\/visitnavarra\/fr\/visitar\/","url":"https:\/\/visitnavarra.info\/visitnavarra\/fr\/visitar\/","name":"VISITEZ - VisitNavarra","isPartOf":{"@id":"https:\/\/visitnavarra.info\/visitnavarra\/#website"},"datePublished":"2022-10-06T11:35:59+00:00","dateModified":"2022-10-06T12:15:12+00:00","breadcrumb":{"@id":"https:\/\/visitnavarra.info\/visitnavarra\/fr\/visitar\/#breadcrumb"},"inLanguage":"es","potentialAction":[{"@type":"ReadAction","target":["https:\/\/visitnavarra.info\/visitnavarra\/fr\/visitar\/"]}]},{"@type":"BreadcrumbList","@id":"https:\/\/visitnavarra.info\/visitnavarra\/fr\/visitar\/#breadcrumb","itemListElement":[{"@type":"ListItem","position":1,"name":"Portada","item":"https:\/\/visitnavarra.info\/visitnavarra\/"},{"@type":"ListItem","position":2,"name":"VISITEZ"}]},{"@type":"WebSite","@id":"https:\/\/visitnavarra.info\/visitnavarra\/#website","url":"https:\/\/visitnavarra.info\/visitnavarra\/","name":"VisitNavarra","description":"Alojamiento y experiencias tur\u00edsticas en Navarra; qu\u00e9 visitar en Navarra; comer en Navarra","potentialAction":[{"@type":"SearchAction","target":{"@type":"EntryPoint","urlTemplate":"https:\/\/visitnavarra.info\/visitnavarra\/?s={search_term_string}"},"query-input":{"@type":"PropertyValueSpecification","valueRequired":true,"valueName":"search_term_string"}}],"inLanguage":"es"}]}},"_links":{"self":[{"href":"https:\/\/visitnavarra.info\/visitnavarra\/wp-json\/wp\/v2\/pages\/12457","targetHints":{"allow":["GET"]}}],"collection":[{"href":"https:\/\/visitnavarra.info\/visitnavarra\/wp-json\/wp\/v2\/pages"}],"about":[{"href":"https:\/\/visitnavarra.info\/visitnavarra\/wp-json\/wp\/v2\/types\/page"}],"author":[{"embeddable":true,"href":"https:\/\/visitnavarra.info\/visitnavarra\/wp-json\/wp\/v2\/users\/1"}],"replies":[{"embeddable":true,"href":"https:\/\/visitnavarra.info\/visitnavarra\/wp-json\/wp\/v2\/comments?post=12457"}],"version-history":[{"count":4,"href":"https:\/\/visitnavarra.info\/visitnavarra\/wp-json\/wp\/v2\/pages\/12457\/revisions"}],"predecessor-version":[{"id":12502,"href":"https:\/\/visitnavarra.info\/visitnavarra\/wp-json\/wp\/v2\/pages\/12457\/revisions\/12502"}],"wp:attachment":[{"href":"https:\/\/visitnavarra.info\/visitnavarra\/wp-json\/wp\/v2\/media?parent=12457"}],"curies":[{"name":"wp","href":"https:\/\/api.w.org\/{rel}","templated":true}]}}