{"id":12474,"date":"2022-10-06T11:44:56","date_gmt":"2022-10-06T11:44:56","guid":{"rendered":"https:\/\/visitnavarra.info\/visitnavarra\/?page_id=12474"},"modified":"2022-10-06T11:49:05","modified_gmt":"2022-10-06T11:49:05","slug":"ayuntamiento-pamplona","status":"publish","type":"page","link":"https:\/\/visitnavarra.info\/visitnavarra\/ayuntamiento-pamplona\/","title":{"rendered":"Ayuntamiento Pamplona"},"content":{"rendered":"<p>[vc_row][vc_column width=&#8221;1\/1&#8243;]<div class=\"single_image wpb_content_element align-center    \" data-animation=\"none\" data-delay=\"0\"><img loading=\"lazy\" decoding=\"async\" width=\"1920\" height=\"526\" src=\"https:\/\/visitnavarra.info\/visitnavarra\/wp-content\/uploads\/2022\/10\/cabecera-visitar-ayuntamiento-pamplona.jpg\" class=\"attachment-full\" alt=\"\" srcset=\"https:\/\/visitnavarra.info\/visitnavarra\/wp-content\/uploads\/2022\/10\/cabecera-visitar-ayuntamiento-pamplona.jpg 1920w, https:\/\/visitnavarra.info\/visitnavarra\/wp-content\/uploads\/2022\/10\/cabecera-visitar-ayuntamiento-pamplona-300x82.jpg 300w, https:\/\/visitnavarra.info\/visitnavarra\/wp-content\/uploads\/2022\/10\/cabecera-visitar-ayuntamiento-pamplona-1024x281.jpg 1024w, https:\/\/visitnavarra.info\/visitnavarra\/wp-content\/uploads\/2022\/10\/cabecera-visitar-ayuntamiento-pamplona-768x210.jpg 768w, https:\/\/visitnavarra.info\/visitnavarra\/wp-content\/uploads\/2022\/10\/cabecera-visitar-ayuntamiento-pamplona-1536x421.jpg 1536w, https:\/\/visitnavarra.info\/visitnavarra\/wp-content\/uploads\/2022\/10\/cabecera-visitar-ayuntamiento-pamplona-320x88.jpg 320w, https:\/\/visitnavarra.info\/visitnavarra\/wp-content\/uploads\/2022\/10\/cabecera-visitar-ayuntamiento-pamplona-480x132.jpg 480w, https:\/\/visitnavarra.info\/visitnavarra\/wp-content\/uploads\/2022\/10\/cabecera-visitar-ayuntamiento-pamplona-800x219.jpg 800w\" sizes=\"auto, (max-width: 1920px) 100vw, 1920px\" \/><\/div><div class=\"spacer\" style=\"height: 40px;\"><\/div>[\/vc_column][\/vc_row][vc_row][vc_column][vc_column_text]<\/p>\n<h1><strong>AYUNTAMIENTO DE PAMPLONA<\/strong><\/h1>\n<p><a href=\"https:\/\/www.pamplona.es\/turismo\" target=\"Ayuntamiento Pamplona\" rel=\"noopener noreferrer\">www.pamplona.es\/turismo<\/a><\/p>\n<p>Pamplona es una ciudad c\u00f3moda, acogedora, moderna, verde, segura y con una amplia oferta gastron\u00f3mica basada en el producto local. Destaca por sus servicios sanitarios y compromiso por la salud y bienestar de sus habitantes y visitantes. Su recinto amurallado, salpicado de parques y jardines, en la que se vislumbra la huella del Camino de Santiago y San Ferm\u00edn, cuenta con una amplia oferta cultural, en la que destacan los festivales de gran calidad y de peque\u00f1o formato dirigidos a los amantes del arte. Su localizaci\u00f3n en el centro de Navarra y su cercan\u00eda a otros lugares como Donostia, Bilbao o el Pa\u00eds Vasco franc\u00e9s, hacen de Pamplona un lugar ideal para planificar las vacaciones o una escapada.<\/p>\n<h3><strong>PAMPLONA ES MURALLAS<\/strong><\/h3>\n<p>Declaradas Monumento Nacional y con m\u00e1s de 5 kil\u00f3metros de recorrido, las <a href=\"https:\/\/www.pamplona.es\/turismo\/murallas\" target=\"Murallas y Ciudadela\" rel=\"noopener noreferrer\">murallas y la Ciudadela de Pamplona<\/a> constituyen uno de los complejos militares renacentistas m\u00e1s interesantes y mejor conservados de Europa, siendo uno de los recursos tur\u00edsticos m\u00e1s importantes de la ciudad. La Ciudadela, reconvertida actualmente en un centro cultural gestionado por el Ayuntamiento, alberga numerosos eventos y festivales. Pamplona conserva adem\u00e1s un Casco Antiguo de trazado medieval formado por tres burgos, Navarrer\u00eda, San Cernin y la Poblaci\u00f3n de San Nicol\u00e1s, los cuales se unieron en el a\u00f1o 1423 cuando Carlos III dict\u00f3 el Privilegio de la Uni\u00f3n.<\/p>\n<h3><strong>PAMPLONA ES SAN FERM\u00cdN<\/strong><\/h3>\n<p>Las <a href=\"https:\/\/www.pamplona.es\/turismo\/sanfermin\" target=\"San Ferm\u00edn\" rel=\"noopener noreferrer\">fiestas de San Ferm\u00edn<\/a>, declaradas fiestas de Inter\u00e9s Tur\u00edstico Internacional en 1980, se celebran todos los a\u00f1os del 6 al 14 de julio. El comienzo de las fiestas es el d\u00eda 6 de julio a las 12:00 con el lanzamiento del cohete en el Chupinazo, y el final es el 14 de julio a las 00:00 con el Pobre de M\u00ed, la despedida oficial de los Sanfermines. Son unas fiestas de fama mundial. Nueve d\u00edas de fiesta ininterrumpida en los que Pamplona se transforma y en los que el protagonista principal es la gente. Es precisamente su car\u00e1cter participativo, diverso y espont\u00e1neo lo que hace que los Sanfermines sean unas fiestas \u00fanicas, irrepetibles y especiales en las que todas las personas pueden disfrutar libremente, a su manera y desde el respeto.<\/p>\n<h3><strong>PAMPLONA ES CAMINO<\/strong><\/h3>\n<p>Situada en el <a href=\"https:\/\/www.pamplona.es\/turismo\/camino\" target=\"Camino de Santiago\" rel=\"noopener noreferrer\">Camino de Santiago<\/a>, Pamplona es la primera ciudad en el peregrinaje desde Roncesvalles, lo que ha condicionado su historia y car\u00e1cter desde tiempos remotos. Al tratarse de la primera ciudad, se convierte en el primer punto de apoyo y de referencia para los miles de peregrinos que llegan durante el a\u00f1o, ofreciendo una amplia variedad de servicios orientados a sus necesidades. El <a href=\"https:\/\/www.pamplona.es\/turismo\/centro-de-interpretacion-ultreia\" target=\"Ultreia\" rel=\"noopener noreferrer\">Centro de Interpretaci\u00f3n del Camino de Santiago, Ultreia<\/a> muestra toda la historia de la ciudad y su relaci\u00f3n con el Camino de Santiago.<\/p>\n<h3><strong>PAMPLONA ES GASTRONOM\u00cdA<\/strong><\/h3>\n<p>Pamplona y Navarra ofrece a quien la visita el sabor de anta\u00f1o, porque en esta tierra se ha sabido conservar un <a href=\"https:\/\/www.pamplona.es\/turismo\/gastronomia\" target=\"Recetario tradicional Pamplona\" rel=\"noopener noreferrer\">recetario tradicional<\/a> que se nutre de todos los productos que proporciona el variado paisaje navarro y que hace de la comida un acontecimiento social. Pero tambi\u00e9n ha evolucionado y se ha renovado, siendo punto de mira del buen gourmet que no quiere perderse las creaciones de nuestros mejores chefs.<\/p>\n<h3><strong>PAMPLONA ES VERDE<\/strong><\/h3>\n<p>La historia y el desarrollo de la ciudad ha llevado a construir una localidad repleta de <a href=\"https:\/\/www.pamplona.es\/turismo\/verde\" target=\"Zonas verdes y \u00e1rboles\" rel=\"noopener noreferrer\">zonas verdes y \u00e1rboles<\/a>, en la que se funden el patrimonio cultural y la naturaleza urbana. Los parques m\u00e1s relevantes de la ciudad son los Jardines de la Taconera, el Parque de la Media Luna, el Paseo Fluvial del Arga, el parque de Yamaguchi y la Ciudadela y Vuelta del Castillo. Estas zonas hacen de Pamplona una ciudad verde con interesantes ejemplares de \u00e1rboles. Sus 300 hect\u00e1reas de zonas verdes suponen el 15% de la superficie de la ciudad.<\/p>\n<p><a href=\"https:\/\/www.pamplona.es\/turismo\/suscripcion-newsletter\" target=\"Agenda de eventos Pamplona\" rel=\"noopener noreferrer\">Suscr\u00edbete a nuestra agenda de eventos<\/a>.[\/vc_column_text]<div class=\"spacer\" style=\"height: 40px;\"><\/div>[\/vc_column][\/vc_row][vc_row][vc_column width=&#8221;1\/2&#8243;]<div class=\"single_image wpb_content_element align-center    \" data-animation=\"none\" data-delay=\"0\"><img loading=\"lazy\" decoding=\"async\" width=\"800\" height=\"400\" src=\"https:\/\/visitnavarra.info\/visitnavarra\/wp-content\/uploads\/2022\/10\/plaza-castillo-visitar-ayuntamiento.jpg\" class=\"attachment-full\" alt=\"\" srcset=\"https:\/\/visitnavarra.info\/visitnavarra\/wp-content\/uploads\/2022\/10\/plaza-castillo-visitar-ayuntamiento.jpg 800w, https:\/\/visitnavarra.info\/visitnavarra\/wp-content\/uploads\/2022\/10\/plaza-castillo-visitar-ayuntamiento-300x150.jpg 300w, https:\/\/visitnavarra.info\/visitnavarra\/wp-content\/uploads\/2022\/10\/plaza-castillo-visitar-ayuntamiento-768x384.jpg 768w, https:\/\/visitnavarra.info\/visitnavarra\/wp-content\/uploads\/2022\/10\/plaza-castillo-visitar-ayuntamiento-320x160.jpg 320w, https:\/\/visitnavarra.info\/visitnavarra\/wp-content\/uploads\/2022\/10\/plaza-castillo-visitar-ayuntamiento-480x240.jpg 480w\" sizes=\"auto, (max-width: 800px) 100vw, 800px\" \/><\/div><div class=\"spacer\" style=\"height: 40px;\"><\/div>[\/vc_column][vc_column width=&#8221;1\/2&#8243;]<div class=\"single_image wpb_content_element align-center    \" data-animation=\"none\" data-delay=\"0\"><img loading=\"lazy\" decoding=\"async\" width=\"800\" height=\"400\" src=\"https:\/\/visitnavarra.info\/visitnavarra\/wp-content\/uploads\/2022\/10\/ciudadela.jpg\" class=\"attachment-full\" alt=\"\" srcset=\"https:\/\/visitnavarra.info\/visitnavarra\/wp-content\/uploads\/2022\/10\/ciudadela.jpg 800w, https:\/\/visitnavarra.info\/visitnavarra\/wp-content\/uploads\/2022\/10\/ciudadela-300x150.jpg 300w, https:\/\/visitnavarra.info\/visitnavarra\/wp-content\/uploads\/2022\/10\/ciudadela-768x384.jpg 768w, https:\/\/visitnavarra.info\/visitnavarra\/wp-content\/uploads\/2022\/10\/ciudadela-320x160.jpg 320w, https:\/\/visitnavarra.info\/visitnavarra\/wp-content\/uploads\/2022\/10\/ciudadela-480x240.jpg 480w\" sizes=\"auto, (max-width: 800px) 100vw, 800px\" \/><\/div><div class=\"spacer\" style=\"height: 40px;\"><\/div>[\/vc_column][\/vc_row][vc_row][vc_column width=&#8221;1\/2&#8243;]<div class=\"single_image wpb_content_element align-center    \" data-animation=\"none\" data-delay=\"0\"><img loading=\"lazy\" decoding=\"async\" width=\"800\" height=\"400\" src=\"https:\/\/visitnavarra.info\/visitnavarra\/wp-content\/uploads\/2022\/10\/taconera.jpg\" class=\"attachment-full\" alt=\"\" srcset=\"https:\/\/visitnavarra.info\/visitnavarra\/wp-content\/uploads\/2022\/10\/taconera.jpg 800w, https:\/\/visitnavarra.info\/visitnavarra\/wp-content\/uploads\/2022\/10\/taconera-300x150.jpg 300w, https:\/\/visitnavarra.info\/visitnavarra\/wp-content\/uploads\/2022\/10\/taconera-768x384.jpg 768w, https:\/\/visitnavarra.info\/visitnavarra\/wp-content\/uploads\/2022\/10\/taconera-320x160.jpg 320w, https:\/\/visitnavarra.info\/visitnavarra\/wp-content\/uploads\/2022\/10\/taconera-480x240.jpg 480w\" sizes=\"auto, (max-width: 800px) 100vw, 800px\" \/><\/div><div class=\"spacer\" style=\"height: 40px;\"><\/div>[\/vc_column][vc_column width=&#8221;1\/2&#8243;]<div class=\"single_image wpb_content_element align-center    \" data-animation=\"none\" data-delay=\"0\"><img loading=\"lazy\" decoding=\"async\" width=\"800\" height=\"400\" src=\"https:\/\/visitnavarra.info\/visitnavarra\/wp-content\/uploads\/2022\/10\/portal-francia.jpg\" class=\"attachment-full\" alt=\"\" srcset=\"https:\/\/visitnavarra.info\/visitnavarra\/wp-content\/uploads\/2022\/10\/portal-francia.jpg 800w, https:\/\/visitnavarra.info\/visitnavarra\/wp-content\/uploads\/2022\/10\/portal-francia-300x150.jpg 300w, https:\/\/visitnavarra.info\/visitnavarra\/wp-content\/uploads\/2022\/10\/portal-francia-768x384.jpg 768w, https:\/\/visitnavarra.info\/visitnavarra\/wp-content\/uploads\/2022\/10\/portal-francia-320x160.jpg 320w, https:\/\/visitnavarra.info\/visitnavarra\/wp-content\/uploads\/2022\/10\/portal-francia-480x240.jpg 480w\" sizes=\"auto, (max-width: 800px) 100vw, 800px\" \/><\/div><div class=\"spacer\" style=\"height: 40px;\"><\/div>[\/vc_column][\/vc_row][vc_row][vc_column width=&#8221;1\/2&#8243;]<div class=\"single_image wpb_content_element align-center    \" data-animation=\"none\" data-delay=\"0\"><img loading=\"lazy\" decoding=\"async\" width=\"800\" height=\"400\" src=\"https:\/\/visitnavarra.info\/visitnavarra\/wp-content\/uploads\/2022\/10\/sartenes.jpg\" class=\"attachment-full\" alt=\"\" srcset=\"https:\/\/visitnavarra.info\/visitnavarra\/wp-content\/uploads\/2022\/10\/sartenes.jpg 800w, https:\/\/visitnavarra.info\/visitnavarra\/wp-content\/uploads\/2022\/10\/sartenes-300x150.jpg 300w, https:\/\/visitnavarra.info\/visitnavarra\/wp-content\/uploads\/2022\/10\/sartenes-768x384.jpg 768w, https:\/\/visitnavarra.info\/visitnavarra\/wp-content\/uploads\/2022\/10\/sartenes-320x160.jpg 320w, https:\/\/visitnavarra.info\/visitnavarra\/wp-content\/uploads\/2022\/10\/sartenes-480x240.jpg 480w\" sizes=\"auto, (max-width: 800px) 100vw, 800px\" \/><\/div><div class=\"spacer\" style=\"height: 40px;\"><\/div>[\/vc_column][vc_column width=&#8221;1\/2&#8243;]<div class=\"single_image wpb_content_element align-center    \" data-animation=\"none\" data-delay=\"0\"><img loading=\"lazy\" decoding=\"async\" width=\"800\" height=\"400\" src=\"https:\/\/visitnavarra.info\/visitnavarra\/wp-content\/uploads\/2022\/10\/muralla.jpg\" class=\"attachment-full\" alt=\"\" srcset=\"https:\/\/visitnavarra.info\/visitnavarra\/wp-content\/uploads\/2022\/10\/muralla.jpg 800w, https:\/\/visitnavarra.info\/visitnavarra\/wp-content\/uploads\/2022\/10\/muralla-300x150.jpg 300w, https:\/\/visitnavarra.info\/visitnavarra\/wp-content\/uploads\/2022\/10\/muralla-768x384.jpg 768w, https:\/\/visitnavarra.info\/visitnavarra\/wp-content\/uploads\/2022\/10\/muralla-320x160.jpg 320w, https:\/\/visitnavarra.info\/visitnavarra\/wp-content\/uploads\/2022\/10\/muralla-480x240.jpg 480w\" sizes=\"auto, (max-width: 800px) 100vw, 800px\" \/><\/div><div class=\"spacer\" style=\"height: 40px;\"><\/div>[\/vc_column][\/vc_row]<\/p>\n","protected":false},"excerpt":{"rendered":"<p>[vc_row][vc_column width=&#8221;1\/1&#8243;][\/vc_column][\/vc_row][vc_row][vc_column][vc_column_text] AYUNTAMIENTO DE PAMPLONA www.pamplona.es\/turismo Pamplona es una ciudad c\u00f3moda, acogedora, moderna, verde, segura y con una amplia oferta gastron\u00f3mica basada en el producto local. Destaca por sus servicios sanitarios y compromiso por la salud y bienestar de sus habitantes y visitantes. Su recinto amurallado, salpicado de parques y jardines, en la que se vislumbra la huella del Camino de Santiago y San Ferm\u00edn, cuenta con una amplia oferta cultural, en la que destacan los festivales de gran calidad y de peque\u00f1o formato dirigidos a los amantes del arte. Su localizaci\u00f3n en el centro de Navarra y su cercan\u00eda a otros lugares como Donostia, Bilbao o el Pa\u00eds Vasco franc\u00e9s, hacen de Pamplona un lugar ideal para planificar las vacaciones o una escapada. PAMPLONA ES MURALLAS Declaradas Monumento Nacional y con m\u00e1s de 5 kil\u00f3metros de recorrido, las murallas y la Ciudadela de Pamplona constituyen uno de los complejos militares renacentistas m\u00e1s interesantes y mejor conservados de Europa, siendo uno de los recursos tur\u00edsticos m\u00e1s importantes de la ciudad. La Ciudadela, reconvertida actualmente en un centro cultural gestionado por el Ayuntamiento, alberga numerosos eventos y festivales. Pamplona conserva adem\u00e1s un Casco Antiguo de trazado medieval formado por tres burgos, [&hellip;]<\/p>\n","protected":false},"author":1,"featured_media":0,"parent":0,"menu_order":0,"comment_status":"closed","ping_status":"closed","template":"","meta":{"footnotes":""},"class_list":["post-12474","page","type-page","status-publish","hentry"],"yoast_head":"<!-- This site is optimized with the Yoast SEO plugin v23.5 - https:\/\/yoast.com\/wordpress\/plugins\/seo\/ -->\n<title>Ayuntamiento Pamplona - VisitNavarra<\/title>\n<meta name=\"robots\" content=\"index, follow, max-snippet:-1, max-image-preview:large, max-video-preview:-1\" \/>\n<link rel=\"canonical\" href=\"https:\/\/visitnavarra.info\/visitnavarra\/ayuntamiento-pamplona\/\" \/>\n<meta property=\"og:locale\" content=\"es_ES\" \/>\n<meta property=\"og:type\" content=\"article\" \/>\n<meta property=\"og:title\" content=\"Ayuntamiento Pamplona - VisitNavarra\" \/>\n<meta property=\"og:description\" content=\"[vc_row][vc_column width=&#8221;1\/1&#8243;][\/vc_column][\/vc_row][vc_row][vc_column][vc_column_text] AYUNTAMIENTO DE PAMPLONA www.pamplona.es\/turismo Pamplona es una ciudad c\u00f3moda, acogedora, moderna, verde, segura y con una amplia oferta gastron\u00f3mica basada en el producto local. Destaca por sus servicios sanitarios y compromiso por la salud y bienestar de sus habitantes y visitantes. Su recinto amurallado, salpicado de parques y jardines, en la que se vislumbra la huella del Camino de Santiago y San Ferm\u00edn, cuenta con una amplia oferta cultural, en la que destacan los festivales de gran calidad y de peque\u00f1o formato dirigidos a los amantes del arte. Su localizaci\u00f3n en el centro de Navarra y su cercan\u00eda a otros lugares como Donostia, Bilbao o el Pa\u00eds Vasco franc\u00e9s, hacen de Pamplona un lugar ideal para planificar las vacaciones o una escapada. PAMPLONA ES MURALLAS Declaradas Monumento Nacional y con m\u00e1s de 5 kil\u00f3metros de recorrido, las murallas y la Ciudadela de Pamplona constituyen uno de los complejos militares renacentistas m\u00e1s interesantes y mejor conservados de Europa, siendo uno de los recursos tur\u00edsticos m\u00e1s importantes de la ciudad. La Ciudadela, reconvertida actualmente en un centro cultural gestionado por el Ayuntamiento, alberga numerosos eventos y festivales. Pamplona conserva adem\u00e1s un Casco Antiguo de trazado medieval formado por tres burgos, [&hellip;]\" \/>\n<meta property=\"og:url\" content=\"https:\/\/visitnavarra.info\/visitnavarra\/ayuntamiento-pamplona\/\" \/>\n<meta property=\"og:site_name\" content=\"VisitNavarra\" \/>\n<meta property=\"article:modified_time\" content=\"2022-10-06T11:49:05+00:00\" \/>\n<meta name=\"twitter:card\" content=\"summary_large_image\" \/>\n<meta name=\"twitter:label1\" content=\"Tiempo de lectura\" \/>\n\t<meta name=\"twitter:data1\" content=\"3 minutos\" \/>\n<script type=\"application\/ld+json\" class=\"yoast-schema-graph\">{\"@context\":\"https:\/\/schema.org\",\"@graph\":[{\"@type\":\"WebPage\",\"@id\":\"https:\/\/visitnavarra.info\/visitnavarra\/ayuntamiento-pamplona\/\",\"url\":\"https:\/\/visitnavarra.info\/visitnavarra\/ayuntamiento-pamplona\/\",\"name\":\"Ayuntamiento Pamplona - VisitNavarra\",\"isPartOf\":{\"@id\":\"https:\/\/visitnavarra.info\/visitnavarra\/#website\"},\"datePublished\":\"2022-10-06T11:44:56+00:00\",\"dateModified\":\"2022-10-06T11:49:05+00:00\",\"breadcrumb\":{\"@id\":\"https:\/\/visitnavarra.info\/visitnavarra\/ayuntamiento-pamplona\/#breadcrumb\"},\"inLanguage\":\"es\",\"potentialAction\":[{\"@type\":\"ReadAction\",\"target\":[\"https:\/\/visitnavarra.info\/visitnavarra\/ayuntamiento-pamplona\/\"]}]},{\"@type\":\"BreadcrumbList\",\"@id\":\"https:\/\/visitnavarra.info\/visitnavarra\/ayuntamiento-pamplona\/#breadcrumb\",\"itemListElement\":[{\"@type\":\"ListItem\",\"position\":1,\"name\":\"Portada\",\"item\":\"https:\/\/visitnavarra.info\/visitnavarra\/\"},{\"@type\":\"ListItem\",\"position\":2,\"name\":\"Ayuntamiento Pamplona\"}]},{\"@type\":\"WebSite\",\"@id\":\"https:\/\/visitnavarra.info\/visitnavarra\/#website\",\"url\":\"https:\/\/visitnavarra.info\/visitnavarra\/\",\"name\":\"VisitNavarra\",\"description\":\"Alojamiento y experiencias tur\u00edsticas en Navarra; qu\u00e9 visitar en Navarra; comer en Navarra\",\"potentialAction\":[{\"@type\":\"SearchAction\",\"target\":{\"@type\":\"EntryPoint\",\"urlTemplate\":\"https:\/\/visitnavarra.info\/visitnavarra\/?s={search_term_string}\"},\"query-input\":{\"@type\":\"PropertyValueSpecification\",\"valueRequired\":true,\"valueName\":\"search_term_string\"}}],\"inLanguage\":\"es\"}]}<\/script>\n<!-- \/ Yoast SEO plugin. -->","yoast_head_json":{"title":"Ayuntamiento Pamplona - VisitNavarra","robots":{"index":"index","follow":"follow","max-snippet":"max-snippet:-1","max-image-preview":"max-image-preview:large","max-video-preview":"max-video-preview:-1"},"canonical":"https:\/\/visitnavarra.info\/visitnavarra\/ayuntamiento-pamplona\/","og_locale":"es_ES","og_type":"article","og_title":"Ayuntamiento Pamplona - VisitNavarra","og_description":"[vc_row][vc_column width=&#8221;1\/1&#8243;][\/vc_column][\/vc_row][vc_row][vc_column][vc_column_text] AYUNTAMIENTO DE PAMPLONA www.pamplona.es\/turismo Pamplona es una ciudad c\u00f3moda, acogedora, moderna, verde, segura y con una amplia oferta gastron\u00f3mica basada en el producto local. Destaca por sus servicios sanitarios y compromiso por la salud y bienestar de sus habitantes y visitantes. Su recinto amurallado, salpicado de parques y jardines, en la que se vislumbra la huella del Camino de Santiago y San Ferm\u00edn, cuenta con una amplia oferta cultural, en la que destacan los festivales de gran calidad y de peque\u00f1o formato dirigidos a los amantes del arte. Su localizaci\u00f3n en el centro de Navarra y su cercan\u00eda a otros lugares como Donostia, Bilbao o el Pa\u00eds Vasco franc\u00e9s, hacen de Pamplona un lugar ideal para planificar las vacaciones o una escapada. PAMPLONA ES MURALLAS Declaradas Monumento Nacional y con m\u00e1s de 5 kil\u00f3metros de recorrido, las murallas y la Ciudadela de Pamplona constituyen uno de los complejos militares renacentistas m\u00e1s interesantes y mejor conservados de Europa, siendo uno de los recursos tur\u00edsticos m\u00e1s importantes de la ciudad. La Ciudadela, reconvertida actualmente en un centro cultural gestionado por el Ayuntamiento, alberga numerosos eventos y festivales. Pamplona conserva adem\u00e1s un Casco Antiguo de trazado medieval formado por tres burgos, [&hellip;]","og_url":"https:\/\/visitnavarra.info\/visitnavarra\/ayuntamiento-pamplona\/","og_site_name":"VisitNavarra","article_modified_time":"2022-10-06T11:49:05+00:00","twitter_card":"summary_large_image","twitter_misc":{"Tiempo de lectura":"3 minutos"},"schema":{"@context":"https:\/\/schema.org","@graph":[{"@type":"WebPage","@id":"https:\/\/visitnavarra.info\/visitnavarra\/ayuntamiento-pamplona\/","url":"https:\/\/visitnavarra.info\/visitnavarra\/ayuntamiento-pamplona\/","name":"Ayuntamiento Pamplona - VisitNavarra","isPartOf":{"@id":"https:\/\/visitnavarra.info\/visitnavarra\/#website"},"datePublished":"2022-10-06T11:44:56+00:00","dateModified":"2022-10-06T11:49:05+00:00","breadcrumb":{"@id":"https:\/\/visitnavarra.info\/visitnavarra\/ayuntamiento-pamplona\/#breadcrumb"},"inLanguage":"es","potentialAction":[{"@type":"ReadAction","target":["https:\/\/visitnavarra.info\/visitnavarra\/ayuntamiento-pamplona\/"]}]},{"@type":"BreadcrumbList","@id":"https:\/\/visitnavarra.info\/visitnavarra\/ayuntamiento-pamplona\/#breadcrumb","itemListElement":[{"@type":"ListItem","position":1,"name":"Portada","item":"https:\/\/visitnavarra.info\/visitnavarra\/"},{"@type":"ListItem","position":2,"name":"Ayuntamiento Pamplona"}]},{"@type":"WebSite","@id":"https:\/\/visitnavarra.info\/visitnavarra\/#website","url":"https:\/\/visitnavarra.info\/visitnavarra\/","name":"VisitNavarra","description":"Alojamiento y experiencias tur\u00edsticas en Navarra; qu\u00e9 visitar en Navarra; comer en Navarra","potentialAction":[{"@type":"SearchAction","target":{"@type":"EntryPoint","urlTemplate":"https:\/\/visitnavarra.info\/visitnavarra\/?s={search_term_string}"},"query-input":{"@type":"PropertyValueSpecification","valueRequired":true,"valueName":"search_term_string"}}],"inLanguage":"es"}]}},"_links":{"self":[{"href":"https:\/\/visitnavarra.info\/visitnavarra\/wp-json\/wp\/v2\/pages\/12474","targetHints":{"allow":["GET"]}}],"collection":[{"href":"https:\/\/visitnavarra.info\/visitnavarra\/wp-json\/wp\/v2\/pages"}],"about":[{"href":"https:\/\/visitnavarra.info\/visitnavarra\/wp-json\/wp\/v2\/types\/page"}],"author":[{"embeddable":true,"href":"https:\/\/visitnavarra.info\/visitnavarra\/wp-json\/wp\/v2\/users\/1"}],"replies":[{"embeddable":true,"href":"https:\/\/visitnavarra.info\/visitnavarra\/wp-json\/wp\/v2\/comments?post=12474"}],"version-history":[{"count":3,"href":"https:\/\/visitnavarra.info\/visitnavarra\/wp-json\/wp\/v2\/pages\/12474\/revisions"}],"predecessor-version":[{"id":12477,"href":"https:\/\/visitnavarra.info\/visitnavarra\/wp-json\/wp\/v2\/pages\/12474\/revisions\/12477"}],"wp:attachment":[{"href":"https:\/\/visitnavarra.info\/visitnavarra\/wp-json\/wp\/v2\/media?parent=12474"}],"curies":[{"name":"wp","href":"https:\/\/api.w.org\/{rel}","templated":true}]}}