{"id":12505,"date":"2022-10-06T12:20:48","date_gmt":"2022-10-06T12:20:48","guid":{"rendered":"https:\/\/visitnavarra.info\/visitnavarra\/?page_id=12505"},"modified":"2022-10-06T12:23:33","modified_gmt":"2022-10-06T12:23:33","slug":"gobierno-de-navarra","status":"publish","type":"page","link":"https:\/\/visitnavarra.info\/visitnavarra\/gobierno-de-navarra\/","title":{"rendered":"Gobierno de Navarra"},"content":{"rendered":"<p>[vc_row][vc_column width=&#8221;1\/1&#8243;]<div class=\"single_image wpb_content_element align-center    \" data-animation=\"none\" data-delay=\"0\"><img loading=\"lazy\" decoding=\"async\" width=\"1920\" height=\"526\" src=\"https:\/\/visitnavarra.info\/visitnavarra\/wp-content\/uploads\/2022\/10\/cabecera-visitar-gobierno-navarra.jpg\" class=\"attachment-full\" alt=\"\" srcset=\"https:\/\/visitnavarra.info\/visitnavarra\/wp-content\/uploads\/2022\/10\/cabecera-visitar-gobierno-navarra.jpg 1920w, https:\/\/visitnavarra.info\/visitnavarra\/wp-content\/uploads\/2022\/10\/cabecera-visitar-gobierno-navarra-300x82.jpg 300w, https:\/\/visitnavarra.info\/visitnavarra\/wp-content\/uploads\/2022\/10\/cabecera-visitar-gobierno-navarra-1024x281.jpg 1024w, https:\/\/visitnavarra.info\/visitnavarra\/wp-content\/uploads\/2022\/10\/cabecera-visitar-gobierno-navarra-768x210.jpg 768w, https:\/\/visitnavarra.info\/visitnavarra\/wp-content\/uploads\/2022\/10\/cabecera-visitar-gobierno-navarra-1536x421.jpg 1536w, https:\/\/visitnavarra.info\/visitnavarra\/wp-content\/uploads\/2022\/10\/cabecera-visitar-gobierno-navarra-320x88.jpg 320w, https:\/\/visitnavarra.info\/visitnavarra\/wp-content\/uploads\/2022\/10\/cabecera-visitar-gobierno-navarra-480x132.jpg 480w, https:\/\/visitnavarra.info\/visitnavarra\/wp-content\/uploads\/2022\/10\/cabecera-visitar-gobierno-navarra-800x219.jpg 800w\" sizes=\"auto, (max-width: 1920px) 100vw, 1920px\" \/><\/div><div class=\"spacer\" style=\"height: 40px;\"><\/div>[\/vc_column][\/vc_row][vc_row][vc_column width=&#8221;1\/1&#8243;][vc_column_text]<\/p>\n<h1><strong>GOBIERNO DE NAVARRA (Departamento de Turismo)<\/strong><\/h1>\n<div class=\"destacado_resumen\"><strong>WEB<\/strong>: <a href=\"https:\/\/www.turismo.navarra.es\/esp\/home\/\" target=\"BALNEARIO ELGORRIAGA web oficial\" rel=\"noopener noreferrer\">www.turismo.navarra.es<\/a><\/div>\n<h3><strong>CONTAMOS CON LA MEDICINA M\u00c1S AVANZADA EN EL ENTORNO M\u00c1S SALUDABLE<\/strong><\/h3>\n<p>Navarra es un referente sanitario internacional debido al reconocido prestigio de su sistema m\u00e9dico y hospitalario. Comunidad que ama sus raices y su historia como reino pero vive mirando al futuro. Pioneros en energ\u00edas renovables, en medicina y en educaci\u00f3n. Expertos en calidad de vida. La capital del Reyno, Pamplona, es una ciudad verde y amurallada. Escenario de los Sanfermines, la gran fiesta universal. Alojamientos excelentes y una cocina de ayer y de hoy basada en los mejores productos. Tradici\u00f3n, servicio e innovaci\u00f3n.<\/p>\n<h3><strong>CALIDAD DE VIDA<\/strong><\/h3>\n<p>Navarra es una de las comunidades aut\u00f3nomas espa\u00f1olas con mejores indicadores de calidad de vida. Amamos nuestras ra\u00edces y nuestra historia, pero vivimos mirando al futuro. Por ello somos pioneros en Medicina, Energ\u00edas Renovables y Educaci\u00f3n. En definitiva, somos expertos en calidad de vida.<\/p>\n<h3><strong>NATURALEZA QUE EMOCIONA<\/strong><\/h3>\n<p>Valles, bosques, nacederos, cascadas, sierras, desierto, r\u00edos, monta\u00f1as, gargantas, parques&#8230; Te emocionar\u00e1 descubrir el contraste entre la Selva de Irati, el desierto de las Bardenas Reales -Reserva de la Biosfera-, los picos y valles del Pirineo, las ondulantes sierras de la Zona Media y las f\u00e9rtiles llanuras de La Ribera.<\/p>\n<h3><strong>LA HISTORIA DE UN REYNO<\/strong><\/h3>\n<p>Paisajes y pueblos, castillos, iglesias y fortalezas. La memoria del Reyno de Navarra est\u00e1 presente en todo el territorio y nos habla de la historia que fue, de reyes y nobles, de lo que hoy somos, de nuestra historia y nuestro car\u00e1cter.<\/p>\n<h3><strong>PUERTA DE ENTRADA DEL CAMINO DE SANTIAGO<\/strong><\/h3>\n<p>El aut\u00e9ntico Camino, el Camino Franc\u00e9s, declarado Patrimonio de la Humanidad por la UNESCO, se adentra en Espa\u00f1a a trav\u00e9s de Navarra. Percibe las huellas dejadas por los peregrinos durante siglos y una experiencia vital, \u00fanica y singular.[\/vc_column_text]<div class=\"spacer\" style=\"height: 40px;\"><\/div>[\/vc_column][\/vc_row][vc_row][vc_column width=&#8221;1\/2&#8243;]<div class=\"single_image wpb_content_element align-center    \" data-animation=\"none\" data-delay=\"0\"><img loading=\"lazy\" decoding=\"async\" width=\"800\" height=\"400\" src=\"https:\/\/visitnavarra.info\/visitnavarra\/wp-content\/uploads\/2022\/10\/embalse.jpg\" class=\"attachment-full\" alt=\"\" srcset=\"https:\/\/visitnavarra.info\/visitnavarra\/wp-content\/uploads\/2022\/10\/embalse.jpg 800w, https:\/\/visitnavarra.info\/visitnavarra\/wp-content\/uploads\/2022\/10\/embalse-300x150.jpg 300w, https:\/\/visitnavarra.info\/visitnavarra\/wp-content\/uploads\/2022\/10\/embalse-768x384.jpg 768w, https:\/\/visitnavarra.info\/visitnavarra\/wp-content\/uploads\/2022\/10\/embalse-320x160.jpg 320w, https:\/\/visitnavarra.info\/visitnavarra\/wp-content\/uploads\/2022\/10\/embalse-480x240.jpg 480w\" sizes=\"auto, (max-width: 800px) 100vw, 800px\" \/><\/div><div class=\"spacer\" style=\"height: 40px;\"><\/div>[\/vc_column][vc_column width=&#8221;1\/2&#8243;]<div class=\"single_image wpb_content_element align-center    \" data-animation=\"none\" data-delay=\"0\"><img loading=\"lazy\" decoding=\"async\" width=\"800\" height=\"400\" src=\"https:\/\/visitnavarra.info\/visitnavarra\/wp-content\/uploads\/2022\/10\/castillo-olite.jpg\" class=\"attachment-full\" alt=\"\" srcset=\"https:\/\/visitnavarra.info\/visitnavarra\/wp-content\/uploads\/2022\/10\/castillo-olite.jpg 800w, https:\/\/visitnavarra.info\/visitnavarra\/wp-content\/uploads\/2022\/10\/castillo-olite-300x150.jpg 300w, https:\/\/visitnavarra.info\/visitnavarra\/wp-content\/uploads\/2022\/10\/castillo-olite-768x384.jpg 768w, https:\/\/visitnavarra.info\/visitnavarra\/wp-content\/uploads\/2022\/10\/castillo-olite-320x160.jpg 320w, https:\/\/visitnavarra.info\/visitnavarra\/wp-content\/uploads\/2022\/10\/castillo-olite-480x240.jpg 480w\" sizes=\"auto, (max-width: 800px) 100vw, 800px\" \/><\/div><div class=\"spacer\" style=\"height: 40px;\"><\/div>[\/vc_column][\/vc_row][vc_row][vc_column width=&#8221;1\/2&#8243;]<div class=\"single_image wpb_content_element align-center    \" data-animation=\"none\" data-delay=\"0\"><img loading=\"lazy\" decoding=\"async\" width=\"800\" height=\"400\" src=\"https:\/\/visitnavarra.info\/visitnavarra\/wp-content\/uploads\/2022\/10\/bardenas-reales.jpg\" class=\"attachment-full\" alt=\"\" srcset=\"https:\/\/visitnavarra.info\/visitnavarra\/wp-content\/uploads\/2022\/10\/bardenas-reales.jpg 800w, https:\/\/visitnavarra.info\/visitnavarra\/wp-content\/uploads\/2022\/10\/bardenas-reales-300x150.jpg 300w, https:\/\/visitnavarra.info\/visitnavarra\/wp-content\/uploads\/2022\/10\/bardenas-reales-768x384.jpg 768w, https:\/\/visitnavarra.info\/visitnavarra\/wp-content\/uploads\/2022\/10\/bardenas-reales-320x160.jpg 320w, https:\/\/visitnavarra.info\/visitnavarra\/wp-content\/uploads\/2022\/10\/bardenas-reales-480x240.jpg 480w\" sizes=\"auto, (max-width: 800px) 100vw, 800px\" \/><\/div><div class=\"spacer\" style=\"height: 40px;\"><\/div>[\/vc_column][vc_column width=&#8221;1\/2&#8243;]<div class=\"single_image wpb_content_element align-center    \" data-animation=\"none\" data-delay=\"0\"><img loading=\"lazy\" decoding=\"async\" width=\"800\" height=\"400\" src=\"https:\/\/visitnavarra.info\/visitnavarra\/wp-content\/uploads\/2022\/10\/andando-montes.jpg\" class=\"attachment-full\" alt=\"\" srcset=\"https:\/\/visitnavarra.info\/visitnavarra\/wp-content\/uploads\/2022\/10\/andando-montes.jpg 800w, https:\/\/visitnavarra.info\/visitnavarra\/wp-content\/uploads\/2022\/10\/andando-montes-300x150.jpg 300w, https:\/\/visitnavarra.info\/visitnavarra\/wp-content\/uploads\/2022\/10\/andando-montes-768x384.jpg 768w, https:\/\/visitnavarra.info\/visitnavarra\/wp-content\/uploads\/2022\/10\/andando-montes-320x160.jpg 320w, https:\/\/visitnavarra.info\/visitnavarra\/wp-content\/uploads\/2022\/10\/andando-montes-480x240.jpg 480w\" sizes=\"auto, (max-width: 800px) 100vw, 800px\" \/><\/div><div class=\"spacer\" style=\"height: 40px;\"><\/div>[\/vc_column][\/vc_row][vc_row][vc_column width=&#8221;1\/2&#8243;]<div class=\"single_image wpb_content_element align-center    \" data-animation=\"none\" data-delay=\"0\"><img loading=\"lazy\" decoding=\"async\" width=\"800\" height=\"400\" src=\"https:\/\/visitnavarra.info\/visitnavarra\/wp-content\/uploads\/2022\/10\/danzantes.jpg\" class=\"attachment-full\" alt=\"\" srcset=\"https:\/\/visitnavarra.info\/visitnavarra\/wp-content\/uploads\/2022\/10\/danzantes.jpg 800w, https:\/\/visitnavarra.info\/visitnavarra\/wp-content\/uploads\/2022\/10\/danzantes-300x150.jpg 300w, https:\/\/visitnavarra.info\/visitnavarra\/wp-content\/uploads\/2022\/10\/danzantes-768x384.jpg 768w, https:\/\/visitnavarra.info\/visitnavarra\/wp-content\/uploads\/2022\/10\/danzantes-320x160.jpg 320w, https:\/\/visitnavarra.info\/visitnavarra\/wp-content\/uploads\/2022\/10\/danzantes-480x240.jpg 480w\" sizes=\"auto, (max-width: 800px) 100vw, 800px\" \/><\/div><div class=\"spacer\" style=\"height: 40px;\"><\/div>[\/vc_column][vc_column width=&#8221;1\/2&#8243;]<div class=\"single_image wpb_content_element align-center    \" data-animation=\"none\" data-delay=\"0\"><img loading=\"lazy\" decoding=\"async\" width=\"800\" height=\"400\" src=\"https:\/\/visitnavarra.info\/visitnavarra\/wp-content\/uploads\/2022\/10\/otono.jpg\" class=\"attachment-full\" alt=\"\" srcset=\"https:\/\/visitnavarra.info\/visitnavarra\/wp-content\/uploads\/2022\/10\/otono.jpg 800w, https:\/\/visitnavarra.info\/visitnavarra\/wp-content\/uploads\/2022\/10\/otono-300x150.jpg 300w, https:\/\/visitnavarra.info\/visitnavarra\/wp-content\/uploads\/2022\/10\/otono-768x384.jpg 768w, https:\/\/visitnavarra.info\/visitnavarra\/wp-content\/uploads\/2022\/10\/otono-320x160.jpg 320w, https:\/\/visitnavarra.info\/visitnavarra\/wp-content\/uploads\/2022\/10\/otono-480x240.jpg 480w\" sizes=\"auto, (max-width: 800px) 100vw, 800px\" \/><\/div><div class=\"spacer\" style=\"height: 40px;\"><\/div>[\/vc_column][\/vc_row]<\/p>\n","protected":false},"excerpt":{"rendered":"<p>[vc_row][vc_column width=&#8221;1\/1&#8243;][\/vc_column][\/vc_row][vc_row][vc_column width=&#8221;1\/1&#8243;][vc_column_text] GOBIERNO DE NAVARRA (Departamento de Turismo) WEB: www.turismo.navarra.es CONTAMOS CON LA MEDICINA M\u00c1S AVANZADA EN EL ENTORNO M\u00c1S SALUDABLE Navarra es un referente sanitario internacional debido al reconocido prestigio de su sistema m\u00e9dico y hospitalario. Comunidad que ama sus raices y su historia como reino pero vive mirando al futuro. Pioneros en energ\u00edas renovables, en medicina y en educaci\u00f3n. Expertos en calidad de vida. La capital del Reyno, Pamplona, es una ciudad verde y amurallada. Escenario de los Sanfermines, la gran fiesta universal. Alojamientos excelentes y una cocina de ayer y de hoy basada en los mejores productos. Tradici\u00f3n, servicio e innovaci\u00f3n. CALIDAD DE VIDA Navarra es una de las comunidades aut\u00f3nomas espa\u00f1olas con mejores indicadores de calidad de vida. Amamos nuestras ra\u00edces y nuestra historia, pero vivimos mirando al futuro. Por ello somos pioneros en Medicina, Energ\u00edas Renovables y Educaci\u00f3n. En definitiva, somos expertos en calidad de vida. NATURALEZA QUE EMOCIONA Valles, bosques, nacederos, cascadas, sierras, desierto, r\u00edos, monta\u00f1as, gargantas, parques&#8230; Te emocionar\u00e1 descubrir el contraste entre la Selva de Irati, el desierto de las Bardenas Reales -Reserva de la Biosfera-, los picos y valles del Pirineo, las ondulantes sierras de la Zona Media y las [&hellip;]<\/p>\n","protected":false},"author":1,"featured_media":0,"parent":0,"menu_order":0,"comment_status":"closed","ping_status":"closed","template":"","meta":{"footnotes":""},"class_list":["post-12505","page","type-page","status-publish","hentry"],"yoast_head":"<!-- This site is optimized with the Yoast SEO plugin v23.5 - https:\/\/yoast.com\/wordpress\/plugins\/seo\/ -->\n<title>Gobierno de Navarra - VisitNavarra<\/title>\n<meta name=\"robots\" content=\"index, follow, max-snippet:-1, max-image-preview:large, max-video-preview:-1\" \/>\n<link rel=\"canonical\" href=\"https:\/\/visitnavarra.info\/visitnavarra\/gobierno-de-navarra\/\" \/>\n<meta property=\"og:locale\" content=\"es_ES\" \/>\n<meta property=\"og:type\" content=\"article\" \/>\n<meta property=\"og:title\" content=\"Gobierno de Navarra - VisitNavarra\" \/>\n<meta property=\"og:description\" content=\"[vc_row][vc_column width=&#8221;1\/1&#8243;][\/vc_column][\/vc_row][vc_row][vc_column width=&#8221;1\/1&#8243;][vc_column_text] GOBIERNO DE NAVARRA (Departamento de Turismo) WEB: www.turismo.navarra.es CONTAMOS CON LA MEDICINA M\u00c1S AVANZADA EN EL ENTORNO M\u00c1S SALUDABLE Navarra es un referente sanitario internacional debido al reconocido prestigio de su sistema m\u00e9dico y hospitalario. Comunidad que ama sus raices y su historia como reino pero vive mirando al futuro. Pioneros en energ\u00edas renovables, en medicina y en educaci\u00f3n. Expertos en calidad de vida. La capital del Reyno, Pamplona, es una ciudad verde y amurallada. Escenario de los Sanfermines, la gran fiesta universal. Alojamientos excelentes y una cocina de ayer y de hoy basada en los mejores productos. Tradici\u00f3n, servicio e innovaci\u00f3n. CALIDAD DE VIDA Navarra es una de las comunidades aut\u00f3nomas espa\u00f1olas con mejores indicadores de calidad de vida. Amamos nuestras ra\u00edces y nuestra historia, pero vivimos mirando al futuro. Por ello somos pioneros en Medicina, Energ\u00edas Renovables y Educaci\u00f3n. En definitiva, somos expertos en calidad de vida. NATURALEZA QUE EMOCIONA Valles, bosques, nacederos, cascadas, sierras, desierto, r\u00edos, monta\u00f1as, gargantas, parques&#8230; Te emocionar\u00e1 descubrir el contraste entre la Selva de Irati, el desierto de las Bardenas Reales -Reserva de la Biosfera-, los picos y valles del Pirineo, las ondulantes sierras de la Zona Media y las [&hellip;]\" \/>\n<meta property=\"og:url\" content=\"https:\/\/visitnavarra.info\/visitnavarra\/gobierno-de-navarra\/\" \/>\n<meta property=\"og:site_name\" content=\"VisitNavarra\" \/>\n<meta property=\"article:modified_time\" content=\"2022-10-06T12:23:33+00:00\" \/>\n<meta name=\"twitter:card\" content=\"summary_large_image\" \/>\n<meta name=\"twitter:label1\" content=\"Tiempo de lectura\" \/>\n\t<meta name=\"twitter:data1\" content=\"2 minutos\" \/>\n<script type=\"application\/ld+json\" class=\"yoast-schema-graph\">{\"@context\":\"https:\/\/schema.org\",\"@graph\":[{\"@type\":\"WebPage\",\"@id\":\"https:\/\/visitnavarra.info\/visitnavarra\/gobierno-de-navarra\/\",\"url\":\"https:\/\/visitnavarra.info\/visitnavarra\/gobierno-de-navarra\/\",\"name\":\"Gobierno de Navarra - VisitNavarra\",\"isPartOf\":{\"@id\":\"https:\/\/visitnavarra.info\/visitnavarra\/#website\"},\"datePublished\":\"2022-10-06T12:20:48+00:00\",\"dateModified\":\"2022-10-06T12:23:33+00:00\",\"breadcrumb\":{\"@id\":\"https:\/\/visitnavarra.info\/visitnavarra\/gobierno-de-navarra\/#breadcrumb\"},\"inLanguage\":\"es\",\"potentialAction\":[{\"@type\":\"ReadAction\",\"target\":[\"https:\/\/visitnavarra.info\/visitnavarra\/gobierno-de-navarra\/\"]}]},{\"@type\":\"BreadcrumbList\",\"@id\":\"https:\/\/visitnavarra.info\/visitnavarra\/gobierno-de-navarra\/#breadcrumb\",\"itemListElement\":[{\"@type\":\"ListItem\",\"position\":1,\"name\":\"Portada\",\"item\":\"https:\/\/visitnavarra.info\/visitnavarra\/\"},{\"@type\":\"ListItem\",\"position\":2,\"name\":\"Gobierno de Navarra\"}]},{\"@type\":\"WebSite\",\"@id\":\"https:\/\/visitnavarra.info\/visitnavarra\/#website\",\"url\":\"https:\/\/visitnavarra.info\/visitnavarra\/\",\"name\":\"VisitNavarra\",\"description\":\"Alojamiento y experiencias tur\u00edsticas en Navarra; qu\u00e9 visitar en Navarra; comer en Navarra\",\"potentialAction\":[{\"@type\":\"SearchAction\",\"target\":{\"@type\":\"EntryPoint\",\"urlTemplate\":\"https:\/\/visitnavarra.info\/visitnavarra\/?s={search_term_string}\"},\"query-input\":{\"@type\":\"PropertyValueSpecification\",\"valueRequired\":true,\"valueName\":\"search_term_string\"}}],\"inLanguage\":\"es\"}]}<\/script>\n<!-- \/ Yoast SEO plugin. -->","yoast_head_json":{"title":"Gobierno de Navarra - VisitNavarra","robots":{"index":"index","follow":"follow","max-snippet":"max-snippet:-1","max-image-preview":"max-image-preview:large","max-video-preview":"max-video-preview:-1"},"canonical":"https:\/\/visitnavarra.info\/visitnavarra\/gobierno-de-navarra\/","og_locale":"es_ES","og_type":"article","og_title":"Gobierno de Navarra - VisitNavarra","og_description":"[vc_row][vc_column width=&#8221;1\/1&#8243;][\/vc_column][\/vc_row][vc_row][vc_column width=&#8221;1\/1&#8243;][vc_column_text] GOBIERNO DE NAVARRA (Departamento de Turismo) WEB: www.turismo.navarra.es CONTAMOS CON LA MEDICINA M\u00c1S AVANZADA EN EL ENTORNO M\u00c1S SALUDABLE Navarra es un referente sanitario internacional debido al reconocido prestigio de su sistema m\u00e9dico y hospitalario. Comunidad que ama sus raices y su historia como reino pero vive mirando al futuro. Pioneros en energ\u00edas renovables, en medicina y en educaci\u00f3n. Expertos en calidad de vida. La capital del Reyno, Pamplona, es una ciudad verde y amurallada. Escenario de los Sanfermines, la gran fiesta universal. Alojamientos excelentes y una cocina de ayer y de hoy basada en los mejores productos. Tradici\u00f3n, servicio e innovaci\u00f3n. CALIDAD DE VIDA Navarra es una de las comunidades aut\u00f3nomas espa\u00f1olas con mejores indicadores de calidad de vida. Amamos nuestras ra\u00edces y nuestra historia, pero vivimos mirando al futuro. Por ello somos pioneros en Medicina, Energ\u00edas Renovables y Educaci\u00f3n. En definitiva, somos expertos en calidad de vida. NATURALEZA QUE EMOCIONA Valles, bosques, nacederos, cascadas, sierras, desierto, r\u00edos, monta\u00f1as, gargantas, parques&#8230; Te emocionar\u00e1 descubrir el contraste entre la Selva de Irati, el desierto de las Bardenas Reales -Reserva de la Biosfera-, los picos y valles del Pirineo, las ondulantes sierras de la Zona Media y las [&hellip;]","og_url":"https:\/\/visitnavarra.info\/visitnavarra\/gobierno-de-navarra\/","og_site_name":"VisitNavarra","article_modified_time":"2022-10-06T12:23:33+00:00","twitter_card":"summary_large_image","twitter_misc":{"Tiempo de lectura":"2 minutos"},"schema":{"@context":"https:\/\/schema.org","@graph":[{"@type":"WebPage","@id":"https:\/\/visitnavarra.info\/visitnavarra\/gobierno-de-navarra\/","url":"https:\/\/visitnavarra.info\/visitnavarra\/gobierno-de-navarra\/","name":"Gobierno de Navarra - VisitNavarra","isPartOf":{"@id":"https:\/\/visitnavarra.info\/visitnavarra\/#website"},"datePublished":"2022-10-06T12:20:48+00:00","dateModified":"2022-10-06T12:23:33+00:00","breadcrumb":{"@id":"https:\/\/visitnavarra.info\/visitnavarra\/gobierno-de-navarra\/#breadcrumb"},"inLanguage":"es","potentialAction":[{"@type":"ReadAction","target":["https:\/\/visitnavarra.info\/visitnavarra\/gobierno-de-navarra\/"]}]},{"@type":"BreadcrumbList","@id":"https:\/\/visitnavarra.info\/visitnavarra\/gobierno-de-navarra\/#breadcrumb","itemListElement":[{"@type":"ListItem","position":1,"name":"Portada","item":"https:\/\/visitnavarra.info\/visitnavarra\/"},{"@type":"ListItem","position":2,"name":"Gobierno de Navarra"}]},{"@type":"WebSite","@id":"https:\/\/visitnavarra.info\/visitnavarra\/#website","url":"https:\/\/visitnavarra.info\/visitnavarra\/","name":"VisitNavarra","description":"Alojamiento y experiencias tur\u00edsticas en Navarra; qu\u00e9 visitar en Navarra; comer en Navarra","potentialAction":[{"@type":"SearchAction","target":{"@type":"EntryPoint","urlTemplate":"https:\/\/visitnavarra.info\/visitnavarra\/?s={search_term_string}"},"query-input":{"@type":"PropertyValueSpecification","valueRequired":true,"valueName":"search_term_string"}}],"inLanguage":"es"}]}},"_links":{"self":[{"href":"https:\/\/visitnavarra.info\/visitnavarra\/wp-json\/wp\/v2\/pages\/12505","targetHints":{"allow":["GET"]}}],"collection":[{"href":"https:\/\/visitnavarra.info\/visitnavarra\/wp-json\/wp\/v2\/pages"}],"about":[{"href":"https:\/\/visitnavarra.info\/visitnavarra\/wp-json\/wp\/v2\/types\/page"}],"author":[{"embeddable":true,"href":"https:\/\/visitnavarra.info\/visitnavarra\/wp-json\/wp\/v2\/users\/1"}],"replies":[{"embeddable":true,"href":"https:\/\/visitnavarra.info\/visitnavarra\/wp-json\/wp\/v2\/comments?post=12505"}],"version-history":[{"count":3,"href":"https:\/\/visitnavarra.info\/visitnavarra\/wp-json\/wp\/v2\/pages\/12505\/revisions"}],"predecessor-version":[{"id":12508,"href":"https:\/\/visitnavarra.info\/visitnavarra\/wp-json\/wp\/v2\/pages\/12505\/revisions\/12508"}],"wp:attachment":[{"href":"https:\/\/visitnavarra.info\/visitnavarra\/wp-json\/wp\/v2\/media?parent=12505"}],"curies":[{"name":"wp","href":"https:\/\/api.w.org\/{rel}","templated":true}]}}