{"id":12825,"date":"2023-04-18T12:34:08","date_gmt":"2023-04-18T12:34:08","guid":{"rendered":"https:\/\/visitnavarra.info\/visitnavarra\/?page_id=12825"},"modified":"2023-04-18T13:31:22","modified_gmt":"2023-04-18T13:31:22","slug":"conduce-un-buggy-en-ruta-guiada","status":"publish","type":"page","link":"https:\/\/visitnavarra.info\/visitnavarra\/conduce-un-buggy-en-ruta-guiada\/","title":{"rendered":"CONDUCE UN BUGGY EN RUTA GUIADA"},"content":{"rendered":"<p>[vc_row][vc_column width=&#8221;1\/1&#8243;][vc_column_text]<strong><img loading=\"lazy\" decoding=\"async\" class=\"alignleft wp-image-12826 \" src=\"https:\/\/visitnavarra.info\/visitnavarra\/wp-content\/uploads\/2023\/04\/polaris-buggy-bardenas-6-plazas-bi-plaza-recortada-1024x669.jpeg\" alt=\"\" width=\"538\" height=\"378\" \/><\/strong><\/p>\n<p>&nbsp;<\/p>\n<p><strong>DESCRIPCI\u00d3N<\/strong><\/p>\n<p>Desde 2011 realizamos rutas guiadas en buggy por diferentes zonas de la Ribera de Navarra, focaliz\u00e1ndonos en el des\u00e9rtico Parque Natural de Bardenas Reales.<\/p>\n<p>Disfruta de la conducci\u00f3n de un buggy biplaza o de 6 plazas con nuestro gu\u00eda. El gu\u00eda realiza paradas interpretativas para descubrir parajes, flora, fauna, geomorfolog\u00eda y alguna que otra an\u00e9cdota. Por supuesto tendr\u00e1s tiempo para sacar fotos y contemplar la naturaleza.<\/p>\n<p><strong>PRECIOS:<\/strong> Seg\u00fan ruta<\/p>\n<p><strong>RESERVAS: <\/strong><a href=\"https:\/\/activaexperience.com\/reservar\/\" target=\"_blank\" rel=\"noopener\">https:\/\/activaexperience.com\/reservar\/<\/a><\/p>\n<p>[\/vc_column_text]<div class=\"spacer\" style=\"height: 40px;\"><\/div>[\/vc_column][\/vc_row][vc_row][vc_column width=&#8221;1\/2&#8243;]<div class=\"single_image wpb_content_element align-right    \" data-animation=\"none\" data-delay=\"0\"><img loading=\"lazy\" decoding=\"async\" width=\"200\" height=\"214\" src=\"https:\/\/visitnavarra.info\/visitnavarra\/wp-content\/uploads\/2019\/01\/logo-activa-experience.jpg\" class=\"attachment-full\" alt=\"\" \/><\/div>[\/vc_column][vc_column width=&#8221;1\/2&#8243;][vc_column_text]<strong>CONTACTO \/ RESERVAS<\/strong><br \/>\nEntidad \/ empresa: ACTIVA EXPERIENCE<br \/>\nN\u00ba Registro Turismo: UETAC0015<br \/>\nDirecci\u00f3n: Cta. N-121-C Km.7.7 | Tudela Tarazona<br \/>\nTel\u00e9fono: (+34) 948 850 448<br \/>\nMail: <a href=\"mailto:info@activaexperience.com\">info@activaexperience.com<\/a>[\/vc_column_text][\/vc_column][\/vc_row]<\/p>\n","protected":false},"excerpt":{"rendered":"<p>[vc_row][vc_column width=&#8221;1\/1&#8243;][vc_column_text] &nbsp; DESCRIPCI\u00d3N Desde 2011 realizamos rutas guiadas en buggy por diferentes zonas de la Ribera de Navarra, focaliz\u00e1ndonos en el des\u00e9rtico Parque Natural de Bardenas Reales. Disfruta de la conducci\u00f3n de un buggy biplaza o de 6 plazas con nuestro gu\u00eda. El gu\u00eda realiza paradas interpretativas para descubrir parajes, flora, fauna, geomorfolog\u00eda y alguna que otra an\u00e9cdota. Por supuesto tendr\u00e1s tiempo para sacar fotos y contemplar la naturaleza. PRECIOS: Seg\u00fan ruta RESERVAS: https:\/\/activaexperience.com\/reservar\/ [\/vc_column_text][\/vc_column][\/vc_row][vc_row][vc_column width=&#8221;1\/2&#8243;][\/vc_column][vc_column width=&#8221;1\/2&#8243;][vc_column_text]CONTACTO \/ RESERVAS Entidad \/ empresa: ACTIVA EXPERIENCE N\u00ba Registro Turismo: UETAC0015 Direcci\u00f3n: Cta. N-121-C Km.7.7 | Tudela Tarazona Tel\u00e9fono: (+34) 948 850 448 Mail: info@activaexperience.com[\/vc_column_text][\/vc_column][\/vc_row]<\/p>\n","protected":false},"author":1,"featured_media":0,"parent":0,"menu_order":0,"comment_status":"closed","ping_status":"closed","template":"","meta":{"footnotes":""},"class_list":["post-12825","page","type-page","status-publish","hentry"],"yoast_head":"<!-- This site is optimized with the Yoast SEO plugin v23.5 - https:\/\/yoast.com\/wordpress\/plugins\/seo\/ -->\n<title>CONDUCE UN BUGGY EN RUTA GUIADA - VisitNavarra<\/title>\n<meta name=\"description\" content=\"Disfruta de la conducci\u00f3n de un buggy biplaza o 6 plazas con nuestro gu\u00eda. El gu\u00eda realiza paradas interpretativas para descubrir parajes..\" \/>\n<meta name=\"robots\" content=\"index, follow, max-snippet:-1, max-image-preview:large, max-video-preview:-1\" \/>\n<link rel=\"canonical\" href=\"https:\/\/visitnavarra.info\/visitnavarra\/conduce-un-buggy-en-ruta-guiada\/\" \/>\n<meta property=\"og:locale\" content=\"es_ES\" \/>\n<meta property=\"og:type\" content=\"article\" \/>\n<meta property=\"og:title\" content=\"CONDUCE UN BUGGY EN RUTA GUIADA - VisitNavarra\" \/>\n<meta property=\"og:description\" content=\"Disfruta de la conducci\u00f3n de un buggy biplaza o 6 plazas con nuestro gu\u00eda. El gu\u00eda realiza paradas interpretativas para descubrir parajes..\" \/>\n<meta property=\"og:url\" content=\"https:\/\/visitnavarra.info\/visitnavarra\/conduce-un-buggy-en-ruta-guiada\/\" \/>\n<meta property=\"og:site_name\" content=\"VisitNavarra\" \/>\n<meta property=\"article:modified_time\" content=\"2023-04-18T13:31:22+00:00\" \/>\n<meta property=\"og:image\" content=\"https:\/\/visitnavarra.info\/visitnavarra\/wp-content\/uploads\/2023\/04\/polaris-buggy-bardenas-6-plazas-bi-plaza-recortada-1024x669.jpeg\" \/>\n<meta name=\"twitter:card\" content=\"summary_large_image\" \/>\n<meta name=\"twitter:label1\" content=\"Tiempo de lectura\" \/>\n\t<meta name=\"twitter:data1\" content=\"1 minuto\" \/>\n<script type=\"application\/ld+json\" class=\"yoast-schema-graph\">{\"@context\":\"https:\/\/schema.org\",\"@graph\":[{\"@type\":\"WebPage\",\"@id\":\"https:\/\/visitnavarra.info\/visitnavarra\/conduce-un-buggy-en-ruta-guiada\/\",\"url\":\"https:\/\/visitnavarra.info\/visitnavarra\/conduce-un-buggy-en-ruta-guiada\/\",\"name\":\"CONDUCE UN BUGGY EN RUTA GUIADA - VisitNavarra\",\"isPartOf\":{\"@id\":\"https:\/\/visitnavarra.info\/visitnavarra\/#website\"},\"primaryImageOfPage\":{\"@id\":\"https:\/\/visitnavarra.info\/visitnavarra\/conduce-un-buggy-en-ruta-guiada\/#primaryimage\"},\"image\":{\"@id\":\"https:\/\/visitnavarra.info\/visitnavarra\/conduce-un-buggy-en-ruta-guiada\/#primaryimage\"},\"thumbnailUrl\":\"https:\/\/visitnavarra.info\/visitnavarra\/wp-content\/uploads\/2023\/04\/polaris-buggy-bardenas-6-plazas-bi-plaza-recortada-1024x669.jpeg\",\"datePublished\":\"2023-04-18T12:34:08+00:00\",\"dateModified\":\"2023-04-18T13:31:22+00:00\",\"description\":\"Disfruta de la conducci\u00f3n de un buggy biplaza o 6 plazas con nuestro gu\u00eda. El gu\u00eda realiza paradas interpretativas para descubrir parajes..\",\"breadcrumb\":{\"@id\":\"https:\/\/visitnavarra.info\/visitnavarra\/conduce-un-buggy-en-ruta-guiada\/#breadcrumb\"},\"inLanguage\":\"es\",\"potentialAction\":[{\"@type\":\"ReadAction\",\"target\":[\"https:\/\/visitnavarra.info\/visitnavarra\/conduce-un-buggy-en-ruta-guiada\/\"]}]},{\"@type\":\"ImageObject\",\"inLanguage\":\"es\",\"@id\":\"https:\/\/visitnavarra.info\/visitnavarra\/conduce-un-buggy-en-ruta-guiada\/#primaryimage\",\"url\":\"https:\/\/visitnavarra.info\/visitnavarra\/wp-content\/uploads\/2023\/04\/polaris-buggy-bardenas-6-plazas-bi-plaza-recortada.jpeg\",\"contentUrl\":\"https:\/\/visitnavarra.info\/visitnavarra\/wp-content\/uploads\/2023\/04\/polaris-buggy-bardenas-6-plazas-bi-plaza-recortada.jpeg\",\"width\":1838,\"height\":1200},{\"@type\":\"BreadcrumbList\",\"@id\":\"https:\/\/visitnavarra.info\/visitnavarra\/conduce-un-buggy-en-ruta-guiada\/#breadcrumb\",\"itemListElement\":[{\"@type\":\"ListItem\",\"position\":1,\"name\":\"Portada\",\"item\":\"https:\/\/visitnavarra.info\/visitnavarra\/\"},{\"@type\":\"ListItem\",\"position\":2,\"name\":\"CONDUCE UN BUGGY EN RUTA GUIADA\"}]},{\"@type\":\"WebSite\",\"@id\":\"https:\/\/visitnavarra.info\/visitnavarra\/#website\",\"url\":\"https:\/\/visitnavarra.info\/visitnavarra\/\",\"name\":\"VisitNavarra\",\"description\":\"Alojamiento y experiencias tur\u00edsticas en Navarra; qu\u00e9 visitar en Navarra; comer en Navarra\",\"potentialAction\":[{\"@type\":\"SearchAction\",\"target\":{\"@type\":\"EntryPoint\",\"urlTemplate\":\"https:\/\/visitnavarra.info\/visitnavarra\/?s={search_term_string}\"},\"query-input\":{\"@type\":\"PropertyValueSpecification\",\"valueRequired\":true,\"valueName\":\"search_term_string\"}}],\"inLanguage\":\"es\"}]}<\/script>\n<!-- \/ Yoast SEO plugin. -->","yoast_head_json":{"title":"CONDUCE UN BUGGY EN RUTA GUIADA - VisitNavarra","description":"Disfruta de la conducci\u00f3n de un buggy biplaza o 6 plazas con nuestro gu\u00eda. El gu\u00eda realiza paradas interpretativas para descubrir parajes..","robots":{"index":"index","follow":"follow","max-snippet":"max-snippet:-1","max-image-preview":"max-image-preview:large","max-video-preview":"max-video-preview:-1"},"canonical":"https:\/\/visitnavarra.info\/visitnavarra\/conduce-un-buggy-en-ruta-guiada\/","og_locale":"es_ES","og_type":"article","og_title":"CONDUCE UN BUGGY EN RUTA GUIADA - VisitNavarra","og_description":"Disfruta de la conducci\u00f3n de un buggy biplaza o 6 plazas con nuestro gu\u00eda. El gu\u00eda realiza paradas interpretativas para descubrir parajes..","og_url":"https:\/\/visitnavarra.info\/visitnavarra\/conduce-un-buggy-en-ruta-guiada\/","og_site_name":"VisitNavarra","article_modified_time":"2023-04-18T13:31:22+00:00","og_image":[{"url":"https:\/\/visitnavarra.info\/visitnavarra\/wp-content\/uploads\/2023\/04\/polaris-buggy-bardenas-6-plazas-bi-plaza-recortada-1024x669.jpeg"}],"twitter_card":"summary_large_image","twitter_misc":{"Tiempo de lectura":"1 minuto"},"schema":{"@context":"https:\/\/schema.org","@graph":[{"@type":"WebPage","@id":"https:\/\/visitnavarra.info\/visitnavarra\/conduce-un-buggy-en-ruta-guiada\/","url":"https:\/\/visitnavarra.info\/visitnavarra\/conduce-un-buggy-en-ruta-guiada\/","name":"CONDUCE UN BUGGY EN RUTA GUIADA - VisitNavarra","isPartOf":{"@id":"https:\/\/visitnavarra.info\/visitnavarra\/#website"},"primaryImageOfPage":{"@id":"https:\/\/visitnavarra.info\/visitnavarra\/conduce-un-buggy-en-ruta-guiada\/#primaryimage"},"image":{"@id":"https:\/\/visitnavarra.info\/visitnavarra\/conduce-un-buggy-en-ruta-guiada\/#primaryimage"},"thumbnailUrl":"https:\/\/visitnavarra.info\/visitnavarra\/wp-content\/uploads\/2023\/04\/polaris-buggy-bardenas-6-plazas-bi-plaza-recortada-1024x669.jpeg","datePublished":"2023-04-18T12:34:08+00:00","dateModified":"2023-04-18T13:31:22+00:00","description":"Disfruta de la conducci\u00f3n de un buggy biplaza o 6 plazas con nuestro gu\u00eda. El gu\u00eda realiza paradas interpretativas para descubrir parajes..","breadcrumb":{"@id":"https:\/\/visitnavarra.info\/visitnavarra\/conduce-un-buggy-en-ruta-guiada\/#breadcrumb"},"inLanguage":"es","potentialAction":[{"@type":"ReadAction","target":["https:\/\/visitnavarra.info\/visitnavarra\/conduce-un-buggy-en-ruta-guiada\/"]}]},{"@type":"ImageObject","inLanguage":"es","@id":"https:\/\/visitnavarra.info\/visitnavarra\/conduce-un-buggy-en-ruta-guiada\/#primaryimage","url":"https:\/\/visitnavarra.info\/visitnavarra\/wp-content\/uploads\/2023\/04\/polaris-buggy-bardenas-6-plazas-bi-plaza-recortada.jpeg","contentUrl":"https:\/\/visitnavarra.info\/visitnavarra\/wp-content\/uploads\/2023\/04\/polaris-buggy-bardenas-6-plazas-bi-plaza-recortada.jpeg","width":1838,"height":1200},{"@type":"BreadcrumbList","@id":"https:\/\/visitnavarra.info\/visitnavarra\/conduce-un-buggy-en-ruta-guiada\/#breadcrumb","itemListElement":[{"@type":"ListItem","position":1,"name":"Portada","item":"https:\/\/visitnavarra.info\/visitnavarra\/"},{"@type":"ListItem","position":2,"name":"CONDUCE UN BUGGY EN RUTA GUIADA"}]},{"@type":"WebSite","@id":"https:\/\/visitnavarra.info\/visitnavarra\/#website","url":"https:\/\/visitnavarra.info\/visitnavarra\/","name":"VisitNavarra","description":"Alojamiento y experiencias tur\u00edsticas en Navarra; qu\u00e9 visitar en Navarra; comer en Navarra","potentialAction":[{"@type":"SearchAction","target":{"@type":"EntryPoint","urlTemplate":"https:\/\/visitnavarra.info\/visitnavarra\/?s={search_term_string}"},"query-input":{"@type":"PropertyValueSpecification","valueRequired":true,"valueName":"search_term_string"}}],"inLanguage":"es"}]}},"_links":{"self":[{"href":"https:\/\/visitnavarra.info\/visitnavarra\/wp-json\/wp\/v2\/pages\/12825","targetHints":{"allow":["GET"]}}],"collection":[{"href":"https:\/\/visitnavarra.info\/visitnavarra\/wp-json\/wp\/v2\/pages"}],"about":[{"href":"https:\/\/visitnavarra.info\/visitnavarra\/wp-json\/wp\/v2\/types\/page"}],"author":[{"embeddable":true,"href":"https:\/\/visitnavarra.info\/visitnavarra\/wp-json\/wp\/v2\/users\/1"}],"replies":[{"embeddable":true,"href":"https:\/\/visitnavarra.info\/visitnavarra\/wp-json\/wp\/v2\/comments?post=12825"}],"version-history":[{"count":3,"href":"https:\/\/visitnavarra.info\/visitnavarra\/wp-json\/wp\/v2\/pages\/12825\/revisions"}],"predecessor-version":[{"id":12852,"href":"https:\/\/visitnavarra.info\/visitnavarra\/wp-json\/wp\/v2\/pages\/12825\/revisions\/12852"}],"wp:attachment":[{"href":"https:\/\/visitnavarra.info\/visitnavarra\/wp-json\/wp\/v2\/media?parent=12825"}],"curies":[{"name":"wp","href":"https:\/\/api.w.org\/{rel}","templated":true}]}}