{"id":12981,"date":"2023-10-19T09:08:31","date_gmt":"2023-10-19T09:08:31","guid":{"rendered":"https:\/\/visitnavarra.info\/visitnavarra\/?page_id=12981"},"modified":"2026-02-06T09:39:14","modified_gmt":"2026-02-06T09:39:14","slug":"pet-friendly-2","status":"publish","type":"page","link":"https:\/\/visitnavarra.info\/visitnavarra\/pet-friendly-2\/","title":{"rendered":"Pet Friendly"},"content":{"rendered":"<p>[vc_row][vc_column width=&#8221;1\/1&#8243;]<div class=\"single_image wpb_content_element align-left    \" data-animation=\"none\" data-delay=\"0\"><img loading=\"lazy\" decoding=\"async\" width=\"1181\" height=\"513\" src=\"https:\/\/visitnavarra.info\/visitnavarra\/wp-content\/uploads\/2023\/06\/Fitur-AEHN-colaboracion-big-1-1.jpg\" class=\"attachment-full\" alt=\"Imagen perro para la secci\u00f3n de pet\" srcset=\"https:\/\/visitnavarra.info\/visitnavarra\/wp-content\/uploads\/2023\/06\/Fitur-AEHN-colaboracion-big-1-1.jpg 1181w, https:\/\/visitnavarra.info\/visitnavarra\/wp-content\/uploads\/2023\/06\/Fitur-AEHN-colaboracion-big-1-1-300x130.jpg 300w, https:\/\/visitnavarra.info\/visitnavarra\/wp-content\/uploads\/2023\/06\/Fitur-AEHN-colaboracion-big-1-1-1024x445.jpg 1024w, https:\/\/visitnavarra.info\/visitnavarra\/wp-content\/uploads\/2023\/06\/Fitur-AEHN-colaboracion-big-1-1-768x334.jpg 768w, https:\/\/visitnavarra.info\/visitnavarra\/wp-content\/uploads\/2023\/06\/Fitur-AEHN-colaboracion-big-1-1-320x139.jpg 320w, https:\/\/visitnavarra.info\/visitnavarra\/wp-content\/uploads\/2023\/06\/Fitur-AEHN-colaboracion-big-1-1-480x209.jpg 480w, https:\/\/visitnavarra.info\/visitnavarra\/wp-content\/uploads\/2023\/06\/Fitur-AEHN-colaboracion-big-1-1-800x348.jpg 800w\" sizes=\"auto, (max-width: 1181px) 100vw, 1181px\" \/><\/div><div class=\"spacer\" style=\"height: 40px;\"><\/div>[\/vc_column][\/vc_row][vc_row][vc_column width=&#8221;1\/1&#8243;][vc_column_text]Algunos establecimientos que permiten mascotas en Navarra:<\/p>\n<p><strong>Bar Kirol<\/strong> (Avda. Prado Irache 4, Ayegui)<br \/>\n<strong>Tipo de establecimiento:<\/strong> bar con comedor, barra y terraza<\/p>\n<ul>\n<li><strong>Zonas permitidas:<\/strong>\n<ul>\n<li>Comedor<\/li>\n<li>Bar<\/li>\n<li>Terraza<\/li>\n<\/ul>\n<\/li>\n<li><strong>Normativa exigida:<\/strong>\n<ul>\n<li>Atados (cadena o correa corta)<\/li>\n<\/ul>\n<\/li>\n<\/ul>\n<p>Mail: <a href=\"mailto:restauranteirache@gmail.com\">restauranteirache@gmail.com<\/a><br \/>\nTel: <a href=\"tel:+34626797597\">626797597<\/a><\/p>\n<p><strong>Vast &#8211; Plaza de toros<\/strong> (c\/ Aoiz 10-8, Pamplona)<br \/>\n<strong>Tipo de establecimiento:<\/strong> visitas guiadas<\/p>\n<ul>\n<li><strong>Normativa exigida:<\/strong>\n<ul>\n<li>mascotas atadas<\/li>\n<\/ul>\n<\/li>\n<\/ul>\n<p>Mail: <a href=\"mailto:i.fernandez@grupovast.com\">i.fernandez@grupovast.com<\/a><br \/>\nTel: <a href=\"tel:+34610712064\">610712064<\/a><\/p>\n<p><strong>Sidrer\u00eda Auzmendi<\/strong> (c\/ Joaqu\u00edn Beunza 17, Pamplona)<br \/>\n<strong>Tipo de establecimiento:<\/strong> sidrer\u00eda<\/p>\n<ul>\n<li><strong>Normativa exigida:<\/strong>\n<ul>\n<li>mascotas atadas<\/li>\n<\/ul>\n<\/li>\n<\/ul>\n<p>Mail: <a href=\"mailto:nereatxuik@hotmail.com\">nereatxuik@hotmail.com<\/a><br \/>\nTel: <a href=\"tel:+34659247696\">659247696<\/a><\/p>\n<p><strong>Restaurante Casa Manolo<\/strong> (c\/ Garc\u00eda Casta\u00f1\u00f3n 12-1\u00ba, Pamplona)<br \/>\n<strong>Tipo de establecimiento:<\/strong> restaurante con comedor y terraza<\/p>\n<ul>\n<li><strong>Zonas permitidas:<\/strong>\n<ul>\n<li>Comedor, barra y terraza<\/li>\n<\/ul>\n<\/li>\n<li><strong>Normativa exigida:<\/strong>\n<ul>\n<li>Mascotas atadas (cadena o correa corta)<\/li>\n<li>Se requiere reserva previa<\/li>\n<\/ul>\n<\/li>\n<\/ul>\n<p>Mail: <a href=\"mailto:comercial.casa.manolo@gmail.com\">comercial.casa.manolo@gmail.com<\/a><br \/>\nTel: <a href=\"tel:+34685904132\">685904132<\/a><\/p>\n<p><strong>Caf\u00e9 Bar La Antigua Farmacia<\/strong> (C\/ Garc\u00eda Casta\u00f1on, 2, Pamplona<br \/>\n<strong>Tipo de establecimiento:<\/strong> Bar, restaurante y terraza<\/p>\n<ul>\n<li><strong>Normativa exigida:<\/strong>\n<ul>\n<li>mascotas atadas<\/li>\n<\/ul>\n<\/li>\n<\/ul>\n<p>Tel\u00e9fono: <a href=\"tel:+34948210968\">948210968<\/a><br \/>\nWhatsapp: <a href=\"tel:+34698905329\">698905329<\/a><\/p>\n<p><strong>Rest. Casa Tere<\/strong> (Avda. Zaragoza 12, Campanas)<br \/>\n<strong>Tipo de establecimiento<\/strong>: Bar, restaurante<\/p>\n<ul>\n<li><strong>Zonas permitidas:<\/strong>\n<ul>\n<li>Comedor<\/li>\n<li>Barra<\/li>\n<li>Terraza<\/li>\n<\/ul>\n<\/li>\n<li><strong>Normativa exigida:<\/strong>\n<ul>\n<li>Atados (cadena o correa corta)<\/li>\n<\/ul>\n<\/li>\n<\/ul>\n<p>Tel\u00e9fono: <a href=\"tel:+34948360020\">948360020<\/a><\/p>\n<p><strong>Hotel Iriguibel<\/strong> (Intxaurdia 4, Huarte)<br \/>\n<strong>Tipo de establecimiento:<\/strong> Hotel Bar-Cafeter\u00eda<\/p>\n<ul>\n<li><strong>Normativa exigida:<\/strong>\n<ul>\n<li>mascotas atadas sin bozal<\/li>\n<\/ul>\n<\/li>\n<\/ul>\n<p>Mail: <a href=\"mailto:hoteliriguibel@hoteliriguibel.com\">hoteliriguibel@hoteliriguibel.com<\/a><br \/>\nTel\u00e9fono: <a href=\"tel:+34948361190\">948361190<\/a><\/p>\n<p><strong>Camping Aritzaleku<\/strong> (C\/ San Pedro sn, Lerate)<br \/>\n<strong>Tipo de establecimiento:<\/strong> Camping, restaurante y bar<\/p>\n<ul>\n<li><strong>Zonas permitidas Campings:<\/strong>\n<ul>\n<li>1 Mobilhome para 4 personas<\/li>\n<li>1 Mobilhome para 6 personas<\/li>\n<li>Parcelas<\/li>\n<\/ul>\n<\/li>\n<\/ul>\n<ul>\n<li><strong>Zonas permitidas Restaurante-Bar:<\/strong>\n<ul>\n<li>Terraza<\/li>\n<\/ul>\n<\/li>\n<li><strong>Normativa exigida Camping:<\/strong>\n<ul>\n<li>Con cartilla o pasaporte con vacunas en regla<\/li>\n<\/ul>\n<\/li>\n<li><strong>Normativa exigida Restaurante-Bar:<\/strong>\n<ul>\n<li>Atados (cadena o correa corta)<\/li>\n<li>Bozal, s\u00f3lo PP<\/li>\n<\/ul>\n<\/li>\n<\/ul>\n<p>Mail: <a href=\"mailto:info@aritzaleku.com\">info@aritzaleku.com<\/a><br \/>\nTel\u00e9fono camping: <a href=\"tel:+34948395064\">948395064<\/a><br \/>\nTel\u00e9fono Bar-Rest: <a href=\"tel:+34390057\">948390057<\/a><\/p>\n<p><strong>Pamplona El Toro Hotel &amp; Spa<\/strong> (Ctra. Guip\u00fazcoa Km. 5, Berrioplano)<br \/>\n<strong>Tipo de establecimiento:<\/strong> Hotel, restaurante<br \/>\nMail: <a title=\"reservas@hotelpamplonaeltoro.com\" href=\"mailto:reservas@hotelpamplonaeltoro.com\">reservas@hotelpamplonaeltoro.com<\/a><br \/>\nTel\u00e9fono: <a href=\"tel:+34948302211\">948302211<\/a><\/p>\n<p><strong>El Txoko de Eg\u00fces<\/strong> (C\/ San Mart\u00edn 1, Eg\u00fc\u00e9s)<br \/>\n<strong>Tipo de establecimiento:<\/strong> Bar, restaurante<\/p>\n<ul>\n<li><strong>Normativa exigida:<\/strong>\n<ul>\n<li>mascotas atadas<\/li>\n<\/ul>\n<\/li>\n<\/ul>\n<p>Mail: <a href=\"mailto:arcasabor@gmail.com\">arcasabor@gmail.com<\/a><br \/>\nTel\u00e9fono: <a href=\"tel:+34948361102\">948361102<\/a><\/p>\n<p><strong>Bar Rest. Sarasate<\/strong> (Ctra. San Sebasti\u00e1n Km. 15, Sarasate)<br \/>\n<strong>Tipo de establecimiento:<\/strong> Bar, restaurante<\/p>\n<ul>\n<li><strong>Normativa exigida:<\/strong>\n<ul>\n<li>mascotas atadas<\/li>\n<\/ul>\n<\/li>\n<\/ul>\n<p>Tel\u00e9fono: <a href=\"tel:+34639886571\">639886571<\/a><\/p>\n<p><strong>Camping Bardenas<\/strong> (Ctra. NA 660 PK 13,4, Villafranca)<br \/>\n<strong>Tipo de establecimiento<\/strong>: Camping, restaurante<br \/>\nMail: <a href=\"mailto:gestionturisticanavarra@gmail.com\">gestionturisticanavarra@gmail.com<\/a><br \/>\nTel\u00e9fono: <a href=\"tel:+34948846191\">948846191<\/a><\/p>\n<p><strong>Hostal Legaz<\/strong> (C\/ La Roza 1, Funes)<br \/>\n<strong>Tipo de establecimiento:<\/strong> Hostal<br \/>\nMail: <a href=\"mailto:hostallegaz@gmail.com\"><span class=\"elementor-icon-list-text\">hostallegaz@gmail.com<\/span><\/a><br \/>\nTel\u00e9fono: <a href=\"tel:+34948754523\"><span class=\"elementor-icon-list-text\">948754523<\/span><\/a><\/p>\n<p><strong>Hotel Villa Marcilla<\/strong> (C\/ de la Estaci\u00f3n sn, Marcilla)<br \/>\n<strong>Tipo de establecimiento:<\/strong> Hotel<br \/>\nMail: <a href=\"mailto:hvillamarcilla@gmail.com\">hvillamarcilla@gmail.com<\/a><br \/>\nTel\u00e9fono: <a href=\"tel:+3494875722\">94875722<\/a><\/p>\n<p><strong>Rest. Beti Jai<\/strong> (C\/ Santa Agueda 4, Aoiz)<br \/>\n<strong>Tipo de establecimiento:<\/strong> bar, restaurante y hospedaje<\/p>\n<ul>\n<li><strong>Normativa exigida:<\/strong>\n<ul>\n<li>mascotas siempre atadas<\/li>\n<li>razas peligrosas con bozal<\/li>\n<li><strong>con reserva previa<\/strong><\/li>\n<\/ul>\n<\/li>\n<\/ul>\n<p>Mail: <a href=\"mailto:info@beti-jai.com\">info@beti-jai.com<\/a><br \/>\nTel\u00e9fono: <a href=\"tel:+34948336052\">948336052<\/a><\/p>\n<p><strong>Hotel\u00a0 El Villa<\/strong> (Ctra. Nacional 232 Km 83,4, Castej\u00f3n)<br \/>\n<strong>Tipo de establecimiento:<\/strong> Hotel, bar, restaurante<\/p>\n<ul>\n<li><strong>Zonas permitidas:<\/strong>\n<ul>\n<li>Barra y Terraza<\/li>\n<\/ul>\n<\/li>\n<li><strong>Zonas NO permitidas:<\/strong>\n<ul>\n<li>Comedor y gimnasio (excepto perro gu\u00edas)<\/li>\n<\/ul>\n<\/li>\n<li><strong>Normativa exigida:<\/strong>\n<ul>\n<li>Mascotas atadas (cadena o correa corta)<\/li>\n<li>Requiere reserva previa<\/li>\n<li>Limite aforo de 5 perros<\/li>\n<li>Dispone de zona reservada para clientes con mascota<\/li>\n<li>Cartilla o pasaporte veterinaria<\/li>\n<li>P\u00f3liza responsabilidad Civil<\/li>\n<\/ul>\n<\/li>\n<\/ul>\n<p>Mail: <a href=\"mailto:elvilla@eventshotels.com\">elvilla@eventshotels.com<\/a><br \/>\nTel\u00e9fono: <a href=\"tel:+34948842012\">948842012<\/a><\/p>\n<p><strong>Hotel Villava<\/strong> (Ctra. Pamplona-Ir\u00fan Km.4, Villava)<br \/>\n<strong>Tipo de establecimiento<\/strong>: Hotel, bar y restaurante<\/p>\n<ul>\n<li><strong>Normativa exigida:<\/strong>\n<ul>\n<li>mascotas atadas<\/li>\n<\/ul>\n<\/li>\n<\/ul>\n<p>Mail: <a href=\"mailto:recep@hotelvillava.com\">recep@hotelvillava.com<\/a><br \/>\nTel\u00e9fono: <a href=\"tel:+34948333676\">948333676<\/a><\/p>\n<p><strong>Restaurante La Hacienda<\/strong> (Camino Labiano 47, Mutilva)<br \/>\n<strong>Tipo de establecimiento:<\/strong> Bar, restaurante y terraza<\/p>\n<ul>\n<li><strong>Zonas permitidas:<\/strong>\n<ul>\n<li>Terraza<\/li>\n<\/ul>\n<\/li>\n<li><strong>Normativa exigida:<\/strong>\n<ul>\n<li>Atados (cadena o correa corta)<\/li>\n<li>Bozal<\/li>\n<li>L\u00edmite aforo perros: __4__<\/li>\n<li>P\u00f3liza responsabilidad civil<\/li>\n<\/ul>\n<\/li>\n<\/ul>\n<p>Mail: <a href=\"mailto:lahaciendamutilva@gmail.com\">lahaciendamutilva@gmail.com<\/a><br \/>\nTel\u00e9fono: <a href=\"tel:+34948235579\">948235579<\/a><\/p>\n<p><strong>Kayak Tudela<\/strong> (Embarcadero Municipal Merche Mar\u00edn, Tudela)<br \/>\n<strong>Tipo de establecimiento:<\/strong> Alquiler de kayaks<\/p>\n<ul>\n<li><strong>Zonas permitidas:<\/strong>\n<ul>\n<li>\u00c1rea abierta (Rio Ebro y zonas colindantes)<\/li>\n<\/ul>\n<\/li>\n<li><strong>Normativa exigida:<\/strong>\n<ul>\n<li>Reserva previa<\/li>\n<\/ul>\n<\/li>\n<\/ul>\n<p>Mail: <a href=\"mailto:kayaktudela@outlook.es\" target=\"_blank\" rel=\"noopener\">info@kayaktudela.es<\/a><br \/>\nTel\u00e9fono: <a href=\"tel:+34613270575\">613270575<\/a><\/p>\n<p><strong>Hotel Camino de Las Bardenas<\/strong> (Pza. de la Noria 4, Arg\u00fcedas)<br \/>\n<strong>Tipo de establecimiento:<\/strong> Hotel y restaurante<\/p>\n<ul>\n<li><strong>Normativa exigida:<\/strong>\n<ul>\n<li>mascotas atadas<\/li>\n<li>raza peligrosa con bozal<\/li>\n<\/ul>\n<\/li>\n<\/ul>\n<p>Mail: <a href=\"mailto:hotel1@caminodelasbardenas.com\">hotel1@caminodelasbardenas.com<\/a><br \/>\nTel\u00e9fono: <a href=\"tel:+34948830517\">948830517<\/a><\/p>\n<p><strong>Zanpa<\/strong> (C\/ Estafeta 48, Pamplona)<br \/>\n<strong>Tipo de establecimiento:<\/strong> Bar y restaurante<\/p>\n<ul>\n<li><strong>Zonas permitidas:<\/strong>\n<ul>\n<li>Comedor (seg\u00fan tama\u00f1o del perro)<\/li>\n<li>Barra<\/li>\n<li>Terraza<\/li>\n<\/ul>\n<\/li>\n<li><strong>Normativa exigida:<\/strong>\n<ul>\n<li>Atados (cadena o correa corta)<\/li>\n<\/ul>\n<\/li>\n<\/ul>\n<p>Mail: <a href=\"mailto:info@zanpa.es\">info@zanpa.es<\/a><br \/>\nTel\u00e9fono: <a href=\"tel:+34948484848\">948484848<\/a><\/p>\n<p><strong>Hostal Salazar<\/strong> (C\/ Mayor sn, Oronz)<br \/>\n<strong>Tipo de establecimiento:<\/strong> Hotel, bar y restaurante<br \/>\nE-mail: <a href=\"mailto:hotelsalazar@gmail.com\">hotelsalazar@gmail.com<\/a><br \/>\nTel\u00e9fono: <a href=\"tel:+34948890053\">948890053<\/a><\/p>\n<p><strong>Ibaisek<\/strong> (C\/ San Ant\u00f3n 55, Zudaire)<br \/>\nTel\u00e9fono: <a href=\"tel:+34647990641\">647990641<\/a><br \/>\n<strong>Tipo de establecimiento:<\/strong> Hotel, bar y restaurante<\/p>\n<ul>\n<li><strong>Zonas permitidas:<\/strong>\n<ul>\n<li>Terraza<\/li>\n<\/ul>\n<\/li>\n<li><strong>Normativa exigida:<\/strong>\n<ul>\n<li>Mascotas atadas (cadena o correa corta)<\/li>\n<li>Transport\u00edn<\/li>\n<li>Requiere reserva previa<\/li>\n<li>Zona reservada para clientes con mascota<\/li>\n<li>P\u00f3liza de responsabilidad civil<\/li>\n<\/ul>\n<\/li>\n<li><strong>Condiciones<\/strong>:\n<ul>\n<li>Cuando realizan el check-in fianza de 50\u20ac en efectivo que al realizar el check&#8211;out si est\u00e1 todo correcto se devuelve.<\/li>\n<\/ul>\n<\/li>\n<\/ul>\n<p><strong>Rest. Los Nogales<\/strong> (C\/ San Roque 13, Muruz\u00e1bal)<br \/>\n<strong>Tipo de establecimiento:<\/strong> Bar, restaurante<\/p>\n<ul>\n<li><strong>Zonas permitidas:<\/strong>\n<ul>\n<li>\u00a0S\u00f3lo en terraza<\/li>\n<\/ul>\n<\/li>\n<\/ul>\n<p>Tel\u00e9fono: <a href=\"tel:+34948361102\">948344071<\/a><\/p>\n<p><strong>Camping El Molino<\/strong> (C\/ El Molino sn, Mendigorr\u00eda)<br \/>\n<strong>Tipo de establecimiento:<\/strong> Camping, Bar, restaurante<\/p>\n<ul>\n<li><strong>Zonas permitidas:<\/strong>\n<ul>\n<li>Comedor<\/li>\n<li>Barra<\/li>\n<li>Terraza<\/li>\n<\/ul>\n<\/li>\n<li><strong>Normativa exigida:<\/strong>\n<ul>\n<li>Atados (cadena o correa corta)<\/li>\n<\/ul>\n<\/li>\n<\/ul>\n<p>Mail: <a href=\"mailto:info@campingelmolino.com\">info@campingelmolino.com<\/a><br \/>\nTel\u00e9fono: <a href=\"tel:+34948340604\">948340604<\/a><\/p>\n<p><strong>Camping Urbasa<\/strong> (Parque Natural Urbasa)<br \/>\n<strong>Tipo Establecimiento:<\/strong> Camping, Bar y Restaurante<\/p>\n<ul>\n<li><strong>Zonas permitidas:<\/strong>\n<ul>\n<li>Comedor<\/li>\n<li>Barra<\/li>\n<li>Terraza<\/li>\n<\/ul>\n<\/li>\n<li><strong>Normativa exigida:<\/strong>\n<ul>\n<li>Atados (cadena o correa corta)<\/li>\n<\/ul>\n<\/li>\n<\/ul>\n<p>Mail: <a href=\"mailto:info@campingurbasa.com\">info@campingurbasa.com<\/a><br \/>\nTel\u00e9fono <a href=\"tel:+34948395223\">948395223<\/a><\/p>\n<p><strong>Camping Izarpe<\/strong> (Asunci\u00f3n 19. Ar\u00f3ztegui)<br \/>\n<strong>Tipo de establecimiento:<\/strong> Camping, Bar, cafeter\u00eda<\/p>\n<ul>\n<li><strong>Zonas permitidas:<\/strong>\n<ul>\n<li>Comedor<\/li>\n<li>Barra<\/li>\n<li>Terraza<\/li>\n<li>Alojamientos y parcelas<\/li>\n<\/ul>\n<\/li>\n<li><strong>Normativa exigida:<\/strong>\n<ul>\n<li>Atados (cadena o correa corta)<\/li>\n<li>Cartilla o pasarpote veterinaria<\/li>\n<li>P\u00f3liza responsabilidad civil<\/li>\n<\/ul>\n<\/li>\n<\/ul>\n<p><a href=\"info@campingizarpe.com\">Mail: info@campingizarpe.com<\/a><br \/>\nTel\u00e9fono: <a class=\"_ps2id\" href=\"tel:+34848681400\" data-ps2id-offset=\"\">848 681 400<\/a><\/p>\n<p><strong>Irrisarri Land <\/strong>(B\u00ba Irisarri, 1. Igantzi)<br \/>\n<strong>Tipo de establecimiento:<\/strong> Bar, restaurante<\/p>\n<p><strong>Taberna Jolastoki<br \/>\n<\/strong><strong>Restaurante Palacio de Yrisarri<\/strong><\/p>\n<ul>\n<li><strong>Zonas permitidas:<\/strong>\n<ul>\n<li>Comedor<\/li>\n<li>Barra<\/li>\n<li>Terraza<\/li>\n<\/ul>\n<\/li>\n<li><strong>Normativa exigida:<\/strong>\n<ul>\n<li>Atados (cadena o correa corta)<\/li>\n<\/ul>\n<\/li>\n<\/ul>\n<p>Mail: <a href=\"mailto:restaurante@irrisarriland.com\">restaurante@irrisarriland.com<\/a><br \/>\nTel\u00e9fono: <a class=\"_ps2id\" href=\"tel:+34948928922\" data-ps2id-offset=\"\">948 928 922<\/a><\/p>\n<p><strong>La Vieja Iru\u00f1a <\/strong>(C\/ San Nicolas 40-42, Pamplona)<strong><br \/>\n<\/strong><strong>Tipo de establecimiento:<\/strong> Bar, restaurante<\/p>\n<ul>\n<li><strong>Zonas permitidas:<\/strong>\n<ul>\n<li>Comedor<\/li>\n<li>Barra<\/li>\n<li>Terraza<\/li>\n<\/ul>\n<\/li>\n<li><strong>Normativa exigida:<\/strong>\n<ul>\n<li>Atados (cadena o correa corta)<\/li>\n<li>Requiere reserva previa<\/li>\n<\/ul>\n<\/li>\n<\/ul>\n<p>Mail: <a href=\"mailto:admin@laviejairuna.es\" target=\"_blank\" rel=\"noopener\">admin@laviejairuna.es<\/a><br \/>\nTel\u00e9fono: <a href=\"http:\/\/+34948596665\">948 596 665<\/a><\/p>\n<p><strong>Hotel &amp; Spa El Mirador de Ulzama <\/strong>(C\/ La Asunci\u00f3n sn, Urritzola-Galain)<strong><br \/>\n<\/strong><strong>Tipo de establecimiento:<\/strong> Bar, cafeter\u00eda, restaurante<\/p>\n<ul>\n<li><strong>Zonas permitidas:<\/strong>\n<ul>\n<li>Comedor<\/li>\n<li>Barra<\/li>\n<li>Terraza<\/li>\n<\/ul>\n<\/li>\n<li><strong>Normativa exigida:<\/strong>\n<ul>\n<li>Atados (cadena o correa corta)<\/li>\n<li>Requiere reserva previa<\/li>\n<li>Limite aforo: 1 por habitaci\u00f3n<\/li>\n<li>Coste 20\u20ac mascota\/noche<\/li>\n<li>Zona reservada para clientes con mascota<\/li>\n<\/ul>\n<\/li>\n<\/ul>\n<p>Mail: <a class=\"_ps2id\" href=\"info@elmiradordeulzama.com\" data-ps2id-offset=\"\">info@elmiradordeulzama.com<\/a><br \/>\nTel\u00e9fono: <a class=\"_ps2id\" href=\"tel:+34948320738\" data-ps2id-offset=\"\">948 320 738<\/a>[\/vc_column_text][\/vc_column][\/vc_row]<\/p>\n","protected":false},"excerpt":{"rendered":"<p>[vc_row][vc_column width=&#8221;1\/1&#8243;][\/vc_column][\/vc_row][vc_row][vc_column width=&#8221;1\/1&#8243;][vc_column_text]Algunos establecimientos que permiten mascotas en Navarra: Bar Kirol (Avda. Prado Irache 4, Ayegui) Tipo de establecimiento: bar con comedor, barra y terraza Zonas permitidas: Comedor Bar Terraza Normativa exigida: Atados (cadena o correa corta) Mail: restauranteirache@gmail.com Tel: 626797597 Vast &#8211; Plaza de toros (c\/ Aoiz 10-8, Pamplona) Tipo de establecimiento: visitas guiadas Normativa exigida: mascotas atadas Mail: i.fernandez@grupovast.com Tel: 610712064 Sidrer\u00eda Auzmendi (c\/ Joaqu\u00edn Beunza 17, Pamplona) Tipo de establecimiento: sidrer\u00eda Normativa exigida: mascotas atadas Mail: nereatxuik@hotmail.com Tel: 659247696 Restaurante Casa Manolo (c\/ Garc\u00eda Casta\u00f1\u00f3n 12-1\u00ba, Pamplona) Tipo de establecimiento: restaurante con comedor y terraza Zonas permitidas: Comedor, barra y terraza Normativa exigida: Mascotas atadas (cadena o correa corta) Se requiere reserva previa Mail: comercial.casa.manolo@gmail.com Tel: 685904132 Caf\u00e9 Bar La Antigua Farmacia (C\/ Garc\u00eda Casta\u00f1on, 2, Pamplona Tipo de establecimiento: Bar, restaurante y terraza Normativa exigida: mascotas atadas Tel\u00e9fono: 948210968 Whatsapp: 698905329 Rest. Casa Tere (Avda. Zaragoza 12, Campanas) Tipo de establecimiento: Bar, restaurante Zonas permitidas: Comedor Barra Terraza Normativa exigida: Atados (cadena o correa corta) Tel\u00e9fono: 948360020 Hotel Iriguibel (Intxaurdia 4, Huarte) Tipo de establecimiento: Hotel Bar-Cafeter\u00eda Normativa exigida: mascotas atadas sin bozal Mail: hoteliriguibel@hoteliriguibel.com Tel\u00e9fono: 948361190 Camping Aritzaleku (C\/ San Pedro sn, Lerate) Tipo de [&hellip;]<\/p>\n","protected":false},"author":1,"featured_media":0,"parent":0,"menu_order":0,"comment_status":"closed","ping_status":"closed","template":"","meta":{"footnotes":""},"class_list":["post-12981","page","type-page","status-publish","hentry"],"yoast_head":"<!-- This site is optimized with the Yoast SEO plugin v23.5 - https:\/\/yoast.com\/wordpress\/plugins\/seo\/ -->\n<title>Establecimientos Pet Friendly - VisitNavarra<\/title>\n<meta name=\"description\" content=\"Establecimientos en Navarra que son admiten mascotas.\" \/>\n<meta name=\"robots\" content=\"index, follow, max-snippet:-1, max-image-preview:large, max-video-preview:-1\" \/>\n<link rel=\"canonical\" href=\"https:\/\/visitnavarra.info\/visitnavarra\/pet-friendly-2\/\" \/>\n<meta property=\"og:locale\" content=\"es_ES\" \/>\n<meta property=\"og:type\" content=\"article\" \/>\n<meta property=\"og:title\" content=\"Establecimientos Pet Friendly - VisitNavarra\" \/>\n<meta property=\"og:description\" content=\"Establecimientos en Navarra que son admiten mascotas.\" \/>\n<meta property=\"og:url\" content=\"https:\/\/visitnavarra.info\/visitnavarra\/pet-friendly-2\/\" \/>\n<meta property=\"og:site_name\" content=\"VisitNavarra\" \/>\n<meta property=\"article:modified_time\" content=\"2026-02-06T09:39:14+00:00\" \/>\n<meta name=\"twitter:card\" content=\"summary_large_image\" \/>\n<meta name=\"twitter:label1\" content=\"Tiempo de lectura\" \/>\n\t<meta name=\"twitter:data1\" content=\"5 minutos\" \/>\n<script type=\"application\/ld+json\" class=\"yoast-schema-graph\">{\"@context\":\"https:\/\/schema.org\",\"@graph\":[{\"@type\":\"WebPage\",\"@id\":\"https:\/\/visitnavarra.info\/visitnavarra\/pet-friendly-2\/\",\"url\":\"https:\/\/visitnavarra.info\/visitnavarra\/pet-friendly-2\/\",\"name\":\"Establecimientos Pet Friendly - VisitNavarra\",\"isPartOf\":{\"@id\":\"https:\/\/visitnavarra.info\/visitnavarra\/#website\"},\"datePublished\":\"2023-10-19T09:08:31+00:00\",\"dateModified\":\"2026-02-06T09:39:14+00:00\",\"description\":\"Establecimientos en Navarra que son admiten mascotas.\",\"breadcrumb\":{\"@id\":\"https:\/\/visitnavarra.info\/visitnavarra\/pet-friendly-2\/#breadcrumb\"},\"inLanguage\":\"es\",\"potentialAction\":[{\"@type\":\"ReadAction\",\"target\":[\"https:\/\/visitnavarra.info\/visitnavarra\/pet-friendly-2\/\"]}]},{\"@type\":\"BreadcrumbList\",\"@id\":\"https:\/\/visitnavarra.info\/visitnavarra\/pet-friendly-2\/#breadcrumb\",\"itemListElement\":[{\"@type\":\"ListItem\",\"position\":1,\"name\":\"Portada\",\"item\":\"https:\/\/visitnavarra.info\/visitnavarra\/\"},{\"@type\":\"ListItem\",\"position\":2,\"name\":\"Pet Friendly\"}]},{\"@type\":\"WebSite\",\"@id\":\"https:\/\/visitnavarra.info\/visitnavarra\/#website\",\"url\":\"https:\/\/visitnavarra.info\/visitnavarra\/\",\"name\":\"VisitNavarra\",\"description\":\"Alojamiento y experiencias tur\u00edsticas en Navarra; qu\u00e9 visitar en Navarra; comer en Navarra\",\"potentialAction\":[{\"@type\":\"SearchAction\",\"target\":{\"@type\":\"EntryPoint\",\"urlTemplate\":\"https:\/\/visitnavarra.info\/visitnavarra\/?s={search_term_string}\"},\"query-input\":{\"@type\":\"PropertyValueSpecification\",\"valueRequired\":true,\"valueName\":\"search_term_string\"}}],\"inLanguage\":\"es\"}]}<\/script>\n<!-- \/ Yoast SEO plugin. -->","yoast_head_json":{"title":"Establecimientos Pet Friendly - VisitNavarra","description":"Establecimientos en Navarra que son admiten mascotas.","robots":{"index":"index","follow":"follow","max-snippet":"max-snippet:-1","max-image-preview":"max-image-preview:large","max-video-preview":"max-video-preview:-1"},"canonical":"https:\/\/visitnavarra.info\/visitnavarra\/pet-friendly-2\/","og_locale":"es_ES","og_type":"article","og_title":"Establecimientos Pet Friendly - VisitNavarra","og_description":"Establecimientos en Navarra que son admiten mascotas.","og_url":"https:\/\/visitnavarra.info\/visitnavarra\/pet-friendly-2\/","og_site_name":"VisitNavarra","article_modified_time":"2026-02-06T09:39:14+00:00","twitter_card":"summary_large_image","twitter_misc":{"Tiempo de lectura":"5 minutos"},"schema":{"@context":"https:\/\/schema.org","@graph":[{"@type":"WebPage","@id":"https:\/\/visitnavarra.info\/visitnavarra\/pet-friendly-2\/","url":"https:\/\/visitnavarra.info\/visitnavarra\/pet-friendly-2\/","name":"Establecimientos Pet Friendly - VisitNavarra","isPartOf":{"@id":"https:\/\/visitnavarra.info\/visitnavarra\/#website"},"datePublished":"2023-10-19T09:08:31+00:00","dateModified":"2026-02-06T09:39:14+00:00","description":"Establecimientos en Navarra que son admiten mascotas.","breadcrumb":{"@id":"https:\/\/visitnavarra.info\/visitnavarra\/pet-friendly-2\/#breadcrumb"},"inLanguage":"es","potentialAction":[{"@type":"ReadAction","target":["https:\/\/visitnavarra.info\/visitnavarra\/pet-friendly-2\/"]}]},{"@type":"BreadcrumbList","@id":"https:\/\/visitnavarra.info\/visitnavarra\/pet-friendly-2\/#breadcrumb","itemListElement":[{"@type":"ListItem","position":1,"name":"Portada","item":"https:\/\/visitnavarra.info\/visitnavarra\/"},{"@type":"ListItem","position":2,"name":"Pet Friendly"}]},{"@type":"WebSite","@id":"https:\/\/visitnavarra.info\/visitnavarra\/#website","url":"https:\/\/visitnavarra.info\/visitnavarra\/","name":"VisitNavarra","description":"Alojamiento y experiencias tur\u00edsticas en Navarra; qu\u00e9 visitar en Navarra; comer en Navarra","potentialAction":[{"@type":"SearchAction","target":{"@type":"EntryPoint","urlTemplate":"https:\/\/visitnavarra.info\/visitnavarra\/?s={search_term_string}"},"query-input":{"@type":"PropertyValueSpecification","valueRequired":true,"valueName":"search_term_string"}}],"inLanguage":"es"}]}},"_links":{"self":[{"href":"https:\/\/visitnavarra.info\/visitnavarra\/wp-json\/wp\/v2\/pages\/12981","targetHints":{"allow":["GET"]}}],"collection":[{"href":"https:\/\/visitnavarra.info\/visitnavarra\/wp-json\/wp\/v2\/pages"}],"about":[{"href":"https:\/\/visitnavarra.info\/visitnavarra\/wp-json\/wp\/v2\/types\/page"}],"author":[{"embeddable":true,"href":"https:\/\/visitnavarra.info\/visitnavarra\/wp-json\/wp\/v2\/users\/1"}],"replies":[{"embeddable":true,"href":"https:\/\/visitnavarra.info\/visitnavarra\/wp-json\/wp\/v2\/comments?post=12981"}],"version-history":[{"count":30,"href":"https:\/\/visitnavarra.info\/visitnavarra\/wp-json\/wp\/v2\/pages\/12981\/revisions"}],"predecessor-version":[{"id":14101,"href":"https:\/\/visitnavarra.info\/visitnavarra\/wp-json\/wp\/v2\/pages\/12981\/revisions\/14101"}],"wp:attachment":[{"href":"https:\/\/visitnavarra.info\/visitnavarra\/wp-json\/wp\/v2\/media?parent=12981"}],"curies":[{"name":"wp","href":"https:\/\/api.w.org\/{rel}","templated":true}]}}