{"id":13175,"date":"2023-10-19T09:08:31","date_gmt":"2023-10-19T09:08:31","guid":{"rendered":"https:\/\/visitnavarra.info\/visitnavarra\/pet-friendly\/"},"modified":"2023-11-28T15:10:31","modified_gmt":"2023-11-28T15:10:31","slug":"pet-friendly","status":"publish","type":"page","link":"https:\/\/visitnavarra.info\/visitnavarra\/pet-friendly\/","title":{"rendered":"Pet Friendly"},"content":{"rendered":"<p>[vc_row][vc_column width=&#8221;1\/1&#8243;]<div class=\"single_image wpb_content_element align-left    \" data-animation=\"none\" data-delay=\"0\"><img loading=\"lazy\" decoding=\"async\" width=\"1181\" height=\"513\" src=\"https:\/\/visitnavarra.info\/visitnavarra\/wp-content\/uploads\/2023\/06\/Fitur-AEHN-colaboracion-big-1-1.jpg\" class=\"attachment-full\" alt=\"Imagen perro para la secci\u00f3n de pet\" srcset=\"https:\/\/visitnavarra.info\/visitnavarra\/wp-content\/uploads\/2023\/06\/Fitur-AEHN-colaboracion-big-1-1.jpg 1181w, https:\/\/visitnavarra.info\/visitnavarra\/wp-content\/uploads\/2023\/06\/Fitur-AEHN-colaboracion-big-1-1-300x130.jpg 300w, https:\/\/visitnavarra.info\/visitnavarra\/wp-content\/uploads\/2023\/06\/Fitur-AEHN-colaboracion-big-1-1-1024x445.jpg 1024w, https:\/\/visitnavarra.info\/visitnavarra\/wp-content\/uploads\/2023\/06\/Fitur-AEHN-colaboracion-big-1-1-768x334.jpg 768w, https:\/\/visitnavarra.info\/visitnavarra\/wp-content\/uploads\/2023\/06\/Fitur-AEHN-colaboracion-big-1-1-320x139.jpg 320w, https:\/\/visitnavarra.info\/visitnavarra\/wp-content\/uploads\/2023\/06\/Fitur-AEHN-colaboracion-big-1-1-480x209.jpg 480w, https:\/\/visitnavarra.info\/visitnavarra\/wp-content\/uploads\/2023\/06\/Fitur-AEHN-colaboracion-big-1-1-800x348.jpg 800w\" sizes=\"auto, (max-width: 1181px) 100vw, 1181px\" \/><\/div><div class=\"spacer\" style=\"height: 40px;\"><\/div>[\/vc_column][\/vc_row][vc_row][vc_column width=&#8221;1\/1&#8243;][vc_column_text]Some establishments that allow pets in Navarra:<\/p>\n<p><strong>Soto del Prior (c\/ San Nicol\u00e1s 72, Pamplona)<\/strong><\/p>\n<ul>\n<li><strong>Type of establishment:<\/strong> Restaurant\/burger joint\/bakery with dining area, counter, and terrace.<\/li>\n<li><strong>Required regulations:<\/strong> Pets must be on a leash, and muzzled if necessary.<\/li>\n<li><strong>Email<\/strong>: gerencia@sotodelprior.com<\/li>\n<li>Phone: 680657132<\/li>\n<\/ul>\n<p><strong>Bar Kirol (Avda. Prado Irache 4, Ayegui)<\/strong><\/p>\n<ul>\n<li><strong>Type of establishment:<\/strong> Bar with dining area, counter, and terrace.<\/li>\n<li><strong>Permitted areas<\/strong>: Dining area, Bar, Terrace.<\/li>\n<li><strong>Required regulations<\/strong>: Tethered (with a chain or short leash).<\/li>\n<li><strong>Email<\/strong>: restauranteirache@gmail.com<\/li>\n<li><strong>Phone<\/strong>: 606980674<\/li>\n<\/ul>\n<p><strong>Vast &#8211; Plaza de toros (c\/ Aoiz 10-8, Pamplona)<\/strong><\/p>\n<ul>\n<li><strong>Type of establishment<\/strong>: Guided tours.<\/li>\n<li><strong>Required regulations:<\/strong> Pets must be on a leash.<\/li>\n<li><strong>Email<\/strong>: i.fernandez@grupovast.com<\/li>\n<li><strong>Phone<\/strong>: 610712064<\/li>\n<\/ul>\n<p><strong>Sidrer\u00eda Auzmendi (c\/ Joaqu\u00edn Beunza 17, Pamplona)<\/strong><\/p>\n<ul>\n<li><strong>Type of establishment<\/strong>: Cider house.<\/li>\n<li><strong>Required regulation<\/strong>s: Pets must be on a leash.<\/li>\n<li><strong>Email<\/strong>: nereatxuik@hotmail.com<\/li>\n<li><strong>Phone<\/strong>: 659247696<\/li>\n<\/ul>\n<p><strong>Restaurante Casa Manolo (c\/ Garc\u00eda Casta\u00f1\u00f3n 12-1\u00ba, Pamplona)<\/strong><\/p>\n<ul>\n<li><strong>Type of establishment:<\/strong> Restaurant with dining area and terrace.<\/li>\n<li><strong>Permitted areas:<\/strong> Dining area, counter, and terrace.<\/li>\n<li><strong>Required regulations<\/strong>: Pets must be on a leash (with a chain or short leash). Reservation required.<\/li>\n<li><strong>Email<\/strong>: comercial.casa.manolo@gmail.com<\/li>\n<li><strong>Phone<\/strong>: 685904132<\/li>\n<\/ul>\n<p>Caf\u00e9 Bar La Antigua Farmacia (C\/ Garc\u00eda Casta\u00f1on, 2, Pamplona)<\/p>\n<ul>\n<li><strong>Type of establishment<\/strong>: Bar, restaurant, and terrace.<\/li>\n<li><strong>Required regulations<\/strong>: Pets must be on a leash.<\/li>\n<li><strong>Phone<\/strong>: 948210968, Whatsapp: 698905329<\/li>\n<\/ul>\n<p><strong>Rest. Casa Tere (Avda. Zaragoza 12, Campanas)<\/strong><\/p>\n<ul>\n<li><strong>Type of establishment:<\/strong> Bar, restaurant.<\/li>\n<li><strong>Permitted areas:<\/strong> Dining area, counter, and terrace.<\/li>\n<li><strong>Required regulations:<\/strong> Tethered (with a chain or short leash).<\/li>\n<li><strong>Phone<\/strong>: 948360020<\/li>\n<\/ul>\n<p><strong>Hotel Iriguibel (Intxaurdia 4, Huarte)<\/strong><\/p>\n<ul>\n<li>Type of establishment: Hotel Bar-Cafeteria.<\/li>\n<li><strong>Required regulations<\/strong>: Pets must be on a leash without a muzzle.<\/li>\n<li><strong>Email<\/strong>: hoteliriguibel@hoteliriguibel.com<\/li>\n<li><strong>Phone<\/strong>: 948361190<\/li>\n<\/ul>\n<p><strong>Camping Aritzaleku (C\/ San Pedro sn, Lerate)<\/strong><\/p>\n<ul>\n<li><strong>Type of establishment<\/strong>: Camping, restaurant, and bar.<\/li>\n<li><strong>Required regulations:<\/strong> Tethered. Must have a veterinary record with up-to-date vaccinations.<\/li>\n<li><strong>Email<\/strong>: info@aritzaleku.com<\/li>\n<li><strong>Phone<\/strong>: 948395064<\/li>\n<\/ul>\n<p><strong>Pamplona El Toro Hotel &amp; Spa (Ctra. Guip\u00fazcoa Km. 5, Berrioplano)<\/strong><\/p>\n<ul>\n<li><strong>Type of establishment:<\/strong> Hotel, restaurant.<\/li>\n<li><strong>Email<\/strong>: reservas@hotelpamplonaeltoro.com<\/li>\n<li><strong>Phone<\/strong>: 948302211<\/li>\n<\/ul>\n<p><strong>El Txoko de Eg\u00fc\u00e9s (C\/ San Mart\u00edn 1, Eg\u00fc\u00e9s)<\/strong><\/p>\n<ul>\n<li><strong>Type of establishment<\/strong>: Bar, restaurant.<\/li>\n<li><strong>Required regulations:<\/strong> Pets must be on a leash.<\/li>\n<li><strong>Email<\/strong>: arcasabor@gmail.com<\/li>\n<li><strong>Phone<\/strong>: 948361102<\/li>\n<\/ul>\n<p><strong>Bar Rest. Sarasate (Ctra. San Sebasti\u00e1n Km. 15, Sarasate)<\/strong><\/p>\n<ul>\n<li><strong>Type of establishment:<\/strong> Bar, restaurant.<\/li>\n<li><strong>Required regulations<\/strong>: Pets must be on a leash.<\/li>\n<li><strong>Phone<\/strong>: 639886571<\/li>\n<\/ul>\n<p><strong>Camping Bardenas (Ctra. NA 660 PK 13,4, Villafranca)<\/strong><\/p>\n<ul>\n<li><strong>Type of establishment:<\/strong> Camping, restaurant.<\/li>\n<li><strong>Email<\/strong>: gestionturisticanavarra@gmail.com<\/li>\n<li><strong>Phone<\/strong>: 948846191<\/li>\n<\/ul>\n<p><strong>Hostal Legaz (C\/ La Roza 1, Funes)<\/strong><\/p>\n<ul>\n<li><strong>Type of establishment<\/strong>: Hostel.<\/li>\n<li><strong>Email<\/strong>: hostallegaz@gmail.com<\/li>\n<li><strong>Phone<\/strong>: 948754523<\/li>\n<\/ul>\n<p><strong>Hotel Villa Marcilla (C\/ de la Estaci\u00f3n sn, Marcilla)<\/strong><\/p>\n<ul>\n<li><strong>Type of establishment<\/strong>: Hotel.<\/li>\n<li><strong>Email<\/strong>: hvillamarcilla@gmail.com<\/li>\n<li><strong>Phone<\/strong>: 94875722<\/li>\n<\/ul>\n<p><strong>Rest. Beti Jai (C\/ Santa Agueda 4, Aoiz)<\/strong><\/p>\n<ul>\n<li><strong>Type of establishment<\/strong>: Bar, restaurant, and lodging.<\/li>\n<li><strong>Required regulations<\/strong>: Pets must always be on a leash, dangerous breeds must wear a muzzle. Reservation required.<\/li>\n<li><strong>Email<\/strong>: info@beti-jai.com<\/li>\n<li><strong>Phone<\/strong>: 948336052<\/li>\n<\/ul>\n<p><strong>Hotel El Villa (Ctra. Nacional 232 Km 83,4)<\/strong><\/p>\n<ul>\n<li><strong>Type of establishment<\/strong>: Hotel, bar, restaurant.<\/li>\n<li><strong>Permitted areas<\/strong>: Counter and terrace. Not allowed in the dining area and gym (except guide dogs).<\/li>\n<li>Required regulations: Pets must be on a leash (with a chain or short leash). Reservation required. Limit of 5 dogs. Reserved area for customers with pets. Veterinary record. Civil<\/li>\n<li>liability insurance policy.<\/li>\n<li><strong>Email<\/strong>: elvilla@eventshotels.com<\/li>\n<li><strong>Phone<\/strong>: 948842012<\/li>\n<\/ul>\n<p><strong>Hotel Villava (Ctra. Pamplona-Ir\u00fan Km.4, Villava)<\/strong><\/p>\n<ul>\n<li><strong>Type of establishment<\/strong>: Hotel, bar, restaurant.<\/li>\n<li><strong>Required regulations<\/strong>: Pets must be on a leash.<\/li>\n<li><strong>Email<\/strong>: recep@hotelvillava.com<\/li>\n<li><strong>Phone<\/strong>: 948333676<\/li>\n<\/ul>\n<p><strong>Restaurante La Hacienda (Camino Labiano 47, Mutilva)<\/strong><\/p>\n<ul>\n<li><strong>Type of establishment:<\/strong> Bar, restaurant, and terrace.<\/li>\n<li><strong>Permitted areas:<\/strong> Terrace.<\/li>\n<li><strong>Required regulations<\/strong>: Tethered (with a chain or short leash), muzzle. Dog limit: 4. Civil liability insurance policy.<\/li>\n<li><strong>Email<\/strong>: lahaciendamutilva@gmail.com<\/li>\n<li><strong>Phone<\/strong>: 948235579<\/li>\n<\/ul>\n<p><strong>Kayak Tudela (Embarcadero Municipal Merche Mar\u00edn, Tudela)<\/strong><\/p>\n<ul>\n<li><strong>Type of establishment<\/strong>: Kayak rental.<\/li>\n<li><strong>Permitted areas<\/strong>: Open area (Ebro River and surrounding areas).<\/li>\n<li><strong>Required regulations:<\/strong> Reservation required.<\/li>\n<li><strong>Email<\/strong>: info@kayaktudela.es<\/li>\n<li><strong>Phone<\/strong>: 613270575<\/li>\n<\/ul>\n<p><strong>Hotel Camino de Las Bardenas (Pza. de la Noria 4, Arg\u00fcedas)<\/strong><\/p>\n<ul>\n<li><strong>Type of establishment:<\/strong> Hotel and restaurant.<\/li>\n<li><strong>Required regulations:<\/strong> Pets must be on a leash, dangerous breeds must wear a muzzle.<\/li>\n<li><strong>Email<\/strong>: hotel1@caminodelasbardenas.com<\/li>\n<li><strong>Phone<\/strong>: 948830517<\/li>\n<\/ul>\n<p><strong>Zanpa (C\/ Estafeta 48, Pamplona)<\/strong><\/p>\n<ul>\n<li><strong>Type of establishment<\/strong>: Bar and restaurant.<\/li>\n<li><strong>Permitted areas:<\/strong> Dining area (depending on the size of the dog), counter, and terrace.<\/li>\n<li><strong>Required regulations<\/strong>: Tethered (with a chain or short leash).<\/li>\n<li><strong>Email<\/strong>: info@zanpa.es<\/li>\n<li><strong>Phone<\/strong>: 948484848<\/li>\n<\/ul>\n<p><strong>Hostal Salazar (C\/ Mayor sn, Oronz)<\/strong><\/p>\n<ul>\n<li>Type of establishment: Hotel, bar, and restaurant.<\/li>\n<li>Email: hotelsalazar@gmail.com<\/li>\n<li>Phone: 948890053<\/li>\n<\/ul>\n<p><strong>Ibaisek (C\/ San Ant\u00f3n 55, Zudaire)<\/strong><\/p>\n<ul>\n<li><strong>Phone<\/strong>: 647990641<\/li>\n<li><strong>Type of establishment<\/strong>: Hotel, bar, and restaurant.<\/li>\n<li><strong>Permitted areas<\/strong>: Terrace.<\/li>\n<li><strong>Required regulations<\/strong>: Pets must be on a leash (with a chain or short leash), transported in a carrier. Reservation required. Reserved area for customers with pets. Civil liability insurance policy.<\/li>\n<li><strong>Conditions<\/strong>: Upon check-in, a deposit of \u20ac50 in cash is required, which will be refunded upon check-out if everything is in order.<\/li>\n<\/ul>\n<p><strong>Rest. Los Nogales (C\/ San Roque 13, Muruz\u00e1bal)<\/strong><\/p>\n<ul>\n<li><strong>Type of establishment<\/strong>: Bar, restaurant.<\/li>\n<li><strong>Permitted areas:<\/strong> Only on the terrace.<\/li>\n<li><strong>Phone<\/strong>: 948344071<\/li>\n<\/ul>\n<p><strong>Camping El Molino (C\/ El Molino sn, Mendigorr\u00eda)<\/strong><\/p>\n<ul>\n<li><strong>Type of establishment:<\/strong> Camping, bar, restaurant.<\/li>\n<li><strong>Permitted areas:<\/strong> Dining area, counter, and terrace.<\/li>\n<li><strong>Required regulations:<\/strong> Tethered (with a chain or short leash).<\/li>\n<li><strong>Email<\/strong>: info@campingelmolino.com<\/li>\n<li><strong>Phone<\/strong>: 948340604<\/li>\n<\/ul>\n<p><strong>Camping Urbasa (Parque Natural Urbasa)<\/strong><\/p>\n<ul>\n<li><strong>Type of establishment:<\/strong> Camping, bar, and restaurant.<\/li>\n<li><strong>Permitted areas:<\/strong> Dining area, counter, and terrace.<\/li>\n<li><strong>Required regulations<\/strong>: Tethered (with a chain or short leash).<\/li>\n<li><strong>Email<\/strong>: info@campingurbasa.com<\/li>\n<li><strong>Phone<\/strong>: 948395223<\/li>\n<\/ul>\n<p><strong>Camping Izarpe (Asunci\u00f3n 19. Ar\u00f3ztegui)<\/strong><\/p>\n<ul>\n<li><strong>Type of establishment<\/strong>: Camping, bar, cafeteria.<\/li>\n<li><strong>Permitted areas:<\/strong> Dining area, counter, terrace, accommodations, and pitches.<\/li>\n<li><strong>Required regulations:<\/strong> Tethered (with a chain or short leash), veterinary record or passport, civil liability insurance policy.<\/li>\n<li><strong>Email<\/strong>: info@campingizarpe.com<\/li>\n<li><strong>Phone<\/strong>: 848 681 400<\/li>\n<\/ul>\n<p><strong>Gastrobar Eguzki (Plaza Eguzki 1. Mutilva)<\/strong><\/p>\n<ul>\n<li><strong>Type of establishment:<\/strong> Bar, cafeteria.<\/li>\n<li><strong>Permitted areas<\/strong>: Dining area, counter, and terrace.<\/li>\n<li><strong>Required regulations<\/strong>: Tethered (with a chain or short leash), muzzle.<\/li>\n<\/ul>\n<p>[\/vc_column_text][\/vc_column][\/vc_row]<\/p>\n","protected":false},"excerpt":{"rendered":"<p>[vc_row][vc_column width=&#8221;1\/1&#8243;][\/vc_column][\/vc_row][vc_row][vc_column width=&#8221;1\/1&#8243;][vc_column_text]Some establishments that allow pets in Navarra: Soto del Prior (c\/ San Nicol\u00e1s 72, Pamplona) Type of establishment: Restaurant\/burger joint\/bakery with dining area, counter, and terrace. Required regulations: Pets must be on a leash, and muzzled if necessary. Email: gerencia@sotodelprior.com Phone: 680657132 Bar Kirol (Avda. Prado Irache 4, Ayegui) Type of establishment: Bar with dining area, counter, and terrace. Permitted areas: Dining area, Bar, Terrace. Required regulations: Tethered (with a chain or short leash). Email: restauranteirache@gmail.com Phone: 606980674 Vast &#8211; Plaza de toros (c\/ Aoiz 10-8, Pamplona) Type of establishment: Guided tours. Required regulations: Pets must be on a leash. Email: i.fernandez@grupovast.com Phone: 610712064 Sidrer\u00eda Auzmendi (c\/ Joaqu\u00edn Beunza 17, Pamplona) Type of establishment: Cider house. Required regulations: Pets must be on a leash. Email: nereatxuik@hotmail.com Phone: 659247696 Restaurante Casa Manolo (c\/ Garc\u00eda Casta\u00f1\u00f3n 12-1\u00ba, Pamplona) Type of establishment: Restaurant with dining area and terrace. Permitted areas: Dining area, counter, and terrace. Required regulations: Pets must be on a leash (with a chain or short leash). Reservation required. Email: comercial.casa.manolo@gmail.com Phone: 685904132 Caf\u00e9 Bar La Antigua Farmacia (C\/ Garc\u00eda Casta\u00f1on, 2, Pamplona) Type of establishment: Bar, restaurant, and terrace. Required regulations: Pets must be on a leash. Phone: [&hellip;]<\/p>\n","protected":false},"author":1,"featured_media":0,"parent":0,"menu_order":0,"comment_status":"closed","ping_status":"closed","template":"","meta":{"footnotes":""},"class_list":["post-13175","page","type-page","status-publish","hentry"],"yoast_head":"<!-- This site is optimized with the Yoast SEO plugin v23.5 - https:\/\/yoast.com\/wordpress\/plugins\/seo\/ -->\n<title>Establecimientos Pet Friendly - VisitNavarra<\/title>\n<meta name=\"description\" content=\"Establecimientos en Navarra que son admiten mascotas.\" \/>\n<meta name=\"robots\" content=\"index, follow, max-snippet:-1, max-image-preview:large, max-video-preview:-1\" \/>\n<link rel=\"canonical\" href=\"https:\/\/visitnavarra.info\/visitnavarra\/en\/pet-friendly\/\" \/>\n<meta property=\"og:locale\" content=\"es_ES\" \/>\n<meta property=\"og:type\" content=\"article\" \/>\n<meta property=\"og:title\" content=\"Establecimientos Pet Friendly - VisitNavarra\" \/>\n<meta property=\"og:description\" content=\"Establecimientos en Navarra que son admiten mascotas.\" \/>\n<meta property=\"og:url\" content=\"https:\/\/visitnavarra.info\/visitnavarra\/en\/pet-friendly\/\" \/>\n<meta property=\"og:site_name\" content=\"VisitNavarra\" \/>\n<meta property=\"article:modified_time\" content=\"2023-11-28T15:10:31+00:00\" \/>\n<meta name=\"twitter:card\" content=\"summary_large_image\" \/>\n<meta name=\"twitter:label1\" content=\"Tiempo de lectura\" \/>\n\t<meta name=\"twitter:data1\" content=\"5 minutos\" \/>\n<script type=\"application\/ld+json\" class=\"yoast-schema-graph\">{\"@context\":\"https:\/\/schema.org\",\"@graph\":[{\"@type\":\"WebPage\",\"@id\":\"https:\/\/visitnavarra.info\/visitnavarra\/en\/pet-friendly\/\",\"url\":\"https:\/\/visitnavarra.info\/visitnavarra\/en\/pet-friendly\/\",\"name\":\"Establecimientos Pet Friendly - VisitNavarra\",\"isPartOf\":{\"@id\":\"https:\/\/visitnavarra.info\/visitnavarra\/#website\"},\"datePublished\":\"2023-10-19T09:08:31+00:00\",\"dateModified\":\"2023-11-28T15:10:31+00:00\",\"description\":\"Establecimientos en Navarra que son admiten mascotas.\",\"breadcrumb\":{\"@id\":\"https:\/\/visitnavarra.info\/visitnavarra\/en\/pet-friendly\/#breadcrumb\"},\"inLanguage\":\"es\",\"potentialAction\":[{\"@type\":\"ReadAction\",\"target\":[\"https:\/\/visitnavarra.info\/visitnavarra\/en\/pet-friendly\/\"]}]},{\"@type\":\"BreadcrumbList\",\"@id\":\"https:\/\/visitnavarra.info\/visitnavarra\/en\/pet-friendly\/#breadcrumb\",\"itemListElement\":[{\"@type\":\"ListItem\",\"position\":1,\"name\":\"Portada\",\"item\":\"https:\/\/visitnavarra.info\/visitnavarra\/\"},{\"@type\":\"ListItem\",\"position\":2,\"name\":\"Pet Friendly\"}]},{\"@type\":\"WebSite\",\"@id\":\"https:\/\/visitnavarra.info\/visitnavarra\/#website\",\"url\":\"https:\/\/visitnavarra.info\/visitnavarra\/\",\"name\":\"VisitNavarra\",\"description\":\"Alojamiento y experiencias tur\u00edsticas en Navarra; qu\u00e9 visitar en Navarra; comer en Navarra\",\"potentialAction\":[{\"@type\":\"SearchAction\",\"target\":{\"@type\":\"EntryPoint\",\"urlTemplate\":\"https:\/\/visitnavarra.info\/visitnavarra\/?s={search_term_string}\"},\"query-input\":{\"@type\":\"PropertyValueSpecification\",\"valueRequired\":true,\"valueName\":\"search_term_string\"}}],\"inLanguage\":\"es\"}]}<\/script>\n<!-- \/ Yoast SEO plugin. -->","yoast_head_json":{"title":"Establecimientos Pet Friendly - VisitNavarra","description":"Establecimientos en Navarra que son admiten mascotas.","robots":{"index":"index","follow":"follow","max-snippet":"max-snippet:-1","max-image-preview":"max-image-preview:large","max-video-preview":"max-video-preview:-1"},"canonical":"https:\/\/visitnavarra.info\/visitnavarra\/en\/pet-friendly\/","og_locale":"es_ES","og_type":"article","og_title":"Establecimientos Pet Friendly - VisitNavarra","og_description":"Establecimientos en Navarra que son admiten mascotas.","og_url":"https:\/\/visitnavarra.info\/visitnavarra\/en\/pet-friendly\/","og_site_name":"VisitNavarra","article_modified_time":"2023-11-28T15:10:31+00:00","twitter_card":"summary_large_image","twitter_misc":{"Tiempo de lectura":"5 minutos"},"schema":{"@context":"https:\/\/schema.org","@graph":[{"@type":"WebPage","@id":"https:\/\/visitnavarra.info\/visitnavarra\/en\/pet-friendly\/","url":"https:\/\/visitnavarra.info\/visitnavarra\/en\/pet-friendly\/","name":"Establecimientos Pet Friendly - VisitNavarra","isPartOf":{"@id":"https:\/\/visitnavarra.info\/visitnavarra\/#website"},"datePublished":"2023-10-19T09:08:31+00:00","dateModified":"2023-11-28T15:10:31+00:00","description":"Establecimientos en Navarra que son admiten mascotas.","breadcrumb":{"@id":"https:\/\/visitnavarra.info\/visitnavarra\/en\/pet-friendly\/#breadcrumb"},"inLanguage":"es","potentialAction":[{"@type":"ReadAction","target":["https:\/\/visitnavarra.info\/visitnavarra\/en\/pet-friendly\/"]}]},{"@type":"BreadcrumbList","@id":"https:\/\/visitnavarra.info\/visitnavarra\/en\/pet-friendly\/#breadcrumb","itemListElement":[{"@type":"ListItem","position":1,"name":"Portada","item":"https:\/\/visitnavarra.info\/visitnavarra\/"},{"@type":"ListItem","position":2,"name":"Pet Friendly"}]},{"@type":"WebSite","@id":"https:\/\/visitnavarra.info\/visitnavarra\/#website","url":"https:\/\/visitnavarra.info\/visitnavarra\/","name":"VisitNavarra","description":"Alojamiento y experiencias tur\u00edsticas en Navarra; qu\u00e9 visitar en Navarra; comer en Navarra","potentialAction":[{"@type":"SearchAction","target":{"@type":"EntryPoint","urlTemplate":"https:\/\/visitnavarra.info\/visitnavarra\/?s={search_term_string}"},"query-input":{"@type":"PropertyValueSpecification","valueRequired":true,"valueName":"search_term_string"}}],"inLanguage":"es"}]}},"_links":{"self":[{"href":"https:\/\/visitnavarra.info\/visitnavarra\/wp-json\/wp\/v2\/pages\/13175","targetHints":{"allow":["GET"]}}],"collection":[{"href":"https:\/\/visitnavarra.info\/visitnavarra\/wp-json\/wp\/v2\/pages"}],"about":[{"href":"https:\/\/visitnavarra.info\/visitnavarra\/wp-json\/wp\/v2\/types\/page"}],"author":[{"embeddable":true,"href":"https:\/\/visitnavarra.info\/visitnavarra\/wp-json\/wp\/v2\/users\/1"}],"replies":[{"embeddable":true,"href":"https:\/\/visitnavarra.info\/visitnavarra\/wp-json\/wp\/v2\/comments?post=13175"}],"version-history":[{"count":4,"href":"https:\/\/visitnavarra.info\/visitnavarra\/wp-json\/wp\/v2\/pages\/13175\/revisions"}],"predecessor-version":[{"id":13242,"href":"https:\/\/visitnavarra.info\/visitnavarra\/wp-json\/wp\/v2\/pages\/13175\/revisions\/13242"}],"wp:attachment":[{"href":"https:\/\/visitnavarra.info\/visitnavarra\/wp-json\/wp\/v2\/media?parent=13175"}],"curies":[{"name":"wp","href":"https:\/\/api.w.org\/{rel}","templated":true}]}}