{"id":13201,"date":"2023-11-22T13:38:36","date_gmt":"2023-11-22T13:38:36","guid":{"rendered":"https:\/\/visitnavarra.info\/visitnavarra\/?page_id=13201"},"modified":"2024-08-27T10:39:20","modified_gmt":"2024-08-27T10:39:20","slug":"eventos-corporativos-en-bodega-otazu","status":"publish","type":"page","link":"https:\/\/visitnavarra.info\/visitnavarra\/eventos-corporativos-en-bodega-otazu\/","title":{"rendered":"EVENTOS CORPORATIVOS EN BODEGA OTAZU"},"content":{"rendered":"<p>[vc_row][vc_column width=&#8221;1\/1&#8243;][vc_column_text]<\/p>\n<h2>EVENTOS CORPORATIVOS<\/h2>\n<h2><img loading=\"lazy\" decoding=\"async\" class=\"alignleft wp-image-13204\" src=\"https:\/\/visitnavarra.info\/visitnavarra\/wp-content\/uploads\/2023\/11\/corporativo-ejecutivos-sirviendo-copa-web-300x200.jpg\" alt=\"Bodega Otazu, sirviendo vino, un ejecutivo sujeta la copa y otra la botella\" width=\"411\" height=\"274\" srcset=\"https:\/\/visitnavarra.info\/visitnavarra\/wp-content\/uploads\/2023\/11\/corporativo-ejecutivos-sirviendo-copa-web-300x200.jpg 300w, https:\/\/visitnavarra.info\/visitnavarra\/wp-content\/uploads\/2023\/11\/corporativo-ejecutivos-sirviendo-copa-web-1024x683.jpg 1024w, https:\/\/visitnavarra.info\/visitnavarra\/wp-content\/uploads\/2023\/11\/corporativo-ejecutivos-sirviendo-copa-web-768x512.jpg 768w, https:\/\/visitnavarra.info\/visitnavarra\/wp-content\/uploads\/2023\/11\/corporativo-ejecutivos-sirviendo-copa-web-600x400.jpg 600w, https:\/\/visitnavarra.info\/visitnavarra\/wp-content\/uploads\/2023\/11\/corporativo-ejecutivos-sirviendo-copa-web-320x213.jpg 320w, https:\/\/visitnavarra.info\/visitnavarra\/wp-content\/uploads\/2023\/11\/corporativo-ejecutivos-sirviendo-copa-web-480x320.jpg 480w, https:\/\/visitnavarra.info\/visitnavarra\/wp-content\/uploads\/2023\/11\/corporativo-ejecutivos-sirviendo-copa-web-800x533.jpg 800w, https:\/\/visitnavarra.info\/visitnavarra\/wp-content\/uploads\/2023\/11\/corporativo-ejecutivos-sirviendo-copa-web.jpg 1500w\" sizes=\"auto, (max-width: 411px) 100vw, 411px\" \/><\/h2>\n<p>&nbsp;<\/p>\n<p><img loading=\"lazy\" decoding=\"async\" class=\"wp-image-13208 alignright\" src=\"https:\/\/visitnavarra.info\/visitnavarra\/wp-content\/uploads\/2023\/11\/corporativo-leyendo-notas-web-300x200.jpg\" alt=\"En Bodegas Otazu una persona lee notas colocadas en la pared en forma de mural\" width=\"395\" height=\"263\" srcset=\"https:\/\/visitnavarra.info\/visitnavarra\/wp-content\/uploads\/2023\/11\/corporativo-leyendo-notas-web-300x200.jpg 300w, https:\/\/visitnavarra.info\/visitnavarra\/wp-content\/uploads\/2023\/11\/corporativo-leyendo-notas-web-1024x683.jpg 1024w, https:\/\/visitnavarra.info\/visitnavarra\/wp-content\/uploads\/2023\/11\/corporativo-leyendo-notas-web-768x512.jpg 768w, https:\/\/visitnavarra.info\/visitnavarra\/wp-content\/uploads\/2023\/11\/corporativo-leyendo-notas-web-600x400.jpg 600w, https:\/\/visitnavarra.info\/visitnavarra\/wp-content\/uploads\/2023\/11\/corporativo-leyendo-notas-web-320x213.jpg 320w, https:\/\/visitnavarra.info\/visitnavarra\/wp-content\/uploads\/2023\/11\/corporativo-leyendo-notas-web-480x320.jpg 480w, https:\/\/visitnavarra.info\/visitnavarra\/wp-content\/uploads\/2023\/11\/corporativo-leyendo-notas-web-800x533.jpg 800w, https:\/\/visitnavarra.info\/visitnavarra\/wp-content\/uploads\/2023\/11\/corporativo-leyendo-notas-web.jpg 1500w\" sizes=\"auto, (max-width: 395px) 100vw, 395px\" \/><\/p>\n<p>Ya sea una conferencia, una reuni\u00f3n de negocios o una velada de networking, en Otazu te ofrecemos un escenario incomparable que fusiona el encanto del vino con la excelencia corporativa. Contamos con espacios interiores y exteriores para organizar todo tipo de eventos y reuniones. Nuestros amplios salones proporcionan un ambiente ideal para cualquier celebraci\u00f3n. Otazu dispone de todas las instalaciones necesarias para la organizaci\u00f3n de reuniones de empresas o congresos, con la posibilidad de almuerzo, comida o cena. Nuestras instalaciones est\u00e1n equipadas con wifi, pantallas, proyectores, micr\u00f3fonos y todo el material necesario.<\/p>\n<ul>\n<li><strong>Horario<\/strong>: Seg\u00fan su necesidad<br \/>\n<strong>Idiomas<\/strong>: Espa\u00f1ol, ingl\u00e9s y franc\u00e9s<br \/>\n<strong>Precios<\/strong>: Consultar<br \/>\n<strong>Personas M\u00ednimo:<\/strong> 40<br \/>\n<strong>Personas M\u00e1ximo:<\/strong> 300<\/li>\n<\/ul>\n<p>[\/vc_column_text]<div class=\"spacer\" style=\"height: 40px;\"><\/div>[\/vc_column][\/vc_row][vc_row][vc_column width=&#8221;1\/4&#8243;]<div class=\"single_image wpb_content_element align-right    \" data-animation=\"none\" data-delay=\"0\"><img loading=\"lazy\" decoding=\"async\" class=\"\" src=\"https:\/\/visitnavarra.info\/visitnavarra\/wp-content\/uploads\/2024\/08\/Logotipo-de-Otazu-en-color-rectangular-200x200.jpg\" width=\"200\" height=\"200\" alt=\"Logo nuevo Bodegas Otazu 2024\" title=\"Logotipo de Otazu en color rectangular\" \/><\/div>[\/vc_column][vc_column width=&#8221;3\/4&#8243;][vc_column_text]<strong>CONTACTO \/ RESERVAS<\/strong><br \/>\nEntidad \/ empresa: OTAZU<br \/>\nContacto: Iker Andr\u00e9s<br \/>\nTel\u00e9fono: (+34) 948 329 200<br \/>\nMails: <a href=\"mailto:info@otazu.com\" target=\"_blank\" rel=\"noopener\">info@otazu.com<\/a>[\/vc_column_text][\/vc_column][\/vc_row]<\/p>\n","protected":false},"excerpt":{"rendered":"<p>[vc_row][vc_column width=&#8221;1\/1&#8243;][vc_column_text] EVENTOS CORPORATIVOS &nbsp; Ya sea una conferencia, una reuni\u00f3n de negocios o una velada de networking, en Otazu te ofrecemos un escenario incomparable que fusiona el encanto del vino con la excelencia corporativa. Contamos con espacios interiores y exteriores para organizar todo tipo de eventos y reuniones. Nuestros amplios salones proporcionan un ambiente ideal para cualquier celebraci\u00f3n. Otazu dispone de todas las instalaciones necesarias para la organizaci\u00f3n de reuniones de empresas o congresos, con la posibilidad de almuerzo, comida o cena. Nuestras instalaciones est\u00e1n equipadas con wifi, pantallas, proyectores, micr\u00f3fonos y todo el material necesario. Horario: Seg\u00fan su necesidad Idiomas: Espa\u00f1ol, ingl\u00e9s y franc\u00e9s Precios: Consultar Personas M\u00ednimo: 40 Personas M\u00e1ximo: 300 [\/vc_column_text][\/vc_column][\/vc_row][vc_row][vc_column width=&#8221;1\/4&#8243;][\/vc_column][vc_column width=&#8221;3\/4&#8243;][vc_column_text]CONTACTO \/ RESERVAS Entidad \/ empresa: OTAZU Contacto: Iker Andr\u00e9s Tel\u00e9fono: (+34) 948 329 200 Mails: info@otazu.com[\/vc_column_text][\/vc_column][\/vc_row]<\/p>\n","protected":false},"author":1,"featured_media":0,"parent":0,"menu_order":0,"comment_status":"closed","ping_status":"closed","template":"","meta":{"footnotes":""},"class_list":["post-13201","page","type-page","status-publish","hentry"],"yoast_head":"<!-- This site is optimized with the Yoast SEO plugin v23.5 - https:\/\/yoast.com\/wordpress\/plugins\/seo\/ -->\n<title>EVENTOS CORPORATIVOS - VisitNavarra<\/title>\n<meta name=\"description\" content=\"Ya sea una conferencia, una reuni\u00f3n de negocios o una velada de networking, te brindamos un escenario incomparable\" \/>\n<meta name=\"robots\" content=\"index, follow, max-snippet:-1, max-image-preview:large, max-video-preview:-1\" \/>\n<link rel=\"canonical\" href=\"https:\/\/visitnavarra.info\/visitnavarra\/eventos-corporativos-en-bodega-otazu\/\" \/>\n<meta property=\"og:locale\" content=\"es_ES\" \/>\n<meta property=\"og:type\" content=\"article\" \/>\n<meta property=\"og:title\" content=\"EVENTOS CORPORATIVOS - VisitNavarra\" \/>\n<meta property=\"og:description\" content=\"Ya sea una conferencia, una reuni\u00f3n de negocios o una velada de networking, te brindamos un escenario incomparable\" \/>\n<meta property=\"og:url\" content=\"https:\/\/visitnavarra.info\/visitnavarra\/eventos-corporativos-en-bodega-otazu\/\" \/>\n<meta property=\"og:site_name\" content=\"VisitNavarra\" \/>\n<meta property=\"article:modified_time\" content=\"2024-08-27T10:39:20+00:00\" \/>\n<meta property=\"og:image\" content=\"https:\/\/visitnavarra.info\/visitnavarra\/wp-content\/uploads\/2023\/11\/corporativo-ejecutivos-sirviendo-copa-web-300x200.jpg\" \/>\n<meta name=\"twitter:card\" content=\"summary_large_image\" \/>\n<meta name=\"twitter:label1\" content=\"Tiempo de lectura\" \/>\n\t<meta name=\"twitter:data1\" content=\"2 minutos\" \/>\n<script type=\"application\/ld+json\" class=\"yoast-schema-graph\">{\"@context\":\"https:\/\/schema.org\",\"@graph\":[{\"@type\":\"WebPage\",\"@id\":\"https:\/\/visitnavarra.info\/visitnavarra\/eventos-corporativos-en-bodega-otazu\/\",\"url\":\"https:\/\/visitnavarra.info\/visitnavarra\/eventos-corporativos-en-bodega-otazu\/\",\"name\":\"EVENTOS CORPORATIVOS - VisitNavarra\",\"isPartOf\":{\"@id\":\"https:\/\/visitnavarra.info\/visitnavarra\/#website\"},\"primaryImageOfPage\":{\"@id\":\"https:\/\/visitnavarra.info\/visitnavarra\/eventos-corporativos-en-bodega-otazu\/#primaryimage\"},\"image\":{\"@id\":\"https:\/\/visitnavarra.info\/visitnavarra\/eventos-corporativos-en-bodega-otazu\/#primaryimage\"},\"thumbnailUrl\":\"https:\/\/visitnavarra.info\/visitnavarra\/wp-content\/uploads\/2023\/11\/corporativo-ejecutivos-sirviendo-copa-web-300x200.jpg\",\"datePublished\":\"2023-11-22T13:38:36+00:00\",\"dateModified\":\"2024-08-27T10:39:20+00:00\",\"description\":\"Ya sea una conferencia, una reuni\u00f3n de negocios o una velada de networking, te brindamos un escenario incomparable\",\"breadcrumb\":{\"@id\":\"https:\/\/visitnavarra.info\/visitnavarra\/eventos-corporativos-en-bodega-otazu\/#breadcrumb\"},\"inLanguage\":\"es\",\"potentialAction\":[{\"@type\":\"ReadAction\",\"target\":[\"https:\/\/visitnavarra.info\/visitnavarra\/eventos-corporativos-en-bodega-otazu\/\"]}]},{\"@type\":\"ImageObject\",\"inLanguage\":\"es\",\"@id\":\"https:\/\/visitnavarra.info\/visitnavarra\/eventos-corporativos-en-bodega-otazu\/#primaryimage\",\"url\":\"https:\/\/visitnavarra.info\/visitnavarra\/wp-content\/uploads\/2023\/11\/corporativo-ejecutivos-sirviendo-copa-web.jpg\",\"contentUrl\":\"https:\/\/visitnavarra.info\/visitnavarra\/wp-content\/uploads\/2023\/11\/corporativo-ejecutivos-sirviendo-copa-web.jpg\",\"width\":1500,\"height\":1000,\"caption\":\"Bodega Otazu, sirviendo vino, un ejecutivo sujeta la copa y otra la botella\"},{\"@type\":\"BreadcrumbList\",\"@id\":\"https:\/\/visitnavarra.info\/visitnavarra\/eventos-corporativos-en-bodega-otazu\/#breadcrumb\",\"itemListElement\":[{\"@type\":\"ListItem\",\"position\":1,\"name\":\"Portada\",\"item\":\"https:\/\/visitnavarra.info\/visitnavarra\/\"},{\"@type\":\"ListItem\",\"position\":2,\"name\":\"EVENTOS CORPORATIVOS EN BODEGA OTAZU\"}]},{\"@type\":\"WebSite\",\"@id\":\"https:\/\/visitnavarra.info\/visitnavarra\/#website\",\"url\":\"https:\/\/visitnavarra.info\/visitnavarra\/\",\"name\":\"VisitNavarra\",\"description\":\"Alojamiento y experiencias tur\u00edsticas en Navarra; qu\u00e9 visitar en Navarra; comer en Navarra\",\"potentialAction\":[{\"@type\":\"SearchAction\",\"target\":{\"@type\":\"EntryPoint\",\"urlTemplate\":\"https:\/\/visitnavarra.info\/visitnavarra\/?s={search_term_string}\"},\"query-input\":{\"@type\":\"PropertyValueSpecification\",\"valueRequired\":true,\"valueName\":\"search_term_string\"}}],\"inLanguage\":\"es\"}]}<\/script>\n<!-- \/ Yoast SEO plugin. -->","yoast_head_json":{"title":"EVENTOS CORPORATIVOS - VisitNavarra","description":"Ya sea una conferencia, una reuni\u00f3n de negocios o una velada de networking, te brindamos un escenario incomparable","robots":{"index":"index","follow":"follow","max-snippet":"max-snippet:-1","max-image-preview":"max-image-preview:large","max-video-preview":"max-video-preview:-1"},"canonical":"https:\/\/visitnavarra.info\/visitnavarra\/eventos-corporativos-en-bodega-otazu\/","og_locale":"es_ES","og_type":"article","og_title":"EVENTOS CORPORATIVOS - VisitNavarra","og_description":"Ya sea una conferencia, una reuni\u00f3n de negocios o una velada de networking, te brindamos un escenario incomparable","og_url":"https:\/\/visitnavarra.info\/visitnavarra\/eventos-corporativos-en-bodega-otazu\/","og_site_name":"VisitNavarra","article_modified_time":"2024-08-27T10:39:20+00:00","og_image":[{"url":"https:\/\/visitnavarra.info\/visitnavarra\/wp-content\/uploads\/2023\/11\/corporativo-ejecutivos-sirviendo-copa-web-300x200.jpg"}],"twitter_card":"summary_large_image","twitter_misc":{"Tiempo de lectura":"2 minutos"},"schema":{"@context":"https:\/\/schema.org","@graph":[{"@type":"WebPage","@id":"https:\/\/visitnavarra.info\/visitnavarra\/eventos-corporativos-en-bodega-otazu\/","url":"https:\/\/visitnavarra.info\/visitnavarra\/eventos-corporativos-en-bodega-otazu\/","name":"EVENTOS CORPORATIVOS - VisitNavarra","isPartOf":{"@id":"https:\/\/visitnavarra.info\/visitnavarra\/#website"},"primaryImageOfPage":{"@id":"https:\/\/visitnavarra.info\/visitnavarra\/eventos-corporativos-en-bodega-otazu\/#primaryimage"},"image":{"@id":"https:\/\/visitnavarra.info\/visitnavarra\/eventos-corporativos-en-bodega-otazu\/#primaryimage"},"thumbnailUrl":"https:\/\/visitnavarra.info\/visitnavarra\/wp-content\/uploads\/2023\/11\/corporativo-ejecutivos-sirviendo-copa-web-300x200.jpg","datePublished":"2023-11-22T13:38:36+00:00","dateModified":"2024-08-27T10:39:20+00:00","description":"Ya sea una conferencia, una reuni\u00f3n de negocios o una velada de networking, te brindamos un escenario incomparable","breadcrumb":{"@id":"https:\/\/visitnavarra.info\/visitnavarra\/eventos-corporativos-en-bodega-otazu\/#breadcrumb"},"inLanguage":"es","potentialAction":[{"@type":"ReadAction","target":["https:\/\/visitnavarra.info\/visitnavarra\/eventos-corporativos-en-bodega-otazu\/"]}]},{"@type":"ImageObject","inLanguage":"es","@id":"https:\/\/visitnavarra.info\/visitnavarra\/eventos-corporativos-en-bodega-otazu\/#primaryimage","url":"https:\/\/visitnavarra.info\/visitnavarra\/wp-content\/uploads\/2023\/11\/corporativo-ejecutivos-sirviendo-copa-web.jpg","contentUrl":"https:\/\/visitnavarra.info\/visitnavarra\/wp-content\/uploads\/2023\/11\/corporativo-ejecutivos-sirviendo-copa-web.jpg","width":1500,"height":1000,"caption":"Bodega Otazu, sirviendo vino, un ejecutivo sujeta la copa y otra la botella"},{"@type":"BreadcrumbList","@id":"https:\/\/visitnavarra.info\/visitnavarra\/eventos-corporativos-en-bodega-otazu\/#breadcrumb","itemListElement":[{"@type":"ListItem","position":1,"name":"Portada","item":"https:\/\/visitnavarra.info\/visitnavarra\/"},{"@type":"ListItem","position":2,"name":"EVENTOS CORPORATIVOS EN BODEGA OTAZU"}]},{"@type":"WebSite","@id":"https:\/\/visitnavarra.info\/visitnavarra\/#website","url":"https:\/\/visitnavarra.info\/visitnavarra\/","name":"VisitNavarra","description":"Alojamiento y experiencias tur\u00edsticas en Navarra; qu\u00e9 visitar en Navarra; comer en Navarra","potentialAction":[{"@type":"SearchAction","target":{"@type":"EntryPoint","urlTemplate":"https:\/\/visitnavarra.info\/visitnavarra\/?s={search_term_string}"},"query-input":{"@type":"PropertyValueSpecification","valueRequired":true,"valueName":"search_term_string"}}],"inLanguage":"es"}]}},"_links":{"self":[{"href":"https:\/\/visitnavarra.info\/visitnavarra\/wp-json\/wp\/v2\/pages\/13201","targetHints":{"allow":["GET"]}}],"collection":[{"href":"https:\/\/visitnavarra.info\/visitnavarra\/wp-json\/wp\/v2\/pages"}],"about":[{"href":"https:\/\/visitnavarra.info\/visitnavarra\/wp-json\/wp\/v2\/types\/page"}],"author":[{"embeddable":true,"href":"https:\/\/visitnavarra.info\/visitnavarra\/wp-json\/wp\/v2\/users\/1"}],"replies":[{"embeddable":true,"href":"https:\/\/visitnavarra.info\/visitnavarra\/wp-json\/wp\/v2\/comments?post=13201"}],"version-history":[{"count":10,"href":"https:\/\/visitnavarra.info\/visitnavarra\/wp-json\/wp\/v2\/pages\/13201\/revisions"}],"predecessor-version":[{"id":13745,"href":"https:\/\/visitnavarra.info\/visitnavarra\/wp-json\/wp\/v2\/pages\/13201\/revisions\/13745"}],"wp:attachment":[{"href":"https:\/\/visitnavarra.info\/visitnavarra\/wp-json\/wp\/v2\/media?parent=13201"}],"curies":[{"name":"wp","href":"https:\/\/api.w.org\/{rel}","templated":true}]}}