{"id":13399,"date":"2021-10-25T08:10:29","date_gmt":"2021-10-25T08:10:29","guid":{"rendered":"https:\/\/visitnavarra.info\/visitnavarra\/senorio-de-arinzano-estancias-exclusivas\/"},"modified":"2024-05-28T14:28:31","modified_gmt":"2024-05-28T14:28:31","slug":"arinzano-mille-anni-di-mistero","status":"publish","type":"page","link":"https:\/\/visitnavarra.info\/visitnavarra\/arinzano-mille-anni-di-mistero\/","title":{"rendered":"AR\u00cdNZANO MILLE ANNI DI MISTERO"},"content":{"rendered":"<p>[vc_row][vc_column width=&#8221;1\/4&#8243;]<div class=\"single_image wpb_content_element align-left    \" data-animation=\"none\" data-delay=\"0\"><img loading=\"lazy\" decoding=\"async\" width=\"500\" height=\"466\" src=\"https:\/\/visitnavarra.info\/visitnavarra\/wp-content\/uploads\/2024\/05\/Logo-misterio-arinzano-500.jpg\" class=\"attachment-full\" alt=\"Logo Bodega Ar\u00ednzano\" srcset=\"https:\/\/visitnavarra.info\/visitnavarra\/wp-content\/uploads\/2024\/05\/Logo-misterio-arinzano-500.jpg 500w, https:\/\/visitnavarra.info\/visitnavarra\/wp-content\/uploads\/2024\/05\/Logo-misterio-arinzano-500-300x280.jpg 300w, https:\/\/visitnavarra.info\/visitnavarra\/wp-content\/uploads\/2024\/05\/Logo-misterio-arinzano-500-320x298.jpg 320w, https:\/\/visitnavarra.info\/visitnavarra\/wp-content\/uploads\/2024\/05\/Logo-misterio-arinzano-500-480x447.jpg 480w\" sizes=\"auto, (max-width: 500px) 100vw, 500px\" \/><\/div>[\/vc_column][vc_column width=&#8221;3\/4&#8243;][vc_column_text]<\/p>\n<h1>AR\u00cdNZANO, MILLE ANNI DI MISTERO<\/h1>\n<p>Da quasi 1000 anni, Ar\u00ednzano coltiva il mistero del Tempo e della Natura. Situata in una valle incomparabile, magnificata dai suoi microclimi, la pietra, la terra e l&#8217;acqua danno vita a un terroir eccezionale favorevole all&#8217;espressione singolare di tre grandi variet\u00e0 di vino. La tenuta \u00e8 stata successivamente di propriet\u00e0 di monaci, signori e famiglie vinicole, ma ha sempre avuto una vocazione legata al vino. Oggi, al centro di questa magnifica valle attraversata dal fiume Ega e dal vento Cierzo, Ar\u00ednzano rivela vini che conservano la forza e la grazia del Tempo e della Terra.[\/vc_column_text]<div class=\"spacer\" style=\"height: 40px;\"><\/div>[\/vc_column][\/vc_row][vc_row][vc_column width=&#8221;1\/1&#8243;][vc_column_text]<\/p>\n<h1>VISITATECI<\/h1>\n<p>Il percorso che conduce ad Ar\u00ednzano \u00e8 come la prima pagina di una storia millenaria che conserva, ancora oggi, tutto il suo mistero. Il sentiero serpeggia tra filari di vigneti, lecci e uliveti prima di arrivare alla cantina, alla fine di un ponte cos\u00ec stretto che il visitatore non ha altra scelta che rallentare per attraversare il fiume Ega.<\/p>\n<p>Il tempo ha compiuto la sua magia su queste terre ricche e diverse, permettendo loro di diventare i terroir unici che sono oggi. La Torre dell&#8217;Armeria, La Casona e la Chiesa sono testimoni silenziosi di questa misteriosa trasformazione. \u00c8 sempre il tempo a orchestrare l&#8217;alchimia segreta tra l&#8217;uva che vive e respira, il legno e la bottiglia.<\/p>\n<p>Il tempo si ferma durante la degustazione dei vini. Il silenzio ci permette di apprezzare meglio questa emozione spirituale e fisica, il momento fugace durante il quale possiamo cogliere pienamente la grazia dell&#8217;eternit\u00e0. Come quando vediamo per la prima volta questa tenuta eccezionale, la degustazione dei suoi vini aumenta la nostra sensibilit\u00e0 verso il mistero e la magia che si nascondono qui, senza per\u00f2 rivelare completamente i loro segreti.<\/p>\n<p>Il tempo le appartiene, \u00e8 allo stesso tempo il suo prodotto e il suo padrone.[\/vc_column_text]<div class=\"spacer\" style=\"height: 40px;\"><\/div>[\/vc_column][\/vc_row][vc_row][vc_column width=&#8221;1\/2&#8243;][vc_column_text]<\/p>\n<h1>VISITA IL MISTERO<\/h1>\n<p>Durante questa visita potrete immergervi nei segreti affascinanti racchiusi ad Ar\u00ednzano dal 1055.<\/p>\n<p>L&#8217;esperienza include:<\/p>\n<ul>\n<li>Visita al vigneto in 4\u00d74<\/li>\n<li>Visita alla cantina e agli edifici storici<\/li>\n<li>Degustazione di 3 vini di Ar\u00ednzano in armonia con 3 tapas premium o un tagliere di formaggi e salumi.<\/li>\n<\/ul>\n<ul>\n<li><strong>Durata<\/strong>: 2 ore<\/li>\n<li><strong>Prezzo<\/strong>: 60\u20ac a persona<\/li>\n<\/ul>\n<p><strong>Nota<\/strong>: per gruppi di oltre 8 persone, si offre una visita al vigneto a piedi per 40\u20ac a persona.[\/vc_column_text]<div class=\"spacer\" style=\"height: 40px;\"><\/div>[\/vc_column][vc_column width=&#8221;1\/2&#8243;]<div class=\"single_image wpb_content_element align-left    \" data-animation=\"none\" data-delay=\"0\"><img loading=\"lazy\" decoding=\"async\" width=\"1366\" height=\"876\" src=\"https:\/\/visitnavarra.info\/visitnavarra\/wp-content\/uploads\/2024\/05\/arinzano-misterio.jpg\" class=\"attachment-full\" alt=\"Vista a\u00e9rea de los vi\u00f1edos de la Bodega Ar\u00ednzano\" srcset=\"https:\/\/visitnavarra.info\/visitnavarra\/wp-content\/uploads\/2024\/05\/arinzano-misterio.jpg 1366w, https:\/\/visitnavarra.info\/visitnavarra\/wp-content\/uploads\/2024\/05\/arinzano-misterio-300x192.jpg 300w, https:\/\/visitnavarra.info\/visitnavarra\/wp-content\/uploads\/2024\/05\/arinzano-misterio-1024x657.jpg 1024w, https:\/\/visitnavarra.info\/visitnavarra\/wp-content\/uploads\/2024\/05\/arinzano-misterio-768x493.jpg 768w, https:\/\/visitnavarra.info\/visitnavarra\/wp-content\/uploads\/2024\/05\/arinzano-misterio-320x205.jpg 320w, https:\/\/visitnavarra.info\/visitnavarra\/wp-content\/uploads\/2024\/05\/arinzano-misterio-480x308.jpg 480w, https:\/\/visitnavarra.info\/visitnavarra\/wp-content\/uploads\/2024\/05\/arinzano-misterio-800x513.jpg 800w\" sizes=\"auto, (max-width: 1366px) 100vw, 1366px\" \/><\/div>[\/vc_column][\/vc_row][vc_row][vc_column width=&#8221;1\/2&#8243;]<div class=\"single_image wpb_content_element align-left    \" data-animation=\"none\" data-delay=\"0\"><img loading=\"lazy\" decoding=\"async\" width=\"1366\" height=\"876\" src=\"https:\/\/visitnavarra.info\/visitnavarra\/wp-content\/uploads\/2024\/05\/arinzano-cata-de-gama.jpg\" class=\"attachment-full\" alt=\"Cata de vinos gama de Bodegas Ar\u00ednzano\" srcset=\"https:\/\/visitnavarra.info\/visitnavarra\/wp-content\/uploads\/2024\/05\/arinzano-cata-de-gama.jpg 1366w, https:\/\/visitnavarra.info\/visitnavarra\/wp-content\/uploads\/2024\/05\/arinzano-cata-de-gama-300x192.jpg 300w, https:\/\/visitnavarra.info\/visitnavarra\/wp-content\/uploads\/2024\/05\/arinzano-cata-de-gama-1024x657.jpg 1024w, https:\/\/visitnavarra.info\/visitnavarra\/wp-content\/uploads\/2024\/05\/arinzano-cata-de-gama-768x493.jpg 768w, https:\/\/visitnavarra.info\/visitnavarra\/wp-content\/uploads\/2024\/05\/arinzano-cata-de-gama-320x205.jpg 320w, https:\/\/visitnavarra.info\/visitnavarra\/wp-content\/uploads\/2024\/05\/arinzano-cata-de-gama-480x308.jpg 480w, https:\/\/visitnavarra.info\/visitnavarra\/wp-content\/uploads\/2024\/05\/arinzano-cata-de-gama-800x513.jpg 800w\" sizes=\"auto, (max-width: 1366px) 100vw, 1366px\" \/><\/div>[\/vc_column][vc_column width=&#8221;1\/2&#8243;][vc_column_text]<\/p>\n<h1>VISITA IL MISTERO + DEGUSTAZIONE DELLA GAMMA COMPLETA<\/h1>\n<p>Immergiti nell&#8217;esperienza Il Mistero con una degustazione di 7 vini. Esplora in profondit\u00e0 le quattro variet\u00e0 coltivate ad Ar\u00ednzano attraverso il nostro variegato portfolio, offrendo una prospettiva unica delle loro espressioni.<\/p>\n<ul>\n<li><strong>Durata<\/strong>: 2 ore<\/li>\n<li><strong>Prezzo<\/strong>: 90\u20ac a persona<\/li>\n<\/ul>\n<p><strong>Nota<\/strong>: minimo 4 persone.[\/vc_column_text]<div class=\"spacer\" style=\"height: 40px;\"><\/div>[\/vc_column][\/vc_row][vc_row][vc_column width=&#8221;1\/2&#8243;][vc_column_text]<\/p>\n<h1>VISITA IL MISTERO + DEGUSTAZIONE DEL CHARDONNAY LAB<\/h1>\n<p>Vivi l&#8217;esperienza Il Mistero con una degustazione di 3 vini selezionati dal nostro portafoglio, accompagnati da 2 vini del nostro Chardonnay Lab. Questo progetto innovativo, guidato dal nostro enologo Jos\u00e9 Manuel Rodr\u00edguez negli ultimi 3 anni, ha esplorato pi\u00f9 di 30 materiali, realizzando microvinificazioni per ciascuno. Scopri i risultati affascinanti di questa linea di ricerca che rivela il comportamento del nostro chardonnay.<\/p>\n<ul>\n<li><strong>Durata<\/strong>: 2 ore<\/li>\n<li><strong>Prezzo<\/strong>: 90\u20ac a persona<\/li>\n<\/ul>\n<p><strong>Nota<\/strong>: minimo 4 persone.[\/vc_column_text]<div class=\"spacer\" style=\"height: 40px;\"><\/div>[\/vc_column][vc_column width=&#8221;1\/2&#8243;]<div class=\"single_image wpb_content_element align-left    \" data-animation=\"none\" data-delay=\"0\"><img loading=\"lazy\" decoding=\"async\" width=\"1366\" height=\"876\" src=\"https:\/\/visitnavarra.info\/visitnavarra\/wp-content\/uploads\/2024\/05\/arinzano-cata-chardonnay.jpg\" class=\"attachment-full\" alt=\"Cata de vino chardonnay de Bodegas Ar\u00ednzano\" srcset=\"https:\/\/visitnavarra.info\/visitnavarra\/wp-content\/uploads\/2024\/05\/arinzano-cata-chardonnay.jpg 1366w, https:\/\/visitnavarra.info\/visitnavarra\/wp-content\/uploads\/2024\/05\/arinzano-cata-chardonnay-300x192.jpg 300w, https:\/\/visitnavarra.info\/visitnavarra\/wp-content\/uploads\/2024\/05\/arinzano-cata-chardonnay-1024x657.jpg 1024w, https:\/\/visitnavarra.info\/visitnavarra\/wp-content\/uploads\/2024\/05\/arinzano-cata-chardonnay-768x493.jpg 768w, https:\/\/visitnavarra.info\/visitnavarra\/wp-content\/uploads\/2024\/05\/arinzano-cata-chardonnay-320x205.jpg 320w, https:\/\/visitnavarra.info\/visitnavarra\/wp-content\/uploads\/2024\/05\/arinzano-cata-chardonnay-480x308.jpg 480w, https:\/\/visitnavarra.info\/visitnavarra\/wp-content\/uploads\/2024\/05\/arinzano-cata-chardonnay-800x513.jpg 800w\" sizes=\"auto, (max-width: 1366px) 100vw, 1366px\" \/><\/div>[\/vc_column][\/vc_row][vc_row][vc_column width=&#8221;1\/2&#8243;]<div class=\"single_image wpb_content_element align-right    \" data-animation=\"none\" data-delay=\"0\"><img loading=\"lazy\" decoding=\"async\" width=\"300\" height=\"280\" src=\"https:\/\/visitnavarra.info\/visitnavarra\/wp-content\/uploads\/2024\/05\/Logo-misterio-arinzano-500-300x280.jpg\" class=\"attachment-medium\" alt=\"Logo Bodega Ar\u00ednzano\" srcset=\"https:\/\/visitnavarra.info\/visitnavarra\/wp-content\/uploads\/2024\/05\/Logo-misterio-arinzano-500-300x280.jpg 300w, https:\/\/visitnavarra.info\/visitnavarra\/wp-content\/uploads\/2024\/05\/Logo-misterio-arinzano-500-320x298.jpg 320w, https:\/\/visitnavarra.info\/visitnavarra\/wp-content\/uploads\/2024\/05\/Logo-misterio-arinzano-500-480x447.jpg 480w, https:\/\/visitnavarra.info\/visitnavarra\/wp-content\/uploads\/2024\/05\/Logo-misterio-arinzano-500.jpg 500w\" sizes=\"auto, (max-width: 300px) 100vw, 300px\" \/><\/div>[\/vc_column][vc_column width=&#8221;1\/2&#8243;][vc_column_text]<span style=\"color: #ffffff;\">.<\/span><\/p>\n<p><strong>Entit\u00e0 \/ azienda:<\/strong> BODEGA PROPIEDAD DE AR\u00cdNZANO, S.L.<br \/>\n<strong>Indirizzo<\/strong>: Ctra. NA-132, Km. 3,1 \u2013 31264 Aberin (Navarra)<br \/>\n<strong>Telefono<\/strong>: 948 555 285<br \/>\nPer visite, vendita diretta ed eventi: Estensioni 1 e 2<br \/>\n<strong>Email<\/strong>: <a href=\"mailto:reservas@arinzano.com\" target=\"_blank\" rel=\"noopener\">reservas@arinzano.com<\/a><br \/>\n<strong>Sito web:<\/strong> <a href=\"https:\/\/arinzano.com\/\" target=\"_blank\" rel=\"noopener\">https:\/\/arinzano.com\/<\/a><\/p>\n<p>[\/vc_column_text][\/vc_column][\/vc_row]<\/p>\n","protected":false},"excerpt":{"rendered":"<p>[vc_row][vc_column width=&#8221;1\/4&#8243;][\/vc_column][vc_column width=&#8221;3\/4&#8243;][vc_column_text] AR\u00cdNZANO, MILLE ANNI DI MISTERO Da quasi 1000 anni, Ar\u00ednzano coltiva il mistero del Tempo e della Natura. Situata in una valle incomparabile, magnificata dai suoi microclimi, la pietra, la terra e l&#8217;acqua danno vita a un terroir eccezionale favorevole all&#8217;espressione singolare di tre grandi variet\u00e0 di vino. La tenuta \u00e8 stata successivamente di propriet\u00e0 di monaci, signori e famiglie vinicole, ma ha sempre avuto una vocazione legata al vino. Oggi, al centro di questa magnifica valle attraversata dal fiume Ega e dal vento Cierzo, Ar\u00ednzano rivela vini che conservano la forza e la grazia del Tempo e della Terra.[\/vc_column_text][\/vc_column][\/vc_row][vc_row][vc_column width=&#8221;1\/1&#8243;][vc_column_text] VISITATECI Il percorso che conduce ad Ar\u00ednzano \u00e8 come la prima pagina di una storia millenaria che conserva, ancora oggi, tutto il suo mistero. Il sentiero serpeggia tra filari di vigneti, lecci e uliveti prima di arrivare alla cantina, alla fine di un ponte cos\u00ec stretto che il visitatore non ha altra scelta che rallentare per attraversare il fiume Ega. Il tempo ha compiuto la sua magia su queste terre ricche e diverse, permettendo loro di diventare i terroir unici che sono oggi. La Torre dell&#8217;Armeria, La Casona e la Chiesa sono testimoni silenziosi di questa [&hellip;]<\/p>\n","protected":false},"author":1,"featured_media":0,"parent":0,"menu_order":0,"comment_status":"closed","ping_status":"closed","template":"","meta":{"footnotes":""},"class_list":["post-13399","page","type-page","status-publish","hentry"],"yoast_head":"<!-- This site is optimized with the Yoast SEO plugin v23.5 - https:\/\/yoast.com\/wordpress\/plugins\/seo\/ -->\n<title>Estancias exclusivas en Se\u00f1or\u00edo de Ar\u00ednzano - VisitNavarra<\/title>\n<meta name=\"description\" content=\"Estancias exclusivas en Se\u00f1or\u00edo de Ar\u00ednzano: La Casona un lujo para los sentidos. La Villa ambiente familiar, \u00edntimo y privilegiado.\" \/>\n<meta name=\"robots\" content=\"index, follow, max-snippet:-1, max-image-preview:large, max-video-preview:-1\" \/>\n<link rel=\"canonical\" href=\"https:\/\/visitnavarra.info\/visitnavarra\/it\/arinzano-mille-anni-di-mistero\/\" \/>\n<meta property=\"og:locale\" content=\"es_ES\" \/>\n<meta property=\"og:type\" content=\"article\" \/>\n<meta property=\"og:title\" content=\"Estancias exclusivas en Se\u00f1or\u00edo de Ar\u00ednzano - VisitNavarra\" \/>\n<meta property=\"og:description\" content=\"Estancias exclusivas en Se\u00f1or\u00edo de Ar\u00ednzano: La Casona un lujo para los sentidos. La Villa ambiente familiar, \u00edntimo y privilegiado.\" \/>\n<meta property=\"og:url\" content=\"https:\/\/visitnavarra.info\/visitnavarra\/it\/arinzano-mille-anni-di-mistero\/\" \/>\n<meta property=\"og:site_name\" content=\"VisitNavarra\" \/>\n<meta property=\"article:modified_time\" content=\"2024-05-28T14:28:31+00:00\" \/>\n<meta name=\"twitter:card\" content=\"summary_large_image\" \/>\n<meta name=\"twitter:label1\" content=\"Tiempo de lectura\" \/>\n\t<meta name=\"twitter:data1\" content=\"3 minutos\" \/>\n<script type=\"application\/ld+json\" class=\"yoast-schema-graph\">{\"@context\":\"https:\/\/schema.org\",\"@graph\":[{\"@type\":\"WebPage\",\"@id\":\"https:\/\/visitnavarra.info\/visitnavarra\/it\/arinzano-mille-anni-di-mistero\/\",\"url\":\"https:\/\/visitnavarra.info\/visitnavarra\/it\/arinzano-mille-anni-di-mistero\/\",\"name\":\"Estancias exclusivas en Se\u00f1or\u00edo de Ar\u00ednzano - VisitNavarra\",\"isPartOf\":{\"@id\":\"https:\/\/visitnavarra.info\/visitnavarra\/#website\"},\"datePublished\":\"2021-10-25T08:10:29+00:00\",\"dateModified\":\"2024-05-28T14:28:31+00:00\",\"description\":\"Estancias exclusivas en Se\u00f1or\u00edo de Ar\u00ednzano: La Casona un lujo para los sentidos. La Villa ambiente familiar, \u00edntimo y privilegiado.\",\"breadcrumb\":{\"@id\":\"https:\/\/visitnavarra.info\/visitnavarra\/it\/arinzano-mille-anni-di-mistero\/#breadcrumb\"},\"inLanguage\":\"es\",\"potentialAction\":[{\"@type\":\"ReadAction\",\"target\":[\"https:\/\/visitnavarra.info\/visitnavarra\/it\/arinzano-mille-anni-di-mistero\/\"]}]},{\"@type\":\"BreadcrumbList\",\"@id\":\"https:\/\/visitnavarra.info\/visitnavarra\/it\/arinzano-mille-anni-di-mistero\/#breadcrumb\",\"itemListElement\":[{\"@type\":\"ListItem\",\"position\":1,\"name\":\"Portada\",\"item\":\"https:\/\/visitnavarra.info\/visitnavarra\/\"},{\"@type\":\"ListItem\",\"position\":2,\"name\":\"AR\u00cdNZANO MILLE ANNI DI MISTERO\"}]},{\"@type\":\"WebSite\",\"@id\":\"https:\/\/visitnavarra.info\/visitnavarra\/#website\",\"url\":\"https:\/\/visitnavarra.info\/visitnavarra\/\",\"name\":\"VisitNavarra\",\"description\":\"Alojamiento y experiencias tur\u00edsticas en Navarra; qu\u00e9 visitar en Navarra; comer en Navarra\",\"potentialAction\":[{\"@type\":\"SearchAction\",\"target\":{\"@type\":\"EntryPoint\",\"urlTemplate\":\"https:\/\/visitnavarra.info\/visitnavarra\/?s={search_term_string}\"},\"query-input\":{\"@type\":\"PropertyValueSpecification\",\"valueRequired\":true,\"valueName\":\"search_term_string\"}}],\"inLanguage\":\"es\"}]}<\/script>\n<!-- \/ Yoast SEO plugin. -->","yoast_head_json":{"title":"Estancias exclusivas en Se\u00f1or\u00edo de Ar\u00ednzano - VisitNavarra","description":"Estancias exclusivas en Se\u00f1or\u00edo de Ar\u00ednzano: La Casona un lujo para los sentidos. La Villa ambiente familiar, \u00edntimo y privilegiado.","robots":{"index":"index","follow":"follow","max-snippet":"max-snippet:-1","max-image-preview":"max-image-preview:large","max-video-preview":"max-video-preview:-1"},"canonical":"https:\/\/visitnavarra.info\/visitnavarra\/it\/arinzano-mille-anni-di-mistero\/","og_locale":"es_ES","og_type":"article","og_title":"Estancias exclusivas en Se\u00f1or\u00edo de Ar\u00ednzano - VisitNavarra","og_description":"Estancias exclusivas en Se\u00f1or\u00edo de Ar\u00ednzano: La Casona un lujo para los sentidos. La Villa ambiente familiar, \u00edntimo y privilegiado.","og_url":"https:\/\/visitnavarra.info\/visitnavarra\/it\/arinzano-mille-anni-di-mistero\/","og_site_name":"VisitNavarra","article_modified_time":"2024-05-28T14:28:31+00:00","twitter_card":"summary_large_image","twitter_misc":{"Tiempo de lectura":"3 minutos"},"schema":{"@context":"https:\/\/schema.org","@graph":[{"@type":"WebPage","@id":"https:\/\/visitnavarra.info\/visitnavarra\/it\/arinzano-mille-anni-di-mistero\/","url":"https:\/\/visitnavarra.info\/visitnavarra\/it\/arinzano-mille-anni-di-mistero\/","name":"Estancias exclusivas en Se\u00f1or\u00edo de Ar\u00ednzano - VisitNavarra","isPartOf":{"@id":"https:\/\/visitnavarra.info\/visitnavarra\/#website"},"datePublished":"2021-10-25T08:10:29+00:00","dateModified":"2024-05-28T14:28:31+00:00","description":"Estancias exclusivas en Se\u00f1or\u00edo de Ar\u00ednzano: La Casona un lujo para los sentidos. La Villa ambiente familiar, \u00edntimo y privilegiado.","breadcrumb":{"@id":"https:\/\/visitnavarra.info\/visitnavarra\/it\/arinzano-mille-anni-di-mistero\/#breadcrumb"},"inLanguage":"es","potentialAction":[{"@type":"ReadAction","target":["https:\/\/visitnavarra.info\/visitnavarra\/it\/arinzano-mille-anni-di-mistero\/"]}]},{"@type":"BreadcrumbList","@id":"https:\/\/visitnavarra.info\/visitnavarra\/it\/arinzano-mille-anni-di-mistero\/#breadcrumb","itemListElement":[{"@type":"ListItem","position":1,"name":"Portada","item":"https:\/\/visitnavarra.info\/visitnavarra\/"},{"@type":"ListItem","position":2,"name":"AR\u00cdNZANO MILLE ANNI DI MISTERO"}]},{"@type":"WebSite","@id":"https:\/\/visitnavarra.info\/visitnavarra\/#website","url":"https:\/\/visitnavarra.info\/visitnavarra\/","name":"VisitNavarra","description":"Alojamiento y experiencias tur\u00edsticas en Navarra; qu\u00e9 visitar en Navarra; comer en Navarra","potentialAction":[{"@type":"SearchAction","target":{"@type":"EntryPoint","urlTemplate":"https:\/\/visitnavarra.info\/visitnavarra\/?s={search_term_string}"},"query-input":{"@type":"PropertyValueSpecification","valueRequired":true,"valueName":"search_term_string"}}],"inLanguage":"es"}]}},"_links":{"self":[{"href":"https:\/\/visitnavarra.info\/visitnavarra\/wp-json\/wp\/v2\/pages\/13399","targetHints":{"allow":["GET"]}}],"collection":[{"href":"https:\/\/visitnavarra.info\/visitnavarra\/wp-json\/wp\/v2\/pages"}],"about":[{"href":"https:\/\/visitnavarra.info\/visitnavarra\/wp-json\/wp\/v2\/types\/page"}],"author":[{"embeddable":true,"href":"https:\/\/visitnavarra.info\/visitnavarra\/wp-json\/wp\/v2\/users\/1"}],"replies":[{"embeddable":true,"href":"https:\/\/visitnavarra.info\/visitnavarra\/wp-json\/wp\/v2\/comments?post=13399"}],"version-history":[{"count":3,"href":"https:\/\/visitnavarra.info\/visitnavarra\/wp-json\/wp\/v2\/pages\/13399\/revisions"}],"predecessor-version":[{"id":13597,"href":"https:\/\/visitnavarra.info\/visitnavarra\/wp-json\/wp\/v2\/pages\/13399\/revisions\/13597"}],"wp:attachment":[{"href":"https:\/\/visitnavarra.info\/visitnavarra\/wp-json\/wp\/v2\/media?parent=13399"}],"curies":[{"name":"wp","href":"https:\/\/api.w.org\/{rel}","templated":true}]}}