{"id":141,"date":"2019-01-16T09:38:57","date_gmt":"2019-01-16T09:38:57","guid":{"rendered":"http:\/\/desarrollo.visitnavarra.info\/?page_id=141"},"modified":"2024-08-23T09:14:57","modified_gmt":"2024-08-23T09:14:57","slug":"hoteles-pamplona","status":"publish","type":"page","link":"https:\/\/visitnavarra.info\/visitnavarra\/hoteles-pamplona\/","title":{"rendered":"HOTELES PAMPLONA"},"content":{"rendered":"<p>[vc_row][vc_column width=&#8221;3\/4&#8243;][vc_column_text]<img loading=\"lazy\" decoding=\"async\" class=\"size-medium wp-image-13638 alignleft\" src=\"https:\/\/visitnavarra.info\/visitnavarra\/wp-content\/uploads\/2024\/08\/hoteles-pamplona-foto-web-256x300.jpg\" alt=\"Composici\u00f3n fotograf\u00eda diferentes Hoteles de Pamplona\" width=\"256\" height=\"300\" srcset=\"https:\/\/visitnavarra.info\/visitnavarra\/wp-content\/uploads\/2024\/08\/hoteles-pamplona-foto-web-256x300.jpg 256w, https:\/\/visitnavarra.info\/visitnavarra\/wp-content\/uploads\/2024\/08\/hoteles-pamplona-foto-web-320x375.jpg 320w, https:\/\/visitnavarra.info\/visitnavarra\/wp-content\/uploads\/2024\/08\/hoteles-pamplona-foto-web-480x563.jpg 480w, https:\/\/visitnavarra.info\/visitnavarra\/wp-content\/uploads\/2024\/08\/hoteles-pamplona-foto-web.jpg 591w\" sizes=\"auto, (max-width: 256px) 100vw, 256px\" \/>La oferta hotelera de Pamplona es amplia, variada y de calidad; desde peque\u00f1os hoteles boutique a hoteles de lujo pasando por apartamentos tur\u00edsticos con todos los servicios necesarios para ofrecer estancias de la m\u00e1s alta calidad.<\/p>\n<p>Los 26 alojamientos est\u00e1n diseminados por el centro de Pamplona y su \u00e1rea metropolitana m\u00e1s pr\u00f3xima, todos con unas inmejorables comunicaciones con los puntos de entrada y salida de la ciudad, as\u00ed como conexi\u00f3n directa a estaciones y aeropuertos.<\/p>\n<p>Los <a href=\"http:\/\/www.hotelespamplona.com\/\">hoteles de Pamplona<\/a> le gu\u00edan por el atractivo abanico de experiencias gastron\u00f3micas, culturales, art\u00edsticas y tradicionales del que puede disfrutar y hacer suyo en Pamplona, capital de Navarra.<\/p>\n<h4><strong>Listado de hoteles<\/strong><\/h4>\n<ul>\n<li>GRAN HOTEL LA PERLA***** | C\u00f3digo de inscripci\u00f3n UH000023<\/li>\n<li>AND\u00cdA****\u00a0 | C\u00f3digo de inscripci\u00f3n UH000706<\/li>\n<li>BLANCA DE NAVARRA**** | C\u00f3digo de inscripci\u00f3n UH000606<\/li>\n<li>CASTILLO DE GORRAIZ Hotel &amp; Spa**** | C\u00f3digo de inscripci\u00f3n UH000835<\/li>\n<li>EXE ZIZUR PAMPLONA**** | C\u00f3digo de inscripci\u00f3n UH000787<\/li>\n<li>LUZE EL TORO ****| C\u00f3digo de inscripci\u00f3n UH000601<\/li>\n<li>MAISONNAVE**** | C\u00f3digo de inscripci\u00f3n UH000346<\/li>\n<li>NH HOTEL IRU\u00d1A PARK****|C\u00f3digo de inscripci\u00f3n UH000603<\/li>\n<li>PAMPLONA CATEDRAL**** | C\u00f3digo de inscripci\u00f3n UH000869<\/li>\n<li>TRES REYES**** | C\u00f3digo de inscripci\u00f3n UH000027<\/li>\n<li>AGORRETA*** | C\u00f3digo de inscripci\u00f3n uh000786<\/li>\n<li>ALBRET*** | C\u00f3digo de inscripci\u00f3n UH000652<\/li>\n<li>AVENIDA*** | C\u00f3digo de inscripci\u00f3n UH000592<\/li>\n<li>AZZ PAMPLONA NORTE *** | C\u00f3digo de inscripci\u00f3n UH000082<\/li>\n<li>BED4U PAMPLONA*** | C\u00f3digo de inscripci\u00f3n UH000877<\/li>\n<li>CASA AZCONA *** | C\u00f3digo de inscripci\u00f3n UH000814<\/li>\n<li>S\u00c1NCHO RAM\u00cdREZ*** | C\u00f3digo de inscripci\u00f3n UH000550<\/li>\n<li>SERCOTEL EUROPA*** | C\u00f3digo de inscripci\u00f3n UH000003<\/li>\n<li>SERCOTEL IRIGUIBEL*** | C\u00f3digo de inscripci\u00f3n UH000741<\/li>\n<li>SERCOTEL LEYRE*** | C\u00f3digo de inscripci\u00f3n UH000360<\/li>\n<li>VILLAVA*** | C\u00f3digo de inscripci\u00f3n UH000783<\/li>\n<li>YOLDI*** | C\u00f3digo de inscripci\u00f3n UH000005<\/li>\n<li>A PAMPLONA**| C\u00f3digo de inscripci\u00f3n UH000678<\/li>\n<li>DON CARLOS**| C\u00f3digo de inscripci\u00f3n UH000009<\/li>\n<li>PAMPLONA PLAZA***| C\u00f3digo de inscripci\u00f3n UH000736<\/li>\n<li>CASTILLO DE JAVIER*| C\u00f3digo de inscripci\u00f3n UH000789<\/li>\n<\/ul>\n<p>[\/vc_column_text][\/vc_column][\/vc_row][vc_row][vc_column width=&#8221;1\/2&#8243;]<div class=\"single_image wpb_content_element align-right    \" data-animation=\"none\" data-delay=\"0\"><img loading=\"lazy\" decoding=\"async\" width=\"200\" height=\"214\" src=\"https:\/\/visitnavarra.info\/visitnavarra\/wp-content\/uploads\/2019\/01\/Hoteles-Pamplona.jpg\" class=\"attachment-full\" alt=\"\" \/><\/div>[\/vc_column][vc_column width=&#8221;1\/2&#8243;][vc_column_text]<strong>CONTACTO \/ RESERVAS<\/strong><br \/>\nEntidad \/ empresa: ASOCIACI\u00d3N DE HOTELES DE PAMPLONA<br \/>\nDirecci\u00f3n: c\/ Pedro I, n\u00ba 1, 1\u00ba &#8211; 31007 Pamplona (Navarra)<br \/>\nTel\u00e9fono: (+34) 948 268 412<br \/>\nContacto: Jorge Fern\u00e1ndez (Secretario General)<br \/>\nMail: <a href=\"mailto:jfernandez@hotelespamplona.com\">jfernandez@hotelespamplona.com<\/a><br \/>\nWeb: <a href=\"http:\/\/www.hotelespamplona.com\">www.hotelespamplona.com<\/a><br \/>\nHorario de atenci\u00f3n: Lunes-jueves 09:00-14:00 y 16:00-18:30 h. | Viernes 09:00-15:00 h.[\/vc_column_text][\/vc_column][\/vc_row]<\/p>\n","protected":false},"excerpt":{"rendered":"<p>[vc_row][vc_column width=&#8221;3\/4&#8243;][vc_column_text]La oferta hotelera de Pamplona es amplia, variada y de calidad; desde peque\u00f1os hoteles boutique a hoteles de lujo pasando por apartamentos tur\u00edsticos con todos los servicios necesarios para ofrecer estancias de la m\u00e1s alta calidad. Los 26 alojamientos est\u00e1n diseminados por el centro de Pamplona y su \u00e1rea metropolitana m\u00e1s pr\u00f3xima, todos con unas inmejorables comunicaciones con los puntos de entrada y salida de la ciudad, as\u00ed como conexi\u00f3n directa a estaciones y aeropuertos. Los hoteles de Pamplona le gu\u00edan por el atractivo abanico de experiencias gastron\u00f3micas, culturales, art\u00edsticas y tradicionales del que puede disfrutar y hacer suyo en Pamplona, capital de Navarra. Listado de hoteles GRAN HOTEL LA PERLA***** | C\u00f3digo de inscripci\u00f3n UH000023 AND\u00cdA****\u00a0 | C\u00f3digo de inscripci\u00f3n UH000706 BLANCA DE NAVARRA**** | C\u00f3digo de inscripci\u00f3n UH000606 CASTILLO DE GORRAIZ Hotel &amp; Spa**** | C\u00f3digo de inscripci\u00f3n UH000835 EXE ZIZUR PAMPLONA**** | C\u00f3digo de inscripci\u00f3n UH000787 LUZE EL TORO ****| C\u00f3digo de inscripci\u00f3n UH000601 MAISONNAVE**** | C\u00f3digo de inscripci\u00f3n UH000346 NH HOTEL IRU\u00d1A PARK****|C\u00f3digo de inscripci\u00f3n UH000603 PAMPLONA CATEDRAL**** | C\u00f3digo de inscripci\u00f3n UH000869 TRES REYES**** | C\u00f3digo de inscripci\u00f3n UH000027 AGORRETA*** | C\u00f3digo de inscripci\u00f3n uh000786 ALBRET*** | C\u00f3digo de inscripci\u00f3n UH000652 AVENIDA*** | C\u00f3digo [&hellip;]<\/p>\n","protected":false},"author":1,"featured_media":0,"parent":0,"menu_order":0,"comment_status":"closed","ping_status":"closed","template":"","meta":{"footnotes":""},"class_list":["post-141","page","type-page","status-publish","hentry"],"yoast_head":"<!-- This site is optimized with the Yoast SEO plugin v23.5 - https:\/\/yoast.com\/wordpress\/plugins\/seo\/ -->\n<title>Asociacion de Hoteles de Pamplona<\/title>\n<meta name=\"description\" content=\"La oferta hotelera de Pamplona es amplia variada y de calidad. Desde peque\u00f1o hoteles boutique a hoteles de lujo, pasando por aptos tur\u00edsticos\" \/>\n<meta name=\"robots\" content=\"index, follow, max-snippet:-1, max-image-preview:large, max-video-preview:-1\" \/>\n<link rel=\"canonical\" href=\"https:\/\/visitnavarra.info\/visitnavarra\/hoteles-pamplona\/\" \/>\n<meta property=\"og:locale\" content=\"es_ES\" \/>\n<meta property=\"og:type\" content=\"article\" \/>\n<meta property=\"og:title\" content=\"Asociacion de Hoteles de Pamplona\" \/>\n<meta property=\"og:description\" content=\"La oferta hotelera de Pamplona es amplia variada y de calidad. Desde peque\u00f1o hoteles boutique a hoteles de lujo, pasando por aptos tur\u00edsticos\" \/>\n<meta property=\"og:url\" content=\"https:\/\/visitnavarra.info\/visitnavarra\/hoteles-pamplona\/\" \/>\n<meta property=\"og:site_name\" content=\"VisitNavarra\" \/>\n<meta property=\"article:modified_time\" content=\"2024-08-23T09:14:57+00:00\" \/>\n<meta property=\"og:image\" content=\"https:\/\/visitnavarra.info\/visitnavarra\/wp-content\/uploads\/2024\/08\/hoteles-pamplona-foto-web-256x300.jpg\" \/>\n<meta name=\"twitter:card\" content=\"summary_large_image\" \/>\n<meta name=\"twitter:label1\" content=\"Tiempo de lectura\" \/>\n\t<meta name=\"twitter:data1\" content=\"2 minutos\" \/>\n<script type=\"application\/ld+json\" class=\"yoast-schema-graph\">{\"@context\":\"https:\/\/schema.org\",\"@graph\":[{\"@type\":\"WebPage\",\"@id\":\"https:\/\/visitnavarra.info\/visitnavarra\/hoteles-pamplona\/\",\"url\":\"https:\/\/visitnavarra.info\/visitnavarra\/hoteles-pamplona\/\",\"name\":\"Asociacion de Hoteles de Pamplona\",\"isPartOf\":{\"@id\":\"https:\/\/visitnavarra.info\/visitnavarra\/#website\"},\"primaryImageOfPage\":{\"@id\":\"https:\/\/visitnavarra.info\/visitnavarra\/hoteles-pamplona\/#primaryimage\"},\"image\":{\"@id\":\"https:\/\/visitnavarra.info\/visitnavarra\/hoteles-pamplona\/#primaryimage\"},\"thumbnailUrl\":\"https:\/\/visitnavarra.info\/visitnavarra\/wp-content\/uploads\/2024\/08\/hoteles-pamplona-foto-web-256x300.jpg\",\"datePublished\":\"2019-01-16T09:38:57+00:00\",\"dateModified\":\"2024-08-23T09:14:57+00:00\",\"description\":\"La oferta hotelera de Pamplona es amplia variada y de calidad. Desde peque\u00f1o hoteles boutique a hoteles de lujo, pasando por aptos tur\u00edsticos\",\"breadcrumb\":{\"@id\":\"https:\/\/visitnavarra.info\/visitnavarra\/hoteles-pamplona\/#breadcrumb\"},\"inLanguage\":\"es\",\"potentialAction\":[{\"@type\":\"ReadAction\",\"target\":[\"https:\/\/visitnavarra.info\/visitnavarra\/hoteles-pamplona\/\"]}]},{\"@type\":\"ImageObject\",\"inLanguage\":\"es\",\"@id\":\"https:\/\/visitnavarra.info\/visitnavarra\/hoteles-pamplona\/#primaryimage\",\"url\":\"https:\/\/visitnavarra.info\/visitnavarra\/wp-content\/uploads\/2024\/08\/hoteles-pamplona-foto-web.jpg\",\"contentUrl\":\"https:\/\/visitnavarra.info\/visitnavarra\/wp-content\/uploads\/2024\/08\/hoteles-pamplona-foto-web.jpg\",\"width\":591,\"height\":693,\"caption\":\"Composici\u00f3n fotograf\u00eda diferentes Hoteles de Pamplona\"},{\"@type\":\"BreadcrumbList\",\"@id\":\"https:\/\/visitnavarra.info\/visitnavarra\/hoteles-pamplona\/#breadcrumb\",\"itemListElement\":[{\"@type\":\"ListItem\",\"position\":1,\"name\":\"Portada\",\"item\":\"https:\/\/visitnavarra.info\/visitnavarra\/\"},{\"@type\":\"ListItem\",\"position\":2,\"name\":\"HOTELES PAMPLONA\"}]},{\"@type\":\"WebSite\",\"@id\":\"https:\/\/visitnavarra.info\/visitnavarra\/#website\",\"url\":\"https:\/\/visitnavarra.info\/visitnavarra\/\",\"name\":\"VisitNavarra\",\"description\":\"Alojamiento y experiencias tur\u00edsticas en Navarra; qu\u00e9 visitar en Navarra; comer en Navarra\",\"potentialAction\":[{\"@type\":\"SearchAction\",\"target\":{\"@type\":\"EntryPoint\",\"urlTemplate\":\"https:\/\/visitnavarra.info\/visitnavarra\/?s={search_term_string}\"},\"query-input\":{\"@type\":\"PropertyValueSpecification\",\"valueRequired\":true,\"valueName\":\"search_term_string\"}}],\"inLanguage\":\"es\"}]}<\/script>\n<!-- \/ Yoast SEO plugin. -->","yoast_head_json":{"title":"Asociacion de Hoteles de Pamplona","description":"La oferta hotelera de Pamplona es amplia variada y de calidad. Desde peque\u00f1o hoteles boutique a hoteles de lujo, pasando por aptos tur\u00edsticos","robots":{"index":"index","follow":"follow","max-snippet":"max-snippet:-1","max-image-preview":"max-image-preview:large","max-video-preview":"max-video-preview:-1"},"canonical":"https:\/\/visitnavarra.info\/visitnavarra\/hoteles-pamplona\/","og_locale":"es_ES","og_type":"article","og_title":"Asociacion de Hoteles de Pamplona","og_description":"La oferta hotelera de Pamplona es amplia variada y de calidad. Desde peque\u00f1o hoteles boutique a hoteles de lujo, pasando por aptos tur\u00edsticos","og_url":"https:\/\/visitnavarra.info\/visitnavarra\/hoteles-pamplona\/","og_site_name":"VisitNavarra","article_modified_time":"2024-08-23T09:14:57+00:00","og_image":[{"url":"https:\/\/visitnavarra.info\/visitnavarra\/wp-content\/uploads\/2024\/08\/hoteles-pamplona-foto-web-256x300.jpg"}],"twitter_card":"summary_large_image","twitter_misc":{"Tiempo de lectura":"2 minutos"},"schema":{"@context":"https:\/\/schema.org","@graph":[{"@type":"WebPage","@id":"https:\/\/visitnavarra.info\/visitnavarra\/hoteles-pamplona\/","url":"https:\/\/visitnavarra.info\/visitnavarra\/hoteles-pamplona\/","name":"Asociacion de Hoteles de Pamplona","isPartOf":{"@id":"https:\/\/visitnavarra.info\/visitnavarra\/#website"},"primaryImageOfPage":{"@id":"https:\/\/visitnavarra.info\/visitnavarra\/hoteles-pamplona\/#primaryimage"},"image":{"@id":"https:\/\/visitnavarra.info\/visitnavarra\/hoteles-pamplona\/#primaryimage"},"thumbnailUrl":"https:\/\/visitnavarra.info\/visitnavarra\/wp-content\/uploads\/2024\/08\/hoteles-pamplona-foto-web-256x300.jpg","datePublished":"2019-01-16T09:38:57+00:00","dateModified":"2024-08-23T09:14:57+00:00","description":"La oferta hotelera de Pamplona es amplia variada y de calidad. Desde peque\u00f1o hoteles boutique a hoteles de lujo, pasando por aptos tur\u00edsticos","breadcrumb":{"@id":"https:\/\/visitnavarra.info\/visitnavarra\/hoteles-pamplona\/#breadcrumb"},"inLanguage":"es","potentialAction":[{"@type":"ReadAction","target":["https:\/\/visitnavarra.info\/visitnavarra\/hoteles-pamplona\/"]}]},{"@type":"ImageObject","inLanguage":"es","@id":"https:\/\/visitnavarra.info\/visitnavarra\/hoteles-pamplona\/#primaryimage","url":"https:\/\/visitnavarra.info\/visitnavarra\/wp-content\/uploads\/2024\/08\/hoteles-pamplona-foto-web.jpg","contentUrl":"https:\/\/visitnavarra.info\/visitnavarra\/wp-content\/uploads\/2024\/08\/hoteles-pamplona-foto-web.jpg","width":591,"height":693,"caption":"Composici\u00f3n fotograf\u00eda diferentes Hoteles de Pamplona"},{"@type":"BreadcrumbList","@id":"https:\/\/visitnavarra.info\/visitnavarra\/hoteles-pamplona\/#breadcrumb","itemListElement":[{"@type":"ListItem","position":1,"name":"Portada","item":"https:\/\/visitnavarra.info\/visitnavarra\/"},{"@type":"ListItem","position":2,"name":"HOTELES PAMPLONA"}]},{"@type":"WebSite","@id":"https:\/\/visitnavarra.info\/visitnavarra\/#website","url":"https:\/\/visitnavarra.info\/visitnavarra\/","name":"VisitNavarra","description":"Alojamiento y experiencias tur\u00edsticas en Navarra; qu\u00e9 visitar en Navarra; comer en Navarra","potentialAction":[{"@type":"SearchAction","target":{"@type":"EntryPoint","urlTemplate":"https:\/\/visitnavarra.info\/visitnavarra\/?s={search_term_string}"},"query-input":{"@type":"PropertyValueSpecification","valueRequired":true,"valueName":"search_term_string"}}],"inLanguage":"es"}]}},"_links":{"self":[{"href":"https:\/\/visitnavarra.info\/visitnavarra\/wp-json\/wp\/v2\/pages\/141","targetHints":{"allow":["GET"]}}],"collection":[{"href":"https:\/\/visitnavarra.info\/visitnavarra\/wp-json\/wp\/v2\/pages"}],"about":[{"href":"https:\/\/visitnavarra.info\/visitnavarra\/wp-json\/wp\/v2\/types\/page"}],"author":[{"embeddable":true,"href":"https:\/\/visitnavarra.info\/visitnavarra\/wp-json\/wp\/v2\/users\/1"}],"replies":[{"embeddable":true,"href":"https:\/\/visitnavarra.info\/visitnavarra\/wp-json\/wp\/v2\/comments?post=141"}],"version-history":[{"count":42,"href":"https:\/\/visitnavarra.info\/visitnavarra\/wp-json\/wp\/v2\/pages\/141\/revisions"}],"predecessor-version":[{"id":13644,"href":"https:\/\/visitnavarra.info\/visitnavarra\/wp-json\/wp\/v2\/pages\/141\/revisions\/13644"}],"wp:attachment":[{"href":"https:\/\/visitnavarra.info\/visitnavarra\/wp-json\/wp\/v2\/media?parent=141"}],"curies":[{"name":"wp","href":"https:\/\/api.w.org\/{rel}","templated":true}]}}