{"id":152,"date":"2019-01-16T11:23:19","date_gmt":"2019-01-16T11:23:19","guid":{"rendered":"http:\/\/desarrollo.visitnavarra.info\/?page_id=152"},"modified":"2020-11-24T12:11:16","modified_gmt":"2020-11-24T12:11:16","slug":"campings-navarra","status":"publish","type":"page","link":"https:\/\/visitnavarra.info\/visitnavarra\/campings-navarra\/","title":{"rendered":"CAMPING NAVARRA"},"content":{"rendered":"<p>[vc_row][vc_column][vc_column_text]<img loading=\"lazy\" decoding=\"async\" class=\"alignleft wp-image-3320\" src=\"https:\/\/visitnavarra.info\/visitnavarra\/wp-content\/uploads\/2019\/05\/campins-navarra-varios.jpg\" alt=\"\" width=\"343\" height=\"414\" srcset=\"https:\/\/visitnavarra.info\/visitnavarra\/wp-content\/uploads\/2019\/05\/campins-navarra-varios.jpg 579w, https:\/\/visitnavarra.info\/visitnavarra\/wp-content\/uploads\/2019\/05\/campins-navarra-varios-248x300.jpg 248w\" sizes=\"auto, (max-width: 343px) 100vw, 343px\" \/>La Asociaci\u00f3n de Campings de Navarra, ha seleccionado 19 de los mejores campings de la regi\u00f3n distribuidos a lo largo de todo el territorio navarro, desde la monta\u00f1a, pasando por tierra Estella hasta la Ribera Navarra, formando as\u00ed una red de alojamientos naturales con todos los servicios y accesos necesarios para poder disfrutar, con amigos, en pareja o en familia, de nuestros espectaculares paisajes, gastronom\u00eda y costumbres.<\/p>\n<p>Totalmente equipados con los servicios necesarios, nuestros campings cuentan tambi\u00e9n con espacios especiales para los m\u00e1s peque\u00f1os, y para los no tan peque\u00f1os, d\u00f3nde pueden desarrollar todas las actividades que deseen en funci\u00f3n de su edad y para que toda la familia pueda disfrutar.<\/p>\n<p>Cada camping aprovecha al m\u00e1ximo los recursos naturales que ofrece su ubicaci\u00f3n, para que ning\u00fan visitante se pierda los espectaculares rincones de nuestra geograf\u00eda navarra y puedan disfr\u00fatalos con la amplia carta de actividades que ofrecen.<\/p>\n<h4><strong>Listado de Campings<\/strong><\/h4>\n<ul>\n<li>CAMPING ACEDO | C\u00f3digo de inscripci\u00f3n uct00021<\/li>\n<li>CAMPING ARALAR | C\u00f3digo de inscripci\u00f3n uct00005<\/li>\n<li>CAMPING ARBIZU | C\u00f3digo de inscripci\u00f3n UCT00029<\/li>\n<li>CAMPING ARITZALEKU | C\u00f3digo de inscripci\u00f3n uct00024<\/li>\n<li>CAMPING ARIZTIGAIN | C\u00f3digo de inscripci\u00f3n uct00019<\/li>\n<li>CAMPING ARTAZA | C\u00f3digo de inscripci\u00f3n UCT00028<\/li>\n<li>CAMPING ASOLAZE | C\u00f3digo de inscripci\u00f3n uct00008<\/li>\n<li>CAMPING BARDENAS | C\u00f3digo de inscripci\u00f3n UCT00027<\/li>\n<li>CAMPING BAZT\u00c1N | C\u00f3digo de inscripci\u00f3n uct00018<\/li>\n<li>CAMPING EL MOLINO | C\u00f3digo de inscripci\u00f3n uct00006<\/li>\n<li>CAMPING ETXARRI | C\u00f3digo de inscripci\u00f3n uct00022<\/li>\n<li>CAMPING EZCABA | C\u00f3digo de inscripci\u00f3n uct00002<\/li>\n<li>CAMPING IRATXE | C\u00f3digo de inscripci\u00f3n uct00025<\/li>\n<li>CAMPING ITURBERO | C\u00f3digo de inscripci\u00f3n uct00016<\/li>\n<li>CAMPING LIZARRA | C\u00f3digo de inscripci\u00f3n uct00009<\/li>\n<li>CAMPING OLITE | C\u00f3digo de inscripci\u00f3n uct00017<\/li>\n<li>CAMPING OSATE | C\u00f3digo de inscripci\u00f3n uct00012<\/li>\n<li>CAMPING URBASA | C\u00f3digo de inscripci\u00f3n uct00014<\/li>\n<li>CAMPING URROBI | C\u00f3digo de inscripci\u00f3n UCT00007 \u00a0<strong><br \/>\n<\/strong><\/li>\n<\/ul>\n<h4><strong>CONTACTO \/ RESERVAS<\/strong><\/h4>\n<p>Entidad \/ empresa: ASOCIACI\u00d3N DE CAMPINGS DE NAVARRA<br \/>\nDirecci\u00f3n: c\/ Pedro I, n\u00ba 1, 1\u00ba &#8211; 31007 Pamplona (Navarra)<br \/>\nTel\u00e9fono: (+34) 948 268 412<br \/>\nContacto: Jos\u00e9 Ignacio Calvo (Secretario General)<br \/>\nMail: <a href=\"mailto:ncalvo@hostelerianavarra.com\">ncalvo@hostelerianavarra.com<\/a><br \/>\nWeb: <a href=\"http:\/\/www.campingsnavarra.com\">www.campingsnavarra.com<\/a><br \/>\nHorario de atenci\u00f3n: Lunes-jueves 09:00-14:00 y 16:00-18:30 h. | Viernes 09:00-15:00 h.[\/vc_column_text][\/vc_column][\/vc_row]<\/p>\n","protected":false},"excerpt":{"rendered":"<p>[vc_row][vc_column][vc_column_text]La Asociaci\u00f3n de Campings de Navarra, ha seleccionado 19 de los mejores campings de la regi\u00f3n distribuidos a lo largo de todo el territorio navarro, desde la monta\u00f1a, pasando por tierra Estella hasta la Ribera Navarra, formando as\u00ed una red de alojamientos naturales con todos los servicios y accesos necesarios para poder disfrutar, con amigos, en pareja o en familia, de nuestros espectaculares paisajes, gastronom\u00eda y costumbres. Totalmente equipados con los servicios necesarios, nuestros campings cuentan tambi\u00e9n con espacios especiales para los m\u00e1s peque\u00f1os, y para los no tan peque\u00f1os, d\u00f3nde pueden desarrollar todas las actividades que deseen en funci\u00f3n de su edad y para que toda la familia pueda disfrutar. Cada camping aprovecha al m\u00e1ximo los recursos naturales que ofrece su ubicaci\u00f3n, para que ning\u00fan visitante se pierda los espectaculares rincones de nuestra geograf\u00eda navarra y puedan disfr\u00fatalos con la amplia carta de actividades que ofrecen. Listado de Campings CAMPING ACEDO | C\u00f3digo de inscripci\u00f3n uct00021 CAMPING ARALAR | C\u00f3digo de inscripci\u00f3n uct00005 CAMPING ARBIZU | C\u00f3digo de inscripci\u00f3n UCT00029 CAMPING ARITZALEKU | C\u00f3digo de inscripci\u00f3n uct00024 CAMPING ARIZTIGAIN | C\u00f3digo de inscripci\u00f3n uct00019 CAMPING ARTAZA | C\u00f3digo de inscripci\u00f3n UCT00028 CAMPING ASOLAZE | C\u00f3digo de inscripci\u00f3n uct00008 CAMPING [&hellip;]<\/p>\n","protected":false},"author":1,"featured_media":0,"parent":0,"menu_order":0,"comment_status":"closed","ping_status":"closed","template":"","meta":{"footnotes":""},"class_list":["post-152","page","type-page","status-publish","hentry"],"yoast_head":"<!-- This site is optimized with the Yoast SEO plugin v23.5 - https:\/\/yoast.com\/wordpress\/plugins\/seo\/ -->\n<title>Campings NavarraCAMPING NAVARRA - VisitNavarra<\/title>\n<meta name=\"description\" content=\"La Asociaci\u00f3n de Campings de Navarra, ha seleccionado 19 de los mejores campings de la regi\u00f3n distribuidos a lo largo de todo el territorio\" \/>\n<meta name=\"robots\" content=\"index, follow, max-snippet:-1, max-image-preview:large, max-video-preview:-1\" \/>\n<link rel=\"canonical\" href=\"https:\/\/visitnavarra.info\/visitnavarra\/campings-navarra\/\" \/>\n<meta property=\"og:locale\" content=\"es_ES\" \/>\n<meta property=\"og:type\" content=\"article\" \/>\n<meta property=\"og:title\" content=\"Campings NavarraCAMPING NAVARRA - VisitNavarra\" \/>\n<meta property=\"og:description\" content=\"La Asociaci\u00f3n de Campings de Navarra, ha seleccionado 19 de los mejores campings de la regi\u00f3n distribuidos a lo largo de todo el territorio\" \/>\n<meta property=\"og:url\" content=\"https:\/\/visitnavarra.info\/visitnavarra\/campings-navarra\/\" \/>\n<meta property=\"og:site_name\" content=\"VisitNavarra\" \/>\n<meta property=\"article:modified_time\" content=\"2020-11-24T12:11:16+00:00\" \/>\n<meta property=\"og:image\" content=\"https:\/\/visitnavarra.info\/visitnavarra\/wp-content\/uploads\/2019\/05\/campins-navarra-varios.jpg\" \/>\n<meta name=\"twitter:card\" content=\"summary_large_image\" \/>\n<meta name=\"twitter:label1\" content=\"Tiempo de lectura\" \/>\n\t<meta name=\"twitter:data1\" content=\"2 minutos\" \/>\n<script type=\"application\/ld+json\" class=\"yoast-schema-graph\">{\"@context\":\"https:\/\/schema.org\",\"@graph\":[{\"@type\":\"WebPage\",\"@id\":\"https:\/\/visitnavarra.info\/visitnavarra\/campings-navarra\/\",\"url\":\"https:\/\/visitnavarra.info\/visitnavarra\/campings-navarra\/\",\"name\":\"Campings NavarraCAMPING NAVARRA - VisitNavarra\",\"isPartOf\":{\"@id\":\"https:\/\/visitnavarra.info\/visitnavarra\/#website\"},\"primaryImageOfPage\":{\"@id\":\"https:\/\/visitnavarra.info\/visitnavarra\/campings-navarra\/#primaryimage\"},\"image\":{\"@id\":\"https:\/\/visitnavarra.info\/visitnavarra\/campings-navarra\/#primaryimage\"},\"thumbnailUrl\":\"https:\/\/visitnavarra.info\/visitnavarra\/wp-content\/uploads\/2019\/05\/campins-navarra-varios.jpg\",\"datePublished\":\"2019-01-16T11:23:19+00:00\",\"dateModified\":\"2020-11-24T12:11:16+00:00\",\"description\":\"La Asociaci\u00f3n de Campings de Navarra, ha seleccionado 19 de los mejores campings de la regi\u00f3n distribuidos a lo largo de todo el territorio\",\"breadcrumb\":{\"@id\":\"https:\/\/visitnavarra.info\/visitnavarra\/campings-navarra\/#breadcrumb\"},\"inLanguage\":\"es\",\"potentialAction\":[{\"@type\":\"ReadAction\",\"target\":[\"https:\/\/visitnavarra.info\/visitnavarra\/campings-navarra\/\"]}]},{\"@type\":\"ImageObject\",\"inLanguage\":\"es\",\"@id\":\"https:\/\/visitnavarra.info\/visitnavarra\/campings-navarra\/#primaryimage\",\"url\":\"https:\/\/visitnavarra.info\/visitnavarra\/wp-content\/uploads\/2019\/05\/campins-navarra-varios.jpg\",\"contentUrl\":\"https:\/\/visitnavarra.info\/visitnavarra\/wp-content\/uploads\/2019\/05\/campins-navarra-varios.jpg\",\"width\":579,\"height\":699},{\"@type\":\"BreadcrumbList\",\"@id\":\"https:\/\/visitnavarra.info\/visitnavarra\/campings-navarra\/#breadcrumb\",\"itemListElement\":[{\"@type\":\"ListItem\",\"position\":1,\"name\":\"Portada\",\"item\":\"https:\/\/visitnavarra.info\/visitnavarra\/\"},{\"@type\":\"ListItem\",\"position\":2,\"name\":\"CAMPING NAVARRA\"}]},{\"@type\":\"WebSite\",\"@id\":\"https:\/\/visitnavarra.info\/visitnavarra\/#website\",\"url\":\"https:\/\/visitnavarra.info\/visitnavarra\/\",\"name\":\"VisitNavarra\",\"description\":\"Alojamiento y experiencias tur\u00edsticas en Navarra; qu\u00e9 visitar en Navarra; comer en Navarra\",\"potentialAction\":[{\"@type\":\"SearchAction\",\"target\":{\"@type\":\"EntryPoint\",\"urlTemplate\":\"https:\/\/visitnavarra.info\/visitnavarra\/?s={search_term_string}\"},\"query-input\":{\"@type\":\"PropertyValueSpecification\",\"valueRequired\":true,\"valueName\":\"search_term_string\"}}],\"inLanguage\":\"es\"}]}<\/script>\n<!-- \/ Yoast SEO plugin. -->","yoast_head_json":{"title":"Campings NavarraCAMPING NAVARRA - VisitNavarra","description":"La Asociaci\u00f3n de Campings de Navarra, ha seleccionado 19 de los mejores campings de la regi\u00f3n distribuidos a lo largo de todo el territorio","robots":{"index":"index","follow":"follow","max-snippet":"max-snippet:-1","max-image-preview":"max-image-preview:large","max-video-preview":"max-video-preview:-1"},"canonical":"https:\/\/visitnavarra.info\/visitnavarra\/campings-navarra\/","og_locale":"es_ES","og_type":"article","og_title":"Campings NavarraCAMPING NAVARRA - VisitNavarra","og_description":"La Asociaci\u00f3n de Campings de Navarra, ha seleccionado 19 de los mejores campings de la regi\u00f3n distribuidos a lo largo de todo el territorio","og_url":"https:\/\/visitnavarra.info\/visitnavarra\/campings-navarra\/","og_site_name":"VisitNavarra","article_modified_time":"2020-11-24T12:11:16+00:00","og_image":[{"url":"https:\/\/visitnavarra.info\/visitnavarra\/wp-content\/uploads\/2019\/05\/campins-navarra-varios.jpg"}],"twitter_card":"summary_large_image","twitter_misc":{"Tiempo de lectura":"2 minutos"},"schema":{"@context":"https:\/\/schema.org","@graph":[{"@type":"WebPage","@id":"https:\/\/visitnavarra.info\/visitnavarra\/campings-navarra\/","url":"https:\/\/visitnavarra.info\/visitnavarra\/campings-navarra\/","name":"Campings NavarraCAMPING NAVARRA - VisitNavarra","isPartOf":{"@id":"https:\/\/visitnavarra.info\/visitnavarra\/#website"},"primaryImageOfPage":{"@id":"https:\/\/visitnavarra.info\/visitnavarra\/campings-navarra\/#primaryimage"},"image":{"@id":"https:\/\/visitnavarra.info\/visitnavarra\/campings-navarra\/#primaryimage"},"thumbnailUrl":"https:\/\/visitnavarra.info\/visitnavarra\/wp-content\/uploads\/2019\/05\/campins-navarra-varios.jpg","datePublished":"2019-01-16T11:23:19+00:00","dateModified":"2020-11-24T12:11:16+00:00","description":"La Asociaci\u00f3n de Campings de Navarra, ha seleccionado 19 de los mejores campings de la regi\u00f3n distribuidos a lo largo de todo el territorio","breadcrumb":{"@id":"https:\/\/visitnavarra.info\/visitnavarra\/campings-navarra\/#breadcrumb"},"inLanguage":"es","potentialAction":[{"@type":"ReadAction","target":["https:\/\/visitnavarra.info\/visitnavarra\/campings-navarra\/"]}]},{"@type":"ImageObject","inLanguage":"es","@id":"https:\/\/visitnavarra.info\/visitnavarra\/campings-navarra\/#primaryimage","url":"https:\/\/visitnavarra.info\/visitnavarra\/wp-content\/uploads\/2019\/05\/campins-navarra-varios.jpg","contentUrl":"https:\/\/visitnavarra.info\/visitnavarra\/wp-content\/uploads\/2019\/05\/campins-navarra-varios.jpg","width":579,"height":699},{"@type":"BreadcrumbList","@id":"https:\/\/visitnavarra.info\/visitnavarra\/campings-navarra\/#breadcrumb","itemListElement":[{"@type":"ListItem","position":1,"name":"Portada","item":"https:\/\/visitnavarra.info\/visitnavarra\/"},{"@type":"ListItem","position":2,"name":"CAMPING NAVARRA"}]},{"@type":"WebSite","@id":"https:\/\/visitnavarra.info\/visitnavarra\/#website","url":"https:\/\/visitnavarra.info\/visitnavarra\/","name":"VisitNavarra","description":"Alojamiento y experiencias tur\u00edsticas en Navarra; qu\u00e9 visitar en Navarra; comer en Navarra","potentialAction":[{"@type":"SearchAction","target":{"@type":"EntryPoint","urlTemplate":"https:\/\/visitnavarra.info\/visitnavarra\/?s={search_term_string}"},"query-input":{"@type":"PropertyValueSpecification","valueRequired":true,"valueName":"search_term_string"}}],"inLanguage":"es"}]}},"_links":{"self":[{"href":"https:\/\/visitnavarra.info\/visitnavarra\/wp-json\/wp\/v2\/pages\/152","targetHints":{"allow":["GET"]}}],"collection":[{"href":"https:\/\/visitnavarra.info\/visitnavarra\/wp-json\/wp\/v2\/pages"}],"about":[{"href":"https:\/\/visitnavarra.info\/visitnavarra\/wp-json\/wp\/v2\/types\/page"}],"author":[{"embeddable":true,"href":"https:\/\/visitnavarra.info\/visitnavarra\/wp-json\/wp\/v2\/users\/1"}],"replies":[{"embeddable":true,"href":"https:\/\/visitnavarra.info\/visitnavarra\/wp-json\/wp\/v2\/comments?post=152"}],"version-history":[{"count":12,"href":"https:\/\/visitnavarra.info\/visitnavarra\/wp-json\/wp\/v2\/pages\/152\/revisions"}],"predecessor-version":[{"id":7244,"href":"https:\/\/visitnavarra.info\/visitnavarra\/wp-json\/wp\/v2\/pages\/152\/revisions\/7244"}],"wp:attachment":[{"href":"https:\/\/visitnavarra.info\/visitnavarra\/wp-json\/wp\/v2\/media?parent=152"}],"curies":[{"name":"wp","href":"https:\/\/api.w.org\/{rel}","templated":true}]}}