{"id":1625,"date":"2019-02-20T12:26:14","date_gmt":"2019-02-20T12:26:14","guid":{"rendered":"http:\/\/visitnavarra.info\/?page_id=1625"},"modified":"2019-02-20T12:28:15","modified_gmt":"2019-02-20T12:28:15","slug":"clinica-universidad-navarra","status":"publish","type":"page","link":"https:\/\/visitnavarra.info\/visitnavarra\/clinica-universidad-navarra\/","title":{"rendered":"CL\u00cdNICA UNIVERSIDAD DE NAVARRA"},"content":{"rendered":"<p>[vc_row][vc_column width=&#8221;1\/1&#8243;][vc_column_text]<a href=\"http:\/\/www.navarrahealthtourism.com\">www.navarrahealthtourism.com<\/a><\/p>\n<p><img loading=\"lazy\" decoding=\"async\" class=\"alignleft size-full wp-image-1610\" src=\"http:\/\/visitnavarra.info\/wp-content\/uploads\/2019\/02\/clinica-universitario-medico.jpg\" alt=\"\" width=\"250\" height=\"250\" srcset=\"https:\/\/visitnavarra.info\/visitnavarra\/wp-content\/uploads\/2019\/02\/clinica-universitario-medico.jpg 250w, https:\/\/visitnavarra.info\/visitnavarra\/wp-content\/uploads\/2019\/02\/clinica-universitario-medico-150x150.jpg 150w, https:\/\/visitnavarra.info\/visitnavarra\/wp-content\/uploads\/2019\/02\/clinica-universitario-medico-80x80.jpg 80w\" sizes=\"auto, (max-width: 250px) 100vw, 250px\" \/>Un centro m\u00e9dico-hospitalario ubicado en Pamplona, Espa\u00f1a, que se caracteriza por su alto grado de especializaci\u00f3n m\u00e9dica, su constante renovaci\u00f3n tecnol\u00f3gica y su atenci\u00f3n personalizada.<\/p>\n<p>La Cl\u00ednica es pionera en la implementaci\u00f3n de t\u00e9cnicas m\u00e9dicas en Europa y a nivel mundial, la Cl\u00ednica Universidad de Navarra se ha convertido en un centro de referencia nacional e internacional. Numerosos reconocimientos y premios avalan su labor.<\/p>\n<ul>\n<li>M\u00e1s de 50 a\u00f1os de experiencia<\/li>\n<li>Instituci\u00f3n sin \u00e1nimo de lucro<\/li>\n<li>Plantilla a tiempo completo con dedicaci\u00f3n exclusiva<\/li>\n<li>Tecnolog\u00eda y avances cl\u00ednicos<\/li>\n<li>Mayor infraestructura tecnol\u00f3gica en un centro privado en Espa\u00f1a<br \/>\n206.457 consultas\/a\u00f1o<br \/>\n10.575 ingresos hospitalarios\/a\u00f1o<br \/>\n8.383 cirug\u00edas\/a\u00f1o<br \/>\n230 habitaciones individuales con sof\u00e1-cama para el acompa\u00f1ante<br \/>\n18 quir\u00f3fanos<br \/>\n35 departamentos m\u00e9dicos + 10 \u00e1reas especializadas multidisciplinares<\/li>\n<\/ul>\n<p>[\/vc_column_text][\/vc_column][\/vc_row]<\/p>\n","protected":false},"excerpt":{"rendered":"<p>[vc_row][vc_column width=&#8221;1\/1&#8243;][vc_column_text]www.navarrahealthtourism.com Un centro m\u00e9dico-hospitalario ubicado en Pamplona, Espa\u00f1a, que se caracteriza por su alto grado de especializaci\u00f3n m\u00e9dica, su constante renovaci\u00f3n tecnol\u00f3gica y su atenci\u00f3n personalizada. La Cl\u00ednica es pionera en la implementaci\u00f3n de t\u00e9cnicas m\u00e9dicas en Europa y a nivel mundial, la Cl\u00ednica Universidad de Navarra se ha convertido en un centro de referencia nacional e internacional. Numerosos reconocimientos y premios avalan su labor. M\u00e1s de 50 a\u00f1os de experiencia Instituci\u00f3n sin \u00e1nimo de lucro Plantilla a tiempo completo con dedicaci\u00f3n exclusiva Tecnolog\u00eda y avances cl\u00ednicos Mayor infraestructura tecnol\u00f3gica en un centro privado en Espa\u00f1a 206.457 consultas\/a\u00f1o 10.575 ingresos hospitalarios\/a\u00f1o 8.383 cirug\u00edas\/a\u00f1o 230 habitaciones individuales con sof\u00e1-cama para el acompa\u00f1ante 18 quir\u00f3fanos 35 departamentos m\u00e9dicos + 10 \u00e1reas especializadas multidisciplinares [\/vc_column_text][\/vc_column][\/vc_row]<\/p>\n","protected":false},"author":1,"featured_media":0,"parent":0,"menu_order":0,"comment_status":"closed","ping_status":"closed","template":"","meta":{"footnotes":""},"class_list":["post-1625","page","type-page","status-publish","hentry"],"yoast_head":"<!-- This site is optimized with the Yoast SEO plugin v23.5 - https:\/\/yoast.com\/wordpress\/plugins\/seo\/ -->\n<title>CL\u00cdNICA UNIVERSIDAD DE NAVARRA - VisitNavarra<\/title>\n<meta name=\"description\" content=\"Cl\u00ednica universidad de Navarra, un centro m\u00e9dico-hospitalario ubicado en Pamplona, Espa\u00f1a, que se caracteriza por su alto grado de especializaci\u00f3n m\u00e9dica.\" \/>\n<meta name=\"robots\" content=\"index, follow, max-snippet:-1, max-image-preview:large, max-video-preview:-1\" \/>\n<link rel=\"canonical\" href=\"https:\/\/visitnavarra.info\/visitnavarra\/clinica-universidad-navarra\/\" \/>\n<meta property=\"og:locale\" content=\"es_ES\" \/>\n<meta property=\"og:type\" content=\"article\" \/>\n<meta property=\"og:title\" content=\"CL\u00cdNICA UNIVERSIDAD DE NAVARRA - VisitNavarra\" \/>\n<meta property=\"og:description\" content=\"Cl\u00ednica universidad de Navarra, un centro m\u00e9dico-hospitalario ubicado en Pamplona, Espa\u00f1a, que se caracteriza por su alto grado de especializaci\u00f3n m\u00e9dica.\" \/>\n<meta property=\"og:url\" content=\"https:\/\/visitnavarra.info\/visitnavarra\/clinica-universidad-navarra\/\" \/>\n<meta property=\"og:site_name\" content=\"VisitNavarra\" \/>\n<meta property=\"article:modified_time\" content=\"2019-02-20T12:28:15+00:00\" \/>\n<meta property=\"og:image\" content=\"http:\/\/visitnavarra.info\/wp-content\/uploads\/2019\/02\/clinica-universitario-medico.jpg\" \/>\n<meta name=\"twitter:card\" content=\"summary_large_image\" \/>\n<meta name=\"twitter:label1\" content=\"Tiempo de lectura\" \/>\n\t<meta name=\"twitter:data1\" content=\"1 minuto\" \/>\n<script type=\"application\/ld+json\" class=\"yoast-schema-graph\">{\"@context\":\"https:\/\/schema.org\",\"@graph\":[{\"@type\":\"WebPage\",\"@id\":\"https:\/\/visitnavarra.info\/visitnavarra\/clinica-universidad-navarra\/\",\"url\":\"https:\/\/visitnavarra.info\/visitnavarra\/clinica-universidad-navarra\/\",\"name\":\"CL\u00cdNICA UNIVERSIDAD DE NAVARRA - VisitNavarra\",\"isPartOf\":{\"@id\":\"https:\/\/visitnavarra.info\/visitnavarra\/#website\"},\"primaryImageOfPage\":{\"@id\":\"https:\/\/visitnavarra.info\/visitnavarra\/clinica-universidad-navarra\/#primaryimage\"},\"image\":{\"@id\":\"https:\/\/visitnavarra.info\/visitnavarra\/clinica-universidad-navarra\/#primaryimage\"},\"thumbnailUrl\":\"http:\/\/visitnavarra.info\/wp-content\/uploads\/2019\/02\/clinica-universitario-medico.jpg\",\"datePublished\":\"2019-02-20T12:26:14+00:00\",\"dateModified\":\"2019-02-20T12:28:15+00:00\",\"description\":\"Cl\u00ednica universidad de Navarra, un centro m\u00e9dico-hospitalario ubicado en Pamplona, Espa\u00f1a, que se caracteriza por su alto grado de especializaci\u00f3n m\u00e9dica.\",\"breadcrumb\":{\"@id\":\"https:\/\/visitnavarra.info\/visitnavarra\/clinica-universidad-navarra\/#breadcrumb\"},\"inLanguage\":\"es\",\"potentialAction\":[{\"@type\":\"ReadAction\",\"target\":[\"https:\/\/visitnavarra.info\/visitnavarra\/clinica-universidad-navarra\/\"]}]},{\"@type\":\"ImageObject\",\"inLanguage\":\"es\",\"@id\":\"https:\/\/visitnavarra.info\/visitnavarra\/clinica-universidad-navarra\/#primaryimage\",\"url\":\"http:\/\/visitnavarra.info\/wp-content\/uploads\/2019\/02\/clinica-universitario-medico.jpg\",\"contentUrl\":\"http:\/\/visitnavarra.info\/wp-content\/uploads\/2019\/02\/clinica-universitario-medico.jpg\"},{\"@type\":\"BreadcrumbList\",\"@id\":\"https:\/\/visitnavarra.info\/visitnavarra\/clinica-universidad-navarra\/#breadcrumb\",\"itemListElement\":[{\"@type\":\"ListItem\",\"position\":1,\"name\":\"Portada\",\"item\":\"https:\/\/visitnavarra.info\/visitnavarra\/\"},{\"@type\":\"ListItem\",\"position\":2,\"name\":\"CL\u00cdNICA UNIVERSIDAD DE NAVARRA\"}]},{\"@type\":\"WebSite\",\"@id\":\"https:\/\/visitnavarra.info\/visitnavarra\/#website\",\"url\":\"https:\/\/visitnavarra.info\/visitnavarra\/\",\"name\":\"VisitNavarra\",\"description\":\"Alojamiento y experiencias tur\u00edsticas en Navarra; qu\u00e9 visitar en Navarra; comer en Navarra\",\"potentialAction\":[{\"@type\":\"SearchAction\",\"target\":{\"@type\":\"EntryPoint\",\"urlTemplate\":\"https:\/\/visitnavarra.info\/visitnavarra\/?s={search_term_string}\"},\"query-input\":{\"@type\":\"PropertyValueSpecification\",\"valueRequired\":true,\"valueName\":\"search_term_string\"}}],\"inLanguage\":\"es\"}]}<\/script>\n<!-- \/ Yoast SEO plugin. -->","yoast_head_json":{"title":"CL\u00cdNICA UNIVERSIDAD DE NAVARRA - VisitNavarra","description":"Cl\u00ednica universidad de Navarra, un centro m\u00e9dico-hospitalario ubicado en Pamplona, Espa\u00f1a, que se caracteriza por su alto grado de especializaci\u00f3n m\u00e9dica.","robots":{"index":"index","follow":"follow","max-snippet":"max-snippet:-1","max-image-preview":"max-image-preview:large","max-video-preview":"max-video-preview:-1"},"canonical":"https:\/\/visitnavarra.info\/visitnavarra\/clinica-universidad-navarra\/","og_locale":"es_ES","og_type":"article","og_title":"CL\u00cdNICA UNIVERSIDAD DE NAVARRA - VisitNavarra","og_description":"Cl\u00ednica universidad de Navarra, un centro m\u00e9dico-hospitalario ubicado en Pamplona, Espa\u00f1a, que se caracteriza por su alto grado de especializaci\u00f3n m\u00e9dica.","og_url":"https:\/\/visitnavarra.info\/visitnavarra\/clinica-universidad-navarra\/","og_site_name":"VisitNavarra","article_modified_time":"2019-02-20T12:28:15+00:00","og_image":[{"url":"http:\/\/visitnavarra.info\/wp-content\/uploads\/2019\/02\/clinica-universitario-medico.jpg"}],"twitter_card":"summary_large_image","twitter_misc":{"Tiempo de lectura":"1 minuto"},"schema":{"@context":"https:\/\/schema.org","@graph":[{"@type":"WebPage","@id":"https:\/\/visitnavarra.info\/visitnavarra\/clinica-universidad-navarra\/","url":"https:\/\/visitnavarra.info\/visitnavarra\/clinica-universidad-navarra\/","name":"CL\u00cdNICA UNIVERSIDAD DE NAVARRA - VisitNavarra","isPartOf":{"@id":"https:\/\/visitnavarra.info\/visitnavarra\/#website"},"primaryImageOfPage":{"@id":"https:\/\/visitnavarra.info\/visitnavarra\/clinica-universidad-navarra\/#primaryimage"},"image":{"@id":"https:\/\/visitnavarra.info\/visitnavarra\/clinica-universidad-navarra\/#primaryimage"},"thumbnailUrl":"http:\/\/visitnavarra.info\/wp-content\/uploads\/2019\/02\/clinica-universitario-medico.jpg","datePublished":"2019-02-20T12:26:14+00:00","dateModified":"2019-02-20T12:28:15+00:00","description":"Cl\u00ednica universidad de Navarra, un centro m\u00e9dico-hospitalario ubicado en Pamplona, Espa\u00f1a, que se caracteriza por su alto grado de especializaci\u00f3n m\u00e9dica.","breadcrumb":{"@id":"https:\/\/visitnavarra.info\/visitnavarra\/clinica-universidad-navarra\/#breadcrumb"},"inLanguage":"es","potentialAction":[{"@type":"ReadAction","target":["https:\/\/visitnavarra.info\/visitnavarra\/clinica-universidad-navarra\/"]}]},{"@type":"ImageObject","inLanguage":"es","@id":"https:\/\/visitnavarra.info\/visitnavarra\/clinica-universidad-navarra\/#primaryimage","url":"http:\/\/visitnavarra.info\/wp-content\/uploads\/2019\/02\/clinica-universitario-medico.jpg","contentUrl":"http:\/\/visitnavarra.info\/wp-content\/uploads\/2019\/02\/clinica-universitario-medico.jpg"},{"@type":"BreadcrumbList","@id":"https:\/\/visitnavarra.info\/visitnavarra\/clinica-universidad-navarra\/#breadcrumb","itemListElement":[{"@type":"ListItem","position":1,"name":"Portada","item":"https:\/\/visitnavarra.info\/visitnavarra\/"},{"@type":"ListItem","position":2,"name":"CL\u00cdNICA UNIVERSIDAD DE NAVARRA"}]},{"@type":"WebSite","@id":"https:\/\/visitnavarra.info\/visitnavarra\/#website","url":"https:\/\/visitnavarra.info\/visitnavarra\/","name":"VisitNavarra","description":"Alojamiento y experiencias tur\u00edsticas en Navarra; qu\u00e9 visitar en Navarra; comer en Navarra","potentialAction":[{"@type":"SearchAction","target":{"@type":"EntryPoint","urlTemplate":"https:\/\/visitnavarra.info\/visitnavarra\/?s={search_term_string}"},"query-input":{"@type":"PropertyValueSpecification","valueRequired":true,"valueName":"search_term_string"}}],"inLanguage":"es"}]}},"_links":{"self":[{"href":"https:\/\/visitnavarra.info\/visitnavarra\/wp-json\/wp\/v2\/pages\/1625","targetHints":{"allow":["GET"]}}],"collection":[{"href":"https:\/\/visitnavarra.info\/visitnavarra\/wp-json\/wp\/v2\/pages"}],"about":[{"href":"https:\/\/visitnavarra.info\/visitnavarra\/wp-json\/wp\/v2\/types\/page"}],"author":[{"embeddable":true,"href":"https:\/\/visitnavarra.info\/visitnavarra\/wp-json\/wp\/v2\/users\/1"}],"replies":[{"embeddable":true,"href":"https:\/\/visitnavarra.info\/visitnavarra\/wp-json\/wp\/v2\/comments?post=1625"}],"version-history":[{"count":2,"href":"https:\/\/visitnavarra.info\/visitnavarra\/wp-json\/wp\/v2\/pages\/1625\/revisions"}],"predecessor-version":[{"id":1629,"href":"https:\/\/visitnavarra.info\/visitnavarra\/wp-json\/wp\/v2\/pages\/1625\/revisions\/1629"}],"wp:attachment":[{"href":"https:\/\/visitnavarra.info\/visitnavarra\/wp-json\/wp\/v2\/media?parent=1625"}],"curies":[{"name":"wp","href":"https:\/\/api.w.org\/{rel}","templated":true}]}}