{"id":1636,"date":"2019-02-20T12:38:50","date_gmt":"2019-02-20T12:38:50","guid":{"rendered":"http:\/\/visitnavarra.info\/?page_id=1636"},"modified":"2020-12-01T11:13:44","modified_gmt":"2020-12-01T11:13:44","slug":"programas-salud","status":"publish","type":"page","link":"https:\/\/visitnavarra.info\/visitnavarra\/programas-salud\/","title":{"rendered":"PROGRAMAS DE SALUD"},"content":{"rendered":"<p>[vc_row][vc_column width=&#8221;1\/1&#8243;][vc_column_text]<\/p>\n<h3>PROGRAMA RINOPLASTIA EN CL\u00cdNICA UNIVERSIDAD DE NAVARRA<\/h3>\n<h4>10 D\u00cdAS Y 9 NOCHES DESDE 6.950\u20ac \/ PERSONA (HD)<\/h4>\n<h5>INCLUYE<\/h5>\n<ul>\n<li>9 noches en hotel 4**** (alojamiento y desayuno)<\/li>\n<li>Consultas con el m\u00e9dico<\/li>\n<li>Rinoplastia<\/li>\n<li>Traslados incluidos en el programa<\/li>\n<li>City tour por Pamplona<\/li>\n<\/ul>\n<h5>NO INCLUYE:<\/h5>\n<ul>\n<li>Consultas y tratamientos opcionales<\/li>\n<\/ul>\n<p>&nbsp;<\/p>\n<h3>PROGRAMA MEDICINA HIPERB\u00c1RICA EN CL\u00cdNICA OXIEN \u2013 GRUPO SANNAS<\/h3>\n<h4>12 D\u00cdAS Y 11 NOCHES DESDE 1.870\u20ac \/ PERSONA (HD)<\/h4>\n<h5>INCLUYE<\/h5>\n<ul>\n<li>11 noches en hotel 4**** (alojamiento y desayuno)<\/li>\n<li>Consulta con el m\u00e9dico hiperb\u00e1rico<\/li>\n<li>Traslados incluidos en el programa<\/li>\n<li>City tour por Pamplona<\/li>\n<\/ul>\n<h5>NO INCLUYE:<\/h5>\n<ul>\n<li>Consultas y tratamientos opcionales<\/li>\n<\/ul>\n<p>&nbsp;<\/p>\n<h3>PROGRAMA SALUD Y BELLEZA EN EL BALNEARIO ELGORRIAGA<\/h3>\n<h4>5 D\u00cdAS Y 4 NOCHES DESDE 960\u20ac (HD)<br \/>\n(Consulta para m\u00e1s informaci\u00f3n)<\/h4>\n<p>[\/vc_column_text][\/vc_column][\/vc_row][vc_row][vc_column width=&#8221;1\/2&#8243;]<div class=\"single_image wpb_content_element align-right    \" data-animation=\"none\" data-delay=\"0\"><\/div>[\/vc_column][vc_column width=&#8221;1\/2&#8243;][vc_column_text]<strong>CONTACTO \/ RESERVAS:<\/strong><br \/>\nEntidad \/ empresa: SERVICIO DE ACOGIDA DE NAVARRA<br \/>\nTel\u00e9fono: (+34) 621 209 115<br \/>\nMail: <a href=\"mailto:acogida@visitnavarra.info\">acogida@visitnavarra.info<\/a>[\/vc_column_text][\/vc_column][\/vc_row]<\/p>\n","protected":false},"excerpt":{"rendered":"<p>[vc_row][vc_column width=&#8221;1\/1&#8243;][vc_column_text] PROGRAMA RINOPLASTIA EN CL\u00cdNICA UNIVERSIDAD DE NAVARRA 10 D\u00cdAS Y 9 NOCHES DESDE 6.950\u20ac \/ PERSONA (HD) INCLUYE 9 noches en hotel 4**** (alojamiento y desayuno) Consultas con el m\u00e9dico Rinoplastia Traslados incluidos en el programa City tour por Pamplona NO INCLUYE: Consultas y tratamientos opcionales &nbsp; PROGRAMA MEDICINA HIPERB\u00c1RICA EN CL\u00cdNICA OXIEN \u2013 GRUPO SANNAS 12 D\u00cdAS Y 11 NOCHES DESDE 1.870\u20ac \/ PERSONA (HD) INCLUYE 11 noches en hotel 4**** (alojamiento y desayuno) Consulta con el m\u00e9dico hiperb\u00e1rico Traslados incluidos en el programa City tour por Pamplona NO INCLUYE: Consultas y tratamientos opcionales &nbsp; PROGRAMA SALUD Y BELLEZA EN EL BALNEARIO ELGORRIAGA 5 D\u00cdAS Y 4 NOCHES DESDE 960\u20ac (HD) (Consulta para m\u00e1s informaci\u00f3n) [\/vc_column_text][\/vc_column][\/vc_row][vc_row][vc_column width=&#8221;1\/2&#8243;][\/vc_column][vc_column width=&#8221;1\/2&#8243;][vc_column_text]CONTACTO \/ RESERVAS: Entidad \/ empresa: SERVICIO DE ACOGIDA DE NAVARRA Tel\u00e9fono: (+34) 621 209 115 Mail: acogida@visitnavarra.info[\/vc_column_text][\/vc_column][\/vc_row]<\/p>\n","protected":false},"author":1,"featured_media":0,"parent":0,"menu_order":0,"comment_status":"closed","ping_status":"closed","template":"","meta":{"footnotes":""},"class_list":["post-1636","page","type-page","status-publish","hentry"],"yoast_head":"<!-- This site is optimized with the Yoast SEO plugin v23.5 - https:\/\/yoast.com\/wordpress\/plugins\/seo\/ -->\n<title>PROGRAMAS DE SALUD EN NAVARRA - VisitNavarra<\/title>\n<meta name=\"description\" content=\"Programas de salud: chequeo m\u00e9dico integral, diagn\u00f3stico, valoraci\u00f3n deportiva, rinoplastia, medicina hiperb\u00e1rica, salud y belleza\" \/>\n<meta name=\"robots\" content=\"index, follow, max-snippet:-1, max-image-preview:large, max-video-preview:-1\" \/>\n<link rel=\"canonical\" href=\"https:\/\/visitnavarra.info\/visitnavarra\/programas-salud\/\" \/>\n<meta property=\"og:locale\" content=\"es_ES\" \/>\n<meta property=\"og:type\" content=\"article\" \/>\n<meta property=\"og:title\" content=\"PROGRAMAS DE SALUD EN NAVARRA - VisitNavarra\" \/>\n<meta property=\"og:description\" content=\"Programas de salud: chequeo m\u00e9dico integral, diagn\u00f3stico, valoraci\u00f3n deportiva, rinoplastia, medicina hiperb\u00e1rica, salud y belleza\" \/>\n<meta property=\"og:url\" content=\"https:\/\/visitnavarra.info\/visitnavarra\/programas-salud\/\" \/>\n<meta property=\"og:site_name\" content=\"VisitNavarra\" \/>\n<meta property=\"article:modified_time\" content=\"2020-12-01T11:13:44+00:00\" \/>\n<meta name=\"twitter:card\" content=\"summary_large_image\" \/>\n<meta name=\"twitter:label1\" content=\"Tiempo de lectura\" \/>\n\t<meta name=\"twitter:data1\" content=\"1 minuto\" \/>\n<script type=\"application\/ld+json\" class=\"yoast-schema-graph\">{\"@context\":\"https:\/\/schema.org\",\"@graph\":[{\"@type\":\"WebPage\",\"@id\":\"https:\/\/visitnavarra.info\/visitnavarra\/programas-salud\/\",\"url\":\"https:\/\/visitnavarra.info\/visitnavarra\/programas-salud\/\",\"name\":\"PROGRAMAS DE SALUD EN NAVARRA - VisitNavarra\",\"isPartOf\":{\"@id\":\"https:\/\/visitnavarra.info\/visitnavarra\/#website\"},\"datePublished\":\"2019-02-20T12:38:50+00:00\",\"dateModified\":\"2020-12-01T11:13:44+00:00\",\"description\":\"Programas de salud: chequeo m\u00e9dico integral, diagn\u00f3stico, valoraci\u00f3n deportiva, rinoplastia, medicina hiperb\u00e1rica, salud y belleza\",\"breadcrumb\":{\"@id\":\"https:\/\/visitnavarra.info\/visitnavarra\/programas-salud\/#breadcrumb\"},\"inLanguage\":\"es\",\"potentialAction\":[{\"@type\":\"ReadAction\",\"target\":[\"https:\/\/visitnavarra.info\/visitnavarra\/programas-salud\/\"]}]},{\"@type\":\"BreadcrumbList\",\"@id\":\"https:\/\/visitnavarra.info\/visitnavarra\/programas-salud\/#breadcrumb\",\"itemListElement\":[{\"@type\":\"ListItem\",\"position\":1,\"name\":\"Portada\",\"item\":\"https:\/\/visitnavarra.info\/visitnavarra\/\"},{\"@type\":\"ListItem\",\"position\":2,\"name\":\"PROGRAMAS DE SALUD\"}]},{\"@type\":\"WebSite\",\"@id\":\"https:\/\/visitnavarra.info\/visitnavarra\/#website\",\"url\":\"https:\/\/visitnavarra.info\/visitnavarra\/\",\"name\":\"VisitNavarra\",\"description\":\"Alojamiento y experiencias tur\u00edsticas en Navarra; qu\u00e9 visitar en Navarra; comer en Navarra\",\"potentialAction\":[{\"@type\":\"SearchAction\",\"target\":{\"@type\":\"EntryPoint\",\"urlTemplate\":\"https:\/\/visitnavarra.info\/visitnavarra\/?s={search_term_string}\"},\"query-input\":{\"@type\":\"PropertyValueSpecification\",\"valueRequired\":true,\"valueName\":\"search_term_string\"}}],\"inLanguage\":\"es\"}]}<\/script>\n<!-- \/ Yoast SEO plugin. -->","yoast_head_json":{"title":"PROGRAMAS DE SALUD EN NAVARRA - VisitNavarra","description":"Programas de salud: chequeo m\u00e9dico integral, diagn\u00f3stico, valoraci\u00f3n deportiva, rinoplastia, medicina hiperb\u00e1rica, salud y belleza","robots":{"index":"index","follow":"follow","max-snippet":"max-snippet:-1","max-image-preview":"max-image-preview:large","max-video-preview":"max-video-preview:-1"},"canonical":"https:\/\/visitnavarra.info\/visitnavarra\/programas-salud\/","og_locale":"es_ES","og_type":"article","og_title":"PROGRAMAS DE SALUD EN NAVARRA - VisitNavarra","og_description":"Programas de salud: chequeo m\u00e9dico integral, diagn\u00f3stico, valoraci\u00f3n deportiva, rinoplastia, medicina hiperb\u00e1rica, salud y belleza","og_url":"https:\/\/visitnavarra.info\/visitnavarra\/programas-salud\/","og_site_name":"VisitNavarra","article_modified_time":"2020-12-01T11:13:44+00:00","twitter_card":"summary_large_image","twitter_misc":{"Tiempo de lectura":"1 minuto"},"schema":{"@context":"https:\/\/schema.org","@graph":[{"@type":"WebPage","@id":"https:\/\/visitnavarra.info\/visitnavarra\/programas-salud\/","url":"https:\/\/visitnavarra.info\/visitnavarra\/programas-salud\/","name":"PROGRAMAS DE SALUD EN NAVARRA - VisitNavarra","isPartOf":{"@id":"https:\/\/visitnavarra.info\/visitnavarra\/#website"},"datePublished":"2019-02-20T12:38:50+00:00","dateModified":"2020-12-01T11:13:44+00:00","description":"Programas de salud: chequeo m\u00e9dico integral, diagn\u00f3stico, valoraci\u00f3n deportiva, rinoplastia, medicina hiperb\u00e1rica, salud y belleza","breadcrumb":{"@id":"https:\/\/visitnavarra.info\/visitnavarra\/programas-salud\/#breadcrumb"},"inLanguage":"es","potentialAction":[{"@type":"ReadAction","target":["https:\/\/visitnavarra.info\/visitnavarra\/programas-salud\/"]}]},{"@type":"BreadcrumbList","@id":"https:\/\/visitnavarra.info\/visitnavarra\/programas-salud\/#breadcrumb","itemListElement":[{"@type":"ListItem","position":1,"name":"Portada","item":"https:\/\/visitnavarra.info\/visitnavarra\/"},{"@type":"ListItem","position":2,"name":"PROGRAMAS DE SALUD"}]},{"@type":"WebSite","@id":"https:\/\/visitnavarra.info\/visitnavarra\/#website","url":"https:\/\/visitnavarra.info\/visitnavarra\/","name":"VisitNavarra","description":"Alojamiento y experiencias tur\u00edsticas en Navarra; qu\u00e9 visitar en Navarra; comer en Navarra","potentialAction":[{"@type":"SearchAction","target":{"@type":"EntryPoint","urlTemplate":"https:\/\/visitnavarra.info\/visitnavarra\/?s={search_term_string}"},"query-input":{"@type":"PropertyValueSpecification","valueRequired":true,"valueName":"search_term_string"}}],"inLanguage":"es"}]}},"_links":{"self":[{"href":"https:\/\/visitnavarra.info\/visitnavarra\/wp-json\/wp\/v2\/pages\/1636","targetHints":{"allow":["GET"]}}],"collection":[{"href":"https:\/\/visitnavarra.info\/visitnavarra\/wp-json\/wp\/v2\/pages"}],"about":[{"href":"https:\/\/visitnavarra.info\/visitnavarra\/wp-json\/wp\/v2\/types\/page"}],"author":[{"embeddable":true,"href":"https:\/\/visitnavarra.info\/visitnavarra\/wp-json\/wp\/v2\/users\/1"}],"replies":[{"embeddable":true,"href":"https:\/\/visitnavarra.info\/visitnavarra\/wp-json\/wp\/v2\/comments?post=1636"}],"version-history":[{"count":8,"href":"https:\/\/visitnavarra.info\/visitnavarra\/wp-json\/wp\/v2\/pages\/1636\/revisions"}],"predecessor-version":[{"id":7483,"href":"https:\/\/visitnavarra.info\/visitnavarra\/wp-json\/wp\/v2\/pages\/1636\/revisions\/7483"}],"wp:attachment":[{"href":"https:\/\/visitnavarra.info\/visitnavarra\/wp-json\/wp\/v2\/media?parent=1636"}],"curies":[{"name":"wp","href":"https:\/\/api.w.org\/{rel}","templated":true}]}}