{"id":2023,"date":"2019-01-17T09:34:14","date_gmt":"2019-01-17T09:34:14","guid":{"rendered":"http:\/\/visitnavarra.info\/cicloturismo\/"},"modified":"2022-01-19T09:31:17","modified_gmt":"2022-01-19T09:31:17","slug":"cicloturisme","status":"publish","type":"page","link":"https:\/\/visitnavarra.info\/visitnavarra\/cicloturisme\/","title":{"rendered":"CYCLOTURISME"},"content":{"rendered":"<p>[vc_row][vc_column width=&#8221;1\/3&#8243;]<div class=\"single_image wpb_content_element align-center    \" data-animation=\"none\" data-delay=\"0\"><img loading=\"lazy\" decoding=\"async\" width=\"250\" height=\"250\" src=\"https:\/\/visitnavarra.info\/visitnavarra\/wp-content\/uploads\/2021\/05\/rutas-btt-activa-experience-250.jpg\" class=\"attachment-full\" alt=\"\" srcset=\"https:\/\/visitnavarra.info\/visitnavarra\/wp-content\/uploads\/2021\/05\/rutas-btt-activa-experience-250.jpg 250w, https:\/\/visitnavarra.info\/visitnavarra\/wp-content\/uploads\/2021\/05\/rutas-btt-activa-experience-250-150x150.jpg 150w, https:\/\/visitnavarra.info\/visitnavarra\/wp-content\/uploads\/2021\/05\/rutas-btt-activa-experience-250-80x80.jpg 80w\" sizes=\"auto, (max-width: 250px) 100vw, 250px\" \/><\/div><a href=\"\/visitnavarra\/fr\/rutas-btt-para-grupos\/\" target=\"_self\" class=\"button custom full \" style=\"background-color: #a50cf7; border-color: #a50cf7;border-radius: 2px;\">ITIN\u00c9RAIRES VTT POUR LES GROUPES<\/a>[\/vc_column][vc_column width=&#8221;1\/3&#8243;]<div class=\"single_image wpb_content_element align-center    \" data-animation=\"none\" data-delay=\"0\"><img loading=\"lazy\" decoding=\"async\" width=\"250\" height=\"250\" src=\"https:\/\/visitnavarra.info\/visitnavarra\/wp-content\/uploads\/2021\/10\/trufa-bike-250.jpg\" class=\"attachment-full\" alt=\"\" srcset=\"https:\/\/visitnavarra.info\/visitnavarra\/wp-content\/uploads\/2021\/10\/trufa-bike-250.jpg 250w, https:\/\/visitnavarra.info\/visitnavarra\/wp-content\/uploads\/2021\/10\/trufa-bike-250-150x150.jpg 150w, https:\/\/visitnavarra.info\/visitnavarra\/wp-content\/uploads\/2021\/10\/trufa-bike-250-80x80.jpg 80w\" sizes=\"auto, (max-width: 250px) 100vw, 250px\" \/><\/div><a href=\"\/visitnavarra\/fr\/trufabike\/\" target=\"_self\" class=\"button custom full \" style=\"background-color: #a50cf7; border-color: #a50cf7;border-radius: 2px;\">TRUFABIKE<\/a>[\/vc_column][vc_column width=&#8221;1\/3&#8243;]<div class=\"single_image wpb_content_element align-center    \" data-animation=\"none\" data-delay=\"0\"><img loading=\"lazy\" decoding=\"async\" width=\"250\" height=\"250\" src=\"https:\/\/visitnavarra.info\/visitnavarra\/wp-content\/uploads\/2021\/10\/larregoiko-250.jpg\" class=\"attachment-full\" alt=\"\" srcset=\"https:\/\/visitnavarra.info\/visitnavarra\/wp-content\/uploads\/2021\/10\/larregoiko-250.jpg 250w, https:\/\/visitnavarra.info\/visitnavarra\/wp-content\/uploads\/2021\/10\/larregoiko-250-150x150.jpg 150w, https:\/\/visitnavarra.info\/visitnavarra\/wp-content\/uploads\/2021\/10\/larregoiko-250-80x80.jpg 80w\" sizes=\"auto, (max-width: 250px) 100vw, 250px\" \/><\/div><a href=\"\/visitnavarra\/fr\/ruta-e-bike-larregoiko\/\" target=\"_self\" class=\"button custom full \" style=\"background-color: #a50cf7; border-color: #a50cf7;border-radius: 2px;\">RUTA E-BIKE LARREGOIKO<\/a>[\/vc_column][\/vc_row][vc_row][vc_column width=&#8221;1\/1&#8243;]<div class=\"spacer\" style=\"height: 40px;\"><\/div>[\/vc_column][\/vc_row][vc_row][vc_column width=&#8221;1\/3&#8243;]<div class=\"single_image wpb_content_element align-center    \" data-animation=\"none\" data-delay=\"0\"><img loading=\"lazy\" decoding=\"async\" width=\"250\" height=\"250\" src=\"https:\/\/visitnavarra.info\/visitnavarra\/wp-content\/uploads\/2022\/01\/pago-larrainzar-escooter-visita-guiada.jpg\" class=\"attachment-full\" alt=\"\" srcset=\"https:\/\/visitnavarra.info\/visitnavarra\/wp-content\/uploads\/2022\/01\/pago-larrainzar-escooter-visita-guiada.jpg 250w, https:\/\/visitnavarra.info\/visitnavarra\/wp-content\/uploads\/2022\/01\/pago-larrainzar-escooter-visita-guiada-150x150.jpg 150w, https:\/\/visitnavarra.info\/visitnavarra\/wp-content\/uploads\/2022\/01\/pago-larrainzar-escooter-visita-guiada-80x80.jpg 80w\" sizes=\"auto, (max-width: 250px) 100vw, 250px\" \/><\/div><a href=\"\/visitnavarra\/fr\/bodegas-pago-de-larrainzar-doble-experiencia-tour-e-scootervisita-guiada-y-cata\/\" target=\"_self\" class=\"button custom full \" style=\"background-color: #a50cf7; border-color: #a50cf7;border-radius: 2px;\">CAVE PAGO DE LARRAINZAR: DOUBLE EXPERIENCE : TOUR GUIDE + E-SCOOTER+ DEGUSTATION<\/a>[\/vc_column][vc_column width=&#8221;1\/3&#8243;][\/vc_column][vc_column width=&#8221;1\/3&#8243;][\/vc_column][\/vc_row]<\/p>\n","protected":false},"excerpt":{"rendered":"<p>[vc_row][vc_column width=&#8221;1\/3&#8243;][\/vc_column][vc_column width=&#8221;1\/3&#8243;][\/vc_column][vc_column width=&#8221;1\/3&#8243;][\/vc_column][\/vc_row][vc_row][vc_column width=&#8221;1\/1&#8243;][\/vc_column][\/vc_row][vc_row][vc_column width=&#8221;1\/3&#8243;][\/vc_column][vc_column width=&#8221;1\/3&#8243;][\/vc_column][vc_column width=&#8221;1\/3&#8243;][\/vc_column][\/vc_row]<\/p>\n","protected":false},"author":1,"featured_media":0,"parent":0,"menu_order":0,"comment_status":"closed","ping_status":"closed","template":"","meta":{"footnotes":""},"class_list":["post-2023","page","type-page","status-publish","hentry"],"yoast_head":"<!-- This site is optimized with the Yoast SEO plugin v23.5 - https:\/\/yoast.com\/wordpress\/plugins\/seo\/ -->\n<title>ROUTES \u00c0 BICY BICYCLETTE DANS LA NAVARRA VisitNavarra -<\/title>\n<meta name=\"description\" content=\"Nous vous proposons diff\u00e9rents itin\u00e9raires \u00e0 v\u00e9lo, avec une grande vari\u00e9t\u00e9 de parcours, de dur\u00e9e et de difficult\u00e9 pour conna\u00eetre le Navarre.\" \/>\n<meta name=\"robots\" content=\"index, follow, max-snippet:-1, max-image-preview:large, max-video-preview:-1\" \/>\n<link rel=\"canonical\" href=\"https:\/\/visitnavarra.info\/visitnavarra\/fr\/cicloturisme\/\" \/>\n<meta property=\"og:locale\" content=\"es_ES\" \/>\n<meta property=\"og:type\" content=\"article\" \/>\n<meta property=\"og:title\" content=\"ROUTES \u00c0 BICY BICYCLETTE DANS LA NAVARRA VisitNavarra -\" \/>\n<meta property=\"og:description\" content=\"Nous vous proposons diff\u00e9rents itin\u00e9raires \u00e0 v\u00e9lo, avec une grande vari\u00e9t\u00e9 de parcours, de dur\u00e9e et de difficult\u00e9 pour conna\u00eetre le Navarre.\" \/>\n<meta property=\"og:url\" content=\"https:\/\/visitnavarra.info\/visitnavarra\/fr\/cicloturisme\/\" \/>\n<meta property=\"og:site_name\" content=\"VisitNavarra\" \/>\n<meta property=\"article:modified_time\" content=\"2022-01-19T09:31:17+00:00\" \/>\n<meta name=\"twitter:card\" content=\"summary_large_image\" \/>\n<meta name=\"twitter:label1\" content=\"Tiempo de lectura\" \/>\n\t<meta name=\"twitter:data1\" content=\"1 minuto\" \/>\n<script type=\"application\/ld+json\" class=\"yoast-schema-graph\">{\"@context\":\"https:\/\/schema.org\",\"@graph\":[{\"@type\":\"WebPage\",\"@id\":\"https:\/\/visitnavarra.info\/visitnavarra\/fr\/cicloturisme\/\",\"url\":\"https:\/\/visitnavarra.info\/visitnavarra\/fr\/cicloturisme\/\",\"name\":\"ROUTES \u00c0 BICY BICYCLETTE DANS LA NAVARRA VisitNavarra -\",\"isPartOf\":{\"@id\":\"https:\/\/visitnavarra.info\/visitnavarra\/#website\"},\"datePublished\":\"2019-01-17T09:34:14+00:00\",\"dateModified\":\"2022-01-19T09:31:17+00:00\",\"description\":\"Nous vous proposons diff\u00e9rents itin\u00e9raires \u00e0 v\u00e9lo, avec une grande vari\u00e9t\u00e9 de parcours, de dur\u00e9e et de difficult\u00e9 pour conna\u00eetre le Navarre.\",\"breadcrumb\":{\"@id\":\"https:\/\/visitnavarra.info\/visitnavarra\/fr\/cicloturisme\/#breadcrumb\"},\"inLanguage\":\"es\",\"potentialAction\":[{\"@type\":\"ReadAction\",\"target\":[\"https:\/\/visitnavarra.info\/visitnavarra\/fr\/cicloturisme\/\"]}]},{\"@type\":\"BreadcrumbList\",\"@id\":\"https:\/\/visitnavarra.info\/visitnavarra\/fr\/cicloturisme\/#breadcrumb\",\"itemListElement\":[{\"@type\":\"ListItem\",\"position\":1,\"name\":\"Portada\",\"item\":\"https:\/\/visitnavarra.info\/visitnavarra\/\"},{\"@type\":\"ListItem\",\"position\":2,\"name\":\"CYCLOTURISME\"}]},{\"@type\":\"WebSite\",\"@id\":\"https:\/\/visitnavarra.info\/visitnavarra\/#website\",\"url\":\"https:\/\/visitnavarra.info\/visitnavarra\/\",\"name\":\"VisitNavarra\",\"description\":\"Alojamiento y experiencias tur\u00edsticas en Navarra; qu\u00e9 visitar en Navarra; comer en Navarra\",\"potentialAction\":[{\"@type\":\"SearchAction\",\"target\":{\"@type\":\"EntryPoint\",\"urlTemplate\":\"https:\/\/visitnavarra.info\/visitnavarra\/?s={search_term_string}\"},\"query-input\":{\"@type\":\"PropertyValueSpecification\",\"valueRequired\":true,\"valueName\":\"search_term_string\"}}],\"inLanguage\":\"es\"}]}<\/script>\n<!-- \/ Yoast SEO plugin. -->","yoast_head_json":{"title":"ROUTES \u00c0 BICY BICYCLETTE DANS LA NAVARRA VisitNavarra -","description":"Nous vous proposons diff\u00e9rents itin\u00e9raires \u00e0 v\u00e9lo, avec une grande vari\u00e9t\u00e9 de parcours, de dur\u00e9e et de difficult\u00e9 pour conna\u00eetre le Navarre.","robots":{"index":"index","follow":"follow","max-snippet":"max-snippet:-1","max-image-preview":"max-image-preview:large","max-video-preview":"max-video-preview:-1"},"canonical":"https:\/\/visitnavarra.info\/visitnavarra\/fr\/cicloturisme\/","og_locale":"es_ES","og_type":"article","og_title":"ROUTES \u00c0 BICY BICYCLETTE DANS LA NAVARRA VisitNavarra -","og_description":"Nous vous proposons diff\u00e9rents itin\u00e9raires \u00e0 v\u00e9lo, avec une grande vari\u00e9t\u00e9 de parcours, de dur\u00e9e et de difficult\u00e9 pour conna\u00eetre le Navarre.","og_url":"https:\/\/visitnavarra.info\/visitnavarra\/fr\/cicloturisme\/","og_site_name":"VisitNavarra","article_modified_time":"2022-01-19T09:31:17+00:00","twitter_card":"summary_large_image","twitter_misc":{"Tiempo de lectura":"1 minuto"},"schema":{"@context":"https:\/\/schema.org","@graph":[{"@type":"WebPage","@id":"https:\/\/visitnavarra.info\/visitnavarra\/fr\/cicloturisme\/","url":"https:\/\/visitnavarra.info\/visitnavarra\/fr\/cicloturisme\/","name":"ROUTES \u00c0 BICY BICYCLETTE DANS LA NAVARRA VisitNavarra -","isPartOf":{"@id":"https:\/\/visitnavarra.info\/visitnavarra\/#website"},"datePublished":"2019-01-17T09:34:14+00:00","dateModified":"2022-01-19T09:31:17+00:00","description":"Nous vous proposons diff\u00e9rents itin\u00e9raires \u00e0 v\u00e9lo, avec une grande vari\u00e9t\u00e9 de parcours, de dur\u00e9e et de difficult\u00e9 pour conna\u00eetre le Navarre.","breadcrumb":{"@id":"https:\/\/visitnavarra.info\/visitnavarra\/fr\/cicloturisme\/#breadcrumb"},"inLanguage":"es","potentialAction":[{"@type":"ReadAction","target":["https:\/\/visitnavarra.info\/visitnavarra\/fr\/cicloturisme\/"]}]},{"@type":"BreadcrumbList","@id":"https:\/\/visitnavarra.info\/visitnavarra\/fr\/cicloturisme\/#breadcrumb","itemListElement":[{"@type":"ListItem","position":1,"name":"Portada","item":"https:\/\/visitnavarra.info\/visitnavarra\/"},{"@type":"ListItem","position":2,"name":"CYCLOTURISME"}]},{"@type":"WebSite","@id":"https:\/\/visitnavarra.info\/visitnavarra\/#website","url":"https:\/\/visitnavarra.info\/visitnavarra\/","name":"VisitNavarra","description":"Alojamiento y experiencias tur\u00edsticas en Navarra; qu\u00e9 visitar en Navarra; comer en Navarra","potentialAction":[{"@type":"SearchAction","target":{"@type":"EntryPoint","urlTemplate":"https:\/\/visitnavarra.info\/visitnavarra\/?s={search_term_string}"},"query-input":{"@type":"PropertyValueSpecification","valueRequired":true,"valueName":"search_term_string"}}],"inLanguage":"es"}]}},"_links":{"self":[{"href":"https:\/\/visitnavarra.info\/visitnavarra\/wp-json\/wp\/v2\/pages\/2023","targetHints":{"allow":["GET"]}}],"collection":[{"href":"https:\/\/visitnavarra.info\/visitnavarra\/wp-json\/wp\/v2\/pages"}],"about":[{"href":"https:\/\/visitnavarra.info\/visitnavarra\/wp-json\/wp\/v2\/types\/page"}],"author":[{"embeddable":true,"href":"https:\/\/visitnavarra.info\/visitnavarra\/wp-json\/wp\/v2\/users\/1"}],"replies":[{"embeddable":true,"href":"https:\/\/visitnavarra.info\/visitnavarra\/wp-json\/wp\/v2\/comments?post=2023"}],"version-history":[{"count":17,"href":"https:\/\/visitnavarra.info\/visitnavarra\/wp-json\/wp\/v2\/pages\/2023\/revisions"}],"predecessor-version":[{"id":11772,"href":"https:\/\/visitnavarra.info\/visitnavarra\/wp-json\/wp\/v2\/pages\/2023\/revisions\/11772"}],"wp:attachment":[{"href":"https:\/\/visitnavarra.info\/visitnavarra\/wp-json\/wp\/v2\/media?parent=2023"}],"curies":[{"name":"wp","href":"https:\/\/api.w.org\/{rel}","templated":true}]}}