{"id":247,"date":"2019-01-16T17:27:53","date_gmt":"2019-01-16T17:27:53","guid":{"rendered":"http:\/\/desarrollo.visitnavarra.info\/?page_id=247"},"modified":"2020-11-24T12:50:40","modified_gmt":"2020-11-24T12:50:40","slug":"cata-guiada-vinos-navarra-menu-maridaje","status":"publish","type":"page","link":"https:\/\/visitnavarra.info\/visitnavarra\/cata-guiada-vinos-navarra-menu-maridaje\/","title":{"rendered":"CATA GUIADA DE VINOS D.O. NAVARRA Y MEN\u00da MARIDAJE"},"content":{"rendered":"<p>[vc_row][vc_column width=&#8221;1\/1&#8243;][vc_column_text]<img loading=\"lazy\" decoding=\"async\" class=\"size-medium wp-image-248 alignright\" src=\"http:\/\/desarrollo.visitnavarra.info\/wp-content\/uploads\/2019\/01\/Don-Carlos-Experiencia-Enologia-catas-dirigidas-300x200.jpg\" alt=\"\" width=\"300\" height=\"200\" srcset=\"https:\/\/visitnavarra.info\/visitnavarra\/wp-content\/uploads\/2019\/01\/Don-Carlos-Experiencia-Enologia-catas-dirigidas-300x200.jpg 300w, https:\/\/visitnavarra.info\/visitnavarra\/wp-content\/uploads\/2019\/01\/Don-Carlos-Experiencia-Enologia-catas-dirigidas.jpg 431w\" sizes=\"auto, (max-width: 300px) 100vw, 300px\" \/>Conoce los mejores vinos de nuestra tierra en una cata dirigida por un sumiller especializado y disfruta de la gastronom\u00eda navarra con la degustaci\u00f3n de un Men\u00fa Maridaje.<\/p>\n<p><em><strong>CATA DIRIGIDA POR SUMILLER PROFESIONAL<\/strong><\/em><\/p>\n<p>Cinco vinos D.O. Navarra:<\/p>\n<ul>\n<li>\u00a0Blanco<\/li>\n<li>\u00a0Rosado<\/li>\n<li>\u00a0Tinto crianza<\/li>\n<li>\u00a0Tinto reserva<\/li>\n<li>\u00a0Dulce<\/li>\n<\/ul>\n<p><strong>Precio:<\/strong> 28 \u20ac (IVA incluido)<\/p>\n<p>&nbsp;<\/p>\n<p><em><strong>MEN\u00da MARIDAJE<\/strong><\/em><\/p>\n<ul>\n<li>Aperitivo<\/li>\n<li>Entrante a elegir con su maridaje<\/li>\n<li>Segundo a elegir con su maridaje<\/li>\n<li>Postre a elegir con su maridaje<\/li>\n<li>Pan, agua y caf\u00e9 incluidos<\/li>\n<\/ul>\n<p><strong>Precio:<\/strong> 42 \u20ac (IVA incl.)<\/p>\n<p>Promoci\u00f3n disponible de lunes a domingo, todos los d\u00edas excepto 25 de diciembre y 1 de enero. M\u00e1s informaci\u00f3n y reservas: 948.33.00.77 \/\/ <a href=\"mailto:eventos@hdoncarlos.com\">eventos@hdoncarlos.com<\/a><\/p>\n<p>&nbsp;<\/p>\n<p>[\/vc_column_text][\/vc_column][\/vc_row][vc_row][vc_column width=&#8221;1\/2&#8243;]<div class=\"single_image wpb_content_element align-right    \" data-animation=\"none\" data-delay=\"0\"><img loading=\"lazy\" decoding=\"async\" width=\"200\" height=\"214\" src=\"https:\/\/visitnavarra.info\/visitnavarra\/wp-content\/uploads\/2019\/01\/don-carlos.jpg\" class=\"attachment-full\" alt=\"\" \/><\/div>[\/vc_column][vc_column width=&#8221;1\/2&#8243;][vc_column_text]<strong>RESERVA Y CONTACTO: RESTAURANTE HOTEL DON CARLOS |<br \/>\n<\/strong>N\u00ba Registro Turismo: UH000009<br \/>\nDorraburu, 1 \u2013 31620 \u2013 Huarte \u2013 Espa\u00f1a<br \/>\nTel. +34 948 330 077 |<br \/>\n<a href=\"mailto:eventos@hdoncarlos.com\">eventos@hdoncarlos.com<\/a> | <a href=\"http:\/\/www.hdoncarlos.com\">www.hdoncarlos.com<\/a>[\/vc_column_text][\/vc_column][\/vc_row]<\/p>\n","protected":false},"excerpt":{"rendered":"<p>[vc_row][vc_column width=&#8221;1\/1&#8243;][vc_column_text]Conoce los mejores vinos de nuestra tierra en una cata dirigida por un sumiller especializado y disfruta de la gastronom\u00eda navarra con la degustaci\u00f3n de un Men\u00fa Maridaje. CATA DIRIGIDA POR SUMILLER PROFESIONAL Cinco vinos D.O. Navarra: \u00a0Blanco \u00a0Rosado \u00a0Tinto crianza \u00a0Tinto reserva \u00a0Dulce Precio: 28 \u20ac (IVA incluido) &nbsp; MEN\u00da MARIDAJE Aperitivo Entrante a elegir con su maridaje Segundo a elegir con su maridaje Postre a elegir con su maridaje Pan, agua y caf\u00e9 incluidos Precio: 42 \u20ac (IVA incl.) Promoci\u00f3n disponible de lunes a domingo, todos los d\u00edas excepto 25 de diciembre y 1 de enero. M\u00e1s informaci\u00f3n y reservas: 948.33.00.77 \/\/ eventos@hdoncarlos.com &nbsp; [\/vc_column_text][\/vc_column][\/vc_row][vc_row][vc_column width=&#8221;1\/2&#8243;][\/vc_column][vc_column width=&#8221;1\/2&#8243;][vc_column_text]RESERVA Y CONTACTO: RESTAURANTE HOTEL DON CARLOS | N\u00ba Registro Turismo: UH000009 Dorraburu, 1 \u2013 31620 \u2013 Huarte \u2013 Espa\u00f1a Tel. +34 948 330 077 | eventos@hdoncarlos.com | www.hdoncarlos.com[\/vc_column_text][\/vc_column][\/vc_row]<\/p>\n","protected":false},"author":1,"featured_media":0,"parent":0,"menu_order":0,"comment_status":"closed","ping_status":"closed","template":"","meta":{"footnotes":""},"class_list":["post-247","page","type-page","status-publish","hentry"],"yoast_head":"<!-- This site is optimized with the Yoast SEO plugin v23.5 - https:\/\/yoast.com\/wordpress\/plugins\/seo\/ -->\n<title>CATA GUIADA DE VINOS D.O. NAVARRA Y MEN\u00da MARIDAJECATA GUIADA DE VINOS D.O. NAVARRA Y MEN\u00da MARIDAJE - VisitNavarra<\/title>\n<meta name=\"description\" content=\"Cata guiada de vinos de la denominaci\u00f3n de origen navarra y men\u00fas maridaje en el Hotel Don Carlos de Huarte\" \/>\n<meta name=\"robots\" content=\"index, follow, max-snippet:-1, max-image-preview:large, max-video-preview:-1\" \/>\n<link rel=\"canonical\" href=\"https:\/\/visitnavarra.info\/visitnavarra\/cata-guiada-vinos-navarra-menu-maridaje\/\" \/>\n<meta property=\"og:locale\" content=\"es_ES\" \/>\n<meta property=\"og:type\" content=\"article\" \/>\n<meta property=\"og:title\" content=\"CATA GUIADA DE VINOS D.O. NAVARRA Y MEN\u00da MARIDAJECATA GUIADA DE VINOS D.O. NAVARRA Y MEN\u00da MARIDAJE - VisitNavarra\" \/>\n<meta property=\"og:description\" content=\"Cata guiada de vinos de la denominaci\u00f3n de origen navarra y men\u00fas maridaje en el Hotel Don Carlos de Huarte\" \/>\n<meta property=\"og:url\" content=\"https:\/\/visitnavarra.info\/visitnavarra\/cata-guiada-vinos-navarra-menu-maridaje\/\" \/>\n<meta property=\"og:site_name\" content=\"VisitNavarra\" \/>\n<meta property=\"article:modified_time\" content=\"2020-11-24T12:50:40+00:00\" \/>\n<meta property=\"og:image\" content=\"http:\/\/desarrollo.visitnavarra.info\/wp-content\/uploads\/2019\/01\/Don-Carlos-Experiencia-Enologia-catas-dirigidas-300x200.jpg\" \/>\n<meta name=\"twitter:card\" content=\"summary_large_image\" \/>\n<meta name=\"twitter:label1\" content=\"Tiempo de lectura\" \/>\n\t<meta name=\"twitter:data1\" content=\"1 minuto\" \/>\n<script type=\"application\/ld+json\" class=\"yoast-schema-graph\">{\"@context\":\"https:\/\/schema.org\",\"@graph\":[{\"@type\":\"WebPage\",\"@id\":\"https:\/\/visitnavarra.info\/visitnavarra\/cata-guiada-vinos-navarra-menu-maridaje\/\",\"url\":\"https:\/\/visitnavarra.info\/visitnavarra\/cata-guiada-vinos-navarra-menu-maridaje\/\",\"name\":\"CATA GUIADA DE VINOS D.O. NAVARRA Y MEN\u00da MARIDAJECATA GUIADA DE VINOS D.O. NAVARRA Y MEN\u00da MARIDAJE - VisitNavarra\",\"isPartOf\":{\"@id\":\"https:\/\/visitnavarra.info\/visitnavarra\/#website\"},\"primaryImageOfPage\":{\"@id\":\"https:\/\/visitnavarra.info\/visitnavarra\/cata-guiada-vinos-navarra-menu-maridaje\/#primaryimage\"},\"image\":{\"@id\":\"https:\/\/visitnavarra.info\/visitnavarra\/cata-guiada-vinos-navarra-menu-maridaje\/#primaryimage\"},\"thumbnailUrl\":\"http:\/\/desarrollo.visitnavarra.info\/wp-content\/uploads\/2019\/01\/Don-Carlos-Experiencia-Enologia-catas-dirigidas-300x200.jpg\",\"datePublished\":\"2019-01-16T17:27:53+00:00\",\"dateModified\":\"2020-11-24T12:50:40+00:00\",\"description\":\"Cata guiada de vinos de la denominaci\u00f3n de origen navarra y men\u00fas maridaje en el Hotel Don Carlos de Huarte\",\"breadcrumb\":{\"@id\":\"https:\/\/visitnavarra.info\/visitnavarra\/cata-guiada-vinos-navarra-menu-maridaje\/#breadcrumb\"},\"inLanguage\":\"es\",\"potentialAction\":[{\"@type\":\"ReadAction\",\"target\":[\"https:\/\/visitnavarra.info\/visitnavarra\/cata-guiada-vinos-navarra-menu-maridaje\/\"]}]},{\"@type\":\"ImageObject\",\"inLanguage\":\"es\",\"@id\":\"https:\/\/visitnavarra.info\/visitnavarra\/cata-guiada-vinos-navarra-menu-maridaje\/#primaryimage\",\"url\":\"http:\/\/desarrollo.visitnavarra.info\/wp-content\/uploads\/2019\/01\/Don-Carlos-Experiencia-Enologia-catas-dirigidas-300x200.jpg\",\"contentUrl\":\"http:\/\/desarrollo.visitnavarra.info\/wp-content\/uploads\/2019\/01\/Don-Carlos-Experiencia-Enologia-catas-dirigidas-300x200.jpg\"},{\"@type\":\"BreadcrumbList\",\"@id\":\"https:\/\/visitnavarra.info\/visitnavarra\/cata-guiada-vinos-navarra-menu-maridaje\/#breadcrumb\",\"itemListElement\":[{\"@type\":\"ListItem\",\"position\":1,\"name\":\"Portada\",\"item\":\"https:\/\/visitnavarra.info\/visitnavarra\/\"},{\"@type\":\"ListItem\",\"position\":2,\"name\":\"CATA GUIADA DE VINOS D.O. NAVARRA Y MEN\u00da MARIDAJE\"}]},{\"@type\":\"WebSite\",\"@id\":\"https:\/\/visitnavarra.info\/visitnavarra\/#website\",\"url\":\"https:\/\/visitnavarra.info\/visitnavarra\/\",\"name\":\"VisitNavarra\",\"description\":\"Alojamiento y experiencias tur\u00edsticas en Navarra; qu\u00e9 visitar en Navarra; comer en Navarra\",\"potentialAction\":[{\"@type\":\"SearchAction\",\"target\":{\"@type\":\"EntryPoint\",\"urlTemplate\":\"https:\/\/visitnavarra.info\/visitnavarra\/?s={search_term_string}\"},\"query-input\":{\"@type\":\"PropertyValueSpecification\",\"valueRequired\":true,\"valueName\":\"search_term_string\"}}],\"inLanguage\":\"es\"}]}<\/script>\n<!-- \/ Yoast SEO plugin. -->","yoast_head_json":{"title":"CATA GUIADA DE VINOS D.O. NAVARRA Y MEN\u00da MARIDAJECATA GUIADA DE VINOS D.O. NAVARRA Y MEN\u00da MARIDAJE - VisitNavarra","description":"Cata guiada de vinos de la denominaci\u00f3n de origen navarra y men\u00fas maridaje en el Hotel Don Carlos de Huarte","robots":{"index":"index","follow":"follow","max-snippet":"max-snippet:-1","max-image-preview":"max-image-preview:large","max-video-preview":"max-video-preview:-1"},"canonical":"https:\/\/visitnavarra.info\/visitnavarra\/cata-guiada-vinos-navarra-menu-maridaje\/","og_locale":"es_ES","og_type":"article","og_title":"CATA GUIADA DE VINOS D.O. NAVARRA Y MEN\u00da MARIDAJECATA GUIADA DE VINOS D.O. NAVARRA Y MEN\u00da MARIDAJE - VisitNavarra","og_description":"Cata guiada de vinos de la denominaci\u00f3n de origen navarra y men\u00fas maridaje en el Hotel Don Carlos de Huarte","og_url":"https:\/\/visitnavarra.info\/visitnavarra\/cata-guiada-vinos-navarra-menu-maridaje\/","og_site_name":"VisitNavarra","article_modified_time":"2020-11-24T12:50:40+00:00","og_image":[{"url":"http:\/\/desarrollo.visitnavarra.info\/wp-content\/uploads\/2019\/01\/Don-Carlos-Experiencia-Enologia-catas-dirigidas-300x200.jpg"}],"twitter_card":"summary_large_image","twitter_misc":{"Tiempo de lectura":"1 minuto"},"schema":{"@context":"https:\/\/schema.org","@graph":[{"@type":"WebPage","@id":"https:\/\/visitnavarra.info\/visitnavarra\/cata-guiada-vinos-navarra-menu-maridaje\/","url":"https:\/\/visitnavarra.info\/visitnavarra\/cata-guiada-vinos-navarra-menu-maridaje\/","name":"CATA GUIADA DE VINOS D.O. NAVARRA Y MEN\u00da MARIDAJECATA GUIADA DE VINOS D.O. NAVARRA Y MEN\u00da MARIDAJE - VisitNavarra","isPartOf":{"@id":"https:\/\/visitnavarra.info\/visitnavarra\/#website"},"primaryImageOfPage":{"@id":"https:\/\/visitnavarra.info\/visitnavarra\/cata-guiada-vinos-navarra-menu-maridaje\/#primaryimage"},"image":{"@id":"https:\/\/visitnavarra.info\/visitnavarra\/cata-guiada-vinos-navarra-menu-maridaje\/#primaryimage"},"thumbnailUrl":"http:\/\/desarrollo.visitnavarra.info\/wp-content\/uploads\/2019\/01\/Don-Carlos-Experiencia-Enologia-catas-dirigidas-300x200.jpg","datePublished":"2019-01-16T17:27:53+00:00","dateModified":"2020-11-24T12:50:40+00:00","description":"Cata guiada de vinos de la denominaci\u00f3n de origen navarra y men\u00fas maridaje en el Hotel Don Carlos de Huarte","breadcrumb":{"@id":"https:\/\/visitnavarra.info\/visitnavarra\/cata-guiada-vinos-navarra-menu-maridaje\/#breadcrumb"},"inLanguage":"es","potentialAction":[{"@type":"ReadAction","target":["https:\/\/visitnavarra.info\/visitnavarra\/cata-guiada-vinos-navarra-menu-maridaje\/"]}]},{"@type":"ImageObject","inLanguage":"es","@id":"https:\/\/visitnavarra.info\/visitnavarra\/cata-guiada-vinos-navarra-menu-maridaje\/#primaryimage","url":"http:\/\/desarrollo.visitnavarra.info\/wp-content\/uploads\/2019\/01\/Don-Carlos-Experiencia-Enologia-catas-dirigidas-300x200.jpg","contentUrl":"http:\/\/desarrollo.visitnavarra.info\/wp-content\/uploads\/2019\/01\/Don-Carlos-Experiencia-Enologia-catas-dirigidas-300x200.jpg"},{"@type":"BreadcrumbList","@id":"https:\/\/visitnavarra.info\/visitnavarra\/cata-guiada-vinos-navarra-menu-maridaje\/#breadcrumb","itemListElement":[{"@type":"ListItem","position":1,"name":"Portada","item":"https:\/\/visitnavarra.info\/visitnavarra\/"},{"@type":"ListItem","position":2,"name":"CATA GUIADA DE VINOS D.O. NAVARRA Y MEN\u00da MARIDAJE"}]},{"@type":"WebSite","@id":"https:\/\/visitnavarra.info\/visitnavarra\/#website","url":"https:\/\/visitnavarra.info\/visitnavarra\/","name":"VisitNavarra","description":"Alojamiento y experiencias tur\u00edsticas en Navarra; qu\u00e9 visitar en Navarra; comer en Navarra","potentialAction":[{"@type":"SearchAction","target":{"@type":"EntryPoint","urlTemplate":"https:\/\/visitnavarra.info\/visitnavarra\/?s={search_term_string}"},"query-input":{"@type":"PropertyValueSpecification","valueRequired":true,"valueName":"search_term_string"}}],"inLanguage":"es"}]}},"_links":{"self":[{"href":"https:\/\/visitnavarra.info\/visitnavarra\/wp-json\/wp\/v2\/pages\/247","targetHints":{"allow":["GET"]}}],"collection":[{"href":"https:\/\/visitnavarra.info\/visitnavarra\/wp-json\/wp\/v2\/pages"}],"about":[{"href":"https:\/\/visitnavarra.info\/visitnavarra\/wp-json\/wp\/v2\/types\/page"}],"author":[{"embeddable":true,"href":"https:\/\/visitnavarra.info\/visitnavarra\/wp-json\/wp\/v2\/users\/1"}],"replies":[{"embeddable":true,"href":"https:\/\/visitnavarra.info\/visitnavarra\/wp-json\/wp\/v2\/comments?post=247"}],"version-history":[{"count":6,"href":"https:\/\/visitnavarra.info\/visitnavarra\/wp-json\/wp\/v2\/pages\/247\/revisions"}],"predecessor-version":[{"id":5607,"href":"https:\/\/visitnavarra.info\/visitnavarra\/wp-json\/wp\/v2\/pages\/247\/revisions\/5607"}],"wp:attachment":[{"href":"https:\/\/visitnavarra.info\/visitnavarra\/wp-json\/wp\/v2\/media?parent=247"}],"curies":[{"name":"wp","href":"https:\/\/api.w.org\/{rel}","templated":true}]}}