{"id":256,"date":"2019-01-16T18:02:48","date_gmt":"2019-01-16T18:02:48","guid":{"rendered":"http:\/\/desarrollo.visitnavarra.info\/?page_id=256"},"modified":"2020-01-03T07:57:56","modified_gmt":"2020-01-03T07:57:56","slug":"pueblos-medievales-con-mucha-historia","status":"publish","type":"page","link":"https:\/\/visitnavarra.info\/visitnavarra\/pueblos-medievales-con-mucha-historia\/","title":{"rendered":"PUEBLOS MEDIEVALES CON MUCHA HISTORIA"},"content":{"rendered":"<p>[vc_row][vc_column][vc_column_text]<img loading=\"lazy\" decoding=\"async\" class=\"alignleft size-full wp-image-1245\" src=\"https:\/\/visitnavarra.info\/visitnavarra\/wp-content\/uploads\/2019\/01\/hagoos-pueblo-medievales.jpg\" alt=\"\" width=\"250\" height=\"250\" srcset=\"https:\/\/visitnavarra.info\/visitnavarra\/wp-content\/uploads\/2019\/01\/hagoos-pueblo-medievales.jpg 250w, https:\/\/visitnavarra.info\/visitnavarra\/wp-content\/uploads\/2019\/01\/hagoos-pueblo-medievales-150x150.jpg 150w, https:\/\/visitnavarra.info\/visitnavarra\/wp-content\/uploads\/2019\/01\/hagoos-pueblo-medievales-80x80.jpg 80w\" sizes=\"auto, (max-width: 250px) 100vw, 250px\" \/>Conoceremos el Monasterio de la Oliva, monasterio cisterciense fundado a mediados del siglo XII, que lleg\u00f3 a ser uno de los m\u00e1s importantes del Reino de Navarra por su arquitectura, biblioteca y posesiones territoriales.<\/p>\n<p>Tras la visita nos acercaremos al pueblo de Uju\u00e9, construido en un alto, fue plaza fuerte, primero contra los musulmanes y despu\u00e9s contra el vecino reino de Arag\u00f3n. En la parte m\u00e1s alta est\u00e1 situada la Iglesia de Santa Mar\u00eda con aspecto m\u00e1s de fortaleza que de santuario. En su interior se conserva la imagen de Santa Mar\u00eda, una de las m\u00e1s bellas de la escultura rom\u00e1nica navarra. Asimismo, se conserva el coraz\u00f3n de Carlos II que reposa aqu\u00ed por su expreso deseo.<\/p>\n<p>All\u00ed disfrutaremos de una tradicional comida a base de migas de pastor y cordero en brasas de sarmiento.<\/p>\n<p><img loading=\"lazy\" decoding=\"async\" class=\"size-full wp-image-1230 alignright\" src=\"https:\/\/visitnavarra.info\/visitnavarra\/wp-content\/uploads\/2019\/01\/hagoos-pueblo-medievales-olite.jpg\" alt=\"\" width=\"250\" height=\"250\" srcset=\"https:\/\/visitnavarra.info\/visitnavarra\/wp-content\/uploads\/2019\/01\/hagoos-pueblo-medievales-olite.jpg 250w, https:\/\/visitnavarra.info\/visitnavarra\/wp-content\/uploads\/2019\/01\/hagoos-pueblo-medievales-olite-150x150.jpg 150w, https:\/\/visitnavarra.info\/visitnavarra\/wp-content\/uploads\/2019\/01\/hagoos-pueblo-medievales-olite-80x80.jpg 80w\" sizes=\"auto, (max-width: 250px) 100vw, 250px\" \/>Tras reponer fuerzas nos acercaremos a la ciudad medieval de Olite, sede real del Reino de Navarra que conserva su estructura medieval de calles estrechas flanqueadas por casas de piedra y dos importantes iglesias. Visitaremos su Palacio Real<\/p>\n<p>Para finalizar el d\u00eda nos acercaremos a una finca ecuestre que supera los 200.000 m2 y posee 35 caballos, una parada bueyes y 50 reses bravas. Disfrutaremos de un espect\u00e1culo ecuestre, pasearemos en coche de caballos y, para los m\u00e1s atrevidos, proponemos un peque\u00f1o paseo a caballo por las instalaciones.<\/p>\n<p>[\/vc_column_text][\/vc_column][\/vc_row][vc_row][vc_column width=&#8221;1\/2&#8243;]<div class=\"single_image wpb_content_element align-right    \" data-animation=\"none\" data-delay=\"0\"><img loading=\"lazy\" decoding=\"async\" width=\"200\" height=\"214\" src=\"https:\/\/visitnavarra.info\/visitnavarra\/wp-content\/uploads\/2019\/01\/hagoos.jpg\" class=\"attachment-full\" alt=\"\" \/><\/div>[\/vc_column][vc_column width=&#8221;1\/2&#8243;][vc_column_text]<strong>RESERVA Y CONTACTO: HAGOOS DCM &amp; CONSULTOR\u00cdA TUR\u00cdSTICA|<br \/>\n<\/strong>N\u00ba Registro Turismo: C.I.E 2282<br \/>\nCalle And\u00eda, 2 \u2013 Piso 2\u00ba &#8211; Of 2 &#8211; 20004 \u2013 San Sebasti\u00e1n \u2013 Guipuzcoa \u2013 Espa\u00f1a<br \/>\nTel. +34 943 226 466 | +34 625 014 604 |<br \/>\n<a href=\"http:\/\/www.hagoos.com\">www.hagoos.com<\/a> | <a href=\"mailto:info@hagoos.com\">info@hagoos.com<\/a>[\/vc_column_text][\/vc_column][\/vc_row]<\/p>\n","protected":false},"excerpt":{"rendered":"<p>[vc_row][vc_column][vc_column_text]Conoceremos el Monasterio de la Oliva, monasterio cisterciense fundado a mediados del siglo XII, que lleg\u00f3 a ser uno de los m\u00e1s importantes del Reino de Navarra por su arquitectura, biblioteca y posesiones territoriales. Tras la visita nos acercaremos al pueblo de Uju\u00e9, construido en un alto, fue plaza fuerte, primero contra los musulmanes y despu\u00e9s contra el vecino reino de Arag\u00f3n. En la parte m\u00e1s alta est\u00e1 situada la Iglesia de Santa Mar\u00eda con aspecto m\u00e1s de fortaleza que de santuario. En su interior se conserva la imagen de Santa Mar\u00eda, una de las m\u00e1s bellas de la escultura rom\u00e1nica navarra. Asimismo, se conserva el coraz\u00f3n de Carlos II que reposa aqu\u00ed por su expreso deseo. All\u00ed disfrutaremos de una tradicional comida a base de migas de pastor y cordero en brasas de sarmiento. Tras reponer fuerzas nos acercaremos a la ciudad medieval de Olite, sede real del Reino de Navarra que conserva su estructura medieval de calles estrechas flanqueadas por casas de piedra y dos importantes iglesias. Visitaremos su Palacio Real Para finalizar el d\u00eda nos acercaremos a una finca ecuestre que supera los 200.000 m2 y posee 35 caballos, una parada bueyes y 50 reses bravas. Disfrutaremos [&hellip;]<\/p>\n","protected":false},"author":1,"featured_media":0,"parent":0,"menu_order":0,"comment_status":"closed","ping_status":"closed","template":"","meta":{"footnotes":""},"class_list":["post-256","page","type-page","status-publish","hentry"],"yoast_head":"<!-- This site is optimized with the Yoast SEO plugin v23.5 - https:\/\/yoast.com\/wordpress\/plugins\/seo\/ -->\n<title>PUEBLOS MEDIEVALES CON MUCHA HISTORIA - VisitNavarra<\/title>\n<meta name=\"description\" content=\"Pueblo medievales con mucha historia. Conoceremos el monasterio de la oliva, el pueblo de Uju\u00e9 donde comeremos migas del pastor y finca ecuestre.\" \/>\n<meta name=\"robots\" content=\"index, follow, max-snippet:-1, max-image-preview:large, max-video-preview:-1\" \/>\n<link rel=\"canonical\" href=\"https:\/\/visitnavarra.info\/visitnavarra\/pueblos-medievales-con-mucha-historia\/\" \/>\n<meta property=\"og:locale\" content=\"es_ES\" \/>\n<meta property=\"og:type\" content=\"article\" \/>\n<meta property=\"og:title\" content=\"PUEBLOS MEDIEVALES CON MUCHA HISTORIA - VisitNavarra\" \/>\n<meta property=\"og:description\" content=\"Pueblo medievales con mucha historia. Conoceremos el monasterio de la oliva, el pueblo de Uju\u00e9 donde comeremos migas del pastor y finca ecuestre.\" \/>\n<meta property=\"og:url\" content=\"https:\/\/visitnavarra.info\/visitnavarra\/pueblos-medievales-con-mucha-historia\/\" \/>\n<meta property=\"og:site_name\" content=\"VisitNavarra\" \/>\n<meta property=\"article:modified_time\" content=\"2020-01-03T07:57:56+00:00\" \/>\n<meta property=\"og:image\" content=\"https:\/\/visitnavarra.info\/visitnavarra\/wp-content\/uploads\/2019\/01\/hagoos-pueblo-medievales.jpg\" \/>\n<meta name=\"twitter:card\" content=\"summary_large_image\" \/>\n<meta name=\"twitter:label1\" content=\"Tiempo de lectura\" \/>\n\t<meta name=\"twitter:data1\" content=\"2 minutos\" \/>\n<script type=\"application\/ld+json\" class=\"yoast-schema-graph\">{\"@context\":\"https:\/\/schema.org\",\"@graph\":[{\"@type\":\"WebPage\",\"@id\":\"https:\/\/visitnavarra.info\/visitnavarra\/pueblos-medievales-con-mucha-historia\/\",\"url\":\"https:\/\/visitnavarra.info\/visitnavarra\/pueblos-medievales-con-mucha-historia\/\",\"name\":\"PUEBLOS MEDIEVALES CON MUCHA HISTORIA - VisitNavarra\",\"isPartOf\":{\"@id\":\"https:\/\/visitnavarra.info\/visitnavarra\/#website\"},\"primaryImageOfPage\":{\"@id\":\"https:\/\/visitnavarra.info\/visitnavarra\/pueblos-medievales-con-mucha-historia\/#primaryimage\"},\"image\":{\"@id\":\"https:\/\/visitnavarra.info\/visitnavarra\/pueblos-medievales-con-mucha-historia\/#primaryimage\"},\"thumbnailUrl\":\"https:\/\/visitnavarra.info\/visitnavarra\/wp-content\/uploads\/2019\/01\/hagoos-pueblo-medievales.jpg\",\"datePublished\":\"2019-01-16T18:02:48+00:00\",\"dateModified\":\"2020-01-03T07:57:56+00:00\",\"description\":\"Pueblo medievales con mucha historia. Conoceremos el monasterio de la oliva, el pueblo de Uju\u00e9 donde comeremos migas del pastor y finca ecuestre.\",\"breadcrumb\":{\"@id\":\"https:\/\/visitnavarra.info\/visitnavarra\/pueblos-medievales-con-mucha-historia\/#breadcrumb\"},\"inLanguage\":\"es\",\"potentialAction\":[{\"@type\":\"ReadAction\",\"target\":[\"https:\/\/visitnavarra.info\/visitnavarra\/pueblos-medievales-con-mucha-historia\/\"]}]},{\"@type\":\"ImageObject\",\"inLanguage\":\"es\",\"@id\":\"https:\/\/visitnavarra.info\/visitnavarra\/pueblos-medievales-con-mucha-historia\/#primaryimage\",\"url\":\"https:\/\/visitnavarra.info\/visitnavarra\/wp-content\/uploads\/2019\/01\/hagoos-pueblo-medievales.jpg\",\"contentUrl\":\"https:\/\/visitnavarra.info\/visitnavarra\/wp-content\/uploads\/2019\/01\/hagoos-pueblo-medievales.jpg\"},{\"@type\":\"BreadcrumbList\",\"@id\":\"https:\/\/visitnavarra.info\/visitnavarra\/pueblos-medievales-con-mucha-historia\/#breadcrumb\",\"itemListElement\":[{\"@type\":\"ListItem\",\"position\":1,\"name\":\"Portada\",\"item\":\"https:\/\/visitnavarra.info\/visitnavarra\/\"},{\"@type\":\"ListItem\",\"position\":2,\"name\":\"PUEBLOS MEDIEVALES CON MUCHA HISTORIA\"}]},{\"@type\":\"WebSite\",\"@id\":\"https:\/\/visitnavarra.info\/visitnavarra\/#website\",\"url\":\"https:\/\/visitnavarra.info\/visitnavarra\/\",\"name\":\"VisitNavarra\",\"description\":\"Alojamiento y experiencias tur\u00edsticas en Navarra; qu\u00e9 visitar en Navarra; comer en Navarra\",\"potentialAction\":[{\"@type\":\"SearchAction\",\"target\":{\"@type\":\"EntryPoint\",\"urlTemplate\":\"https:\/\/visitnavarra.info\/visitnavarra\/?s={search_term_string}\"},\"query-input\":{\"@type\":\"PropertyValueSpecification\",\"valueRequired\":true,\"valueName\":\"search_term_string\"}}],\"inLanguage\":\"es\"}]}<\/script>\n<!-- \/ Yoast SEO plugin. -->","yoast_head_json":{"title":"PUEBLOS MEDIEVALES CON MUCHA HISTORIA - VisitNavarra","description":"Pueblo medievales con mucha historia. Conoceremos el monasterio de la oliva, el pueblo de Uju\u00e9 donde comeremos migas del pastor y finca ecuestre.","robots":{"index":"index","follow":"follow","max-snippet":"max-snippet:-1","max-image-preview":"max-image-preview:large","max-video-preview":"max-video-preview:-1"},"canonical":"https:\/\/visitnavarra.info\/visitnavarra\/pueblos-medievales-con-mucha-historia\/","og_locale":"es_ES","og_type":"article","og_title":"PUEBLOS MEDIEVALES CON MUCHA HISTORIA - VisitNavarra","og_description":"Pueblo medievales con mucha historia. Conoceremos el monasterio de la oliva, el pueblo de Uju\u00e9 donde comeremos migas del pastor y finca ecuestre.","og_url":"https:\/\/visitnavarra.info\/visitnavarra\/pueblos-medievales-con-mucha-historia\/","og_site_name":"VisitNavarra","article_modified_time":"2020-01-03T07:57:56+00:00","og_image":[{"url":"https:\/\/visitnavarra.info\/visitnavarra\/wp-content\/uploads\/2019\/01\/hagoos-pueblo-medievales.jpg"}],"twitter_card":"summary_large_image","twitter_misc":{"Tiempo de lectura":"2 minutos"},"schema":{"@context":"https:\/\/schema.org","@graph":[{"@type":"WebPage","@id":"https:\/\/visitnavarra.info\/visitnavarra\/pueblos-medievales-con-mucha-historia\/","url":"https:\/\/visitnavarra.info\/visitnavarra\/pueblos-medievales-con-mucha-historia\/","name":"PUEBLOS MEDIEVALES CON MUCHA HISTORIA - VisitNavarra","isPartOf":{"@id":"https:\/\/visitnavarra.info\/visitnavarra\/#website"},"primaryImageOfPage":{"@id":"https:\/\/visitnavarra.info\/visitnavarra\/pueblos-medievales-con-mucha-historia\/#primaryimage"},"image":{"@id":"https:\/\/visitnavarra.info\/visitnavarra\/pueblos-medievales-con-mucha-historia\/#primaryimage"},"thumbnailUrl":"https:\/\/visitnavarra.info\/visitnavarra\/wp-content\/uploads\/2019\/01\/hagoos-pueblo-medievales.jpg","datePublished":"2019-01-16T18:02:48+00:00","dateModified":"2020-01-03T07:57:56+00:00","description":"Pueblo medievales con mucha historia. Conoceremos el monasterio de la oliva, el pueblo de Uju\u00e9 donde comeremos migas del pastor y finca ecuestre.","breadcrumb":{"@id":"https:\/\/visitnavarra.info\/visitnavarra\/pueblos-medievales-con-mucha-historia\/#breadcrumb"},"inLanguage":"es","potentialAction":[{"@type":"ReadAction","target":["https:\/\/visitnavarra.info\/visitnavarra\/pueblos-medievales-con-mucha-historia\/"]}]},{"@type":"ImageObject","inLanguage":"es","@id":"https:\/\/visitnavarra.info\/visitnavarra\/pueblos-medievales-con-mucha-historia\/#primaryimage","url":"https:\/\/visitnavarra.info\/visitnavarra\/wp-content\/uploads\/2019\/01\/hagoos-pueblo-medievales.jpg","contentUrl":"https:\/\/visitnavarra.info\/visitnavarra\/wp-content\/uploads\/2019\/01\/hagoos-pueblo-medievales.jpg"},{"@type":"BreadcrumbList","@id":"https:\/\/visitnavarra.info\/visitnavarra\/pueblos-medievales-con-mucha-historia\/#breadcrumb","itemListElement":[{"@type":"ListItem","position":1,"name":"Portada","item":"https:\/\/visitnavarra.info\/visitnavarra\/"},{"@type":"ListItem","position":2,"name":"PUEBLOS MEDIEVALES CON MUCHA HISTORIA"}]},{"@type":"WebSite","@id":"https:\/\/visitnavarra.info\/visitnavarra\/#website","url":"https:\/\/visitnavarra.info\/visitnavarra\/","name":"VisitNavarra","description":"Alojamiento y experiencias tur\u00edsticas en Navarra; qu\u00e9 visitar en Navarra; comer en Navarra","potentialAction":[{"@type":"SearchAction","target":{"@type":"EntryPoint","urlTemplate":"https:\/\/visitnavarra.info\/visitnavarra\/?s={search_term_string}"},"query-input":{"@type":"PropertyValueSpecification","valueRequired":true,"valueName":"search_term_string"}}],"inLanguage":"es"}]}},"_links":{"self":[{"href":"https:\/\/visitnavarra.info\/visitnavarra\/wp-json\/wp\/v2\/pages\/256","targetHints":{"allow":["GET"]}}],"collection":[{"href":"https:\/\/visitnavarra.info\/visitnavarra\/wp-json\/wp\/v2\/pages"}],"about":[{"href":"https:\/\/visitnavarra.info\/visitnavarra\/wp-json\/wp\/v2\/types\/page"}],"author":[{"embeddable":true,"href":"https:\/\/visitnavarra.info\/visitnavarra\/wp-json\/wp\/v2\/users\/1"}],"replies":[{"embeddable":true,"href":"https:\/\/visitnavarra.info\/visitnavarra\/wp-json\/wp\/v2\/comments?post=256"}],"version-history":[{"count":13,"href":"https:\/\/visitnavarra.info\/visitnavarra\/wp-json\/wp\/v2\/pages\/256\/revisions"}],"predecessor-version":[{"id":5615,"href":"https:\/\/visitnavarra.info\/visitnavarra\/wp-json\/wp\/v2\/pages\/256\/revisions\/5615"}],"wp:attachment":[{"href":"https:\/\/visitnavarra.info\/visitnavarra\/wp-json\/wp\/v2\/media?parent=256"}],"curies":[{"name":"wp","href":"https:\/\/api.w.org\/{rel}","templated":true}]}}