{"id":268,"date":"2019-01-16T18:31:13","date_gmt":"2019-01-16T18:31:13","guid":{"rendered":"http:\/\/desarrollo.visitnavarra.info\/?page_id=268"},"modified":"2021-11-03T11:59:18","modified_gmt":"2021-11-03T11:59:18","slug":"naturaleza","status":"publish","type":"page","link":"https:\/\/visitnavarra.info\/visitnavarra\/naturaleza\/","title":{"rendered":"NATURALEZA"},"content":{"rendered":"<p>[vc_row][vc_column width=&#8221;1\/3&#8243;]<div class=\"single_image wpb_content_element align-center    \" data-animation=\"none\" data-delay=\"0\"><img loading=\"lazy\" decoding=\"async\" width=\"250\" height=\"250\" src=\"https:\/\/visitnavarra.info\/visitnavarra\/wp-content\/uploads\/2021\/10\/naturaleza-250.jpg\" class=\"attachment-full\" alt=\"\" srcset=\"https:\/\/visitnavarra.info\/visitnavarra\/wp-content\/uploads\/2021\/10\/naturaleza-250.jpg 250w, https:\/\/visitnavarra.info\/visitnavarra\/wp-content\/uploads\/2021\/10\/naturaleza-250-150x150.jpg 150w, https:\/\/visitnavarra.info\/visitnavarra\/wp-content\/uploads\/2021\/10\/naturaleza-250-80x80.jpg 80w\" sizes=\"auto, (max-width: 250px) 100vw, 250px\" \/><\/div><a href=\"\/visitnavarra\/parapente-el-placer-de-volar\" target=\"_self\" class=\"button custom full \" style=\"background-color: #d65eb4; border-color: #d65eb4;border-radius: 2px;\">PARAPENTE: EL PLACER DE VOLAR<\/a>[\/vc_column][vc_column width=&#8221;1\/3&#8243;]<div class=\"single_image wpb_content_element align-center    \" data-animation=\"none\" data-delay=\"0\"><img loading=\"lazy\" decoding=\"async\" width=\"250\" height=\"250\" src=\"https:\/\/visitnavarra.info\/visitnavarra\/wp-content\/uploads\/2021\/10\/naturaleza-paseo-250.jpg\" class=\"attachment-full\" alt=\"\" srcset=\"https:\/\/visitnavarra.info\/visitnavarra\/wp-content\/uploads\/2021\/10\/naturaleza-paseo-250.jpg 250w, https:\/\/visitnavarra.info\/visitnavarra\/wp-content\/uploads\/2021\/10\/naturaleza-paseo-250-150x150.jpg 150w, https:\/\/visitnavarra.info\/visitnavarra\/wp-content\/uploads\/2021\/10\/naturaleza-paseo-250-80x80.jpg 80w\" sizes=\"auto, (max-width: 250px) 100vw, 250px\" \/><\/div><a href=\"\/visitnavarra\/paseo-al-canon-del-rio-iranzu\" target=\"_self\" class=\"button custom full \" style=\"background-color: #d65eb4; border-color: #d65eb4;border-radius: 2px;\">PASEO AL CA\u00d1\u00d3N DEL RIO IRANZU<\/a>[\/vc_column][vc_column width=&#8221;1\/3&#8243;][\/vc_column][\/vc_row]<\/p>\n","protected":false},"excerpt":{"rendered":"<p>[vc_row][vc_column width=&#8221;1\/3&#8243;][\/vc_column][vc_column width=&#8221;1\/3&#8243;][\/vc_column][vc_column width=&#8221;1\/3&#8243;][\/vc_column][\/vc_row]<\/p>\n","protected":false},"author":1,"featured_media":0,"parent":0,"menu_order":0,"comment_status":"closed","ping_status":"closed","template":"","meta":{"footnotes":""},"class_list":["post-268","page","type-page","status-publish","hentry"],"yoast_head":"<!-- This site is optimized with the Yoast SEO plugin v23.5 - https:\/\/yoast.com\/wordpress\/plugins\/seo\/ -->\n<title>EXPERIENCIAS DE NATURALEZA - NATURALEZA - VisitNavarra<\/title>\n<meta name=\"description\" content=\"Descubre la experiencias de naturaleza que Navarra te ofrece, el Valle de Bazt\u00e1n, el Se\u00f1or\u00edo de Bertiz, el Mirador del Ca\u00f1\u00f3n de Arbay\u00fan\" \/>\n<meta name=\"robots\" content=\"index, follow, max-snippet:-1, max-image-preview:large, max-video-preview:-1\" \/>\n<link rel=\"canonical\" href=\"https:\/\/visitnavarra.info\/visitnavarra\/naturaleza\/\" \/>\n<meta property=\"og:locale\" content=\"es_ES\" \/>\n<meta property=\"og:type\" content=\"article\" \/>\n<meta property=\"og:title\" content=\"EXPERIENCIAS DE NATURALEZA - NATURALEZA - VisitNavarra\" \/>\n<meta property=\"og:description\" content=\"Descubre la experiencias de naturaleza que Navarra te ofrece, el Valle de Bazt\u00e1n, el Se\u00f1or\u00edo de Bertiz, el Mirador del Ca\u00f1\u00f3n de Arbay\u00fan\" \/>\n<meta property=\"og:url\" content=\"https:\/\/visitnavarra.info\/visitnavarra\/naturaleza\/\" \/>\n<meta property=\"og:site_name\" content=\"VisitNavarra\" \/>\n<meta property=\"article:modified_time\" content=\"2021-11-03T11:59:18+00:00\" \/>\n<meta name=\"twitter:card\" content=\"summary_large_image\" \/>\n<meta name=\"twitter:label1\" content=\"Tiempo de lectura\" \/>\n\t<meta name=\"twitter:data1\" content=\"1 minuto\" \/>\n<script type=\"application\/ld+json\" class=\"yoast-schema-graph\">{\"@context\":\"https:\/\/schema.org\",\"@graph\":[{\"@type\":\"WebPage\",\"@id\":\"https:\/\/visitnavarra.info\/visitnavarra\/naturaleza\/\",\"url\":\"https:\/\/visitnavarra.info\/visitnavarra\/naturaleza\/\",\"name\":\"EXPERIENCIAS DE NATURALEZA - NATURALEZA - VisitNavarra\",\"isPartOf\":{\"@id\":\"https:\/\/visitnavarra.info\/visitnavarra\/#website\"},\"datePublished\":\"2019-01-16T18:31:13+00:00\",\"dateModified\":\"2021-11-03T11:59:18+00:00\",\"description\":\"Descubre la experiencias de naturaleza que Navarra te ofrece, el Valle de Bazt\u00e1n, el Se\u00f1or\u00edo de Bertiz, el Mirador del Ca\u00f1\u00f3n de Arbay\u00fan\",\"breadcrumb\":{\"@id\":\"https:\/\/visitnavarra.info\/visitnavarra\/naturaleza\/#breadcrumb\"},\"inLanguage\":\"es\",\"potentialAction\":[{\"@type\":\"ReadAction\",\"target\":[\"https:\/\/visitnavarra.info\/visitnavarra\/naturaleza\/\"]}]},{\"@type\":\"BreadcrumbList\",\"@id\":\"https:\/\/visitnavarra.info\/visitnavarra\/naturaleza\/#breadcrumb\",\"itemListElement\":[{\"@type\":\"ListItem\",\"position\":1,\"name\":\"Portada\",\"item\":\"https:\/\/visitnavarra.info\/visitnavarra\/\"},{\"@type\":\"ListItem\",\"position\":2,\"name\":\"NATURALEZA\"}]},{\"@type\":\"WebSite\",\"@id\":\"https:\/\/visitnavarra.info\/visitnavarra\/#website\",\"url\":\"https:\/\/visitnavarra.info\/visitnavarra\/\",\"name\":\"VisitNavarra\",\"description\":\"Alojamiento y experiencias tur\u00edsticas en Navarra; qu\u00e9 visitar en Navarra; comer en Navarra\",\"potentialAction\":[{\"@type\":\"SearchAction\",\"target\":{\"@type\":\"EntryPoint\",\"urlTemplate\":\"https:\/\/visitnavarra.info\/visitnavarra\/?s={search_term_string}\"},\"query-input\":{\"@type\":\"PropertyValueSpecification\",\"valueRequired\":true,\"valueName\":\"search_term_string\"}}],\"inLanguage\":\"es\"}]}<\/script>\n<!-- \/ Yoast SEO plugin. -->","yoast_head_json":{"title":"EXPERIENCIAS DE NATURALEZA - NATURALEZA - VisitNavarra","description":"Descubre la experiencias de naturaleza que Navarra te ofrece, el Valle de Bazt\u00e1n, el Se\u00f1or\u00edo de Bertiz, el Mirador del Ca\u00f1\u00f3n de Arbay\u00fan","robots":{"index":"index","follow":"follow","max-snippet":"max-snippet:-1","max-image-preview":"max-image-preview:large","max-video-preview":"max-video-preview:-1"},"canonical":"https:\/\/visitnavarra.info\/visitnavarra\/naturaleza\/","og_locale":"es_ES","og_type":"article","og_title":"EXPERIENCIAS DE NATURALEZA - NATURALEZA - VisitNavarra","og_description":"Descubre la experiencias de naturaleza que Navarra te ofrece, el Valle de Bazt\u00e1n, el Se\u00f1or\u00edo de Bertiz, el Mirador del Ca\u00f1\u00f3n de Arbay\u00fan","og_url":"https:\/\/visitnavarra.info\/visitnavarra\/naturaleza\/","og_site_name":"VisitNavarra","article_modified_time":"2021-11-03T11:59:18+00:00","twitter_card":"summary_large_image","twitter_misc":{"Tiempo de lectura":"1 minuto"},"schema":{"@context":"https:\/\/schema.org","@graph":[{"@type":"WebPage","@id":"https:\/\/visitnavarra.info\/visitnavarra\/naturaleza\/","url":"https:\/\/visitnavarra.info\/visitnavarra\/naturaleza\/","name":"EXPERIENCIAS DE NATURALEZA - NATURALEZA - VisitNavarra","isPartOf":{"@id":"https:\/\/visitnavarra.info\/visitnavarra\/#website"},"datePublished":"2019-01-16T18:31:13+00:00","dateModified":"2021-11-03T11:59:18+00:00","description":"Descubre la experiencias de naturaleza que Navarra te ofrece, el Valle de Bazt\u00e1n, el Se\u00f1or\u00edo de Bertiz, el Mirador del Ca\u00f1\u00f3n de Arbay\u00fan","breadcrumb":{"@id":"https:\/\/visitnavarra.info\/visitnavarra\/naturaleza\/#breadcrumb"},"inLanguage":"es","potentialAction":[{"@type":"ReadAction","target":["https:\/\/visitnavarra.info\/visitnavarra\/naturaleza\/"]}]},{"@type":"BreadcrumbList","@id":"https:\/\/visitnavarra.info\/visitnavarra\/naturaleza\/#breadcrumb","itemListElement":[{"@type":"ListItem","position":1,"name":"Portada","item":"https:\/\/visitnavarra.info\/visitnavarra\/"},{"@type":"ListItem","position":2,"name":"NATURALEZA"}]},{"@type":"WebSite","@id":"https:\/\/visitnavarra.info\/visitnavarra\/#website","url":"https:\/\/visitnavarra.info\/visitnavarra\/","name":"VisitNavarra","description":"Alojamiento y experiencias tur\u00edsticas en Navarra; qu\u00e9 visitar en Navarra; comer en Navarra","potentialAction":[{"@type":"SearchAction","target":{"@type":"EntryPoint","urlTemplate":"https:\/\/visitnavarra.info\/visitnavarra\/?s={search_term_string}"},"query-input":{"@type":"PropertyValueSpecification","valueRequired":true,"valueName":"search_term_string"}}],"inLanguage":"es"}]}},"_links":{"self":[{"href":"https:\/\/visitnavarra.info\/visitnavarra\/wp-json\/wp\/v2\/pages\/268","targetHints":{"allow":["GET"]}}],"collection":[{"href":"https:\/\/visitnavarra.info\/visitnavarra\/wp-json\/wp\/v2\/pages"}],"about":[{"href":"https:\/\/visitnavarra.info\/visitnavarra\/wp-json\/wp\/v2\/types\/page"}],"author":[{"embeddable":true,"href":"https:\/\/visitnavarra.info\/visitnavarra\/wp-json\/wp\/v2\/users\/1"}],"replies":[{"embeddable":true,"href":"https:\/\/visitnavarra.info\/visitnavarra\/wp-json\/wp\/v2\/comments?post=268"}],"version-history":[{"count":13,"href":"https:\/\/visitnavarra.info\/visitnavarra\/wp-json\/wp\/v2\/pages\/268\/revisions"}],"predecessor-version":[{"id":11504,"href":"https:\/\/visitnavarra.info\/visitnavarra\/wp-json\/wp\/v2\/pages\/268\/revisions\/11504"}],"wp:attachment":[{"href":"https:\/\/visitnavarra.info\/visitnavarra\/wp-json\/wp\/v2\/media?parent=268"}],"curies":[{"name":"wp","href":"https:\/\/api.w.org\/{rel}","templated":true}]}}