{"id":279,"date":"2019-01-16T18:50:44","date_gmt":"2019-01-16T18:50:44","guid":{"rendered":"http:\/\/desarrollo.visitnavarra.info\/?page_id=279"},"modified":"2020-01-03T08:11:00","modified_gmt":"2020-01-03T08:11:00","slug":"camino-de-santiago-via-francesa","status":"publish","type":"page","link":"https:\/\/visitnavarra.info\/visitnavarra\/camino-de-santiago-via-francesa\/","title":{"rendered":"CAMINO DE SANTIAGO \u00b7 V\u00cdA FRANCESA"},"content":{"rendered":"<p>[vc_row][vc_column width=&#8221;1\/1&#8243;][vc_column_text]<strong>PUEBLOS MEDIEVALES CON MUCHA HISTORIA<\/strong><br \/>\n<img loading=\"lazy\" decoding=\"async\" class=\"alignleft size-full wp-image-1302\" src=\"https:\/\/visitnavarra.info\/visitnavarra\/wp-content\/uploads\/2019\/01\/hagoos-camino-santiago-roncesvalles.jpg\" alt=\"\" width=\"250\" height=\"250\" srcset=\"https:\/\/visitnavarra.info\/visitnavarra\/wp-content\/uploads\/2019\/01\/hagoos-camino-santiago-roncesvalles.jpg 250w, https:\/\/visitnavarra.info\/visitnavarra\/wp-content\/uploads\/2019\/01\/hagoos-camino-santiago-roncesvalles-150x150.jpg 150w, https:\/\/visitnavarra.info\/visitnavarra\/wp-content\/uploads\/2019\/01\/hagoos-camino-santiago-roncesvalles-80x80.jpg 80w\" sizes=\"auto, (max-width: 250px) 100vw, 250px\" \/>Visitaremos el complejo monumental de Orreaga\/Roncesvalles, construida a finales del siglo XII y principios del XIII y en cuyo conjunto arquitect\u00f3nico sobresale la iglesia colegial de Santa Mar\u00eda con su bella talla g\u00f3tica en madera de la virgen y su claustro del siglo XVII, la capilla del Sancti Spiritus o silo de Carlomagno del siglo XII o la iglesia de Santiago.<\/p>\n<p>Tras la visita pararemos en el ALTO DE IBA\u00d1ETA. (Valcarlos) Una parada en este punto es obligada, no s\u00f3lo por las resonancias hist\u00f3ricas del lugar sino tambi\u00e9n por la espl\u00e9ndida panor\u00e1mica que se divisa. En cuya cima se encuentra la nueva ermita de San Salvador y el monumento a Rold\u00e1n, un monolito conmemorativo de la batalla de <img loading=\"lazy\" decoding=\"async\" class=\"alignleft size-full wp-image-1293\" src=\"https:\/\/visitnavarra.info\/visitnavarra\/wp-content\/uploads\/2019\/01\/hagoos-camino-santiago-valcarlos.jpg\" alt=\"\" width=\"250\" height=\"250\" srcset=\"https:\/\/visitnavarra.info\/visitnavarra\/wp-content\/uploads\/2019\/01\/hagoos-camino-santiago-valcarlos.jpg 250w, https:\/\/visitnavarra.info\/visitnavarra\/wp-content\/uploads\/2019\/01\/hagoos-camino-santiago-valcarlos-150x150.jpg 150w, https:\/\/visitnavarra.info\/visitnavarra\/wp-content\/uploads\/2019\/01\/hagoos-camino-santiago-valcarlos-80x80.jpg 80w\" sizes=\"auto, (max-width: 250px) 100vw, 250px\" \/>Roncesvalles, en la que las tropas de Carlomagno fueron derrotadas por los vascones en el a\u00f1o 778.<\/p>\n<p>Tras la comida en un restaurante tradicional, conoceremos Saint Jean de Pie de Port, el \u00faltimo pueblo franc\u00e9s por el que pasa el Camino de Santiago antes de entrar en la pen\u00ednsula. Es la capital de la Baja Navarra, regi\u00f3n que perteneci\u00f3 a Navarra hasta 1527.<\/p>\n<p><strong>PRECIO<\/strong>: consultar<\/p>\n<p>&nbsp;<\/p>\n<p>[\/vc_column_text][\/vc_column][\/vc_row][vc_row][vc_column width=&#8221;1\/2&#8243;]<div class=\"single_image wpb_content_element align-right    \" data-animation=\"none\" data-delay=\"0\"><img loading=\"lazy\" decoding=\"async\" width=\"200\" height=\"214\" src=\"https:\/\/visitnavarra.info\/visitnavarra\/wp-content\/uploads\/2019\/01\/hagoos.jpg\" class=\"attachment-full\" alt=\"\" \/><\/div>[\/vc_column][vc_column width=&#8221;1\/2&#8243;][vc_column_text]<strong>CONTACTO \/ RESERVAS<\/strong><br \/>\nEntidad \/ empresa: HAGOOS DMC &amp; CONSULTOR\u00cdA TUR\u00cdSTICA<br \/>\nN\u00ba Registro Turismo: C.I.E 2282<br \/>\nDirecci\u00f3n: c\/ And\u00eda n\u00ba 2, Piso 2\u00ba, Of 2 &#8211; 20004 San Sebasti\u00e1n (Guip\u00fazcoa)<br \/>\nTel\u00e9fono: (+34) 943 226 466 | (+34) 625 014 604<br \/>\nMail: <a href=\"mailto:info@hagoos.com\">info@hagoos.com<\/a><br \/>\nWeb: <a href=\"http:\/\/www.hagoos.com\">www.hagoos.com<\/a>[\/vc_column_text][\/vc_column][\/vc_row]<\/p>\n","protected":false},"excerpt":{"rendered":"<p>[vc_row][vc_column width=&#8221;1\/1&#8243;][vc_column_text]PUEBLOS MEDIEVALES CON MUCHA HISTORIA Visitaremos el complejo monumental de Orreaga\/Roncesvalles, construida a finales del siglo XII y principios del XIII y en cuyo conjunto arquitect\u00f3nico sobresale la iglesia colegial de Santa Mar\u00eda con su bella talla g\u00f3tica en madera de la virgen y su claustro del siglo XVII, la capilla del Sancti Spiritus o silo de Carlomagno del siglo XII o la iglesia de Santiago. Tras la visita pararemos en el ALTO DE IBA\u00d1ETA. (Valcarlos) Una parada en este punto es obligada, no s\u00f3lo por las resonancias hist\u00f3ricas del lugar sino tambi\u00e9n por la espl\u00e9ndida panor\u00e1mica que se divisa. En cuya cima se encuentra la nueva ermita de San Salvador y el monumento a Rold\u00e1n, un monolito conmemorativo de la batalla de Roncesvalles, en la que las tropas de Carlomagno fueron derrotadas por los vascones en el a\u00f1o 778. Tras la comida en un restaurante tradicional, conoceremos Saint Jean de Pie de Port, el \u00faltimo pueblo franc\u00e9s por el que pasa el Camino de Santiago antes de entrar en la pen\u00ednsula. Es la capital de la Baja Navarra, regi\u00f3n que perteneci\u00f3 a Navarra hasta 1527. PRECIO: consultar &nbsp; [\/vc_column_text][\/vc_column][\/vc_row][vc_row][vc_column width=&#8221;1\/2&#8243;][\/vc_column][vc_column width=&#8221;1\/2&#8243;][vc_column_text]CONTACTO \/ RESERVAS Entidad \/ empresa: HAGOOS DMC [&hellip;]<\/p>\n","protected":false},"author":1,"featured_media":0,"parent":0,"menu_order":0,"comment_status":"closed","ping_status":"closed","template":"","meta":{"footnotes":""},"class_list":["post-279","page","type-page","status-publish","hentry"],"yoast_head":"<!-- This site is optimized with the Yoast SEO plugin v23.5 - https:\/\/yoast.com\/wordpress\/plugins\/seo\/ -->\n<title>CAMINO DE SANTIAGO VIA FRANCESA- VisitNavarra<\/title>\n<meta name=\"description\" content=\"En el Camino de Santiago podemos visitar pueblos medievales con mucha historia, el complejo monumental Orreaga \/ Roncesvalles, etc.\" \/>\n<meta name=\"robots\" content=\"index, follow, max-snippet:-1, max-image-preview:large, max-video-preview:-1\" \/>\n<link rel=\"canonical\" href=\"https:\/\/visitnavarra.info\/visitnavarra\/camino-de-santiago-via-francesa\/\" \/>\n<meta property=\"og:locale\" content=\"es_ES\" \/>\n<meta property=\"og:type\" content=\"article\" \/>\n<meta property=\"og:title\" content=\"CAMINO DE SANTIAGO VIA FRANCESA- VisitNavarra\" \/>\n<meta property=\"og:description\" content=\"En el Camino de Santiago podemos visitar pueblos medievales con mucha historia, el complejo monumental Orreaga \/ Roncesvalles, etc.\" \/>\n<meta property=\"og:url\" content=\"https:\/\/visitnavarra.info\/visitnavarra\/camino-de-santiago-via-francesa\/\" \/>\n<meta property=\"og:site_name\" content=\"VisitNavarra\" \/>\n<meta property=\"article:modified_time\" content=\"2020-01-03T08:11:00+00:00\" \/>\n<meta property=\"og:image\" content=\"https:\/\/visitnavarra.info\/visitnavarra\/wp-content\/uploads\/2019\/01\/hagoos-camino-santiago-roncesvalles.jpg\" \/>\n<meta name=\"twitter:card\" content=\"summary_large_image\" \/>\n<meta name=\"twitter:label1\" content=\"Tiempo de lectura\" \/>\n\t<meta name=\"twitter:data1\" content=\"1 minuto\" \/>\n<script type=\"application\/ld+json\" class=\"yoast-schema-graph\">{\"@context\":\"https:\/\/schema.org\",\"@graph\":[{\"@type\":\"WebPage\",\"@id\":\"https:\/\/visitnavarra.info\/visitnavarra\/camino-de-santiago-via-francesa\/\",\"url\":\"https:\/\/visitnavarra.info\/visitnavarra\/camino-de-santiago-via-francesa\/\",\"name\":\"CAMINO DE SANTIAGO VIA FRANCESA- VisitNavarra\",\"isPartOf\":{\"@id\":\"https:\/\/visitnavarra.info\/visitnavarra\/#website\"},\"primaryImageOfPage\":{\"@id\":\"https:\/\/visitnavarra.info\/visitnavarra\/camino-de-santiago-via-francesa\/#primaryimage\"},\"image\":{\"@id\":\"https:\/\/visitnavarra.info\/visitnavarra\/camino-de-santiago-via-francesa\/#primaryimage\"},\"thumbnailUrl\":\"https:\/\/visitnavarra.info\/visitnavarra\/wp-content\/uploads\/2019\/01\/hagoos-camino-santiago-roncesvalles.jpg\",\"datePublished\":\"2019-01-16T18:50:44+00:00\",\"dateModified\":\"2020-01-03T08:11:00+00:00\",\"description\":\"En el Camino de Santiago podemos visitar pueblos medievales con mucha historia, el complejo monumental Orreaga \/ Roncesvalles, etc.\",\"breadcrumb\":{\"@id\":\"https:\/\/visitnavarra.info\/visitnavarra\/camino-de-santiago-via-francesa\/#breadcrumb\"},\"inLanguage\":\"es\",\"potentialAction\":[{\"@type\":\"ReadAction\",\"target\":[\"https:\/\/visitnavarra.info\/visitnavarra\/camino-de-santiago-via-francesa\/\"]}]},{\"@type\":\"ImageObject\",\"inLanguage\":\"es\",\"@id\":\"https:\/\/visitnavarra.info\/visitnavarra\/camino-de-santiago-via-francesa\/#primaryimage\",\"url\":\"https:\/\/visitnavarra.info\/visitnavarra\/wp-content\/uploads\/2019\/01\/hagoos-camino-santiago-roncesvalles.jpg\",\"contentUrl\":\"https:\/\/visitnavarra.info\/visitnavarra\/wp-content\/uploads\/2019\/01\/hagoos-camino-santiago-roncesvalles.jpg\"},{\"@type\":\"BreadcrumbList\",\"@id\":\"https:\/\/visitnavarra.info\/visitnavarra\/camino-de-santiago-via-francesa\/#breadcrumb\",\"itemListElement\":[{\"@type\":\"ListItem\",\"position\":1,\"name\":\"Portada\",\"item\":\"https:\/\/visitnavarra.info\/visitnavarra\/\"},{\"@type\":\"ListItem\",\"position\":2,\"name\":\"CAMINO DE SANTIAGO \u00b7 V\u00cdA FRANCESA\"}]},{\"@type\":\"WebSite\",\"@id\":\"https:\/\/visitnavarra.info\/visitnavarra\/#website\",\"url\":\"https:\/\/visitnavarra.info\/visitnavarra\/\",\"name\":\"VisitNavarra\",\"description\":\"Alojamiento y experiencias tur\u00edsticas en Navarra; qu\u00e9 visitar en Navarra; comer en Navarra\",\"potentialAction\":[{\"@type\":\"SearchAction\",\"target\":{\"@type\":\"EntryPoint\",\"urlTemplate\":\"https:\/\/visitnavarra.info\/visitnavarra\/?s={search_term_string}\"},\"query-input\":{\"@type\":\"PropertyValueSpecification\",\"valueRequired\":true,\"valueName\":\"search_term_string\"}}],\"inLanguage\":\"es\"}]}<\/script>\n<!-- \/ Yoast SEO plugin. -->","yoast_head_json":{"title":"CAMINO DE SANTIAGO VIA FRANCESA- VisitNavarra","description":"En el Camino de Santiago podemos visitar pueblos medievales con mucha historia, el complejo monumental Orreaga \/ Roncesvalles, etc.","robots":{"index":"index","follow":"follow","max-snippet":"max-snippet:-1","max-image-preview":"max-image-preview:large","max-video-preview":"max-video-preview:-1"},"canonical":"https:\/\/visitnavarra.info\/visitnavarra\/camino-de-santiago-via-francesa\/","og_locale":"es_ES","og_type":"article","og_title":"CAMINO DE SANTIAGO VIA FRANCESA- VisitNavarra","og_description":"En el Camino de Santiago podemos visitar pueblos medievales con mucha historia, el complejo monumental Orreaga \/ Roncesvalles, etc.","og_url":"https:\/\/visitnavarra.info\/visitnavarra\/camino-de-santiago-via-francesa\/","og_site_name":"VisitNavarra","article_modified_time":"2020-01-03T08:11:00+00:00","og_image":[{"url":"https:\/\/visitnavarra.info\/visitnavarra\/wp-content\/uploads\/2019\/01\/hagoos-camino-santiago-roncesvalles.jpg"}],"twitter_card":"summary_large_image","twitter_misc":{"Tiempo de lectura":"1 minuto"},"schema":{"@context":"https:\/\/schema.org","@graph":[{"@type":"WebPage","@id":"https:\/\/visitnavarra.info\/visitnavarra\/camino-de-santiago-via-francesa\/","url":"https:\/\/visitnavarra.info\/visitnavarra\/camino-de-santiago-via-francesa\/","name":"CAMINO DE SANTIAGO VIA FRANCESA- VisitNavarra","isPartOf":{"@id":"https:\/\/visitnavarra.info\/visitnavarra\/#website"},"primaryImageOfPage":{"@id":"https:\/\/visitnavarra.info\/visitnavarra\/camino-de-santiago-via-francesa\/#primaryimage"},"image":{"@id":"https:\/\/visitnavarra.info\/visitnavarra\/camino-de-santiago-via-francesa\/#primaryimage"},"thumbnailUrl":"https:\/\/visitnavarra.info\/visitnavarra\/wp-content\/uploads\/2019\/01\/hagoos-camino-santiago-roncesvalles.jpg","datePublished":"2019-01-16T18:50:44+00:00","dateModified":"2020-01-03T08:11:00+00:00","description":"En el Camino de Santiago podemos visitar pueblos medievales con mucha historia, el complejo monumental Orreaga \/ Roncesvalles, etc.","breadcrumb":{"@id":"https:\/\/visitnavarra.info\/visitnavarra\/camino-de-santiago-via-francesa\/#breadcrumb"},"inLanguage":"es","potentialAction":[{"@type":"ReadAction","target":["https:\/\/visitnavarra.info\/visitnavarra\/camino-de-santiago-via-francesa\/"]}]},{"@type":"ImageObject","inLanguage":"es","@id":"https:\/\/visitnavarra.info\/visitnavarra\/camino-de-santiago-via-francesa\/#primaryimage","url":"https:\/\/visitnavarra.info\/visitnavarra\/wp-content\/uploads\/2019\/01\/hagoos-camino-santiago-roncesvalles.jpg","contentUrl":"https:\/\/visitnavarra.info\/visitnavarra\/wp-content\/uploads\/2019\/01\/hagoos-camino-santiago-roncesvalles.jpg"},{"@type":"BreadcrumbList","@id":"https:\/\/visitnavarra.info\/visitnavarra\/camino-de-santiago-via-francesa\/#breadcrumb","itemListElement":[{"@type":"ListItem","position":1,"name":"Portada","item":"https:\/\/visitnavarra.info\/visitnavarra\/"},{"@type":"ListItem","position":2,"name":"CAMINO DE SANTIAGO \u00b7 V\u00cdA FRANCESA"}]},{"@type":"WebSite","@id":"https:\/\/visitnavarra.info\/visitnavarra\/#website","url":"https:\/\/visitnavarra.info\/visitnavarra\/","name":"VisitNavarra","description":"Alojamiento y experiencias tur\u00edsticas en Navarra; qu\u00e9 visitar en Navarra; comer en Navarra","potentialAction":[{"@type":"SearchAction","target":{"@type":"EntryPoint","urlTemplate":"https:\/\/visitnavarra.info\/visitnavarra\/?s={search_term_string}"},"query-input":{"@type":"PropertyValueSpecification","valueRequired":true,"valueName":"search_term_string"}}],"inLanguage":"es"}]}},"_links":{"self":[{"href":"https:\/\/visitnavarra.info\/visitnavarra\/wp-json\/wp\/v2\/pages\/279","targetHints":{"allow":["GET"]}}],"collection":[{"href":"https:\/\/visitnavarra.info\/visitnavarra\/wp-json\/wp\/v2\/pages"}],"about":[{"href":"https:\/\/visitnavarra.info\/visitnavarra\/wp-json\/wp\/v2\/types\/page"}],"author":[{"embeddable":true,"href":"https:\/\/visitnavarra.info\/visitnavarra\/wp-json\/wp\/v2\/users\/1"}],"replies":[{"embeddable":true,"href":"https:\/\/visitnavarra.info\/visitnavarra\/wp-json\/wp\/v2\/comments?post=279"}],"version-history":[{"count":5,"href":"https:\/\/visitnavarra.info\/visitnavarra\/wp-json\/wp\/v2\/pages\/279\/revisions"}],"predecessor-version":[{"id":5639,"href":"https:\/\/visitnavarra.info\/visitnavarra\/wp-json\/wp\/v2\/pages\/279\/revisions\/5639"}],"wp:attachment":[{"href":"https:\/\/visitnavarra.info\/visitnavarra\/wp-json\/wp\/v2\/media?parent=279"}],"curies":[{"name":"wp","href":"https:\/\/api.w.org\/{rel}","templated":true}]}}