{"id":3419,"date":"2019-05-13T07:52:38","date_gmt":"2019-05-13T07:52:38","guid":{"rendered":"https:\/\/visitnavarra.info\/visitnavarra\/?page_id=3419"},"modified":"2022-01-18T08:46:05","modified_gmt":"2022-01-18T08:46:05","slug":"bodegas-pago-de-larrainzar-visita-vinedo-bodega-cata-guiada","status":"publish","type":"page","link":"https:\/\/visitnavarra.info\/visitnavarra\/bodegas-pago-de-larrainzar-visita-vinedo-bodega-cata-guiada\/","title":{"rendered":"BODEGAS PAGO DE LARRAINZAR: VISITA VI\u00d1EDO Y BODEGA Y CATA GUIADA"},"content":{"rendered":"<p>[vc_row][vc_column width=&#8221;1\/1&#8243;][vc_column_text]<img loading=\"lazy\" decoding=\"async\" class=\"size-full wp-image-3396 alignleft\" src=\"https:\/\/visitnavarra.info\/visitnavarra\/wp-content\/uploads\/2019\/05\/pago-larrainzar-250-visita-vi\u00f1edo-bodega-cata-guiada.jpg\" alt=\"\" width=\"250\" height=\"250\" srcset=\"https:\/\/visitnavarra.info\/visitnavarra\/wp-content\/uploads\/2019\/05\/pago-larrainzar-250-visita-vi\u00f1edo-bodega-cata-guiada.jpg 250w, https:\/\/visitnavarra.info\/visitnavarra\/wp-content\/uploads\/2019\/05\/pago-larrainzar-250-visita-vi\u00f1edo-bodega-cata-guiada-150x150.jpg 150w, https:\/\/visitnavarra.info\/visitnavarra\/wp-content\/uploads\/2019\/05\/pago-larrainzar-250-visita-vi\u00f1edo-bodega-cata-guiada-80x80.jpg 80w\" sizes=\"auto, (max-width: 250px) 100vw, 250px\" \/>Disfrute de una experiencia que combina naturaleza, tradici\u00f3n y los mejores vinos de Pago de Larrainzar, una peque\u00f1a bodega boutique, reconocida internacionalmente por la calidad de sus vinos tintos.<\/p>\n<p>La visita comienza en el Jard\u00edn Experimental, donde se muestran 24 formas diferentes de conducci\u00f3n y poda de la vi\u00f1a y aprender\u00e1 los tratamientos y trabajos que realizan al vi\u00f1edo en cada estaci\u00f3n del a\u00f1o. Una manera perfecta de aproximar al visitante al mundo de la viticultura.\u00a0<strong>Algo realmente \u00fanico en Espa\u00f1a.<\/strong><\/p>\n<p>Despu\u00e9s podr\u00e1n disfrutar de un paseo por el vi\u00f1edo, de 17 hect\u00e1reas, con una fant\u00e1stica vista del Monasterio de Irache.\u00a0Ya en la bodega, de estilo moderno y obra de Fernando Red\u00f3n, prestigioso arquitecto navarro, conocer\u00e1n todas las fases de la elaboraci\u00f3n de sus vinos. Una forma amena y did\u00e1ctica de conocer el mundo de la enolog\u00eda, guiados por personal cualificado de Pago de Larrainzar.<\/p>\n<p>La visita termina en la sala social donde, con el sosiego que exige un buen vino, disfrutar\u00e1n de una cata comentada acompa\u00f1ada de una degustaci\u00f3n de queso Idiaz\u00e1bal de la zona.<\/p>\n<p>Puede elegir diferentes modalidades de cata:<\/p>\n<h3>Cata B\u00e1sica:<\/h3>\n<p style=\"padding-left: 40px;\">Degustaci\u00f3n comentada de 3 vinos tintos diferentes, con distintas variedades y tipos de crianza. <strong>Precio por persona: 15 euros.<\/strong><\/p>\n<h3>Cata con aperitivo:<\/h3>\n<p style=\"padding-left: 40px;\">Degustaci\u00f3n comentada de 3 vinos tintos diferentes, con distintas variedades y tipos de crianza. La cata se acompa\u00f1ar\u00e1 de un picoteo fr\u00edo, con jam\u00f3n, chorizo, salchich\u00f3n, lomo y queso Idiazabal. <strong>Precio por persona 21 \u20ac<\/strong><\/p>\n<h3>Cata Premium:<\/h3>\n<p style=\"padding-left: 40px;\">Degustaci\u00f3n comentada de tres vinos tintos de nuestra gama m\u00e1s exclusiva y reconocida, Pago de Larrainzar Reserva, Pago de Larrainzar Cabernet Sauvignon y Pago de Larrainzar Merlot, todos de producciones muy limitadas. <strong>Precio por persona 35 \u20ac.<\/strong><\/p>\n<p>Pago de Larrainzar ofrece vivir una entretenida experiencia a todos los que desean saber m\u00e1s sobre el mundo del vino, para ver, oler y saborear este maravilloso entorno.<\/p>\n<p><strong>N\u00ba m\u00ednimo asistentes: 2 personas<\/strong><\/p>\n<p>[\/vc_column_text][\/vc_column][\/vc_row][vc_row][vc_column width=&#8221;1\/2&#8243;]<div class=\"single_image wpb_content_element align-right    \" data-animation=\"none\" data-delay=\"0\"><img loading=\"lazy\" decoding=\"async\" width=\"200\" height=\"73\" src=\"https:\/\/visitnavarra.info\/visitnavarra\/wp-content\/uploads\/2019\/05\/pago_larrainzar_logo.jpg\" class=\"attachment-full\" alt=\"\" \/><\/div>[\/vc_column][vc_column width=&#8221;1\/2&#8243;][vc_column_text]<strong>CONTACTO \/ RESERVAS<\/strong><br \/>\nEntidad \/ empresa: BODEGAS PAGO DE LARRAINZAR<br \/>\nContacto: Marian San Mart\u00edn<br \/>\nTel\u00e9fono: (+34) 609 606 188 | (+34) 948 550 421<br \/>\nDirecci\u00f3n: Camino de la Corona, s\/n. 31240 Ayegui<br \/>\nMail: <a href=\"mailto:info@pagodelarrainzar.com\">info@pagodelarrainzar.com<\/a><br \/>\nWeb: <a href=\"http:\/\/www.pagodelarrainzar.com\">www.pagodelarrainzar.com<\/a>[\/vc_column_text][\/vc_column][\/vc_row]<\/p>\n","protected":false},"excerpt":{"rendered":"<p>[vc_row][vc_column width=&#8221;1\/1&#8243;][vc_column_text]Disfrute de una experiencia que combina naturaleza, tradici\u00f3n y los mejores vinos de Pago de Larrainzar, una peque\u00f1a bodega boutique, reconocida internacionalmente por la calidad de sus vinos tintos. La visita comienza en el Jard\u00edn Experimental, donde se muestran 24 formas diferentes de conducci\u00f3n y poda de la vi\u00f1a y aprender\u00e1 los tratamientos y trabajos que realizan al vi\u00f1edo en cada estaci\u00f3n del a\u00f1o. Una manera perfecta de aproximar al visitante al mundo de la viticultura.\u00a0Algo realmente \u00fanico en Espa\u00f1a. Despu\u00e9s podr\u00e1n disfrutar de un paseo por el vi\u00f1edo, de 17 hect\u00e1reas, con una fant\u00e1stica vista del Monasterio de Irache.\u00a0Ya en la bodega, de estilo moderno y obra de Fernando Red\u00f3n, prestigioso arquitecto navarro, conocer\u00e1n todas las fases de la elaboraci\u00f3n de sus vinos. Una forma amena y did\u00e1ctica de conocer el mundo de la enolog\u00eda, guiados por personal cualificado de Pago de Larrainzar. La visita termina en la sala social donde, con el sosiego que exige un buen vino, disfrutar\u00e1n de una cata comentada acompa\u00f1ada de una degustaci\u00f3n de queso Idiaz\u00e1bal de la zona. Puede elegir diferentes modalidades de cata: Cata B\u00e1sica: Degustaci\u00f3n comentada de 3 vinos tintos diferentes, con distintas variedades y tipos de crianza. Precio por [&hellip;]<\/p>\n","protected":false},"author":1,"featured_media":0,"parent":0,"menu_order":0,"comment_status":"closed","ping_status":"closed","template":"","meta":{"footnotes":""},"class_list":["post-3419","page","type-page","status-publish","hentry"],"yoast_head":"<!-- This site is optimized with the Yoast SEO plugin v23.5 - https:\/\/yoast.com\/wordpress\/plugins\/seo\/ -->\n<title>VISITA VI\u00d1EDO Y BODEGA Y CATA GUIADA EN BODEGA - VisitNavarra<\/title>\n<meta name=\"description\" content=\"Disfrute de una experiencia que combina naturaleza, tradici\u00f3n y los mejores vinos de Pago de Larrainzar, una peque\u00f1a bodega boutique.\" \/>\n<meta name=\"robots\" content=\"index, follow, max-snippet:-1, max-image-preview:large, max-video-preview:-1\" \/>\n<link rel=\"canonical\" href=\"https:\/\/visitnavarra.info\/visitnavarra\/bodegas-pago-de-larrainzar-visita-vinedo-bodega-cata-guiada\/\" \/>\n<meta property=\"og:locale\" content=\"es_ES\" \/>\n<meta property=\"og:type\" content=\"article\" \/>\n<meta property=\"og:title\" content=\"VISITA VI\u00d1EDO Y BODEGA Y CATA GUIADA EN BODEGA - VisitNavarra\" \/>\n<meta property=\"og:description\" content=\"Disfrute de una experiencia que combina naturaleza, tradici\u00f3n y los mejores vinos de Pago de Larrainzar, una peque\u00f1a bodega boutique.\" \/>\n<meta property=\"og:url\" content=\"https:\/\/visitnavarra.info\/visitnavarra\/bodegas-pago-de-larrainzar-visita-vinedo-bodega-cata-guiada\/\" \/>\n<meta property=\"og:site_name\" content=\"VisitNavarra\" \/>\n<meta property=\"article:modified_time\" content=\"2022-01-18T08:46:05+00:00\" \/>\n<meta name=\"twitter:card\" content=\"summary_large_image\" \/>\n<meta name=\"twitter:label1\" content=\"Tiempo de lectura\" \/>\n\t<meta name=\"twitter:data1\" content=\"2 minutos\" \/>\n<script type=\"application\/ld+json\" class=\"yoast-schema-graph\">{\"@context\":\"https:\/\/schema.org\",\"@graph\":[{\"@type\":\"WebPage\",\"@id\":\"https:\/\/visitnavarra.info\/visitnavarra\/bodegas-pago-de-larrainzar-visita-vinedo-bodega-cata-guiada\/\",\"url\":\"https:\/\/visitnavarra.info\/visitnavarra\/bodegas-pago-de-larrainzar-visita-vinedo-bodega-cata-guiada\/\",\"name\":\"VISITA VI\u00d1EDO Y BODEGA Y CATA GUIADA EN BODEGA - VisitNavarra\",\"isPartOf\":{\"@id\":\"https:\/\/visitnavarra.info\/visitnavarra\/#website\"},\"datePublished\":\"2019-05-13T07:52:38+00:00\",\"dateModified\":\"2022-01-18T08:46:05+00:00\",\"description\":\"Disfrute de una experiencia que combina naturaleza, tradici\u00f3n y los mejores vinos de Pago de Larrainzar, una peque\u00f1a bodega boutique.\",\"breadcrumb\":{\"@id\":\"https:\/\/visitnavarra.info\/visitnavarra\/bodegas-pago-de-larrainzar-visita-vinedo-bodega-cata-guiada\/#breadcrumb\"},\"inLanguage\":\"es\",\"potentialAction\":[{\"@type\":\"ReadAction\",\"target\":[\"https:\/\/visitnavarra.info\/visitnavarra\/bodegas-pago-de-larrainzar-visita-vinedo-bodega-cata-guiada\/\"]}]},{\"@type\":\"BreadcrumbList\",\"@id\":\"https:\/\/visitnavarra.info\/visitnavarra\/bodegas-pago-de-larrainzar-visita-vinedo-bodega-cata-guiada\/#breadcrumb\",\"itemListElement\":[{\"@type\":\"ListItem\",\"position\":1,\"name\":\"Portada\",\"item\":\"https:\/\/visitnavarra.info\/visitnavarra\/\"},{\"@type\":\"ListItem\",\"position\":2,\"name\":\"BODEGAS PAGO DE LARRAINZAR: VISITA VI\u00d1EDO Y BODEGA Y CATA GUIADA\"}]},{\"@type\":\"WebSite\",\"@id\":\"https:\/\/visitnavarra.info\/visitnavarra\/#website\",\"url\":\"https:\/\/visitnavarra.info\/visitnavarra\/\",\"name\":\"VisitNavarra\",\"description\":\"Alojamiento y experiencias tur\u00edsticas en Navarra; qu\u00e9 visitar en Navarra; comer en Navarra\",\"potentialAction\":[{\"@type\":\"SearchAction\",\"target\":{\"@type\":\"EntryPoint\",\"urlTemplate\":\"https:\/\/visitnavarra.info\/visitnavarra\/?s={search_term_string}\"},\"query-input\":{\"@type\":\"PropertyValueSpecification\",\"valueRequired\":true,\"valueName\":\"search_term_string\"}}],\"inLanguage\":\"es\"}]}<\/script>\n<!-- \/ Yoast SEO plugin. -->","yoast_head_json":{"title":"VISITA VI\u00d1EDO Y BODEGA Y CATA GUIADA EN BODEGA - VisitNavarra","description":"Disfrute de una experiencia que combina naturaleza, tradici\u00f3n y los mejores vinos de Pago de Larrainzar, una peque\u00f1a bodega boutique.","robots":{"index":"index","follow":"follow","max-snippet":"max-snippet:-1","max-image-preview":"max-image-preview:large","max-video-preview":"max-video-preview:-1"},"canonical":"https:\/\/visitnavarra.info\/visitnavarra\/bodegas-pago-de-larrainzar-visita-vinedo-bodega-cata-guiada\/","og_locale":"es_ES","og_type":"article","og_title":"VISITA VI\u00d1EDO Y BODEGA Y CATA GUIADA EN BODEGA - VisitNavarra","og_description":"Disfrute de una experiencia que combina naturaleza, tradici\u00f3n y los mejores vinos de Pago de Larrainzar, una peque\u00f1a bodega boutique.","og_url":"https:\/\/visitnavarra.info\/visitnavarra\/bodegas-pago-de-larrainzar-visita-vinedo-bodega-cata-guiada\/","og_site_name":"VisitNavarra","article_modified_time":"2022-01-18T08:46:05+00:00","twitter_card":"summary_large_image","twitter_misc":{"Tiempo de lectura":"2 minutos"},"schema":{"@context":"https:\/\/schema.org","@graph":[{"@type":"WebPage","@id":"https:\/\/visitnavarra.info\/visitnavarra\/bodegas-pago-de-larrainzar-visita-vinedo-bodega-cata-guiada\/","url":"https:\/\/visitnavarra.info\/visitnavarra\/bodegas-pago-de-larrainzar-visita-vinedo-bodega-cata-guiada\/","name":"VISITA VI\u00d1EDO Y BODEGA Y CATA GUIADA EN BODEGA - VisitNavarra","isPartOf":{"@id":"https:\/\/visitnavarra.info\/visitnavarra\/#website"},"datePublished":"2019-05-13T07:52:38+00:00","dateModified":"2022-01-18T08:46:05+00:00","description":"Disfrute de una experiencia que combina naturaleza, tradici\u00f3n y los mejores vinos de Pago de Larrainzar, una peque\u00f1a bodega boutique.","breadcrumb":{"@id":"https:\/\/visitnavarra.info\/visitnavarra\/bodegas-pago-de-larrainzar-visita-vinedo-bodega-cata-guiada\/#breadcrumb"},"inLanguage":"es","potentialAction":[{"@type":"ReadAction","target":["https:\/\/visitnavarra.info\/visitnavarra\/bodegas-pago-de-larrainzar-visita-vinedo-bodega-cata-guiada\/"]}]},{"@type":"BreadcrumbList","@id":"https:\/\/visitnavarra.info\/visitnavarra\/bodegas-pago-de-larrainzar-visita-vinedo-bodega-cata-guiada\/#breadcrumb","itemListElement":[{"@type":"ListItem","position":1,"name":"Portada","item":"https:\/\/visitnavarra.info\/visitnavarra\/"},{"@type":"ListItem","position":2,"name":"BODEGAS PAGO DE LARRAINZAR: VISITA VI\u00d1EDO Y BODEGA Y CATA GUIADA"}]},{"@type":"WebSite","@id":"https:\/\/visitnavarra.info\/visitnavarra\/#website","url":"https:\/\/visitnavarra.info\/visitnavarra\/","name":"VisitNavarra","description":"Alojamiento y experiencias tur\u00edsticas en Navarra; qu\u00e9 visitar en Navarra; comer en Navarra","potentialAction":[{"@type":"SearchAction","target":{"@type":"EntryPoint","urlTemplate":"https:\/\/visitnavarra.info\/visitnavarra\/?s={search_term_string}"},"query-input":{"@type":"PropertyValueSpecification","valueRequired":true,"valueName":"search_term_string"}}],"inLanguage":"es"}]}},"_links":{"self":[{"href":"https:\/\/visitnavarra.info\/visitnavarra\/wp-json\/wp\/v2\/pages\/3419","targetHints":{"allow":["GET"]}}],"collection":[{"href":"https:\/\/visitnavarra.info\/visitnavarra\/wp-json\/wp\/v2\/pages"}],"about":[{"href":"https:\/\/visitnavarra.info\/visitnavarra\/wp-json\/wp\/v2\/types\/page"}],"author":[{"embeddable":true,"href":"https:\/\/visitnavarra.info\/visitnavarra\/wp-json\/wp\/v2\/users\/1"}],"replies":[{"embeddable":true,"href":"https:\/\/visitnavarra.info\/visitnavarra\/wp-json\/wp\/v2\/comments?post=3419"}],"version-history":[{"count":17,"href":"https:\/\/visitnavarra.info\/visitnavarra\/wp-json\/wp\/v2\/pages\/3419\/revisions"}],"predecessor-version":[{"id":11654,"href":"https:\/\/visitnavarra.info\/visitnavarra\/wp-json\/wp\/v2\/pages\/3419\/revisions\/11654"}],"wp:attachment":[{"href":"https:\/\/visitnavarra.info\/visitnavarra\/wp-json\/wp\/v2\/media?parent=3419"}],"curies":[{"name":"wp","href":"https:\/\/api.w.org\/{rel}","templated":true}]}}