{"id":3432,"date":"2019-05-13T08:43:54","date_gmt":"2019-05-13T08:43:54","guid":{"rendered":"https:\/\/visitnavarra.info\/visitnavarra\/?page_id=3432"},"modified":"2024-08-27T09:43:04","modified_gmt":"2024-08-27T09:43:04","slug":"bodega-otazu-visita-guiada-y-cata","status":"publish","type":"page","link":"https:\/\/visitnavarra.info\/visitnavarra\/bodega-otazu-visita-guiada-y-cata\/","title":{"rendered":"BODEGA OTAZU: VISITA GUIADA Y CATA"},"content":{"rendered":"<p>[vc_row][vc_column width=&#8221;1\/1&#8243;][vc_column_text]<\/p>\n<h3><strong><img loading=\"lazy\" decoding=\"async\" class=\"alignleft size-full wp-image-3399\" src=\"https:\/\/visitnavarra.info\/visitnavarra\/wp-content\/uploads\/2019\/05\/bodegas-otazu-250-vista-vi\u00f1edo-degustacion-guiada.jpg\" alt=\"\" width=\"250\" height=\"250\" srcset=\"https:\/\/visitnavarra.info\/visitnavarra\/wp-content\/uploads\/2019\/05\/bodegas-otazu-250-vista-vi\u00f1edo-degustacion-guiada.jpg 250w, https:\/\/visitnavarra.info\/visitnavarra\/wp-content\/uploads\/2019\/05\/bodegas-otazu-250-vista-vi\u00f1edo-degustacion-guiada-150x150.jpg 150w, https:\/\/visitnavarra.info\/visitnavarra\/wp-content\/uploads\/2019\/05\/bodegas-otazu-250-vista-vi\u00f1edo-degustacion-guiada-80x80.jpg 80w\" sizes=\"auto, (max-width: 250px) 100vw, 250px\" \/><\/strong><\/h3>\n<h2>VINO &amp; ARTE<\/h2>\n<p><strong>Otazu<\/strong> es una propiedad familiar ubicada en el norte de Espa\u00f1a, dedicada al vino, con m\u00e1s de 150 obras de arte contempor\u00e1neo integradas en sus espacios. Favorecida por un microclima \u00fanico, cuenta con su propia denominaci\u00f3n de origen protegida, D.O.P. Pago de Otazu.<\/p>\n<p>Todos sus vinos se elaboran con uvas de las variedades Cabernet Sauvignon, Merlot y Chardonnay, capaces de expresar la particularidad de la geograf\u00eda de sus <strong>93 hect\u00e1reas de vi\u00f1edo<\/strong>.<\/p>\n<p>Siglos de tradici\u00f3n vitivin\u00edcola, reflejada en un Se\u00f1or\u00edo del siglo XII y una bodega centenaria de 1840, inspiraron a una familia y un equipo comprometidos con la elaboraci\u00f3n de vinos de gran calidad en un entorno donde el vino y el arte se fusionan en perfecta armon\u00eda.<\/p>\n<p>Otazu fue reconocida como <strong>\u2018Mejor Bodega Abierta al Turismo\u2019 en los V Premios de Enoturismo \u2018Ruta del Vino de Espa\u00f1a<\/strong>\u2019, premio otorgado en 2020 por La Asociaci\u00f3n Espa\u00f1ola de Ciudades del Vino (ACEVIN) \u201cpor ser una bodega que sit\u00faa el mundo del vino al mismo nivel cultural que las grandes obras de arte contempor\u00e1neo y plasmar, de manera rotunda, la uni\u00f3n del vino con la historia, la naturaleza y el arte\u201d.<\/p>\n<p>Asimismo, tambi\u00e9n fue galardonada con el <strong>Premio \u2018A\u2019 al Coleccionismo\u2019 en 2020 por la Fundaci\u00f3n ARCO<\/strong> donde se reconoci\u00f3 la labor de la Fundaci\u00f3n Otazu en la conservaci\u00f3n y difusi\u00f3n del arte contempor\u00e1neo en la Bodega.<\/p>\n<p>El concepto de enoturismo en Otazu contiene una fusi\u00f3n de arte y vino que se puede disfrutar a trav\u00e9s de visitas guiadas, catas maridadas, comidas o eventos personalizados como bodas o reuniones de empresas.<\/p>\n<h3><strong>VISITA &amp; CATA DE OTAZU<\/strong><\/h3>\n<p>Un recorrido por los m\u00e1s de setecientos a\u00f1os de la historia de Otazu, el fruto de nuestras tierras como hilo conductor de una tradici\u00f3n que nos lleva desde la elaboraci\u00f3n de vinos para los reyes durante la Edad Media hasta el arte contempor\u00e1neo m\u00e1s vanguardista.<\/p>\n<ul>\n<li>Horario: Visitas de lunes a domingo. Imprescindible reservar a trav\u00e9s de la p\u00e1gina web.<\/li>\n<li>Precio: 59,95\u20ac<\/li>\n<li>Idiomas: Espa\u00f1ol, ingl\u00e9s y franc\u00e9s<\/li>\n<li>Esta experiencia incluye:\n<ul>\n<li>El Se\u00f1or\u00edo de Otazu, con sus edificios del S.XII y obras de arte monumentales.<\/li>\n<li>La Bodega del S. XIX convertida en Museo del Vino y galer\u00eda de arte.<\/li>\n<li>Las nuevas zonas de elaboraci\u00f3n subterr\u00e1neas, sala de barricas y botellero.<\/li>\n<li>M\u00e1s de 150 obras de arte contempor\u00e1neo.<\/li>\n<li><strong>Cata maridada:<\/strong> Cata de tres de nuestros vinos maridados con un pincho.<strong><br \/>\n<\/strong><\/li>\n<\/ul>\n<\/li>\n<\/ul>\n<p>[\/vc_column_text]<div class=\"spacer\" style=\"height: 40px;\"><\/div>[\/vc_column][\/vc_row][vc_row][vc_column width=&#8221;1\/4&#8243;]<div class=\"single_image wpb_content_element align-right    \" data-animation=\"none\" data-delay=\"0\"><img loading=\"lazy\" decoding=\"async\" width=\"766\" height=\"529\" src=\"https:\/\/visitnavarra.info\/visitnavarra\/wp-content\/uploads\/2024\/08\/Logotipo-de-Otazu-en-color-rectangular.jpg\" class=\"attachment-full\" alt=\"Logo nuevo Bodegas Otazu 2024\" srcset=\"https:\/\/visitnavarra.info\/visitnavarra\/wp-content\/uploads\/2024\/08\/Logotipo-de-Otazu-en-color-rectangular.jpg 766w, https:\/\/visitnavarra.info\/visitnavarra\/wp-content\/uploads\/2024\/08\/Logotipo-de-Otazu-en-color-rectangular-300x207.jpg 300w, https:\/\/visitnavarra.info\/visitnavarra\/wp-content\/uploads\/2024\/08\/Logotipo-de-Otazu-en-color-rectangular-320x221.jpg 320w, https:\/\/visitnavarra.info\/visitnavarra\/wp-content\/uploads\/2024\/08\/Logotipo-de-Otazu-en-color-rectangular-480x331.jpg 480w\" sizes=\"auto, (max-width: 766px) 100vw, 766px\" \/><\/div>[\/vc_column][vc_column width=&#8221;3\/4&#8243;][vc_column_text]<strong>CONTACTO \/ RESERVAS<\/strong><br \/>\nEmpresa: OTAZU<br \/>\nContacto: Iker Andr\u00e9s<br \/>\nTel\u00e9fono: (+34) 948 329 200<br \/>\nMail: <a href=\"mailto:info@otazu.com\" target=\"_blank\" rel=\"noopener\">info@otazu.com<\/a>[\/vc_column_text][\/vc_column][\/vc_row]<\/p>\n","protected":false},"excerpt":{"rendered":"<p>[vc_row][vc_column width=&#8221;1\/1&#8243;][vc_column_text] VINO &amp; ARTE Otazu es una propiedad familiar ubicada en el norte de Espa\u00f1a, dedicada al vino, con m\u00e1s de 150 obras de arte contempor\u00e1neo integradas en sus espacios. Favorecida por un microclima \u00fanico, cuenta con su propia denominaci\u00f3n de origen protegida, D.O.P. Pago de Otazu. Todos sus vinos se elaboran con uvas de las variedades Cabernet Sauvignon, Merlot y Chardonnay, capaces de expresar la particularidad de la geograf\u00eda de sus 93 hect\u00e1reas de vi\u00f1edo. Siglos de tradici\u00f3n vitivin\u00edcola, reflejada en un Se\u00f1or\u00edo del siglo XII y una bodega centenaria de 1840, inspiraron a una familia y un equipo comprometidos con la elaboraci\u00f3n de vinos de gran calidad en un entorno donde el vino y el arte se fusionan en perfecta armon\u00eda. Otazu fue reconocida como \u2018Mejor Bodega Abierta al Turismo\u2019 en los V Premios de Enoturismo \u2018Ruta del Vino de Espa\u00f1a\u2019, premio otorgado en 2020 por La Asociaci\u00f3n Espa\u00f1ola de Ciudades del Vino (ACEVIN) \u201cpor ser una bodega que sit\u00faa el mundo del vino al mismo nivel cultural que las grandes obras de arte contempor\u00e1neo y plasmar, de manera rotunda, la uni\u00f3n del vino con la historia, la naturaleza y el arte\u201d. Asimismo, tambi\u00e9n fue galardonada con [&hellip;]<\/p>\n","protected":false},"author":1,"featured_media":0,"parent":0,"menu_order":0,"comment_status":"closed","ping_status":"closed","template":"","meta":{"footnotes":""},"class_list":["post-3432","page","type-page","status-publish","hentry"],"yoast_head":"<!-- This site is optimized with the Yoast SEO plugin v23.5 - https:\/\/yoast.com\/wordpress\/plugins\/seo\/ -->\n<title>Bodegas Otazu: Visita al vi\u00f1edo y degustaci\u00f3n guiada - VisitNavarra<\/title>\n<meta name=\"description\" content=\"La magia de Bodega Otazu puede disfrutarse a trave\u0301s de visitas, catas, comidas o eventos personalizados como bodas, reuniones de empresas y\" \/>\n<meta name=\"robots\" content=\"index, follow, max-snippet:-1, max-image-preview:large, max-video-preview:-1\" \/>\n<link rel=\"canonical\" href=\"https:\/\/visitnavarra.info\/visitnavarra\/bodega-otazu-visita-guiada-y-cata\/\" \/>\n<meta property=\"og:locale\" content=\"es_ES\" \/>\n<meta property=\"og:type\" content=\"article\" \/>\n<meta property=\"og:title\" content=\"Bodegas Otazu: Visita al vi\u00f1edo y degustaci\u00f3n guiada - VisitNavarra\" \/>\n<meta property=\"og:description\" content=\"La magia de Bodega Otazu puede disfrutarse a trave\u0301s de visitas, catas, comidas o eventos personalizados como bodas, reuniones de empresas y\" \/>\n<meta property=\"og:url\" content=\"https:\/\/visitnavarra.info\/visitnavarra\/bodega-otazu-visita-guiada-y-cata\/\" \/>\n<meta property=\"og:site_name\" content=\"VisitNavarra\" \/>\n<meta property=\"article:modified_time\" content=\"2024-08-27T09:43:04+00:00\" \/>\n<meta name=\"twitter:card\" content=\"summary_large_image\" \/>\n<meta name=\"twitter:label1\" content=\"Tiempo de lectura\" \/>\n\t<meta name=\"twitter:data1\" content=\"3 minutos\" \/>\n<script type=\"application\/ld+json\" class=\"yoast-schema-graph\">{\"@context\":\"https:\/\/schema.org\",\"@graph\":[{\"@type\":\"WebPage\",\"@id\":\"https:\/\/visitnavarra.info\/visitnavarra\/bodega-otazu-visita-guiada-y-cata\/\",\"url\":\"https:\/\/visitnavarra.info\/visitnavarra\/bodega-otazu-visita-guiada-y-cata\/\",\"name\":\"Bodegas Otazu: Visita al vi\u00f1edo y degustaci\u00f3n guiada - VisitNavarra\",\"isPartOf\":{\"@id\":\"https:\/\/visitnavarra.info\/visitnavarra\/#website\"},\"datePublished\":\"2019-05-13T08:43:54+00:00\",\"dateModified\":\"2024-08-27T09:43:04+00:00\",\"description\":\"La magia de Bodega Otazu puede disfrutarse a trave\u0301s de visitas, catas, comidas o eventos personalizados como bodas, reuniones de empresas y\",\"breadcrumb\":{\"@id\":\"https:\/\/visitnavarra.info\/visitnavarra\/bodega-otazu-visita-guiada-y-cata\/#breadcrumb\"},\"inLanguage\":\"es\",\"potentialAction\":[{\"@type\":\"ReadAction\",\"target\":[\"https:\/\/visitnavarra.info\/visitnavarra\/bodega-otazu-visita-guiada-y-cata\/\"]}]},{\"@type\":\"BreadcrumbList\",\"@id\":\"https:\/\/visitnavarra.info\/visitnavarra\/bodega-otazu-visita-guiada-y-cata\/#breadcrumb\",\"itemListElement\":[{\"@type\":\"ListItem\",\"position\":1,\"name\":\"Portada\",\"item\":\"https:\/\/visitnavarra.info\/visitnavarra\/\"},{\"@type\":\"ListItem\",\"position\":2,\"name\":\"BODEGA OTAZU: VISITA GUIADA Y CATA\"}]},{\"@type\":\"WebSite\",\"@id\":\"https:\/\/visitnavarra.info\/visitnavarra\/#website\",\"url\":\"https:\/\/visitnavarra.info\/visitnavarra\/\",\"name\":\"VisitNavarra\",\"description\":\"Alojamiento y experiencias tur\u00edsticas en Navarra; qu\u00e9 visitar en Navarra; comer en Navarra\",\"potentialAction\":[{\"@type\":\"SearchAction\",\"target\":{\"@type\":\"EntryPoint\",\"urlTemplate\":\"https:\/\/visitnavarra.info\/visitnavarra\/?s={search_term_string}\"},\"query-input\":{\"@type\":\"PropertyValueSpecification\",\"valueRequired\":true,\"valueName\":\"search_term_string\"}}],\"inLanguage\":\"es\"}]}<\/script>\n<!-- \/ Yoast SEO plugin. -->","yoast_head_json":{"title":"Bodegas Otazu: Visita al vi\u00f1edo y degustaci\u00f3n guiada - VisitNavarra","description":"La magia de Bodega Otazu puede disfrutarse a trave\u0301s de visitas, catas, comidas o eventos personalizados como bodas, reuniones de empresas y","robots":{"index":"index","follow":"follow","max-snippet":"max-snippet:-1","max-image-preview":"max-image-preview:large","max-video-preview":"max-video-preview:-1"},"canonical":"https:\/\/visitnavarra.info\/visitnavarra\/bodega-otazu-visita-guiada-y-cata\/","og_locale":"es_ES","og_type":"article","og_title":"Bodegas Otazu: Visita al vi\u00f1edo y degustaci\u00f3n guiada - VisitNavarra","og_description":"La magia de Bodega Otazu puede disfrutarse a trave\u0301s de visitas, catas, comidas o eventos personalizados como bodas, reuniones de empresas y","og_url":"https:\/\/visitnavarra.info\/visitnavarra\/bodega-otazu-visita-guiada-y-cata\/","og_site_name":"VisitNavarra","article_modified_time":"2024-08-27T09:43:04+00:00","twitter_card":"summary_large_image","twitter_misc":{"Tiempo de lectura":"3 minutos"},"schema":{"@context":"https:\/\/schema.org","@graph":[{"@type":"WebPage","@id":"https:\/\/visitnavarra.info\/visitnavarra\/bodega-otazu-visita-guiada-y-cata\/","url":"https:\/\/visitnavarra.info\/visitnavarra\/bodega-otazu-visita-guiada-y-cata\/","name":"Bodegas Otazu: Visita al vi\u00f1edo y degustaci\u00f3n guiada - VisitNavarra","isPartOf":{"@id":"https:\/\/visitnavarra.info\/visitnavarra\/#website"},"datePublished":"2019-05-13T08:43:54+00:00","dateModified":"2024-08-27T09:43:04+00:00","description":"La magia de Bodega Otazu puede disfrutarse a trave\u0301s de visitas, catas, comidas o eventos personalizados como bodas, reuniones de empresas y","breadcrumb":{"@id":"https:\/\/visitnavarra.info\/visitnavarra\/bodega-otazu-visita-guiada-y-cata\/#breadcrumb"},"inLanguage":"es","potentialAction":[{"@type":"ReadAction","target":["https:\/\/visitnavarra.info\/visitnavarra\/bodega-otazu-visita-guiada-y-cata\/"]}]},{"@type":"BreadcrumbList","@id":"https:\/\/visitnavarra.info\/visitnavarra\/bodega-otazu-visita-guiada-y-cata\/#breadcrumb","itemListElement":[{"@type":"ListItem","position":1,"name":"Portada","item":"https:\/\/visitnavarra.info\/visitnavarra\/"},{"@type":"ListItem","position":2,"name":"BODEGA OTAZU: VISITA GUIADA Y CATA"}]},{"@type":"WebSite","@id":"https:\/\/visitnavarra.info\/visitnavarra\/#website","url":"https:\/\/visitnavarra.info\/visitnavarra\/","name":"VisitNavarra","description":"Alojamiento y experiencias tur\u00edsticas en Navarra; qu\u00e9 visitar en Navarra; comer en Navarra","potentialAction":[{"@type":"SearchAction","target":{"@type":"EntryPoint","urlTemplate":"https:\/\/visitnavarra.info\/visitnavarra\/?s={search_term_string}"},"query-input":{"@type":"PropertyValueSpecification","valueRequired":true,"valueName":"search_term_string"}}],"inLanguage":"es"}]}},"_links":{"self":[{"href":"https:\/\/visitnavarra.info\/visitnavarra\/wp-json\/wp\/v2\/pages\/3432","targetHints":{"allow":["GET"]}}],"collection":[{"href":"https:\/\/visitnavarra.info\/visitnavarra\/wp-json\/wp\/v2\/pages"}],"about":[{"href":"https:\/\/visitnavarra.info\/visitnavarra\/wp-json\/wp\/v2\/types\/page"}],"author":[{"embeddable":true,"href":"https:\/\/visitnavarra.info\/visitnavarra\/wp-json\/wp\/v2\/users\/1"}],"replies":[{"embeddable":true,"href":"https:\/\/visitnavarra.info\/visitnavarra\/wp-json\/wp\/v2\/comments?post=3432"}],"version-history":[{"count":17,"href":"https:\/\/visitnavarra.info\/visitnavarra\/wp-json\/wp\/v2\/pages\/3432\/revisions"}],"predecessor-version":[{"id":13736,"href":"https:\/\/visitnavarra.info\/visitnavarra\/wp-json\/wp\/v2\/pages\/3432\/revisions\/13736"}],"wp:attachment":[{"href":"https:\/\/visitnavarra.info\/visitnavarra\/wp-json\/wp\/v2\/media?parent=3432"}],"curies":[{"name":"wp","href":"https:\/\/api.w.org\/{rel}","templated":true}]}}