{"id":3444,"date":"2019-05-13T09:41:54","date_gmt":"2019-05-13T09:41:54","guid":{"rendered":"https:\/\/visitnavarra.info\/visitnavarra\/?page_id=3444"},"modified":"2024-01-05T12:48:29","modified_gmt":"2024-01-05T12:48:29","slug":"bodega-pago-de-cirsus-bodega-hotel-restaurante","status":"publish","type":"page","link":"https:\/\/visitnavarra.info\/visitnavarra\/bodega-pago-de-cirsus-bodega-hotel-restaurante\/","title":{"rendered":"BODEGA PAGO DE CIRSUS: BODEGA, HOTEL &#038; RESTAURANTE"},"content":{"rendered":"<p>[vc_row][vc_column width=&#8221;1\/1&#8243;][vc_column_text]<strong><img loading=\"lazy\" decoding=\"async\" class=\"alignnone wp-image-11310 size-large\" src=\"https:\/\/visitnavarra.info\/visitnavarra\/wp-content\/uploads\/2021\/10\/bodegas-pago-de-cirsus-1024x346.jpg\" alt=\"\" width=\"1024\" height=\"346\" srcset=\"https:\/\/visitnavarra.info\/visitnavarra\/wp-content\/uploads\/2021\/10\/bodegas-pago-de-cirsus-1024x346.jpg 1024w, https:\/\/visitnavarra.info\/visitnavarra\/wp-content\/uploads\/2021\/10\/bodegas-pago-de-cirsus-300x101.jpg 300w, https:\/\/visitnavarra.info\/visitnavarra\/wp-content\/uploads\/2021\/10\/bodegas-pago-de-cirsus-768x260.jpg 768w, https:\/\/visitnavarra.info\/visitnavarra\/wp-content\/uploads\/2021\/10\/bodegas-pago-de-cirsus.jpg 1133w\" sizes=\"auto, (max-width: 1024px) 100vw, 1024px\" \/><\/strong><\/p>\n<p><strong>LA BODEGA<\/strong><\/p>\n<p>Ubicada en el Municipio de Ablitas, en el extremo sur de la Comunidad foral de Navarra, Espa\u00f1a; a una altitud de 395 metros sobre el nivel del mar, La Finca Bolandin posee 200 hect\u00e1reas totales donde se encuentra el Vi\u00f1edo, la Bodega, el Hotel y el Restaurante.<br \/>\nBodega Pago de Cirsus cultiva sus uvas y embotella todos los vinos en la propiedad donde El Rio Ebro, El Cierzo y El Moncayo aportan valores \u00fanicos. El terreno, el microclima, las variedades, el m\u00e9todo de elaboraci\u00f3n y la crianza convergen en un car\u00e1cter y una personalidad especial reflejada en cada botella.<\/p>\n<p><strong>EL RESTAURANTE<\/strong><\/p>\n<p>Entre vi\u00f1edos y vistas espectaculares disfrute de una propuesta honesta, de platos tradicionales renovados, mayormente elaborados con productos ecol\u00f3gicos y de proximidad, una cocina de mercado, innovadora, que conserva los sabores t\u00edpicos de nuestra tierra donde el ingrediente principal es el producto de temporada.<\/p>\n<p><strong>EL HOTEL<\/strong><\/p>\n<p>Rodeado de vi\u00f1edos, olivos y hermosas vistas a la Sierra del Moncayo nuestro Hotel Boutique de 12 exclusivas habitaciones es un destino para disfrutar de experiencias en torno<br \/>\nal vino, gastronom\u00eda, naturaleza y aire puro.<br \/>\nCon opciones de alojamiento para todos los gustos.<\/p>\n<p>&nbsp;<\/p>\n<h3><strong>LA FINCA BOLAND\u00cdN DE PAGO DE CIRSUS<\/strong><\/h3>\n<p><img loading=\"lazy\" decoding=\"async\" class=\"alignnone wp-image-11314 size-large\" src=\"https:\/\/visitnavarra.info\/visitnavarra\/wp-content\/uploads\/2021\/10\/finca-bolandin-1-1024x346.jpg\" alt=\"\" width=\"1024\" height=\"346\" srcset=\"https:\/\/visitnavarra.info\/visitnavarra\/wp-content\/uploads\/2021\/10\/finca-bolandin-1-1024x346.jpg 1024w, https:\/\/visitnavarra.info\/visitnavarra\/wp-content\/uploads\/2021\/10\/finca-bolandin-1-300x101.jpg 300w, https:\/\/visitnavarra.info\/visitnavarra\/wp-content\/uploads\/2021\/10\/finca-bolandin-1-768x260.jpg 768w, https:\/\/visitnavarra.info\/visitnavarra\/wp-content\/uploads\/2021\/10\/finca-bolandin-1.jpg 1133w\" sizes=\"auto, (max-width: 1024px) 100vw, 1024px\" \/><\/p>\n<p><img loading=\"lazy\" decoding=\"async\" class=\"alignnone wp-image-11318 size-large\" src=\"https:\/\/visitnavarra.info\/visitnavarra\/wp-content\/uploads\/2021\/10\/finca-bolandin-2-1024x346.jpg\" alt=\"\" width=\"1024\" height=\"346\" srcset=\"https:\/\/visitnavarra.info\/visitnavarra\/wp-content\/uploads\/2021\/10\/finca-bolandin-2-1024x346.jpg 1024w, https:\/\/visitnavarra.info\/visitnavarra\/wp-content\/uploads\/2021\/10\/finca-bolandin-2-300x101.jpg 300w, https:\/\/visitnavarra.info\/visitnavarra\/wp-content\/uploads\/2021\/10\/finca-bolandin-2-768x260.jpg 768w, https:\/\/visitnavarra.info\/visitnavarra\/wp-content\/uploads\/2021\/10\/finca-bolandin-2.jpg 1133w\" sizes=\"auto, (max-width: 1024px) 100vw, 1024px\" \/><\/p>\n<p><img loading=\"lazy\" decoding=\"async\" class=\"alignnone wp-image-11322 size-large\" src=\"https:\/\/visitnavarra.info\/visitnavarra\/wp-content\/uploads\/2021\/10\/finca-bolandin-3-1024x346.jpg\" alt=\"\" width=\"1024\" height=\"346\" srcset=\"https:\/\/visitnavarra.info\/visitnavarra\/wp-content\/uploads\/2021\/10\/finca-bolandin-3-1024x346.jpg 1024w, https:\/\/visitnavarra.info\/visitnavarra\/wp-content\/uploads\/2021\/10\/finca-bolandin-3-300x101.jpg 300w, https:\/\/visitnavarra.info\/visitnavarra\/wp-content\/uploads\/2021\/10\/finca-bolandin-3-768x260.jpg 768w, https:\/\/visitnavarra.info\/visitnavarra\/wp-content\/uploads\/2021\/10\/finca-bolandin-3.jpg 1133w\" sizes=\"auto, (max-width: 1024px) 100vw, 1024px\" \/><\/p>\n<p><img loading=\"lazy\" decoding=\"async\" class=\"alignnone wp-image-11326 size-large\" src=\"https:\/\/visitnavarra.info\/visitnavarra\/wp-content\/uploads\/2021\/10\/finca-bolandin-4-1024x346.jpg\" alt=\"\" width=\"1024\" height=\"346\" srcset=\"https:\/\/visitnavarra.info\/visitnavarra\/wp-content\/uploads\/2021\/10\/finca-bolandin-4-1024x346.jpg 1024w, https:\/\/visitnavarra.info\/visitnavarra\/wp-content\/uploads\/2021\/10\/finca-bolandin-4-300x101.jpg 300w, https:\/\/visitnavarra.info\/visitnavarra\/wp-content\/uploads\/2021\/10\/finca-bolandin-4-768x260.jpg 768w, https:\/\/visitnavarra.info\/visitnavarra\/wp-content\/uploads\/2021\/10\/finca-bolandin-4.jpg 1133w\" sizes=\"auto, (max-width: 1024px) 100vw, 1024px\" \/>[\/vc_column_text]<div class=\"spacer\" style=\"height: 40px;\"><\/div>[\/vc_column][\/vc_row][vc_row][vc_column width=&#8221;1\/2&#8243;]<div class=\"single_image wpb_content_element align-right    \" data-animation=\"none\" data-delay=\"0\"><img loading=\"lazy\" decoding=\"async\" class=\"\" src=\"https:\/\/visitnavarra.info\/visitnavarra\/wp-content\/uploads\/2019\/05\/pago_cirsus_logo-200x200.png\" width=\"200\" height=\"200\" alt=\"pago_cirsus_logo\" title=\"pago_cirsus_logo\" \/><\/div>[\/vc_column][vc_column width=&#8221;1\/2&#8243;][vc_column_text]<strong>CONTACTO \/ RESERVAS<\/strong><br \/>\nEntidad \/ empresa: BODEGA PAGO DE CIRSUS<br \/>\nTel\u00e9fono bodega: (+34) 948 386 427<br \/>\nTelefono hotel: (+34) 948 386 426<br \/>\nWeb: <a href=\"http:\/\/www.pagodecirsus.com\">www.pagodecirsus.com<\/a>[\/vc_column_text][\/vc_column][\/vc_row]<\/p>\n","protected":false},"excerpt":{"rendered":"<p>[vc_row][vc_column width=&#8221;1\/1&#8243;][vc_column_text] LA BODEGA Ubicada en el Municipio de Ablitas, en el extremo sur de la Comunidad foral de Navarra, Espa\u00f1a; a una altitud de 395 metros sobre el nivel del mar, La Finca Bolandin posee 200 hect\u00e1reas totales donde se encuentra el Vi\u00f1edo, la Bodega, el Hotel y el Restaurante. Bodega Pago de Cirsus cultiva sus uvas y embotella todos los vinos en la propiedad donde El Rio Ebro, El Cierzo y El Moncayo aportan valores \u00fanicos. El terreno, el microclima, las variedades, el m\u00e9todo de elaboraci\u00f3n y la crianza convergen en un car\u00e1cter y una personalidad especial reflejada en cada botella. EL RESTAURANTE Entre vi\u00f1edos y vistas espectaculares disfrute de una propuesta honesta, de platos tradicionales renovados, mayormente elaborados con productos ecol\u00f3gicos y de proximidad, una cocina de mercado, innovadora, que conserva los sabores t\u00edpicos de nuestra tierra donde el ingrediente principal es el producto de temporada. EL HOTEL Rodeado de vi\u00f1edos, olivos y hermosas vistas a la Sierra del Moncayo nuestro Hotel Boutique de 12 exclusivas habitaciones es un destino para disfrutar de experiencias en torno al vino, gastronom\u00eda, naturaleza y aire puro. Con opciones de alojamiento para todos los gustos. &nbsp; LA FINCA BOLAND\u00cdN DE PAGO [&hellip;]<\/p>\n","protected":false},"author":1,"featured_media":0,"parent":0,"menu_order":0,"comment_status":"closed","ping_status":"closed","template":"","meta":{"footnotes":""},"class_list":["post-3444","page","type-page","status-publish","hentry"],"yoast_head":"<!-- This site is optimized with the Yoast SEO plugin v23.5 - https:\/\/yoast.com\/wordpress\/plugins\/seo\/ -->\n<title>VISITA UNA BODEGA A TU GUSTO - VisitNavarra<\/title>\n<meta name=\"description\" content=\"BODEGA PAGO DE CIRSUS. VISITA UNA BODEGA A TU GUSTO. VISITA GUIADA A LA BODEGA, CATA DE TRES VINOS, APERITIVO\" \/>\n<meta name=\"robots\" content=\"index, follow, max-snippet:-1, max-image-preview:large, max-video-preview:-1\" \/>\n<link rel=\"canonical\" href=\"https:\/\/visitnavarra.info\/visitnavarra\/bodega-pago-de-cirsus-bodega-hotel-restaurante\/\" \/>\n<meta property=\"og:locale\" content=\"es_ES\" \/>\n<meta property=\"og:type\" content=\"article\" \/>\n<meta property=\"og:title\" content=\"VISITA UNA BODEGA A TU GUSTO - VisitNavarra\" \/>\n<meta property=\"og:description\" content=\"BODEGA PAGO DE CIRSUS. VISITA UNA BODEGA A TU GUSTO. VISITA GUIADA A LA BODEGA, CATA DE TRES VINOS, APERITIVO\" \/>\n<meta property=\"og:url\" content=\"https:\/\/visitnavarra.info\/visitnavarra\/bodega-pago-de-cirsus-bodega-hotel-restaurante\/\" \/>\n<meta property=\"og:site_name\" content=\"VisitNavarra\" \/>\n<meta property=\"article:modified_time\" content=\"2024-01-05T12:48:29+00:00\" \/>\n<meta property=\"og:image\" content=\"https:\/\/visitnavarra.info\/visitnavarra\/wp-content\/uploads\/2021\/10\/bodegas-pago-de-cirsus-1024x346.jpg\" \/>\n<meta name=\"twitter:card\" content=\"summary_large_image\" \/>\n<meta name=\"twitter:label1\" content=\"Tiempo de lectura\" \/>\n\t<meta name=\"twitter:data1\" content=\"3 minutos\" \/>\n<script type=\"application\/ld+json\" class=\"yoast-schema-graph\">{\"@context\":\"https:\/\/schema.org\",\"@graph\":[{\"@type\":\"WebPage\",\"@id\":\"https:\/\/visitnavarra.info\/visitnavarra\/bodega-pago-de-cirsus-bodega-hotel-restaurante\/\",\"url\":\"https:\/\/visitnavarra.info\/visitnavarra\/bodega-pago-de-cirsus-bodega-hotel-restaurante\/\",\"name\":\"VISITA UNA BODEGA A TU GUSTO - VisitNavarra\",\"isPartOf\":{\"@id\":\"https:\/\/visitnavarra.info\/visitnavarra\/#website\"},\"primaryImageOfPage\":{\"@id\":\"https:\/\/visitnavarra.info\/visitnavarra\/bodega-pago-de-cirsus-bodega-hotel-restaurante\/#primaryimage\"},\"image\":{\"@id\":\"https:\/\/visitnavarra.info\/visitnavarra\/bodega-pago-de-cirsus-bodega-hotel-restaurante\/#primaryimage\"},\"thumbnailUrl\":\"https:\/\/visitnavarra.info\/visitnavarra\/wp-content\/uploads\/2021\/10\/bodegas-pago-de-cirsus-1024x346.jpg\",\"datePublished\":\"2019-05-13T09:41:54+00:00\",\"dateModified\":\"2024-01-05T12:48:29+00:00\",\"description\":\"BODEGA PAGO DE CIRSUS. VISITA UNA BODEGA A TU GUSTO. VISITA GUIADA A LA BODEGA, CATA DE TRES VINOS, APERITIVO\",\"breadcrumb\":{\"@id\":\"https:\/\/visitnavarra.info\/visitnavarra\/bodega-pago-de-cirsus-bodega-hotel-restaurante\/#breadcrumb\"},\"inLanguage\":\"es\",\"potentialAction\":[{\"@type\":\"ReadAction\",\"target\":[\"https:\/\/visitnavarra.info\/visitnavarra\/bodega-pago-de-cirsus-bodega-hotel-restaurante\/\"]}]},{\"@type\":\"ImageObject\",\"inLanguage\":\"es\",\"@id\":\"https:\/\/visitnavarra.info\/visitnavarra\/bodega-pago-de-cirsus-bodega-hotel-restaurante\/#primaryimage\",\"url\":\"https:\/\/visitnavarra.info\/visitnavarra\/wp-content\/uploads\/2021\/10\/bodegas-pago-de-cirsus.jpg\",\"contentUrl\":\"https:\/\/visitnavarra.info\/visitnavarra\/wp-content\/uploads\/2021\/10\/bodegas-pago-de-cirsus.jpg\",\"width\":1133,\"height\":383},{\"@type\":\"BreadcrumbList\",\"@id\":\"https:\/\/visitnavarra.info\/visitnavarra\/bodega-pago-de-cirsus-bodega-hotel-restaurante\/#breadcrumb\",\"itemListElement\":[{\"@type\":\"ListItem\",\"position\":1,\"name\":\"Portada\",\"item\":\"https:\/\/visitnavarra.info\/visitnavarra\/\"},{\"@type\":\"ListItem\",\"position\":2,\"name\":\"BODEGA PAGO DE CIRSUS: BODEGA, HOTEL &#038; RESTAURANTE\"}]},{\"@type\":\"WebSite\",\"@id\":\"https:\/\/visitnavarra.info\/visitnavarra\/#website\",\"url\":\"https:\/\/visitnavarra.info\/visitnavarra\/\",\"name\":\"VisitNavarra\",\"description\":\"Alojamiento y experiencias tur\u00edsticas en Navarra; qu\u00e9 visitar en Navarra; comer en Navarra\",\"potentialAction\":[{\"@type\":\"SearchAction\",\"target\":{\"@type\":\"EntryPoint\",\"urlTemplate\":\"https:\/\/visitnavarra.info\/visitnavarra\/?s={search_term_string}\"},\"query-input\":{\"@type\":\"PropertyValueSpecification\",\"valueRequired\":true,\"valueName\":\"search_term_string\"}}],\"inLanguage\":\"es\"}]}<\/script>\n<!-- \/ Yoast SEO plugin. -->","yoast_head_json":{"title":"VISITA UNA BODEGA A TU GUSTO - VisitNavarra","description":"BODEGA PAGO DE CIRSUS. VISITA UNA BODEGA A TU GUSTO. VISITA GUIADA A LA BODEGA, CATA DE TRES VINOS, APERITIVO","robots":{"index":"index","follow":"follow","max-snippet":"max-snippet:-1","max-image-preview":"max-image-preview:large","max-video-preview":"max-video-preview:-1"},"canonical":"https:\/\/visitnavarra.info\/visitnavarra\/bodega-pago-de-cirsus-bodega-hotel-restaurante\/","og_locale":"es_ES","og_type":"article","og_title":"VISITA UNA BODEGA A TU GUSTO - VisitNavarra","og_description":"BODEGA PAGO DE CIRSUS. VISITA UNA BODEGA A TU GUSTO. VISITA GUIADA A LA BODEGA, CATA DE TRES VINOS, APERITIVO","og_url":"https:\/\/visitnavarra.info\/visitnavarra\/bodega-pago-de-cirsus-bodega-hotel-restaurante\/","og_site_name":"VisitNavarra","article_modified_time":"2024-01-05T12:48:29+00:00","og_image":[{"url":"https:\/\/visitnavarra.info\/visitnavarra\/wp-content\/uploads\/2021\/10\/bodegas-pago-de-cirsus-1024x346.jpg"}],"twitter_card":"summary_large_image","twitter_misc":{"Tiempo de lectura":"3 minutos"},"schema":{"@context":"https:\/\/schema.org","@graph":[{"@type":"WebPage","@id":"https:\/\/visitnavarra.info\/visitnavarra\/bodega-pago-de-cirsus-bodega-hotel-restaurante\/","url":"https:\/\/visitnavarra.info\/visitnavarra\/bodega-pago-de-cirsus-bodega-hotel-restaurante\/","name":"VISITA UNA BODEGA A TU GUSTO - VisitNavarra","isPartOf":{"@id":"https:\/\/visitnavarra.info\/visitnavarra\/#website"},"primaryImageOfPage":{"@id":"https:\/\/visitnavarra.info\/visitnavarra\/bodega-pago-de-cirsus-bodega-hotel-restaurante\/#primaryimage"},"image":{"@id":"https:\/\/visitnavarra.info\/visitnavarra\/bodega-pago-de-cirsus-bodega-hotel-restaurante\/#primaryimage"},"thumbnailUrl":"https:\/\/visitnavarra.info\/visitnavarra\/wp-content\/uploads\/2021\/10\/bodegas-pago-de-cirsus-1024x346.jpg","datePublished":"2019-05-13T09:41:54+00:00","dateModified":"2024-01-05T12:48:29+00:00","description":"BODEGA PAGO DE CIRSUS. VISITA UNA BODEGA A TU GUSTO. VISITA GUIADA A LA BODEGA, CATA DE TRES VINOS, APERITIVO","breadcrumb":{"@id":"https:\/\/visitnavarra.info\/visitnavarra\/bodega-pago-de-cirsus-bodega-hotel-restaurante\/#breadcrumb"},"inLanguage":"es","potentialAction":[{"@type":"ReadAction","target":["https:\/\/visitnavarra.info\/visitnavarra\/bodega-pago-de-cirsus-bodega-hotel-restaurante\/"]}]},{"@type":"ImageObject","inLanguage":"es","@id":"https:\/\/visitnavarra.info\/visitnavarra\/bodega-pago-de-cirsus-bodega-hotel-restaurante\/#primaryimage","url":"https:\/\/visitnavarra.info\/visitnavarra\/wp-content\/uploads\/2021\/10\/bodegas-pago-de-cirsus.jpg","contentUrl":"https:\/\/visitnavarra.info\/visitnavarra\/wp-content\/uploads\/2021\/10\/bodegas-pago-de-cirsus.jpg","width":1133,"height":383},{"@type":"BreadcrumbList","@id":"https:\/\/visitnavarra.info\/visitnavarra\/bodega-pago-de-cirsus-bodega-hotel-restaurante\/#breadcrumb","itemListElement":[{"@type":"ListItem","position":1,"name":"Portada","item":"https:\/\/visitnavarra.info\/visitnavarra\/"},{"@type":"ListItem","position":2,"name":"BODEGA PAGO DE CIRSUS: BODEGA, HOTEL &#038; RESTAURANTE"}]},{"@type":"WebSite","@id":"https:\/\/visitnavarra.info\/visitnavarra\/#website","url":"https:\/\/visitnavarra.info\/visitnavarra\/","name":"VisitNavarra","description":"Alojamiento y experiencias tur\u00edsticas en Navarra; qu\u00e9 visitar en Navarra; comer en Navarra","potentialAction":[{"@type":"SearchAction","target":{"@type":"EntryPoint","urlTemplate":"https:\/\/visitnavarra.info\/visitnavarra\/?s={search_term_string}"},"query-input":{"@type":"PropertyValueSpecification","valueRequired":true,"valueName":"search_term_string"}}],"inLanguage":"es"}]}},"_links":{"self":[{"href":"https:\/\/visitnavarra.info\/visitnavarra\/wp-json\/wp\/v2\/pages\/3444","targetHints":{"allow":["GET"]}}],"collection":[{"href":"https:\/\/visitnavarra.info\/visitnavarra\/wp-json\/wp\/v2\/pages"}],"about":[{"href":"https:\/\/visitnavarra.info\/visitnavarra\/wp-json\/wp\/v2\/types\/page"}],"author":[{"embeddable":true,"href":"https:\/\/visitnavarra.info\/visitnavarra\/wp-json\/wp\/v2\/users\/1"}],"replies":[{"embeddable":true,"href":"https:\/\/visitnavarra.info\/visitnavarra\/wp-json\/wp\/v2\/comments?post=3444"}],"version-history":[{"count":23,"href":"https:\/\/visitnavarra.info\/visitnavarra\/wp-json\/wp\/v2\/pages\/3444\/revisions"}],"predecessor-version":[{"id":13255,"href":"https:\/\/visitnavarra.info\/visitnavarra\/wp-json\/wp\/v2\/pages\/3444\/revisions\/13255"}],"wp:attachment":[{"href":"https:\/\/visitnavarra.info\/visitnavarra\/wp-json\/wp\/v2\/media?parent=3444"}],"curies":[{"name":"wp","href":"https:\/\/api.w.org\/{rel}","templated":true}]}}