{"id":3460,"date":"2019-05-13T10:56:08","date_gmt":"2019-05-13T10:56:08","guid":{"rendered":"https:\/\/visitnavarra.info\/visitnavarra\/?page_id=3460"},"modified":"2022-01-18T11:50:37","modified_gmt":"2022-01-18T11:50:37","slug":"experiencia-familia-cata-infantil","status":"publish","type":"page","link":"https:\/\/visitnavarra.info\/visitnavarra\/experiencia-familia-cata-infantil\/","title":{"rendered":"BODEGAS PAGO DE LARRAINZAR: EXPERIENCIA EN FAMILIA Y CATA INFANTIL"},"content":{"rendered":"<p>[vc_row][vc_column width=&#8221;1\/1&#8243;][vc_column_text]<img loading=\"lazy\" decoding=\"async\" class=\"size-full wp-image-11693 alignleft\" src=\"https:\/\/visitnavarra.info\/visitnavarra\/wp-content\/uploads\/2022\/01\/pago-larrainzar-experiencia-en-familia-y-cata-infantil.jpg\" alt=\"\" width=\"250\" height=\"250\" srcset=\"https:\/\/visitnavarra.info\/visitnavarra\/wp-content\/uploads\/2022\/01\/pago-larrainzar-experiencia-en-familia-y-cata-infantil.jpg 250w, https:\/\/visitnavarra.info\/visitnavarra\/wp-content\/uploads\/2022\/01\/pago-larrainzar-experiencia-en-familia-y-cata-infantil-150x150.jpg 150w, https:\/\/visitnavarra.info\/visitnavarra\/wp-content\/uploads\/2022\/01\/pago-larrainzar-experiencia-en-familia-y-cata-infantil-80x80.jpg 80w\" sizes=\"auto, (max-width: 250px) 100vw, 250px\" \/>Disfrute de una experiencia para todas las edades, que combina naturaleza, tradici\u00f3n y diversi\u00f3n en Pago de Larrainzar, una peque\u00f1a bodega boutique reconocida internacionalmente por la calidad de sus vinos tintos.<\/p>\n<p>Esta actividad est\u00e1 pensada para grupos que viajan con ni\u00f1os y que desean visitar una bodega y catar sus vinos. En Pago de Larrainzar los menores podr\u00e1n divertirse imitando a los mayores y jugando a catar sin alcohol, mientras que sus padres disfrutan de la visita y cata.<\/p>\n<p>El grupo visitar\u00e1 el Jard\u00edn Experimental, e precioso vi\u00f1edo frente al Monasterio de Irache y la bodega, con explicaciones amenas y did\u00e1cticas para mayores y peque\u00f1os.<\/p>\n<p>La visita contin\u00faa en la sala social donde padres e hijos har\u00e1n sus diferentes degustaciones.<\/p>\n<ul>\n<li><strong>Adultos<\/strong>: Cata comentada de 3 vinos tintos diferentes, con distintas variedades y tipos de crianza. Degustaci\u00f3n de queso Idiaz\u00e1bal de la zona.<\/li>\n<li><strong>Ni\u00f1os<\/strong>: Acompa\u00f1ada de un picoteo a base de snacks, esta actividad se plantea como un reto, donde los ni\u00f1os jugar\u00e1n y competir\u00e1n en diferentes pruebas:\n<ul>\n<li>Cata a ciegas de dos mostos de uva.<\/li>\n<li>Juego de aromas, donde identificar diferentes aromas relacionados con la uva y la bodega.<\/li>\n<li>Taller de dibujo: los ni\u00f1os participar\u00e1n en el Concurso de Dibujo de Pago de Larrainzar, con un premio al mejor dibujo del mes, que recibir\u00e1n en su domicilio.<\/li>\n<\/ul>\n<\/li>\n<\/ul>\n<p><strong>Precio por persona:<\/strong><\/p>\n<ul>\n<li><strong>Adulto<\/strong>: 15 euros<\/li>\n<li><strong>Ni\u00f1os menores de 18 a\u00f1os:<\/strong> 10 euros<\/li>\n<li><strong>N\u00ba m\u00ednimo asistentes:<\/strong> 8 personas<\/li>\n<\/ul>\n<p>&nbsp;<\/p>\n<p><strong>Nota:<\/strong> Todas las actividades se pueden realizar en franc\u00e9s.<\/p>\n<p>[\/vc_column_text][\/vc_column][\/vc_row][vc_row][vc_column width=&#8221;1\/2&#8243;]<div class=\"single_image wpb_content_element align-right    \" data-animation=\"none\" data-delay=\"0\"><img loading=\"lazy\" decoding=\"async\" width=\"200\" height=\"73\" src=\"https:\/\/visitnavarra.info\/visitnavarra\/wp-content\/uploads\/2019\/05\/pago_larrainzar_logo.jpg\" class=\"attachment-full\" alt=\"\" \/><\/div>[\/vc_column][vc_column width=&#8221;1\/2&#8243;][vc_column_text]<strong>CONTACTO \/ RESERVAS<\/strong><br \/>\nEntidad \/ empresa: BODEGAS PAGO DE LARRAINZAR<br \/>\nContacto: Marian San Mart\u00edn<br \/>\nTel\u00e9fono: (+34) 609 606 188 | (+34) 948 550 421<br \/>\nDirecci\u00f3n: Camino de la Corona, s\/n. 31240 Ayegui<br \/>\nMail: <a href=\"mailto:info@pagodelarrainzar.com\">info@pagodelarrainzar.com<\/a><br \/>\nWeb: <a href=\"http:\/\/www.pagodelarrainzar.com\">www.pagodelarrainzar.com<\/a>[\/vc_column_text][\/vc_column][\/vc_row]<\/p>\n","protected":false},"excerpt":{"rendered":"<p>[vc_row][vc_column width=&#8221;1\/1&#8243;][vc_column_text]Disfrute de una experiencia para todas las edades, que combina naturaleza, tradici\u00f3n y diversi\u00f3n en Pago de Larrainzar, una peque\u00f1a bodega boutique reconocida internacionalmente por la calidad de sus vinos tintos. Esta actividad est\u00e1 pensada para grupos que viajan con ni\u00f1os y que desean visitar una bodega y catar sus vinos. En Pago de Larrainzar los menores podr\u00e1n divertirse imitando a los mayores y jugando a catar sin alcohol, mientras que sus padres disfrutan de la visita y cata. El grupo visitar\u00e1 el Jard\u00edn Experimental, e precioso vi\u00f1edo frente al Monasterio de Irache y la bodega, con explicaciones amenas y did\u00e1cticas para mayores y peque\u00f1os. La visita contin\u00faa en la sala social donde padres e hijos har\u00e1n sus diferentes degustaciones. Adultos: Cata comentada de 3 vinos tintos diferentes, con distintas variedades y tipos de crianza. Degustaci\u00f3n de queso Idiaz\u00e1bal de la zona. Ni\u00f1os: Acompa\u00f1ada de un picoteo a base de snacks, esta actividad se plantea como un reto, donde los ni\u00f1os jugar\u00e1n y competir\u00e1n en diferentes pruebas: Cata a ciegas de dos mostos de uva. Juego de aromas, donde identificar diferentes aromas relacionados con la uva y la bodega. Taller de dibujo: los ni\u00f1os participar\u00e1n en el Concurso de [&hellip;]<\/p>\n","protected":false},"author":1,"featured_media":0,"parent":0,"menu_order":0,"comment_status":"closed","ping_status":"closed","template":"","meta":{"footnotes":""},"class_list":["post-3460","page","type-page","status-publish","hentry"],"yoast_head":"<!-- This site is optimized with the Yoast SEO plugin v23.5 - https:\/\/yoast.com\/wordpress\/plugins\/seo\/ -->\n<title>BODEGAS PAGO DE LARRAINZAR: EXPERIENCIA EN FAMILIA Y CATA INFANTIL - VisitNavarra<\/title>\n<meta name=\"description\" content=\"Disfrute de una experiencia para todas las edades, que combina naturaleza, tradici\u00f3n y diversi\u00f3n en Pago de Larrainzar, una peque\u00f1a bodega\" \/>\n<meta name=\"robots\" content=\"index, follow, max-snippet:-1, max-image-preview:large, max-video-preview:-1\" \/>\n<link rel=\"canonical\" href=\"https:\/\/visitnavarra.info\/visitnavarra\/experiencia-familia-cata-infantil\/\" \/>\n<meta property=\"og:locale\" content=\"es_ES\" \/>\n<meta property=\"og:type\" content=\"article\" \/>\n<meta property=\"og:title\" content=\"BODEGAS PAGO DE LARRAINZAR: EXPERIENCIA EN FAMILIA Y CATA INFANTIL - VisitNavarra\" \/>\n<meta property=\"og:description\" content=\"Disfrute de una experiencia para todas las edades, que combina naturaleza, tradici\u00f3n y diversi\u00f3n en Pago de Larrainzar, una peque\u00f1a bodega\" \/>\n<meta property=\"og:url\" content=\"https:\/\/visitnavarra.info\/visitnavarra\/experiencia-familia-cata-infantil\/\" \/>\n<meta property=\"og:site_name\" content=\"VisitNavarra\" \/>\n<meta property=\"article:modified_time\" content=\"2022-01-18T11:50:37+00:00\" \/>\n<meta property=\"og:image\" content=\"https:\/\/visitnavarra.info\/visitnavarra\/wp-content\/uploads\/2022\/01\/pago-larrainzar-experiencia-en-familia-y-cata-infantil.jpg\" \/>\n<meta name=\"twitter:card\" content=\"summary_large_image\" \/>\n<meta name=\"twitter:label1\" content=\"Tiempo de lectura\" \/>\n\t<meta name=\"twitter:data1\" content=\"2 minutos\" \/>\n<script type=\"application\/ld+json\" class=\"yoast-schema-graph\">{\"@context\":\"https:\/\/schema.org\",\"@graph\":[{\"@type\":\"WebPage\",\"@id\":\"https:\/\/visitnavarra.info\/visitnavarra\/experiencia-familia-cata-infantil\/\",\"url\":\"https:\/\/visitnavarra.info\/visitnavarra\/experiencia-familia-cata-infantil\/\",\"name\":\"BODEGAS PAGO DE LARRAINZAR: EXPERIENCIA EN FAMILIA Y CATA INFANTIL - VisitNavarra\",\"isPartOf\":{\"@id\":\"https:\/\/visitnavarra.info\/visitnavarra\/#website\"},\"primaryImageOfPage\":{\"@id\":\"https:\/\/visitnavarra.info\/visitnavarra\/experiencia-familia-cata-infantil\/#primaryimage\"},\"image\":{\"@id\":\"https:\/\/visitnavarra.info\/visitnavarra\/experiencia-familia-cata-infantil\/#primaryimage\"},\"thumbnailUrl\":\"https:\/\/visitnavarra.info\/visitnavarra\/wp-content\/uploads\/2022\/01\/pago-larrainzar-experiencia-en-familia-y-cata-infantil.jpg\",\"datePublished\":\"2019-05-13T10:56:08+00:00\",\"dateModified\":\"2022-01-18T11:50:37+00:00\",\"description\":\"Disfrute de una experiencia para todas las edades, que combina naturaleza, tradici\u00f3n y diversi\u00f3n en Pago de Larrainzar, una peque\u00f1a bodega\",\"breadcrumb\":{\"@id\":\"https:\/\/visitnavarra.info\/visitnavarra\/experiencia-familia-cata-infantil\/#breadcrumb\"},\"inLanguage\":\"es\",\"potentialAction\":[{\"@type\":\"ReadAction\",\"target\":[\"https:\/\/visitnavarra.info\/visitnavarra\/experiencia-familia-cata-infantil\/\"]}]},{\"@type\":\"ImageObject\",\"inLanguage\":\"es\",\"@id\":\"https:\/\/visitnavarra.info\/visitnavarra\/experiencia-familia-cata-infantil\/#primaryimage\",\"url\":\"https:\/\/visitnavarra.info\/visitnavarra\/wp-content\/uploads\/2022\/01\/pago-larrainzar-experiencia-en-familia-y-cata-infantil.jpg\",\"contentUrl\":\"https:\/\/visitnavarra.info\/visitnavarra\/wp-content\/uploads\/2022\/01\/pago-larrainzar-experiencia-en-familia-y-cata-infantil.jpg\",\"width\":250,\"height\":250},{\"@type\":\"BreadcrumbList\",\"@id\":\"https:\/\/visitnavarra.info\/visitnavarra\/experiencia-familia-cata-infantil\/#breadcrumb\",\"itemListElement\":[{\"@type\":\"ListItem\",\"position\":1,\"name\":\"Portada\",\"item\":\"https:\/\/visitnavarra.info\/visitnavarra\/\"},{\"@type\":\"ListItem\",\"position\":2,\"name\":\"BODEGAS PAGO DE LARRAINZAR: EXPERIENCIA EN FAMILIA Y CATA INFANTIL\"}]},{\"@type\":\"WebSite\",\"@id\":\"https:\/\/visitnavarra.info\/visitnavarra\/#website\",\"url\":\"https:\/\/visitnavarra.info\/visitnavarra\/\",\"name\":\"VisitNavarra\",\"description\":\"Alojamiento y experiencias tur\u00edsticas en Navarra; qu\u00e9 visitar en Navarra; comer en Navarra\",\"potentialAction\":[{\"@type\":\"SearchAction\",\"target\":{\"@type\":\"EntryPoint\",\"urlTemplate\":\"https:\/\/visitnavarra.info\/visitnavarra\/?s={search_term_string}\"},\"query-input\":{\"@type\":\"PropertyValueSpecification\",\"valueRequired\":true,\"valueName\":\"search_term_string\"}}],\"inLanguage\":\"es\"}]}<\/script>\n<!-- \/ Yoast SEO plugin. -->","yoast_head_json":{"title":"BODEGAS PAGO DE LARRAINZAR: EXPERIENCIA EN FAMILIA Y CATA INFANTIL - VisitNavarra","description":"Disfrute de una experiencia para todas las edades, que combina naturaleza, tradici\u00f3n y diversi\u00f3n en Pago de Larrainzar, una peque\u00f1a bodega","robots":{"index":"index","follow":"follow","max-snippet":"max-snippet:-1","max-image-preview":"max-image-preview:large","max-video-preview":"max-video-preview:-1"},"canonical":"https:\/\/visitnavarra.info\/visitnavarra\/experiencia-familia-cata-infantil\/","og_locale":"es_ES","og_type":"article","og_title":"BODEGAS PAGO DE LARRAINZAR: EXPERIENCIA EN FAMILIA Y CATA INFANTIL - VisitNavarra","og_description":"Disfrute de una experiencia para todas las edades, que combina naturaleza, tradici\u00f3n y diversi\u00f3n en Pago de Larrainzar, una peque\u00f1a bodega","og_url":"https:\/\/visitnavarra.info\/visitnavarra\/experiencia-familia-cata-infantil\/","og_site_name":"VisitNavarra","article_modified_time":"2022-01-18T11:50:37+00:00","og_image":[{"url":"https:\/\/visitnavarra.info\/visitnavarra\/wp-content\/uploads\/2022\/01\/pago-larrainzar-experiencia-en-familia-y-cata-infantil.jpg"}],"twitter_card":"summary_large_image","twitter_misc":{"Tiempo de lectura":"2 minutos"},"schema":{"@context":"https:\/\/schema.org","@graph":[{"@type":"WebPage","@id":"https:\/\/visitnavarra.info\/visitnavarra\/experiencia-familia-cata-infantil\/","url":"https:\/\/visitnavarra.info\/visitnavarra\/experiencia-familia-cata-infantil\/","name":"BODEGAS PAGO DE LARRAINZAR: EXPERIENCIA EN FAMILIA Y CATA INFANTIL - VisitNavarra","isPartOf":{"@id":"https:\/\/visitnavarra.info\/visitnavarra\/#website"},"primaryImageOfPage":{"@id":"https:\/\/visitnavarra.info\/visitnavarra\/experiencia-familia-cata-infantil\/#primaryimage"},"image":{"@id":"https:\/\/visitnavarra.info\/visitnavarra\/experiencia-familia-cata-infantil\/#primaryimage"},"thumbnailUrl":"https:\/\/visitnavarra.info\/visitnavarra\/wp-content\/uploads\/2022\/01\/pago-larrainzar-experiencia-en-familia-y-cata-infantil.jpg","datePublished":"2019-05-13T10:56:08+00:00","dateModified":"2022-01-18T11:50:37+00:00","description":"Disfrute de una experiencia para todas las edades, que combina naturaleza, tradici\u00f3n y diversi\u00f3n en Pago de Larrainzar, una peque\u00f1a bodega","breadcrumb":{"@id":"https:\/\/visitnavarra.info\/visitnavarra\/experiencia-familia-cata-infantil\/#breadcrumb"},"inLanguage":"es","potentialAction":[{"@type":"ReadAction","target":["https:\/\/visitnavarra.info\/visitnavarra\/experiencia-familia-cata-infantil\/"]}]},{"@type":"ImageObject","inLanguage":"es","@id":"https:\/\/visitnavarra.info\/visitnavarra\/experiencia-familia-cata-infantil\/#primaryimage","url":"https:\/\/visitnavarra.info\/visitnavarra\/wp-content\/uploads\/2022\/01\/pago-larrainzar-experiencia-en-familia-y-cata-infantil.jpg","contentUrl":"https:\/\/visitnavarra.info\/visitnavarra\/wp-content\/uploads\/2022\/01\/pago-larrainzar-experiencia-en-familia-y-cata-infantil.jpg","width":250,"height":250},{"@type":"BreadcrumbList","@id":"https:\/\/visitnavarra.info\/visitnavarra\/experiencia-familia-cata-infantil\/#breadcrumb","itemListElement":[{"@type":"ListItem","position":1,"name":"Portada","item":"https:\/\/visitnavarra.info\/visitnavarra\/"},{"@type":"ListItem","position":2,"name":"BODEGAS PAGO DE LARRAINZAR: EXPERIENCIA EN FAMILIA Y CATA INFANTIL"}]},{"@type":"WebSite","@id":"https:\/\/visitnavarra.info\/visitnavarra\/#website","url":"https:\/\/visitnavarra.info\/visitnavarra\/","name":"VisitNavarra","description":"Alojamiento y experiencias tur\u00edsticas en Navarra; qu\u00e9 visitar en Navarra; comer en Navarra","potentialAction":[{"@type":"SearchAction","target":{"@type":"EntryPoint","urlTemplate":"https:\/\/visitnavarra.info\/visitnavarra\/?s={search_term_string}"},"query-input":{"@type":"PropertyValueSpecification","valueRequired":true,"valueName":"search_term_string"}}],"inLanguage":"es"}]}},"_links":{"self":[{"href":"https:\/\/visitnavarra.info\/visitnavarra\/wp-json\/wp\/v2\/pages\/3460","targetHints":{"allow":["GET"]}}],"collection":[{"href":"https:\/\/visitnavarra.info\/visitnavarra\/wp-json\/wp\/v2\/pages"}],"about":[{"href":"https:\/\/visitnavarra.info\/visitnavarra\/wp-json\/wp\/v2\/types\/page"}],"author":[{"embeddable":true,"href":"https:\/\/visitnavarra.info\/visitnavarra\/wp-json\/wp\/v2\/users\/1"}],"replies":[{"embeddable":true,"href":"https:\/\/visitnavarra.info\/visitnavarra\/wp-json\/wp\/v2\/comments?post=3460"}],"version-history":[{"count":6,"href":"https:\/\/visitnavarra.info\/visitnavarra\/wp-json\/wp\/v2\/pages\/3460\/revisions"}],"predecessor-version":[{"id":11701,"href":"https:\/\/visitnavarra.info\/visitnavarra\/wp-json\/wp\/v2\/pages\/3460\/revisions\/11701"}],"wp:attachment":[{"href":"https:\/\/visitnavarra.info\/visitnavarra\/wp-json\/wp\/v2\/media?parent=3460"}],"curies":[{"name":"wp","href":"https:\/\/api.w.org\/{rel}","templated":true}]}}