{"id":3472,"date":"2019-05-13T11:18:04","date_gmt":"2019-05-13T11:18:04","guid":{"rendered":"https:\/\/visitnavarra.info\/visitnavarra\/?page_id=3472"},"modified":"2022-01-18T11:33:41","modified_gmt":"2022-01-18T11:33:41","slug":"jornada-trabajo-teambuilding","status":"publish","type":"page","link":"https:\/\/visitnavarra.info\/visitnavarra\/jornada-trabajo-teambuilding\/","title":{"rendered":"BODEGAS PAGO DE LARRAINZAR: JORNADA DE TRABAJO Y TEAM BUILDING"},"content":{"rendered":"<p>[vc_row][vc_column width=&#8221;1\/1&#8243;][vc_column_text]<img loading=\"lazy\" decoding=\"async\" class=\"size-full wp-image-3405 alignleft\" src=\"https:\/\/visitnavarra.info\/visitnavarra\/wp-content\/uploads\/2019\/05\/pago-larrainzar-250-experiencia-familia-enologia.jpg\" alt=\"\" width=\"250\" height=\"250\" srcset=\"https:\/\/visitnavarra.info\/visitnavarra\/wp-content\/uploads\/2019\/05\/pago-larrainzar-250-experiencia-familia-enologia.jpg 250w, https:\/\/visitnavarra.info\/visitnavarra\/wp-content\/uploads\/2019\/05\/pago-larrainzar-250-experiencia-familia-enologia-150x150.jpg 150w, https:\/\/visitnavarra.info\/visitnavarra\/wp-content\/uploads\/2019\/05\/pago-larrainzar-250-experiencia-familia-enologia-80x80.jpg 80w\" sizes=\"auto, (max-width: 250px) 100vw, 250px\" \/>Actividad de team building en torno al vino en Bodegas Pago de Larrainzar, donde disfrutar de un d\u00eda de trabajo en equipo en un entorno precioso, junto al Monasterio de Irache.<\/p>\n<p>Re\u00fana al equipo de trabajo de su empresa en una bodega solo para ustedes.<\/p>\n<p>Adem\u00e1s de un tiempo para su reuni\u00f3n de trabajo, podr\u00e1 descubrir los secretos de elaboraci\u00f3n de una de las bodegas m\u00e1s reconocidas de Navarra, con numerosos galardones internacionales.<\/p>\n<p>Tras la visita guiada por personal cualificado recorriendo el vi\u00f1edo y la bodega, el grupo realizar\u00e1 una cata comentada de 3 vinos tintos, acompa\u00f1ada de una degustaci\u00f3n de queso Idiazabal de la zona.<\/p>\n<h4>Despu\u00e9s, los grupos se enfrentar\u00e1n al reto de los Juegos de Cata, donde podr\u00e1n competir y demostrar todo lo aprendido en las siguientes pruebas:<\/h4>\n<ul>\n<li><strong>Prueba de Ensamblaje:<\/strong> Se realizar\u00e1 en la sala de barricas. Cada grupo tendr\u00e1 vinos Pago de Larrainzar sin ensamblar elaborados con diferentes variedades. Tendr\u00e1n que decidir el coupage final, utilizando los vinos y porcentajes que estimen adecuados. Los en\u00f3logos decidir\u00e1n decidir\u00e1 cu\u00e1l es el vino que m\u00e1s ha gustado.<\/li>\n<li><strong>Prueba de Aromas:<\/strong> Se utilizar\u00e1n diferentes tarros de esencias para que cada grupo logre identificar diferentes aromas vinculados al mundo del vino.<\/li>\n<li><strong>Prueba de las a\u00f1adas:<\/strong> identifica la sucesi\u00f3n correcta de diferentes a\u00f1adas de Pago de Larrainzar.<\/li>\n<li><strong>Prueba de las zonas de Espa\u00f1a:<\/strong> relaciona cada vino con su zona de origen.<\/li>\n<li><strong>Prueba de las gamas de precios:<\/strong> asigna a cada vino una horquilla de precio.<\/li>\n<li><strong>Prueba misteriosa:<\/strong> localiza el vino Pago de Larrainzar entre otros vinos.<\/li>\n<\/ul>\n<p>Una actividad divertida, dise\u00f1ada para empresas en un entorno \u00fanico, donde la historia y la tradici\u00f3n familiar se unen a la magia del mundo del vino. Combinaci\u00f3n perfecta de un d\u00eda de trabajo, visita guiada, cata y un juego diferente, con muchas dosis de emoci\u00f3n, ingenio y buen humor.<\/p>\n<p><strong>Precio por persona: a consultar<\/strong><br \/>\n<strong>N\u00ba m\u00ednimo asistentes: 8 personas<\/strong><\/p>\n<p>&nbsp;<\/p>\n<p><strong>Nota<\/strong>: Todas las actividades se pueden realizar en franc\u00e9s.[\/vc_column_text][\/vc_column][\/vc_row][vc_row][vc_column width=&#8221;1\/2&#8243;]<div class=\"single_image wpb_content_element align-right    \" data-animation=\"none\" data-delay=\"0\"><img loading=\"lazy\" decoding=\"async\" width=\"200\" height=\"73\" src=\"https:\/\/visitnavarra.info\/visitnavarra\/wp-content\/uploads\/2019\/05\/pago_larrainzar_logo.jpg\" class=\"attachment-full\" alt=\"\" \/><\/div>[\/vc_column][vc_column width=&#8221;1\/2&#8243;][vc_column_text]<strong>CONTACTO \/ RESERVAS<\/strong><br \/>\nEntidad \/ empresa: BODEGAS PAGO DE LARRAINZAR<br \/>\nContacto: Marian San Mart\u00edn<br \/>\nTel\u00e9fono: (+34) 609 606 188 | (+34) 948 550 421<br \/>\nDirecci\u00f3n: Camino de la Corona, s\/n. 31240 Ayegui<br \/>\nMail: <a href=\"mailto:info@pagodelarrainzar.com\">info@pagodelarrainzar.com<\/a><br \/>\nWeb: <a href=\"http:\/\/www.pagodelarrainzar.com\">www.pagodelarrainzar.com<\/a>[\/vc_column_text][\/vc_column][\/vc_row]<\/p>\n","protected":false},"excerpt":{"rendered":"<p>[vc_row][vc_column width=&#8221;1\/1&#8243;][vc_column_text]Actividad de team building en torno al vino en Bodegas Pago de Larrainzar, donde disfrutar de un d\u00eda de trabajo en equipo en un entorno precioso, junto al Monasterio de Irache. Re\u00fana al equipo de trabajo de su empresa en una bodega solo para ustedes. Adem\u00e1s de un tiempo para su reuni\u00f3n de trabajo, podr\u00e1 descubrir los secretos de elaboraci\u00f3n de una de las bodegas m\u00e1s reconocidas de Navarra, con numerosos galardones internacionales. Tras la visita guiada por personal cualificado recorriendo el vi\u00f1edo y la bodega, el grupo realizar\u00e1 una cata comentada de 3 vinos tintos, acompa\u00f1ada de una degustaci\u00f3n de queso Idiazabal de la zona. Despu\u00e9s, los grupos se enfrentar\u00e1n al reto de los Juegos de Cata, donde podr\u00e1n competir y demostrar todo lo aprendido en las siguientes pruebas: Prueba de Ensamblaje: Se realizar\u00e1 en la sala de barricas. Cada grupo tendr\u00e1 vinos Pago de Larrainzar sin ensamblar elaborados con diferentes variedades. Tendr\u00e1n que decidir el coupage final, utilizando los vinos y porcentajes que estimen adecuados. Los en\u00f3logos decidir\u00e1n decidir\u00e1 cu\u00e1l es el vino que m\u00e1s ha gustado. Prueba de Aromas: Se utilizar\u00e1n diferentes tarros de esencias para que cada grupo logre identificar diferentes aromas vinculados al mundo [&hellip;]<\/p>\n","protected":false},"author":1,"featured_media":0,"parent":0,"menu_order":0,"comment_status":"closed","ping_status":"closed","template":"","meta":{"footnotes":""},"class_list":["post-3472","page","type-page","status-publish","hentry"],"yoast_head":"<!-- This site is optimized with the Yoast SEO plugin v23.5 - https:\/\/yoast.com\/wordpress\/plugins\/seo\/ -->\n<title>Bodegas pago de larrainzar jornada de trabajo y team - VisitNavarra<\/title>\n<meta name=\"description\" content=\"Actividad de team building en torno al vino en Bodegas Pago de Larrainzar, donde disfrutar de un d\u00eda de trabajo en equipo en un entorno\" \/>\n<meta name=\"robots\" content=\"index, follow, max-snippet:-1, max-image-preview:large, max-video-preview:-1\" \/>\n<link rel=\"canonical\" href=\"https:\/\/visitnavarra.info\/visitnavarra\/jornada-trabajo-teambuilding\/\" \/>\n<meta property=\"og:locale\" content=\"es_ES\" \/>\n<meta property=\"og:type\" content=\"article\" \/>\n<meta property=\"og:title\" content=\"Bodegas pago de larrainzar jornada de trabajo y team - VisitNavarra\" \/>\n<meta property=\"og:description\" content=\"Actividad de team building en torno al vino en Bodegas Pago de Larrainzar, donde disfrutar de un d\u00eda de trabajo en equipo en un entorno\" \/>\n<meta property=\"og:url\" content=\"https:\/\/visitnavarra.info\/visitnavarra\/jornada-trabajo-teambuilding\/\" \/>\n<meta property=\"og:site_name\" content=\"VisitNavarra\" \/>\n<meta property=\"article:modified_time\" content=\"2022-01-18T11:33:41+00:00\" \/>\n<meta property=\"og:image\" content=\"https:\/\/visitnavarra.info\/visitnavarra\/wp-content\/uploads\/2019\/05\/pago-larrainzar-250-experiencia-familia-enologia.jpg\" \/>\n<meta name=\"twitter:card\" content=\"summary_large_image\" \/>\n<meta name=\"twitter:label1\" content=\"Tiempo de lectura\" \/>\n\t<meta name=\"twitter:data1\" content=\"2 minutos\" \/>\n<script type=\"application\/ld+json\" class=\"yoast-schema-graph\">{\"@context\":\"https:\/\/schema.org\",\"@graph\":[{\"@type\":\"WebPage\",\"@id\":\"https:\/\/visitnavarra.info\/visitnavarra\/jornada-trabajo-teambuilding\/\",\"url\":\"https:\/\/visitnavarra.info\/visitnavarra\/jornada-trabajo-teambuilding\/\",\"name\":\"Bodegas pago de larrainzar jornada de trabajo y team - VisitNavarra\",\"isPartOf\":{\"@id\":\"https:\/\/visitnavarra.info\/visitnavarra\/#website\"},\"primaryImageOfPage\":{\"@id\":\"https:\/\/visitnavarra.info\/visitnavarra\/jornada-trabajo-teambuilding\/#primaryimage\"},\"image\":{\"@id\":\"https:\/\/visitnavarra.info\/visitnavarra\/jornada-trabajo-teambuilding\/#primaryimage\"},\"thumbnailUrl\":\"https:\/\/visitnavarra.info\/visitnavarra\/wp-content\/uploads\/2019\/05\/pago-larrainzar-250-experiencia-familia-enologia.jpg\",\"datePublished\":\"2019-05-13T11:18:04+00:00\",\"dateModified\":\"2022-01-18T11:33:41+00:00\",\"description\":\"Actividad de team building en torno al vino en Bodegas Pago de Larrainzar, donde disfrutar de un d\u00eda de trabajo en equipo en un entorno\",\"breadcrumb\":{\"@id\":\"https:\/\/visitnavarra.info\/visitnavarra\/jornada-trabajo-teambuilding\/#breadcrumb\"},\"inLanguage\":\"es\",\"potentialAction\":[{\"@type\":\"ReadAction\",\"target\":[\"https:\/\/visitnavarra.info\/visitnavarra\/jornada-trabajo-teambuilding\/\"]}]},{\"@type\":\"ImageObject\",\"inLanguage\":\"es\",\"@id\":\"https:\/\/visitnavarra.info\/visitnavarra\/jornada-trabajo-teambuilding\/#primaryimage\",\"url\":\"https:\/\/visitnavarra.info\/visitnavarra\/wp-content\/uploads\/2019\/05\/pago-larrainzar-250-experiencia-familia-enologia.jpg\",\"contentUrl\":\"https:\/\/visitnavarra.info\/visitnavarra\/wp-content\/uploads\/2019\/05\/pago-larrainzar-250-experiencia-familia-enologia.jpg\",\"width\":250,\"height\":250},{\"@type\":\"BreadcrumbList\",\"@id\":\"https:\/\/visitnavarra.info\/visitnavarra\/jornada-trabajo-teambuilding\/#breadcrumb\",\"itemListElement\":[{\"@type\":\"ListItem\",\"position\":1,\"name\":\"Portada\",\"item\":\"https:\/\/visitnavarra.info\/visitnavarra\/\"},{\"@type\":\"ListItem\",\"position\":2,\"name\":\"BODEGAS PAGO DE LARRAINZAR: JORNADA DE TRABAJO Y TEAM BUILDING\"}]},{\"@type\":\"WebSite\",\"@id\":\"https:\/\/visitnavarra.info\/visitnavarra\/#website\",\"url\":\"https:\/\/visitnavarra.info\/visitnavarra\/\",\"name\":\"VisitNavarra\",\"description\":\"Alojamiento y experiencias tur\u00edsticas en Navarra; qu\u00e9 visitar en Navarra; comer en Navarra\",\"potentialAction\":[{\"@type\":\"SearchAction\",\"target\":{\"@type\":\"EntryPoint\",\"urlTemplate\":\"https:\/\/visitnavarra.info\/visitnavarra\/?s={search_term_string}\"},\"query-input\":{\"@type\":\"PropertyValueSpecification\",\"valueRequired\":true,\"valueName\":\"search_term_string\"}}],\"inLanguage\":\"es\"}]}<\/script>\n<!-- \/ Yoast SEO plugin. -->","yoast_head_json":{"title":"Bodegas pago de larrainzar jornada de trabajo y team - VisitNavarra","description":"Actividad de team building en torno al vino en Bodegas Pago de Larrainzar, donde disfrutar de un d\u00eda de trabajo en equipo en un entorno","robots":{"index":"index","follow":"follow","max-snippet":"max-snippet:-1","max-image-preview":"max-image-preview:large","max-video-preview":"max-video-preview:-1"},"canonical":"https:\/\/visitnavarra.info\/visitnavarra\/jornada-trabajo-teambuilding\/","og_locale":"es_ES","og_type":"article","og_title":"Bodegas pago de larrainzar jornada de trabajo y team - VisitNavarra","og_description":"Actividad de team building en torno al vino en Bodegas Pago de Larrainzar, donde disfrutar de un d\u00eda de trabajo en equipo en un entorno","og_url":"https:\/\/visitnavarra.info\/visitnavarra\/jornada-trabajo-teambuilding\/","og_site_name":"VisitNavarra","article_modified_time":"2022-01-18T11:33:41+00:00","og_image":[{"url":"https:\/\/visitnavarra.info\/visitnavarra\/wp-content\/uploads\/2019\/05\/pago-larrainzar-250-experiencia-familia-enologia.jpg"}],"twitter_card":"summary_large_image","twitter_misc":{"Tiempo de lectura":"2 minutos"},"schema":{"@context":"https:\/\/schema.org","@graph":[{"@type":"WebPage","@id":"https:\/\/visitnavarra.info\/visitnavarra\/jornada-trabajo-teambuilding\/","url":"https:\/\/visitnavarra.info\/visitnavarra\/jornada-trabajo-teambuilding\/","name":"Bodegas pago de larrainzar jornada de trabajo y team - VisitNavarra","isPartOf":{"@id":"https:\/\/visitnavarra.info\/visitnavarra\/#website"},"primaryImageOfPage":{"@id":"https:\/\/visitnavarra.info\/visitnavarra\/jornada-trabajo-teambuilding\/#primaryimage"},"image":{"@id":"https:\/\/visitnavarra.info\/visitnavarra\/jornada-trabajo-teambuilding\/#primaryimage"},"thumbnailUrl":"https:\/\/visitnavarra.info\/visitnavarra\/wp-content\/uploads\/2019\/05\/pago-larrainzar-250-experiencia-familia-enologia.jpg","datePublished":"2019-05-13T11:18:04+00:00","dateModified":"2022-01-18T11:33:41+00:00","description":"Actividad de team building en torno al vino en Bodegas Pago de Larrainzar, donde disfrutar de un d\u00eda de trabajo en equipo en un entorno","breadcrumb":{"@id":"https:\/\/visitnavarra.info\/visitnavarra\/jornada-trabajo-teambuilding\/#breadcrumb"},"inLanguage":"es","potentialAction":[{"@type":"ReadAction","target":["https:\/\/visitnavarra.info\/visitnavarra\/jornada-trabajo-teambuilding\/"]}]},{"@type":"ImageObject","inLanguage":"es","@id":"https:\/\/visitnavarra.info\/visitnavarra\/jornada-trabajo-teambuilding\/#primaryimage","url":"https:\/\/visitnavarra.info\/visitnavarra\/wp-content\/uploads\/2019\/05\/pago-larrainzar-250-experiencia-familia-enologia.jpg","contentUrl":"https:\/\/visitnavarra.info\/visitnavarra\/wp-content\/uploads\/2019\/05\/pago-larrainzar-250-experiencia-familia-enologia.jpg","width":250,"height":250},{"@type":"BreadcrumbList","@id":"https:\/\/visitnavarra.info\/visitnavarra\/jornada-trabajo-teambuilding\/#breadcrumb","itemListElement":[{"@type":"ListItem","position":1,"name":"Portada","item":"https:\/\/visitnavarra.info\/visitnavarra\/"},{"@type":"ListItem","position":2,"name":"BODEGAS PAGO DE LARRAINZAR: JORNADA DE TRABAJO Y TEAM BUILDING"}]},{"@type":"WebSite","@id":"https:\/\/visitnavarra.info\/visitnavarra\/#website","url":"https:\/\/visitnavarra.info\/visitnavarra\/","name":"VisitNavarra","description":"Alojamiento y experiencias tur\u00edsticas en Navarra; qu\u00e9 visitar en Navarra; comer en Navarra","potentialAction":[{"@type":"SearchAction","target":{"@type":"EntryPoint","urlTemplate":"https:\/\/visitnavarra.info\/visitnavarra\/?s={search_term_string}"},"query-input":{"@type":"PropertyValueSpecification","valueRequired":true,"valueName":"search_term_string"}}],"inLanguage":"es"}]}},"_links":{"self":[{"href":"https:\/\/visitnavarra.info\/visitnavarra\/wp-json\/wp\/v2\/pages\/3472","targetHints":{"allow":["GET"]}}],"collection":[{"href":"https:\/\/visitnavarra.info\/visitnavarra\/wp-json\/wp\/v2\/pages"}],"about":[{"href":"https:\/\/visitnavarra.info\/visitnavarra\/wp-json\/wp\/v2\/types\/page"}],"author":[{"embeddable":true,"href":"https:\/\/visitnavarra.info\/visitnavarra\/wp-json\/wp\/v2\/users\/1"}],"replies":[{"embeddable":true,"href":"https:\/\/visitnavarra.info\/visitnavarra\/wp-json\/wp\/v2\/comments?post=3472"}],"version-history":[{"count":8,"href":"https:\/\/visitnavarra.info\/visitnavarra\/wp-json\/wp\/v2\/pages\/3472\/revisions"}],"predecessor-version":[{"id":11684,"href":"https:\/\/visitnavarra.info\/visitnavarra\/wp-json\/wp\/v2\/pages\/3472\/revisions\/11684"}],"wp:attachment":[{"href":"https:\/\/visitnavarra.info\/visitnavarra\/wp-json\/wp\/v2\/media?parent=3472"}],"curies":[{"name":"wp","href":"https:\/\/api.w.org\/{rel}","templated":true}]}}