{"id":3483,"date":"2019-05-13T14:25:22","date_gmt":"2019-05-13T14:25:22","guid":{"rendered":"https:\/\/visitnavarra.info\/visitnavarra\/?page_id=3483"},"modified":"2020-11-24T16:09:31","modified_gmt":"2020-11-24T16:09:31","slug":"otra-manera-conocer-pirineo-navarro","status":"publish","type":"page","link":"https:\/\/visitnavarra.info\/visitnavarra\/otra-manera-conocer-pirineo-navarro\/","title":{"rendered":"OTRA MANERA DE CONOCER EL PIRINEO NAVARRO"},"content":{"rendered":"<p>[vc_row][vc_column width=&#8221;1\/1&#8243;][vc_column_text]<strong>ESPRESS PIRINEO NAVARRO<\/strong><br \/>\nRutas de Valles Verdes, Nobles Caser\u00edos de piedra rosada y grandes balconadas, pueblos encantados con sus cuevas y brujas, clima suave de molinos, tierra de hidalgos, palacios, contrabandistas y cazadores, que conviven con arquitecturas Belle Epoque,<br \/>\n\u00bfQUIERES EXPERIMENTARLO?<\/p>\n<p>D\u00cdA 1 \u2013 PAMPLONA<br \/>\nLlegada \u2013 Almuerzo \u2013 Recorrido por Pamplona &#8211; Cena<\/p>\n<p>D\u00cdA 2 &#8211; BAYONA \u2013 BIARRITZ \u2013 ELIZONDO-VALLE DEL BAZT\u00c1N<br \/>\nBayona \u2013 Biarritz &#8211; (Regreso al hotel para Almuerzo) \u2013 Arizkun \u2013 Amaiur \u2013 Elizondo (Cena)<\/p>\n<p>D\u00cdA 3 &#8211; ELIZONDO-RONCESVALLES \u2013 SAINT JEAN DE PIED PORT<br \/>\nSAINT JEAN-PIED-DE-PORT &#8211; RONCESVALLES (Almuerzo y Visita) &#8211; Regreso al hotel (Cena y alojamiento)<\/p>\n<p>D\u00cdA 4 &#8211; PAMPLONA<br \/>\nDesayuno &#8211; ma\u00f1ana libre &#8211; Experiencias gastron\u00f3micas almuerzo seg\u00fan nuestra Ruta de Pintxos con bebida en varios Bares del Casco viejo de Pamplona. Fin de nuestros servicios.<\/p>\n<p>PRECIO POR PERSONA 290 EUROS (Grupo M\u00ednimo 25 Persona)<br \/>\nPRECIO POR PERSONA 540 EUROS (M\u00ednimo 2 Personas)<br \/>\nPRECIO POR PERSONA 780 EUROS (d\u00edas 1\u00ba al 4\u00ba con gu\u00eda y coche) M\u00ednimo 2 Personas<\/p>\n<p>El precio incluye:<\/p>\n<ul>\n<li>Estancia en hotel Bazt\u00e1n 3*** Elizondo. Servicios seg\u00fan programa.<\/li>\n<li>Estancia en Hotel Maisonnave 4**** Pamplona<\/li>\n<li>R\u00e9gimen de comidas seg\u00fan itinerario.<\/li>\n<li>Coche de alquiler para 2 a 5 Personas. Grupo no incluido<\/li>\n<li>Gu\u00eda locales en destino.<\/li>\n<li>Visitas detalladas en programa. + Seguro de viaje<\/li>\n<\/ul>\n<p>&nbsp;<\/p>\n<p><strong>Nota<\/strong>: En franc\u00e9s para grupos cerrados. A nivel individual bajo peticion.<\/p>\n<p>&nbsp;<\/p>\n<p>[\/vc_column_text][\/vc_column][\/vc_row][vc_row][vc_column width=&#8221;1\/2&#8243;]<div class=\"single_image wpb_content_element align-right    \" data-animation=\"none\" data-delay=\"0\"><img loading=\"lazy\" decoding=\"async\" class=\"\" src=\"https:\/\/visitnavarra.info\/visitnavarra\/wp-content\/uploads\/2019\/05\/viajes_navarsol_logo-2-200x128.jpg\" width=\"200\" height=\"128\" alt=\"viajes_navarsol_logo\" title=\"viajes_navarsol_logo\" \/><\/div>[\/vc_column][vc_column width=&#8221;1\/2&#8243;][vc_column_text]<strong>CONTACTO \/ RESERVAS<\/strong><br \/>\nEntidad \/ empresa: NAVARSOL AGENCIA DE VIAJES<br \/>\nN\u00ba Registro Turismo: C.I.NA013<br \/>\nDirecci\u00f3n: Avda Sancho El Fuerte, 8 &#8211; 31007 Pamplona<br \/>\nTel\u00e9fono: (+34) 948 198 758 | Fax: (+34) 948 171 735<br \/>\nMail: <a href=\"mailto:juanchi@navarsol.com\">juanchi@navarsol.com<\/a><br \/>\nWeb: <a href=\"http:\/\/www.navarsol.com\">www.navarsol.com<\/a>[\/vc_column_text][\/vc_column][\/vc_row]<\/p>\n","protected":false},"excerpt":{"rendered":"<p>[vc_row][vc_column width=&#8221;1\/1&#8243;][vc_column_text]ESPRESS PIRINEO NAVARRO Rutas de Valles Verdes, Nobles Caser\u00edos de piedra rosada y grandes balconadas, pueblos encantados con sus cuevas y brujas, clima suave de molinos, tierra de hidalgos, palacios, contrabandistas y cazadores, que conviven con arquitecturas Belle Epoque, \u00bfQUIERES EXPERIMENTARLO? D\u00cdA 1 \u2013 PAMPLONA Llegada \u2013 Almuerzo \u2013 Recorrido por Pamplona &#8211; Cena D\u00cdA 2 &#8211; BAYONA \u2013 BIARRITZ \u2013 ELIZONDO-VALLE DEL BAZT\u00c1N Bayona \u2013 Biarritz &#8211; (Regreso al hotel para Almuerzo) \u2013 Arizkun \u2013 Amaiur \u2013 Elizondo (Cena) D\u00cdA 3 &#8211; ELIZONDO-RONCESVALLES \u2013 SAINT JEAN DE PIED PORT SAINT JEAN-PIED-DE-PORT &#8211; RONCESVALLES (Almuerzo y Visita) &#8211; Regreso al hotel (Cena y alojamiento) D\u00cdA 4 &#8211; PAMPLONA Desayuno &#8211; ma\u00f1ana libre &#8211; Experiencias gastron\u00f3micas almuerzo seg\u00fan nuestra Ruta de Pintxos con bebida en varios Bares del Casco viejo de Pamplona. Fin de nuestros servicios. PRECIO POR PERSONA 290 EUROS (Grupo M\u00ednimo 25 Persona) PRECIO POR PERSONA 540 EUROS (M\u00ednimo 2 Personas) PRECIO POR PERSONA 780 EUROS (d\u00edas 1\u00ba al 4\u00ba con gu\u00eda y coche) M\u00ednimo 2 Personas El precio incluye: Estancia en hotel Bazt\u00e1n 3*** Elizondo. Servicios seg\u00fan programa. Estancia en Hotel Maisonnave 4**** Pamplona R\u00e9gimen de comidas seg\u00fan itinerario. Coche de alquiler para 2 a 5 Personas. [&hellip;]<\/p>\n","protected":false},"author":1,"featured_media":0,"parent":0,"menu_order":0,"comment_status":"closed","ping_status":"closed","template":"","meta":{"footnotes":""},"class_list":["post-3483","page","type-page","status-publish","hentry"],"yoast_head":"<!-- This site is optimized with the Yoast SEO plugin v23.5 - https:\/\/yoast.com\/wordpress\/plugins\/seo\/ -->\n<title>OTRA MANERA DE CONOCER EL PIRINEO NAVARRO - VisitNavarra<\/title>\n<meta name=\"description\" content=\"Otra manera de conocer el pirineos Navarro, Rutas de Valles Verdes, Nobles Caser\u00edos de piedra rosada y grandes balconadas, pueblos encantados con sus cuevas y brujas, Rutas de Valles Verdes, Nobles Caser\u00edos de piedra rosada y grandes balconadas,\" \/>\n<meta name=\"robots\" content=\"index, follow, max-snippet:-1, max-image-preview:large, max-video-preview:-1\" \/>\n<link rel=\"canonical\" href=\"https:\/\/visitnavarra.info\/visitnavarra\/otra-manera-conocer-pirineo-navarro\/\" \/>\n<meta property=\"og:locale\" content=\"es_ES\" \/>\n<meta property=\"og:type\" content=\"article\" \/>\n<meta property=\"og:title\" content=\"OTRA MANERA DE CONOCER EL PIRINEO NAVARRO - VisitNavarra\" \/>\n<meta property=\"og:description\" content=\"Otra manera de conocer el pirineos Navarro, Rutas de Valles Verdes, Nobles Caser\u00edos de piedra rosada y grandes balconadas, pueblos encantados con sus cuevas y brujas, Rutas de Valles Verdes, Nobles Caser\u00edos de piedra rosada y grandes balconadas,\" \/>\n<meta property=\"og:url\" content=\"https:\/\/visitnavarra.info\/visitnavarra\/otra-manera-conocer-pirineo-navarro\/\" \/>\n<meta property=\"og:site_name\" content=\"VisitNavarra\" \/>\n<meta property=\"article:modified_time\" content=\"2020-11-24T16:09:31+00:00\" \/>\n<meta name=\"twitter:card\" content=\"summary_large_image\" \/>\n<meta name=\"twitter:label1\" content=\"Tiempo de lectura\" \/>\n\t<meta name=\"twitter:data1\" content=\"1 minuto\" \/>\n<script type=\"application\/ld+json\" class=\"yoast-schema-graph\">{\"@context\":\"https:\/\/schema.org\",\"@graph\":[{\"@type\":\"WebPage\",\"@id\":\"https:\/\/visitnavarra.info\/visitnavarra\/otra-manera-conocer-pirineo-navarro\/\",\"url\":\"https:\/\/visitnavarra.info\/visitnavarra\/otra-manera-conocer-pirineo-navarro\/\",\"name\":\"OTRA MANERA DE CONOCER EL PIRINEO NAVARRO - VisitNavarra\",\"isPartOf\":{\"@id\":\"https:\/\/visitnavarra.info\/visitnavarra\/#website\"},\"datePublished\":\"2019-05-13T14:25:22+00:00\",\"dateModified\":\"2020-11-24T16:09:31+00:00\",\"description\":\"Otra manera de conocer el pirineos Navarro, Rutas de Valles Verdes, Nobles Caser\u00edos de piedra rosada y grandes balconadas, pueblos encantados con sus cuevas y brujas, Rutas de Valles Verdes, Nobles Caser\u00edos de piedra rosada y grandes balconadas,\",\"breadcrumb\":{\"@id\":\"https:\/\/visitnavarra.info\/visitnavarra\/otra-manera-conocer-pirineo-navarro\/#breadcrumb\"},\"inLanguage\":\"es\",\"potentialAction\":[{\"@type\":\"ReadAction\",\"target\":[\"https:\/\/visitnavarra.info\/visitnavarra\/otra-manera-conocer-pirineo-navarro\/\"]}]},{\"@type\":\"BreadcrumbList\",\"@id\":\"https:\/\/visitnavarra.info\/visitnavarra\/otra-manera-conocer-pirineo-navarro\/#breadcrumb\",\"itemListElement\":[{\"@type\":\"ListItem\",\"position\":1,\"name\":\"Portada\",\"item\":\"https:\/\/visitnavarra.info\/visitnavarra\/\"},{\"@type\":\"ListItem\",\"position\":2,\"name\":\"OTRA MANERA DE CONOCER EL PIRINEO NAVARRO\"}]},{\"@type\":\"WebSite\",\"@id\":\"https:\/\/visitnavarra.info\/visitnavarra\/#website\",\"url\":\"https:\/\/visitnavarra.info\/visitnavarra\/\",\"name\":\"VisitNavarra\",\"description\":\"Alojamiento y experiencias tur\u00edsticas en Navarra; qu\u00e9 visitar en Navarra; comer en Navarra\",\"potentialAction\":[{\"@type\":\"SearchAction\",\"target\":{\"@type\":\"EntryPoint\",\"urlTemplate\":\"https:\/\/visitnavarra.info\/visitnavarra\/?s={search_term_string}\"},\"query-input\":{\"@type\":\"PropertyValueSpecification\",\"valueRequired\":true,\"valueName\":\"search_term_string\"}}],\"inLanguage\":\"es\"}]}<\/script>\n<!-- \/ Yoast SEO plugin. -->","yoast_head_json":{"title":"OTRA MANERA DE CONOCER EL PIRINEO NAVARRO - VisitNavarra","description":"Otra manera de conocer el pirineos Navarro, Rutas de Valles Verdes, Nobles Caser\u00edos de piedra rosada y grandes balconadas, pueblos encantados con sus cuevas y brujas, Rutas de Valles Verdes, Nobles Caser\u00edos de piedra rosada y grandes balconadas,","robots":{"index":"index","follow":"follow","max-snippet":"max-snippet:-1","max-image-preview":"max-image-preview:large","max-video-preview":"max-video-preview:-1"},"canonical":"https:\/\/visitnavarra.info\/visitnavarra\/otra-manera-conocer-pirineo-navarro\/","og_locale":"es_ES","og_type":"article","og_title":"OTRA MANERA DE CONOCER EL PIRINEO NAVARRO - VisitNavarra","og_description":"Otra manera de conocer el pirineos Navarro, Rutas de Valles Verdes, Nobles Caser\u00edos de piedra rosada y grandes balconadas, pueblos encantados con sus cuevas y brujas, Rutas de Valles Verdes, Nobles Caser\u00edos de piedra rosada y grandes balconadas,","og_url":"https:\/\/visitnavarra.info\/visitnavarra\/otra-manera-conocer-pirineo-navarro\/","og_site_name":"VisitNavarra","article_modified_time":"2020-11-24T16:09:31+00:00","twitter_card":"summary_large_image","twitter_misc":{"Tiempo de lectura":"1 minuto"},"schema":{"@context":"https:\/\/schema.org","@graph":[{"@type":"WebPage","@id":"https:\/\/visitnavarra.info\/visitnavarra\/otra-manera-conocer-pirineo-navarro\/","url":"https:\/\/visitnavarra.info\/visitnavarra\/otra-manera-conocer-pirineo-navarro\/","name":"OTRA MANERA DE CONOCER EL PIRINEO NAVARRO - VisitNavarra","isPartOf":{"@id":"https:\/\/visitnavarra.info\/visitnavarra\/#website"},"datePublished":"2019-05-13T14:25:22+00:00","dateModified":"2020-11-24T16:09:31+00:00","description":"Otra manera de conocer el pirineos Navarro, Rutas de Valles Verdes, Nobles Caser\u00edos de piedra rosada y grandes balconadas, pueblos encantados con sus cuevas y brujas, Rutas de Valles Verdes, Nobles Caser\u00edos de piedra rosada y grandes balconadas,","breadcrumb":{"@id":"https:\/\/visitnavarra.info\/visitnavarra\/otra-manera-conocer-pirineo-navarro\/#breadcrumb"},"inLanguage":"es","potentialAction":[{"@type":"ReadAction","target":["https:\/\/visitnavarra.info\/visitnavarra\/otra-manera-conocer-pirineo-navarro\/"]}]},{"@type":"BreadcrumbList","@id":"https:\/\/visitnavarra.info\/visitnavarra\/otra-manera-conocer-pirineo-navarro\/#breadcrumb","itemListElement":[{"@type":"ListItem","position":1,"name":"Portada","item":"https:\/\/visitnavarra.info\/visitnavarra\/"},{"@type":"ListItem","position":2,"name":"OTRA MANERA DE CONOCER EL PIRINEO NAVARRO"}]},{"@type":"WebSite","@id":"https:\/\/visitnavarra.info\/visitnavarra\/#website","url":"https:\/\/visitnavarra.info\/visitnavarra\/","name":"VisitNavarra","description":"Alojamiento y experiencias tur\u00edsticas en Navarra; qu\u00e9 visitar en Navarra; comer en Navarra","potentialAction":[{"@type":"SearchAction","target":{"@type":"EntryPoint","urlTemplate":"https:\/\/visitnavarra.info\/visitnavarra\/?s={search_term_string}"},"query-input":{"@type":"PropertyValueSpecification","valueRequired":true,"valueName":"search_term_string"}}],"inLanguage":"es"}]}},"_links":{"self":[{"href":"https:\/\/visitnavarra.info\/visitnavarra\/wp-json\/wp\/v2\/pages\/3483","targetHints":{"allow":["GET"]}}],"collection":[{"href":"https:\/\/visitnavarra.info\/visitnavarra\/wp-json\/wp\/v2\/pages"}],"about":[{"href":"https:\/\/visitnavarra.info\/visitnavarra\/wp-json\/wp\/v2\/types\/page"}],"author":[{"embeddable":true,"href":"https:\/\/visitnavarra.info\/visitnavarra\/wp-json\/wp\/v2\/users\/1"}],"replies":[{"embeddable":true,"href":"https:\/\/visitnavarra.info\/visitnavarra\/wp-json\/wp\/v2\/comments?post=3483"}],"version-history":[{"count":5,"href":"https:\/\/visitnavarra.info\/visitnavarra\/wp-json\/wp\/v2\/pages\/3483\/revisions"}],"predecessor-version":[{"id":6023,"href":"https:\/\/visitnavarra.info\/visitnavarra\/wp-json\/wp\/v2\/pages\/3483\/revisions\/6023"}],"wp:attachment":[{"href":"https:\/\/visitnavarra.info\/visitnavarra\/wp-json\/wp\/v2\/media?parent=3483"}],"curies":[{"name":"wp","href":"https:\/\/api.w.org\/{rel}","templated":true}]}}