{"id":3514,"date":"2019-05-13T15:34:30","date_gmt":"2019-05-13T15:34:30","guid":{"rendered":"https:\/\/visitnavarra.info\/visitnavarra\/?page_id=3514"},"modified":"2020-03-16T11:21:57","modified_gmt":"2020-03-16T11:21:57","slug":"pamplona-historia-fiesta-gastronomia","status":"publish","type":"page","link":"https:\/\/visitnavarra.info\/visitnavarra\/pamplona-historia-fiesta-gastronomia\/","title":{"rendered":"PAMPLONA: HISTORIA, FIESTA Y GASTRONOM\u00cdA, TODO EL A\u00d1O"},"content":{"rendered":"<p>[vc_row][vc_column width=&#8221;1\/1&#8243;][vc_column_text]<strong>1\u00ba DIA:<\/strong> recogida en el Hotel + Almuerzo en Restaurante casco Hist\u00f3rico (Men\u00fa Degustaci\u00f3n) + Visita completa de Pamplona (recorrido del Encierro +Plaza de Toros) + Alojamiento en Hotel 4 **** (Casco Hist\u00f3rico )<\/p>\n<p><strong>2\u00ba DIA:<\/strong> encuentro con nuestro personal para Visita Pamplona Hist\u00f3rica + Museo y Catedral.<br \/>\nComida en la ruta de Pintxos en 3 bares del Casco Viejo. Incluye: Alojamiento Hotel 4****<br \/>\nCasco Hist\u00f3rico 1 noche Ad + Almuerzo en restaurante sin bebidas. + visitas de Pamplona con gu\u00eda y entradas seg\u00fan itinerario + Almuerzo Ruta del Pintxo.<\/p>\n<p><strong>PRECIO POR PERSONA: 245\u20ac<\/strong><\/p>\n<p>&nbsp;<\/p>\n<p><strong>Nota<\/strong>: En franc\u00e9s para grupos cerrados. A nivel individual bajo peticion.<\/p>\n<p>&nbsp;<\/p>\n<p>[\/vc_column_text][\/vc_column][\/vc_row][vc_row][vc_column width=&#8221;1\/2&#8243;]<div class=\"single_image wpb_content_element align-right    \" data-animation=\"none\" data-delay=\"0\"><img loading=\"lazy\" decoding=\"async\" width=\"313\" height=\"200\" src=\"https:\/\/visitnavarra.info\/visitnavarra\/wp-content\/uploads\/2019\/05\/viajes_navarsol_logo-2.jpg\" class=\"attachment-full\" alt=\"\" srcset=\"https:\/\/visitnavarra.info\/visitnavarra\/wp-content\/uploads\/2019\/05\/viajes_navarsol_logo-2.jpg 313w, https:\/\/visitnavarra.info\/visitnavarra\/wp-content\/uploads\/2019\/05\/viajes_navarsol_logo-2-300x192.jpg 300w\" sizes=\"auto, (max-width: 313px) 100vw, 313px\" \/><\/div>[\/vc_column][vc_column width=&#8221;1\/2&#8243;][vc_column_text]<strong>CONTACTO \/ RESERVAS<\/strong><br \/>\nEntidad \/ empresa: NAVARSOL AGENCIA DE VIAJES<br \/>\nDirecci\u00f3n: Avda Sancho El Fuerte, 8 &#8211; 31007 Pamplona<br \/>\nTel\u00e9fono: (+34) 948 198 758 | Fax: (+34) 948 171 735<br \/>\nMail: <a href=\"mailto:juanchi@navarsol.com\">juanchi@navarsol.com<\/a><br \/>\nWeb: <a href=\"http:\/\/www.navarsol.com\">www.navarsol.com<\/a>[\/vc_column_text][\/vc_column][\/vc_row]<\/p>\n","protected":false},"excerpt":{"rendered":"<p>[vc_row][vc_column width=&#8221;1\/1&#8243;][vc_column_text]1\u00ba DIA: recogida en el Hotel + Almuerzo en Restaurante casco Hist\u00f3rico (Men\u00fa Degustaci\u00f3n) + Visita completa de Pamplona (recorrido del Encierro +Plaza de Toros) + Alojamiento en Hotel 4 **** (Casco Hist\u00f3rico ) 2\u00ba DIA: encuentro con nuestro personal para Visita Pamplona Hist\u00f3rica + Museo y Catedral. Comida en la ruta de Pintxos en 3 bares del Casco Viejo. Incluye: Alojamiento Hotel 4**** Casco Hist\u00f3rico 1 noche Ad + Almuerzo en restaurante sin bebidas. + visitas de Pamplona con gu\u00eda y entradas seg\u00fan itinerario + Almuerzo Ruta del Pintxo. PRECIO POR PERSONA: 245\u20ac &nbsp; Nota: En franc\u00e9s para grupos cerrados. A nivel individual bajo peticion. &nbsp; [\/vc_column_text][\/vc_column][\/vc_row][vc_row][vc_column width=&#8221;1\/2&#8243;][\/vc_column][vc_column width=&#8221;1\/2&#8243;][vc_column_text]CONTACTO \/ RESERVAS Entidad \/ empresa: NAVARSOL AGENCIA DE VIAJES Direcci\u00f3n: Avda Sancho El Fuerte, 8 &#8211; 31007 Pamplona Tel\u00e9fono: (+34) 948 198 758 | Fax: (+34) 948 171 735 Mail: juanchi@navarsol.com Web: www.navarsol.com[\/vc_column_text][\/vc_column][\/vc_row]<\/p>\n","protected":false},"author":1,"featured_media":0,"parent":0,"menu_order":0,"comment_status":"closed","ping_status":"closed","template":"","meta":{"footnotes":""},"class_list":["post-3514","page","type-page","status-publish","hentry"],"yoast_head":"<!-- This site is optimized with the Yoast SEO plugin v23.5 - https:\/\/yoast.com\/wordpress\/plugins\/seo\/ -->\n<title>PAMPLONA: HISTORIA, FIESTA Y GASTRONOM\u00cdA, TODO EL A\u00d1O - VisitNavarra<\/title>\n<meta name=\"description\" content=\"Pamplona, historia, fiesta y gastronom\u00eda durante todo el a\u00f1o.\" \/>\n<meta name=\"robots\" content=\"index, follow, max-snippet:-1, max-image-preview:large, max-video-preview:-1\" \/>\n<link rel=\"canonical\" href=\"https:\/\/visitnavarra.info\/visitnavarra\/pamplona-historia-fiesta-gastronomia\/\" \/>\n<meta property=\"og:locale\" content=\"es_ES\" \/>\n<meta property=\"og:type\" content=\"article\" \/>\n<meta property=\"og:title\" content=\"PAMPLONA: HISTORIA, FIESTA Y GASTRONOM\u00cdA, TODO EL A\u00d1O - VisitNavarra\" \/>\n<meta property=\"og:description\" content=\"Pamplona, historia, fiesta y gastronom\u00eda durante todo el a\u00f1o.\" \/>\n<meta property=\"og:url\" content=\"https:\/\/visitnavarra.info\/visitnavarra\/pamplona-historia-fiesta-gastronomia\/\" \/>\n<meta property=\"og:site_name\" content=\"VisitNavarra\" \/>\n<meta property=\"article:modified_time\" content=\"2020-03-16T11:21:57+00:00\" \/>\n<meta name=\"twitter:card\" content=\"summary_large_image\" \/>\n<meta name=\"twitter:label1\" content=\"Tiempo de lectura\" \/>\n\t<meta name=\"twitter:data1\" content=\"1 minuto\" \/>\n<script type=\"application\/ld+json\" class=\"yoast-schema-graph\">{\"@context\":\"https:\/\/schema.org\",\"@graph\":[{\"@type\":\"WebPage\",\"@id\":\"https:\/\/visitnavarra.info\/visitnavarra\/pamplona-historia-fiesta-gastronomia\/\",\"url\":\"https:\/\/visitnavarra.info\/visitnavarra\/pamplona-historia-fiesta-gastronomia\/\",\"name\":\"PAMPLONA: HISTORIA, FIESTA Y GASTRONOM\u00cdA, TODO EL A\u00d1O - VisitNavarra\",\"isPartOf\":{\"@id\":\"https:\/\/visitnavarra.info\/visitnavarra\/#website\"},\"datePublished\":\"2019-05-13T15:34:30+00:00\",\"dateModified\":\"2020-03-16T11:21:57+00:00\",\"description\":\"Pamplona, historia, fiesta y gastronom\u00eda durante todo el a\u00f1o.\",\"breadcrumb\":{\"@id\":\"https:\/\/visitnavarra.info\/visitnavarra\/pamplona-historia-fiesta-gastronomia\/#breadcrumb\"},\"inLanguage\":\"es\",\"potentialAction\":[{\"@type\":\"ReadAction\",\"target\":[\"https:\/\/visitnavarra.info\/visitnavarra\/pamplona-historia-fiesta-gastronomia\/\"]}]},{\"@type\":\"BreadcrumbList\",\"@id\":\"https:\/\/visitnavarra.info\/visitnavarra\/pamplona-historia-fiesta-gastronomia\/#breadcrumb\",\"itemListElement\":[{\"@type\":\"ListItem\",\"position\":1,\"name\":\"Portada\",\"item\":\"https:\/\/visitnavarra.info\/visitnavarra\/\"},{\"@type\":\"ListItem\",\"position\":2,\"name\":\"PAMPLONA: HISTORIA, FIESTA Y GASTRONOM\u00cdA, TODO EL A\u00d1O\"}]},{\"@type\":\"WebSite\",\"@id\":\"https:\/\/visitnavarra.info\/visitnavarra\/#website\",\"url\":\"https:\/\/visitnavarra.info\/visitnavarra\/\",\"name\":\"VisitNavarra\",\"description\":\"Alojamiento y experiencias tur\u00edsticas en Navarra; qu\u00e9 visitar en Navarra; comer en Navarra\",\"potentialAction\":[{\"@type\":\"SearchAction\",\"target\":{\"@type\":\"EntryPoint\",\"urlTemplate\":\"https:\/\/visitnavarra.info\/visitnavarra\/?s={search_term_string}\"},\"query-input\":{\"@type\":\"PropertyValueSpecification\",\"valueRequired\":true,\"valueName\":\"search_term_string\"}}],\"inLanguage\":\"es\"}]}<\/script>\n<!-- \/ Yoast SEO plugin. -->","yoast_head_json":{"title":"PAMPLONA: HISTORIA, FIESTA Y GASTRONOM\u00cdA, TODO EL A\u00d1O - VisitNavarra","description":"Pamplona, historia, fiesta y gastronom\u00eda durante todo el a\u00f1o.","robots":{"index":"index","follow":"follow","max-snippet":"max-snippet:-1","max-image-preview":"max-image-preview:large","max-video-preview":"max-video-preview:-1"},"canonical":"https:\/\/visitnavarra.info\/visitnavarra\/pamplona-historia-fiesta-gastronomia\/","og_locale":"es_ES","og_type":"article","og_title":"PAMPLONA: HISTORIA, FIESTA Y GASTRONOM\u00cdA, TODO EL A\u00d1O - VisitNavarra","og_description":"Pamplona, historia, fiesta y gastronom\u00eda durante todo el a\u00f1o.","og_url":"https:\/\/visitnavarra.info\/visitnavarra\/pamplona-historia-fiesta-gastronomia\/","og_site_name":"VisitNavarra","article_modified_time":"2020-03-16T11:21:57+00:00","twitter_card":"summary_large_image","twitter_misc":{"Tiempo de lectura":"1 minuto"},"schema":{"@context":"https:\/\/schema.org","@graph":[{"@type":"WebPage","@id":"https:\/\/visitnavarra.info\/visitnavarra\/pamplona-historia-fiesta-gastronomia\/","url":"https:\/\/visitnavarra.info\/visitnavarra\/pamplona-historia-fiesta-gastronomia\/","name":"PAMPLONA: HISTORIA, FIESTA Y GASTRONOM\u00cdA, TODO EL A\u00d1O - VisitNavarra","isPartOf":{"@id":"https:\/\/visitnavarra.info\/visitnavarra\/#website"},"datePublished":"2019-05-13T15:34:30+00:00","dateModified":"2020-03-16T11:21:57+00:00","description":"Pamplona, historia, fiesta y gastronom\u00eda durante todo el a\u00f1o.","breadcrumb":{"@id":"https:\/\/visitnavarra.info\/visitnavarra\/pamplona-historia-fiesta-gastronomia\/#breadcrumb"},"inLanguage":"es","potentialAction":[{"@type":"ReadAction","target":["https:\/\/visitnavarra.info\/visitnavarra\/pamplona-historia-fiesta-gastronomia\/"]}]},{"@type":"BreadcrumbList","@id":"https:\/\/visitnavarra.info\/visitnavarra\/pamplona-historia-fiesta-gastronomia\/#breadcrumb","itemListElement":[{"@type":"ListItem","position":1,"name":"Portada","item":"https:\/\/visitnavarra.info\/visitnavarra\/"},{"@type":"ListItem","position":2,"name":"PAMPLONA: HISTORIA, FIESTA Y GASTRONOM\u00cdA, TODO EL A\u00d1O"}]},{"@type":"WebSite","@id":"https:\/\/visitnavarra.info\/visitnavarra\/#website","url":"https:\/\/visitnavarra.info\/visitnavarra\/","name":"VisitNavarra","description":"Alojamiento y experiencias tur\u00edsticas en Navarra; qu\u00e9 visitar en Navarra; comer en Navarra","potentialAction":[{"@type":"SearchAction","target":{"@type":"EntryPoint","urlTemplate":"https:\/\/visitnavarra.info\/visitnavarra\/?s={search_term_string}"},"query-input":{"@type":"PropertyValueSpecification","valueRequired":true,"valueName":"search_term_string"}}],"inLanguage":"es"}]}},"_links":{"self":[{"href":"https:\/\/visitnavarra.info\/visitnavarra\/wp-json\/wp\/v2\/pages\/3514","targetHints":{"allow":["GET"]}}],"collection":[{"href":"https:\/\/visitnavarra.info\/visitnavarra\/wp-json\/wp\/v2\/pages"}],"about":[{"href":"https:\/\/visitnavarra.info\/visitnavarra\/wp-json\/wp\/v2\/types\/page"}],"author":[{"embeddable":true,"href":"https:\/\/visitnavarra.info\/visitnavarra\/wp-json\/wp\/v2\/users\/1"}],"replies":[{"embeddable":true,"href":"https:\/\/visitnavarra.info\/visitnavarra\/wp-json\/wp\/v2\/comments?post=3514"}],"version-history":[{"count":6,"href":"https:\/\/visitnavarra.info\/visitnavarra\/wp-json\/wp\/v2\/pages\/3514\/revisions"}],"predecessor-version":[{"id":6029,"href":"https:\/\/visitnavarra.info\/visitnavarra\/wp-json\/wp\/v2\/pages\/3514\/revisions\/6029"}],"wp:attachment":[{"href":"https:\/\/visitnavarra.info\/visitnavarra\/wp-json\/wp\/v2\/media?parent=3514"}],"curies":[{"name":"wp","href":"https:\/\/api.w.org\/{rel}","templated":true}]}}